{"id":59827,"date":"2025-10-09T02:26:46","date_gmt":"2025-10-08T18:26:46","guid":{"rendered":"https:\/\/mister.forex\/?page_id=59827"},"modified":"2025-12-03T03:34:44","modified_gmt":"2025-12-02T19:34:44","slug":"the-forex-trading-execution-bible","status":"publish","type":"page","link":"https:\/\/mister.forex\/ro\/the-forex-trading-execution-bible\/","title":{"rendered":"Biblia execu\u021biei tranzac\u021bion\u0103rii Forex: un SOP practic de la \u201ea \u0219ti\u201d la \u201ea face\u201d"},"content":{"rendered":"<div data-elementor-type=\"wp-page\" data-elementor-id=\"59827\" class=\"elementor elementor-59827\" data-elementor-post-type=\"page\">\n\t\t\t\t<div class=\"elementor-element elementor-element-9a261e9 e-flex e-con-boxed e-con e-parent\" data-id=\"9a261e9\" data-element_type=\"container\">\n\t\t\t\t\t<div class=\"e-con-inner\">\n\t\t\t\t<div class=\"elementor-element elementor-element-0f38502 elementor-icon-list--layout-inline elementor-list-item-link-inline elementor-widget elementor-widget-icon-list\" data-id=\"0f38502\" data-element_type=\"widget\" data-widget_type=\"icon-list.default\">\n\t\t\t\t\t\t\t<ul class=\"elementor-icon-list-items elementor-inline-items\">\n\t\t\t\t\t\t\t<li class=\"elementor-icon-list-item elementor-inline-item\">\n\t\t\t\t\t\t\t\t\t\t\t<a href=\"https:\/\/mister.forex\/ro\/ebook-hub\/\">\n\n\t\t\t\t\t\t\t\t\t\t\t\t<span class=\"elementor-icon-list-icon\">\n\t\t\t\t\t\t\t<svg aria-hidden=\"true\" class=\"e-font-icon-svg e-fas-reply\" viewbox=\"0 0 512 512\" xmlns=\"http:\/\/www.w3.org\/2000\/svg\"><path d=\"M8.309 189.836L184.313 37.851C199.719 24.546 224 35.347 224 56.015v80.053c160.629 1.839 288 34.032 288 186.258 0 61.441-39.581 122.309-83.333 154.132-13.653 9.931-33.111-2.533-28.077-18.631 45.344-145.012-21.507-183.51-176.59-185.742V360c0 20.7-24.3 31.453-39.687 18.164l-176.004-152c-11.071-9.562-11.086-26.753 0-36.328z\"><\/path><\/svg>\t\t\t\t\t\t<\/span>\n\t\t\t\t\t\t\t\t\t\t<span class=\"elementor-icon-list-text\">\u00cenapoi<\/span>\n\t\t\t\t\t\t\t\t\t\t\t<\/a>\n\t\t\t\t\t\t\t\t\t<\/li>\n\t\t\t\t\t\t<\/ul>\n\t\t\t\t\t\t<\/div>\n\t\t\t\t\t<\/div>\n\t\t\t\t<\/div>\n\t\t<div class=\"elementor-element elementor-element-05e34f2 e-flex e-con-boxed e-con e-parent\" data-id=\"05e34f2\" data-element_type=\"container\" data-settings=\"{&quot;background_background&quot;:&quot;classic&quot;}\">\n\t\t\t\t\t<div class=\"e-con-inner\">\n\t\t<div class=\"elementor-element elementor-element-928477a e-con-full e-flex e-con e-child\" data-id=\"928477a\" data-element_type=\"container\" data-settings=\"{&quot;background_background&quot;:&quot;classic&quot;}\">\n\t\t\t\t<div class=\"elementor-element elementor-element-2d61e89 elementor-widget elementor-widget-image\" data-id=\"2d61e89\" data-element_type=\"widget\" data-settings=\"{&quot;_animation&quot;:&quot;none&quot;}\" data-widget_type=\"image.default\">\n\t\t\t\t\t\t\t\t\t\t\t\t\t\t\t<img fetchpriority=\"high\" decoding=\"async\" width=\"188\" height=\"300\" src=\"https:\/\/mister.forex\/wp-content\/uploads\/2025\/10\/Book-4-Mockup-EN.webp\" class=\"attachment-thumbnail size-thumbnail wp-image-59802\" alt=\"Biblia Execu\u021biei Tranzac\u021biilor Forex\" srcset=\"https:\/\/mister.forex\/wp-content\/uploads\/2025\/10\/Book-4-Mockup-EN.webp 1410w, https:\/\/mister.forex\/wp-content\/uploads\/2025\/10\/Book-4-Mockup-EN-313x500.webp 313w, https:\/\/mister.forex\/wp-content\/uploads\/2025\/10\/Book-4-Mockup-EN-752x1200.webp 752w, https:\/\/mister.forex\/wp-content\/uploads\/2025\/10\/Book-4-Mockup-EN-188x300.webp 188w, https:\/\/mister.forex\/wp-content\/uploads\/2025\/10\/Book-4-Mockup-EN-768x1226.webp 768w, https:\/\/mister.forex\/wp-content\/uploads\/2025\/10\/Book-4-Mockup-EN-963x1536.webp 963w, https:\/\/mister.forex\/wp-content\/uploads\/2025\/10\/Book-4-Mockup-EN-1283x2048.webp 1283w, https:\/\/mister.forex\/wp-content\/uploads\/2025\/10\/Book-4-Mockup-EN-8x12.webp 8w\" sizes=\"(max-width: 188px) 100vw, 188px\" \/>\t\t\t\t\t\t\t\t\t\t\t\t\t\t\t<\/div>\n\t\t\t\t<div class=\"elementor-element elementor-element-a1569ba elementor-widget elementor-widget-html\" data-id=\"a1569ba\" data-element_type=\"widget\" data-widget_type=\"html.default\">\n\t\t\t\t\t<script src=\"https:\/\/gumroad.com\/js\/gumroad.js\"><\/script>\n<a class=\"gumroad-button\" href=\"https:\/\/mrforex.gumroad.com\/l\/cobxuz\" rel=\"noopener\">Cump\u0103r\u0103 acum<\/a>\t\t\t\t<\/div>\n\t\t\t\t<div class=\"elementor-element elementor-element-41d361c elementor-widget elementor-widget-heading\" data-id=\"41d361c\" data-element_type=\"widget\" data-widget_type=\"heading.default\">\n\t\t\t\t\t<span class=\"elementor-heading-title elementor-size-default\">Limbi acceptate<\/span>\t\t\t\t<\/div>\n\t\t<div class=\"elementor-element elementor-element-6a6dad0 e-con-full e-flex e-con e-child\" data-id=\"6a6dad0\" data-element_type=\"container\">\n\t\t\t\t<div class=\"elementor-element elementor-element-44ffc6c elementor-align-center elementor-widget elementor-widget-button\" data-id=\"44ffc6c\" data-element_type=\"widget\" data-widget_type=\"button.default\">\n\t\t\t\t\t\t\t\t\t\t<a class=\"elementor-button elementor-size-sm\" role=\"button\">\n\t\t\t\t\t\t<span class=\"elementor-button-content-wrapper\">\n\t\t\t\t\t\t\t\t\t<span class=\"elementor-button-text\">\u7b80\u4f53\u4e2d\u6587<\/span>\n\t\t\t\t\t<\/span>\n\t\t\t\t\t<\/a>\n\t\t\t\t\t\t\t\t<\/div>\n\t\t\t\t<div class=\"elementor-element elementor-element-5fce700 elementor-align-center elementor-widget elementor-widget-button\" data-id=\"5fce700\" data-element_type=\"widget\" data-widget_type=\"button.default\">\n\t\t\t\t\t\t\t\t\t\t<a class=\"elementor-button elementor-size-sm\" role=\"button\">\n\t\t\t\t\t\t<span class=\"elementor-button-content-wrapper\">\n\t\t\t\t\t\t\t\t\t<span class=\"elementor-button-text\">\u7e41\u9ad4\u4e2d\u6587<\/span>\n\t\t\t\t\t<\/span>\n\t\t\t\t\t<\/a>\n\t\t\t\t\t\t\t\t<\/div>\n\t\t\t\t<div class=\"elementor-element elementor-element-7d063fa elementor-align-center elementor-widget elementor-widget-button\" data-id=\"7d063fa\" data-element_type=\"widget\" data-widget_type=\"button.default\">\n\t\t\t\t\t\t\t\t\t\t<a class=\"elementor-button elementor-size-sm\" role=\"button\">\n\t\t\t\t\t\t<span class=\"elementor-button-content-wrapper\">\n\t\t\t\t\t\t\t\t\t<span class=\"elementor-button-text\">English<\/span>\n\t\t\t\t\t<\/span>\n\t\t\t\t\t<\/a>\n\t\t\t\t\t\t\t\t<\/div>\n\t\t\t\t<\/div>\n\t\t\t\t<\/div>\n\t\t<div class=\"elementor-element elementor-element-9f32aa3 e-con-full e-flex e-con e-child\" data-id=\"9f32aa3\" data-element_type=\"container\" data-settings=\"{&quot;background_background&quot;:&quot;classic&quot;}\">\n\t\t<div class=\"elementor-element elementor-element-14ce0ce e-con-full e-flex e-con e-child\" data-id=\"14ce0ce\" data-element_type=\"container\">\n\t\t\t\t<div class=\"elementor-element elementor-element-b3a35b3 elementor-widget elementor-widget-heading\" data-id=\"b3a35b3\" data-element_type=\"widget\" data-widget_type=\"heading.default\">\n\t\t\t\t\t<h2 class=\"elementor-heading-title elementor-size-default\">Biblia Execu\u021biei Tranzac\u021biilor Forex<\/h2>\t\t\t\t<\/div>\n\t\t\t\t<div class=\"elementor-element elementor-element-073be8c elementor-widget elementor-widget-heading\" data-id=\"073be8c\" data-element_type=\"widget\" data-widget_type=\"heading.default\">\n\t\t\t\t\t<h3 class=\"elementor-heading-title elementor-size-default\">Spune adio ciclului pierderilor teoretice! Acesta este un sistem complet de execu\u021bie a tranzac\u021biilor Forex care te ajut\u0103 s\u0103 \u201e\u0219tii\u201d \u0219i s\u0103 \u201efaci\u201d.<\/h3>\t\t\t\t<\/div>\n\t\t\t\t<div class=\"elementor-element elementor-element-d18e613 elementor-widget-divider--view-line elementor-widget elementor-widget-divider\" data-id=\"d18e613\" data-element_type=\"widget\" data-widget_type=\"divider.default\">\n\t\t\t\t\t\t\t<div class=\"elementor-divider\">\n\t\t\t<span class=\"elementor-divider-separator\">\n\t\t\t\t\t\t<\/span>\n\t\t<\/div>\n\t\t\t\t\t\t<\/div>\n\t\t\t\t<\/div>\n\t\t\t\t<div class=\"elementor-element elementor-element-7ac01e9 elementor-widget elementor-widget-html translation-block\" data-id=\"7ac01e9\" data-element_type=\"widget\" data-widget_type=\"html.default\"><span>\n<h2><strong>Ultimul Pas de la \u201eA \u0218ti\u201d la \u201eA Face\u201d<\/strong><\/h2>\nDac\u0103 citi\u021bi acest text, probabil c\u0103 \u0219ti\u021bi deja multe despre tranzac\u021bionare. \u00cen\u021belege\u021bi structura pie\u021bei, a\u021bi studiat nenum\u0103ra\u021bi indicatori tehnici \u0219i pute\u021bi chiar vorbi elocvent despre sui\u0219urile \u0219i cobor\u00e2\u0219urile pie\u021bei.<br>\nCu toate acestea, o \u00eentrebare ascu\u021bit\u0103 persist\u0103, b\u00e2ntuindu-v\u0103 \u00een timpul fiec\u0103rei analize de la miezul nop\u021bii: \u201eDe ce, dup\u0103 ce \u0219tiu at\u00e2t de multe, \u00eenc\u0103 nu pot ob\u021bine o profitabilitate constant\u0103?\u201d\n<br><br>\nR\u0103spunsul poate fi mai simplu \u0219i mai greu de acceptat dec\u00e2t crede\u021bi: pentru c\u0103 \u00een jocul brutal cu sum\u0103 zero al tranzac\u021bion\u0103rii valutare, c\u00e2\u0219tigul nu este niciodat\u0103 determinat de c\u00e2t de mult \u201e\u0219ti\u021bi\u201d, ci de c\u00e2t de mult pute\u021bi \u201eface\u201d \u00een mod constant.\n<br><br>\nAceast\u0103 carte este ultimul dumneavoastr\u0103 pas de la \u201ea \u0219ti\u201d la \u201ea face\u201d. Nu v\u0103 vom oferi \u00eenc\u0103 o sut\u0103 de indicatori fantezi\u0219ti sau un \u201eSf\u00e2nt Graal\u201d mitic. \u00cen schimb, vom oferi ceva mult mai valoros: o \u201eProcedur\u0103 Standard de Operare\u201d (SOP) complet\u0103 \u0219i replicabil\u0103 pentru execu\u021bie.\n<br><br>\nAceasta nu este o alt\u0103 carte de teorie; este un manual practic pentru \u201eac\u021biune\u201d. Ve\u021bi \u00eenv\u0103\u021ba s\u0103:\n<br>\n<ul>\n  <li><strong>St\u0103p\u00e2ni\u021bi Preg\u0103tirea Profesional\u0103 Pre-Pia\u021b\u0103:<\/strong> \u00cenv\u0103\u021ba\u021bi un ritual de lupt\u0103 zilnic care eradic\u0103 ghicitul \u0219i v\u0103 asigur\u0103 c\u0103 intra\u021bi pe pia\u021b\u0103 \u00een fiecare zi cu un plan clar \u0219i ac\u021bionabil.<\/li>\n  <li><strong>Executa\u021bi Tranzac\u021bii A+ cu Precizie:<\/strong> St\u0103p\u00e2ni\u021bi dou\u0103 planuri tactice de baz\u0103, cu probabilitate mare, at\u00e2t pentru scenariile de \u201eContinuare a Tendin\u021bei\u201d, c\u00e2t \u0219i pentru cele de \u201eInversare a Tendin\u021bei\u201d.<\/li>\n  <li><strong>Maximiza\u021bi Profiturile \u0219i Minimiza\u021bi Riscurile:<\/strong> \u00cenv\u0103\u021ba\u021bi managementul pozi\u021biilor, piramidarea \u00een tranzac\u021biile c\u00e2\u0219tig\u0103toare \u0219i utilizarea stopurilor mobile bazate pe structura pie\u021bei pentru a v\u0103 asigura c\u00e2\u0219tigurile.<\/li>\n  <li><strong>Conduce\u021bi-v\u0103 Tranzac\u021bionarea ca pe o Afacere:<\/strong> Explora\u021bi strategii precise pentru a trece provoc\u0103rile firmelor de prop trading, pentru a gestiona conturi finan\u021bate \u0219i pentru a valorifica capitalul extern pentru a v\u0103 extinde venitul.<\/li>\n<\/ul>\n<br>\nAceast\u0103 carte v\u0103 va transforma dintr-un amator influen\u021bat de emo\u021biile pie\u021bei \u0219i de decizii haotice \u00eentr-un trader profesionist cu un proces clar \u0219i o disciplin\u0103 de fier. Opri\u021bi ciclul nesf\u00e2r\u0219it de \u00eenv\u0103\u021bare \u0219i pierderi. Este timpul s\u0103 v\u0103 construi\u021bi adev\u0103rata afacere de tranzac\u021bionare.\n<\/span><\/div>\n\t\t\t\t<\/div>\n\t\t\t\t\t<\/div>\n\t\t\t\t<\/div>\n\t\t\t\t<\/div>","protected":false},"excerpt":{"rendered":"<p>\u00cenc\u0103 te lup\u021bi cu \u00eenv\u0103\u021barea \u0219i pierderile nesf\u00e2r\u0219ite? Acest sistem de execu\u021bie a tranzac\u021bion\u0103rii valutare este ultima mil\u0103 construit\u0103 pentru tine. Nu vorbim despre teorie, ci oferim doar un SOP replicabil, strategii cu rat\u0103 mare de c\u00e2\u0219tig \u0219i abilit\u0103\u021bi de gestionare a banilor pentru a te transforma \u00eentr-un comerciant profesionist disciplinat \u0219i a ob\u021bine profituri continue.<\/p>","protected":false},"author":1,"featured_media":59805,"parent":0,"menu_order":0,"comment_status":"closed","ping_status":"closed","template":"","meta":{"footnotes":""},"tags":[128],"class_list":["post-59827","page","type-page","status-publish","has-post-thumbnail","hentry","tag-no-google"],"_links":{"self":[{"href":"https:\/\/mister.forex\/ro\/wp-json\/wp\/v2\/pages\/59827","targetHints":{"allow":["GET"]}}],"collection":[{"href":"https:\/\/mister.forex\/ro\/wp-json\/wp\/v2\/pages"}],"about":[{"href":"https:\/\/mister.forex\/ro\/wp-json\/wp\/v2\/types\/page"}],"author":[{"embeddable":true,"href":"https:\/\/mister.forex\/ro\/wp-json\/wp\/v2\/users\/1"}],"replies":[{"embeddable":true,"href":"https:\/\/mister.forex\/ro\/wp-json\/wp\/v2\/comments?post=59827"}],"version-history":[{"count":0,"href":"https:\/\/mister.forex\/ro\/wp-json\/wp\/v2\/pages\/59827\/revisions"}],"wp:featuredmedia":[{"embeddable":true,"href":"https:\/\/mister.forex\/ro\/wp-json\/wp\/v2\/media\/59805"}],"wp:attachment":[{"href":"https:\/\/mister.forex\/ro\/wp-json\/wp\/v2\/media?parent=59827"}],"wp:term":[{"taxonomy":"post_tag","embeddable":true,"href":"https:\/\/mister.forex\/ro\/wp-json\/wp\/v2\/tags?post=59827"}],"curies":[{"name":"wp","href":"https:\/\/api.w.org\/{rel}","templated":true}]}}