{"id":61945,"date":"2025-12-04T19:14:13","date_gmt":"2025-12-04T11:14:13","guid":{"rendered":"https:\/\/mister.forex\/?page_id=61945"},"modified":"2026-04-20T17:04:35","modified_gmt":"2026-04-20T09:04:35","slug":"trust-standards","status":"publish","type":"page","link":"https:\/\/mister.forex\/ro\/trust-standards\/","title":{"rendered":"\u00cencredere \u0219i Standarde: Metodologie de evaluare, reguli editoriale \u0219i transparen\u021b\u0103 | Mr.Forex"},"content":{"rendered":"<div data-elementor-type=\"wp-page\" data-elementor-id=\"61945\" class=\"elementor elementor-61945\" data-elementor-post-type=\"page\">\n\t\t\t\t<div class=\"elementor-element elementor-element-1b09601 e-flex e-con-boxed e-con e-parent\" data-id=\"1b09601\" data-element_type=\"container\" data-settings=\"{&quot;background_background&quot;:&quot;classic&quot;}\">\n\t\t\t\t\t<div class=\"e-con-inner\">\n\t\t<div class=\"elementor-element elementor-element-613ccf5 e-flex e-con-boxed e-con e-child\" data-id=\"613ccf5\" data-element_type=\"container\">\n\t\t\t\t\t<div class=\"e-con-inner\">\n\t\t\t\t<div class=\"elementor-element elementor-element-81faed3 elementor-widget elementor-widget-heading\" data-id=\"81faed3\" data-element_type=\"widget\" data-widget_type=\"heading.default\">\n\t\t\t\t\t<h1 class=\"elementor-heading-title elementor-size-default\">\u00cencredere \u0219i Standarde<\/h1>\t\t\t\t<\/div>\n\t\t\t\t\t<\/div>\n\t\t\t\t<\/div>\n\t\t\t\t<div class=\"elementor-element elementor-element-7907151 elementor-widget__width-inherit elementor-absolute elementor-widget elementor-widget-image\" data-id=\"7907151\" data-element_type=\"widget\" data-settings=\"{&quot;_position&quot;:&quot;absolute&quot;}\" data-widget_type=\"image.default\">\n\t\t\t\t\t\t\t\t\t\t\t\t\t\t\t<img fetchpriority=\"high\" decoding=\"async\" width=\"500\" height=\"281\" src=\"https:\/\/mister.forex\/wp-content\/uploads\/2024\/02\/services-2-500x281.webp\" class=\"attachment-medium size-medium wp-image-4104\" alt=\"\" srcset=\"https:\/\/mister.forex\/wp-content\/uploads\/2024\/02\/services-2-500x281.webp 500w, https:\/\/mister.forex\/wp-content\/uploads\/2024\/02\/services-2-600x337.webp 600w, https:\/\/mister.forex\/wp-content\/uploads\/2024\/02\/services-2-1200x675.webp 1200w, https:\/\/mister.forex\/wp-content\/uploads\/2024\/02\/services-2-300x169.webp 300w, https:\/\/mister.forex\/wp-content\/uploads\/2024\/02\/services-2-768x432.webp 768w, https:\/\/mister.forex\/wp-content\/uploads\/2024\/02\/services-2.webp 1366w\" sizes=\"(max-width: 500px) 100vw, 500px\" \/>\t\t\t\t\t\t\t\t\t\t\t\t\t\t\t<\/div>\n\t\t\t\t\t<\/div>\n\t\t\t\t<\/div>\n\t\t<div class=\"elementor-element elementor-element-ac84467 e-flex e-con-boxed e-con e-parent\" data-id=\"ac84467\" data-element_type=\"container\">\n\t\t\t\t\t<div class=\"e-con-inner\">\n\t\t\t\t<div class=\"elementor-element elementor-element-562ecf4 elementor-widget elementor-widget-spacer\" data-id=\"562ecf4\" data-element_type=\"widget\" data-widget_type=\"spacer.default\">\n\t\t\t\t\t\t\t<div class=\"elementor-spacer\">\n\t\t\t<div class=\"elementor-spacer-inner\"><\/div>\n\t\t<\/div>\n\t\t\t\t\t\t<\/div>\n\t\t\t\t<div class=\"elementor-element elementor-element-c5656c6 elementor-widget elementor-widget-html translation-block\" data-id=\"c5656c6\" data-element_type=\"widget\" data-widget_type=\"html.default\"><span>\nLa Mr.Forex, credem cu t\u0103rie c\u0103 \u00een lumea tranzac\u021biilor financiare, adev\u0103rul este cel mai valoros activ.<br>\n<br>\nCon\u021binutul nostru provine din execu\u021bia real\u0103 a pie\u021bei, testarea riguroas\u0103 a datelor \u0219i investi\u021bia propriilor fonduri. Am integrat \u201eMetodologia de evaluare\u201d, \u201eGhidul editorial\u201d \u0219i \u201eDezv\u0103luirea publicit\u0103\u021bii\u201d pe aceast\u0103 pagin\u0103 pentru a v\u0103 oferi transparen\u021b\u0103 total\u0103.<br>\n<br>\n<h2><strong>1. Metodologia de evaluare<\/strong><\/h2>\nNu ne baz\u0103m pe bro\u0219uri de marketing. Folosim standarde de nivel institu\u021bional pentru a testa brokerii \u0219i software-ul. Av\u00e2nd experien\u021b\u0103 \u00een trading propriu, evalu\u0103m mediul de tranzac\u021bionare din perspective profesionale pe care traderii de retail le ignor\u0103 adesea.<br>\n<br>\n<strong>Cum test\u0103m brokerii \u0219i infrastructura:<\/strong>\n<ul>\n    <li><strong>Execu\u021bie Real\u0103:<\/strong> Depunem fonduri proprii \u00een conturi reale pentru a verifica condi\u021biile efective de tranzac\u021bionare.<\/li>\n    <li><strong>Monitorizarea laten\u021bei:<\/strong> Folosim servere VPS \u00een hub-uri financiare (precum Equinix NY4 \u0219i LD4) pentru a monitoriza stabilitatea \u0219i ping-ul 24\/7.<\/li>\n    <li><strong>Slippage \u0219i spread-uri:<\/strong> \u00cenregistr\u0103m costurile \u00een timpul evenimentelor cu volatilitate ridicat\u0103 (NFP, FOMC) pentru a detecta adaosuri ascunse sau slippage mali\u021bios.<\/li>\n    <li><strong>Auditul retragerilor:<\/strong> Test\u0103m anonim procesul de retragere pentru a verifica viteza, taxele ascunse \u0219i u\u0219urin\u021ba accesului la fonduri.<\/li>\n<\/ul>\n<br>\n<strong>Cum test\u0103m strategiile (EA) \u0219i semnalele:<\/strong>\n<ul>\n    <li><strong>Precizia datelor:<\/strong> Toate strategiile algoritmice sunt testate folosind date Tick de \u00eenalt\u0103 precizie pentru a simula mediul real de spread.<\/li>\n    <li><strong>Verificarea robuste\u021bii:<\/strong> Efectu\u0103m simul\u0103ri Monte Carlo \u0219i analiz\u0103 Walk-forward pentru a ne asigura c\u0103 strategiile nu sunt supra-optimizate pe date istorice.<\/li>\n<\/ul>\n<br>\n<h2><strong>2. Ghidul editorial \u0219i independen\u021ba<\/strong><\/h2>\nScopul nostru este de a oferi informa\u021bii impar\u021biale. Pentru a men\u021bine integritatea con\u021binutului, respect\u0103m cu stricte\u021be aceste reguli:<br>\n<ul>\n    <li><strong>Independen\u021b\u0103 strict\u0103:<\/strong> Echipa editorial\u0103 func\u021bioneaz\u0103 independent de echipa de business. Niciun broker nu poate pl\u0103ti pentru a influen\u021ba ratingurile sau clasamentele.<\/li>\n    <li><strong>Verificare bazat\u0103 pe date:<\/strong> Fiecare afirma\u021bie este verificat\u0103 prin bazele de date de reglementare (cum ar fi FCA, ASIC) \u0219i datele interne de testare.<\/li>\n    <li><strong>Mecanism de corec\u021bie:<\/strong> Ne angaj\u0103m s\u0103 oferim acurate\u021be. Dac\u0103 descoperim o eroare, o corect\u0103m imediat \u0219i men\u021bion\u0103m data actualiz\u0103rii.<\/li>\n    <li><strong>Ton obiectiv:<\/strong> Evit\u0103m exager\u0103rile. Prezent\u0103m riscurile la fel de clar ca poten\u021bialele c\u00e2\u0219tiguri.<\/li>\n<\/ul>\n<br>\n<h2><strong>3. Dezv\u0103luirea publicit\u0103\u021bii \u0219i a afilierii<\/strong><\/h2>\nTransparen\u021ba se extinde \u0219i asupra modelului nostru de afaceri. Operarea unui laborator de cercetare cantitativ\u0103 implic\u0103 costuri mari. Pentru a oferi con\u021binut gratuit, Mr.Forex folose\u0219te un model de afiliere.<br>\n<ul>\n    <li><strong>Cum func\u021bioneaz\u0103:<\/strong> Unele link-uri de pe site sunt link-uri de recomandare. Putem primi un comision dac\u0103 face\u021bi clic \u0219i cump\u0103ra\u021bi un serviciu.<\/li>\n    <li><strong>F\u0103r\u0103 costuri suplimentare pentru dvs.:<\/strong> Acest lucru nu v\u0103 cost\u0103 nimic \u00een plus. Adesea, puterea noastr\u0103 de negociere ne permite s\u0103 ob\u021binem tarife sau reduceri mai bune pentru cititori.<\/li>\n    <li><strong>Integritatea pe primul loc:<\/strong> Parteneriatele nu influen\u021beaz\u0103 niciodat\u0103 evalu\u0103rile noastre. Dac\u0103 un partener ofer\u0103 servicii slabe, vom raporta acest lucru. \u00cencrederea utilizatorului este mai important\u0103 dec\u00e2t comisioanele pe termen scurt.<\/li>\n<\/ul>\n<\/span><\/div>\n\t\t\t\t<div class=\"elementor-element elementor-element-97e0b25 elementor-widget elementor-widget-spacer\" data-id=\"97e0b25\" data-element_type=\"widget\" data-widget_type=\"spacer.default\">\n\t\t\t\t\t\t\t<div class=\"elementor-spacer\">\n\t\t\t<div class=\"elementor-spacer-inner\"><\/div>\n\t\t<\/div>\n\t\t\t\t\t\t<\/div>\n\t\t\t\t\t<\/div>\n\t\t\t\t<\/div>\n\t\t<div class=\"elementor-element elementor-element-d617afe e-flex e-con-boxed e-con e-parent\" data-id=\"d617afe\" data-element_type=\"container\">\n\t\t\t\t\t<div class=\"e-con-inner\">\n\t\t\t\t<div class=\"elementor-element elementor-element-3e2da3e elementor-widget elementor-widget-html\" data-id=\"3e2da3e\" data-element_type=\"widget\" data-widget_type=\"html.default\">\n\t\t\t\t\t<script type=\"application\/ld+json\">{\n    \"@context\": \"https:\\\/\\\/schema.org\",\n    \"@graph\": [\n        {\n            \"@type\": \"WebPage\",\n            \"@id\": \"https:\\\/\\\/mister.forex\\\/trust-standards\\\/#webpage\",\n            \"url\": \"https:\\\/\\\/mister.forex\\\/trust-standards\\\/\",\n            \"name\": \"\\u4fe1\\u4efb\\u548c\\u6a19\\u6e96\\uff1a\\u8a55\\u6e2c\\u65b9\\u6cd5\\u3001\\u7de8\\u8f2f\\u6e96\\u5247\\u8207\\u900f\\u660e\\u5ea6\\u62ab\\u9732 | Mr.Forex\",\n            \"description\": \"\\u4e86\\u89e3 Mr.Forex \\u5982\\u4f55\\u5efa\\u7acb\\u4fe1\\u4efb\\u3002\\u6211\\u5011\\u516c\\u958b\\u8a55\\u6e2c\\u65b9\\u6cd5\\uff0c\\u900f\\u904e\\u81ea\\u6709\\u8cc7\\u91d1\\u5be6\\u76e4\\u6e2c\\u8a66\\u7d93\\u7d00\\u5546\\u3001\\u56b4\\u683c\\u6578\\u64da\\u56de\\u6e2c\\u7b56\\u7565\\uff0c\\u4e26\\u5805\\u6301\\u7de8\\u8f2f\\u7368\\u7acb\\u6027\\u3002\\u67e5\\u770b\\u6211\\u5011\\u7684\\u5ee3\\u544a\\u63ed\\u9732\\u8207\\u904b\\u4f5c\\u6a19\\u6e96\\uff0c\\u78ba\\u4fdd\\u60a8\\u7372\\u53d6\\u6700\\u516c\\u6b63\\u7684\\u4ea4\\u6613\\u60c5\\u5831\\u3002\",\n            \"isPartOf\": {\n                \"@id\": \"https:\\\/\\\/mister.forex\\\/#website\"\n            },\n            \"about\": {\n                \"@id\": \"https:\\\/\\\/mister.forex\\\/#organization\"\n            },\n            \"inLanguage\": \"zh-TW\"\n        },\n        {\n            \"@type\": \"WebSite\",\n            \"@id\": \"https:\\\/\\\/mister.forex\\\/#website\",\n            \"url\": \"https:\\\/\\\/mister.forex\\\/\",\n            \"name\": \"Mr.Forex\",\n            \"alternateName\": \"Mister Forex\",\n            \"publisher\": {\n                \"@id\": \"https:\\\/\\\/mister.forex\\\/#organization\"\n            },\n            \"inLanguage\": \"zh-TW\"\n        },\n        {\n            \"@type\": [\n                \"FinancialService\",\n                \"Organization\"\n            ],\n            \"@id\": \"https:\\\/\\\/mister.forex\\\/#organization\",\n            \"name\": \"Mr.Forex\",\n            \"legalName\": \"Shine Wealth Co., Ltd.\",\n            \"publishingPrinciples\": \"https:\\\/\\\/mister.forex\\\/trust-standards\\\/\",\n            \"url\": \"https:\\\/\\\/mister.forex\\\/\",\n            \"email\": \"support@mister.forex\",\n            \"telephone\": \"+886 2 8751 5503\",\n            \"sameAs\": [\n                \"https:\\\/\\\/www.linkedin.com\\\/company\\\/mister-forex\\\/\",\n                \"https:\\\/\\\/www.instagram.com\\\/mr.forex888\\\/\",\n                \"https:\\\/\\\/www.instagram.com\\\/mr.forex777\\\/\",\n                \"https:\\\/\\\/www.trustpilot.com\\\/review\\\/mister.forex\\\/\",\n                \"https:\\\/\\\/www.fazzaco.com\\\/companydetail\\\/mrforex-mister-forex\\\/\",\n                \"https:\\\/\\\/www.myfxbook.com\\\/members\\\/misterforex888\\\/\",\n                \"https:\\\/\\\/www.myfxbook.com\\\/reviews\\\/rebate-programs\\\/mrforex\\\/3302728,1\\\/\",\n                \"https:\\\/\\\/www.myfxbook.com\\\/reviews\\\/signal-providers\\\/mrforex\\\/3310068,1\\\/\",\n                \"https:\\\/\\\/ib.fx110.com\\\/ib\\\/3387\\\/\",\n                \"https:\\\/\\\/www.google.com\\\/viewer\\\/place?mid=\\\/g\\\/11z603zvrd\"\n            ],\n            \"logo\": {\n                \"@type\": \"ImageObject\",\n                \"url\": \"https:\\\/\\\/mister.forex\\\/wp-content\\\/uploads\\\/2026\\\/03\\\/mrforex-512x512-white.png\"\n            },\n            \"address\": {\n                \"@type\": \"PostalAddress\",\n                \"streetAddress\": \"2 F., No. 12, Zhouzi St., Neihu Dist.,\",\n                \"addressLocality\": \"Taipei City\",\n                \"addressRegion\": \"Taiwan (R.O.C.)\",\n                \"postalCode\": \"114064\",\n                \"addressCountry\": \"TW\"\n            },\n            \"parentOrganization\": {\n                \"@id\": \"https:\\\/\\\/mister.forex\\\/#parentOrganization\"\n            },\n            \"founder\": [\n                {\n                    \"@id\": \"https:\\\/\\\/mister.forex\\\/#founder-joe\"\n                },\n                {\n                    \"@id\": \"https:\\\/\\\/mister.forex\\\/#founder-john\"\n                }\n            ],\n            \"aggregateRating\": {\n                \"@type\": \"AggregateRating\",\n                \"ratingValue\": \"4.91\",\n                \"reviewCount\": \"135\",\n                \"bestRating\": \"5\",\n                \"worstRating\": \"1\"\n            }\n        },\n        {\n            \"@type\": \"Organization\",\n            \"@id\": \"https:\\\/\\\/mister.forex\\\/#parentOrganization\",\n            \"name\": \"Shine Wealth Co., Ltd.\",\n            \"alternateName\": \"Shine Wealth Strategies\",\n            \"url\": \"https:\\\/\\\/shinewealth.co\\\/en\",\n            \"leiCode\": \"300300VWJ2VA9TKZUM85\",\n            \"taxID\": \"85127140\",\n            \"sameAs\": [\n                \"https:\\\/\\\/www.crunchbase.com\\\/organization\\\/shine-wealth-strategies\",\n                \"https:\\\/\\\/findbiz.nat.gov.tw\\\/fts\\\/query\\\/QueryBar\\\/queryInit.do?banNo=85127140\",\n                \"https:\\\/\\\/search.gleif.org\\\/#\\\/record\\\/300300VWJ2VA9TKZUM85\",\n                \"https:\\\/\\\/www.linkedin.com\\\/company\\\/shine-wealth-strategies\"\n            ],\n            \"subOrganization\": [\n                {\n                    \"@type\": \"Organization\",\n                    \"name\": \"DT Media Lab\",\n                    \"description\": \"A premier digital media lab under Shine Wealth Strategies, specializing in lifestyle and entertainment content with over 700 million cumulative views.\",\n                    \"award\": \"1.1M+ Total followers & subscription\",\n                    \"sameAs\": [\n                        \"https:\\\/\\\/www.youtube.com\\\/@DietTomorrowFood\",\n                        \"https:\\\/\\\/www.tiktok.com\\\/@dt.foodie\",\n                        \"https:\\\/\\\/www.instagram.com\\\/dt.foodie\\\/\"\n                    ]\n                }\n            ]\n        },\n        {\n            \"@type\": \"Person\",\n            \"@id\": \"https:\\\/\\\/mister.forex\\\/#founder-joe\",\n            \"name\": \"Ciao Hong Jheng\",\n            \"alternateName\": \"Joe\",\n            \"jobTitle\": \"Co-Founder\",\n            \"email\": \"joe@mister.forex\",\n            \"description\": \"Expert in quantitative strategy development with extensive professional experience in the IT sector.\",\n            \"sameAs\": [\n                \"https:\\\/\\\/www.crunchbase.com\\\/person\\\/ciao-hong-jheng\",\n                \"https:\\\/\\\/www.linkedin.com\\\/in\\\/ciao-hong-jheng-joe\\\/\",\n                \"https:\\\/\\\/www.myfxbook.com\\\/members\\\/sw85127140\",\n                \"https:\\\/\\\/www.followme.com\\\/c\\\/22699319\",\n                \"https:\\\/\\\/www.followme.com\\\/u\\\/869619\"\n            ]\n        },\n        {\n            \"@type\": \"Person\",\n            \"@id\": \"https:\\\/\\\/mister.forex\\\/#founder-john\",\n            \"name\": \"Yi Hsiu Tsai\",\n            \"alternateName\": \"John\",\n            \"jobTitle\": \"Co-Founder\",\n            \"email\": \"john@mister.forex\",\n            \"description\": \"Academic background in finance, responsible for the operational execution and strategic management of the brand.\",\n            \"sameAs\": [\n                \"https:\\\/\\\/www.crunchbase.com\\\/person\\\/yi-hsiu-tsai\",\n                \"https:\\\/\\\/www.linkedin.com\\\/in\\\/yi-hsiu-tsai-john\\\/\",\n                \"https:\\\/\\\/www.myfxbook.com\\\/members\\\/sagen520\"\n            ]\n        }\n    ]\n}<\/script>\t\t\t\t<\/div>\n\t\t\t\t\t<\/div>\n\t\t\t\t<\/div>\n\t\t\t\t<\/div>","protected":false},"excerpt":{"rendered":"<p>Afl\u0103 cum Mr.Forex construie\u0219te \u00eencredere. Ne dezv\u0103luim metodologia, test\u0103m brokerii cu fonduri proprii \u0219i men\u021binem independen\u021ba editorial\u0103. Consult\u0103 standardele noastre pentru informa\u021bii de tranzac\u021bionare impar\u021biale.<\/p>","protected":false},"author":1,"featured_media":4093,"parent":0,"menu_order":0,"comment_status":"closed","ping_status":"closed","template":"","meta":{"footnotes":""},"tags":[],"class_list":["post-61945","page","type-page","status-publish","has-post-thumbnail","hentry"],"_links":{"self":[{"href":"https:\/\/mister.forex\/ro\/wp-json\/wp\/v2\/pages\/61945","targetHints":{"allow":["GET"]}}],"collection":[{"href":"https:\/\/mister.forex\/ro\/wp-json\/wp\/v2\/pages"}],"about":[{"href":"https:\/\/mister.forex\/ro\/wp-json\/wp\/v2\/types\/page"}],"author":[{"embeddable":true,"href":"https:\/\/mister.forex\/ro\/wp-json\/wp\/v2\/users\/1"}],"replies":[{"embeddable":true,"href":"https:\/\/mister.forex\/ro\/wp-json\/wp\/v2\/comments?post=61945"}],"version-history":[{"count":30,"href":"https:\/\/mister.forex\/ro\/wp-json\/wp\/v2\/pages\/61945\/revisions"}],"predecessor-version":[{"id":70512,"href":"https:\/\/mister.forex\/ro\/wp-json\/wp\/v2\/pages\/61945\/revisions\/70512"}],"wp:featuredmedia":[{"embeddable":true,"href":"https:\/\/mister.forex\/ro\/wp-json\/wp\/v2\/media\/4093"}],"wp:attachment":[{"href":"https:\/\/mister.forex\/ro\/wp-json\/wp\/v2\/media?parent=61945"}],"wp:term":[{"taxonomy":"post_tag","embeddable":true,"href":"https:\/\/mister.forex\/ro\/wp-json\/wp\/v2\/tags?post=61945"}],"curies":[{"name":"wp","href":"https:\/\/api.w.org\/{rel}","templated":true}]}}