{"id":66180,"date":"2026-02-07T17:01:37","date_gmt":"2026-02-07T09:01:37","guid":{"rendered":"https:\/\/mister.forex\/?page_id=66180"},"modified":"2026-02-13T13:47:47","modified_gmt":"2026-02-13T05:47:47","slug":"why-we-dont-provide-telegram-signal-group","status":"publish","type":"page","link":"https:\/\/mister.forex\/ro\/why-we-dont-provide-telegram-signal-group\/","title":{"rendered":"De ce \u201erefuz\u0103m\u201d s\u0103 oferim grupuri de semnale de tranzac\u021bionare pe Telegram?"},"content":{"rendered":"<div data-elementor-type=\"wp-page\" data-elementor-id=\"66180\" class=\"elementor elementor-66180\" data-elementor-post-type=\"page\">\n\t\t\t\t<div class=\"elementor-element elementor-element-52353c0 e-flex e-con-boxed e-con e-parent\" data-id=\"52353c0\" data-element_type=\"container\">\n\t\t\t\t\t<div class=\"e-con-inner\">\n\t\t\t\t<div class=\"elementor-element elementor-element-51da818 elementor-widget elementor-widget-heading\" data-id=\"51da818\" data-element_type=\"widget\" data-widget_type=\"heading.default\">\n\t\t\t\t\t<h2 class=\"elementor-heading-title elementor-size-default\">De ce \u201erefuz\u0103m\u201d s\u0103 oferim grupuri de semnale de tranzac\u021bionare pe Telegram?<\/h2>\t\t\t\t<\/div>\n\t\t\t\t<div class=\"elementor-element elementor-element-f1019ac elementor-widget elementor-widget-html translation-block\" data-id=\"f1019ac\" data-element_type=\"widget\" data-widget_type=\"html.default\"><span>\nDac\u0103 ne \u00eentreba\u021bi: \u201ePute\u021bi crea un grup \u0219i trimite semnale pentru a le urma?\u201d R\u0103spunsul nostru este \u00eentotdeauna: <strong>\u201eNu. Deoarece suntem responsabili pentru fondurile clien\u021bilor no\u0219tri.\u201d<\/strong><br><br>\n\nPoate suna arogant, dar, de fapt, \u00een spate se ascunde un adev\u0103r tehnic de milioane de dolari \u2014 <strong>\u201eDecalajul de Execu\u021bie (Execution Gap).\u201d<\/strong> Chiar dac\u0103 semnalele sunt 100% precise, dumneavoastr\u0103, ca adept manual, ave\u021bi \u0219anse foarte mari s\u0103 pierde\u021bi bani. Iat\u0103 de ce:<br><br>\n\n<h3><strong>1. Un R\u0103zboi al Milisecundelor: Nu ve\u021bi putea niciodat\u0103 dep\u0103\u0219i fibra optic\u0103<\/strong><\/h3>\n\u00cen lumea Tranzac\u021bion\u0103rii Cantitative (Quantitative Trading), profiturile apar adesea \u00een c\u00e2teva secunde.<br><br>\n\n<strong>Sistemul Nostru:<\/strong> Desf\u0103\u0219urat \u00een centrele de date cele mai apropiate de serverele brokerului, laten\u021ba de la declan\u0219area semnalului p\u00e2n\u0103 la execu\u021bie este controlat\u0103 \u00een intervalul de <strong>50 milisecunde (0,05 secunde)<\/strong>.<br><br>\n\n<strong>Procesul Dumneavoastr\u0103 Manual:<\/strong><br><br>\n\n<ol>\n    <li>Sistemul trimite un semnal pe <strong>Telegram<\/strong> (\u00eent\u00e2rziere de 1-2 secunde).<\/li>\n    <br>\n    <li>Telefonul vibreaz\u0103, l\u0103sa\u021bi tot ce face\u021bi \u0219i scoate\u021bi telefonul (\u00eent\u00e2rziere de 3-5 secunde).<\/li>\n    <br>\n    <li>Debloca\u021bi telefonul, deschide\u021bi MT4\/MT5, introduce\u021bi simbolul, dimensiunea lotului \u0219i face\u021bi clic pe cump\u0103rare (\u00eent\u00e2rziere de 5-10 secunde).<\/li>\n<\/ol><br>\n\n<strong>Rezultat:<\/strong> P\u00e2n\u0103 c\u00e2nd sunte\u021bi gata s\u0103 intra\u021bi, pre\u021bul s-a mutat deja cu 3-5 Pips. Pentru o strategie de Scalping, ace\u0219ti 3 pips pot reprezenta \u00eentreaga marj\u0103 de profit. C\u00e2nd intra\u021bi dumneavoastr\u0103, este exact momentul \u00een care sistemul nostru se preg\u0103te\u0219te s\u0103 marcheze profitul \u0219i s\u0103 ias\u0103.<br><br>\n\n<h3><strong>2. Dezechilibrul Propor\u021bional: Dimensiunea Lotului (Lot Size) este uciga\u0219ul contului<\/strong><\/h3>\nCel mai mare risc al copierii manuale const\u0103 \u00een \u201ealeatoriul uman\u201d.<br><br>\n\n<ul>\n    <li><strong>Copiere Profesional\u0103 (MAM\/PAMM):<\/strong> Calculeaz\u0103 precis sincronizarea propor\u021bional\u0103 p\u00e2n\u0103 la 0,01 lot pe baza soldului contului dumneavoastr\u0103. Un cont de 1.000$ \u0219i un cont de 100.000$ au exact aceea\u0219i expunere la risc.<\/li>\n    <br>\n    <li><strong>Copiere Manual\u0103:<\/strong> Mul\u021bi oameni v\u0103d un semnal \u0219i tranzac\u021bioneaz\u0103 0,5 lot c\u00e2nd se simt bine, sau 0,01 lot c\u00e2nd sunt prost dispu\u0219i sau tocmai au pierdut bani.<\/li>\n<\/ul><br>\n\nAceast\u0103 alocare ne\u0219tiin\u021bific\u0103 duce la rezultatul dezastruos de \u201epozi\u021bii mici la c\u00e2\u0219tig, pozi\u021bii mari la pierdere\u201d. <strong>Tranzac\u021bionarea f\u0103r\u0103 un control propor\u021bional strict este, \u00een esen\u021b\u0103, doar joc de noroc.<\/strong><br><br>\n\n<h3><strong>3. Scalping la Nivel Institu\u021bional: Un ritm pe care nu \u00eel pute\u021bi urma<\/strong><\/h3>\nSistemul nostru include multe logici de \u00eenalt\u0103 frecven\u021b\u0103 \u0219i momentum. Unele ordine se pot \u00eenchide automat \u00een mai pu\u021bin de 1 minut de la intrare deoarece au atins o \u021bint\u0103 predeterminat\u0103.<br><br>\n\nDac\u0103 copia\u021bi manual, p\u00e2n\u0103 c\u00e2nd tocmai a\u021bi intrat, sistemul nostru s-ar putea s\u0103 fi \u00eenchis deja pozi\u021bia. Ve\u021bi constata c\u0103 istoricul dumneavoastr\u0103 MT4 este plin de pierderi, \u00een timp ce \u00eenregistr\u0103rile noastre <strong>Myfxbook<\/strong> sunt toate pe profit. Acest lucru nu se datoreaz\u0103 faptului c\u0103 semnalul a fost gre\u0219it, ci pentru c\u0103 instrumentele dumneavoastr\u0103 tehnice sunt \u00eenvechite.<br><br>\n\n<h3><strong>4. Eroziunea Disciplinei: Natura uman\u0103 este inamicul tranzac\u021bion\u0103rii<\/strong><\/h3>\nEzita\u021bi c\u00e2nd este emis un semnal?<br><br>\n\u201eEste pre\u021bul prea mare acum?\u201d \u201eAr trebui s\u0103 mai a\u0219tept pu\u021bin?\u201d \u201eAm pierdut o tranzac\u021bie asear\u0103, ar trebui s\u0103 o urmez pe aceasta?\u201d<br><br>\n\nAcele c\u00e2teva secunde de ezitare distrug complet modelul matematic al unei strategii cantitative. <strong>Sistemele automatizate nu au emo\u021bii, ci doar disciplin\u0103.<\/strong> Pentru a ne asigura c\u0103 to\u021bi investitorii pot ob\u021bine profituri \u00een concordan\u021b\u0103 cu mediul nostru de dezvoltare, am ales s\u0103 elimin\u0103m elementul \u201emanual\u201d, care este plin de variabile.<br><br>\n\n<h3><strong>Sfat de la Traderi Profesioni\u0219ti:<\/strong><\/h3>\nDac\u0103 un mentor v\u0103 spune c\u0103 v\u0103 pute\u021bi \u00eembog\u0103\u021bi urm\u0103rindu-i manual semnalele pe <strong>Telegram<\/strong>, el este fie un amator care nu \u00een\u021belege tehnologia, fie un escroc c\u0103ruia pur \u0219i simplu nu \u00eei pas\u0103 de supravie\u021buirea dumneavoastr\u0103.<br><br>\n\n<h3><strong>Solu\u021bia Noastr\u0103: Sistem de Copy Trading Sincronizat<\/strong><\/h3>\nPentru a elimina complet laten\u021ba, erorile propor\u021bionale \u0219i interferen\u021ba emo\u021bional\u0103, oferim doar servicii de <strong>Copy Trading (MAM\/PAMM)<\/strong> bazate pe tehnologia de baz\u0103 a brokerului:<br><br>\n\n<ul>\n    <li><strong>Laten\u021b\u0103 Sc\u0103zut\u0103:<\/strong> C\u00e2nd sistemul execut\u0103, executa\u021bi instantaneu.<\/li>\n    <br>\n    <li><strong>Propor\u021bie Precis\u0103:<\/strong> Calculeaz\u0103 automat dimensiunile loturilor; riscul este complet controlabil.<\/li>\n    <br>\n    <li><strong>F\u0103r\u0103 M\u00e2ini:<\/strong> Nu trebuie s\u0103 v\u0103 supraveghea\u021bi telefonul 24\/7; tehnologia lucreaz\u0103 pentru dumneavoastr\u0103.<\/li>\n<\/ul>\n<br>\n\n<table style=\"border-radius: 2px;border-collapse: separate;border-spacing: 0;overflow: hidden;text-align: center\">\n  <thead style=\"background-color: #15264D;color: #ffffff\">\n    <tr>\n      <th>Element de Compara\u021bie<\/th>\n      <th>Tranzac\u021bionare Manual\u0103<\/th>\n      <th>Copy Trading (Auto)<\/th>\n    <\/tr>\n  <\/thead>\n  <tbody>\n    <tr>\n      <td><strong>Viteza de Execu\u021bie<\/strong><\/td>\n      <td>Laten\u021b\u0103 Ridicat\u0103 (10-20s)<\/td>\n      <td>Laten\u021b\u0103 Ultra-Sc\u0103zut\u0103 (ms)<\/td>\n    <\/tr>\n    <tr>\n      <td><strong>Gestionarea Pozi\u021biilor<\/strong><\/td>\n      <td>Aleatorie \/ Dup\u0103 Sentiment<\/td>\n      <td>Sincronizare Propor\u021bional\u0103 Precis\u0103<\/td>\n    <\/tr>\n    <tr>\n      <td><strong>Mecanism de Decizie<\/strong><\/td>\n      <td>Interferen\u021b\u0103 Emo\u021bional\u0103 \/ Ezitare<\/td>\n      <td>Execu\u021bie Disciplinat\u0103 Rece<\/td>\n    <\/tr>\n    <tr>\n      <td><strong>Nevoia de Monitorizare<\/strong><\/td>\n      <td>Necesit\u0103 monitorizare manual\u0103<\/td>\n      <td><strong>Execu\u021bie Auto 24h<\/strong><\/td>\n    <\/tr>\n  <\/tbody>\n<\/table>\n<br>\n\n<strong>\u201eDeoarece copierea manual\u0103 nu este fezabil\u0103, nu m\u0103 pot abona pur \u0219i simplu la semnale automate pe MQL5 sau SignalStart?\u201d<\/strong>\n\nSun\u0103 ca o alegere mai avansat\u0103, dar, \u00een realitate, s-ar putea s\u0103 fie doar s\u0103ritul din lac \u00een pu\u021b. Pe acele platforme ter\u021be care se promoveaz\u0103 ca fiind \u201eautomate\u201d, se ascunde un alt dezastru tehnic capabil s\u0103 provoace moartea cronic\u0103 a unui cont.\n<\/span><\/div>\n\t\t\t\t<div class=\"elementor-element elementor-element-02629ec elementor-icon-list--layout-inline elementor-list-item-link-inline elementor-widget elementor-widget-icon-list\" data-id=\"02629ec\" data-element_type=\"widget\" data-widget_type=\"icon-list.default\">\n\t\t\t\t\t\t\t<ul class=\"elementor-icon-list-items elementor-inline-items\">\n\t\t\t\t\t\t\t<li class=\"elementor-icon-list-item elementor-inline-item\">\n\t\t\t\t\t\t\t\t\t\t\t<a href=\"https:\/\/mister.forex\/ro\/why-we-refuse-mql5-signalstart\/\">\n\n\t\t\t\t\t\t\t\t\t\t\t\t<span class=\"elementor-icon-list-icon\">\n\t\t\t\t\t\t\t<svg aria-hidden=\"true\" class=\"e-font-icon-svg e-fas-arrow-alt-circle-right\" viewbox=\"0 0 512 512\" xmlns=\"http:\/\/www.w3.org\/2000\/svg\"><path d=\"M256 8c137 0 248 111 248 248S393 504 256 504 8 393 8 256 119 8 256 8zM140 300h116v70.9c0 10.7 13 16.1 20.5 8.5l114.3-114.9c4.7-4.7 4.7-12.2 0-16.9l-114.3-115c-7.6-7.6-20.5-2.2-20.5 8.5V212H140c-6.6 0-12 5.4-12 12v64c0 6.6 5.4 12 12 12z\"><\/path><\/svg>\t\t\t\t\t\t<\/span>\n\t\t\t\t\t\t\t\t\t\t<span class=\"elementor-icon-list-text\">De ce refuz\u0103m s\u0103 fim lista\u021bi pe MQL5 sau SignalStart?<\/span>\n\t\t\t\t\t\t\t\t\t\t\t<\/a>\n\t\t\t\t\t\t\t\t\t<\/li>\n\t\t\t\t\t\t<\/ul>\n\t\t\t\t\t\t<\/div>\n\t\t\t\t\t<\/div>\n\t\t\t\t<\/div>\n\t\t\t\t<\/div>","protected":false},"excerpt":{"rendered":"<p>De ce traderii profesioni\u0219ti resping semnalele Telegram? Acest articol ofer\u0103 o analiz\u0103 profund\u0103 a \u201edecalajului de execu\u021bie\u201d: dezv\u0103luind linia fin\u0103 dintre profit \u0219i pierdere \u00eentre un sistem automatizat de 50 ms \u0219i un ordin manual de 15 s. Afla\u021bi cum copierea manual\u0103 duce la pierderi din cauza laten\u021bei, a dimensiunilor de lot necontrolate \u0219i a interferen\u021belor emo\u021bionale \u2014 chiar \u0219i atunci c\u00e2nd semnalele sunt precise. Descoperi\u021bi de ce sistemele MAM\/PAMM de nivel institu\u021bional sunt singura solu\u021bie pentru a asigura laten\u021b\u0103 sc\u0103zut\u0103 \u0219i profituri precise. Nu l\u0103sa\u021bi instrumentele \u00eenvechite s\u0103 v\u0103 distrug\u0103 capitalul de investi\u021bii!<\/p>","protected":false},"author":1,"featured_media":66327,"parent":0,"menu_order":0,"comment_status":"closed","ping_status":"closed","template":"","meta":{"footnotes":""},"tags":[128],"class_list":["post-66180","page","type-page","status-publish","has-post-thumbnail","hentry","tag-no-google"],"rankMath":{"parentDomain":"mister.forex","noFollowDomains":[],"noFollowExcludeDomains":[],"noFollowExternalLinks":false,"featuredImageNotice":"The featured image should be at least 200 by 200 pixels to be picked up by Facebook and other social media sites.","pluginReviewed":false,"postSettings":{"linkSuggestions":true,"useFocusKeyword":false},"frontEndScore":false,"postName":"why-we-dont-provide-telegram-signal-group","permalinkFormat":"https:\/\/mister.forex\/ro\/%pagename%\/","showLockModifiedDate":true,"assessor":{"focusKeywordLink":"https:\/\/mister.forex\/wp-admin\/edit.php?focus_keyword=%focus_keyword%&post_type=%post_type%","hasTOCPlugin":true,"primaryTaxonomy":false,"serpData":{"title":"","description":"","focusKeywords":"Telegram \u4ea4\u6613\u8a0a\u865f","pillarContent":false,"canonicalUrl":"","breadcrumbTitle":"","advancedRobots":{"max-snippet":"-1","max-video-preview":false,"max-image-preview":"large"},"facebookTitle":"","facebookDescription":"","facebookImage":"","facebookImageID":"","facebookHasOverlay":false,"facebookImageOverlay":"","facebookAuthor":"","twitterCardType":"","twitterUseFacebook":true,"twitterTitle":"","twitterDescription":"","twitterImage":"","twitterImageID":"","twitterHasOverlay":false,"twitterImageOverlay":"","twitterPlayerUrl":"","twitterPlayerSize":"","twitterPlayerStream":"","twitterPlayerStreamCtype":"","twitterAppDescription":"","twitterAppIphoneName":"","twitterAppIphoneID":"","twitterAppIphoneUrl":"","twitterAppIpadName":"","twitterAppIpadID":"","twitterAppIpadUrl":"","twitterAppGoogleplayName":"","twitterAppGoogleplayID":"","twitterAppGoogleplayUrl":"","twitterAppCountry":"","robots":{"index":true},"twitterAuthor":"username","primaryTerm":0,"authorName":"Mr.Forex","titleTemplate":"%title%","descriptionTemplate":"%excerpt%","showScoreFrontend":true,"lockModifiedDate":false},"powerWords":[],"diacritics":{"A":"[\\u0041\\u24B6\\uFF21\\u00C0\\u00C1\\u00C2\\u1EA6\\u1EA4\\u1EAA\\u1EA8\\u00C3\\u0100\\u0102\\u1EB0\\u1EAE\\u1EB4\\u1EB2\\u0226\\u01E0\\u00C4\\u01DE\\u1EA2\\u00C5\\u01FA\\u01CD\\u0200\\u0202\\u1EA0\\u1EAC\\u1EB6\\u1E00\\u0104\\u023A\\u2C6F]","AA":"[\\uA732]","AE":"[\\u00C6\\u01FC\\u01E2]","AO":"[\\uA734]","AU":"[\\uA736]","AV":"[\\uA738\\uA73A]","AY":"[\\uA73C]","B":"[\\u0042\\u24B7\\uFF22\\u1E02\\u1E04\\u1E06\\u0243\\u0182\\u0181]","C":"[\\u0043\\u24B8\\uFF23\\u0106\\u0108\\u010A\\u010C\\u00C7\\u1E08\\u0187\\u023B\\uA73E]","D":"[\\u0044\\u24B9\\uFF24\\u1E0A\\u010E\\u1E0C\\u1E10\\u1E12\\u1E0E\\u0110\\u018B\\u018A\\u0189\\uA779]","DZ":"[\\u01F1\\u01C4]","Dz":"[\\u01F2\\u01C5]","E":"[\\u0045\\u24BA\\uFF25\\u00C8\\u00C9\\u00CA\\u1EC0\\u1EBE\\u1EC4\\u1EC2\\u1EBC\\u0112\\u1E14\\u1E16\\u0114\\u0116\\u00CB\\u1EBA\\u011A\\u0204\\u0206\\u1EB8\\u1EC6\\u0228\\u1E1C\\u0118\\u1E18\\u1E1A\\u0190\\u018E]","F":"[\\u0046\\u24BB\\uFF26\\u1E1E\\u0191\\uA77B]","G":"[\\u0047\\u24BC\\uFF27\\u01F4\\u011C\\u1E20\\u011E\\u0120\\u01E6\\u0122\\u01E4\\u0193\\uA7A0\\uA77D\\uA77E]","H":"[\\u0048\\u24BD\\uFF28\\u0124\\u1E22\\u1E26\\u021E\\u1E24\\u1E28\\u1E2A\\u0126\\u2C67\\u2C75\\uA78D]","I":"[\\u0049\\u24BE\\uFF29\\u00CC\\u00CD\\u00CE\\u0128\\u012A\\u012C\\u0130\\u00CF\\u1E2E\\u1EC8\\u01CF\\u0208\\u020A\\u1ECA\\u012E\\u1E2C\\u0197]","J":"[\\u004A\\u24BF\\uFF2A\\u0134\\u0248]","K":"[\\u004B\\u24C0\\uFF2B\\u1E30\\u01E8\\u1E32\\u0136\\u1E34\\u0198\\u2C69\\uA740\\uA742\\uA744\\uA7A2]","L":"[\\u004C\\u24C1\\uFF2C\\u013F\\u0139\\u013D\\u1E36\\u1E38\\u013B\\u1E3C\\u1E3A\\u0141\\u023D\\u2C62\\u2C60\\uA748\\uA746\\uA780]","LJ":"[\\u01C7]","Lj":"[\\u01C8]","M":"[\\u004D\\u24C2\\uFF2D\\u1E3E\\u1E40\\u1E42\\u2C6E\\u019C]","N":"[\\u004E\\u24C3\\uFF2E\\u01F8\\u0143\\u00D1\\u1E44\\u0147\\u1E46\\u0145\\u1E4A\\u1E48\\u0220\\u019D\\uA790\\uA7A4]","NJ":"[\\u01CA]","Nj":"[\\u01CB]","O":"[\\u004F\\u24C4\\uFF2F\\u00D2\\u00D3\\u00D4\\u1ED2\\u1ED0\\u1ED6\\u1ED4\\u00D5\\u1E4C\\u022C\\u1E4E\\u014C\\u1E50\\u1E52\\u014E\\u022E\\u0230\\u00D6\\u022A\\u1ECE\\u0150\\u01D1\\u020C\\u020E\\u01A0\\u1EDC\\u1EDA\\u1EE0\\u1EDE\\u1EE2\\u1ECC\\u1ED8\\u01EA\\u01EC\\u00D8\\u01FE\\u0186\\u019F\\uA74A\\uA74C]","OI":"[\\u01A2]","OO":"[\\uA74E]","OU":"[\\u0222]","P":"[\\u0050\\u24C5\\uFF30\\u1E54\\u1E56\\u01A4\\u2C63\\uA750\\uA752\\uA754]","Q":"[\\u0051\\u24C6\\uFF31\\uA756\\uA758\\u024A]","R":"[\\u0052\\u24C7\\uFF32\\u0154\\u1E58\\u0158\\u0210\\u0212\\u1E5A\\u1E5C\\u0156\\u1E5E\\u024C\\u2C64\\uA75A\\uA7A6\\uA782]","S":"[\\u0053\\u24C8\\uFF33\\u1E9E\\u015A\\u1E64\\u015C\\u1E60\\u0160\\u1E66\\u1E62\\u1E68\\u0218\\u015E\\u2C7E\\uA7A8\\uA784]","T":"[\\u0054\\u24C9\\uFF34\\u1E6A\\u0164\\u1E6C\\u021A\\u0162\\u1E70\\u1E6E\\u0166\\u01AC\\u01AE\\u023E\\uA786]","TZ":"[\\uA728]","U":"[\\u0055\\u24CA\\uFF35\\u00D9\\u00DA\\u00DB\\u0168\\u1E78\\u016A\\u1E7A\\u016C\\u00DC\\u01DB\\u01D7\\u01D5\\u01D9\\u1EE6\\u016E\\u0170\\u01D3\\u0214\\u0216\\u01AF\\u1EEA\\u1EE8\\u1EEE\\u1EEC\\u1EF0\\u1EE4\\u1E72\\u0172\\u1E76\\u1E74\\u0244]","V":"[\\u0056\\u24CB\\uFF36\\u1E7C\\u1E7E\\u01B2\\uA75E\\u0245]","VY":"[\\uA760]","W":"[\\u0057\\u24CC\\uFF37\\u1E80\\u1E82\\u0174\\u1E86\\u1E84\\u1E88\\u2C72]","X":"[\\u0058\\u24CD\\uFF38\\u1E8A\\u1E8C]","Y":"[\\u0059\\u24CE\\uFF39\\u1EF2\\u00DD\\u0176\\u1EF8\\u0232\\u1E8E\\u0178\\u1EF6\\u1EF4\\u01B3\\u024E\\u1EFE]","Z":"[\\u005A\\u24CF\\uFF3A\\u0179\\u1E90\\u017B\\u017D\\u1E92\\u1E94\\u01B5\\u0224\\u2C7F\\u2C6B\\uA762]","a":"[\\u0061\\u24D0\\uFF41\\u1E9A\\u00E0\\u00E1\\u00E2\\u1EA7\\u1EA5\\u1EAB\\u1EA9\\u00E3\\u0101\\u0103\\u1EB1\\u1EAF\\u1EB5\\u1EB3\\u0227\\u01E1\\u00E4\\u01DF\\u1EA3\\u00E5\\u01FB\\u01CE\\u0201\\u0203\\u1EA1\\u1EAD\\u1EB7\\u1E01\\u0105\\u2C65\\u0250]","aa":"[\\uA733]","ae":"[\\u00E6\\u01FD\\u01E3]","ao":"[\\uA735]","au":"[\\uA737]","av":"[\\uA739\\uA73B]","ay":"[\\uA73D]","b":"[\\u0062\\u24D1\\uFF42\\u1E03\\u1E05\\u1E07\\u0180\\u0183\\u0253]","c":"[\\u0063\\u24D2\\uFF43\\u0107\\u0109\\u010B\\u010D\\u00E7\\u1E09\\u0188\\u023C\\uA73F\\u2184]","d":"[\\u0064\\u24D3\\uFF44\\u1E0B\\u010F\\u1E0D\\u1E11\\u1E13\\u1E0F\\u0111\\u018C\\u0256\\u0257\\uA77A]","dz":"[\\u01F3\\u01C6]","e":"[\\u0065\\u24D4\\uFF45\\u00E8\\u00E9\\u00EA\\u1EC1\\u1EBF\\u1EC5\\u1EC3\\u1EBD\\u0113\\u1E15\\u1E17\\u0115\\u0117\\u00EB\\u1EBB\\u011B\\u0205\\u0207\\u1EB9\\u1EC7\\u0229\\u1E1D\\u0119\\u1E19\\u1E1B\\u0247\\u025B\\u01DD]","f":"[\\u0066\\u24D5\\uFF46\\u1E1F\\u0192\\uA77C]","g":"[\\u0067\\u24D6\\uFF47\\u01F5\\u011D\\u1E21\\u011F\\u0121\\u01E7\\u0123\\u01E5\\u0260\\uA7A1\\u1D79\\uA77F]","h":"[\\u0068\\u24D7\\uFF48\\u0125\\u1E23\\u1E27\\u021F\\u1E25\\u1E29\\u1E2B\\u1E96\\u0127\\u2C68\\u2C76\\u0265]","hv":"[\\u0195]","i":"[\\u0069\\u24D8\\uFF49\\u00EC\\u00ED\\u00EE\\u0129\\u012B\\u012D\\u00EF\\u1E2F\\u1EC9\\u01D0\\u0209\\u020B\\u1ECB\\u012F\\u1E2D\\u0268\\u0131]","j":"[\\u006A\\u24D9\\uFF4A\\u0135\\u01F0\\u0249]","k":"[\\u006B\\u24DA\\uFF4B\\u1E31\\u01E9\\u1E33\\u0137\\u1E35\\u0199\\u2C6A\\uA741\\uA743\\uA745\\uA7A3]","l":"[\\u006C\\u24DB\\uFF4C\\u0140\\u013A\\u013E\\u1E37\\u1E39\\u013C\\u1E3D\\u1E3B\\u017F\\u0142\\u019A\\u026B\\u2C61\\uA749\\uA781\\uA747]","lj":"[\\u01C9]","m":"[\\u006D\\u24DC\\uFF4D\\u1E3F\\u1E41\\u1E43\\u0271\\u026F]","n":"[\\u006E\\u24DD\\uFF4E\\u01F9\\u0144\\u00F1\\u1E45\\u0148\\u1E47\\u0146\\u1E4B\\u1E49\\u019E\\u0272\\u0149\\uA791\\uA7A5]","nj":"[\\u01CC]","o":"[\\u006F\\u24DE\\uFF4F\\u00F2\\u00F3\\u00F4\\u1ED3\\u1ED1\\u1ED7\\u1ED5\\u00F5\\u1E4D\\u022D\\u1E4F\\u014D\\u1E51\\u1E53\\u014F\\u022F\\u0231\\u00F6\\u022B\\u1ECF\\u0151\\u01D2\\u020D\\u020F\\u01A1\\u1EDD\\u1EDB\\u1EE1\\u1EDF\\u1EE3\\u1ECD\\u1ED9\\u01EB\\u01ED\\u00F8\\u01FF\\u0254\\uA74B\\uA74D\\u0275]","oi":"[\\u01A3]","ou":"[\\u0223]","oo":"[\\uA74F]","p":"[\\u0070\\u24DF\\uFF50\\u1E55\\u1E57\\u01A5\\u1D7D\\uA751\\uA753\\uA755]","q":"[\\u0071\\u24E0\\uFF51\\u024B\\uA757\\uA759]","r":"[\\u0072\\u24E1\\uFF52\\u0155\\u1E59\\u0159\\u0211\\u0213\\u1E5B\\u1E5D\\u0157\\u1E5F\\u024D\\u027D\\uA75B\\uA7A7\\uA783]","s":"[\\u0073\\u24E2\\uFF53\\u015B\\u1E65\\u015D\\u1E61\\u0161\\u1E67\\u1E63\\u1E69\\u0219\\u015F\\u023F\\uA7A9\\uA785\\u1E9B]","ss":"[\\u00DF]","t":"[\\u0074\\u24E3\\uFF54\\u1E6B\\u1E97\\u0165\\u1E6D\\u021B\\u0163\\u1E71\\u1E6F\\u0167\\u01AD\\u0288\\u2C66\\uA787]","tz":"[\\uA729]","u":"[\\u0075\\u24E4\\uFF55\\u00F9\\u00FA\\u00FB\\u0169\\u1E79\\u016B\\u1E7B\\u016D\\u00FC\\u01DC\\u01D8\\u01D6\\u01DA\\u1EE7\\u016F\\u0171\\u01D4\\u0215\\u0217\\u01B0\\u1EEB\\u1EE9\\u1EEF\\u1EED\\u1EF1\\u1EE5\\u1E73\\u0173\\u1E77\\u1E75\\u0289]","v":"[\\u0076\\u24E5\\uFF56\\u1E7D\\u1E7F\\u028B\\uA75F\\u028C]","vy":"[\\uA761]","w":"[\\u0077\\u24E6\\uFF57\\u1E81\\u1E83\\u0175\\u1E87\\u1E85\\u1E98\\u1E89\\u2C73]","x":"[\\u0078\\u24E7\\uFF58\\u1E8B\\u1E8D]","y":"[\\u0079\\u24E8\\uFF59\\u1EF3\\u00FD\\u0177\\u1EF9\\u0233\\u1E8F\\u00FF\\u1EF7\\u1E99\\u1EF5\\u01B4\\u024F\\u1EFF]","z":"[\\u007A\\u24E9\\uFF5A\\u017A\\u1E91\\u017C\\u017E\\u1E93\\u1E95\\u01B6\\u0225\\u0240\\u2C6C\\uA763]"},"researchesTests":["contentHasTOC","contentHasShortParagraphs","contentHasAssets","keywordInTitle","keywordInMetaDescription","keywordInPermalink","keywordIn10Percent","keywordInContent","keywordInSubheadings","keywordInImageAlt","keywordDensity","keywordNotUsed","lengthContent","lengthPermalink","linksHasInternal","linksHasExternals","linksNotAllExternals","titleStartWithKeyword","titleSentiment","titleHasPowerWords","titleHasNumber","hasContentAI"],"hasRedirection":true,"hasBreadcrumb":true},"homeUrl":"https:\/\/mister.forex\/ro","objectID":66180,"objectType":"post","locale":"ro","localeFull":"ro_RO","overlayImages":{"play":{"name":"Play icon","url":"https:\/\/mister.forex\/wp-content\/plugins\/seo-by-rank-math\/assets\/admin\/img\/icon-play.png","path":"C:\\Apache24\\htdocs\\wp-content\\plugins\\seo-by-rank-math\/assets\/admin\/img\/icon-play.png","position":"middle_center"},"gif":{"name":"GIF icon","url":"https:\/\/mister.forex\/wp-content\/plugins\/seo-by-rank-math\/assets\/admin\/img\/icon-gif.png","path":"C:\\Apache24\\htdocs\\wp-content\\plugins\\seo-by-rank-math\/assets\/admin\/img\/icon-gif.png","position":"middle_center"}},"defautOgImage":"https:\/\/mister.forex\/wp-content\/uploads\/2024\/09\/Mr-Forex-LV-Deep-Blue.webp","customPermalinks":true,"isUserRegistered":true,"autoSuggestKeywords":true,"connectSiteUrl":"https:\/\/rankmath.com\/auth?site=https%3A%2F%2Fmister.forex%2Fro&r=https%3A%2F%2Fmister.forex%2Fro%2Fwp-json%2Fwp%2Fv2%2Fpages%2F66180%3Fnonce%3D09d0b46330&pro=1","maxTags":100,"trendsIcon":"<svg viewBox=\"0 0 610 610\"><path d=\"M18.85,446,174.32,290.48l58.08,58.08L76.93,504a14.54,14.54,0,0,1-20.55,0L18.83,466.48a14.54,14.54,0,0,1,0-20.55Z\" style=\"fill:#4285f4\"\/><path d=\"M242.65,242.66,377.59,377.6l-47.75,47.75a14.54,14.54,0,0,1-20.55,0L174.37,290.43l47.75-47.75A14.52,14.52,0,0,1,242.65,242.66Z\" style=\"fill:#ea4335\"\/><polygon points=\"319.53 319.53 479.26 159.8 537.34 217.88 377.61 377.62 319.53 319.53\" style=\"fill:#fabb05\"\/><path d=\"M594.26,262.73V118.61h0a16.94,16.94,0,0,0-16.94-16.94H433.2a16.94,16.94,0,0,0-12,28.92L565.34,274.71h0a16.94,16.94,0,0,0,28.92-12Z\" style=\"fill:#34a853\"\/><rect width=\"610\" height=\"610\" style=\"fill:none\"\/><\/svg>","showScore":true,"siteFavIcon":"https:\/\/mister.forex\/wp-content\/uploads\/2024\/09\/mr-forex-logo-144x144-1-100x100.webp","canUser":{"general":false,"advanced":false,"snippet":false,"social":false,"analysis":false,"analytics":false,"content_ai":false},"showKeywordIntent":true,"isPro":true,"is_front_page":false,"trendsUpgradeLink":"https:\/\/rankmath.com\/pricing\/?utm_source=Plugin&utm_medium=CE%20General%20Tab%20Trends&utm_campaign=WP","trendsUpgradeLabel":"Upgrade","trendsPreviewImage":"https:\/\/mister.forex\/wp-content\/plugins\/seo-by-rank-math\/assets\/admin\/img\/trends-preview.jpg","currentEditor":false,"homepageData":{"assessor":{"powerWords":[],"diacritics":true,"researchesTests":["contentHasTOC","contentHasShortParagraphs","contentHasAssets","keywordInTitle","keywordInMetaDescription","keywordInPermalink","keywordIn10Percent","keywordInContent","keywordInSubheadings","keywordInImageAlt","keywordDensity","keywordNotUsed","lengthContent","lengthPermalink","linksHasInternal","linksHasExternals","linksNotAllExternals","titleStartWithKeyword","titleSentiment","titleHasPowerWords","titleHasNumber","hasContentAI"],"hasBreadcrumb":true,"serpData":{"title":"%sitename% %page% %sep% %sitedesc%","description":"","titleTemplate":"%sitename% %page% %sep% %sitedesc%","descriptionTemplate":"","focusKeywords":"","breadcrumbTitle":"Home","robots":{"index":true},"advancedRobots":{"max-snippet":"-1","max-video-preview":false,"max-image-preview":"large"},"facebookTitle":"","facebookDescription":"","facebookImage":"","facebookImageID":""}}},"searchIntents":[],"isAnalyticsConnected":true,"tocTitle":"Table of Contents","tocExcludeHeadings":[],"listStyle":"ul"},"_links":{"self":[{"href":"https:\/\/mister.forex\/ro\/wp-json\/wp\/v2\/pages\/66180","targetHints":{"allow":["GET"]}}],"collection":[{"href":"https:\/\/mister.forex\/ro\/wp-json\/wp\/v2\/pages"}],"about":[{"href":"https:\/\/mister.forex\/ro\/wp-json\/wp\/v2\/types\/page"}],"author":[{"embeddable":true,"href":"https:\/\/mister.forex\/ro\/wp-json\/wp\/v2\/users\/1"}],"replies":[{"embeddable":true,"href":"https:\/\/mister.forex\/ro\/wp-json\/wp\/v2\/comments?post=66180"}],"version-history":[{"count":0,"href":"https:\/\/mister.forex\/ro\/wp-json\/wp\/v2\/pages\/66180\/revisions"}],"wp:featuredmedia":[{"embeddable":true,"href":"https:\/\/mister.forex\/ro\/wp-json\/wp\/v2\/media\/66327"}],"wp:attachment":[{"href":"https:\/\/mister.forex\/ro\/wp-json\/wp\/v2\/media?parent=66180"}],"wp:term":[{"taxonomy":"post_tag","embeddable":true,"href":"https:\/\/mister.forex\/ro\/wp-json\/wp\/v2\/tags?post=66180"}],"curies":[{"name":"wp","href":"https:\/\/api.w.org\/{rel}","templated":true}]}}