{"id":66268,"date":"2026-02-07T21:05:51","date_gmt":"2026-02-07T13:05:51","guid":{"rendered":"https:\/\/mister.forex\/?page_id=66268"},"modified":"2026-04-21T14:49:01","modified_gmt":"2026-04-21T06:49:01","slug":"hedge-fund-portfolio-logic","status":"publish","type":"page","link":"https:\/\/mister.forex\/ro\/hedge-fund-portfolio-logic\/","title":{"rendered":"Nu mai paria totul! Secretele profitului fondurilor speculative: Strategii cantitative \u0219i alocarea activelor"},"content":{"rendered":"<div data-elementor-type=\"wp-page\" data-elementor-id=\"66268\" class=\"elementor elementor-66268\" data-elementor-post-type=\"page\">\n\t\t\t\t<div class=\"elementor-element elementor-element-e573153 e-flex e-con-boxed e-con e-parent\" data-id=\"e573153\" data-element_type=\"container\">\n\t\t\t\t\t<div class=\"e-con-inner\">\n\t\t\t\t<div class=\"elementor-element elementor-element-4658f0d elementor-widget elementor-widget-heading\" data-id=\"4658f0d\" data-element_type=\"widget\" data-widget_type=\"heading.default\">\n\t\t\t\t\t<h1 class=\"elementor-heading-title elementor-size-default\">De ce fondurile speculative nu merg niciodat\u0103 \"All-In\"? Logica profitului pe termen lung<\/h1>\t\t\t\t<\/div>\n\t\t\t\t<div class=\"elementor-element elementor-element-52dd9d1 elementor-widget elementor-widget-html translation-block\" data-id=\"52dd9d1\" data-element_type=\"widget\" data-widget_type=\"html.default\"><span>\n\u00cen lumea investi\u021biilor, c\u0103utarea \u201ecelui mai puternic semnal unic\u201d este adesea \u00eenceputul pierderilor. Deoarece mediile de pia\u021b\u0103 se schimb\u0103 constant, niciun algoritm nu poate r\u0103m\u00e2ne invincibil pentru totdeauna.<br><br>\nInstitu\u021biile profesionale supravie\u021buiesc pe termen lung baz\u00e2ndu-se pe <strong>\u201ecomplementaritatea strategiilor\u201d<\/strong>. Iat\u0103 logica de baz\u0103 a aloc\u0103rii activelor:\n<\/span><br><br>\n\n<span>\n<h2><strong>1. Pia\u021ba se schimb\u0103, strategia ta are nevoie de un \u201ePlan B\u201d<\/strong><\/h2>\nCondi\u021biile pie\u021bei se \u00eempart de obicei \u00een dou\u0103: <strong>Trend<\/strong> (cre\u0219teri sau sc\u0103deri mari) \u0219i <strong>Consolidare<\/strong> (mi\u0219care lateral\u0103).<br><br>\n<ul>\n    <li>Dac\u0103 investe\u0219ti doar \u00een <strong>strategii de trend<\/strong>, contul t\u0103u se va confrunta cu stop-loss-uri repetate c\u00e2nd pia\u021ba este \u00een consolidare.<\/li><br>\n    <li>Dac\u0103 investe\u0219ti doar \u00een <strong>strategii contra-trend<\/strong>, contul t\u0103u va suporta riscuri mari de pierderi flotante \u00een timpul unui trend puternic unidirec\u021bional.<\/li>\n<\/ul>\n<br>\n<strong>Abordarea profesional\u0103:<\/strong> Las\u0103 strategiile cu profiluri diferite s\u0103 se protejeze reciproc. C\u00e2nd o strategie pierde \u00een consolidare, cealalt\u0103 profit\u0103 din trend. Aceast\u0103 alocare cu \u201ecorela\u021bie negativ\u0103\u201d este singura cale c\u0103tre o cre\u0219tere stabil\u0103 a contului.\n<\/span><br><br>\n\n<span>\n<h2><strong>2. Dou\u0103 tehnologii de baz\u0103: Arhitectur\u0103 cantitativ\u0103 complementar\u0103<\/strong><\/h2>\nAm dezvoltat dou\u0103 seturi de strategii de tranzac\u021bionare pentru diferite medii de pia\u021b\u0103, ca bilet de intrare pentru investitori:\n<\/span><\/div>\n\t\t\t\t<div class=\"elementor-element elementor-element-96d5a99 elementor-widget elementor-widget-html\" data-id=\"96d5a99\" data-element_type=\"widget\" data-widget_type=\"html.default\">\n\t\t\t\t\t<span>\n<ul>\n    <li class=\" translation-block\"><strong>Alpha Gold:<\/strong> Specializat \u00een captarea devia\u021biilor de pre\u021b din pia\u021b\u0103. Cu c\u00e2t devia\u021bia este mai mare, cu at\u00e2t poten\u021bialul de profit cre\u0219te. Ideal pentru investitorii care caut\u0103 o cre\u0219tere exploziv\u0103.<\/li><br>\n    \n    <li class=\" translation-block\"><strong>Quant Matrix:<\/strong> Se concentreaz\u0103 pe modele statistice \u0219i micro-oscila\u021bii \u00een mai multe perechi valutare. Urm\u0103re\u0219te stabilitatea extrem\u0103, acumul\u00e2nd profituri precum dob\u00e2nzile bancare.<\/li>\n<\/ul>\n<\/span>\t\t\t\t<\/div>\n\t\t\t\t<div class=\"elementor-element elementor-element-eaa015f elementor-widget elementor-widget-html translation-block\" data-id=\"eaa015f\" data-element_type=\"widget\" data-widget_type=\"html.default\"><span>\n<h2><strong>3. Calea de cre\u0219tere: de la verificare la portofoliu profesional<\/strong><\/h2>\n\u00cen\u021belegem c\u0103 \u00eencrederea se construie\u0219te \u00een timp, de aceea oferim o scar\u0103 complet\u0103 de la nivelul de baz\u0103 la cel institu\u021bional:<br><br>\n<ul>\n    <li><strong>Verificare ini\u021bial\u0103:<\/strong> Po\u021bi \u00eencepe cu o strategie de baz\u0103 \u0219i po\u021bi compara datele <strong>Myfxbook<\/strong> cu performan\u021ba real\u0103 a contului.<\/li><br>\n    \n    <li><strong>Scalare gradual\u0103:<\/strong> Dup\u0103 confirmarea stabilit\u0103\u021bii, recomand\u0103m combinarea strategiilor de trend \u0219i oscila\u021bie pentru o protec\u021bie real\u0103.<\/li><br>\n    \n    <li><strong>Portofoliu de investi\u021bii:<\/strong> La un capital mai mare, sistemul activeaz\u0103 tehnici avansate de hedging pentru o stabilitate de nivel institu\u021bional.<\/li>\n<\/ul>\n<\/span><br>\n\n<span>\n<h2><strong>Concluzie: Cea mai bun\u0103 investi\u021bie \u00eencepe cu fapte<\/strong><\/h2>\nTranzac\u021bionarea cantitativ\u0103 este \u0219tiin\u021b\u0103, nu magie. Alege o strategie potrivit\u0103 planului t\u0103u \u0219i experimenteaz\u0103 eficien\u021ba automatiz\u0103rii.\n<\/span><br><br>\n\n<span>\n<h2><strong>Alege primul t\u0103u punct de pornire cantitativ<\/strong><\/h2>\nTranzac\u021bionarea cantitativ\u0103 \u00eenseamn\u0103 \u0219tiin\u021b\u0103. \u00cencepe cu o strategie \u0219i descoper\u0103 gestionarea automatizat\u0103 a averii:\n<\/span><\/div>\n\t\t\t\t<div class=\"elementor-element elementor-element-1c09d1f elementor-icon-list--layout-inline elementor-list-item-link-inline elementor-widget elementor-widget-icon-list\" data-id=\"1c09d1f\" data-element_type=\"widget\" data-widget_type=\"icon-list.default\">\n\t\t\t\t\t\t\t<ul class=\"elementor-icon-list-items elementor-inline-items\">\n\t\t\t\t\t\t\t<li class=\"elementor-icon-list-item elementor-inline-item\">\n\t\t\t\t\t\t\t\t\t\t\t<a href=\"https:\/\/mister.forex\/ro\/alpha-gold\/\">\n\n\t\t\t\t\t\t\t\t\t\t\t\t<span class=\"elementor-icon-list-icon\">\n\t\t\t\t\t\t\t<svg aria-hidden=\"true\" class=\"e-font-icon-svg e-far-check-circle\" viewbox=\"0 0 512 512\" xmlns=\"http:\/\/www.w3.org\/2000\/svg\"><path d=\"M256 8C119.033 8 8 119.033 8 256s111.033 248 248 248 248-111.033 248-248S392.967 8 256 8zm0 48c110.532 0 200 89.451 200 200 0 110.532-89.451 200-200 200-110.532 0-200-89.451-200-200 0-110.532 89.451-200 200-200m140.204 130.267l-22.536-22.718c-4.667-4.705-12.265-4.736-16.97-.068L215.346 303.697l-59.792-60.277c-4.667-4.705-12.265-4.736-16.97-.069l-22.719 22.536c-4.705 4.667-4.736 12.265-.068 16.971l90.781 91.516c4.667 4.705 12.265 4.736 16.97.068l172.589-171.204c4.704-4.668 4.734-12.266.067-16.971z\"><\/path><\/svg>\t\t\t\t\t\t<\/span>\n\t\t\t\t\t\t\t\t\t\t<span class=\"elementor-icon-list-text\">Vezi performan\u021ba real\u0103 Alpha Gold<\/span>\n\t\t\t\t\t\t\t\t\t\t\t<\/a>\n\t\t\t\t\t\t\t\t\t<\/li>\n\t\t\t\t\t\t<\/ul>\n\t\t\t\t\t\t<\/div>\n\t\t\t\t<div class=\"elementor-element elementor-element-29c4922 elementor-widget elementor-widget-heading\" data-id=\"29c4922\" data-element_type=\"widget\" data-widget_type=\"heading.default\">\n\t\t\t\t\t<span class=\"elementor-heading-title elementor-size-default\">(Ideal pentru investitorii care caut\u0103 o cre\u0219tere exploziv\u0103 \u0219i prefer\u0103 tranzac\u021bionarea aurului)<\/span>\t\t\t\t<\/div>\n\t\t\t\t<div class=\"elementor-element elementor-element-0b7b33a elementor-icon-list--layout-inline elementor-list-item-link-inline elementor-widget elementor-widget-icon-list\" data-id=\"0b7b33a\" data-element_type=\"widget\" data-widget_type=\"icon-list.default\">\n\t\t\t\t\t\t\t<ul class=\"elementor-icon-list-items elementor-inline-items\">\n\t\t\t\t\t\t\t<li class=\"elementor-icon-list-item elementor-inline-item\">\n\t\t\t\t\t\t\t\t\t\t\t<a href=\"https:\/\/mister.forex\/ro\/quant-matrix\/\">\n\n\t\t\t\t\t\t\t\t\t\t\t\t<span class=\"elementor-icon-list-icon\">\n\t\t\t\t\t\t\t<svg aria-hidden=\"true\" class=\"e-font-icon-svg e-far-check-circle\" viewbox=\"0 0 512 512\" xmlns=\"http:\/\/www.w3.org\/2000\/svg\"><path d=\"M256 8C119.033 8 8 119.033 8 256s111.033 248 248 248 248-111.033 248-248S392.967 8 256 8zm0 48c110.532 0 200 89.451 200 200 0 110.532-89.451 200-200 200-110.532 0-200-89.451-200-200 0-110.532 89.451-200 200-200m140.204 130.267l-22.536-22.718c-4.667-4.705-12.265-4.736-16.97-.068L215.346 303.697l-59.792-60.277c-4.667-4.705-12.265-4.736-16.97-.069l-22.719 22.536c-4.705 4.667-4.736 12.265-.068 16.971l90.781 91.516c4.667 4.705 12.265 4.736 16.97.068l172.589-171.204c4.704-4.668 4.734-12.266.067-16.971z\"><\/path><\/svg>\t\t\t\t\t\t<\/span>\n\t\t\t\t\t\t\t\t\t\t<span class=\"elementor-icon-list-text\">Vezi performan\u021ba real\u0103 Quant Matrix<\/span>\n\t\t\t\t\t\t\t\t\t\t\t<\/a>\n\t\t\t\t\t\t\t\t\t<\/li>\n\t\t\t\t\t\t<\/ul>\n\t\t\t\t\t\t<\/div>\n\t\t\t\t<div class=\"elementor-element elementor-element-6b74cb5 elementor-widget elementor-widget-heading\" data-id=\"6b74cb5\" data-element_type=\"widget\" data-widget_type=\"heading.default\">\n\t\t\t\t\t<span class=\"elementor-heading-title elementor-size-default\">(Ideal pentru investitorii care caut\u0103 stabilitate \u0219i o cre\u0219tere constant\u0103 a contului)<\/span>\t\t\t\t<\/div>\n\t\t\t\t<div class=\"elementor-element elementor-element-6319289 elementor-icon-list--layout-inline elementor-list-item-link-inline elementor-widget elementor-widget-icon-list\" data-id=\"6319289\" data-element_type=\"widget\" data-widget_type=\"icon-list.default\">\n\t\t\t\t\t\t\t<ul class=\"elementor-icon-list-items elementor-inline-items\">\n\t\t\t\t\t\t\t<li class=\"elementor-icon-list-item elementor-inline-item\">\n\t\t\t\t\t\t\t\t\t\t\t<a href=\"https:\/\/mister.forex\/ro\/calmar-ratio-investment-efficiency\/\">\n\n\t\t\t\t\t\t\t\t\t\t\t\t<span class=\"elementor-icon-list-icon\">\n\t\t\t\t\t\t\t<svg aria-hidden=\"true\" class=\"e-font-icon-svg e-far-check-circle\" viewbox=\"0 0 512 512\" xmlns=\"http:\/\/www.w3.org\/2000\/svg\"><path d=\"M256 8C119.033 8 8 119.033 8 256s111.033 248 248 248 248-111.033 248-248S392.967 8 256 8zm0 48c110.532 0 200 89.451 200 200 0 110.532-89.451 200-200 200-110.532 0-200-89.451-200-200 0-110.532 89.451-200 200-200m140.204 130.267l-22.536-22.718c-4.667-4.705-12.265-4.736-16.97-.068L215.346 303.697l-59.792-60.277c-4.667-4.705-12.265-4.736-16.97-.069l-22.719 22.536c-4.705 4.667-4.736 12.265-.068 16.971l90.781 91.516c4.667 4.705 12.265 4.736 16.97.068l172.589-171.204c4.704-4.668 4.734-12.266.067-16.971z\"><\/path><\/svg>\t\t\t\t\t\t<\/span>\n\t\t\t\t\t\t\t\t\t\t<span class=\"elementor-icon-list-text\">Adio profituri \u201eumflate\u201d: Analiza Calmar Ratio pentru o curb\u0103 de active stabil\u0103<\/span>\n\t\t\t\t\t\t\t\t\t\t\t<\/a>\n\t\t\t\t\t\t\t\t\t<\/li>\n\t\t\t\t\t\t<\/ul>\n\t\t\t\t\t\t<\/div>\n\t\t\t\t\t<\/div>\n\t\t\t\t<\/div>\n\t\t\t\t<\/div>","protected":false},"excerpt":{"rendered":"<p>De ce fondurile speculative de top nu pariaz\u0103 niciodat\u0103 totul pe un singur semnal? Descoper\u0103 tehnica institu\u021bional\u0103 de alocare a activelor cu \u201ecorela\u021bie negativ\u0103\u201d. \u00cenva\u021b\u0103 cum s\u0103 rezi\u0219ti volatilit\u0103\u021bii pie\u021bei printr-un portofoliu, ob\u021bin\u00e2nd beneficiul matematic al profiturilor cumulate \u0219i riscurilor compensate. Nu mai c\u0103uta \u201eSf\u00e2ntul Graal\u201d \u0219i devino un investitor profesionist!<\/p>","protected":false},"author":1,"featured_media":66336,"parent":0,"menu_order":0,"comment_status":"closed","ping_status":"closed","template":"","meta":{"footnotes":""},"tags":[128],"class_list":["post-66268","page","type-page","status-publish","has-post-thumbnail","hentry","tag-no-google"],"_links":{"self":[{"href":"https:\/\/mister.forex\/ro\/wp-json\/wp\/v2\/pages\/66268","targetHints":{"allow":["GET"]}}],"collection":[{"href":"https:\/\/mister.forex\/ro\/wp-json\/wp\/v2\/pages"}],"about":[{"href":"https:\/\/mister.forex\/ro\/wp-json\/wp\/v2\/types\/page"}],"author":[{"embeddable":true,"href":"https:\/\/mister.forex\/ro\/wp-json\/wp\/v2\/users\/1"}],"replies":[{"embeddable":true,"href":"https:\/\/mister.forex\/ro\/wp-json\/wp\/v2\/comments?post=66268"}],"version-history":[{"count":12,"href":"https:\/\/mister.forex\/ro\/wp-json\/wp\/v2\/pages\/66268\/revisions"}],"predecessor-version":[{"id":70533,"href":"https:\/\/mister.forex\/ro\/wp-json\/wp\/v2\/pages\/66268\/revisions\/70533"}],"wp:featuredmedia":[{"embeddable":true,"href":"https:\/\/mister.forex\/ro\/wp-json\/wp\/v2\/media\/66336"}],"wp:attachment":[{"href":"https:\/\/mister.forex\/ro\/wp-json\/wp\/v2\/media?parent=66268"}],"wp:term":[{"taxonomy":"post_tag","embeddable":true,"href":"https:\/\/mister.forex\/ro\/wp-json\/wp\/v2\/tags?post=66268"}],"curies":[{"name":"wp","href":"https:\/\/api.w.org\/{rel}","templated":true}]}}