{"id":66400,"date":"2026-02-13T13:35:55","date_gmt":"2026-02-13T05:35:55","guid":{"rendered":"https:\/\/mister.forex\/?page_id=66400"},"modified":"2026-04-19T09:12:36","modified_gmt":"2026-04-19T01:12:36","slug":"why-we-refuse-mql5-signalstart","status":"publish","type":"page","link":"https:\/\/mister.forex\/ro\/why-we-refuse-mql5-signalstart\/","title":{"rendered":"Este abonamentul MQL5 cu adev\u0103rat profitabil? 3 capcane \u00een copy-trading | Mr.Forex"},"content":{"rendered":"<div data-elementor-type=\"wp-page\" data-elementor-id=\"66400\" class=\"elementor elementor-66400\" data-elementor-post-type=\"page\">\n\t\t\t\t<div class=\"elementor-element elementor-element-5818207 e-flex e-con-boxed e-con e-parent\" data-id=\"5818207\" data-element_type=\"container\">\n\t\t\t\t\t<div class=\"e-con-inner\">\n\t\t\t\t<div class=\"elementor-element elementor-element-384e732 elementor-widget elementor-widget-heading\" data-id=\"384e732\" data-element_type=\"widget\" data-widget_type=\"heading.default\">\n\t\t\t\t\t<h1 class=\"elementor-heading-title elementor-size-default\">Protejarea profiturilor investitorilor: 4 motive tehnice pentru care refuz\u0103m abonamentul MQL5<\/h1>\t\t\t\t<\/div>\n\t\t\t\t<div class=\"elementor-element elementor-element-dbb2d15 elementor-widget elementor-widget-html translation-block\" data-id=\"dbb2d15\" data-element_type=\"widget\" data-widget_type=\"html.default\"><span>\nC\u00e2nd \u00eencepe\u021bi s\u0103 c\u0103uta\u021bi instrumente de tranzac\u021bionare automatizat\u0103, probabil a\u021bi auzit de platforme cunoscute precum <strong>MQL5<\/strong>, <strong>SignalStart<\/strong> sau <strong>ZuluTrade<\/strong>. Mul\u021bi utilizatori m\u0103 \u00eentreab\u0103: \u201eDac\u0103 sistemul t\u0103u este at\u00e2t de stabil, de ce nu \u00eel listezi pe aceste platforme cu un abonament lunar?\u201d<br><br>\n\nAceasta este o \u00eentrebare foarte profesionist\u0103. Ast\u0103zi vreau s\u0103 dezv\u0103lui motivele pentru care refuz\u0103m aceste platforme. Nu din cauza limit\u0103rilor tehnice, ci pentru c\u0103 \u0219tim: <strong>Abonarea la strategii de \u201eScalping\u201d pe aceste platforme duce adesea la profit pentru furnizorul de semnal \u0219i pierdere pentru cel care copiaz\u0103.<\/strong><br><br>\n\nIat\u0103 limitele tehnice pe care le respect\u0103m pentru a proteja capitalul investitorilor:\n<\/span><br><br>\n\n<span>\n<h2><strong>1. Capcana de tranzac\u021bionare \u201esinuciga\u0219\u0103\u201d pentru capitalul mic<\/strong><\/h2>\n\nPlatforme precum <strong>MQL5<\/strong> percep de obicei o tax\u0103 lunar\u0103 fix\u0103 (de exemplu, 30 - 100 USD). Aceast\u0103 sum\u0103 poate fi nesemnificativ\u0103 pentru conturile mari, dar este o lovitur\u0103 fatal\u0103 pentru micii investitori.<br><br>\n\n<ul>\n    <li><strong>Presiune mare pentru profit:<\/strong> Dac\u0103 ave\u021bi un cont de 1.000 USD \u0219i pl\u0103ti\u021bi o tax\u0103 de 50 USD, trebuie s\u0103 c\u00e2\u0219tiga\u021bi 5% \u00een fiecare lun\u0103 doar pentru a fi la zero.<\/li><br>\n    <li><strong>Psihologie de tranzac\u021bionare distorsionat\u0103:<\/strong> Pentru a acoperi acest cost fix, micii utilizatori caut\u0103 incon\u0219tient randamente mari, for\u021b\u00e2nd sistemul \u00een st\u0103ri de risc ridicat \u0219i drawdown periculos.<\/li><br>\n    <li><strong>Solu\u021bia noastr\u0103:<\/strong> Insist\u0103m doar pe modelul de <strong>\u201eComision de Performan\u021b\u0103 (Performance Fee)\u201d<\/strong>. Dac\u0103 nu c\u00e2\u0219tiga\u021bi, noi nu lu\u0103m niciun ban. Acest lucru asigur\u0103 c\u0103 interesele noastre sunt aliniate cu cele ale investitorilor.<\/li>\n<\/ul>\n<\/span><br>\n\n<span>\n<h2><strong>2. Adev\u0103rul tehnic: Furnizorul c\u00e2\u0219tig\u0103, urm\u0103ritorul pierde<\/strong><\/h2>\n\nAceasta este cea mai frecvent\u0103 pl\u00e2ngere pe platformele ter\u021be. Strategia noastr\u0103 de \u201eScalping\u201d necesit\u0103 condi\u021bii de tranzac\u021bionare extrem de stricte (spread, slippage, laten\u021b\u0103).<br><br>\n\n<ul>\n    <li><strong>Blocaj tehnic:<\/strong> Pe platformele de tip cross-server precum <strong>MQL5<\/strong>, \u00eent\u00e2rzierea transmisiei re\u021belei cauzeaz\u0103 diferen\u021be semnificative de pre\u021b.<\/li><br>\n    <li><strong>Execu\u021bie dezastruoas\u0103:<\/strong> Sursa intr\u0103 la 2030.10 \u0219i iese la 2030.50 (profit 4 pips). Din cauza laten\u021bei, urm\u0103ritorul intr\u0103 la 2030.40 \u0219i iese la 2030.45. Dup\u0103 comisioane, contul este pe minus.<\/li><br>\n    <li><strong>Concluzie:<\/strong> Acest mecanism de abonament cross-platform nu este potrivit pentru strategii cantitative precise \u0219i rapide.<\/li>\n<\/ul>\n<\/span><\/div>\n\t\t<div class=\"elementor-element elementor-element-0917671 e-con-full e-flex e-con e-child\" data-id=\"0917671\" data-element_type=\"container\" data-settings=\"{&quot;background_background&quot;:&quot;classic&quot;}\">\n\t\t\t\t<div class=\"elementor-element elementor-element-e0481e3 elementor-widget elementor-widget-html translation-block\" data-id=\"e0481e3\" data-element_type=\"widget\" data-widget_type=\"html.default\"><span>\n<strong>Analiza Mr.Forex:<\/strong> Nu trebuie s\u0103 m\u0103 crede\u021bi pe cuv\u00e2nt, pute\u021bi verifica recenziile reale ale acestor platforme pe <a href=\"https:\/\/www.trustpilot.com\/\" target=\"_blank\" rel=\"nofollow noopener\"><strong>Trustpilot<\/strong><\/a>. Pl\u00e2ngerile utilizatorilor despre \u201esemnale imprecise\u201d sau \u201econturi arse\u201d au ca motiv principal **slippage-ul \u00eentre platforme care \u00eenghite profitul**, \u00een timp ce abonamentul fix epuizeaz\u0103 capitalul.\n<\/span><\/div>\n\t\t\t\t<\/div>\n\t\t<div class=\"elementor-element elementor-element-46f9c19 e-grid e-con-full e-con e-child\" data-id=\"46f9c19\" data-element_type=\"container\">\n\t\t\t\t<div class=\"elementor-element elementor-element-c27ab99 elementor-widget elementor-widget-image\" data-id=\"c27ab99\" data-element_type=\"widget\" data-widget_type=\"image.default\">\n\t\t\t\t\t\t\t\t\t\t\t\t<figure class=\"wp-caption\">\n\t\t\t\t\t\t\t\t\t\t\t<a href=\"https:\/\/www.trustpilot.com\/review\/www.mql5.com\" target=\"_blank\" rel=\"nofollow noopener\">\n\t\t\t\t\t\t\t<img decoding=\"async\" width=\"429\" height=\"115\" src=\"https:\/\/mister.forex\/wp-content\/uploads\/2026\/02\/MQL5.webp\" class=\"attachment-full size-full wp-image-66412\" alt=\"Recenzii MQL5\" srcset=\"https:\/\/mister.forex\/wp-content\/uploads\/2026\/02\/MQL5.webp 429w, https:\/\/mister.forex\/wp-content\/uploads\/2026\/02\/MQL5-300x80.webp 300w, https:\/\/mister.forex\/wp-content\/uploads\/2026\/02\/MQL5-18x5.webp 18w\" sizes=\"(max-width: 429px) 100vw, 429px\" \/>\t\t\t\t\t\t\t\t<\/a>\n\t\t\t\t\t\t\t\t\t\t\t<figcaption class=\"widget-image-caption wp-caption-text\">Recenzii MQL5<\/figcaption>\n\t\t\t\t\t\t\t\t\t\t<\/figure>\n\t\t\t\t\t\t\t\t\t<\/div>\n\t\t\t\t<div class=\"elementor-element elementor-element-ad74459 elementor-widget elementor-widget-image\" data-id=\"ad74459\" data-element_type=\"widget\" data-widget_type=\"image.default\">\n\t\t\t\t\t\t\t\t\t\t\t\t<figure class=\"wp-caption\">\n\t\t\t\t\t\t\t\t\t\t\t<a href=\"https:\/\/www.trustpilot.com\/review\/signalstart.com\" target=\"_blank\" rel=\"nofollow noopener\">\n\t\t\t\t\t\t\t<img decoding=\"async\" width=\"410\" height=\"115\" src=\"https:\/\/mister.forex\/wp-content\/uploads\/2026\/02\/SignalStart.webp\" class=\"attachment-full size-full wp-image-66413\" alt=\"Recenzii SignalStart\" srcset=\"https:\/\/mister.forex\/wp-content\/uploads\/2026\/02\/SignalStart.webp 410w, https:\/\/mister.forex\/wp-content\/uploads\/2026\/02\/SignalStart-300x84.webp 300w, https:\/\/mister.forex\/wp-content\/uploads\/2026\/02\/SignalStart-18x5.webp 18w\" sizes=\"(max-width: 410px) 100vw, 410px\" \/>\t\t\t\t\t\t\t\t<\/a>\n\t\t\t\t\t\t\t\t\t\t\t<figcaption class=\"widget-image-caption wp-caption-text\">Recenzii SignalStart<\/figcaption>\n\t\t\t\t\t\t\t\t\t\t<\/figure>\n\t\t\t\t\t\t\t\t\t<\/div>\n\t\t\t\t<div class=\"elementor-element elementor-element-bd76ace elementor-widget elementor-widget-image\" data-id=\"bd76ace\" data-element_type=\"widget\" data-widget_type=\"image.default\">\n\t\t\t\t\t\t\t\t\t\t\t\t<figure class=\"wp-caption\">\n\t\t\t\t\t\t\t\t\t\t\t<a href=\"https:\/\/www.trustpilot.com\/review\/zulutrade.com\" target=\"_blank\" rel=\"nofollow noopener\">\n\t\t\t\t\t\t\t<img decoding=\"async\" width=\"400\" height=\"115\" src=\"https:\/\/mister.forex\/wp-content\/uploads\/2026\/02\/ZuluTrade.webp\" class=\"attachment-full size-full wp-image-66414\" alt=\"Recenzii ZuluTrade\" srcset=\"https:\/\/mister.forex\/wp-content\/uploads\/2026\/02\/ZuluTrade.webp 400w, https:\/\/mister.forex\/wp-content\/uploads\/2026\/02\/ZuluTrade-300x86.webp 300w, https:\/\/mister.forex\/wp-content\/uploads\/2026\/02\/ZuluTrade-18x5.webp 18w\" sizes=\"(max-width: 400px) 100vw, 400px\" \/>\t\t\t\t\t\t\t\t<\/a>\n\t\t\t\t\t\t\t\t\t\t\t<figcaption class=\"widget-image-caption wp-caption-text\">Recenzii ZuluTrade<\/figcaption>\n\t\t\t\t\t\t\t\t\t\t<\/figure>\n\t\t\t\t\t\t\t\t\t<\/div>\n\t\t\t\t<\/div>\n\t\t\t\t<div class=\"elementor-element elementor-element-499a12a elementor-widget elementor-widget-html translation-block\" data-id=\"499a12a\" data-element_type=\"widget\" data-widget_type=\"html.default\"><span>\n<h2><strong>3. De ce abonamentele induc un \u201ecomportament de parior\u201d?<\/strong><\/h2>\n\nPe platformele cu abonament, venitul furnizorului este simplu: num\u0103rul de abona\u021bi \u00d7 taxa lunar\u0103 fix\u0103.<br><br>\n\n<ul>\n    <li><strong>Risc moral grav:<\/strong> Furnizorul trebuie doar s\u0103 ri\u0219te enorm pentru a afi\u0219a o lun\u0103 spectaculoas\u0103 \u0219i a atrage abona\u021bi. Chiar dac\u0103 contul se arde luna viitoare, el \u0219i-a \u00eencasat deja banii. Nu are niciun stimulent s\u0103 v\u0103 protejeze capitalul.<\/li><br>\n    <li><strong>Parteneriat adev\u0103rat:<\/strong> Insist\u0103m pe comisionul de performan\u021b\u0103. Asta \u00eenseamn\u0103: <strong>C\u00e2\u0219tig\u0103m doar c\u00e2nd \u0219i tu ai profit net.<\/strong> Acest mecanism ne oblig\u0103 s\u0103 punem controlul riscului pe primul loc.<\/li>\n<\/ul>\n<\/span><br>\n\n<span>\n<h2><strong>4. Rul\u0103m doar \u00een medii \u201everificate tehnic\u201d<\/strong><\/h2>\n\nPentru a elimina laten\u021ba \u0219i slippage-ul, refuz\u0103m abonamentele externe. \u00centr-un mediu necontrolat, orice strategie d\u0103 gre\u0219.<br><br>\n\n<ul>\n    <li><strong>Consisten\u021ba mediului:<\/strong> Lucr\u0103m doar \u00een condi\u021bii testate pentru a asigura sincronizarea perfect\u0103 a contului t\u0103u.<\/li><br>\n    <li><strong>Zero costuri ascunse:<\/strong> Capitalul t\u0103u trebuie s\u0103 r\u0103m\u00e2n\u0103 \u00een cont pentru a produce dob\u00e2nd\u0103 compus\u0103, nu s\u0103 dispar\u0103 pe abonamente.<\/li><br>\n    <li><strong>Controlul calit\u0103\u021bii:<\/strong> Prin sistemul nostru, garant\u0103m calitatea execu\u021biei fiec\u0103rui trade.<\/li>\n<\/ul>\n<\/span><br>\n\n<span>\n<h2><strong>Rezumat: Alegem calea grea, dar corect\u0103<\/strong><\/h2>\n\nDe\u0219i <strong>MQL5<\/strong> ne-ar aduce bani u\u0219ori, ar fi iresponsabil fa\u021b\u0103 de investitorii no\u0219tri.<br><br>\n\nAlegem modelul participativ. Acest lucru garanteaz\u0103: <strong>C\u00e2nd contul nostru real c\u00e2\u0219tig\u0103, al t\u0103u cre\u0219te sincronizat.<\/strong><br><br>\n\n<strong>\u201eCum \u0219tiu c\u0103 performan\u021ba este real\u0103?\u201d<\/strong><br><br>\n\nProfesioni\u0219tii se uit\u0103 la date. \u00cenva\u021b\u0103 s\u0103 folose\u0219ti Myfxbook pentru a demasca cele 90 la sut\u0103 de rezultate false din pia\u021b\u0103.\n<\/span><\/div>\n\t\t\t\t<div class=\"elementor-element elementor-element-02a8139 elementor-icon-list--layout-inline elementor-list-item-link-inline elementor-widget elementor-widget-icon-list\" data-id=\"02a8139\" data-element_type=\"widget\" data-widget_type=\"icon-list.default\">\n\t\t\t\t\t\t\t<ul class=\"elementor-icon-list-items elementor-inline-items\">\n\t\t\t\t\t\t\t<li class=\"elementor-icon-list-item elementor-inline-item\">\n\t\t\t\t\t\t\t\t\t\t\t<a href=\"https:\/\/mister.forex\/ro\/how-to-verify-forex-performance-myfxbook\/\">\n\n\t\t\t\t\t\t\t\t\t\t\t\t<span class=\"elementor-icon-list-icon\">\n\t\t\t\t\t\t\t<svg aria-hidden=\"true\" class=\"e-font-icon-svg e-far-check-circle\" viewbox=\"0 0 512 512\" xmlns=\"http:\/\/www.w3.org\/2000\/svg\"><path d=\"M256 8C119.033 8 8 119.033 8 256s111.033 248 248 248 248-111.033 248-248S392.967 8 256 8zm0 48c110.532 0 200 89.451 200 200 0 110.532-89.451 200-200 200-110.532 0-200-89.451-200-200 0-110.532 89.451-200 200-200m140.204 130.267l-22.536-22.718c-4.667-4.705-12.265-4.736-16.97-.068L215.346 303.697l-59.792-60.277c-4.667-4.705-12.265-4.736-16.97-.069l-22.719 22.536c-4.705 4.667-4.736 12.265-.068 16.971l90.781 91.516c4.667 4.705 12.265 4.736 16.97.068l172.589-171.204c4.704-4.668 4.734-12.266.067-16.971z\"><\/path><\/svg>\t\t\t\t\t\t<\/span>\n\t\t\t\t\t\t\t\t\t\t<span class=\"elementor-icon-list-text\">De ce este Myfxbook singurul adev\u0103r \u00een Forex? Costurile ascunse ale capturilor de ecran false<\/span>\n\t\t\t\t\t\t\t\t\t\t\t<\/a>\n\t\t\t\t\t\t\t\t\t<\/li>\n\t\t\t\t\t\t<\/ul>\n\t\t\t\t\t\t<\/div>\n\t\t\t\t\t<\/div>\n\t\t\t\t<\/div>\n\t\t\t\t<\/div>","protected":false},"excerpt":{"rendered":"<p>Erori de execu\u021bie ascunse \u00een MQL5 \u0219i SignalStart! De ce abonamentul fix este o otrav\u0103 pentru conturile mici. Analiza Mr.Forex: de ce alegem \u201ecomisionul de performan\u021b\u0103\u201d \u0219i un mediu unificat pentru a v\u0103 proteja profitul.<\/p>","protected":false},"author":1,"featured_media":66429,"parent":0,"menu_order":0,"comment_status":"closed","ping_status":"closed","template":"","meta":{"footnotes":""},"tags":[128],"class_list":["post-66400","page","type-page","status-publish","has-post-thumbnail","hentry","tag-no-google"],"_links":{"self":[{"href":"https:\/\/mister.forex\/ro\/wp-json\/wp\/v2\/pages\/66400","targetHints":{"allow":["GET"]}}],"collection":[{"href":"https:\/\/mister.forex\/ro\/wp-json\/wp\/v2\/pages"}],"about":[{"href":"https:\/\/mister.forex\/ro\/wp-json\/wp\/v2\/types\/page"}],"author":[{"embeddable":true,"href":"https:\/\/mister.forex\/ro\/wp-json\/wp\/v2\/users\/1"}],"replies":[{"embeddable":true,"href":"https:\/\/mister.forex\/ro\/wp-json\/wp\/v2\/comments?post=66400"}],"version-history":[{"count":12,"href":"https:\/\/mister.forex\/ro\/wp-json\/wp\/v2\/pages\/66400\/revisions"}],"predecessor-version":[{"id":70357,"href":"https:\/\/mister.forex\/ro\/wp-json\/wp\/v2\/pages\/66400\/revisions\/70357"}],"wp:featuredmedia":[{"embeddable":true,"href":"https:\/\/mister.forex\/ro\/wp-json\/wp\/v2\/media\/66429"}],"wp:attachment":[{"href":"https:\/\/mister.forex\/ro\/wp-json\/wp\/v2\/media?parent=66400"}],"wp:term":[{"taxonomy":"post_tag","embeddable":true,"href":"https:\/\/mister.forex\/ro\/wp-json\/wp\/v2\/tags?post=66400"}],"curies":[{"name":"wp","href":"https:\/\/api.w.org\/{rel}","templated":true}]}}