{"id":66480,"date":"2026-02-24T21:42:23","date_gmt":"2026-02-24T13:42:23","guid":{"rendered":"https:\/\/mister.forex\/?page_id=66480"},"modified":"2026-04-21T19:07:21","modified_gmt":"2026-04-21T11:07:21","slug":"ic-markets-mam-withdrawal-guide","status":"publish","type":"page","link":"https:\/\/mister.forex\/ro\/ic-markets-mam-withdrawal-guide\/","title":{"rendered":"Tutorial de retragere IC Markets MAM: Cum s\u0103 transfera\u021bi fondurile \u00eenapoi \u00een contul personal"},"content":{"rendered":"<div data-elementor-type=\"wp-page\" data-elementor-id=\"66480\" class=\"elementor elementor-66480\" data-elementor-post-type=\"page\">\n\t\t\t\t<div class=\"elementor-element elementor-element-99c3d86 e-flex e-con-boxed e-con e-parent\" data-id=\"99c3d86\" data-element_type=\"container\">\n\t\t\t\t\t<div class=\"e-con-inner\">\n\t\t\t\t<div class=\"elementor-element elementor-element-d947537 elementor-widget elementor-widget-spacer\" data-id=\"d947537\" data-element_type=\"widget\" data-widget_type=\"spacer.default\">\n\t\t\t\t\t\t\t<div class=\"elementor-spacer\">\n\t\t\t<div class=\"elementor-spacer-inner\"><\/div>\n\t\t<\/div>\n\t\t\t\t\t\t<\/div>\n\t\t\t\t<div class=\"elementor-element elementor-element-ff00f82 elementor-widget elementor-widget-heading\" data-id=\"ff00f82\" data-element_type=\"widget\" data-widget_type=\"heading.default\">\n\t\t\t\t\t<h1 class=\"elementor-heading-title elementor-size-default\">Retragere de fonduri IC Markets MAM<\/h1>\t\t\t\t<\/div>\n\t\t\t\t<div class=\"elementor-element elementor-element-31aee80 elementor-widget elementor-widget-text-editor\" data-id=\"31aee80\" data-element_type=\"widget\" data-widget_type=\"text-editor.default\">\n\t\t\t\t\t\t\t\t\t<p class=\" translation-block\">Pentru a retrage fonduri din subcontul <strong>MAM<\/strong> \u00een contul personal, urma\u021bi ace\u0219ti pa\u0219i.<\/p>\t\t\t\t\t\t\t\t<\/div>\n\t\t\t\t<div class=\"elementor-element elementor-element-cd0858e elementor-icon-list--layout-inline elementor-list-item-link-inline elementor-widget elementor-widget-icon-list\" data-id=\"cd0858e\" data-element_type=\"widget\" data-widget_type=\"icon-list.default\">\n\t\t\t\t\t\t\t<ul class=\"elementor-icon-list-items elementor-inline-items\">\n\t\t\t\t\t\t\t<li class=\"elementor-icon-list-item elementor-inline-item\">\n\t\t\t\t\t\t\t\t\t\t\t<a href=\"https:\/\/mister.forex\/wp-content\/uploads\/2026\/02\/MAM-Transfer-ICM-Raw-Trading.pdf\" target=\"_blank\">\n\n\t\t\t\t\t\t\t\t\t\t\t\t<span class=\"elementor-icon-list-icon\">\n\t\t\t\t\t\t\t<svg aria-hidden=\"true\" class=\"e-font-icon-svg e-fas-file-download\" viewbox=\"0 0 384 512\" xmlns=\"http:\/\/www.w3.org\/2000\/svg\"><path d=\"M224 136V0H24C10.7 0 0 10.7 0 24v464c0 13.3 10.7 24 24 24h336c13.3 0 24-10.7 24-24V160H248c-13.2 0-24-10.8-24-24zm76.45 211.36l-96.42 95.7c-6.65 6.61-17.39 6.61-24.04 0l-96.42-95.7C73.42 337.29 80.54 320 94.82 320H160v-80c0-8.84 7.16-16 16-16h32c8.84 0 16 7.16 16 16v80h65.18c14.28 0 21.4 17.29 11.27 27.36zM377 105L279.1 7c-4.5-4.5-10.6-7-17-7H256v128h128v-6.1c0-6.3-2.5-12.4-7-16.9z\"><\/path><\/svg>\t\t\t\t\t\t<\/span>\n\t\t\t\t\t\t\t\t\t\t<span class=\"elementor-icon-list-text\">Desc\u0103rca\u021bi formularul de transfer de fonduri IC Markets<\/span>\n\t\t\t\t\t\t\t\t\t\t\t<\/a>\n\t\t\t\t\t\t\t\t\t<\/li>\n\t\t\t\t\t\t<\/ul>\n\t\t\t\t\t\t<\/div>\n\t\t\t\t<div class=\"elementor-element elementor-element-b36adde elementor-icon-list--layout-inline elementor-list-item-link-inline elementor-widget elementor-widget-icon-list\" data-id=\"b36adde\" data-element_type=\"widget\" data-widget_type=\"icon-list.default\">\n\t\t\t\t\t\t\t<ul class=\"elementor-icon-list-items elementor-inline-items\">\n\t\t\t\t\t\t\t<li class=\"elementor-icon-list-item elementor-inline-item\">\n\t\t\t\t\t\t\t\t\t\t\t<a href=\"https:\/\/www.sejda.com\/pdf-editor\" target=\"_blank\" rel=\"nofollow noopener\">\n\n\t\t\t\t\t\t\t\t\t\t\t\t<span class=\"elementor-icon-list-icon\">\n\t\t\t\t\t\t\t<svg aria-hidden=\"true\" class=\"e-font-icon-svg e-fas-pencil-alt\" viewbox=\"0 0 512 512\" xmlns=\"http:\/\/www.w3.org\/2000\/svg\"><path d=\"M497.9 142.1l-46.1 46.1c-4.7 4.7-12.3 4.7-17 0l-111-111c-4.7-4.7-4.7-12.3 0-17l46.1-46.1c18.7-18.7 49.1-18.7 67.9 0l60.1 60.1c18.8 18.7 18.8 49.1 0 67.9zM284.2 99.8L21.6 362.4.4 483.9c-2.9 16.4 11.4 30.6 27.8 27.8l121.5-21.3 262.6-262.6c4.7-4.7 4.7-12.3 0-17l-111-111c-4.8-4.7-12.4-4.7-17.1 0zM124.1 339.9c-5.5-5.5-5.5-14.3 0-19.8l154-154c5.5-5.5 14.3-5.5 19.8 0s5.5 14.3 0 19.8l-154 154c-5.5 5.5-14.3 5.5-19.8 0zM88 424h48v36.3l-64.5 11.3-31.1-31.1L51.7 376H88v48z\"><\/path><\/svg>\t\t\t\t\t\t<\/span>\n\t\t\t\t\t\t\t\t\t\t<span class=\"elementor-icon-list-text\">Completa\u021bi \u0219i semna\u021bi fi\u0219ierele online simplu \u0219i rapid.<\/span>\n\t\t\t\t\t\t\t\t\t\t\t<\/a>\n\t\t\t\t\t\t\t\t\t<\/li>\n\t\t\t\t\t\t<\/ul>\n\t\t\t\t\t\t<\/div>\n\t\t\t\t<div class=\"elementor-element elementor-element-d13ecca elementor-widget elementor-widget-html translation-block\" data-id=\"d13ecca\" data-element_type=\"widget\" data-widget_type=\"html.default\"><span>\n<h2><strong>I. Ghid de completare<\/strong><\/h2>\nAcest formular este \u00eemp\u0103r\u021bit \u00een urm\u0103toarele sec\u021biuni. V\u0103 rug\u0103m s\u0103 \u00eel completa\u021bi \u00een \u00eentregime \u00een limba englez\u0103:<br>\n<br>\n<strong>1. Your Details<\/strong><br><br>\n<ul>\n    <li><strong>First\/Last Name<\/strong>: Numele dvs. \u00een limba englez\u0103, trebuie s\u0103 coincid\u0103 cu actul de identitate utilizat la deschiderea contului.<\/li>\n    <li><strong>Email\/Phone<\/strong>: Adresa de e-mail \u00eenregistrat\u0103 \u0219i num\u0103rul de telefon de contact.<\/li>\n    <li><strong>Sub Account Number<\/strong>: Introduce\u021bi num\u0103rul subcontului MAM din care dori\u021bi s\u0103 retrage\u021bi fonduri.<\/li>\n    <li><strong>Date<\/strong>: Introduce\u021bi data cererii.<\/li>\n<\/ul>\n<img class=\"aligncenter size-large wp-image-66512\" src=\"https:\/\/mister.forex\/wp-content\/uploads\/2026\/02\/IC-Markets-MAM-Transfer-01-1200x305.webp\" alt=\"\" width=\"800\" height=\"203\" \/>\n<br>\n\n<strong>2. Your Money Managers Details<\/strong><br><br>\n<ul>\n    <li><strong>First\/Last Name<\/strong>: Numele managerului de strategie (precompletat).<\/li>\n    <li><strong>Company\/MAM Name<\/strong>: Numele strategiei, de exemplu: Alpha Gold.<\/li>\n<\/ul>\n<br>\n<img class=\"aligncenter size-large wp-image-66513\" src=\"https:\/\/mister.forex\/wp-content\/uploads\/2026\/02\/IC-Markets-MAM-Transfer-02-1200x212.webp\" alt=\"\" width=\"800\" height=\"141\" \/>\n<br>\n<strong>3. Transfer Amount<\/strong><br><br>\n<ul>\n    <li><strong>Transfer Amount<\/strong>: Suma numeric\u0103 pe care dori\u021bi s\u0103 o transfera\u021bi.<\/li>\n    <li><strong>Amount in Words<\/strong>: Suma \u00een litere \u00een limba englez\u0103, de exemplu: One Thousand.<\/li>\n    <li><strong>Receiving ICM Account<\/strong>: Num\u0103rul contului de tranzac\u021bionare personal care va primi aceste fonduri.<\/li>\n    <li><strong>Currency<\/strong>: Tipul valutei, implicit este USD.<\/li>\n<\/ul>\n<br>\n<img class=\"aligncenter size-large wp-image-66514\" src=\"https:\/\/mister.forex\/wp-content\/uploads\/2026\/02\/IC-Markets-MAM-Transfer-03-1200x340.webp\" alt=\"\" width=\"800\" height=\"227\" \/>\n<br>\n<strong>4. Checkboxes<\/strong><br><br>\n<ul>\n    <li><strong>Does your account currently have open trades?<\/strong>: Bifa\u021bi aici dac\u0103 \u00een cont exist\u0103 tranzac\u021bii deschise; sistemul va \u00eenchide pozi\u021biile propor\u021bional \u00een timpul transferului.<\/li>\n    <li><strong>Are you transferring your balance?<\/strong>: Bifa\u021bi aici dac\u0103 inten\u021biona\u021bi s\u0103 transfera\u021bi \u00eentregul sold al subcontului.<\/li>\n<\/ul>\n<br>\n<img class=\"aligncenter size-large wp-image-66515\" src=\"https:\/\/mister.forex\/wp-content\/uploads\/2026\/02\/IC-Markets-MAM-Transfer-04-1200x102.webp\" alt=\"\" width=\"800\" height=\"68\" \/>\n<br>\n<h2><strong>II. Semn\u0103tura \u0219i trimiterea<\/strong><\/h2>\n<ul>\n    <li><strong>Signature<\/strong>: V\u0103 rug\u0103m s\u0103 semna\u021bi olograf sau electronic \u00een zona dedicat\u0103; semn\u0103tura trebuie s\u0103 coincid\u0103 cu cea furnizat\u0103 la deschiderea contului.<\/li>\n    <li><strong>Trimite\u021bi e-mail<\/strong>: Fotografia\u021bi sau scana\u021bi formularul completat \u0219i trimite\u021bi-l ca ata\u0219ament prin e-mail c\u0103tre <strong>IC Markets<\/strong> (<a href=\"mailto:accounts@icmarkets.com\" target=\"_blank\" rel=\"nofollow noopener\">accounts@icmarkets.com<\/a>).<\/li>\n    <li><strong>Copie (CC)<\/strong>: Trimite\u021bi simultan o copie c\u0103tre <strong>Mr.Forex<\/strong> (<a href=\"mailto:support@mister.forex\" target=\"_blank\" rel=\"nofollow noopener\">support@mister.forex<\/a>) pentru confirmarea rapid\u0103 a primirii.<\/li>\n<\/ul>\n<br>\n<img class=\"aligncenter size-large wp-image-66516\" src=\"https:\/\/mister.forex\/wp-content\/uploads\/2026\/02\/IC-Markets-MAM-Transfer-05-1200x335.webp\" alt=\"\" width=\"800\" height=\"223\" \/>\n<h2><strong>III. Note importante<\/strong><\/h2>\n<ul>\n    <li><strong>Procesul de confirmare<\/strong>: Dup\u0103 primirea cererii dvs., IC Markets va executa transferul numai dup\u0103 ce managerul de strategie confirm\u0103 primirea acestei solicit\u0103ri.<\/li>\n    <li><strong>Gestionarea pozi\u021biilor<\/strong>: Deoarece MAM utilizeaz\u0103 tranzac\u021bionarea propor\u021bional\u0103, retragerea fondurilor necesit\u0103 de obicei \u00eenchiderea unor pozi\u021bii, ceea ce va rezulta \u00eentr-o decontare corespunz\u0103toare a profitului sau pierderii.<\/li>\n<\/ul>\n<\/span><\/div>\n\t\t\t\t<div class=\"elementor-element elementor-element-eb9e9d4 elementor-widget elementor-widget-spacer\" data-id=\"eb9e9d4\" data-element_type=\"widget\" data-widget_type=\"spacer.default\">\n\t\t\t\t\t\t\t<div class=\"elementor-spacer\">\n\t\t\t<div class=\"elementor-spacer-inner\"><\/div>\n\t\t<\/div>\n\t\t\t\t\t\t<\/div>\n\t\t\t\t\t<\/div>\n\t\t\t\t<\/div>\n\t\t\t\t<\/div>","protected":false},"excerpt":{"rendered":"<p>Acest ghid v\u0103 ajut\u0103 s\u0103 completa\u021bi Formularul de transfer IC Markets MAM pentru a retrage cu succes fonduri din subcontul MAM \u00een contul personal. Acesta include completarea sumei, detaliile subcontului \u0219i procesul oficial de trimitere a e-mailului pentru a asigura un proces de retragere rapid \u0219i transparent.<\/p>","protected":false},"author":1,"featured_media":66487,"parent":0,"menu_order":0,"comment_status":"closed","ping_status":"closed","template":"","meta":{"footnotes":""},"tags":[128],"class_list":["post-66480","page","type-page","status-publish","has-post-thumbnail","hentry","tag-no-google"],"_links":{"self":[{"href":"https:\/\/mister.forex\/ro\/wp-json\/wp\/v2\/pages\/66480","targetHints":{"allow":["GET"]}}],"collection":[{"href":"https:\/\/mister.forex\/ro\/wp-json\/wp\/v2\/pages"}],"about":[{"href":"https:\/\/mister.forex\/ro\/wp-json\/wp\/v2\/types\/page"}],"author":[{"embeddable":true,"href":"https:\/\/mister.forex\/ro\/wp-json\/wp\/v2\/users\/1"}],"replies":[{"embeddable":true,"href":"https:\/\/mister.forex\/ro\/wp-json\/wp\/v2\/comments?post=66480"}],"version-history":[{"count":3,"href":"https:\/\/mister.forex\/ro\/wp-json\/wp\/v2\/pages\/66480\/revisions"}],"predecessor-version":[{"id":70548,"href":"https:\/\/mister.forex\/ro\/wp-json\/wp\/v2\/pages\/66480\/revisions\/70548"}],"wp:featuredmedia":[{"embeddable":true,"href":"https:\/\/mister.forex\/ro\/wp-json\/wp\/v2\/media\/66487"}],"wp:attachment":[{"href":"https:\/\/mister.forex\/ro\/wp-json\/wp\/v2\/media?parent=66480"}],"wp:term":[{"taxonomy":"post_tag","embeddable":true,"href":"https:\/\/mister.forex\/ro\/wp-json\/wp\/v2\/tags?post=66480"}],"curies":[{"name":"wp","href":"https:\/\/api.w.org\/{rel}","templated":true}]}}