{"id":11752,"date":"2024-04-01T16:47:13","date_gmt":"2024-04-01T08:47:13","guid":{"rendered":"http:\/\/192.168.0.254\/?page_id=11752"},"modified":"2026-04-18T02:49:22","modified_gmt":"2026-04-17T18:49:22","slug":"privacy","status":"publish","type":"page","link":"https:\/\/mister.forex\/sv\/privacy\/","title":{"rendered":"Integritetspolicy: S\u00e5 skyddar vi dina uppgifter | Mr.Forex"},"content":{"rendered":"<div data-elementor-type=\"wp-page\" data-elementor-id=\"11752\" class=\"elementor elementor-11752\" data-elementor-post-type=\"page\">\n\t\t\t\t<div class=\"elementor-element elementor-element-581c030 e-flex e-con-boxed e-con e-parent\" data-id=\"581c030\" data-element_type=\"container\" data-settings=\"{&quot;background_background&quot;:&quot;classic&quot;}\">\n\t\t\t\t\t<div class=\"e-con-inner\">\n\t\t<div class=\"elementor-element elementor-element-2ee0f91 e-flex e-con-boxed e-con e-child\" data-id=\"2ee0f91\" data-element_type=\"container\">\n\t\t\t\t\t<div class=\"e-con-inner\">\n\t\t\t\t<div class=\"elementor-element elementor-element-569d822 elementor-widget elementor-widget-heading\" data-id=\"569d822\" data-element_type=\"widget\" data-widget_type=\"heading.default\">\n\t\t\t\t\t<h1 class=\"elementor-heading-title elementor-size-default\">Integritetspolicy<\/h1>\t\t\t\t<\/div>\n\t\t\t\t\t<\/div>\n\t\t\t\t<\/div>\n\t\t\t\t<div class=\"elementor-element elementor-element-581eb10 elementor-widget__width-inherit elementor-absolute elementor-widget elementor-widget-image\" data-id=\"581eb10\" data-element_type=\"widget\" data-settings=\"{&quot;_position&quot;:&quot;absolute&quot;}\" data-widget_type=\"image.default\">\n\t\t\t\t\t\t\t\t\t\t\t\t\t\t\t<img fetchpriority=\"high\" decoding=\"async\" width=\"500\" height=\"281\" src=\"https:\/\/mister.forex\/wp-content\/uploads\/2025\/12\/Privacy-500x281.webp\" class=\"attachment-medium size-medium wp-image-62783\" alt=\"\" srcset=\"https:\/\/mister.forex\/wp-content\/uploads\/2025\/12\/Privacy-500x281.webp 500w, https:\/\/mister.forex\/wp-content\/uploads\/2025\/12\/Privacy-300x169.webp 300w, https:\/\/mister.forex\/wp-content\/uploads\/2025\/12\/Privacy-768x432.webp 768w, https:\/\/mister.forex\/wp-content\/uploads\/2025\/12\/Privacy-18x10.webp 18w, https:\/\/mister.forex\/wp-content\/uploads\/2025\/12\/Privacy.webp 1200w\" sizes=\"(max-width: 500px) 100vw, 500px\" \/>\t\t\t\t\t\t\t\t\t\t\t\t\t\t\t<\/div>\n\t\t\t\t\t<\/div>\n\t\t\t\t<\/div>\n\t\t<div class=\"elementor-element elementor-element-3192ffe e-flex e-con-boxed e-con e-parent\" data-id=\"3192ffe\" data-element_type=\"container\">\n\t\t\t\t\t<div class=\"e-con-inner\">\n\t\t\t\t<div class=\"elementor-element elementor-element-3bd89c5 elementor-widget elementor-widget-spacer\" data-id=\"3bd89c5\" data-element_type=\"widget\" data-widget_type=\"spacer.default\">\n\t\t\t\t\t\t\t<div class=\"elementor-spacer\">\n\t\t\t<div class=\"elementor-spacer-inner\"><\/div>\n\t\t<\/div>\n\t\t\t\t\t\t<\/div>\n\t\t\t\t<div class=\"elementor-element elementor-element-41da8c8 elementor-widget elementor-widget-html translation-block\" data-id=\"41da8c8\" data-element_type=\"widget\" data-widget_type=\"html.default\"><span>\nDenna integritetspolicy beskriver hur Mr.Forex anv\u00e4nder och skyddar all information som du tillhandah\u00e5ller n\u00e4r du anv\u00e4nder denna webbplats. Genom att forts\u00e4tta surfa p\u00e5 eller anv\u00e4nda denna webbplats godk\u00e4nner du att f\u00f6lja och vara bunden av f\u00f6ljande integritetspolicy, som tillsammans med v\u00e5ra anv\u00e4ndarvillkor styr relationen mellan Mr.Forex och dig.<br>\n<br>\nDetta integritetsmeddelande g\u00e4ller alla Mr.Forex webbplatser, applikationer, tj\u00e4nster eller verktyg (kollektivt kallade \"Tj\u00e4nster\") d\u00e4r detta meddelande refereras, oavsett hur du f\u00e5r \u00e5tkomst till eller anv\u00e4nder dem, inklusive via mobila enheter.<br>\n<br>\nL\u00e4s igenom hela webbplatsens integritetspolicy noggrant innan du godk\u00e4nner den. Genom att se eller anv\u00e4nda n\u00e5gon del av denna webbplats godk\u00e4nner du att f\u00f6lja webbplatsens fullst\u00e4ndiga integritetspolicy.<br>\n<br>\nTermerna \"Mr.Forex\", \"denna webbplats\", \"sajten\", \"oss\" eller \"vi\" syftar p\u00e5 webbplatsens \u00e4gare. Termen \"du\" syftar p\u00e5 anv\u00e4ndaren eller bes\u00f6karen p\u00e5 v\u00e5r webbplats.<br>\n<br>\nMr.Forex \u00e5tar sig att s\u00e4kerst\u00e4lla att din integritet \u00e4r skyddad i enlighet med denna integritetspolicy. Om vi ber dig att tillhandah\u00e5lla viss information genom vilken du kan identifieras n\u00e4r du anv\u00e4nder denna webbplats, kan du vara s\u00e4ker p\u00e5 att den endast kommer att anv\u00e4ndas i enlighet med denna integritetspolicy.<br>\n<br>\nMr.Forex kan \u00e4ndra denna policy fr\u00e5n tid till annan genom att uppdatera denna sida. Genom att tillhandah\u00e5lla information till Mr.Forex accepterar du s\u00e5dana \u00e4ndringar. Du b\u00f6r kontrollera denna sida regelbundet f\u00f6r att se eventuella \u00e4ndringar.<br>\n<br>\n<h2><strong>1. Vad \u00e4r personuppgifter?<\/strong><\/h2>\nPersonuppgifter \u00e4r information som r\u00f6r en identifierad eller identifierbar fysisk person. En identifierbar fysisk person \u00e4r en person som kan identifieras, direkt eller indirekt, genom h\u00e4nvisning till en identifierare som ett namn, ett identifikationsnummer, lokaliseringsuppgifter, en online-identifierare eller till en eller flera faktorer som \u00e4r specifika f\u00f6r den fysiska personens fysiska, fysiologiska, genetiska, mentala, ekonomiska, kulturella eller sociala identitet.<br>\n<br>\nVi anser inte att personuppgifter inkluderar information som har anonymiserats eller aggregerats s\u00e5 att den inte l\u00e4ngre kan anv\u00e4ndas f\u00f6r att identifiera en specifik fysisk person, vare sig i kombination med annan information eller p\u00e5 annat s\u00e4tt.<br>\nVi samlar in personuppgifter fr\u00e5n dig n\u00e4r du anv\u00e4nder v\u00e5ra Tj\u00e4nster.<br>\n<br>\n<h2><strong>2. Vad vi samlar in<\/strong><\/h2>\nAtt tillhandah\u00e5lla personuppgifter \u00e4r frivilligt, men kan vara ett krav f\u00f6r att anv\u00e4nda v\u00e5ra Tj\u00e4nster (t.ex. f\u00f6r att registrera ett konto).<br>\nVi kan samla in f\u00f6ljande personuppgifter:<br>\n<ul>\n    <li>Identifieringsuppgifter, s\u00e5som namn, \u00e5lder etc.<\/li>\n    <li>Kontaktinformation, inklusive e-postadress, telefonnummer etc.<\/li>\n    <li>Demografisk information s\u00e5som postnummer, preferenser, intressen etc.<\/li>\n    <li>Information som vi \u00e4r skyldiga eller auktoriserade av till\u00e4mplig nationell lagstiftning att samla in och behandla f\u00f6r att verifiera eller identifiera dig.<\/li>\n    <li>All information som tillhandah\u00e5lls av dig n\u00e4r du anv\u00e4nder v\u00e5ra Tj\u00e4nster (community-diskussioner, kontaktformul\u00e4r, koppling av handelskonton etc.).<\/li>\n<\/ul>\n<br>\n<h2><strong>3. Personuppgifter vi samlar in automatiskt<\/strong><\/h2>\nVi samlar in information om din interaktion med v\u00e5ra Tj\u00e4nster och din kommunikation med oss. Detta \u00e4r information vi f\u00e5r fr\u00e5n enheter (inklusive mobila enheter) som du anv\u00e4nder n\u00e4r du bes\u00f6ker v\u00e5ra Tj\u00e4nster, s\u00e5som enhets-ID, enhetstyp och unika tokens.<br>\n<br>\nPlatsinformation. Observera att n\u00e4r du anv\u00e4nder en mobil enhet kan du kontrollera eller inaktivera anv\u00e4ndningen av platstj\u00e4nster f\u00f6r valfri applikation i enhetens inst\u00e4llningsmeny.<br>\n<br>\nDator- och anslutningsinformation s\u00e5som statistik \u00f6ver sidvisningar, trafik till och fr\u00e5n webbplatser, h\u00e4nvisnings-URL, annonsdata, IP-adress, webbhistorik och webblogginformation.<br>\n<br>\n<h2><strong>4. Personuppgifter som samlas in med cookies och liknande tekniker<\/strong><\/h2>\nVi anv\u00e4nder cookies, web beacons (eller pixlar), unika identifierare och liknande tekniker f\u00f6r att samla in information om de sidor du ser, de l\u00e4nkar du klickar p\u00e5 och andra \u00e5tg\u00e4rder du vidtar n\u00e4r du anv\u00e4nder v\u00e5ra Tj\u00e4nster, i v\u00e5r annonsering eller i e-postinneh\u00e5ll.<br>\n<br>\nVi anv\u00e4nder Google Analytics (Google Inc.) f\u00f6r att optimera v\u00e5r webbplats. Google Analytics anv\u00e4nder cookies f\u00f6r att skapa anonyma anv\u00e4ndarprofiler och analysera webbplatsens anv\u00e4ndning. Informationen (t.ex. webbl\u00e4sartyp, operativsystem, IP-adress) skickas vanligtvis till och lagras p\u00e5 Googles servrar.<br>\n<br>\n<h2><strong>5. Hur vi anv\u00e4nder cookies?<\/strong><\/h2>\nEn cookie \u00e4r en liten fil som ber om tillst\u00e5nd att placeras p\u00e5 din dators h\u00e5rddisk. Cookies hj\u00e4lper till att analysera webbtrafik och l\u00e5ter webbapplikationer svara dig som individ genom att komma ih\u00e5g dina preferenser.<br>\n<br>\nVi anv\u00e4nder trafiklogg-cookies f\u00f6r att identifiera vilka sidor som anv\u00e4nds. Detta hj\u00e4lper oss att f\u00f6rb\u00e4ttra v\u00e5r webbplats f\u00f6r att m\u00f6ta kundernas behov. Vi anv\u00e4nder endast denna information f\u00f6r statistiska analys\u00e4ndam\u00e5l och sedan tas data bort fr\u00e5n systemet.<br>\n<br>\nSammantaget hj\u00e4lper cookies oss att ge dig en b\u00e4ttre webbplats. En cookie ger oss inte p\u00e5 n\u00e5got s\u00e4tt tillg\u00e5ng till din dator eller n\u00e5gon information om dig, f\u00f6rutom de data du v\u00e4ljer att dela med oss. Du kan v\u00e4lja att acceptera eller avvisa cookies i din webbl\u00e4sare, men detta kan hindra dig fr\u00e5n att dra full nytta av webbplatsens funktioner.<br>\n<br>\n<h2><strong>6. Personuppgifter insamlade fr\u00e5n andra k\u00e4llor<\/strong><\/h2>\nVi till\u00e5ter dig att dela information med sociala medier eller anv\u00e4nda dessa f\u00f6r att skapa\/koppla ditt konto. Dessa sajter kan ge oss automatisk tillg\u00e5ng till viss information de har om dig (visat inneh\u00e5ll, \"likes\", klickade annonser etc.). Du kan kontrollera detta via integritetsinst\u00e4llningarna p\u00e5 respektive socialt n\u00e4tverk. Om du l\u00e4mnar uppgifter om en tredje part m\u00e5ste du ha dennes tillst\u00e5nd.<br>\n<br>\n<h2><strong>7. Hur vi anv\u00e4nder den insamlade informationen<\/strong><\/h2>\nVi beh\u00f6ver denna information f\u00f6r att f\u00f6rst\u00e5 dina behov och ge dig en b\u00e4ttre tj\u00e4nst, s\u00e4rskilt f\u00f6r:<br>\n<ul>\n    <li>Intern journalf\u00f6ring.<\/li>\n    <li>Tillhandah\u00e5llande av kundtj\u00e4nst.<\/li>\n    <li>F\u00f6rb\u00e4ttring av v\u00e5ra produkter och tj\u00e4nster.<\/li>\n    <li>Periodisk utskick av e-post om nya produkter eller specialerbjudanden.<\/li>\n    <li>Utskick av aviseringar baserat p\u00e5 dina kontoinst\u00e4llningar.<\/li>\n    <li>Personalisering av din upplevelse p\u00e5 webbplatsen (annonsering och marknadsf\u00f6ring).<\/li>\n    <li>Uppt\u00e4cka och f\u00f6rhindra bedr\u00e4gerier eller olaglig verksamhet.<\/li>\n<\/ul>\n<br>\n<h2><strong>8. Tillg\u00e5ng till, kontroll och korrigering av personuppgifter<\/strong><\/h2>\nVi respekterar dina lagstadgade r\u00e4ttigheter att f\u00e5 tillg\u00e5ng till, korrigera, beg\u00e4ra radering eller begr\u00e4nsa anv\u00e4ndningen av dina personuppgifter. Vi vidtar \u00e5tg\u00e4rder f\u00f6r att s\u00e4kerst\u00e4lla att den information vi samlar in \u00e4r korrekt och uppdaterad.<br>\n<br>\nDina r\u00e4ttigheter inkluderar:<br>\n<ul>\n    <li>R\u00e4tt till tillg\u00e5ng<\/li>\n    <li>R\u00e4tt till r\u00e4ttelse<\/li>\n    <li>R\u00e4tt till radering (r\u00e4tten att bli bortgl\u00f6md)<\/li>\n    <li>R\u00e4tt till begr\u00e4nsning av behandling<\/li>\n    <li>R\u00e4tt till dataportabilitet<\/li>\n    <li>R\u00e4tt att g\u00f6ra inv\u00e4ndningar (t.ex. vid direktmarknadsf\u00f6ring)<\/li>\n    <li>R\u00e4tt att n\u00e4r som helst \u00e5terkalla samtycke<\/li>\n    <li>R\u00e4tt att l\u00e4mna in klagom\u00e5l till en tillsynsmyndighet.<\/li>\n<\/ul>\nDu kan ut\u00f6va dina r\u00e4ttigheter via kontaktformul\u00e4ret p\u00e5 webbplatsen.<br>\n<br>\n\n<h2><strong>9. Hur vi kan dela dina personuppgifter<\/strong><\/h2>\nVi kan l\u00e4mna ut dina personuppgifter till andra f\u00f6retag inom Mr.Forex-koncernen eller till tredje part f\u00f6r att tillhandah\u00e5lla v\u00e5ra Tj\u00e4nster, uppfylla lagstadgade skyldigheter eller f\u00f6rhindra bedr\u00e4gerier. Vi s\u00e4ljer eller hyr inte ut dina uppgifter till tredje part f\u00f6r deras marknadsf\u00f6rings\u00e4ndam\u00e5l utan ditt samtycke.<br>\n<br>\nI h\u00e4ndelse av en fusion eller f\u00f6rv\u00e4rv av Mr.Forex f\u00f6rbeh\u00e5ller vi oss r\u00e4tten att \u00f6verf\u00f6ra informationen till den nya \u00e4garen. Vid konkurs kan vi f\u00f6rlora kontrollen \u00f6ver hur din information behandlas.<br>\n<br>\n<h2><strong>10. Hur l\u00e4nge vi sparar dina personuppgifter<\/strong><\/h2>\nVi sparar personuppgifter endast s\u00e5 l\u00e4nge det \u00e4r n\u00f6dv\u00e4ndigt f\u00f6r de syften som beskrivs. P\u00e5 grund av lagstadgade skyldigheter (skatt, bokf\u00f6ring, AML-regler) kan vi dock spara vissa uppgifter i 5 till 7 \u00e5r efter att kontot har avslutats. D\u00e4refter raderas eller anonymiseras data p\u00e5 ett s\u00e4kert s\u00e4tt.<br>\n<br>\n<h2><strong>11. Hur vi skyddar dina personuppgifter<\/strong><\/h2>\nVi anv\u00e4nder s\u00e4ker serverprogramvara (SSL) och brandv\u00e4ggar f\u00f6r att skydda din information mot obeh\u00f6rig \u00e5tkomst. \u00c5tkomst \u00e4r begr\u00e4nsad till anst\u00e4llda och leverant\u00f6rer som har ett verkligt behov av informationen f\u00f6r att utf\u00f6ra sitt arbete.<br>\n<br>\nIngen metod f\u00f6r \u00f6verf\u00f6ring via Internet \u00e4r 100% s\u00e4ker. \u00c4ven om vi anv\u00e4nder kommersiellt acceptabla skyddsmetoder kan vi inte garantera absolut s\u00e4kerhet f\u00f6r data.<br>\n<br>\n<h2><strong>12. L\u00e4nkar till andra webbplatser<\/strong><\/h2>\nV\u00e5r webbplats kan inneh\u00e5lla l\u00e4nkar till andra webbplatser. N\u00e4r du l\u00e4mnar v\u00e5r webbplats har vi ingen kontroll \u00f6ver integritetsskyddet p\u00e5 dessa andra sajter. Var f\u00f6rsiktig och l\u00e4s integritetspolicyn f\u00f6r respektive webbplats.<br>\n<br>\n<h2><strong>13. \u00d6vrigt<\/strong><\/h2>\nOm n\u00e5gon best\u00e4mmelse i denna policy anses vara ogenomf\u00f6rbar, kommer det inte att p\u00e5verka giltigheten av de \u00e5terst\u00e5ende best\u00e4mmelserna. Den ogenomf\u00f6rbara best\u00e4mmelsen kommer att ers\u00e4ttas med en giltig best\u00e4mmelse som b\u00e4st \u00e5terspeglar den ursprungliga avsikten.<br>\n<br>\n<h2><strong>14. Spr\u00e5kversion<\/strong><\/h2>\nDessa juridiska villkor kan tillhandah\u00e5llas p\u00e5 flera spr\u00e5k. Vid eventuella \u00f6vers\u00e4ttningsfel eller skillnader i tolkning \u00e4r den engelska versionen den enda officiella och har juridisk verkan.<br>\n<br>\n<h2><strong>15. Gr\u00e4ns\u00f6verskridande data\u00f6verf\u00f6ring<\/strong><\/h2>\nEftersom Mr.Forex (Shine Wealth Co., Ltd.) verkar globalt, kan din information \u00f6verf\u00f6ras till och behandlas p\u00e5 servrar utanf\u00f6r ditt bos\u00e4ttningsland (inklusive Taiwan och USA). Genom att anv\u00e4nda denna webbplats samtycker du uttryckligen till denna \u00f6verf\u00f6ring. Vi vidtar s\u00e4kerhets\u00e5tg\u00e4rder enligt branschstandard f\u00f6r att skydda dina data.<br>\n<\/span><\/div>\n\t\t\t\t<div class=\"elementor-element elementor-element-86eb646 elementor-widget elementor-widget-spacer\" data-id=\"86eb646\" data-element_type=\"widget\" data-widget_type=\"spacer.default\">\n\t\t\t\t\t\t\t<div class=\"elementor-spacer\">\n\t\t\t<div class=\"elementor-spacer-inner\"><\/div>\n\t\t<\/div>\n\t\t\t\t\t\t<\/div>\n\t\t\t\t\t<\/div>\n\t\t\t\t<\/div>\n\t\t\t\t<\/div>","protected":false},"excerpt":{"rendered":"<p>V\u00e5r policy beskriver hur vi skyddar dina uppgifter och f\u00f6ljer lagen f\u00f6r att v\u00e4rna om din integritet.<\/p>","protected":false},"author":1,"featured_media":62783,"parent":0,"menu_order":0,"comment_status":"closed","ping_status":"closed","template":"","meta":{"footnotes":""},"tags":[],"class_list":["post-11752","page","type-page","status-publish","has-post-thumbnail","hentry"],"_links":{"self":[{"href":"https:\/\/mister.forex\/sv\/wp-json\/wp\/v2\/pages\/11752","targetHints":{"allow":["GET"]}}],"collection":[{"href":"https:\/\/mister.forex\/sv\/wp-json\/wp\/v2\/pages"}],"about":[{"href":"https:\/\/mister.forex\/sv\/wp-json\/wp\/v2\/types\/page"}],"author":[{"embeddable":true,"href":"https:\/\/mister.forex\/sv\/wp-json\/wp\/v2\/users\/1"}],"replies":[{"embeddable":true,"href":"https:\/\/mister.forex\/sv\/wp-json\/wp\/v2\/comments?post=11752"}],"version-history":[{"count":27,"href":"https:\/\/mister.forex\/sv\/wp-json\/wp\/v2\/pages\/11752\/revisions"}],"predecessor-version":[{"id":70325,"href":"https:\/\/mister.forex\/sv\/wp-json\/wp\/v2\/pages\/11752\/revisions\/70325"}],"wp:featuredmedia":[{"embeddable":true,"href":"https:\/\/mister.forex\/sv\/wp-json\/wp\/v2\/media\/62783"}],"wp:attachment":[{"href":"https:\/\/mister.forex\/sv\/wp-json\/wp\/v2\/media?parent=11752"}],"wp:term":[{"taxonomy":"post_tag","embeddable":true,"href":"https:\/\/mister.forex\/sv\/wp-json\/wp\/v2\/tags?post=11752"}],"curies":[{"name":"wp","href":"https:\/\/api.w.org\/{rel}","templated":true}]}}