{"id":57412,"date":"2025-08-10T21:56:08","date_gmt":"2025-08-10T13:56:08","guid":{"rendered":"http:\/\/test.swqi.tw\/?page_id=57412"},"modified":"2025-12-03T03:33:50","modified_gmt":"2025-12-02T19:33:50","slug":"your-first-trading-plan","status":"publish","type":"page","link":"https:\/\/mister.forex\/sv\/your-first-trading-plan\/","title":{"rendered":"Din handelsplan:&nbsp;Gratis e-bok nedladdning | Mr.Forex"},"content":{"rendered":"<div data-elementor-type=\"wp-page\" data-elementor-id=\"57412\" class=\"elementor elementor-57412\" data-elementor-post-type=\"page\">\n\t\t\t\t<div class=\"elementor-element elementor-element-55c5bbf e-flex e-con-boxed e-con e-parent\" data-id=\"55c5bbf\" data-element_type=\"container\">\n\t\t\t\t\t<div class=\"e-con-inner\">\n\t\t\t\t<div class=\"elementor-element elementor-element-f726aa8 elementor-icon-list--layout-inline elementor-list-item-link-inline elementor-widget elementor-widget-icon-list\" data-id=\"f726aa8\" data-element_type=\"widget\" data-widget_type=\"icon-list.default\">\n\t\t\t\t\t\t\t<ul class=\"elementor-icon-list-items elementor-inline-items\">\n\t\t\t\t\t\t\t<li class=\"elementor-icon-list-item elementor-inline-item\">\n\t\t\t\t\t\t\t\t\t\t\t<a href=\"https:\/\/mister.forex\/sv\/ebook-hub\/\">\n\n\t\t\t\t\t\t\t\t\t\t\t\t<span class=\"elementor-icon-list-icon\">\n\t\t\t\t\t\t\t<svg aria-hidden=\"true\" class=\"e-font-icon-svg e-fas-reply\" viewbox=\"0 0 512 512\" xmlns=\"http:\/\/www.w3.org\/2000\/svg\"><path d=\"M8.309 189.836L184.313 37.851C199.719 24.546 224 35.347 224 56.015v80.053c160.629 1.839 288 34.032 288 186.258 0 61.441-39.581 122.309-83.333 154.132-13.653 9.931-33.111-2.533-28.077-18.631 45.344-145.012-21.507-183.51-176.59-185.742V360c0 20.7-24.3 31.453-39.687 18.164l-176.004-152c-11.071-9.562-11.086-26.753 0-36.328z\"><\/path><\/svg>\t\t\t\t\t\t<\/span>\n\t\t\t\t\t\t\t\t\t\t<span class=\"elementor-icon-list-text\">Tillbaka<\/span>\n\t\t\t\t\t\t\t\t\t\t\t<\/a>\n\t\t\t\t\t\t\t\t\t<\/li>\n\t\t\t\t\t\t<\/ul>\n\t\t\t\t\t\t<\/div>\n\t\t\t\t\t<\/div>\n\t\t\t\t<\/div>\n\t\t<div class=\"elementor-element elementor-element-7e1da9a e-flex e-con-boxed e-con e-parent\" data-id=\"7e1da9a\" data-element_type=\"container\" data-settings=\"{&quot;background_background&quot;:&quot;classic&quot;}\">\n\t\t\t\t\t<div class=\"e-con-inner\">\n\t\t<div class=\"elementor-element elementor-element-a372f93 e-con-full e-flex e-con e-child\" data-id=\"a372f93\" data-element_type=\"container\" data-settings=\"{&quot;background_background&quot;:&quot;classic&quot;}\">\n\t\t\t\t<div class=\"elementor-element elementor-element-13e00e6 elementor-widget elementor-widget-image\" data-id=\"13e00e6\" data-element_type=\"widget\" data-settings=\"{&quot;_animation&quot;:&quot;none&quot;}\" data-widget_type=\"image.default\">\n\t\t\t\t\t\t\t\t\t\t\t\t\t\t\t<img fetchpriority=\"high\" decoding=\"async\" width=\"188\" height=\"300\" src=\"https:\/\/mister.forex\/wp-content\/uploads\/2025\/08\/Book-2-Mockup-EN.webp\" class=\"attachment-thumbnail size-thumbnail wp-image-57294\" alt=\"Din handelsplan\" srcset=\"https:\/\/mister.forex\/wp-content\/uploads\/2025\/08\/Book-2-Mockup-EN.webp 1410w, https:\/\/mister.forex\/wp-content\/uploads\/2025\/08\/Book-2-Mockup-EN-313x500.webp 313w, https:\/\/mister.forex\/wp-content\/uploads\/2025\/08\/Book-2-Mockup-EN-752x1200.webp 752w, https:\/\/mister.forex\/wp-content\/uploads\/2025\/08\/Book-2-Mockup-EN-188x300.webp 188w, https:\/\/mister.forex\/wp-content\/uploads\/2025\/08\/Book-2-Mockup-EN-768x1226.webp 768w, https:\/\/mister.forex\/wp-content\/uploads\/2025\/08\/Book-2-Mockup-EN-963x1536.webp 963w, https:\/\/mister.forex\/wp-content\/uploads\/2025\/08\/Book-2-Mockup-EN-1283x2048.webp 1283w, https:\/\/mister.forex\/wp-content\/uploads\/2025\/08\/Book-2-Mockup-EN-8x12.webp 8w, https:\/\/mister.forex\/wp-content\/uploads\/2025\/08\/Book-2-Mockup-EN-600x957.webp 600w\" sizes=\"(max-width: 188px) 100vw, 188px\" \/>\t\t\t\t\t\t\t\t\t\t\t\t\t\t\t<\/div>\n\t\t\t\t<div class=\"elementor-element elementor-element-796c6fa elementor-align-center elementor-widget elementor-widget-button\" data-id=\"796c6fa\" data-element_type=\"widget\" data-widget_type=\"button.default\">\n\t\t\t\t\t\t\t\t\t\t<a class=\"elementor-button elementor-button-link elementor-size-sm\" href=\"https:\/\/1drv.ms\/f\/c\/7c6c551c74c8b8b2\/Epgzj3OLLL9FrOujuRVQW5oBEQI00xiL_HtaDtjvaKkOiA?e=oSBYzx\" target=\"_blank\" rel=\"noopener\">\n\t\t\t\t\t\t<span class=\"elementor-button-content-wrapper\">\n\t\t\t\t\t\t\t\t\t<span class=\"elementor-button-text\">Ladda ned nu<\/span>\n\t\t\t\t\t<\/span>\n\t\t\t\t\t<\/a>\n\t\t\t\t\t\t\t\t<\/div>\n\t\t\t\t<div class=\"elementor-element elementor-element-a8f4ce8 elementor-widget elementor-widget-heading\" data-id=\"a8f4ce8\" data-element_type=\"widget\" data-widget_type=\"heading.default\">\n\t\t\t\t\t<span class=\"elementor-heading-title elementor-size-default\">Spr\u00e5k som st\u00f6ds<\/span>\t\t\t\t<\/div>\n\t\t<div class=\"elementor-element elementor-element-db0673a e-con-full e-flex e-con e-child\" data-id=\"db0673a\" data-element_type=\"container\">\n\t\t\t\t<div class=\"elementor-element elementor-element-6318b23 elementor-align-center elementor-widget elementor-widget-button\" data-id=\"6318b23\" data-element_type=\"widget\" data-widget_type=\"button.default\">\n\t\t\t\t\t\t\t\t\t\t<a class=\"elementor-button elementor-size-sm\" role=\"button\">\n\t\t\t\t\t\t<span class=\"elementor-button-content-wrapper\">\n\t\t\t\t\t\t\t\t\t<span class=\"elementor-button-text\">\u7b80\u4f53\u4e2d\u6587<\/span>\n\t\t\t\t\t<\/span>\n\t\t\t\t\t<\/a>\n\t\t\t\t\t\t\t\t<\/div>\n\t\t\t\t<div class=\"elementor-element elementor-element-e616a5d elementor-align-center elementor-widget elementor-widget-button\" data-id=\"e616a5d\" data-element_type=\"widget\" data-widget_type=\"button.default\">\n\t\t\t\t\t\t\t\t\t\t<a class=\"elementor-button elementor-size-sm\" role=\"button\">\n\t\t\t\t\t\t<span class=\"elementor-button-content-wrapper\">\n\t\t\t\t\t\t\t\t\t<span class=\"elementor-button-text\">\u7e41\u9ad4\u4e2d\u6587<\/span>\n\t\t\t\t\t<\/span>\n\t\t\t\t\t<\/a>\n\t\t\t\t\t\t\t\t<\/div>\n\t\t\t\t<div class=\"elementor-element elementor-element-451970b elementor-align-center elementor-widget elementor-widget-button\" data-id=\"451970b\" data-element_type=\"widget\" data-widget_type=\"button.default\">\n\t\t\t\t\t\t\t\t\t\t<a class=\"elementor-button elementor-size-sm\" role=\"button\">\n\t\t\t\t\t\t<span class=\"elementor-button-content-wrapper\">\n\t\t\t\t\t\t\t\t\t<span class=\"elementor-button-text\">English<\/span>\n\t\t\t\t\t<\/span>\n\t\t\t\t\t<\/a>\n\t\t\t\t\t\t\t\t<\/div>\n\t\t\t\t<\/div>\n\t\t\t\t<\/div>\n\t\t<div class=\"elementor-element elementor-element-0bfee77 e-con-full e-flex e-con e-child\" data-id=\"0bfee77\" data-element_type=\"container\" data-settings=\"{&quot;background_background&quot;:&quot;classic&quot;}\">\n\t\t<div class=\"elementor-element elementor-element-72b4f33 e-con-full e-flex e-con e-child\" data-id=\"72b4f33\" data-element_type=\"container\">\n\t\t\t\t<div class=\"elementor-element elementor-element-a784f62 elementor-widget elementor-widget-heading\" data-id=\"a784f62\" data-element_type=\"widget\" data-widget_type=\"heading.default\">\n\t\t\t\t\t<h2 class=\"elementor-heading-title elementor-size-default\">Din handelsplan<\/h2>\t\t\t\t<\/div>\n\t\t\t\t<div class=\"elementor-element elementor-element-d8fe0e1 elementor-widget elementor-widget-heading\" data-id=\"d8fe0e1\" data-element_type=\"widget\" data-widget_type=\"heading.default\">\n\t\t\t\t\t<h3 class=\"elementor-heading-title elementor-size-default\">Sluta med slumpm\u00e4ssig handel! F\u00e5 denna praktiska mall gratis och skapa din f\u00f6rsta professionella handelsplan.<\/h3>\t\t\t\t<\/div>\n\t\t\t\t<div class=\"elementor-element elementor-element-e3d5154 elementor-widget elementor-widget-heading\" data-id=\"e3d5154\" data-element_type=\"widget\" data-widget_type=\"heading.default\">\n\t\t\t\t\t<h3 class=\"elementor-heading-title elementor-size-default\">Denna guide kommer att v\u00e4gleda dig att definiera m\u00e5l, etablera regler, hantera risker och f\u00f6rvandla din handel fr\u00e5n kaotiskt spelande till en disciplinerad verksamhet.<\/h3>\t\t\t\t<\/div>\n\t\t\t\t<div class=\"elementor-element elementor-element-04256c5 elementor-widget-divider--view-line elementor-widget elementor-widget-divider\" data-id=\"04256c5\" data-element_type=\"widget\" data-widget_type=\"divider.default\">\n\t\t\t\t\t\t\t<div class=\"elementor-divider\">\n\t\t\t<span class=\"elementor-divider-separator\">\n\t\t\t\t\t\t<\/span>\n\t\t<\/div>\n\t\t\t\t\t\t<\/div>\n\t\t\t\t<\/div>\n\t\t\t\t<div class=\"elementor-element elementor-element-3a37ac6 elementor-widget elementor-widget-html translation-block\" data-id=\"3a37ac6\" data-element_type=\"widget\" data-widget_type=\"html.default\"><div style=\"16px\"><span>\n<h3><strong>Saknar din handel ocks\u00e5 ett system?<\/strong>&nbsp;<\/h3>\n<ul>\n <li>G\u00e5r du ofta in i marknaden impulsivt utan en tydlig utg\u00e5ngsstrategi?<\/li>\n <li>Har du f\u00f6rlorat all tidigare vinst p\u00e5 grund av en eller tv\u00e5 ov\u00e4ntade f\u00f6rluster?<\/li>\n <li>Kan du inte objektivt utv\u00e4rdera om dina beslut var r\u00e4tt eller fel efter avslutad handel?<\/li>\n<\/ul>\n<br>\n\n<!-- Section:&nbsp;L\u00f6sning &amp; F\u00f6r\u00e4ndring (Solution &amp; Transformation) -->\n<h3><strong>Handel utan plan \u00e4r att planera f\u00f6r misslyckande<\/strong>&nbsp;<\/h3>\nDen st\u00f6rsta skillnaden mellan proffs och amat\u00f6rer \u00e4r om man har en skriftlig, genomf\u00f6rbar plan.<br>\nDen h\u00e4r boken, \u300aDin handelsplan\u300b, ger dig en enkel ram f\u00f6r att sj\u00e4lv skapa denna bl\u00e5plan.<br>\n<br>\n<h4><strong>Efter att ha slutf\u00f6rt \u00f6vningarna i denna bok kommer du att ha en komplett plan som inneh\u00e5ller:<\/strong>&nbsp;<\/h4>\n<ul>\n <li><strong>Tydliga handelsm\u00e5l:<\/strong>&nbsp;F\u00f6rvandla vaga \u00f6nskningar till genomf\u00f6rbara steg.<\/li>\n <li><strong>Objektiva handelsregler:<\/strong>&nbsp;Definiera tydligt dina villkor f\u00f6r intr\u00e4de, uttr\u00e4de och stop loss.<\/li>\n <li><strong>Robust riskhantering:<\/strong>&nbsp;L\u00e4r dig skydda ditt kapital och s\u00e4kerst\u00e4ll l\u00e5ngsiktig \u00f6verlevnad.<\/li>\n<\/ul>\n<br>\n\n<!-- Section:&nbsp;E-boksinneh\u00e5llsf\u00f6rhandsvisning (What's Inside) -->\n<h4><strong>I denna guide kommer du att slutf\u00f6ra:<\/strong>&nbsp;<\/h4>\n<ol>\n <li><strong>Kapitel ett:<\/strong>&nbsp;Fastst\u00e4ll dina handelsm\u00e5l (SMART-principen) <\/li>\n <li><strong>Kapitel tv\u00e5:<\/strong>&nbsp;Fokusera p\u00e5 specifika marknader och instrument<\/li>\n <li><strong>Kapitel tre:<\/strong>&nbsp;Skapa dina handelsregler:&nbsp;intr\u00e4de, uttr\u00e4de och stop loss<\/li>\n <li><strong>Kapitel fyra:<\/strong>&nbsp;Riskhantering:&nbsp;skydda ditt handelskapital<\/li>\n<\/ol>\n<\/span><\/div><\/div>\n\t\t\t\t<\/div>\n\t\t\t\t\t<\/div>\n\t\t\t\t<\/div>\n\t\t\t\t<\/div>","protected":false},"excerpt":{"rendered":"<p>Sluta med slumpm\u00e4ssig handel! Ladda ner v\u00e5r gratis praktiska mall f\u00f6r \u300aDin handelsplan\u300b, l\u00e4r dig hur du s\u00e4tter m\u00e5l, skapar regler och hanterar risker, systematiserar din handel och tar det f\u00f6rsta steget mot stabil vinst.<\/p>","protected":false},"author":1,"featured_media":57405,"parent":0,"menu_order":0,"comment_status":"closed","ping_status":"closed","template":"","meta":{"footnotes":""},"tags":[128],"class_list":["post-57412","page","type-page","status-publish","has-post-thumbnail","hentry","tag-no-google"],"_links":{"self":[{"href":"https:\/\/mister.forex\/sv\/wp-json\/wp\/v2\/pages\/57412","targetHints":{"allow":["GET"]}}],"collection":[{"href":"https:\/\/mister.forex\/sv\/wp-json\/wp\/v2\/pages"}],"about":[{"href":"https:\/\/mister.forex\/sv\/wp-json\/wp\/v2\/types\/page"}],"author":[{"embeddable":true,"href":"https:\/\/mister.forex\/sv\/wp-json\/wp\/v2\/users\/1"}],"replies":[{"embeddable":true,"href":"https:\/\/mister.forex\/sv\/wp-json\/wp\/v2\/comments?post=57412"}],"version-history":[{"count":0,"href":"https:\/\/mister.forex\/sv\/wp-json\/wp\/v2\/pages\/57412\/revisions"}],"wp:featuredmedia":[{"embeddable":true,"href":"https:\/\/mister.forex\/sv\/wp-json\/wp\/v2\/media\/57405"}],"wp:attachment":[{"href":"https:\/\/mister.forex\/sv\/wp-json\/wp\/v2\/media?parent=57412"}],"wp:term":[{"taxonomy":"post_tag","embeddable":true,"href":"https:\/\/mister.forex\/sv\/wp-json\/wp\/v2\/tags?post=57412"}],"curies":[{"name":"wp","href":"https:\/\/api.w.org\/{rel}","templated":true}]}}