{"id":57464,"date":"2025-08-10T22:11:57","date_gmt":"2025-08-10T14:11:57","guid":{"rendered":"http:\/\/test.swqi.tw\/?page_id=57464"},"modified":"2025-12-03T03:33:51","modified_gmt":"2025-12-02T19:33:51","slug":"overcome-5-psychological-traps","status":"publish","type":"page","link":"https:\/\/mister.forex\/sv\/overcome-5-psychological-traps\/","title":{"rendered":"\u00d6vervinna 5 vanliga psykologiska f\u00e4llor:&nbsp;Gratis e-bok nedladdning | Mr.Forex"},"content":{"rendered":"<div data-elementor-type=\"wp-page\" data-elementor-id=\"57464\" class=\"elementor elementor-57464\" data-elementor-post-type=\"page\">\n\t\t\t\t<div class=\"elementor-element elementor-element-d97b493 e-flex e-con-boxed e-con e-parent\" data-id=\"d97b493\" data-element_type=\"container\">\n\t\t\t\t\t<div class=\"e-con-inner\">\n\t\t\t\t<div class=\"elementor-element elementor-element-f60eab9 elementor-icon-list--layout-inline elementor-list-item-link-inline elementor-widget elementor-widget-icon-list\" data-id=\"f60eab9\" data-element_type=\"widget\" data-widget_type=\"icon-list.default\">\n\t\t\t\t\t\t\t<ul class=\"elementor-icon-list-items elementor-inline-items\">\n\t\t\t\t\t\t\t<li class=\"elementor-icon-list-item elementor-inline-item\">\n\t\t\t\t\t\t\t\t\t\t\t<a href=\"https:\/\/mister.forex\/sv\/ebook-hub\/\">\n\n\t\t\t\t\t\t\t\t\t\t\t\t<span class=\"elementor-icon-list-icon\">\n\t\t\t\t\t\t\t<svg aria-hidden=\"true\" class=\"e-font-icon-svg e-fas-reply\" viewbox=\"0 0 512 512\" xmlns=\"http:\/\/www.w3.org\/2000\/svg\"><path d=\"M8.309 189.836L184.313 37.851C199.719 24.546 224 35.347 224 56.015v80.053c160.629 1.839 288 34.032 288 186.258 0 61.441-39.581 122.309-83.333 154.132-13.653 9.931-33.111-2.533-28.077-18.631 45.344-145.012-21.507-183.51-176.59-185.742V360c0 20.7-24.3 31.453-39.687 18.164l-176.004-152c-11.071-9.562-11.086-26.753 0-36.328z\"><\/path><\/svg>\t\t\t\t\t\t<\/span>\n\t\t\t\t\t\t\t\t\t\t<span class=\"elementor-icon-list-text\">Tillbaka<\/span>\n\t\t\t\t\t\t\t\t\t\t\t<\/a>\n\t\t\t\t\t\t\t\t\t<\/li>\n\t\t\t\t\t\t<\/ul>\n\t\t\t\t\t\t<\/div>\n\t\t\t\t\t<\/div>\n\t\t\t\t<\/div>\n\t\t<div class=\"elementor-element elementor-element-3090bf1 e-flex e-con-boxed e-con e-parent\" data-id=\"3090bf1\" data-element_type=\"container\" data-settings=\"{&quot;background_background&quot;:&quot;classic&quot;}\">\n\t\t\t\t\t<div class=\"e-con-inner\">\n\t\t<div class=\"elementor-element elementor-element-0261845 e-con-full e-flex e-con e-child\" data-id=\"0261845\" data-element_type=\"container\" data-settings=\"{&quot;background_background&quot;:&quot;classic&quot;}\">\n\t\t\t\t<div class=\"elementor-element elementor-element-3fde205 elementor-widget elementor-widget-image\" data-id=\"3fde205\" data-element_type=\"widget\" data-settings=\"{&quot;_animation&quot;:&quot;none&quot;}\" data-widget_type=\"image.default\">\n\t\t\t\t\t\t\t\t\t\t\t\t\t\t\t<img fetchpriority=\"high\" decoding=\"async\" width=\"188\" height=\"300\" src=\"https:\/\/mister.forex\/wp-content\/uploads\/2025\/08\/Book-3-Mockup-EN.webp\" class=\"attachment-thumbnail size-thumbnail wp-image-57297\" alt=\"Att \u00f6vervinna 5 vanliga psykologiska f\u00e4llor\" srcset=\"https:\/\/mister.forex\/wp-content\/uploads\/2025\/08\/Book-3-Mockup-EN.webp 1410w, https:\/\/mister.forex\/wp-content\/uploads\/2025\/08\/Book-3-Mockup-EN-313x500.webp 313w, https:\/\/mister.forex\/wp-content\/uploads\/2025\/08\/Book-3-Mockup-EN-752x1200.webp 752w, https:\/\/mister.forex\/wp-content\/uploads\/2025\/08\/Book-3-Mockup-EN-188x300.webp 188w, https:\/\/mister.forex\/wp-content\/uploads\/2025\/08\/Book-3-Mockup-EN-768x1226.webp 768w, https:\/\/mister.forex\/wp-content\/uploads\/2025\/08\/Book-3-Mockup-EN-963x1536.webp 963w, https:\/\/mister.forex\/wp-content\/uploads\/2025\/08\/Book-3-Mockup-EN-1283x2048.webp 1283w, https:\/\/mister.forex\/wp-content\/uploads\/2025\/08\/Book-3-Mockup-EN-8x12.webp 8w, https:\/\/mister.forex\/wp-content\/uploads\/2025\/08\/Book-3-Mockup-EN-600x957.webp 600w\" sizes=\"(max-width: 188px) 100vw, 188px\" \/>\t\t\t\t\t\t\t\t\t\t\t\t\t\t\t<\/div>\n\t\t\t\t<div class=\"elementor-element elementor-element-d4eeded elementor-align-center elementor-widget elementor-widget-button\" data-id=\"d4eeded\" data-element_type=\"widget\" data-widget_type=\"button.default\">\n\t\t\t\t\t\t\t\t\t\t<a class=\"elementor-button elementor-button-link elementor-size-sm\" href=\"https:\/\/1drv.ms\/f\/c\/7c6c551c74c8b8b2\/EgXL8oGw3CdFgHB4r64KTksB4KNOstV59YhWQgFCVsbmBg?e=nJM7ld\" target=\"_blank\" rel=\"noopener\">\n\t\t\t\t\t\t<span class=\"elementor-button-content-wrapper\">\n\t\t\t\t\t\t\t\t\t<span class=\"elementor-button-text\">Ladda ned nu<\/span>\n\t\t\t\t\t<\/span>\n\t\t\t\t\t<\/a>\n\t\t\t\t\t\t\t\t<\/div>\n\t\t\t\t<div class=\"elementor-element elementor-element-a153df0 elementor-widget elementor-widget-heading\" data-id=\"a153df0\" data-element_type=\"widget\" data-widget_type=\"heading.default\">\n\t\t\t\t\t<span class=\"elementor-heading-title elementor-size-default\">Spr\u00e5k som st\u00f6ds<\/span>\t\t\t\t<\/div>\n\t\t<div class=\"elementor-element elementor-element-3aa1b4d e-con-full e-flex e-con e-child\" data-id=\"3aa1b4d\" data-element_type=\"container\">\n\t\t\t\t<div class=\"elementor-element elementor-element-e8975ec elementor-align-center elementor-widget elementor-widget-button\" data-id=\"e8975ec\" data-element_type=\"widget\" data-widget_type=\"button.default\">\n\t\t\t\t\t\t\t\t\t\t<a class=\"elementor-button elementor-size-sm\" role=\"button\">\n\t\t\t\t\t\t<span class=\"elementor-button-content-wrapper\">\n\t\t\t\t\t\t\t\t\t<span class=\"elementor-button-text\">\u7b80\u4f53\u4e2d\u6587<\/span>\n\t\t\t\t\t<\/span>\n\t\t\t\t\t<\/a>\n\t\t\t\t\t\t\t\t<\/div>\n\t\t\t\t<div class=\"elementor-element elementor-element-d50312a elementor-align-center elementor-widget elementor-widget-button\" data-id=\"d50312a\" data-element_type=\"widget\" data-widget_type=\"button.default\">\n\t\t\t\t\t\t\t\t\t\t<a class=\"elementor-button elementor-size-sm\" role=\"button\">\n\t\t\t\t\t\t<span class=\"elementor-button-content-wrapper\">\n\t\t\t\t\t\t\t\t\t<span class=\"elementor-button-text\">\u7e41\u9ad4\u4e2d\u6587<\/span>\n\t\t\t\t\t<\/span>\n\t\t\t\t\t<\/a>\n\t\t\t\t\t\t\t\t<\/div>\n\t\t\t\t<div class=\"elementor-element elementor-element-1c6f173 elementor-align-center elementor-widget elementor-widget-button\" data-id=\"1c6f173\" data-element_type=\"widget\" data-widget_type=\"button.default\">\n\t\t\t\t\t\t\t\t\t\t<a class=\"elementor-button elementor-size-sm\" role=\"button\">\n\t\t\t\t\t\t<span class=\"elementor-button-content-wrapper\">\n\t\t\t\t\t\t\t\t\t<span class=\"elementor-button-text\">English<\/span>\n\t\t\t\t\t<\/span>\n\t\t\t\t\t<\/a>\n\t\t\t\t\t\t\t\t<\/div>\n\t\t\t\t<\/div>\n\t\t\t\t<\/div>\n\t\t<div class=\"elementor-element elementor-element-05dc3d5 e-con-full e-flex e-con e-child\" data-id=\"05dc3d5\" data-element_type=\"container\" data-settings=\"{&quot;background_background&quot;:&quot;classic&quot;}\">\n\t\t<div class=\"elementor-element elementor-element-0f23524 e-con-full e-flex e-con e-child\" data-id=\"0f23524\" data-element_type=\"container\">\n\t\t\t\t<div class=\"elementor-element elementor-element-23f1220 elementor-widget elementor-widget-heading\" data-id=\"23f1220\" data-element_type=\"widget\" data-widget_type=\"heading.default\">\n\t\t\t\t\t<h2 class=\"elementor-heading-title elementor-size-default\">Att \u00f6vervinna 5 vanliga psykologiska f\u00e4llor<\/h2>\t\t\t\t<\/div>\n\t\t\t\t<div class=\"elementor-element elementor-element-794c598 elementor-widget elementor-widget-heading\" data-id=\"794c598\" data-element_type=\"widget\" data-widget_type=\"heading.default\">\n\t\t\t\t\t<h3 class=\"elementor-heading-title elementor-size-default\">Varf\u00f6r leder en perfekt plan fortfarande till f\u00f6rluster? Ladda ner guiden gratis och \u00f6vervinn de 5 mest d\u00f6dliga handelspsykologiska f\u00e4llorna.<\/h3>\t\t\t\t<\/div>\n\t\t\t\t<div class=\"elementor-element elementor-element-3ab86cb elementor-widget elementor-widget-heading\" data-id=\"3ab86cb\" data-element_type=\"widget\" data-widget_type=\"heading.default\">\n\t\t\t\t\t<h3 class=\"elementor-heading-title elementor-size-default\">Denna guide hj\u00e4lper dig att identifiera och \u00f6vervinna girighet, r\u00e4dsla, FOMO (Fear of Missing Out) och andra handelspsykologiska f\u00e4llor, s\u00e5 att du verkligen kan uppn\u00e5 \"enhet mellan kunskap och handling\".<\/h3>\t\t\t\t<\/div>\n\t\t\t\t<div class=\"elementor-element elementor-element-6922722 elementor-widget-divider--view-line elementor-widget elementor-widget-divider\" data-id=\"6922722\" data-element_type=\"widget\" data-widget_type=\"divider.default\">\n\t\t\t\t\t\t\t<div class=\"elementor-divider\">\n\t\t\t<span class=\"elementor-divider-separator\">\n\t\t\t\t\t\t<\/span>\n\t\t<\/div>\n\t\t\t\t\t\t<\/div>\n\t\t\t\t<\/div>\n\t\t\t\t<div class=\"elementor-element elementor-element-7c4d490 elementor-widget elementor-widget-html translation-block\" data-id=\"7c4d490\" data-element_type=\"widget\" data-widget_type=\"html.default\"><div style=\"16px\"><span>\n<h3><strong>St\u00f6r dina inre k\u00e4nslor din trading?<\/strong>&nbsp;<\/h3>\n<ul>\n <li>Har du n\u00e5gonsin l\u00e5tit <strong>girighet<\/strong>&nbsp;f\u00f6rvandla en vinstaff\u00e4r till en f\u00f6rlust?<\/li>\n <li>Har du n\u00e5gonsin missat en m\u00f6jlighet som helt f\u00f6ljde din plan p\u00e5 grund av <strong>r\u00e4dsla<\/strong>&nbsp;?<\/li>\n <li>Har du n\u00e5gonsin efter en f\u00f6rlust gjort st\u00f6rre och mer impulsiva \"h\u00e4mndaff\u00e4rer\" p\u00e5 grund av <strong>ilska<\/strong>&nbsp;?<\/li>\n<\/ul>\n<br>\n\n<!-- Section:&nbsp;L\u00f6sning &amp; F\u00f6r\u00e4ndring (Solution &amp; Transformation) -->\n<h3><strong>Framg\u00e5ng i trading kommer till 80% fr\u00e5n psykologisk kontroll<\/strong>&nbsp;<\/h3>\n\u00c4ven den b\u00e4sta strategin \u00e4r v\u00e4rdel\u00f6s utan en disciplinerad mentalitet f\u00f6r att genomf\u00f6ra den.<br>\nDen h\u00e4r boken, \u300aAtt \u00f6vervinna 5 vanliga psykologiska f\u00e4llor\u300b, ger dig praktiska verktyg f\u00f6r att hantera dina inre k\u00e4nslor.<br>\n<br>\n<h4><strong>Efter att ha l\u00e4st denna guide kommer du att l\u00e4ra dig att:<\/strong>&nbsp;<\/h4>\n<ul>\n <li><strong>Hantera girighet:<\/strong>&nbsp;Anv\u00e4nd \"80\/20-regeln\" f\u00f6r att s\u00e4kra vinster och samtidigt l\u00e5ta vinsterna l\u00f6pa.<\/li>\n <li><strong>\u00d6vervinna r\u00e4dsla:<\/strong>&nbsp;Bygg upp tradingf\u00f6rtroende med \"data\" och \"disciplin\".<\/li>\n <li><strong>Bryta onda cirklar:<\/strong>&nbsp;Anv\u00e4nd \"strikta regler\" f\u00f6r att undvika h\u00e4mndaff\u00e4rer.<\/li>\n<\/ul>\n<br>\n\n<!-- Section:&nbsp;E-boksinneh\u00e5llsf\u00f6rhandsvisning (What's Inside) -->\n<h4><strong>I denna guide kommer du att l\u00e4ra dig att hantera:<\/strong>&nbsp;<\/h4>\n<ol>\n <li><strong>F\u00e4lla ett:<\/strong>&nbsp;Girighet \u2013 \"Jag borde kunna tj\u00e4na mer!\"<\/li>\n <li><strong>F\u00e4lla tv\u00e5:<\/strong>&nbsp;R\u00e4dsla \u2013 \"Jag \u00e4r r\u00e4dd f\u00f6r att f\u00f6rlora...\"<\/li>\n <li><strong>F\u00e4lla tre:<\/strong>&nbsp;FOMO \u2013 \"Jag \u00e4r r\u00e4dd att missa en m\u00f6jlighet!\"<\/li>\n <li><strong>F\u00e4lla fyra:<\/strong>&nbsp;H\u00e4mndaff\u00e4rer \u2013 \"Jag ska vinna tillbaka pengarna!\"<\/li>\n <li><strong>F\u00e4lla fem:<\/strong>&nbsp;\u00d6verdrivet sj\u00e4lvf\u00f6rtroende \u2013 \"Jag kan inte f\u00f6rlora igen!\"<\/li>\n<\/ol>\n<\/span><\/div><\/div>\n\t\t\t\t<\/div>\n\t\t\t\t\t<\/div>\n\t\t\t\t<\/div>\n\t\t\t\t<\/div>","protected":false},"excerpt":{"rendered":"<p>Varf\u00f6r leder en perfekt plan \u00e4nd\u00e5 till f\u00f6rlust? Ladda ner den kostnadsfria guiden \"Att \u00f6vervinna 5 vanliga psykologiska f\u00e4llor\", d\u00e4r vi analyserar girighet, r\u00e4dsla, FOMO och de 5 vanligaste psykologiska f\u00e4llorna samt erbjuder konkreta mot\u00e5tg\u00e4rder.<\/p>","protected":false},"author":1,"featured_media":57408,"parent":0,"menu_order":0,"comment_status":"closed","ping_status":"closed","template":"","meta":{"footnotes":""},"tags":[128],"class_list":["post-57464","page","type-page","status-publish","has-post-thumbnail","hentry","tag-no-google"],"_links":{"self":[{"href":"https:\/\/mister.forex\/sv\/wp-json\/wp\/v2\/pages\/57464","targetHints":{"allow":["GET"]}}],"collection":[{"href":"https:\/\/mister.forex\/sv\/wp-json\/wp\/v2\/pages"}],"about":[{"href":"https:\/\/mister.forex\/sv\/wp-json\/wp\/v2\/types\/page"}],"author":[{"embeddable":true,"href":"https:\/\/mister.forex\/sv\/wp-json\/wp\/v2\/users\/1"}],"replies":[{"embeddable":true,"href":"https:\/\/mister.forex\/sv\/wp-json\/wp\/v2\/comments?post=57464"}],"version-history":[{"count":0,"href":"https:\/\/mister.forex\/sv\/wp-json\/wp\/v2\/pages\/57464\/revisions"}],"wp:featuredmedia":[{"embeddable":true,"href":"https:\/\/mister.forex\/sv\/wp-json\/wp\/v2\/media\/57408"}],"wp:attachment":[{"href":"https:\/\/mister.forex\/sv\/wp-json\/wp\/v2\/media?parent=57464"}],"wp:term":[{"taxonomy":"post_tag","embeddable":true,"href":"https:\/\/mister.forex\/sv\/wp-json\/wp\/v2\/tags?post=57464"}],"curies":[{"name":"wp","href":"https:\/\/api.w.org\/{rel}","templated":true}]}}