{"id":66033,"date":"2026-02-04T23:49:39","date_gmt":"2026-02-04T15:49:39","guid":{"rendered":"https:\/\/mister.forex\/?page_id=66033"},"modified":"2026-05-06T13:28:44","modified_gmt":"2026-05-06T05:28:44","slug":"prop-firm-trading-guide-get-funded","status":"publish","type":"page","link":"https:\/\/mister.forex\/sv\/prop-firm-trading-guide-get-funded\/","title":{"rendered":"Den ultimata guiden till Prop Firms: S\u00e5 s\u00e4krar du 100 000 $ i tradingkapital | Mr.Forex"},"content":{"rendered":"<div data-elementor-type=\"wp-page\" data-elementor-id=\"66033\" class=\"elementor elementor-66033\" data-elementor-post-type=\"page\">\n\t\t\t\t<div class=\"elementor-element elementor-element-3c29475 e-flex e-con-boxed e-con e-parent\" data-id=\"3c29475\" data-element_type=\"container\">\n\t\t\t\t\t<div class=\"e-con-inner\">\n\t\t\t\t<div class=\"elementor-element elementor-element-4a3ad48 elementor-widget elementor-widget-heading\" data-id=\"4a3ad48\" data-element_type=\"widget\" data-widget_type=\"heading.default\">\n\t\t\t\t\t<h1 class=\"elementor-heading-title elementor-size-default\">S\u00e5 fungerar Prop Firm-modellen: Kapitalisera p\u00e5 din tradingkompetens direkt<\/h1>\t\t\t\t<\/div>\n\t\t\t\t<div class=\"elementor-element elementor-element-9eca83a elementor-widget elementor-widget-html\" data-id=\"9eca83a\" data-element_type=\"widget\" data-widget_type=\"html.default\">\n\t\t\t\t\tF\u00f6rst\u00e5 mekaniken bakom Prop Firm-utv\u00e4rderingar. Tj\u00e4na pengar p\u00e5 din expertis och bryt dig loss fr\u00e5n begr\u00e4nsningarna med sm\u00e5 konton.\t\t\t\t<\/div>\n\t\t\t\t<div class=\"elementor-element elementor-element-d45ecae elementor-widget elementor-widget-html translation-block\" data-id=\"d45ecae\" data-element_type=\"widget\" data-widget_type=\"html.default\">F\u00f6rfattare: <strong>Mr.Forex<\/strong><\/div>\n\t\t\t\t<div class=\"elementor-element elementor-element-50a8bd5 elementor-widget elementor-widget-html translation-block\" data-id=\"50a8bd5\" data-element_type=\"widget\" data-widget_type=\"html.default\"><span>\n<h2><strong>F\u00f6rord: Dina f\u00e4rdigheter \u00e4r v\u00e4rdefulla, men ditt kapital \u00e4r litet<\/strong><\/h2>\nGrattis till att du har tagit dig s\u00e5 h\u00e4r l\u00e5ngt.<br><br>\n\nNu f\u00f6rst\u00e5r du candlesticks, strategier och riskhantering. Du har redan de grundl\u00e4ggande f\u00e4rdigheterna f\u00f6r att \u00f6verleva p\u00e5 den h\u00e4r marknaden.<br><br>\n\nMen verkligheten \u00e4r ofta h\u00e5rd:<br><br>\n\nOm du bara har <strong>1 000 USD<\/strong> i kapital, \u00e4ven om du vore Warren Buffett och gjorde en stabil vinst p\u00e5 5 % i m\u00e5naden (vilket redan \u00e4r imponerande), skulle du bara tj\u00e4na <strong>50 USD<\/strong>.<br><br>\n\nDet r\u00e4cker knappt till att betala elr\u00e4kningen.<br><br>\n\nDetta \u00e4r sm\u00e5handlarens dilemma: <strong>Kompetens, men inget kapital.<\/strong><br><br>\n\nTidigare var man tvungen att spara ihop l\u00e5ngsamt. Men nu har en ny modell vuxit fram i finansv\u00e4rlden \u2014 <strong>Prop Firm (Proprietary Trading Firm)<\/strong>.<br><br>\n\nS\u00e5 l\u00e4nge du kan klara ett test f\u00f6r att bevisa din f\u00f6rm\u00e5ga, tillhandah\u00e5ller de ett konto p\u00e5 10k, 100k eller till och med 500k USD f\u00f6r dig att handla med. Du f\u00e5r beh\u00e5lla 80 % eller till och med 90 % av vinsten du tj\u00e4nar.<br><br>\n\nDetta handlar inte om att l\u00e5na pengar f\u00f6r att investera; detta \u00e4r att <strong>\"f\u00f6rtj\u00e4na finansiering genom prestation.\"<\/strong><br><br>\n\n<h2><strong>Vad \u00e4r en Prop Firm (Proprietary Trading Firm)?<\/strong><\/h2>\nEn <strong>Prop Firm<\/strong> \u00e4r ett f\u00f6retag som letar efter beg\u00e5vade oberoende traders. Deras logik \u00e4r enkel: f\u00f6retaget har kapitalet men saknar tillr\u00e4ckligt med skickliga handlare.<br>\n\n<h3><strong>S\u00e5 fungerar det:<\/strong><\/h3>\n<ol>\n    <li><strong>Betald utv\u00e4rdering:<\/strong> Du betalar en liten registreringsavgift (t.ex. 100 USD) f\u00f6r att delta i deras simulerade utmaning.<\/li>\n    <li><strong>Bevisa din kompetens:<\/strong> Inom en angiven tidsram ska du n\u00e5 vinstm\u00e5let (t.ex. 10 %) utan att \u00f6verskrida gr\u00e4nsen f\u00f6r maximal f\u00f6rlust (t.ex. 10 %).<\/li>\n    <li><strong>F\u00e5 finansiering:<\/strong> N\u00e4r du har klarat testet f\u00e5r du ett finansierat konto (Live-konto).<\/li>\n    <li><strong>Vinstdelning:<\/strong> Du beh\u00e5ller majoriteten av vinsten som genereras p\u00e5 kontot (vanligtvis 80 %), medan plattformen tar en liten andel.<\/li>\n<\/ol><br>\n\nDet \u00e4r en smart deal:<br><br>\n\nDu anv\u00e4nder en registreringsavgift p\u00e5 100 USD (din risk) f\u00f6r att f\u00e5 m\u00f6jligheten att handla med ett konto p\u00e5 10 000 USD (din arena).<br><br>\n\n<h2><strong>Varf\u00f6r g\u00e5 med i en Prop Firm?<\/strong><\/h2>\nL\u00e5t oss r\u00e4kna p\u00e5 det och j\u00e4mf\u00f6ra att \"handla med egna pengar\" mot att \"g\u00e5 med i en <strong>Prop Firm<\/strong>.\"<br><br>\n\nAntag att din m\u00e5natliga vinstpotential \u00e4r <strong>5 %<\/strong>:<br><br>\n\n<table style=\"border-radius: 8px;border-collapse: separate;border-spacing: 0;overflow: hidden;text-align: center;width: 100%;border: 1px solid #ddd;font-family: sans-serif\">\n<thead style=\"background-color: #15264D;color: #ffffff\">\n      <tr>\n        <th style=\"padding: 15px\">J\u00e4mf\u00f6relse<\/th>\n        <th style=\"padding: 15px\">Fall A: Anv\u00e4nda egna pengar<\/th>\n        <th style=\"padding: 15px\">Fall B: G\u00e5 med i en Prop Firm (10k)<\/th>\n      <\/tr>\n<\/thead>\n<tbody>\n      <tr>\n        <td style=\"padding: 12px;border-bottom: 1px solid #eee;background-color: #f9f9f9\"><strong>Initial kostnad<\/strong><\/td>\n        <td style=\"padding: 12px;border-bottom: 1px solid #eee\">1 000 USD (Kapital)<\/td>\n        <td style=\"padding: 12px;border-bottom: 1px solid #eee\">Ca 100 USD (Avgift)<\/td>\n      <\/tr>\n      <tr>\n        <td style=\"padding: 12px;border-bottom: 1px solid #eee;background-color: #f9f9f9\"><strong>Tradingkapital<\/strong><\/td>\n        <td style=\"padding: 12px;border-bottom: 1px solid #eee\">1 000 USD<\/td>\n        <td style=\"padding: 12px;border-bottom: 1px solid #eee\">10 000 USD<\/td>\n      <\/tr>\n      <tr>\n        <td style=\"padding: 12px;border-bottom: 1px solid #eee;background-color: #f9f9f9\"><strong>M\u00e5nadsvinst (5 %)<\/strong><\/td>\n        <td style=\"padding: 12px;border-bottom: 1px solid #eee\">50 USD<\/td>\n        <td style=\"padding: 12px;border-bottom: 1px solid #eee\">500 USD<\/td>\n      <\/tr>\n      <tr>\n        <td style=\"padding: 12px;border-bottom: 1px solid #eee;background-color: #f9f9f9\"><strong>Faktisk inkomst<\/strong><\/td>\n        <td style=\"padding: 12px;border-bottom: 1px solid #eee\">50 USD<\/td>\n        <td style=\"padding: 12px;border-bottom: 1px solid #eee;color: #008000;font-size: 1.1em\"><strong>400 USD (80 % delning)<\/strong><\/td>\n      <\/tr>\n    <\/tbody>\n<\/table><br>\n\n<strong>Slutsats:<\/strong> Med samma skicklighet och samma vinstprocent (%) multipliceras din inkomst <strong>8 g\u00e5nger<\/strong>. Dessutom stannar ditt ursprungliga kapital i din ficka, med noll risk att f\u00f6rlora ditt eget kapital.<br><br>\n\n<h2><strong>Reglerna: Det finns inga gratisluncher<\/strong><\/h2>\nL\u00e5ter det bra? Inte s\u00e5 snabbt. <strong>Prop Firms<\/strong> \u00e4r inga v\u00e4lg\u00f6renhetsorganisationer; de anv\u00e4nder strikta regler f\u00f6r att filtrera bort okvalificerade handlare.<br><br>\n\n<h3><strong>Vanliga utv\u00e4rderingsregler:<\/strong><\/h3>\n<ul>\n    <li><strong>\ud83c\udfaf Vinstm\u00e5l:<\/strong> Kr\u00e4ver vanligtvis en vinst p\u00e5 8 % till 10 % i den f\u00f6rsta fasen.<\/li>\n    <li><strong>\u26a0\ufe0f Daglig f\u00f6rlustgr\u00e4ns:<\/strong> H\u00e4r misslyckas de flesta. Reglerna s\u00e4ger att dagliga orealiserade eller realiserade f\u00f6rluster inte f\u00e5r \u00f6verstiga 5 % av kapitalet. Om du n\u00e5r detta misslyckas du omedelbart.<\/li>\n    <li><strong>\ud83d\udcc9 Maximal total f\u00f6rlust:<\/strong> Ditt kontov\u00e4rde f\u00e5r aldrig falla under en fastst\u00e4lld bottenniv\u00e5 (t.ex. 10 % av det initiala kapitalet).<\/li>\n    <li><strong>\ud83d\udcf0 Handelsrestriktioner:<\/strong> Vissa firmor f\u00f6rbjuder handel under stora nyhetssl\u00e4pp eller att h\u00e5lla positioner \u00f6ver helgen.<\/li>\n<\/ul><br>\n\n<h4><strong>Mr.Forex analys:<\/strong><\/h4>\nDessa regler kan verka strikta, men de \u00e4r faktiskt de <strong>\"j\u00e4rnh\u00e5rda lagar f\u00f6r riskhantering\"<\/strong> som vi betonar. Om du \u00e4r van vid att spela h\u00f6gt (All-in) kommer du inte att h\u00e5lla i tre dagar i en Prop Firm; men om du strikt f\u00f6ljer riskhantering \u00e4r det bara en tidsfr\u00e5ga innan du klarar provet.\n<\/span><\/div>\n\t\t<div class=\"elementor-element elementor-element-63c0e87 e-con-full e-flex e-con e-child\" data-id=\"63c0e87\" data-element_type=\"container\" data-settings=\"{&quot;background_background&quot;:&quot;classic&quot;}\">\n\t\t\t\t<div class=\"elementor-element elementor-element-dbec11a elementor-widget elementor-widget-html translation-block\" data-id=\"dbec11a\" data-element_type=\"widget\" data-widget_type=\"html.default\"><span>\n<h3><strong>\ud83c\udfc6 Mr.Forex Pro-utvalda lista<\/strong><\/h3>\nF\u00f6r att spara tid \u00e5t dig har jag sammanst\u00e4llt en lista \u00f6ver de mest ansedda toppfirmorna p\u00e5 marknaden just nu:\n<\/span><\/div>\n\t\t\t\t<div class=\"elementor-element elementor-element-b596fdf elementor-widget elementor-widget-html translation-block\" data-id=\"b596fdf\" data-element_type=\"widget\" data-widget_type=\"html.default\"><span>\n<strong>FTMO \u2014 Den erk\u00e4nda branschledaren<\/strong><br>\n<ul>\n    <li><strong>Egenskaper:<\/strong> \"Guldstandarden\" inom Prop Firm-v\u00e4rlden. L\u00e4ngst historik, mest solitt rykte, blixtsnabba uttag och en utm\u00e4rkt handelsmilj\u00f6.<\/li>\n    <li><strong>M\u00e5lgrupp:<\/strong> Professionella traders som v\u00e4rdes\u00e4tter standardiserade processer och varum\u00e4rkets trov\u00e4rdighet.<\/li>\n<\/ul>\n<\/span><\/div>\n\t\t\t\t<div class=\"elementor-element elementor-element-824ddcf elementor-icon-list--layout-inline elementor-list-item-link-inline elementor-widget elementor-widget-icon-list\" data-id=\"824ddcf\" data-element_type=\"widget\" data-widget_type=\"icon-list.default\">\n\t\t\t\t\t\t\t<ul class=\"elementor-icon-list-items elementor-inline-items\">\n\t\t\t\t\t\t\t<li class=\"elementor-icon-list-item elementor-inline-item\">\n\t\t\t\t\t\t\t\t\t\t\t<a href=\"https:\/\/trader.ftmo.com\/?affiliates=eHFMXPlbOlHBoIeBTdvU\" target=\"_blank\" rel=\"nofollow noopener\">\n\n\t\t\t\t\t\t\t\t\t\t\t\t<span class=\"elementor-icon-list-icon\">\n\t\t\t\t\t\t\t<svg aria-hidden=\"true\" class=\"e-font-icon-svg e-far-check-circle\" viewbox=\"0 0 512 512\" xmlns=\"http:\/\/www.w3.org\/2000\/svg\"><path d=\"M256 8C119.033 8 8 119.033 8 256s111.033 248 248 248 248-111.033 248-248S392.967 8 256 8zm0 48c110.532 0 200 89.451 200 200 0 110.532-89.451 200-200 200-110.532 0-200-89.451-200-200 0-110.532 89.451-200 200-200m140.204 130.267l-22.536-22.718c-4.667-4.705-12.265-4.736-16.97-.068L215.346 303.697l-59.792-60.277c-4.667-4.705-12.265-4.736-16.97-.069l-22.719 22.536c-4.705 4.667-4.736 12.265-.068 16.971l90.781 91.516c4.667 4.705 12.265 4.736 16.97.068l172.589-171.204c4.704-4.668 4.734-12.266.067-16.971z\"><\/path><\/svg>\t\t\t\t\t\t<\/span>\n\t\t\t\t\t\t\t\t\t\t<span class=\"elementor-icon-list-text\">Klicka f\u00f6r att se FTMO Challenge-regler<\/span>\n\t\t\t\t\t\t\t\t\t\t\t<\/a>\n\t\t\t\t\t\t\t\t\t<\/li>\n\t\t\t\t\t\t<\/ul>\n\t\t\t\t\t\t<\/div>\n\t\t\t\t<div class=\"elementor-element elementor-element-c798038 elementor-widget elementor-widget-html translation-block\" data-id=\"c798038\" data-element_type=\"widget\" data-widget_type=\"html.default\"><span>\n<strong>Darwinex Zero \u2014 Din v\u00e4g till att bli fondf\u00f6rvaltare<\/strong><br>\n  <ul>\n    <li><strong>Egenskaper:<\/strong> Unik \"prenumerationsbaserad\" modell utan tidsbegr\u00e4nsning f\u00f6r provet. Fokus ligger p\u00e5 att bygga l\u00e5ngsiktig prestation; de b\u00e4sta f\u00e5r direkt tilldelning av institutionellt kapital.<\/li>\n    <li><strong>M\u00e5lgrupp:<\/strong> Traders som vill slippa stressen med tidsbegr\u00e4nsade prov och de som str\u00e4var efter l\u00e5ngsiktig \"kapitalf\u00f6rvaltning\".<\/li>\n  <\/ul>\n<\/span><\/div>\n\t\t\t\t<div class=\"elementor-element elementor-element-c584754 elementor-icon-list--layout-inline elementor-list-item-link-inline elementor-widget elementor-widget-icon-list\" data-id=\"c584754\" data-element_type=\"widget\" data-widget_type=\"icon-list.default\">\n\t\t\t\t\t\t\t<ul class=\"elementor-icon-list-items elementor-inline-items\">\n\t\t\t\t\t\t\t<li class=\"elementor-icon-list-item elementor-inline-item\">\n\t\t\t\t\t\t\t\t\t\t\t<a href=\"https:\/\/www.darwinexzero.com?fpr=6a0yb2\" target=\"_blank\" rel=\"nofollow noopener\">\n\n\t\t\t\t\t\t\t\t\t\t\t\t<span class=\"elementor-icon-list-icon\">\n\t\t\t\t\t\t\t<svg aria-hidden=\"true\" class=\"e-font-icon-svg e-far-check-circle\" viewbox=\"0 0 512 512\" xmlns=\"http:\/\/www.w3.org\/2000\/svg\"><path d=\"M256 8C119.033 8 8 119.033 8 256s111.033 248 248 248 248-111.033 248-248S392.967 8 256 8zm0 48c110.532 0 200 89.451 200 200 0 110.532-89.451 200-200 200-110.532 0-200-89.451-200-200 0-110.532 89.451-200 200-200m140.204 130.267l-22.536-22.718c-4.667-4.705-12.265-4.736-16.97-.068L215.346 303.697l-59.792-60.277c-4.667-4.705-12.265-4.736-16.97-.069l-22.719 22.536c-4.705 4.667-4.736 12.265-.068 16.971l90.781 91.516c4.667 4.705 12.265 4.736 16.97.068l172.589-171.204c4.704-4.668 4.734-12.266.067-16.971z\"><\/path><\/svg>\t\t\t\t\t\t<\/span>\n\t\t\t\t\t\t\t\t\t\t<span class=\"elementor-icon-list-text\">Klicka f\u00f6r att h\u00e4mta din exklusiva rabattkod p\u00e5 20 %<\/span>\n\t\t\t\t\t\t\t\t\t\t\t<\/a>\n\t\t\t\t\t\t\t\t\t<\/li>\n\t\t\t\t\t\t<\/ul>\n\t\t\t\t\t\t<\/div>\n\t\t\t\t<div class=\"elementor-element elementor-element-01023ef elementor-icon-list--layout-inline elementor-list-item-link-inline elementor-widget elementor-widget-icon-list\" data-id=\"01023ef\" data-element_type=\"widget\" data-widget_type=\"icon-list.default\">\n\t\t\t\t\t\t\t<ul class=\"elementor-icon-list-items elementor-inline-items\">\n\t\t\t\t\t\t\t<li class=\"elementor-icon-list-item elementor-inline-item\">\n\t\t\t\t\t\t\t\t\t\t\t<span class=\"elementor-icon-list-icon\">\n\t\t\t\t\t\t\t<svg aria-hidden=\"true\" class=\"e-font-icon-svg e-fas-bullhorn\" viewbox=\"0 0 576 512\" xmlns=\"http:\/\/www.w3.org\/2000\/svg\"><path d=\"M576 240c0-23.63-12.95-44.04-32-55.12V32.01C544 23.26 537.02 0 512 0c-7.12 0-14.19 2.38-19.98 7.02l-85.03 68.03C364.28 109.19 310.66 128 256 128H64c-35.35 0-64 28.65-64 64v96c0 35.35 28.65 64 64 64h33.7c-1.39 10.48-2.18 21.14-2.18 32 0 39.77 9.26 77.35 25.56 110.94 5.19 10.69 16.52 17.06 28.4 17.06h74.28c26.05 0 41.69-29.84 25.9-50.56-16.4-21.52-26.15-48.36-26.15-77.44 0-11.11 1.62-21.79 4.41-32H256c54.66 0 108.28 18.81 150.98 52.95l85.03 68.03a32.023 32.023 0 0 0 19.98 7.02c24.92 0 32-22.78 32-32V295.13C563.05 284.04 576 263.63 576 240zm-96 141.42l-33.05-26.44C392.95 311.78 325.12 288 256 288v-96c69.12 0 136.95-23.78 190.95-66.98L480 98.58v282.84z\"><\/path><\/svg>\t\t\t\t\t\t<\/span>\n\t\t\t\t\t\t\t\t\t\t<span class=\"elementor-icon-list-text\"><strong>Rabattkod:\u00a0<\/strong>ZEROPARTNER_20<\/span>\n\t\t\t\t\t\t\t\t\t<\/li>\n\t\t\t\t\t\t<\/ul>\n\t\t\t\t\t\t<\/div>\n\t\t\t\t<div class=\"elementor-element elementor-element-6c863f8 elementor-widget elementor-widget-heading\" data-id=\"6c863f8\" data-element_type=\"widget\" data-widget_type=\"heading.default\">\n\t\t\t\t\t<span class=\"elementor-heading-title elementor-size-default\">(Obs: Registrering via l\u00e4nken ger extra f\u00f6rm\u00e5ner och st\u00f6djer webbplatsens drift.)<\/span>\t\t\t\t<\/div>\n\t\t\t\t<\/div>\n\t\t\t\t<div class=\"elementor-element elementor-element-6a1281a elementor-widget elementor-widget-html translation-block\" data-id=\"6a1281a\" data-element_type=\"widget\" data-widget_type=\"html.default\"><span>\n<h2><strong>Slutsats: Examensprovet \u2014 Ditt n\u00e4sta steg<\/strong><\/h2>\nSe tillbaka p\u00e5 v\u00e4gen du har vandrat: du har bem\u00e4strat programvaran, l\u00e4rt dig strategierna och f\u00f6rst\u00e5tt riskhantering. Nu har du biljetten till f\u00f6rst\u00e4rkt vinst.<br><br>\n\n<h3><strong>\ud83c\udf93 N\u00e4r ska du p\u00e5b\u00f6rja utmaningen?<\/strong><\/h3>\nV\u00e4nligen uppn\u00e5 f\u00f6rst f\u00f6ljande <strong>\"kvalificeringsstandarder\"<\/strong> p\u00e5 ett demokonto:<br><br>\n  <ol>\n    <li>Dokumentera demokontots prestation under minst 1 m\u00e5nad med <strong>Myfxbook<\/strong>.<\/li>\n    <li>Uppfyll m\u00e5len: <strong>Profit Factor &gt; 1.5<\/strong> och <strong>Max Drawdown &lt; 10 %<\/strong>.<\/li>\n    <li>Psykologisk koll: F\u00f6rm\u00e5ga att f\u00f6lja disciplin konsekvent med absolut ingen \"h\u00e4mndtrading.\"<\/li>\n  <\/ol><br>\n\nN\u00e4r dessa villkor \u00e4r uppfyllda, anm\u00e4l dig modigt till den minsta utmaningen. Den lilla registreringsavgiften kommer att vara investeringen med h\u00f6gst ROI p\u00e5 din resa mot att bli en professionell trader.<br><br>\n\n<strong>Lycka till p\u00e5 marknaderna. Vi ses i de avancerade kurserna.<\/strong><br><br>\n\n  \u2014 <strong>Mr.Forex<\/strong>\n<\/span><\/div>\n\t\t\t\t<div class=\"elementor-element elementor-element-b8c31ee elementor-icon-list--layout-inline elementor-list-item-link-inline elementor-widget elementor-widget-icon-list\" data-id=\"b8c31ee\" data-element_type=\"widget\" data-widget_type=\"icon-list.default\">\n\t\t\t\t\t\t\t<ul class=\"elementor-icon-list-items elementor-inline-items\">\n\t\t\t\t\t\t\t<li class=\"elementor-icon-list-item elementor-inline-item\">\n\t\t\t\t\t\t\t\t\t\t\t<a href=\"https:\/\/mister.forex\/sv\/ebook-hub\/\">\n\n\t\t\t\t\t\t\t\t\t\t\t\t<span class=\"elementor-icon-list-icon\">\n\t\t\t\t\t\t\t<svg aria-hidden=\"true\" class=\"e-font-icon-svg e-fas-home\" viewbox=\"0 0 576 512\" xmlns=\"http:\/\/www.w3.org\/2000\/svg\"><path d=\"M280.37 148.26L96 300.11V464a16 16 0 0 0 16 16l112.06-.29a16 16 0 0 0 15.92-16V368a16 16 0 0 1 16-16h64a16 16 0 0 1 16 16v95.64a16 16 0 0 0 16 16.05L464 480a16 16 0 0 0 16-16V300L295.67 148.26a12.19 12.19 0 0 0-15.3 0zM571.6 251.47L488 182.56V44.05a12 12 0 0 0-12-12h-56a12 12 0 0 0-12 12v72.61L318.47 43a48 48 0 0 0-61 0L4.34 251.47a12 12 0 0 0-1.6 16.9l25.5 31A12 12 0 0 0 45.15 301l235.22-193.74a12.19 12.19 0 0 1 15.3 0L530.9 301a12 12 0 0 0 16.9-1.6l25.5-31a12 12 0 0 0-1.7-16.93z\"><\/path><\/svg>\t\t\t\t\t\t<\/span>\n\t\t\t\t\t\t\t\t\t\t<span class=\"elementor-icon-list-text\">Tillbaka till e-bokens startsida<\/span>\n\t\t\t\t\t\t\t\t\t\t\t<\/a>\n\t\t\t\t\t\t\t\t\t<\/li>\n\t\t\t\t\t\t<\/ul>\n\t\t\t\t\t\t<\/div>\n\t\t\t\t\t<\/div>\n\t\t\t\t<\/div>\n\t\t\t\t<\/div>","protected":false},"excerpt":{"rendered":"<p>Uppt\u00e4ck hur Prop Firms fungerar: Ingen skulds\u00e4ttning kr\u00e4vs. Klara utv\u00e4rderingen f\u00f6r att f\u00e5 tillg\u00e5ng till \u00f6ver 100 000 $ i tradingkapital med 80 % vinstdelning! Mr.Forex visar hur du f\u00f6rvandlar en liten registreringsavgift till en professionell karri\u00e4r och maximerar din kompetens.<\/p>","protected":false},"author":1,"featured_media":66049,"parent":0,"menu_order":0,"comment_status":"closed","ping_status":"closed","template":"","meta":{"footnotes":""},"tags":[128],"class_list":["post-66033","page","type-page","status-publish","has-post-thumbnail","hentry","tag-no-google"],"_links":{"self":[{"href":"https:\/\/mister.forex\/sv\/wp-json\/wp\/v2\/pages\/66033","targetHints":{"allow":["GET"]}}],"collection":[{"href":"https:\/\/mister.forex\/sv\/wp-json\/wp\/v2\/pages"}],"about":[{"href":"https:\/\/mister.forex\/sv\/wp-json\/wp\/v2\/types\/page"}],"author":[{"embeddable":true,"href":"https:\/\/mister.forex\/sv\/wp-json\/wp\/v2\/users\/1"}],"replies":[{"embeddable":true,"href":"https:\/\/mister.forex\/sv\/wp-json\/wp\/v2\/comments?post=66033"}],"version-history":[{"count":39,"href":"https:\/\/mister.forex\/sv\/wp-json\/wp\/v2\/pages\/66033\/revisions"}],"predecessor-version":[{"id":71275,"href":"https:\/\/mister.forex\/sv\/wp-json\/wp\/v2\/pages\/66033\/revisions\/71275"}],"wp:featuredmedia":[{"embeddable":true,"href":"https:\/\/mister.forex\/sv\/wp-json\/wp\/v2\/media\/66049"}],"wp:attachment":[{"href":"https:\/\/mister.forex\/sv\/wp-json\/wp\/v2\/media?parent=66033"}],"wp:term":[{"taxonomy":"post_tag","embeddable":true,"href":"https:\/\/mister.forex\/sv\/wp-json\/wp\/v2\/tags?post=66033"}],"curies":[{"name":"wp","href":"https:\/\/api.w.org\/{rel}","templated":true}]}}