{"id":66268,"date":"2026-02-07T21:05:51","date_gmt":"2026-02-07T13:05:51","guid":{"rendered":"https:\/\/mister.forex\/?page_id=66268"},"modified":"2026-04-21T14:49:01","modified_gmt":"2026-04-21T06:49:01","slug":"hedge-fund-portfolio-logic","status":"publish","type":"page","link":"https:\/\/mister.forex\/sv\/hedge-fund-portfolio-logic\/","title":{"rendered":"Sluta satsa allt! Hemligheten bakom hedgefonder: Kvantitativ handel och tillg\u00e5ngsallokering"},"content":{"rendered":"<div data-elementor-type=\"wp-page\" data-elementor-id=\"66268\" class=\"elementor elementor-66268\" data-elementor-post-type=\"page\">\n\t\t\t\t<div class=\"elementor-element elementor-element-e573153 e-flex e-con-boxed e-con e-parent\" data-id=\"e573153\" data-element_type=\"container\">\n\t\t\t\t\t<div class=\"e-con-inner\">\n\t\t\t\t<div class=\"elementor-element elementor-element-4658f0d elementor-widget elementor-widget-heading\" data-id=\"4658f0d\" data-element_type=\"widget\" data-widget_type=\"heading.default\">\n\t\t\t\t\t<h1 class=\"elementor-heading-title elementor-size-default\">Varf\u00f6r satsar hedgefonder aldrig allt? Logiken bakom l\u00e5ngsiktig portf\u00f6ljvinst<\/h1>\t\t\t\t<\/div>\n\t\t\t\t<div class=\"elementor-element elementor-element-52dd9d1 elementor-widget elementor-widget-html translation-block\" data-id=\"52dd9d1\" data-element_type=\"widget\" data-widget_type=\"html.default\"><span>\nI investeringsv\u00e4rlden \u00e4r jakten p\u00e5 den \"enda starkaste signalen\" ofta b\u00f6rjan p\u00e5 f\u00f6rluster. Eftersom marknadsmilj\u00f6n st\u00e4ndigt f\u00f6r\u00e4ndras kan ingen algoritm f\u00f6rbli o\u00f6vervinnerlig f\u00f6r evigt.<br><br>\nProfessionella institutioner \u00f6verlever l\u00e5ngsiktigt genom att lita p\u00e5 <strong>\"strategisk komplementaritet\"<\/strong>. H\u00e4r \u00e4r k\u00e4rnlogiken i tillg\u00e5ngsallokering:\n<\/span><br><br>\n\n<span>\n<h2><strong>1. Marknaden f\u00f6r\u00e4ndras, din strategi beh\u00f6ver en \"Plan B\"<\/strong><\/h2>\nMarknadsf\u00f6rh\u00e5llanden delas vanligtvis in i tv\u00e5: <strong>Trend<\/strong> (stora upp- eller nedg\u00e5ngar) och <strong>Konsolidering<\/strong> (sidledsr\u00f6relse).<br><br>\n<ul>\n    <li>Om du bara investerar i <strong>trendstrategier<\/strong> kommer ditt konto att m\u00f6ta upprepade stop-loss n\u00e4r marknaden st\u00e5r stilla.<\/li><br>\n    <li>Om du bara investerar i <strong>kontratrend-strategier<\/strong> riskerar ditt konto stora orealiserade f\u00f6rluster under en stark trend.<\/li>\n<\/ul>\n<br>\n<strong>Det professionella tillv\u00e4gag\u00e5ngss\u00e4ttet:<\/strong> L\u00e5t strategier med olika egenskaper t\u00e4cka varandra. N\u00e4r en strategi slits under konsolidering, tj\u00e4nar den andra p\u00e5 trenden. Denna \"negativ korrelation\" \u00e4r den enda v\u00e4gen till stabil tillv\u00e4xt.\n<\/span><br><br>\n\n<span>\n<h2><strong>2. Tv\u00e5 k\u00e4rnteknologier: Komplement\u00e4ra kvantitativa ramverk<\/strong><\/h2>\nVi har utvecklat tv\u00e5 handelsstrategier f\u00f6r olika marknadsmilj\u00f6er som en intr\u00e4desbiljett f\u00f6r investerare:\n<\/span><\/div>\n\t\t\t\t<div class=\"elementor-element elementor-element-96d5a99 elementor-widget elementor-widget-html\" data-id=\"96d5a99\" data-element_type=\"widget\" data-widget_type=\"html.default\">\n\t\t\t\t\t<span>\n<ul>\n    <li class=\" translation-block\"><strong>Alpha Gold:<\/strong> Specialiserad p\u00e5 att f\u00e5nga prisavvikelser p\u00e5 marknaden. Ju kraftigare avvikelse, desto st\u00f6rre vinstpotential. Idealisk f\u00f6r investerare som s\u00f6ker explosiv tillv\u00e4xt.<\/li><br>\n    \n    <li class=\" translation-block\"><strong>Quant Matrix:<\/strong> Fokuserar p\u00e5 statistiska m\u00f6nster och mikrosv\u00e4ngningar i flera valutapar. Str\u00e4var efter ultimat stabilitet och ackumulerar vinst likt bankr\u00e4nta.<\/li>\n<\/ul>\n<\/span>\t\t\t\t<\/div>\n\t\t\t\t<div class=\"elementor-element elementor-element-eaa015f elementor-widget elementor-widget-html translation-block\" data-id=\"eaa015f\" data-element_type=\"widget\" data-widget_type=\"html.default\"><span>\n<h2><strong>3. Tillv\u00e4xtresa: Fr\u00e5n verifiering till professionell portf\u00f6lj<\/strong><\/h2>\nVi vet att f\u00f6rtroende tar tid. D\u00e4rf\u00f6r erbjuder vi en komplett stege fr\u00e5n nyb\u00f6rjarniv\u00e5 till institutionell niv\u00e5:<br><br>\n<ul>\n    <li><strong>Inledande verifiering:<\/strong> B\u00f6rja med en instegsstrategi och j\u00e4mf\u00f6r sj\u00e4lv <strong>Myfxbook<\/strong>-data med faktiska resultat.<\/li><br>\n    \n    <li><strong>Gradvis uppskalning:<\/strong> N\u00e4r stabiliteten \u00e4r bekr\u00e4ftad rekommenderas en kombination av trend- och reverseringsstrategier f\u00f6r att isolera risker.<\/li><br>\n    \n    <li><strong>Investeringsportf\u00f6lj:<\/strong> Vid st\u00f6rre kapital aktiveras avancerad hedging-logik f\u00f6r stabilitet p\u00e5 hedgefond-niv\u00e5.<\/li>\n<\/ul>\n<\/span><br>\n\n<span>\n<h2><strong>Slutsats: Den b\u00e4sta investeringen b\u00f6rjar med fakta<\/strong><\/h2>\nKvantitativ handel handlar om vetenskap, inte mirakel. V\u00e4lj en strategi som passar dig och upplev effektiviteten med automatisering.\n<\/span><br><br>\n\n<span>\n<h2><strong>V\u00e4lj din f\u00f6rsta kvantitativa startpunkt<\/strong><\/h2>\nKvantitativ handel \u00e4r vetenskap. B\u00f6rja med en strategi och upplev \u00e4kta automatiserad f\u00f6rm\u00f6genhetsf\u00f6rvaltning:\n<\/span><\/div>\n\t\t\t\t<div class=\"elementor-element elementor-element-1c09d1f elementor-icon-list--layout-inline elementor-list-item-link-inline elementor-widget elementor-widget-icon-list\" data-id=\"1c09d1f\" data-element_type=\"widget\" data-widget_type=\"icon-list.default\">\n\t\t\t\t\t\t\t<ul class=\"elementor-icon-list-items elementor-inline-items\">\n\t\t\t\t\t\t\t<li class=\"elementor-icon-list-item elementor-inline-item\">\n\t\t\t\t\t\t\t\t\t\t\t<a href=\"https:\/\/mister.forex\/sv\/alpha-gold\/\">\n\n\t\t\t\t\t\t\t\t\t\t\t\t<span class=\"elementor-icon-list-icon\">\n\t\t\t\t\t\t\t<svg aria-hidden=\"true\" class=\"e-font-icon-svg e-far-check-circle\" viewbox=\"0 0 512 512\" xmlns=\"http:\/\/www.w3.org\/2000\/svg\"><path d=\"M256 8C119.033 8 8 119.033 8 256s111.033 248 248 248 248-111.033 248-248S392.967 8 256 8zm0 48c110.532 0 200 89.451 200 200 0 110.532-89.451 200-200 200-110.532 0-200-89.451-200-200 0-110.532 89.451-200 200-200m140.204 130.267l-22.536-22.718c-4.667-4.705-12.265-4.736-16.97-.068L215.346 303.697l-59.792-60.277c-4.667-4.705-12.265-4.736-16.97-.069l-22.719 22.536c-4.705 4.667-4.736 12.265-.068 16.971l90.781 91.516c4.667 4.705 12.265 4.736 16.97.068l172.589-171.204c4.704-4.668 4.734-12.266.067-16.971z\"><\/path><\/svg>\t\t\t\t\t\t<\/span>\n\t\t\t\t\t\t\t\t\t\t<span class=\"elementor-icon-list-text\">Se Alpha Gold live-prestation<\/span>\n\t\t\t\t\t\t\t\t\t\t\t<\/a>\n\t\t\t\t\t\t\t\t\t<\/li>\n\t\t\t\t\t\t<\/ul>\n\t\t\t\t\t\t<\/div>\n\t\t\t\t<div class=\"elementor-element elementor-element-29c4922 elementor-widget elementor-widget-heading\" data-id=\"29c4922\" data-element_type=\"widget\" data-widget_type=\"heading.default\">\n\t\t\t\t\t<span class=\"elementor-heading-title elementor-size-default\">(L\u00e4mplig f\u00f6r investerare som s\u00f6ker explosiv tillv\u00e4xt och f\u00f6redrar guldhandel)<\/span>\t\t\t\t<\/div>\n\t\t\t\t<div class=\"elementor-element elementor-element-0b7b33a elementor-icon-list--layout-inline elementor-list-item-link-inline elementor-widget elementor-widget-icon-list\" data-id=\"0b7b33a\" data-element_type=\"widget\" data-widget_type=\"icon-list.default\">\n\t\t\t\t\t\t\t<ul class=\"elementor-icon-list-items elementor-inline-items\">\n\t\t\t\t\t\t\t<li class=\"elementor-icon-list-item elementor-inline-item\">\n\t\t\t\t\t\t\t\t\t\t\t<a href=\"https:\/\/mister.forex\/sv\/quant-matrix\/\">\n\n\t\t\t\t\t\t\t\t\t\t\t\t<span class=\"elementor-icon-list-icon\">\n\t\t\t\t\t\t\t<svg aria-hidden=\"true\" class=\"e-font-icon-svg e-far-check-circle\" viewbox=\"0 0 512 512\" xmlns=\"http:\/\/www.w3.org\/2000\/svg\"><path d=\"M256 8C119.033 8 8 119.033 8 256s111.033 248 248 248 248-111.033 248-248S392.967 8 256 8zm0 48c110.532 0 200 89.451 200 200 0 110.532-89.451 200-200 200-110.532 0-200-89.451-200-200 0-110.532 89.451-200 200-200m140.204 130.267l-22.536-22.718c-4.667-4.705-12.265-4.736-16.97-.068L215.346 303.697l-59.792-60.277c-4.667-4.705-12.265-4.736-16.97-.069l-22.719 22.536c-4.705 4.667-4.736 12.265-.068 16.971l90.781 91.516c4.667 4.705 12.265 4.736 16.97.068l172.589-171.204c4.704-4.668 4.734-12.266.067-16.971z\"><\/path><\/svg>\t\t\t\t\t\t<\/span>\n\t\t\t\t\t\t\t\t\t\t<span class=\"elementor-icon-list-text\">Se Quant Matrix live-prestation<\/span>\n\t\t\t\t\t\t\t\t\t\t\t<\/a>\n\t\t\t\t\t\t\t\t\t<\/li>\n\t\t\t\t\t\t<\/ul>\n\t\t\t\t\t\t<\/div>\n\t\t\t\t<div class=\"elementor-element elementor-element-6b74cb5 elementor-widget elementor-widget-heading\" data-id=\"6b74cb5\" data-element_type=\"widget\" data-widget_type=\"heading.default\">\n\t\t\t\t\t<span class=\"elementor-heading-title elementor-size-default\">(L\u00e4mplig f\u00f6r investerare som s\u00f6ker stabilitet och stadig tillv\u00e4xt p\u00e5 kontot)<\/span>\t\t\t\t<\/div>\n\t\t\t\t<div class=\"elementor-element elementor-element-6319289 elementor-icon-list--layout-inline elementor-list-item-link-inline elementor-widget elementor-widget-icon-list\" data-id=\"6319289\" data-element_type=\"widget\" data-widget_type=\"icon-list.default\">\n\t\t\t\t\t\t\t<ul class=\"elementor-icon-list-items elementor-inline-items\">\n\t\t\t\t\t\t\t<li class=\"elementor-icon-list-item elementor-inline-item\">\n\t\t\t\t\t\t\t\t\t\t\t<a href=\"https:\/\/mister.forex\/sv\/calmar-ratio-investment-efficiency\/\">\n\n\t\t\t\t\t\t\t\t\t\t\t\t<span class=\"elementor-icon-list-icon\">\n\t\t\t\t\t\t\t<svg aria-hidden=\"true\" class=\"e-font-icon-svg e-far-check-circle\" viewbox=\"0 0 512 512\" xmlns=\"http:\/\/www.w3.org\/2000\/svg\"><path d=\"M256 8C119.033 8 8 119.033 8 256s111.033 248 248 248 248-111.033 248-248S392.967 8 256 8zm0 48c110.532 0 200 89.451 200 200 0 110.532-89.451 200-200 200-110.532 0-200-89.451-200-200 0-110.532 89.451-200 200-200m140.204 130.267l-22.536-22.718c-4.667-4.705-12.265-4.736-16.97-.068L215.346 303.697l-59.792-60.277c-4.667-4.705-12.265-4.736-16.97-.069l-22.719 22.536c-4.705 4.667-4.736 12.265-.068 16.971l90.781 91.516c4.667 4.705 12.265 4.736 16.97.068l172.589-171.204c4.704-4.668 4.734-12.266.067-16.971z\"><\/path><\/svg>\t\t\t\t\t\t<\/span>\n\t\t\t\t\t\t\t\t\t\t<span class=\"elementor-icon-list-text\">S\u00e4g adj\u00f6 till uppbl\u00e5st avkastning: Bem\u00e4stra Calmar Ratio f\u00f6r en stabil tillg\u00e5ngskurva<\/span>\n\t\t\t\t\t\t\t\t\t\t\t<\/a>\n\t\t\t\t\t\t\t\t\t<\/li>\n\t\t\t\t\t\t<\/ul>\n\t\t\t\t\t\t<\/div>\n\t\t\t\t\t<\/div>\n\t\t\t\t<\/div>\n\t\t\t\t<\/div>","protected":false},"excerpt":{"rendered":"<p>Varf\u00f6r satsar topphedgefonder aldrig allt p\u00e5 en enda signal? Uppt\u00e4ck hemligheten med institutionell tillg\u00e5ngsallokering genom \"negativ korrelation\". L\u00e4r dig hur du st\u00e5r emot marknadsvolatilitet med en portf\u00f6lj och uppn\u00e5r den matematiska f\u00f6rdelen med samlad vinst och riskeliminering. Sluta leta efter \"den heliga gralen\" och bli en professionell investerare!<\/p>","protected":false},"author":1,"featured_media":66336,"parent":0,"menu_order":0,"comment_status":"closed","ping_status":"closed","template":"","meta":{"footnotes":""},"tags":[128],"class_list":["post-66268","page","type-page","status-publish","has-post-thumbnail","hentry","tag-no-google"],"_links":{"self":[{"href":"https:\/\/mister.forex\/sv\/wp-json\/wp\/v2\/pages\/66268","targetHints":{"allow":["GET"]}}],"collection":[{"href":"https:\/\/mister.forex\/sv\/wp-json\/wp\/v2\/pages"}],"about":[{"href":"https:\/\/mister.forex\/sv\/wp-json\/wp\/v2\/types\/page"}],"author":[{"embeddable":true,"href":"https:\/\/mister.forex\/sv\/wp-json\/wp\/v2\/users\/1"}],"replies":[{"embeddable":true,"href":"https:\/\/mister.forex\/sv\/wp-json\/wp\/v2\/comments?post=66268"}],"version-history":[{"count":12,"href":"https:\/\/mister.forex\/sv\/wp-json\/wp\/v2\/pages\/66268\/revisions"}],"predecessor-version":[{"id":70533,"href":"https:\/\/mister.forex\/sv\/wp-json\/wp\/v2\/pages\/66268\/revisions\/70533"}],"wp:featuredmedia":[{"embeddable":true,"href":"https:\/\/mister.forex\/sv\/wp-json\/wp\/v2\/media\/66336"}],"wp:attachment":[{"href":"https:\/\/mister.forex\/sv\/wp-json\/wp\/v2\/media?parent=66268"}],"wp:term":[{"taxonomy":"post_tag","embeddable":true,"href":"https:\/\/mister.forex\/sv\/wp-json\/wp\/v2\/tags?post=66268"}],"curies":[{"name":"wp","href":"https:\/\/api.w.org\/{rel}","templated":true}]}}