{"id":66400,"date":"2026-02-13T13:35:55","date_gmt":"2026-02-13T05:35:55","guid":{"rendered":"https:\/\/mister.forex\/?page_id=66400"},"modified":"2026-04-19T09:12:36","modified_gmt":"2026-04-19T01:12:36","slug":"why-we-refuse-mql5-signalstart","status":"publish","type":"page","link":"https:\/\/mister.forex\/sv\/why-we-refuse-mql5-signalstart\/","title":{"rendered":"\u00c4r MQL5-prenumeration verkligen l\u00f6nsamt? 3 f\u00e4llor vid copy-trading | Mr.Forex"},"content":{"rendered":"<div data-elementor-type=\"wp-page\" data-elementor-id=\"66400\" class=\"elementor elementor-66400\" data-elementor-post-type=\"page\">\n\t\t\t\t<div class=\"elementor-element elementor-element-5818207 e-flex e-con-boxed e-con e-parent\" data-id=\"5818207\" data-element_type=\"container\">\n\t\t\t\t\t<div class=\"e-con-inner\">\n\t\t\t\t<div class=\"elementor-element elementor-element-384e732 elementor-widget elementor-widget-heading\" data-id=\"384e732\" data-element_type=\"widget\" data-widget_type=\"heading.default\">\n\t\t\t\t\t<h1 class=\"elementor-heading-title elementor-size-default\">Skydda investerarnas vinst: 4 tekniska sk\u00e4l till varf\u00f6r vi avvisar MQL5-prenumerationer<\/h1>\t\t\t\t<\/div>\n\t\t\t\t<div class=\"elementor-element elementor-element-dbb2d15 elementor-widget elementor-widget-html translation-block\" data-id=\"dbb2d15\" data-element_type=\"widget\" data-widget_type=\"html.default\"><span>\nN\u00e4r du b\u00f6rjar leta efter automatiserade handelsverktyg har du s\u00e4kert h\u00f6rt talas om k\u00e4nda plattformar som <strong>MQL5<\/strong>, <strong>SignalStart<\/strong> eller <strong>ZuluTrade<\/strong>. M\u00e5nga anv\u00e4ndare fr\u00e5gar mig: \"Eftersom ditt system \u00e4r s\u00e5 stabilt, varf\u00f6r l\u00e4gger du inte ut det p\u00e5 dessa plattformar med en m\u00e5nadsavgift?\"<br><br>\n\nDetta \u00e4r en mycket professionell fr\u00e5ga. Idag vill jag avsl\u00f6ja varf\u00f6r vi avvisar dessa plattformar. Det \u00e4r inte p\u00e5 grund av tekniska begr\u00e4nsningar, utan f\u00f6r att vi vet: <strong>Att prenumerera p\u00e5 \"Scalping-strategier\" p\u00e5 dessa plattformar leder ofta till att bara signalk\u00e4llan tj\u00e4nar pengar, medan f\u00f6ljarna f\u00f6rlorar pengar.<\/strong><br><br>\n\nH\u00e4r \u00e4r de tekniska gr\u00e4nser vi h\u00e5ller fast vid f\u00f6r att skydda investerarnas kapital:\n<\/span><br><br>\n\n<span>\n<h2><strong>1. Den \"sj\u00e4lvmordsliknande\" handelsf\u00e4llan f\u00f6r sm\u00e5sparare<\/strong><\/h2>\n\nPlattformar som <strong>MQL5<\/strong> tar vanligtvis ut en fast m\u00e5nadsavgift (t.ex. $30 - $100 USD). Detta belopp kan vara obetydligt f\u00f6r stora konton, men det \u00e4r en d\u00f6dsst\u00f6t f\u00f6r sm\u00e5 investerare.<br><br>\n\n<ul>\n    <li><strong>H\u00f6gt vinsttryck:<\/strong> Om ditt konto \u00e4r p\u00e5 $1 000 och du betalar $50 i avgift, m\u00e5ste du tj\u00e4na 5 % varje m\u00e5nad bara f\u00f6r att g\u00e5 j\u00e4mnt ut.<\/li><br>\n    <li><strong>F\u00f6r\u00e4ndrad handelspsykologi:<\/strong> F\u00f6r att t\u00e4cka denna fasta kostnad s\u00f6ker sm\u00e5 anv\u00e4ndare omedvetet h\u00f6gre avkastning, vilket tvingar in systemet i h\u00f6grisk-tillst\u00e5nd med stora drawdowns.<\/li><br>\n    <li><strong>V\u00e5r l\u00f6sning:<\/strong> Vi insisterar p\u00e5 en <strong>\"Performance Fee\"<\/strong>-modell. Om du inte tj\u00e4nar pengar, tar vi inte ett \u00f6re. Detta s\u00e4kerst\u00e4ller att v\u00e5ra intressen \u00e4r helt i linje med investerarens.<\/li>\n<\/ul>\n<\/span><br>\n\n<span>\n<h2><strong>2. Den tekniska sanningen: K\u00e4llan vinner, f\u00f6ljaren f\u00f6rlorar<\/strong><\/h2>\n\nDetta \u00e4r det vanligaste klagom\u00e5let p\u00e5 tredjepartsplattformar. S\u00e4rskilt v\u00e5r \"Scalping-strategi\" kr\u00e4ver extremt strikta handelsf\u00f6rh\u00e5llanden (spreads, slippage, latens).<br><br>\n\n<ul>\n    <li><strong>Teknisk flaskhals:<\/strong> P\u00e5 plattformar som <strong>MQL5<\/strong> skapar \u00f6verf\u00f6ring mellan servrar betydande prisskillnader.<\/li><br>\n    <li><strong>D\u00e5ligt utf\u00f6rande:<\/strong> K\u00e4llan g\u00e5r in p\u00e5 2030,10 och ut p\u00e5 2030,50 (4 pips vinst). P\u00e5 grund av f\u00f6rdr\u00f6jning g\u00e5r du in p\u00e5 2030,40 och ut p\u00e5 2030,45. Efter avgifter ligger ditt konto p\u00e5 minus.<\/li><br>\n    <li><strong>Slutsats:<\/strong> Prenumerationer mellan olika plattformar l\u00e4mpar sig inte f\u00f6r precisa och snabba kvantitativa strategier.<\/li>\n<\/ul>\n<\/span><\/div>\n\t\t<div class=\"elementor-element elementor-element-0917671 e-con-full e-flex e-con e-child\" data-id=\"0917671\" data-element_type=\"container\" data-settings=\"{&quot;background_background&quot;:&quot;classic&quot;}\">\n\t\t\t\t<div class=\"elementor-element elementor-element-e0481e3 elementor-widget elementor-widget-html translation-block\" data-id=\"e0481e3\" data-element_type=\"widget\" data-widget_type=\"html.default\"><span>\n<strong>Mr.Forex analys:<\/strong> Du beh\u00f6ver inte bara lita p\u00e5 mitt ord. Du kan se de verkliga betygen f\u00f6r dessa plattformar p\u00e5 <a href=\"https:\/\/www.trustpilot.com\/\" target=\"_blank\" rel=\"nofollow noopener\"><strong>Trustpilot<\/strong><\/a>. Anv\u00e4ndares klagom\u00e5l p\u00e5 \"felaktiga signaler\" eller \"t\u00f6mda konton\" beror oftast p\u00e5 att **slippage mellan plattformar \u00e4ter upp vinsten**, samtidigt som fasta prenumerationsavgifter dr\u00e4nerar kapitalet.\n<\/span><\/div>\n\t\t\t\t<\/div>\n\t\t<div class=\"elementor-element elementor-element-46f9c19 e-grid e-con-full e-con e-child\" data-id=\"46f9c19\" data-element_type=\"container\">\n\t\t\t\t<div class=\"elementor-element elementor-element-c27ab99 elementor-widget elementor-widget-image\" data-id=\"c27ab99\" data-element_type=\"widget\" data-widget_type=\"image.default\">\n\t\t\t\t\t\t\t\t\t\t\t\t<figure class=\"wp-caption\">\n\t\t\t\t\t\t\t\t\t\t\t<a href=\"https:\/\/www.trustpilot.com\/review\/www.mql5.com\" target=\"_blank\" rel=\"nofollow noopener\">\n\t\t\t\t\t\t\t<img decoding=\"async\" width=\"429\" height=\"115\" src=\"https:\/\/mister.forex\/wp-content\/uploads\/2026\/02\/MQL5.webp\" class=\"attachment-full size-full wp-image-66412\" alt=\"MQL5-recensioner\" srcset=\"https:\/\/mister.forex\/wp-content\/uploads\/2026\/02\/MQL5.webp 429w, https:\/\/mister.forex\/wp-content\/uploads\/2026\/02\/MQL5-300x80.webp 300w, https:\/\/mister.forex\/wp-content\/uploads\/2026\/02\/MQL5-18x5.webp 18w\" sizes=\"(max-width: 429px) 100vw, 429px\" \/>\t\t\t\t\t\t\t\t<\/a>\n\t\t\t\t\t\t\t\t\t\t\t<figcaption class=\"widget-image-caption wp-caption-text\">MQL5-recensioner<\/figcaption>\n\t\t\t\t\t\t\t\t\t\t<\/figure>\n\t\t\t\t\t\t\t\t\t<\/div>\n\t\t\t\t<div class=\"elementor-element elementor-element-ad74459 elementor-widget elementor-widget-image\" data-id=\"ad74459\" data-element_type=\"widget\" data-widget_type=\"image.default\">\n\t\t\t\t\t\t\t\t\t\t\t\t<figure class=\"wp-caption\">\n\t\t\t\t\t\t\t\t\t\t\t<a href=\"https:\/\/www.trustpilot.com\/review\/signalstart.com\" target=\"_blank\" rel=\"nofollow noopener\">\n\t\t\t\t\t\t\t<img decoding=\"async\" width=\"410\" height=\"115\" src=\"https:\/\/mister.forex\/wp-content\/uploads\/2026\/02\/SignalStart.webp\" class=\"attachment-full size-full wp-image-66413\" alt=\"SignalStart-recensioner\" srcset=\"https:\/\/mister.forex\/wp-content\/uploads\/2026\/02\/SignalStart.webp 410w, https:\/\/mister.forex\/wp-content\/uploads\/2026\/02\/SignalStart-300x84.webp 300w, https:\/\/mister.forex\/wp-content\/uploads\/2026\/02\/SignalStart-18x5.webp 18w\" sizes=\"(max-width: 410px) 100vw, 410px\" \/>\t\t\t\t\t\t\t\t<\/a>\n\t\t\t\t\t\t\t\t\t\t\t<figcaption class=\"widget-image-caption wp-caption-text\">SignalStart-recensioner<\/figcaption>\n\t\t\t\t\t\t\t\t\t\t<\/figure>\n\t\t\t\t\t\t\t\t\t<\/div>\n\t\t\t\t<div class=\"elementor-element elementor-element-bd76ace elementor-widget elementor-widget-image\" data-id=\"bd76ace\" data-element_type=\"widget\" data-widget_type=\"image.default\">\n\t\t\t\t\t\t\t\t\t\t\t\t<figure class=\"wp-caption\">\n\t\t\t\t\t\t\t\t\t\t\t<a href=\"https:\/\/www.trustpilot.com\/review\/zulutrade.com\" target=\"_blank\" rel=\"nofollow noopener\">\n\t\t\t\t\t\t\t<img decoding=\"async\" width=\"400\" height=\"115\" src=\"https:\/\/mister.forex\/wp-content\/uploads\/2026\/02\/ZuluTrade.webp\" class=\"attachment-full size-full wp-image-66414\" alt=\"ZuluTrade-recensioner\" srcset=\"https:\/\/mister.forex\/wp-content\/uploads\/2026\/02\/ZuluTrade.webp 400w, https:\/\/mister.forex\/wp-content\/uploads\/2026\/02\/ZuluTrade-300x86.webp 300w, https:\/\/mister.forex\/wp-content\/uploads\/2026\/02\/ZuluTrade-18x5.webp 18w\" sizes=\"(max-width: 400px) 100vw, 400px\" \/>\t\t\t\t\t\t\t\t<\/a>\n\t\t\t\t\t\t\t\t\t\t\t<figcaption class=\"widget-image-caption wp-caption-text\">ZuluTrade-recensioner<\/figcaption>\n\t\t\t\t\t\t\t\t\t\t<\/figure>\n\t\t\t\t\t\t\t\t\t<\/div>\n\t\t\t\t<\/div>\n\t\t\t\t<div class=\"elementor-element elementor-element-499a12a elementor-widget elementor-widget-html translation-block\" data-id=\"499a12a\" data-element_type=\"widget\" data-widget_type=\"html.default\"><span>\n<h2><strong>3. Varf\u00f6r leder prenumerationer till \"spelbeteende\"?<\/strong><\/h2>\n\nP\u00e5 prenumerationsplattformar \u00e4r leverant\u00f6rens inkomst enkel: antal prenumeranter \u00d7 fast m\u00e5nadsavgift.<br><br>\n\n<ul>\n    <li><strong>Allvarlig moralisk risk:<\/strong> Leverant\u00f6rer beh\u00f6ver bara ta extrem risk f\u00f6r att visa ett snyggt m\u00e5nadsresultat och locka folk. \u00c4ven om kontot kraschar n\u00e4sta m\u00e5nad \u00e4r pengarna redan tj\u00e4nade.<\/li><br>\n    <li><strong>\u00c4kta partnerskap:<\/strong> Vi insisterar p\u00e5 en performance fee-modell. Det betyder: <strong>Vi tj\u00e4nar bara pengar n\u00e4r du g\u00f6r en nettovinst.<\/strong> Det tvingar oss att s\u00e4tta riskkontroll och stabilitet fr\u00e4mst.<\/li>\n<\/ul>\n<\/span><br>\n\n<span>\n<h2><strong>4. K\u00f6rs endast i \"tekniskt verifierade\" milj\u00f6er<\/strong><\/h2>\n\nF\u00f6r att ta bort f\u00f6rdr\u00f6jning och slippage avvisar vi tredjeparts-prenumerationer. I en okontrollerad milj\u00f6 misslyckas \u00e4ven de b\u00e4sta strategierna.<br><br>\n\n<ul>\n    <li><strong>Milj\u00f6konsistens:<\/strong> Vi opererar bara i testade milj\u00f6er f\u00f6r att s\u00e4kerst\u00e4lla att ditt konto exekverar i exakt synk med k\u00e4llan.<\/li><br>\n    <li><strong>Noll dolda kostnader:<\/strong> Betala inte m\u00e5nadsavgifter f\u00f6r gammal teknik. Ditt kapital ska v\u00e4xa p\u00e5 ditt konto.<\/li><br>\n    <li><strong>Kvalitetskontroll:<\/strong> Genom v\u00e5rt eget system s\u00e4kerst\u00e4ller vi kvaliteten p\u00e5 varje handel.<\/li>\n<\/ul>\n<\/span><br>\n\n<span>\n<h2><strong>Sammanfattning: Vi v\u00e4ljer den sv\u00e5ra men r\u00e4tta v\u00e4gen<\/strong><\/h2>\n\n\u00c4ven om <strong>MQL5<\/strong> skulle ge oss enkla pengar vore det oansvarigt mot v\u00e5ra investerares exekveringskvalitet.<br><br>\n\nVi v\u00e4ljer vinstdelning. Det garanterar: <strong>N\u00e4r v\u00e5rt realtidskonto g\u00e5r med vinst, v\u00e4xer ditt konto i takt med det.<\/strong><br><br>\n\n<strong>\"Hur vet jag att resultaten \u00e4r \u00e4kta?\"<\/strong><br><br>\n\nProffs tittar p\u00e5 data. L\u00e4r dig anv\u00e4nda Myfxbook f\u00f6r att se igenom 90 procent av de falska resultaten p\u00e5 marknaden.\n<\/span><\/div>\n\t\t\t\t<div class=\"elementor-element elementor-element-02a8139 elementor-icon-list--layout-inline elementor-list-item-link-inline elementor-widget elementor-widget-icon-list\" data-id=\"02a8139\" data-element_type=\"widget\" data-widget_type=\"icon-list.default\">\n\t\t\t\t\t\t\t<ul class=\"elementor-icon-list-items elementor-inline-items\">\n\t\t\t\t\t\t\t<li class=\"elementor-icon-list-item elementor-inline-item\">\n\t\t\t\t\t\t\t\t\t\t\t<a href=\"https:\/\/mister.forex\/sv\/how-to-verify-forex-performance-myfxbook\/\">\n\n\t\t\t\t\t\t\t\t\t\t\t\t<span class=\"elementor-icon-list-icon\">\n\t\t\t\t\t\t\t<svg aria-hidden=\"true\" class=\"e-font-icon-svg e-far-check-circle\" viewbox=\"0 0 512 512\" xmlns=\"http:\/\/www.w3.org\/2000\/svg\"><path d=\"M256 8C119.033 8 8 119.033 8 256s111.033 248 248 248 248-111.033 248-248S392.967 8 256 8zm0 48c110.532 0 200 89.451 200 200 0 110.532-89.451 200-200 200-110.532 0-200-89.451-200-200 0-110.532 89.451-200 200-200m140.204 130.267l-22.536-22.718c-4.667-4.705-12.265-4.736-16.97-.068L215.346 303.697l-59.792-60.277c-4.667-4.705-12.265-4.736-16.97-.069l-22.719 22.536c-4.705 4.667-4.736 12.265-.068 16.971l90.781 91.516c4.667 4.705 12.265 4.736 16.97.068l172.589-171.204c4.704-4.668 4.734-12.266.067-16.971z\"><\/path><\/svg>\t\t\t\t\t\t<\/span>\n\t\t\t\t\t\t\t\t\t\t<span class=\"elementor-icon-list-text\">Varf\u00f6r \u00e4r Myfxbook den enda sanningen i Forex? De dolda kostnaderna f\u00f6r falska sk\u00e4rmdumpar<\/span>\n\t\t\t\t\t\t\t\t\t\t\t<\/a>\n\t\t\t\t\t\t\t\t\t<\/li>\n\t\t\t\t\t\t<\/ul>\n\t\t\t\t\t\t<\/div>\n\t\t\t\t\t<\/div>\n\t\t\t\t<\/div>\n\t\t\t\t<\/div>","protected":false},"excerpt":{"rendered":"<p>Dolda exekveringsfel i MQL5 och SignalStart avsl\u00f6jade! Varf\u00f6r fasta avgifter \u00e4r gift f\u00f6r sm\u00e5 konton. Analys av Mr.Forex val av \"performance fee\" och en enhetlig milj\u00f6 f\u00f6r att skydda din vinst.<\/p>","protected":false},"author":1,"featured_media":66429,"parent":0,"menu_order":0,"comment_status":"closed","ping_status":"closed","template":"","meta":{"footnotes":""},"tags":[128],"class_list":["post-66400","page","type-page","status-publish","has-post-thumbnail","hentry","tag-no-google"],"_links":{"self":[{"href":"https:\/\/mister.forex\/sv\/wp-json\/wp\/v2\/pages\/66400","targetHints":{"allow":["GET"]}}],"collection":[{"href":"https:\/\/mister.forex\/sv\/wp-json\/wp\/v2\/pages"}],"about":[{"href":"https:\/\/mister.forex\/sv\/wp-json\/wp\/v2\/types\/page"}],"author":[{"embeddable":true,"href":"https:\/\/mister.forex\/sv\/wp-json\/wp\/v2\/users\/1"}],"replies":[{"embeddable":true,"href":"https:\/\/mister.forex\/sv\/wp-json\/wp\/v2\/comments?post=66400"}],"version-history":[{"count":12,"href":"https:\/\/mister.forex\/sv\/wp-json\/wp\/v2\/pages\/66400\/revisions"}],"predecessor-version":[{"id":70357,"href":"https:\/\/mister.forex\/sv\/wp-json\/wp\/v2\/pages\/66400\/revisions\/70357"}],"wp:featuredmedia":[{"embeddable":true,"href":"https:\/\/mister.forex\/sv\/wp-json\/wp\/v2\/media\/66429"}],"wp:attachment":[{"href":"https:\/\/mister.forex\/sv\/wp-json\/wp\/v2\/media?parent=66400"}],"wp:term":[{"taxonomy":"post_tag","embeddable":true,"href":"https:\/\/mister.forex\/sv\/wp-json\/wp\/v2\/tags?post=66400"}],"curies":[{"name":"wp","href":"https:\/\/api.w.org\/{rel}","templated":true}]}}