{"id":67137,"date":"2026-03-06T16:33:55","date_gmt":"2026-03-06T08:33:55","guid":{"rendered":"https:\/\/mister.forex\/?page_id=67137"},"modified":"2026-04-22T08:38:09","modified_gmt":"2026-04-22T00:38:09","slug":"calmar-ratio-investment-efficiency","status":"publish","type":"page","link":"https:\/\/mister.forex\/sv\/calmar-ratio-investment-efficiency\/","title":{"rendered":"Vad \u00e4r Calmar Ratio? Indikatorn proffsen prioriterar f\u00f6re \u00e5rlig avkastning"},"content":{"rendered":"<div data-elementor-type=\"wp-page\" data-elementor-id=\"67137\" class=\"elementor elementor-67137\" data-elementor-post-type=\"page\">\n\t\t\t\t<div class=\"elementor-element elementor-element-656ff23 e-flex e-con-boxed e-con e-parent\" data-id=\"656ff23\" data-element_type=\"container\">\n\t\t\t\t\t<div class=\"e-con-inner\">\n\t\t\t\t<div class=\"elementor-element elementor-element-dd8b4c5 elementor-widget elementor-widget-heading\" data-id=\"dd8b4c5\" data-element_type=\"widget\" data-widget_type=\"heading.default\">\n\t\t\t\t\t<h1 class=\"elementor-heading-title elementor-size-default\">S\u00e4g adj\u00f6 till uppbl\u00e5st avkastning: Bem\u00e4stra Calmar Ratio f\u00f6r en stabil tillg\u00e5ngskurva<\/h1>\t\t\t\t<\/div>\n\t\t\t\t<div class=\"elementor-element elementor-element-566f2b5 elementor-widget elementor-widget-html translation-block\" data-id=\"566f2b5\" data-element_type=\"widget\" data-widget_type=\"html.default\"><span>\n<h2><strong>\ud83d\udccc F\u00f6rord: Tj\u00e4nar du pengar eller hj\u00e4rtklappning?<\/strong><\/h2>\nI en tid av tekniska v\u00e5gor och extrema marknadssv\u00e4ngningar \u00e4ndras siffrorna p\u00e5 ditt investeringskonto varje dag.<br>\nHar du haft den h\u00e4r erfarenheten: du ser en popul\u00e4r tillg\u00e5ng rusa p\u00e5 en enda dag, men v\u00e5gar inte g\u00e5 in f\u00f6r att du \u00e4r r\u00e4dd f\u00f6r ett 30-procentigt fall n\u00e4r som helst?<br>\nEller k\u00e4nner du oro och har sv\u00e5rt att sova n\u00e4r tillg\u00e5ngspriserna rasar mitt i natten?<br><br>\n\n<strong>\"Vinsten du kan h\u00e5lla kvar i \u00e4r sann rikedom.\"<\/strong><br>\nDe flesta sm\u00e5sparare tittar bara p\u00e5 avkastningen, men proffsen tittar p\u00e5 <strong>innehavskvalitet<\/strong>.<br>\nInnehavskvalitet inneb\u00e4r att l\u00e5ta dina tillg\u00e5ngar v\u00e4xa utan att beh\u00f6va offra din livskvalitet och vilopuls.<br><br>\n\nIdag presenterar vi en nyckelindikator som avg\u00f6r din investeringsframg\u00e5ng \u2013 <strong>Calmar Ratio<\/strong>.\n<\/span><br><br>\n\n<span>\n<h2><strong>\ud83d\udccc Vad \u00e4r Calmar Ratio? Varf\u00f6r \u00e4r det viktigare \u00e4n \u00e5rlig avkastning?<\/strong><\/h2>\nFormeln f\u00f6r Calmar Ratio \u00e4r mycket enkel:\n<blockquote style=\"background-color: #f8fafc;border: 1px solid #2D4273;padding: 25px;margin: 30px 0;color: #1e293b;border-radius: 6px\">\n    <strong>Calmar Ratio = Genomsnittlig \u00e5rlig avkastning (CAGR) \/ Maximal v\u00e4rdeminskning (MDD)<\/strong>\n<\/blockquote>\nOm en investering ger 50% avkastning per \u00e5r men sjunker med 50% under tiden, \u00e4r Calmar-v\u00e4rdet bara 1.0.<br>\nMen om en investering ger 25% avkastning med ett fall p\u00e5 endast 10%, stiger Calmar-v\u00e4rdet till 2.5.<br>\nDet senare \u00e4r en \u00e4kta <strong>professionell tillg\u00e5ng<\/strong>.<br>\nProffsens m\u00e5l \u00e4r inte att jaga den \"h\u00f6gsta siffran\", utan att jaga den <strong>\"h\u00f6gsta avkastningen per riskenhet\"<\/strong>.\n<\/span><br><br>\n\n<span>\n<h2><strong>\ud83d\udccc Global tillg\u00e5ngsj\u00e4mf\u00f6relse: Vem \u00e4r den sanna effektivitetskungen?<\/strong><\/h2>\nVi har j\u00e4mf\u00f6rt vanliga tillg\u00e5ngstyper och professionella kvantitativa system med hj\u00e4lp av data:<br><br>\n\n<div style=\"margin-bottom: 25px\">\n    <table style=\"width: 100%;min-width: 650px;border-collapse: separate;border-spacing: 0;border: 1px solid #2D4273;border-radius: 6px;text-align: center;font-family: 'Inter', sans-serif;overflow: hidden\">\n        <thead>\n            <tr style=\"background-color: #2D4273;color: #ffffff\">\n                <th style=\"padding: 15px;border-right: 1px solid #ffffff;border-bottom: 1px solid #2D4273\"><strong>Tillg\u00e5ngstyp<\/strong><\/th>\n                <th style=\"padding: 15px;border-right: 1px solid #ffffff;border-bottom: 1px solid #2D4273\"><strong>\u00c5rlig (CAGR)<\/strong><\/th>\n                <th style=\"padding: 15px;border-right: 1px solid #ffffff;border-bottom: 1px solid #2D4273\"><strong>V\u00e4rdeminskning (MDD)<\/strong><\/th>\n                <th style=\"padding: 15px;border-right: 1px solid #ffffff;border-bottom: 1px solid #2D4273\"><strong>Calmar Ratio<\/strong><\/th>\n                <th style=\"padding: 15px;border-bottom: 1px solid #2D4273\"><strong>Sv\u00e5righetsgrad<\/strong><\/th>\n            <\/tr>\n        <\/thead>\n        <tbody>\n            <tr>\n                <td style=\"padding: 15px;border-right: 1px solid #2D4273;border-bottom: 1px solid #2D4273\"><strong>Quant Matrix<\/strong><\/td>\n                <td style=\"padding: 15px;border-right: 1px solid #2D4273;border-bottom: 1px solid #2D4273\">30%<\/td>\n                <td style=\"padding: 15px;border-right: 1px solid #2D4273;border-bottom: 1px solid #2D4273\"><strong style=\"color: #00AA54\">20%<\/strong><\/td>\n                <td style=\"padding: 15px;border-right: 1px solid #2D4273;border-bottom: 1px solid #2D4273\"><strong style=\"color: #00AA54\">1.50<\/strong><\/td>\n                <td style=\"padding: 15px;border-bottom: 1px solid #2D4273\"><strong>Extremt Stabil<\/strong><\/td>\n            <\/tr>\n            <tr>\n                <td style=\"padding: 15px;border-right: 1px solid #2D4273;border-bottom: 1px solid #2D4273\"><strong>Alpha Gold<\/strong><\/td>\n                <td style=\"padding: 15px;border-right: 1px solid #2D4273;border-bottom: 1px solid #2D4273\">35%<\/td>\n                <td style=\"padding: 15px;border-right: 1px solid #2D4273;border-bottom: 1px solid #2D4273\"><strong style=\"color: #00AA54\">25%<\/strong><\/td>\n                <td style=\"padding: 15px;border-right: 1px solid #2D4273;border-bottom: 1px solid #2D4273\"><strong style=\"color: #00AA54\">1.40<\/strong><\/td>\n                <td style=\"padding: 15px;border-bottom: 1px solid #2D4273\"><strong>Stabil Tillv\u00e4xt<\/strong><\/td>\n            <\/tr>\n            <tr>\n                <td style=\"padding: 15px;border-right: 1px solid #2D4273;border-bottom: 1px solid #2D4273\">Tech-aktier<\/td>\n                <td style=\"padding: 15px;border-right: 1px solid #2D4273;border-bottom: 1px solid #2D4273\">30%~70%<\/td>\n                <td style=\"padding: 15px;border-right: 1px solid #2D4273;border-bottom: 1px solid #2D4273\">40%~60%<\/td>\n                <td style=\"padding: 15px;border-right: 1px solid #2D4273;border-bottom: 1px solid #2D4273\">1.00<\/td>\n                <td style=\"padding: 15px;border-bottom: 1px solid #2D4273\">H\u00f6g<\/td>\n            <\/tr>\n            <tr>\n                <td style=\"padding: 15px;border-right: 1px solid #2D4273;border-bottom: 1px solid #2D4273\">Krypto (BTC)<\/td>\n                <td style=\"padding: 15px;border-right: 1px solid #2D4273;border-bottom: 1px solid #2D4273\">60%<\/td>\n                <td style=\"padding: 15px;border-right: 1px solid #2D4273;border-bottom: 1px solid #2D4273\">75%<\/td>\n                <td style=\"padding: 15px;border-right: 1px solid #2D4273;border-bottom: 1px solid #2D4273\">0.80<\/td>\n                <td style=\"padding: 15px;border-bottom: 1px solid #2D4273\">Extremt H\u00f6g<\/td>\n            <\/tr>\n            <tr>\n                <td style=\"padding: 15px;border-right: 1px solid #2D4273;border-bottom: 1px solid #2D4273\">S&amp;P 500 Index<\/td>\n                <td style=\"padding: 15px;border-right: 1px solid #2D4273;border-bottom: 1px solid #2D4273\">12%<\/td>\n                <td style=\"padding: 15px;border-right: 1px solid #2D4273;border-bottom: 1px solid #2D4273\">50%<\/td>\n                <td style=\"padding: 15px;border-right: 1px solid #2D4273;border-bottom: 1px solid #2D4273\">0.24<\/td>\n                <td style=\"padding: 15px;border-bottom: 1px solid #2D4273\">Medel<\/td>\n            <\/tr>\n            <tr>\n                <td style=\"padding: 15px;border-right: 1px solid #2D4273\">Guld (S\u00e4ker Hamn)<\/td>\n                <td style=\"padding: 15px;border-right: 1px solid #2D4273\">8%<\/td>\n                <td style=\"padding: 15px;border-right: 1px solid #2D4273\">25%<\/td>\n                <td style=\"padding: 15px;border-right: 1px solid #2D4273\">0.32<\/td>\n                <td style=\"padding: 15px\">Defensiv Balans<\/td>\n            <\/tr>\n        <\/tbody>\n    <\/table>\n<\/div>\n<\/span>\n\n<span>\n<h2><strong>\ud83d\udccc Dataanalys: Varf\u00f6r skiljer sig proffsens indikatorer fr\u00e5n den allm\u00e4nna uppfattningen?<\/strong><\/h2>\nSom framg\u00e5r av tabellen ovan har de flesta kvalitetstillg\u00e5ngar ett Calmar Ratio mellan 0.4 och 1.1.<br><br>\nProfessionella kvantitativa system lyckas stabilt n\u00e5 \u00f6ver 1.2, inte bara genom att f\u00f6rdubbla vinster, utan genom matematiska modeller som utf\u00f6r en <strong>\"extrem reparation\"<\/strong> av varje v\u00e4rdefall.\n<\/span><\/div>\n\t\t\t\t<div class=\"elementor-element elementor-element-49e8d19 elementor-widget elementor-widget-html\" data-id=\"49e8d19\" data-element_type=\"widget\" data-widget_type=\"html.default\">\n\t\t\t\t\t<h3><strong>Calmar Ratio Standard<\/strong><\/h3>\t\t\t\t<\/div>\n\t\t<div class=\"elementor-element elementor-element-9ceb46b e-grid e-con-full e-con e-child\" data-id=\"9ceb46b\" data-element_type=\"container\">\n\t\t<div class=\"elementor-element elementor-element-3eed16a e-con-full e-flex e-con e-child\" data-id=\"3eed16a\" data-element_type=\"container\" data-settings=\"{&quot;background_background&quot;:&quot;classic&quot;}\">\n\t\t\t\t<div class=\"elementor-element elementor-element-38dfcd9 elementor-widget elementor-widget-text-editor\" data-id=\"38dfcd9\" data-element_type=\"widget\" data-widget_type=\"text-editor.default\">\n\t\t\t\t\t\t\t\t\t<p>Institutionell<\/p>\t\t\t\t\t\t\t\t<\/div>\n\t\t\t\t<div class=\"elementor-element elementor-element-970a36d elementor-widget elementor-widget-text-editor\" data-id=\"970a36d\" data-element_type=\"widget\" data-widget_type=\"text-editor.default\">\n\t\t\t\t\t\t\t\t\t<p>&gt; 1.2<\/p>\t\t\t\t\t\t\t\t<\/div>\n\t\t\t\t<div class=\"elementor-element elementor-element-4f674d5 elementor-widget elementor-widget-text-editor\" data-id=\"4f674d5\" data-element_type=\"widget\" data-widget_type=\"text-editor.default\">\n\t\t\t\t\t\t\t\t\t<p>Ultimat risikobalans<\/p>\t\t\t\t\t\t\t\t<\/div>\n\t\t\t\t<\/div>\n\t\t<div class=\"elementor-element elementor-element-511b8b7 e-con-full e-flex e-con e-child\" data-id=\"511b8b7\" data-element_type=\"container\" data-settings=\"{&quot;background_background&quot;:&quot;classic&quot;}\">\n\t\t\t\t<div class=\"elementor-element elementor-element-efdc16c elementor-widget elementor-widget-text-editor\" data-id=\"efdc16c\" data-element_type=\"widget\" data-widget_type=\"text-editor.default\">\n\t\t\t\t\t\t\t\t\t<p>Stark tillv\u00e4xt<\/p>\t\t\t\t\t\t\t\t<\/div>\n\t\t\t\t<div class=\"elementor-element elementor-element-5d72ff3 elementor-widget elementor-widget-text-editor\" data-id=\"5d72ff3\" data-element_type=\"widget\" data-widget_type=\"text-editor.default\">\n\t\t\t\t\t\t\t\t\t<p>0.7 ~ 1.2<\/p>\t\t\t\t\t\t\t\t<\/div>\n\t\t\t\t<div class=\"elementor-element elementor-element-cb94c67 elementor-widget elementor-widget-text-editor\" data-id=\"cb94c67\" data-element_type=\"widget\" data-widget_type=\"text-editor.default\">\n\t\t\t\t\t\t\t\t\t<p>Techj\u00e4tte-niv\u00e5<\/p>\t\t\t\t\t\t\t\t<\/div>\n\t\t\t\t<\/div>\n\t\t<div class=\"elementor-element elementor-element-051252a e-con-full e-flex e-con e-child\" data-id=\"051252a\" data-element_type=\"container\" data-settings=\"{&quot;background_background&quot;:&quot;classic&quot;}\">\n\t\t\t\t<div class=\"elementor-element elementor-element-05d30c3 elementor-widget elementor-widget-text-editor\" data-id=\"05d30c3\" data-element_type=\"widget\" data-widget_type=\"text-editor.default\">\n\t\t\t\t\t\t\t\t\t<p>Standard<\/p>\t\t\t\t\t\t\t\t<\/div>\n\t\t\t\t<div class=\"elementor-element elementor-element-b01b678 elementor-widget elementor-widget-text-editor\" data-id=\"b01b678\" data-element_type=\"widget\" data-widget_type=\"text-editor.default\">\n\t\t\t\t\t\t\t\t\t<p>&lt; 0.7<\/p>\t\t\t\t\t\t\t\t<\/div>\n\t\t\t\t<div class=\"elementor-element elementor-element-8bfc1cf elementor-widget elementor-widget-text-editor\" data-id=\"8bfc1cf\" data-element_type=\"widget\" data-widget_type=\"text-editor.default\">\n\t\t\t\t\t\t\t\t\t<p>Index &amp; s\u00e4kra tillg\u00e5ngar<\/p>\t\t\t\t\t\t\t\t<\/div>\n\t\t\t\t<\/div>\n\t\t\t\t<\/div>\n\t\t\t\t<div class=\"elementor-element elementor-element-9663660 elementor-widget elementor-widget-html translation-block\" data-id=\"9663660\" data-element_type=\"widget\" data-widget_type=\"html.default\"><span>\n<h2><strong>\ud83d\udccc Varf\u00f6r professionella kvantitativa strategier \u00e4r den \"sista pusselbiten\"?<\/strong><\/h2>\nP\u00e5 investeringsresan \u00e4r den verkliga fienden oftast inte marknaden, utan investerarens egna k\u00e4nslor.<br><br>\nSyftet med kvantitativa strategier (som <strong>Alpha Gold<\/strong> eller <strong>Quant Matrix<\/strong>) \u00e4r att anv\u00e4nda matematisk logik f\u00f6r att <strong>\"reparera din tillg\u00e5ngskurva\"<\/strong>.<br><br>\n<ul>\n    <li><strong>Optimering av innehavsupplevelsen:<\/strong><br>\n    Genom att placera en del av ditt kapital i strategier med \"H\u00f6g Calmar\" minskar det totala kontotappet (drawdown) avsev\u00e4rt, s\u00e5 att du inte tvingas s\u00e4lja i panik vid ett marknadsras.<\/li><br>\n    <li><strong>Vetenskaplig frekvenskontroll:<\/strong><br>\n    Systemet k\u00f6rs automatiskt baserat p\u00e5 algoritmer, vilket s\u00e4kerst\u00e4ller effektivitet genom att kontinuerligt f\u00e5nga marknadsm\u00f6jligheter och eliminera m\u00e4nsklig r\u00e4dsla och girighet.<\/li><br>\n    <li><strong>Strukturell riskhantering:<\/strong><br>\n    \u00c4kta kvantitativa strategier f\u00f6rlitar sig inte p\u00e5 riskfylld snittning f\u00f6r att snygga till siffrorna; de anv\u00e4nder exakt sannolikhetskontroll f\u00f6r att optimera vinstchanserna under kontrollerade former.<\/li>\n<\/ul>\n<\/span><br>\n\n<span>\n<h2><strong>\ud83d\udccc Slutsats: M\u00e5let med investering \u00e4r sinnesro<\/strong><\/h2>\nMarknaden saknar aldrig m\u00f6jligheter; det som saknas \u00e4r <strong>\"sj\u00e4lvf\u00f6rtroendet att h\u00e5lla kvar i dessa m\u00f6jligheter\"<\/strong>.<br>\nDet sj\u00e4lvf\u00f6rtroendet kommer fr\u00e5n din exakta kontroll \u00f6ver risker och din envishet kring \"innehavskvalitet\".\n<\/span><\/div>\n\t\t\t\t<div class=\"elementor-element elementor-element-872e24a elementor-icon-list--layout-inline elementor-list-item-link-inline elementor-widget elementor-widget-icon-list\" data-id=\"872e24a\" data-element_type=\"widget\" data-widget_type=\"icon-list.default\">\n\t\t\t\t\t\t\t<ul class=\"elementor-icon-list-items elementor-inline-items\">\n\t\t\t\t\t\t\t<li class=\"elementor-icon-list-item elementor-inline-item\">\n\t\t\t\t\t\t\t\t\t\t\t<a href=\"https:\/\/mister.forex\/sv\/alpha-gold\/\">\n\n\t\t\t\t\t\t\t\t\t\t\t\t<span class=\"elementor-icon-list-icon\">\n\t\t\t\t\t\t\t<svg aria-hidden=\"true\" class=\"e-font-icon-svg e-far-check-circle\" viewbox=\"0 0 512 512\" xmlns=\"http:\/\/www.w3.org\/2000\/svg\"><path d=\"M256 8C119.033 8 8 119.033 8 256s111.033 248 248 248 248-111.033 248-248S392.967 8 256 8zm0 48c110.532 0 200 89.451 200 200 0 110.532-89.451 200-200 200-110.532 0-200-89.451-200-200 0-110.532 89.451-200 200-200m140.204 130.267l-22.536-22.718c-4.667-4.705-12.265-4.736-16.97-.068L215.346 303.697l-59.792-60.277c-4.667-4.705-12.265-4.736-16.97-.069l-22.719 22.536c-4.705 4.667-4.736 12.265-.068 16.971l90.781 91.516c4.667 4.705 12.265 4.736 16.97.068l172.589-171.204c4.704-4.668 4.734-12.266.067-16.971z\"><\/path><\/svg>\t\t\t\t\t\t<\/span>\n\t\t\t\t\t\t\t\t\t\t<span class=\"elementor-icon-list-text\">Se Alpha Gold live-prestation<\/span>\n\t\t\t\t\t\t\t\t\t\t\t<\/a>\n\t\t\t\t\t\t\t\t\t<\/li>\n\t\t\t\t\t\t<\/ul>\n\t\t\t\t\t\t<\/div>\n\t\t\t\t<div class=\"elementor-element elementor-element-002b377 elementor-widget elementor-widget-heading\" data-id=\"002b377\" data-element_type=\"widget\" data-widget_type=\"heading.default\">\n\t\t\t\t\t<span class=\"elementor-heading-title elementor-size-default\">(L\u00e4mplig f\u00f6r investerare som s\u00f6ker explosiv tillv\u00e4xt och f\u00f6redrar guldhandel)<\/span>\t\t\t\t<\/div>\n\t\t\t\t<div class=\"elementor-element elementor-element-53e1d6a elementor-icon-list--layout-inline elementor-list-item-link-inline elementor-widget elementor-widget-icon-list\" data-id=\"53e1d6a\" data-element_type=\"widget\" data-widget_type=\"icon-list.default\">\n\t\t\t\t\t\t\t<ul class=\"elementor-icon-list-items elementor-inline-items\">\n\t\t\t\t\t\t\t<li class=\"elementor-icon-list-item elementor-inline-item\">\n\t\t\t\t\t\t\t\t\t\t\t<a href=\"https:\/\/mister.forex\/sv\/quant-matrix\/\">\n\n\t\t\t\t\t\t\t\t\t\t\t\t<span class=\"elementor-icon-list-icon\">\n\t\t\t\t\t\t\t<svg aria-hidden=\"true\" class=\"e-font-icon-svg e-far-check-circle\" viewbox=\"0 0 512 512\" xmlns=\"http:\/\/www.w3.org\/2000\/svg\"><path d=\"M256 8C119.033 8 8 119.033 8 256s111.033 248 248 248 248-111.033 248-248S392.967 8 256 8zm0 48c110.532 0 200 89.451 200 200 0 110.532-89.451 200-200 200-110.532 0-200-89.451-200-200 0-110.532 89.451-200 200-200m140.204 130.267l-22.536-22.718c-4.667-4.705-12.265-4.736-16.97-.068L215.346 303.697l-59.792-60.277c-4.667-4.705-12.265-4.736-16.97-.069l-22.719 22.536c-4.705 4.667-4.736 12.265-.068 16.971l90.781 91.516c4.667 4.705 12.265 4.736 16.97.068l172.589-171.204c4.704-4.668 4.734-12.266.067-16.971z\"><\/path><\/svg>\t\t\t\t\t\t<\/span>\n\t\t\t\t\t\t\t\t\t\t<span class=\"elementor-icon-list-text\">Se Quant Matrix live-prestation<\/span>\n\t\t\t\t\t\t\t\t\t\t\t<\/a>\n\t\t\t\t\t\t\t\t\t<\/li>\n\t\t\t\t\t\t<\/ul>\n\t\t\t\t\t\t<\/div>\n\t\t\t\t<div class=\"elementor-element elementor-element-3951116 elementor-widget elementor-widget-heading\" data-id=\"3951116\" data-element_type=\"widget\" data-widget_type=\"heading.default\">\n\t\t\t\t\t<span class=\"elementor-heading-title elementor-size-default\">(L\u00e4mplig f\u00f6r investerare som s\u00f6ker stabilitet och stadig tillv\u00e4xt p\u00e5 kontot)<\/span>\t\t\t\t<\/div>\n\t\t\t\t<div class=\"elementor-element elementor-element-88b3398 elementor-icon-list--layout-inline elementor-list-item-link-inline elementor-widget elementor-widget-icon-list\" data-id=\"88b3398\" data-element_type=\"widget\" data-widget_type=\"icon-list.default\">\n\t\t\t\t\t\t\t<ul class=\"elementor-icon-list-items elementor-inline-items\">\n\t\t\t\t\t\t\t<li class=\"elementor-icon-list-item elementor-inline-item\">\n\t\t\t\t\t\t\t\t\t\t\t<a href=\"https:\/\/mister.forex\/sv\/maximum-drawdown-mdd-investment-risk-guide\/\">\n\n\t\t\t\t\t\t\t\t\t\t\t\t<span class=\"elementor-icon-list-icon\">\n\t\t\t\t\t\t\t<svg aria-hidden=\"true\" class=\"e-font-icon-svg e-far-check-circle\" viewbox=\"0 0 512 512\" xmlns=\"http:\/\/www.w3.org\/2000\/svg\"><path d=\"M256 8C119.033 8 8 119.033 8 256s111.033 248 248 248 248-111.033 248-248S392.967 8 256 8zm0 48c110.532 0 200 89.451 200 200 0 110.532-89.451 200-200 200-110.532 0-200-89.451-200-200 0-110.532 89.451-200 200-200m140.204 130.267l-22.536-22.718c-4.667-4.705-12.265-4.736-16.97-.068L215.346 303.697l-59.792-60.277c-4.667-4.705-12.265-4.736-16.97-.069l-22.719 22.536c-4.705 4.667-4.736 12.265-.068 16.971l90.781 91.516c4.667 4.705 12.265 4.736 16.97.068l172.589-171.204c4.704-4.668 4.734-12.266.067-16.971z\"><\/path><\/svg>\t\t\t\t\t\t<\/span>\n\t\t\t\t\t\t\t\t\t\t<span class=\"elementor-icon-list-text\">Kapitalets \"d\u00f6dsf\u00e4lla\": Varf\u00f6r proffsen bryr sig mer om MDD \u00e4n avkastning<\/span>\n\t\t\t\t\t\t\t\t\t\t\t<\/a>\n\t\t\t\t\t\t\t\t\t<\/li>\n\t\t\t\t\t\t<\/ul>\n\t\t\t\t\t\t<\/div>\n\t\t\t\t\t<\/div>\n\t\t\t\t<\/div>\n\t\t\t\t<\/div>","protected":false},"excerpt":{"rendered":"<p>I volatila marknader \u00e4r \"innehavskvalitet\" nyckeln till l\u00e5ngsiktig vinst. Denna artikel analyserar Calmar Ratio \u2013 indikatorn proffsen f\u00f6ljer \u2013 och j\u00e4mf\u00f6r krypto, tech-aktier och kvantitativa system. Se varf\u00f6r experter prioriterar en stabil tillg\u00e5ngskurva framf\u00f6r pappersvinster. Inneh\u00e5ller ett diagnosverktyg f\u00f6r mer trygghet i dina investeringar.<\/p>","protected":false},"author":1,"featured_media":46711,"parent":0,"menu_order":0,"comment_status":"closed","ping_status":"closed","template":"","meta":{"footnotes":""},"tags":[128],"class_list":["post-67137","page","type-page","status-publish","has-post-thumbnail","hentry","tag-no-google"],"_links":{"self":[{"href":"https:\/\/mister.forex\/sv\/wp-json\/wp\/v2\/pages\/67137","targetHints":{"allow":["GET"]}}],"collection":[{"href":"https:\/\/mister.forex\/sv\/wp-json\/wp\/v2\/pages"}],"about":[{"href":"https:\/\/mister.forex\/sv\/wp-json\/wp\/v2\/types\/page"}],"author":[{"embeddable":true,"href":"https:\/\/mister.forex\/sv\/wp-json\/wp\/v2\/users\/1"}],"replies":[{"embeddable":true,"href":"https:\/\/mister.forex\/sv\/wp-json\/wp\/v2\/comments?post=67137"}],"version-history":[{"count":9,"href":"https:\/\/mister.forex\/sv\/wp-json\/wp\/v2\/pages\/67137\/revisions"}],"predecessor-version":[{"id":70593,"href":"https:\/\/mister.forex\/sv\/wp-json\/wp\/v2\/pages\/67137\/revisions\/70593"}],"wp:featuredmedia":[{"embeddable":true,"href":"https:\/\/mister.forex\/sv\/wp-json\/wp\/v2\/media\/46711"}],"wp:attachment":[{"href":"https:\/\/mister.forex\/sv\/wp-json\/wp\/v2\/media?parent=67137"}],"wp:term":[{"taxonomy":"post_tag","embeddable":true,"href":"https:\/\/mister.forex\/sv\/wp-json\/wp\/v2\/tags?post=67137"}],"curies":[{"name":"wp","href":"https:\/\/api.w.org\/{rel}","templated":true}]}}