{"id":67265,"date":"2026-03-08T21:50:21","date_gmt":"2026-03-08T13:50:21","guid":{"rendered":"https:\/\/mister.forex\/?page_id=67265"},"modified":"2026-04-22T08:37:32","modified_gmt":"2026-04-22T00:37:32","slug":"maximum-drawdown-mdd-investment-risk-guide","status":"publish","type":"page","link":"https:\/\/mister.forex\/sv\/maximum-drawdown-mdd-investment-risk-guide\/","title":{"rendered":"50 % tapp kr\u00e4ver 100 % vinst? Avsl\u00f6ja MDD-f\u00e4llan och professionell riskhantering"},"content":{"rendered":"<div data-elementor-type=\"wp-page\" data-elementor-id=\"67265\" class=\"elementor elementor-67265\" data-elementor-post-type=\"page\">\n\t\t\t\t<div class=\"elementor-element elementor-element-7776ca1 e-flex e-con-boxed e-con e-parent\" data-id=\"7776ca1\" data-element_type=\"container\">\n\t\t\t\t\t<div class=\"e-con-inner\">\n\t\t\t\t<div class=\"elementor-element elementor-element-3384b88 elementor-widget elementor-widget-heading\" data-id=\"3384b88\" data-element_type=\"widget\" data-widget_type=\"heading.default\">\n\t\t\t\t\t<h1 class=\"elementor-heading-title elementor-size-default\">Kapitalets \"d\u00f6dsf\u00e4lla\": Varf\u00f6r proffsen bryr sig mer om MDD \u00e4n avkastning<\/h1>\t\t\t\t<\/div>\n\t\t\t\t<div class=\"elementor-element elementor-element-cc0096f elementor-widget elementor-widget-html translation-block\" data-id=\"cc0096f\" data-element_type=\"widget\" data-widget_type=\"html.default\"><span>\n<h2><strong>\ud83d\udccc Introduktion: Det l\u00e4ngsta avst\u00e5ndet i investeringar \u00e4r avst\u00e5ndet till \"break-even\"<\/strong><\/h2>\nF\u00f6rest\u00e4ll dig den miljon du har jobbat h\u00e5rt f\u00f6r att spara ihop under m\u00e5nga \u00e5r. Du investerar den, men marknaden drabbas av h\u00e4ftiga sv\u00e4ngningar och p\u00e5 bara tv\u00e5 veckor har den krympt till 700 000 kr.<br><br>\nDessa 300 000 kronor som f\u00f6rsvunnit \u00e4r inte bara siffror; de kan representera handpenningen till ditt hus, dina barns utbildning eller det tunga priset av att beh\u00f6va skjuta upp din pension i fem \u00e5r. Denna enorma psykologiska press leder ofta till \"panikf\u00f6rs\u00e4ljning\" i desperation, precis innan marknaden n\u00e5r botten och v\u00e4nder.<br><br>\nFr\u00e5ga en nyb\u00f6rjare: \"Vad \u00e4r ditt m\u00e5l?\" och hen kanske s\u00e4ger: \"Att tj\u00e4na 50 % om \u00e5ret.\"<br>\nMen fr\u00e5ga en professionell trader: \"Vad v\u00e4rdes\u00e4tter du mest?\" och hen kommer garanterat att s\u00e4ga: <strong>\"Maximal drawdown (Maximum Drawdown - MDD).\"<\/strong><br><br>\nF\u00f6r p\u00e5 de finansiella marknaderna handlar det om att <strong>\u00f6verleva f\u00f6rst, innan man kan tj\u00e4na stora pengar.<\/strong>\n<\/span><br><br>\n\n<span>\n<h2><strong>\ud83d\udccc Vad \u00e4r maximal drawdown (MDD)?<\/strong><\/h2>\nEnkelt f\u00f6rklarat \u00e4r MDD den st\u00f6rsta v\u00e4rdeminskningen fr\u00e5n en <strong>\"topp (Peak)\"<\/strong> till en <strong>\"botten (Trough)\"<\/strong> under en viss period, innan en ny topp n\u00e5s.<br>\n<blockquote style=\"background-color: #f8fafc;border: 1px solid #2D4273;padding: 16px;margin: 20px 6px;color: #1e293b;border-radius: 6px;text-align: center\">\n    <strong>MDD = (Toppv\u00e4rde - Bottenv\u00e4rde) \/ Toppv\u00e4rde<\/strong>\n<\/blockquote>\nObservera! Detta handlar inte om \"hur mycket det f\u00f6ll idag j\u00e4mf\u00f6rt med ig\u00e5r\", utan avst\u00e5ndet fr\u00e5n ditt kontos \"glansdagar\" till det efterf\u00f6ljande \"m\u00f6rkaste \u00f6gonblicket\". S\u00e5 l\u00e4nge tillg\u00e5ngen inte s\u00e4tter nytt rekord, kommer den psykologiska skuggan av detta fall att finnas kvar.<br><br>\nProfessionella investerare \u00e4r dessutom mer intresserade av <strong>\"\u00e5terh\u00e4mtningstid (Recovery Time)\"<\/strong> \u2014 hur l\u00e5ng tid tar det att kl\u00e4ttra tillbaka till utg\u00e5ngspunkten? De starkaste strategierna tappar inte bara mindre, de \"l\u00e4ker ocks\u00e5 snabbare\".\n<\/span><br><br>\n\n<span>\n<h2><strong>\ud83d\udccc Matematikens brutala sanning: Varf\u00f6r st\u00f6rre siffror \u00e4r sv\u00e5rare att vinna tillbaka<\/strong><\/h2>\nM\u00e5nga t\u00e4nker: \"Det g\u00f6r inget att tappa 50 %, jag beh\u00f6ver bara tj\u00e4na 50 % igen f\u00f6r att n\u00e5 noll.\"<br>\nDetta \u00e4r det mest fatala matematiska misstaget inom investeringar!<br><br>\nN\u00e4r ditt startkapital krymper m\u00e5ste du anv\u00e4nda en \"mindre bas\" f\u00f6r att uppn\u00e5 en \"st\u00f6rre procentuell \u00f6kning\" bara f\u00f6r att komma tillbaka till start. Detta kallas <strong>asymmetri mellan vinst och f\u00f6rlust<\/strong>:<br><br>\n\n<div style=\"margin-bottom: 25px\">\n    <table style=\"width: 100%;min-width: 500px;border-collapse: separate;border-spacing: 0;border: 1px solid #2D4273;border-radius: 6px;text-align: center;font-family: 'Inter', sans-serif;overflow: hidden\">\n        <thead>\n            <tr style=\"background-color: #2D4273;color: #ffffff\">\n                <th style=\"padding: 15px;border-right: 1px solid #ffffff;border-bottom: 1px solid #2D4273\"><strong>Kontof\u00f6rlust (MDD)<\/strong><\/th>\n                <th style=\"padding: 15px;border-right: 1px solid #ffffff;border-bottom: 1px solid #2D4273\"><strong>Uppg\u00e5ng som kr\u00e4vs f\u00f6r nollpunkt<\/strong><\/th>\n                <th style=\"padding: 15px;border-bottom: 1px solid #2D4273\"><strong>Bed\u00f6mning av sv\u00e5righetsgrad<\/strong><\/th>\n            <\/tr>\n        <\/thead>\n        <tbody>\n            <tr>\n                <td style=\"padding: 15px;border-right: 1px solid #2D4273;border-bottom: 1px solid #2D4273\">-10 %<\/td>\n                <td style=\"padding: 15px;border-right: 1px solid #2D4273;border-bottom: 1px solid #2D4273\">+11 %<\/td>\n                <td style=\"padding: 15px;border-bottom: 1px solid #2D4273\">Enkel \u00e5terst\u00e4llning<\/td>\n            <\/tr>\n            <tr>\n                <td style=\"padding: 15px;border-right: 1px solid #2D4273;border-bottom: 1px solid #2D4273\">-20 %<\/td>\n                <td style=\"padding: 15px;border-right: 1px solid #2D4273;border-bottom: 1px solid #2D4273\">+25 %<\/td>\n                <td style=\"padding: 15px;border-bottom: 1px solid #2D4273\">Acceptabelt<\/td>\n            <\/tr>\n            <tr>\n                <td style=\"padding: 15px;border-right: 1px solid #2D4273;border-bottom: 1px solid #2D4273\">-30 %<\/td>\n                <td style=\"padding: 15px;border-right: 1px solid #2D4273;border-bottom: 1px solid #2D4273\">+43 %<\/td>\n                <td style=\"padding: 15px;border-bottom: 1px solid #2D4273\">B\u00f6rjar bli tufft<\/td>\n            <\/tr>\n            <tr style=\"background-color: #fffafa\">\n                <td style=\"padding: 15px;border-right: 1px solid #2D4273;border-bottom: 1px solid #2D4273\"><strong style=\"color: #db473e\">-50 %<\/strong><\/td>\n                <td style=\"padding: 15px;border-right: 1px solid #2D4273;border-bottom: 1px solid #2D4273\"><strong style=\"color: #db473e\">+100 %<\/strong><\/td>\n                <td style=\"padding: 15px;border-bottom: 1px solid #2D4273\"><strong style=\"color: #db473e\">Dubbel sv\u00e5righetsgrad (Extremt)<\/strong><\/td>\n            <\/tr>\n            <tr>\n                <td style=\"padding: 15px;border-right: 1px solid #2D4273;border-bottom: 1px solid #2D4273\">-70 %<\/td>\n                <td style=\"padding: 15px;border-right: 1px solid #2D4273;border-bottom: 1px solid #2D4273\">+233 %<\/td>\n                <td style=\"padding: 15px;border-bottom: 1px solid #2D4273\">N\u00e4stan om\u00f6jligt<\/td>\n            <\/tr>\n            <tr>\n                <td style=\"padding: 15px;border-right: 1px solid #2D4273\">-90 %<\/td>\n                <td style=\"padding: 15px;border-right: 1px solid #2D4273\">+900 %<\/td>\n                <td style=\"padding: 15px\">Rekommenderar omallokering<\/td>\n            <\/tr>\n        <\/tbody>\n    <\/table>\n<\/div>\n\n<strong>Slutsats:<\/strong> I investeringsv\u00e4rlden v\u00e4xer f\u00f6rluster linj\u00e4rt, men sv\u00e5righetsgraden att n\u00e5 noll stiger <strong>exponentiellt<\/strong>. N\u00e4r MDD n\u00e5r 50 % beh\u00f6ver du inte en strategi \u2014 du beh\u00f6ver ett mirakel (+100 % uppg\u00e5ng) bara f\u00f6r att komma tillbaka till startpunkten.\n<\/span><br><br>\n\n<span>\n<h2><strong>\ud83d\udccc Varf\u00f6r MDD definierar ditt f\u00f6rm\u00f6genhetstak<\/strong><\/h2>\n<ul>\n    <li><strong>Det avg\u00f6r om du blir \"tvingad ur spelet\":<\/strong> MDD m\u00e4ter din psykologiska toleransgr\u00e4ns. N\u00e4r kontot krymper v\u00e5ldsamt aktiveras hj\u00e4rnans f\u00f6rsvarsmekanismer, vilket ofta leder till irrationella beslut. Om du inte klarar ett fall p\u00e5 30 % kommer du inte att kunna beh\u00e5lla tillg\u00e5ngen l\u00e4nge nog f\u00f6r att se den tiodubblas i v\u00e4rde.<\/li><br>\n\n    <li><strong>Det f\u00f6rst\u00f6r magin med r\u00e4nta-p\u00e5-r\u00e4nta:<\/strong> R\u00e4nta-p\u00e5-r\u00e4nta beh\u00f6ver tid, och allvarliga fall \u00e4r \"stup\" p\u00e5 den v\u00e4gen. En stabil tillv\u00e4xt p\u00e5 10 % per \u00e5r \u00e4r fantastisk, men ett enda \u00e5r med en MDD p\u00e5 50 % inneb\u00e4r att du sl\u00f6sar bort \u00e5r p\u00e5 att bara \"komma tillbaka\" \u2014 en f\u00f6rlust av din mest v\u00e4rdefulla resurs: tid.<\/li><br>\n\n    <li><strong>Det \u00e4r sj\u00e4len i \"Calmar-ratio\":<\/strong> Calmar-ratio = \u00c5rlig avkastning \/ Maximal drawdown. Om man ignorerar MDD \u00e4r avkastningen (CAGR) bara en ytlig siffra. En tillg\u00e5ng med 100 % avkastning men en MDD p\u00e5 80 % \u00e4r i grunden ett vadslagning som kan g\u00e5 snett n\u00e4r som helst, inte en investering.<\/li>\n<\/ul>\n<\/span><br>\n\n<span>\n<h2><strong>\ud83d\udccc Hur hanterar man MDD? Fr\u00e5n \"is i magen\" till \"vetenskaplig riskhantering\"<\/strong><\/h2>\nEftersom MDD \u00e4r s\u00e5 farligt, hur hanterar vi det? Traditionell \"buy and hold\" sviker ofta n\u00e4r viljan pr\u00f6vas under ett fall p\u00e5 50 %. Det \u00e4r anledningen till att proffs g\u00e5r \u00f6ver till kvantitativa strategier:<br><br>\n<ul>\n  <li><strong>Automatiserade stop-loss-mekanismer:<\/strong> Algoritmer s\u00e4ljer av innan risken eskalerar och kringg\u00e5r d\u00e4rmed m\u00e4nsklig girighet och tvekan.<\/li><br>\n  <li><strong>Dynamiska \u00e5terh\u00e4mtningskurvor:<\/strong> Professionella system (som Alpha Gold eller Quant Matrix) fokuserar p\u00e5 att l\u00e5sa MDD inom ett kontrollerat intervall, snarare \u00e4n att jaga eng\u00e5ngsvinster.<\/li><br>\n  <li><strong>F\u00f6rkortning av \u00e5terh\u00e4mtningstid:<\/strong> Anv\u00e4ndning av hedging eller dynamisk ombalansering f\u00f6r att se till att tillg\u00e5ngarna mer effektivt n\u00e5r nya h\u00f6jder n\u00e4r marknaden v\u00e4nder.<\/li>\n<\/ul>\n<\/span><br>\n\n<span>\n<h2><strong>\ud83d\udccc Slutsats: Styr risken, s\u00e5 f\u00f6ljer vinsten naturligt<\/strong><\/h2>\nInvesteringslegenden George Soros sa en g\u00e5ng: \"<strong>\u00d6verlev f\u00f6rst, och tj\u00e4na pengar sen.<\/strong>\"<br><br>\nN\u00e4sta g\u00e5ng du utv\u00e4rderar en investering, titta inte bara p\u00e5 historisk avkastning. Kolla \"Maximal drawdown\" f\u00f6rst. Om den siffran ger dig s\u00f6mnl\u00f6sa n\u00e4tter, d\u00e5 \u00e4r inte den h\u00f6ga avkastningen n\u00e5got f\u00f6r dig.<br><br>\n<strong>Kom ih\u00e5g: Den vinst du kan beh\u00e5lla och sova gott med \u00e4r den sanna rikedomen.<\/strong>\n<\/span><\/div>\n\t\t\t\t<div class=\"elementor-element elementor-element-6655aec elementor-icon-list--layout-inline elementor-list-item-link-inline elementor-widget elementor-widget-icon-list\" data-id=\"6655aec\" data-element_type=\"widget\" data-widget_type=\"icon-list.default\">\n\t\t\t\t\t\t\t<ul class=\"elementor-icon-list-items elementor-inline-items\">\n\t\t\t\t\t\t\t<li class=\"elementor-icon-list-item elementor-inline-item\">\n\t\t\t\t\t\t\t\t\t\t\t<a href=\"https:\/\/mister.forex\/sv\/alpha-gold\/\">\n\n\t\t\t\t\t\t\t\t\t\t\t\t<span class=\"elementor-icon-list-icon\">\n\t\t\t\t\t\t\t<svg aria-hidden=\"true\" class=\"e-font-icon-svg e-far-check-circle\" viewbox=\"0 0 512 512\" xmlns=\"http:\/\/www.w3.org\/2000\/svg\"><path d=\"M256 8C119.033 8 8 119.033 8 256s111.033 248 248 248 248-111.033 248-248S392.967 8 256 8zm0 48c110.532 0 200 89.451 200 200 0 110.532-89.451 200-200 200-110.532 0-200-89.451-200-200 0-110.532 89.451-200 200-200m140.204 130.267l-22.536-22.718c-4.667-4.705-12.265-4.736-16.97-.068L215.346 303.697l-59.792-60.277c-4.667-4.705-12.265-4.736-16.97-.069l-22.719 22.536c-4.705 4.667-4.736 12.265-.068 16.971l90.781 91.516c4.667 4.705 12.265 4.736 16.97.068l172.589-171.204c4.704-4.668 4.734-12.266.067-16.971z\"><\/path><\/svg>\t\t\t\t\t\t<\/span>\n\t\t\t\t\t\t\t\t\t\t<span class=\"elementor-icon-list-text\">Se Alpha Gold live-prestation<\/span>\n\t\t\t\t\t\t\t\t\t\t\t<\/a>\n\t\t\t\t\t\t\t\t\t<\/li>\n\t\t\t\t\t\t<\/ul>\n\t\t\t\t\t\t<\/div>\n\t\t\t\t<div class=\"elementor-element elementor-element-dfa00c2 elementor-widget elementor-widget-heading\" data-id=\"dfa00c2\" data-element_type=\"widget\" data-widget_type=\"heading.default\">\n\t\t\t\t\t<span class=\"elementor-heading-title elementor-size-default\">(L\u00e4mplig f\u00f6r investerare som s\u00f6ker explosiv tillv\u00e4xt och f\u00f6redrar guldhandel)<\/span>\t\t\t\t<\/div>\n\t\t\t\t<div class=\"elementor-element elementor-element-db8dcde elementor-icon-list--layout-inline elementor-list-item-link-inline elementor-widget elementor-widget-icon-list\" data-id=\"db8dcde\" data-element_type=\"widget\" data-widget_type=\"icon-list.default\">\n\t\t\t\t\t\t\t<ul class=\"elementor-icon-list-items elementor-inline-items\">\n\t\t\t\t\t\t\t<li class=\"elementor-icon-list-item elementor-inline-item\">\n\t\t\t\t\t\t\t\t\t\t\t<a href=\"https:\/\/mister.forex\/sv\/quant-matrix\/\">\n\n\t\t\t\t\t\t\t\t\t\t\t\t<span class=\"elementor-icon-list-icon\">\n\t\t\t\t\t\t\t<svg aria-hidden=\"true\" class=\"e-font-icon-svg e-far-check-circle\" viewbox=\"0 0 512 512\" xmlns=\"http:\/\/www.w3.org\/2000\/svg\"><path d=\"M256 8C119.033 8 8 119.033 8 256s111.033 248 248 248 248-111.033 248-248S392.967 8 256 8zm0 48c110.532 0 200 89.451 200 200 0 110.532-89.451 200-200 200-110.532 0-200-89.451-200-200 0-110.532 89.451-200 200-200m140.204 130.267l-22.536-22.718c-4.667-4.705-12.265-4.736-16.97-.068L215.346 303.697l-59.792-60.277c-4.667-4.705-12.265-4.736-16.97-.069l-22.719 22.536c-4.705 4.667-4.736 12.265-.068 16.971l90.781 91.516c4.667 4.705 12.265 4.736 16.97.068l172.589-171.204c4.704-4.668 4.734-12.266.067-16.971z\"><\/path><\/svg>\t\t\t\t\t\t<\/span>\n\t\t\t\t\t\t\t\t\t\t<span class=\"elementor-icon-list-text\">Se Quant Matrix live-prestation<\/span>\n\t\t\t\t\t\t\t\t\t\t\t<\/a>\n\t\t\t\t\t\t\t\t\t<\/li>\n\t\t\t\t\t\t<\/ul>\n\t\t\t\t\t\t<\/div>\n\t\t\t\t<div class=\"elementor-element elementor-element-31472a2 elementor-widget elementor-widget-heading\" data-id=\"31472a2\" data-element_type=\"widget\" data-widget_type=\"heading.default\">\n\t\t\t\t\t<span class=\"elementor-heading-title elementor-size-default\">(L\u00e4mplig f\u00f6r investerare som s\u00f6ker stabilitet och stadig tillv\u00e4xt p\u00e5 kontot)<\/span>\t\t\t\t<\/div>\n\t\t\t\t\t<\/div>\n\t\t\t\t<\/div>\n\t\t\t\t<\/div>","protected":false},"excerpt":{"rendered":"<p>Avsl\u00f6ja \"d\u00f6dsf\u00e4llan\" f\u00f6r din f\u00f6rm\u00f6genhet: Maximum Drawdown (MDD). Varf\u00f6r kr\u00e4ver ett tapp p\u00e5 50 % en uppg\u00e5ng p\u00e5 100 % f\u00f6r att n\u00e5 noll? Denna artikel analyserar MDD, asymmetrin mellan vinst och f\u00f6rlust samt f\u00f6rst\u00f6relsen av r\u00e4nta-p\u00e5-r\u00e4nta-effekten. Se hur proffsen anv\u00e4nder kvantitativa strategier f\u00f6r att kontrollera risker.<\/p>","protected":false},"author":1,"featured_media":67304,"parent":0,"menu_order":0,"comment_status":"closed","ping_status":"closed","template":"","meta":{"footnotes":""},"tags":[128],"class_list":["post-67265","page","type-page","status-publish","has-post-thumbnail","hentry","tag-no-google"],"_links":{"self":[{"href":"https:\/\/mister.forex\/sv\/wp-json\/wp\/v2\/pages\/67265","targetHints":{"allow":["GET"]}}],"collection":[{"href":"https:\/\/mister.forex\/sv\/wp-json\/wp\/v2\/pages"}],"about":[{"href":"https:\/\/mister.forex\/sv\/wp-json\/wp\/v2\/types\/page"}],"author":[{"embeddable":true,"href":"https:\/\/mister.forex\/sv\/wp-json\/wp\/v2\/users\/1"}],"replies":[{"embeddable":true,"href":"https:\/\/mister.forex\/sv\/wp-json\/wp\/v2\/comments?post=67265"}],"version-history":[{"count":3,"href":"https:\/\/mister.forex\/sv\/wp-json\/wp\/v2\/pages\/67265\/revisions"}],"predecessor-version":[{"id":70590,"href":"https:\/\/mister.forex\/sv\/wp-json\/wp\/v2\/pages\/67265\/revisions\/70590"}],"wp:featuredmedia":[{"embeddable":true,"href":"https:\/\/mister.forex\/sv\/wp-json\/wp\/v2\/media\/67304"}],"wp:attachment":[{"href":"https:\/\/mister.forex\/sv\/wp-json\/wp\/v2\/media?parent=67265"}],"wp:term":[{"taxonomy":"post_tag","embeddable":true,"href":"https:\/\/mister.forex\/sv\/wp-json\/wp\/v2\/tags?post=67265"}],"curies":[{"name":"wp","href":"https:\/\/api.w.org\/{rel}","templated":true}]}}