{"id":11752,"date":"2024-04-01T16:47:13","date_gmt":"2024-04-01T08:47:13","guid":{"rendered":"http:\/\/192.168.0.254\/?page_id=11752"},"modified":"2026-04-18T02:49:22","modified_gmt":"2026-04-17T18:49:22","slug":"privacy","status":"publish","type":"page","link":"https:\/\/mister.forex\/tr\/privacy\/","title":{"rendered":"Gizlilik Politikas\u0131: Verilerinizi Nas\u0131l Koruyoruz | Mr.Forex"},"content":{"rendered":"<div data-elementor-type=\"wp-page\" data-elementor-id=\"11752\" class=\"elementor elementor-11752\" data-elementor-post-type=\"page\">\n\t\t\t\t<div class=\"elementor-element elementor-element-581c030 e-flex e-con-boxed e-con e-parent\" data-id=\"581c030\" data-element_type=\"container\" data-settings=\"{&quot;background_background&quot;:&quot;classic&quot;}\">\n\t\t\t\t\t<div class=\"e-con-inner\">\n\t\t<div class=\"elementor-element elementor-element-2ee0f91 e-flex e-con-boxed e-con e-child\" data-id=\"2ee0f91\" data-element_type=\"container\">\n\t\t\t\t\t<div class=\"e-con-inner\">\n\t\t\t\t<div class=\"elementor-element elementor-element-569d822 elementor-widget elementor-widget-heading\" data-id=\"569d822\" data-element_type=\"widget\" data-widget_type=\"heading.default\">\n\t\t\t\t\t<h1 class=\"elementor-heading-title elementor-size-default\">Gizlilik Politikas\u0131<\/h1>\t\t\t\t<\/div>\n\t\t\t\t\t<\/div>\n\t\t\t\t<\/div>\n\t\t\t\t<div class=\"elementor-element elementor-element-581eb10 elementor-widget__width-inherit elementor-absolute elementor-widget elementor-widget-image\" data-id=\"581eb10\" data-element_type=\"widget\" data-settings=\"{&quot;_position&quot;:&quot;absolute&quot;}\" data-widget_type=\"image.default\">\n\t\t\t\t\t\t\t\t\t\t\t\t\t\t\t<img fetchpriority=\"high\" decoding=\"async\" width=\"500\" height=\"281\" src=\"https:\/\/mister.forex\/wp-content\/uploads\/2025\/12\/Privacy-500x281.webp\" class=\"attachment-medium size-medium wp-image-62783\" alt=\"\" srcset=\"https:\/\/mister.forex\/wp-content\/uploads\/2025\/12\/Privacy-500x281.webp 500w, https:\/\/mister.forex\/wp-content\/uploads\/2025\/12\/Privacy-300x169.webp 300w, https:\/\/mister.forex\/wp-content\/uploads\/2025\/12\/Privacy-768x432.webp 768w, https:\/\/mister.forex\/wp-content\/uploads\/2025\/12\/Privacy-18x10.webp 18w, https:\/\/mister.forex\/wp-content\/uploads\/2025\/12\/Privacy.webp 1200w\" sizes=\"(max-width: 500px) 100vw, 500px\" \/>\t\t\t\t\t\t\t\t\t\t\t\t\t\t\t<\/div>\n\t\t\t\t\t<\/div>\n\t\t\t\t<\/div>\n\t\t<div class=\"elementor-element elementor-element-3192ffe e-flex e-con-boxed e-con e-parent\" data-id=\"3192ffe\" data-element_type=\"container\">\n\t\t\t\t\t<div class=\"e-con-inner\">\n\t\t\t\t<div class=\"elementor-element elementor-element-3bd89c5 elementor-widget elementor-widget-spacer\" data-id=\"3bd89c5\" data-element_type=\"widget\" data-widget_type=\"spacer.default\">\n\t\t\t\t\t\t\t<div class=\"elementor-spacer\">\n\t\t\t<div class=\"elementor-spacer-inner\"><\/div>\n\t\t<\/div>\n\t\t\t\t\t\t<\/div>\n\t\t\t\t<div class=\"elementor-element elementor-element-41da8c8 elementor-widget elementor-widget-html translation-block\" data-id=\"41da8c8\" data-element_type=\"widget\" data-widget_type=\"html.default\"><span>\nBu Gizlilik Politikas\u0131, bu web sitesini kulland\u0131\u011f\u0131n\u0131zda sa\u011flad\u0131\u011f\u0131n\u0131z her t\u00fcrl\u00fc bilginin Mr.Forex taraf\u0131ndan nas\u0131l kullan\u0131ld\u0131\u011f\u0131n\u0131 ve korundu\u011funu ayr\u0131nt\u0131l\u0131 olarak a\u00e7\u0131klamaktad\u0131r. Bu web sitesine g\u00f6z atmaya veya web sitesini kullanmaya devam ederseniz, Mr.Forex ile aran\u0131zdaki ili\u015fkiyi Kullan\u0131m Ko\u015fullar\u0131m\u0131zla birlikte y\u00f6neten a\u015fa\u011f\u0131daki gizlilik politikas\u0131na uymay\u0131 ve bu politikaya ba\u011fl\u0131 kalmay\u0131 kabul etmi\u015f say\u0131l\u0131rs\u0131n\u0131z.<br>\n<br>\nBu gizlilik bildirimi, mobil cihazlar da dahil olmak \u00fczere onlara nas\u0131l eri\u015fti\u011finize veya kulland\u0131\u011f\u0131n\u0131za bak\u0131lmaks\u0131z\u0131n, bu gizlilik bildirimine at\u0131fta bulunan herhangi bir Mr.Forex web sitesi, uygulamas\u0131, hizmeti veya arac\u0131 (topluca \"Hizmetler\") i\u00e7in ge\u00e7erlidir.<br>\n<br>\nOnay vermeden \u00f6nce l\u00fctfen web sitesinin gizlilik politikas\u0131n\u0131n tamam\u0131n\u0131 dikkatle inceleyin. Bu web sitesinin herhangi bir b\u00f6l\u00fcm\u00fcn\u00fc g\u00f6r\u00fcnt\u00fcleyerek veya kullanarak, bu web sitesinin tam gizlilik politikas\u0131na uymay\u0131 kabul etmi\u015f olursunuz.<br>\n<br>\n\"Mr.Forex\", \"bu web sitesi\", \"site\", \"biz\" veya \"bize\" terimleri web sitesinin sahibini ifade eder. \"Siz\" terimi, web sitemizin kullan\u0131c\u0131s\u0131n\u0131 veya ziyaret\u00e7isini ifade eder.<br>\n<br>\nMr.Forex, gizlili\u011finizin bu gizlilik politikas\u0131na uygun olarak korunmas\u0131n\u0131 sa\u011flamay\u0131 taahh\u00fct eder. Bu web sitesini kullan\u0131rken kimli\u011finizin belirlenmesini sa\u011flayacak belirli bilgileri sa\u011flaman\u0131z\u0131 istersek, bu bilgilerin yaln\u0131zca bu gizlilik politikas\u0131na uygun olarak kullan\u0131laca\u011f\u0131ndan emin olabilirsiniz.<br>\n<br>\nMr.Forex, bu sayfay\u0131 g\u00fcncelleyerek bu politikay\u0131 zaman zaman de\u011fi\u015ftirebilir. Mr.Forex'e herhangi bir bilgi sa\u011flayarak, bu t\u00fcr de\u011fi\u015fiklikleri kabul etmi\u015f say\u0131l\u0131rs\u0131n\u0131z. Herhangi bir de\u011fi\u015fikli\u011fi incelemek i\u00e7in bu sayfay\u0131 periyodik olarak kontrol etmelisiniz.<br>\n<br>\n<h2><strong>1. Ki\u015fisel Bilgi Nedir<\/strong><\/h2>\nKi\u015fisel bilgi, tan\u0131mlanm\u0131\u015f veya tan\u0131mlanabilir bir ger\u00e7ek ki\u015fiyle ilgili bilgilerdir. Tan\u0131mlanabilir ger\u00e7ek ki\u015fi; isim, kimlik numaras\u0131, konum verileri, \u00e7evrimi\u00e7i tan\u0131mlay\u0131c\u0131 gibi bir tan\u0131mlay\u0131c\u0131ya at\u0131fta bulunarak veya o ger\u00e7ek ki\u015finin fiziksel, fizyolojik, genetik, zihinsel, ekonomik, k\u00fclt\u00fcrel veya sosyal kimli\u011fine \u00f6zg\u00fc bir veya daha fazla fakt\u00f6re at\u0131fta bulunarak do\u011frudan veya dolayl\u0131 olarak tan\u0131mlanabilen ki\u015fidir.<br>\n<br>\nAnonimle\u015ftirilmi\u015f veya ba\u015fka bilgilerle birle\u015ftirilse dahi art\u0131k belirli bir ger\u00e7ek ki\u015fiyi tan\u0131mlamak i\u00e7in kullan\u0131lamayacak \u015fekilde toplula\u015ft\u0131r\u0131lm\u0131\u015f bilgileri ki\u015fisel bilgi olarak de\u011ferlendirmiyoruz.<br>\nHizmetlerimizi kulland\u0131\u011f\u0131n\u0131zda sizden ki\u015fisel bilgiler topluyoruz.<br>\n<br>\n<h2><strong>2. Neler Topluyoruz<\/strong><\/h2>\nT\u00fcm ki\u015fisel bilgilerin sa\u011flanmas\u0131 g\u00f6n\u00fcll\u00fcd\u00fcr, ancak Hizmetlerimizi kullanmak i\u00e7in (hesap a\u00e7mak gibi) gerekli bir ko\u015ful olabilir.<br>\nA\u015fa\u011f\u0131daki ki\u015fisel bilgileri toplayabiliriz:<br>\n<ul>\n    <li>\u0130sim, ya\u015f vb. gibi kimlik bilgileri.<\/li>\n    <li>E-posta adresi, telefon numaras\u0131 vb. dahil ileti\u015fim bilgileri.<\/li>\n    <li>Posta kodu, tercihler, ilgi alanlar\u0131 vb. gibi demografik bilgiler.<\/li>\n    <li>Sizi do\u011frulamak veya tan\u0131mlamak ya da toplad\u0131\u011f\u0131m\u0131z bilgileri do\u011frulamak i\u00e7in ge\u00e7erli ulusal yasalarca toplamam\u0131z ve i\u015flememiz gereken veya yetkilendirildi\u011fimiz bilgiler.<\/li>\n    <li>Hizmetlerimizi kullan\u0131rken taraf\u0131n\u0131zca sa\u011flanan her t\u00fcrl\u00fc bilgi (topluluk tart\u0131\u015fmalar\u0131, ileti\u015fim formlar\u0131, i\u015flem hesab\u0131 ba\u011flant\u0131lar\u0131 vb.).<\/li>\n<\/ul>\n<br>\n<h2><strong>3. Hizmetlerimizi Kullan\u0131rken Otomatik Olarak Toplad\u0131\u011f\u0131m\u0131z Ki\u015fisel Bilgiler<\/strong><\/h2>\nHizmetlerimizle etkile\u015fiminiz ve bizimle olan ileti\u015fiminiz hakk\u0131nda bilgiler topluyoruz. Bu, Hizmetlerimize eri\u015fti\u011finizde kulland\u0131\u011f\u0131n\u0131z cihazlardan (mobil cihazlar dahil) ald\u0131\u011f\u0131m\u0131z bilgilerdir. Bu bilgiler, cihaz kimli\u011fi veya benzersiz tan\u0131mlay\u0131c\u0131, cihaz t\u00fcr\u00fc, benzersiz cihaz belirteci gibi bilgileri i\u00e7erebilir ancak bunlarla s\u0131n\u0131rl\u0131 de\u011fildir.<br>\n<br>\nKonum bilgisi. Mobil cihaz kullan\u0131rken, cihaz\u0131n\u0131z\u0131n ayarlar men\u00fcs\u00fcnden herhangi bir uygulama i\u00e7in konum servislerinin kullan\u0131m\u0131n\u0131 kontrol edebilece\u011finizi veya devre d\u0131\u015f\u0131 b\u0131rakabilece\u011finizi l\u00fctfen unutmay\u0131n.<br>\n<br>\nSayfa g\u00f6r\u00fcnt\u00fcleme istatistikleri, siteler aras\u0131 trafik, y\u00f6nlendirme URL'si, reklam verileri, IP adresi, tarama ge\u00e7mi\u015fi ve web g\u00fcnl\u00fc\u011f\u00fc bilgileri gibi bilgisayar ve ba\u011flant\u0131 bilgileri.<br>\n<br>\n<h2><strong>4. \u00c7erezler ve Benzer Teknolojiler Kullan\u0131larak Toplanan Ki\u015fisel Bilgiler<\/strong><\/h2>\nHizmetlerimizi kulland\u0131\u011f\u0131n\u0131zda g\u00f6r\u00fcnt\u00fcledi\u011finiz sayfalar, t\u0131klad\u0131\u011f\u0131n\u0131z ba\u011flant\u0131lar ve Hizmetlerimizi, reklamlar\u0131m\u0131z\u0131 veya e-posta i\u00e7eri\u011fimizi kullan\u0131rken ger\u00e7ekle\u015ftirdi\u011finiz di\u011fer eylemler hakk\u0131nda bilgi toplamak i\u00e7in \u00e7erezler, web i\u015faret\u00e7ileri (veya pikseller), benzersiz tan\u0131mlay\u0131c\u0131lar ve benzer teknolojiler kullan\u0131yoruz.<br>\n<br>\nWeb sitemizi yeterince tasarlamak ve s\u00fcrekli optimize etmek i\u00e7in Google Inc.'in bir web analiz arac\u0131 olan Google Analytics'i kullan\u0131yoruz. Google Analytics \u00e7erezleri kullan\u0131r ve anonim kullan\u0131m profilleri olu\u015fturarak web sitemizi kullan\u0131m\u0131n\u0131z\u0131n analiz edilmesini sa\u011flar. Bu t\u00fcr \u00e7erezlerde saklanan bilgiler (\u00f6rne\u011fin taray\u0131c\u0131 t\u00fcr\u00fc\/s\u00fcr\u00fcm\u00fc, kullan\u0131lan i\u015fletim sistemi, y\u00f6nlendirme URL'si, eri\u015fen bilgisayar\u0131n ana bilgisayar ad\u0131, sunucu istek zaman\u0131) genellikle Google sunucular\u0131na aktar\u0131l\u0131r ve orada saklan\u0131r.<br>\n<br>\n<h2><strong>5. \u00c7erezleri Nas\u0131l Kullan\u0131yoruz<\/strong><\/h2>\n\u00c7erez, bilgisayar\u0131n\u0131z\u0131n sabit diskine yerle\u015ftirilmek i\u00e7in izin isteyen k\u00fc\u00e7\u00fck bir dosyad\u0131r. Kabul etti\u011finizde dosya eklenir ve \u00e7erez, web trafi\u011fini analiz etmeye yard\u0131mc\u0131 olur veya belirli bir siteyi ziyaret etti\u011finizde size haber verir. \u00c7erezler, web uygulamalar\u0131n\u0131n size bir birey olarak yan\u0131t vermesine olanak tan\u0131r. Web uygulamas\u0131, tercihleriniz hakk\u0131nda bilgi toplayarak ve hat\u0131rlayarak operasyonlar\u0131n\u0131 ihtiya\u00e7lar\u0131n\u0131za, be\u011fendiklerinize ve be\u011fenmediklerinize g\u00f6re uyarlayabilir.<br>\n<br>\nHangi sayfalar\u0131n kullan\u0131ld\u0131\u011f\u0131n\u0131 belirlemek i\u00e7in trafik g\u00fcnl\u00fc\u011f\u00fc \u00e7erezlerini kullan\u0131yoruz. Bu, m\u00fc\u015fteri ihtiya\u00e7lar\u0131n\u0131 kar\u015f\u0131lamak amac\u0131yla web sitemizi geli\u015ftirmek i\u00e7in web sayfas\u0131 trafik verilerini analiz etmemize yard\u0131mc\u0131 olur. Bu bilgileri yaln\u0131zca istatistiksel analiz ama\u00e7lar\u0131 i\u00e7in kullan\u0131yoruz ve ard\u0131ndan veriler sistemden siliniyor.<br>\n<br>\nGenel olarak \u00e7erezler, hangi sayfalar\u0131 faydal\u0131 buldu\u011funuzu ve hangilerini bulmad\u0131\u011f\u0131n\u0131z\u0131 izlememize olanak tan\u0131yarak size daha iyi bir web sitesi sunmam\u0131za yard\u0131mc\u0131 olur. Bir \u00e7erez, bizimle payla\u015fmay\u0131 se\u00e7ti\u011finiz veriler d\u0131\u015f\u0131ndaki hi\u00e7bir bilginize veya bilgisayar\u0131n\u0131za eri\u015fmemize kesinlikle izin vermez. \u00c7erezleri kabul etmeyi veya reddetmeyi se\u00e7ebilirsiniz. \u00c7o\u011fu web taray\u0131c\u0131s\u0131 \u00e7erezleri otomatik olarak kabul eder, ancak isterseniz genellikle taray\u0131c\u0131 ayarlar\u0131n\u0131z\u0131 \u00e7erezleri reddedecek \u015fekilde de\u011fi\u015ftirebilirsiniz. Bu, web sitesinin \u00f6zelliklerinden tam olarak yararlanman\u0131z\u0131 engelleyebilir.<br>\n<br>\n<h2><strong>6. Di\u011fer Kaynaklardan Toplanan Ki\u015fisel Bilgiler<\/strong><\/h2>\nBilgileri sosyal medya siteleriyle payla\u015fman\u0131za veya hesab\u0131n\u0131z\u0131 olu\u015fturmak ya da hesab\u0131n\u0131z\u0131 ilgili sosyal medya sitesine ba\u011flamak i\u00e7in sosyal medya sitelerini kullanman\u0131za izin veriyoruz. Bu sosyal medya siteleri, hakk\u0131n\u0131zda tuttuklar\u0131 belirli ki\u015fisel bilgilere (\u00f6rne\u011fin g\u00f6r\u00fcnt\u00fcledi\u011finiz i\u00e7erik, be\u011fendi\u011finiz i\u00e7erik ve size g\u00f6sterilen veya t\u0131klad\u0131\u011f\u0131n\u0131z reklamlar hakk\u0131ndaki bilgiler vb.) otomatik olarak eri\u015fmemizi sa\u011flayabilir. Eri\u015fmemize izin verdi\u011finiz ki\u015fisel bilgileri, ilgili sosyal medya sitesindeki gizlilik ayarlar\u0131 ve eri\u015fim izni verirken bize sa\u011flad\u0131\u011f\u0131n\u0131z yetkiler arac\u0131l\u0131\u011f\u0131yla kontrol edebilirsiniz. Bir sosyal medya sitesi taraf\u0131ndan y\u00f6netilen bir hesab\u0131 hesab\u0131n\u0131zla ili\u015fkilendirerek ve bu bilgilere eri\u015fmemiz i\u00e7in bizi yetkilendirerek, bu sosyal medya siteleri taraf\u0131ndan sa\u011flanan bilgileri bu gizlilik bildirimi uyar\u0131nca toplayabilece\u011fimizi, kullanabilece\u011fimizi ve saklayabilece\u011fimizi kabul etmi\u015f olursunuz.<br>\n<br>\nBize ba\u015fka biri hakk\u0131nda ki\u015fisel bilgi verirseniz, bunu yaln\u0131zca o ki\u015finin yetkisiyle yapmal\u0131s\u0131n\u0131z. Onlara ki\u015fisel bilgilerini gizlilik bildirimimize g\u00f6re nas\u0131l toplad\u0131\u011f\u0131m\u0131z, kulland\u0131\u011f\u0131m\u0131z, a\u00e7\u0131klad\u0131\u011f\u0131m\u0131z ve saklad\u0131\u011f\u0131m\u0131z konusunda bilgi vermelisiniz.<br>\n<br>\n<h2><strong>7. Toplad\u0131\u011f\u0131m\u0131z Bilgileri Nas\u0131l Kullan\u0131yoruz<\/strong><\/h2>\n\u0130htiya\u00e7lar\u0131n\u0131z\u0131 anlamak ve size daha iyi hizmet sunabilmek i\u00e7in, \u00f6zellikle a\u015fa\u011f\u0131daki ama\u00e7larla bu bilgilere ihtiya\u00e7 duyuyoruz:<br>\n<ul>\n    <li>Dahili kay\u0131t tutma.<\/li>\n    <li>M\u00fc\u015fteri hizmetleri sunmak.<\/li>\n    <li>\u00dcr\u00fcnlerimizi ve hizmetlerimizi geli\u015ftirmek.<\/li>\n    <li>Sa\u011flad\u0131\u011f\u0131n\u0131z ileti\u015fim bilgilerini kullanarak ilginizi \u00e7ekebilece\u011fini d\u00fc\u015f\u00fcnd\u00fc\u011f\u00fcm\u00fcz yeni \u00fcr\u00fcnler, \u00f6zel teklifler veya di\u011fer bilgiler hakk\u0131nda periyodik olarak tan\u0131t\u0131m e-postalar\u0131 g\u00f6ndermek.<\/li>\n    <li>Hesap ayarlar\u0131n\u0131za ba\u011fl\u0131 olarak size e-posta\/bildirim g\u00f6ndermek.<\/li>\n    <li>\u0130lgi alanlar\u0131n\u0131za g\u00f6re web sitemizde ki\u015fiselle\u015ftirilmi\u015f bir deneyim (reklam ve pazarlama dahil) sa\u011flamak.<\/li>\n    <li>Doland\u0131r\u0131c\u0131l\u0131k veya yasa d\u0131\u015f\u0131 faaliyetleri tespit etmek, \u00f6nlemek, hafifletmek ve ara\u015ft\u0131rmak.<\/li>\n<\/ul>\n<br>\n<h2><strong>8. Ki\u015fisel Bilgilerinize Nas\u0131l Eri\u015febilir, Kontrol Edebilir ve D\u00fczeltebilirsiniz<\/strong><\/h2>\nKi\u015fisel bilgilerinize eri\u015fme, bunlar\u0131 d\u00fczeltme, silinmesini talep etme veya kullan\u0131m\u0131m\u0131z\u0131 k\u0131s\u0131tlama talebinde bulunma konusundaki ge\u00e7erli yasalardan do\u011fan haklar\u0131n\u0131za sayg\u0131 duyuyoruz. Ayr\u0131ca toplad\u0131\u011f\u0131m\u0131z ki\u015fisel bilgilerin do\u011fru ve g\u00fcncel olmas\u0131n\u0131 sa\u011flamak i\u00e7in ad\u0131mlar at\u0131yoruz.<br>\n<br>\nKi\u015fisel verilerinizin i\u015flenmesiyle ilgili olarak a\u015fa\u011f\u0131daki haklara sahipsiniz:<br>\n<ul>\n    <li>Eri\u015fim hakk\u0131<\/li>\n    <li>D\u00fczeltme hakk\u0131<\/li>\n    <li>Silme hakk\u0131 (Unutulma hakk\u0131)<\/li>\n    <li>\u0130\u015flemenin k\u0131s\u0131tlanmas\u0131 hakk\u0131<\/li>\n    <li>Veri ta\u015f\u0131nabilirli\u011fi hakk\u0131<\/li>\n    <li>\u0130tiraz hakk\u0131 (ki\u015fisel verilerinizin me\u015fru \u00e7\u0131karlar\u0131m\u0131za dayanarak i\u015flendi\u011fi durumlarda, \u00f6rn. do\u011frudan pazarlama)<\/li>\n    <li>Geri \u00e7ekilmeden \u00f6nceki onaya dayal\u0131 i\u015flemenin yasall\u0131\u011f\u0131n\u0131 etkilemeksizin, onay\u0131 istedi\u011finiz zaman geri \u00e7ekme hakk\u0131<\/li>\n    <li>Bir denetim makam\u0131na \u015fikayette bulunma hakk\u0131.<\/li>\n<\/ul>\nYasal haklar\u0131n\u0131z\u0131 web sitesindeki ileti\u015fim formu arac\u0131l\u0131\u011f\u0131yla bizimle ileti\u015fime ge\u00e7erek kullanabilirsiniz.<br>\n<br>\n\n<h2><strong>9. Ki\u015fisel Bilgilerinizi Nas\u0131l Payla\u015fabiliriz<\/strong><\/h2>\nKi\u015fisel bilgilerinizi Mr.Forex \u015firketler grubu i\u00e7indeki di\u011fer ba\u011f\u0131ms\u0131z hizmetlere veya \u00fc\u00e7\u00fcnc\u00fc taraflara a\u00e7\u0131klayabiliriz. Bu, Hizmetlerimize eri\u015fmenizi sa\u011flamak, yasal y\u00fck\u00fcml\u00fcl\u00fcklerimize uymak, Hizmet Ko\u015fullar\u0131m\u0131z\u0131 uygulamak veya Hizmetlerimizle ilgili doland\u0131r\u0131c\u0131l\u0131k veya yasa d\u0131\u015f\u0131 faaliyetleri \u00f6nlemek, tespit etmek, hafifletmek ve ara\u015ft\u0131rmak i\u00e7in olabilir. A\u00e7\u0131klad\u0131\u011f\u0131m\u0131z ki\u015fisel bilgi miktar\u0131n\u0131, belirtilen amac\u0131 ger\u00e7ekle\u015ftirmek i\u00e7in do\u011frudan ilgili ve gerekli olanla s\u0131n\u0131rl\u0131 tutmaya \u00e7al\u0131\u015f\u0131yoruz. Onay\u0131n\u0131z olmadan ki\u015fisel bilgilerinizi pazarlama ve reklam ama\u00e7lar\u0131 i\u00e7in \u00fc\u00e7\u00fcnc\u00fc taraflara satmay\u0131z, kiralamay\u0131z veya ba\u015fka bir \u015fekilde a\u00e7\u0131klamay\u0131z.<br>\n<br>\nMr.Forex'in bir \u00fc\u00e7\u00fcnc\u00fc taraf\u00e7a sat\u0131n al\u0131nmas\u0131 veya bir \u00fc\u00e7\u00fcnc\u00fc tarafla birle\u015fmesi durumunda, bu t\u00fcr bir birle\u015fme, sat\u0131n alma, sat\u0131\u015f veya di\u011fer kontrol de\u011fi\u015fikli\u011finin bir par\u00e7as\u0131 olarak sizden toplad\u0131\u011f\u0131m\u0131z bilgileri devretme veya atama hakk\u0131n\u0131 sakl\u0131 tutar\u0131z. \u0130flas, konkordato, tasfiye veya alacakl\u0131lar\u0131n yarar\u0131na devir durumlar\u0131nda bilgilerinizin nas\u0131l i\u015flenece\u011fini, devredilece\u011fini veya kullan\u0131laca\u011f\u0131n\u0131 kontrol edemeyebiliriz.<br>\n<br>\n<h2><strong>10. Ki\u015fisel Bilgilerinizi Ne Kadar S\u00fcre Sakl\u0131yoruz<\/strong><\/h2>\nKi\u015fisel bilgilerinizi yaln\u0131zca bu politikada a\u00e7\u0131klanan ama\u00e7lar\u0131 yerine getirmek i\u00e7in gerekli olan s\u00fcre boyunca sakl\u0131yoruz. Ancak, ge\u00e7erli yasal y\u00fck\u00fcml\u00fcl\u00fcklere (vergi, muhasebe, denetim veya olas\u0131 Kara Para Aklamay\u0131 \u00d6nleme AML d\u00fczenlemeleri dahil ancak bunlarla s\u0131n\u0131rl\u0131 olmamak \u00fczere) uymak i\u00e7in, Hizmetleri kullanmay\u0131 b\u0131raksan\u0131z veya hesab\u0131n\u0131z\u0131 kapatsan\u0131z bile belirli i\u015flem kay\u0131tlar\u0131n\u0131, giri\u015f g\u00fcnl\u00fcklerini ve kimlik do\u011frulama bilgilerini yasal olarak 5 ila 7 y\u0131l boyunca saklayabiliriz. Yasal saklama s\u00fcresi doldu\u011funda veya saklama art\u0131k gerekli olmad\u0131\u011f\u0131nda, verilerinizi g\u00fcvenli bir \u015fekilde silmek veya anonimle\u015ftirmek i\u00e7in makul teknik ara\u00e7lar kullanaca\u011f\u0131z.<br>\n<br>\n<h2><strong>11. Ki\u015fisel Bilgilerinizi Nas\u0131l Koruyoruz<\/strong><\/h2>\nBilgilerinizi yetkisiz eri\u015fim, if\u015fa, de\u011fi\u015ftirme veya yok edilmeye kar\u015f\u0131 korumak i\u00e7in g\u00fcvenli sunucu yaz\u0131l\u0131m\u0131 (SSL) ve g\u00fcvenlik duvarlar\u0131 kullan\u0131yoruz. Ayr\u0131ca, \u00e7al\u0131\u015fanlar\u0131m\u0131z ve \u00fc\u00e7\u00fcnc\u00fc taraf hizmet sa\u011flay\u0131c\u0131lar\u0131m\u0131z, halka a\u00e7\u0131k olmayan ki\u015fisel bilgilerinize yaln\u0131zca \"bilmesi gerekenler\" temelinde eri\u015fir.<br>\n<br>\nBize iletilen ki\u015fisel bilgileri hem iletim s\u0131ras\u0131nda hem de bilgileri ald\u0131\u011f\u0131m\u0131zda korumak i\u00e7in end\u00fcstri standartlar\u0131n\u0131 takip ediyoruz. Ancak, \u0130nternet \u00fczerinden iletim y\u00f6ntemi veya elektronik depolama y\u00f6ntemi %&#8203;100 g\u00fcvenli de\u011fildir. Bu nedenle, ki\u015fisel bilgilerinizi korumak i\u00e7in ticari olarak kabul edilebilir ara\u00e7lar kullansak da, mutlak g\u00fcvenli\u011fini garanti edemeyiz.<br>\n<br>\n<h2><strong>12. Di\u011fer Web Sitelerine Ba\u011flant\u0131lar<\/strong><\/h2>\nWeb sitemiz ilgi \u00e7ekici di\u011fer web sitelerine ba\u011flant\u0131lar i\u00e7erebilir. Ancak, bu ba\u011flant\u0131lar\u0131 kullanarak sitemizden ayr\u0131ld\u0131\u011f\u0131n\u0131zda, s\u00f6z konusu di\u011fer web sitesi \u00fczerinde herhangi bir kontrol\u00fcm\u00fcz olmad\u0131\u011f\u0131n\u0131 unutmamal\u0131s\u0131n\u0131z. Bu nedenle, bu t\u00fcr siteleri ziyaret ederken sa\u011flad\u0131\u011f\u0131n\u0131z herhangi bir bilginin korunmas\u0131ndan ve gizlili\u011finden sorumlu olamay\u0131z. Dikkatli olmal\u0131 ve s\u00f6z konusu web sitesi i\u00e7in ge\u00e7erli olan gizlilik bildirimine bakmal\u0131s\u0131n\u0131z.<br>\n<br>\n<h2><strong>13. \u00c7e\u015fitli H\u00fck\u00fcmler<\/strong><\/h2>\nBu Gizlilik Politikas\u0131n\u0131n herhangi bir h\u00fckm\u00fcn\u00fcn uygulanamaz oldu\u011fu kabul edilirse, bu durum geri kalan h\u00fck\u00fcmlerin ge\u00e7erlili\u011fini veya uygulanabilirli\u011fini etkilemeyecektir ve uygulanamaz h\u00fck\u00fcm, o h\u00fckm\u00fcn niyetine en yak\u0131n olan uygulanabilir bir h\u00fck\u00fcmle de\u011fi\u015ftirilecektir.<br>\n<br>\n<h2><strong>14. Dil S\u00fcr\u00fcm\u00fc Beyan\u0131<\/strong><\/h2>\nBu yasal \u015fartlar referans amac\u0131yla birden fazla dilde sa\u011flanabilir. Herhangi bir \u00e7eviri hatas\u0131 veya anlamsal farkl\u0131l\u0131k durumunda \u0130ngilizce s\u00fcr\u00fcm ge\u00e7erli olacakt\u0131r. \u0130ngilizce s\u00fcr\u00fcm, web sitesinin yasal \u015fartlar\u0131n\u0131n tek resmi s\u00fcr\u00fcm\u00fcd\u00fcr ve yasal etkiye sahiptir.<br>\n<br>\n<h2><strong>15. S\u0131n\u0131r \u00d6tesi Veri Transferi<\/strong><\/h2>\nMr.Forex (Shine Wealth Co., Ltd.) k\u00fcresel olarak faaliyet g\u00f6steren bir kurulu\u015f oldu\u011fundan, size hizmet sunabilmek amac\u0131yla ki\u015fisel bilgileriniz ikamet etti\u011finiz \u00fclke d\u0131\u015f\u0131ndaki (Tayvan ve ABD dahil ancak bunlarla s\u0131n\u0131rl\u0131 olmamak \u00fczere) sunuculara ve veri merkezlerine aktar\u0131labilir, orada saklanabilir veya i\u015flenebilir. Bu yetki alanlar\u0131ndaki veri koruma yasalar\u0131n\u0131n ve gizlilik d\u00fczenlemelerinin b\u00f6lgenizdeki yasalardan farkl\u0131 olabilece\u011fini (ve koruma d\u00fczeyinin e\u015fit olmayabilece\u011fini) kabul ve beyan edersiniz. Bu web sitesine ve hizmetlere eri\u015ferek veya bunlar\u0131 kullanarak, bilgilerinizin bu Gizlilik Politikas\u0131nda a\u00e7\u0131kland\u0131\u011f\u0131 \u015fekilde s\u0131n\u0131r \u00f6tesi aktar\u0131m\u0131na, saklanmas\u0131na ve i\u015flenmesine a\u00e7\u0131k\u00e7a r\u0131za g\u00f6stermi\u015f olursunuz. Verilerinizin iletim s\u0131ras\u0131nda yeterince korunmas\u0131n\u0131 sa\u011flamak i\u00e7in end\u00fcstri standartlar\u0131na uygun g\u00fcvenlik \u00f6nlemleri (standart s\u00f6zle\u015fme maddeleri gibi) uygulayaca\u011f\u0131z.<br>\n<\/span><\/div>\n\t\t\t\t<div class=\"elementor-element elementor-element-86eb646 elementor-widget elementor-widget-spacer\" data-id=\"86eb646\" data-element_type=\"widget\" data-widget_type=\"spacer.default\">\n\t\t\t\t\t\t\t<div class=\"elementor-spacer\">\n\t\t\t<div class=\"elementor-spacer-inner\"><\/div>\n\t\t<\/div>\n\t\t\t\t\t\t<\/div>\n\t\t\t\t\t<\/div>\n\t\t\t\t<\/div>\n\t\t\t\t<\/div>","protected":false},"excerpt":{"rendered":"<p>Bu politika, verilerinizi nas\u0131l korudu\u011fumuzu a\u00e7\u0131klar. Gizlili\u011finizi korumak i\u00e7in yasalara uyuyoruz.<\/p>","protected":false},"author":1,"featured_media":62783,"parent":0,"menu_order":0,"comment_status":"closed","ping_status":"closed","template":"","meta":{"footnotes":""},"tags":[],"class_list":["post-11752","page","type-page","status-publish","has-post-thumbnail","hentry"],"_links":{"self":[{"href":"https:\/\/mister.forex\/tr\/wp-json\/wp\/v2\/pages\/11752","targetHints":{"allow":["GET"]}}],"collection":[{"href":"https:\/\/mister.forex\/tr\/wp-json\/wp\/v2\/pages"}],"about":[{"href":"https:\/\/mister.forex\/tr\/wp-json\/wp\/v2\/types\/page"}],"author":[{"embeddable":true,"href":"https:\/\/mister.forex\/tr\/wp-json\/wp\/v2\/users\/1"}],"replies":[{"embeddable":true,"href":"https:\/\/mister.forex\/tr\/wp-json\/wp\/v2\/comments?post=11752"}],"version-history":[{"count":27,"href":"https:\/\/mister.forex\/tr\/wp-json\/wp\/v2\/pages\/11752\/revisions"}],"predecessor-version":[{"id":70325,"href":"https:\/\/mister.forex\/tr\/wp-json\/wp\/v2\/pages\/11752\/revisions\/70325"}],"wp:featuredmedia":[{"embeddable":true,"href":"https:\/\/mister.forex\/tr\/wp-json\/wp\/v2\/media\/62783"}],"wp:attachment":[{"href":"https:\/\/mister.forex\/tr\/wp-json\/wp\/v2\/media?parent=11752"}],"wp:term":[{"taxonomy":"post_tag","embeddable":true,"href":"https:\/\/mister.forex\/tr\/wp-json\/wp\/v2\/tags?post=11752"}],"curies":[{"name":"wp","href":"https:\/\/api.w.org\/{rel}","templated":true}]}}