{"id":15689,"date":"2024-05-03T20:52:04","date_gmt":"2024-05-03T12:52:04","guid":{"rendered":"http:\/\/192.168.0.254\/?page_id=15689"},"modified":"2026-04-02T23:17:21","modified_gmt":"2026-04-02T15:17:21","slug":"pivot-point-calculator","status":"publish","type":"page","link":"https:\/\/mister.forex\/tr\/tools\/pivot-point-calculator\/","title":{"rendered":"Pivot Noktas\u0131 Hesaplay\u0131c\u0131 | Forex Destek ve Diren\u00e7 Hesaplay\u0131c\u0131"},"content":{"rendered":"<div data-elementor-type=\"wp-page\" data-elementor-id=\"15689\" class=\"elementor elementor-15689\" data-elementor-post-type=\"page\">\n\t\t\t\t<div class=\"elementor-element elementor-element-5536ed9 e-flex e-con-boxed e-con e-parent\" data-id=\"5536ed9\" data-element_type=\"container\" data-settings=\"{&quot;background_background&quot;:&quot;classic&quot;}\">\n\t\t\t\t\t<div class=\"e-con-inner\">\n\t\t<div class=\"elementor-element elementor-element-ba5a32b e-flex e-con-boxed e-con e-child\" data-id=\"ba5a32b\" data-element_type=\"container\">\n\t\t\t\t\t<div class=\"e-con-inner\">\n\t\t\t\t<div class=\"elementor-element elementor-element-2136e2e elementor-widget elementor-widget-heading\" data-id=\"2136e2e\" data-element_type=\"widget\" data-widget_type=\"heading.default\">\n\t\t\t\t\t<h1 class=\"elementor-heading-title elementor-size-default\">Pivot Noktas\u0131 Hesaplay\u0131c\u0131<\/h1>\t\t\t\t<\/div>\n\t\t\t\t<div class=\"elementor-element elementor-element-cedcae0 elementor-widget elementor-widget-heading\" data-id=\"cedcae0\" data-element_type=\"widget\" data-widget_type=\"heading.default\">\n\t\t\t\t\t<h2 class=\"elementor-heading-title elementor-size-default\">Forex Pivot Point Calculator, for Support and Resistance<\/h2>\t\t\t\t<\/div>\n\t\t\t\t\t<\/div>\n\t\t\t\t<\/div>\n\t\t\t\t<div class=\"elementor-element elementor-element-bf99893 elementor-widget__width-inherit elementor-absolute elementor-widget elementor-widget-image\" data-id=\"bf99893\" data-element_type=\"widget\" data-settings=\"{&quot;_position&quot;:&quot;absolute&quot;}\" data-widget_type=\"image.default\">\n\t\t\t\t\t\t\t\t\t\t\t\t\t\t\t<img fetchpriority=\"high\" decoding=\"async\" width=\"500\" height=\"281\" src=\"https:\/\/mister.forex\/wp-content\/uploads\/2024\/02\/9-500x281.webp\" class=\"attachment-medium size-medium wp-image-4081\" alt=\"\" srcset=\"https:\/\/mister.forex\/wp-content\/uploads\/2024\/02\/9-500x281.webp 500w, https:\/\/mister.forex\/wp-content\/uploads\/2024\/02\/9-600x337.webp 600w, https:\/\/mister.forex\/wp-content\/uploads\/2024\/02\/9-1200x675.webp 1200w, https:\/\/mister.forex\/wp-content\/uploads\/2024\/02\/9-300x169.webp 300w, https:\/\/mister.forex\/wp-content\/uploads\/2024\/02\/9-768x432.webp 768w, https:\/\/mister.forex\/wp-content\/uploads\/2024\/02\/9.webp 1366w\" sizes=\"(max-width: 500px) 100vw, 500px\" \/>\t\t\t\t\t\t\t\t\t\t\t\t\t\t\t<\/div>\n\t\t\t\t\t<\/div>\n\t\t\t\t<\/div>\n\t\t<div class=\"elementor-element elementor-element-f4bbbce e-flex e-con-boxed e-con e-parent\" data-id=\"f4bbbce\" data-element_type=\"container\">\n\t\t\t\t\t<div class=\"e-con-inner\">\n\t\t<div class=\"elementor-element elementor-element-118367b e-con-full e-flex e-con e-child\" data-id=\"118367b\" data-element_type=\"container\">\n\t\t<div class=\"elementor-element elementor-element-4aaf97d e-con-full e-flex e-con e-child\" data-id=\"4aaf97d\" data-element_type=\"container\">\n\t\t\t\t<div class=\"elementor-element elementor-element-7a71ef8 elementor-widget elementor-widget-text-editor\" data-id=\"7a71ef8\" data-element_type=\"widget\" data-widget_type=\"text-editor.default\">\n\t\t\t\t\t\t\t\t\t<h2><strong>Kullan\u0131m Talimatlar\u0131<\/strong><\/h2><h3><strong>Giri\u015f Se\u00e7enekleri<\/strong><\/h3><p><strong><span style=\"text-decoration: underline;\">tip<\/span>:&nbsp;<\/strong>Bu alanda d\u00f6rt farkl\u0131 seviyede pivot nokta hesaplama y\u00f6ntemi se\u00e7ene\u011fi bulunmaktad\u0131r.<\/p><ol><li><strong><span style=\"text-decoration: underline;\">Standart<\/span>:&nbsp;<\/strong>R3 ve S3 aras\u0131nda 7 seviye.<\/li><li><strong><span style=\"text-decoration: underline;\">Woodie<\/span>:&nbsp;<\/strong>R2 ve S2 aras\u0131nda 5 seviye.<\/li><li><strong><span style=\"text-decoration: underline;\">Camarilla<\/span>:&nbsp;<\/strong>R4 ve S4 aras\u0131nda 9 seviye.<\/li><li><strong><span style=\"text-decoration: underline;\">DeMark<\/span>:&nbsp;<\/strong>Sadece R1 ve S1 aras\u0131nda 2 seviyeyi hesaplay\u0131n.<\/li><\/ol>\t\t\t\t\t\t\t\t<\/div>\n\t\t\t\t<div class=\"elementor-element elementor-element-61abba3 elementor-widget elementor-widget-text-editor\" data-id=\"61abba3\" data-element_type=\"widget\" data-widget_type=\"text-editor.default\">\n\t\t\t\t\t\t\t\t\t<p><strong><span style=\"text-decoration: underline;\">En y\u00fcksek fiyat<\/span>:&nbsp;<\/strong>\u0130\u015flem \u00fcr\u00fcn\u00fcn\u00fcn bir \u00f6nceki i\u015flem g\u00fcn\u00fcndeki en y\u00fcksek fiyat\u0131n\u0131 girin.<\/p><p><strong><span style=\"text-decoration: underline;\">En d\u00fc\u015f\u00fck fiyat<\/span>:&nbsp;<\/strong>\u0130\u015flem g\u00f6recek \u00fcr\u00fcn\u00fcn bir \u00f6nceki i\u015flem g\u00fcn\u00fcndeki en d\u00fc\u015f\u00fck fiyat\u0131n\u0131 girin.<\/p><p><strong><span style=\"text-decoration: underline;\">Kapan\u0131\u015f fiyat\u0131<\/span>:&nbsp;<\/strong>\u00d6nceki i\u015flem g\u00fcn\u00fcn\u00fcn kapan\u0131\u015f fiyat\u0131n\u0131 girin.<\/p><p><strong>\u203b<\/strong>\u00a0<strong><span style=\"text-decoration: underline;\">A\u00e7\u0131k fiyat<\/span>:&nbsp;<\/strong>\u00d6nceki i\u015flem g\u00fcn\u00fcn\u00fcn a\u00e7\u0131l\u0131\u015f fiyat\u0131n\u0131 girin, bu DeMark y\u00f6nteminde kritik hesaplama verilerinden biridir.<\/p>\t\t\t\t\t\t\t\t<\/div>\n\t\t\t\t<div class=\"elementor-element elementor-element-d6b57e4 elementor-widget elementor-widget-text-editor\" data-id=\"d6b57e4\" data-element_type=\"widget\" data-widget_type=\"text-editor.default\">\n\t\t\t\t\t\t\t\t\t<h2><strong>Hesaplama Sonucu<\/strong><\/h2><p>Pivot Noktas\u0131 Hesaplay\u0131c\u0131, se\u00e7ilen hesaplama y\u00f6ntemine ve girilen fiyat verilerine g\u00f6re bir sonraki i\u015flem d\u00f6neminin pivot seviyelerini hesaplayacak ve g\u00f6sterecektir.<\/p><p>\u00d6rne\u011fin, Euro\/Dolar paritesinin bir sonraki i\u015flem d\u00f6nemindeki pivot noktas\u0131n\u0131 hesaplamak istiyoruz.<\/p><p>\u00d6ncelikle, \u00f6rne\u011fimizde standart hesaplama y\u00f6ntemini se\u00e7ece\u011fiz.<\/p><p>Euro\/Dolar paritesinin \u00f6nceki i\u015flem g\u00fcn\u00fcnde ula\u015ft\u0131\u011f\u0131 en y\u00fcksek fiyat\u0131 1.2000, en d\u00fc\u015f\u00fck fiyat\u0131 1.1500, kapan\u0131\u015f fiyat\u0131 ise 1.1700 olarak giriyoruz.<\/p><p>Pivot Noktas\u0131 Hesaplay\u0131c\u0131 (standart modda) Euro\/Dolar paritesinin bir sonraki i\u015flem d\u00f6nemindeki 7 pivot seviyesini hesaplayacak ve g\u00f6sterecektir.<\/p><p>Ertesi g\u00fcn\u00fcn pivot noktas\u0131 seviyesi 1.1733't\u00fcr.<\/p><p>3 destek seviyesi 1.1467 (S1), 1.1233 (S2) ve 1.0967 (S3) olarak belirlenmi\u015ftir.<\/p><p>3 diren\u00e7 seviyesi s\u0131ras\u0131yla 1.1967 (R1), 1.2233 (R2) ve 1.2467 (R3) olarak belirlenmi\u015ftir.<\/p>\t\t\t\t\t\t\t\t<\/div>\n\t\t\t\t<div class=\"elementor-element elementor-element-51954b1 elementor-widget elementor-widget-text-editor\" data-id=\"51954b1\" data-element_type=\"widget\" data-widget_type=\"text-editor.default\">\n\t\t\t\t\t\t\t\t\t<h2><strong>Pivot Point nedir?<\/strong><\/h2><p>Pivot noktas\u0131, d\u00f6viz ticaretinde yayg\u0131n olarak kullan\u0131lan bir teknik analiz arac\u0131d\u0131r ve olas\u0131 destek ve diren\u00e7 seviyelerini belirlemek i\u00e7in kullan\u0131l\u0131r.<\/p><p>\u00d6nceki i\u015flem g\u00fcn\u00fcn\u00fcn en y\u00fcksek fiyat\u0131, en d\u00fc\u015f\u00fck fiyat\u0131 ve kapan\u0131\u015f fiyat\u0131n\u0131n ortalamas\u0131 al\u0131narak hesaplan\u0131r.<\/p><p><strong>Pivot Point (D\u00f6n\u00fc\u015f Noktas\u0131) =<\/strong><\/p><p data-pm-slice=\"0 0 []\"><strong>[Piyasa Y\u00fcksek Fiyat\u0131 + Piyasa D\u00fc\u015f\u00fck Fiyat\u0131 + Kapan\u0131\u015f Fiyat\u0131] \/ 3<\/strong><\/p><p>Bir sonraki i\u015flem d\u00f6neminde, e\u011fer mevcut fiyat pivot noktas\u0131n\u0131n alt\u0131nda ise, bu piyasan\u0131n d\u00fc\u015fmeye devam edece\u011fini g\u00f6sterebilir; tersi durumda, e\u011fer mevcut fiyat pivot noktas\u0131n\u0131n \u00fczerindeyse, bu piyasan\u0131n y\u00fckselmeye devam edece\u011fini g\u00f6sterebilir.<\/p><p>Pivot Point stratejisi, traderlar\u0131n olas\u0131 fiyat d\u00f6n\u00fc\u015f noktalar\u0131n\u0131 veya k\u0131r\u0131lma seviyelerini belirlemelerine yard\u0131mc\u0131 olabilecek \u00f6ng\u00f6r\u00fcc\u00fc bir ticaret stratejisidir. Bu stratejinin ana avantaj\u0131, gecikmeli bilgiler yerine anl\u0131k piyasa hareketleri hakk\u0131nda bilgi sa\u011flamas\u0131d\u0131r.<\/p><p>Bizim Pivot Noktas\u0131 Hesaplay\u0131c\u0131m\u0131z, herhangi bir finansal arac\u0131n fiyat\u0131n\u0131n pivot noktas\u0131n\u0131, \u00fc\u00e7 diren\u00e7 seviyesini ve \u00fc\u00e7 destek seviyesini do\u011fru bir \u015fekilde hesaplaman\u0131za yard\u0131mc\u0131 olabilir. Bu seviyeler, piyasan\u0131n olas\u0131 hareketlerini daha iyi anlaman\u0131za ve etkili ticaret stratejileri geli\u015ftirmenize yard\u0131mc\u0131 olabilir.<\/p>\t\t\t\t\t\t\t\t<\/div>\n\t\t\t\t<div class=\"elementor-element elementor-element-5a452a9 elementor-alert-danger elementor-widget elementor-widget-alert\" data-id=\"5a452a9\" data-element_type=\"widget\" data-widget_type=\"alert.default\">\n\t\t\t\t\t\t\t<div class=\"elementor-alert\" role=\"alert\">\n\n\t\t\t\n\t\t\t\t\t\t<span class=\"elementor-alert-description\">Pivot_Point ticaret stratejisinin etkinli\u011fi b\u00fcy\u00fck \u00f6l\u00e7\u00fcde kullan\u0131lan fiyat verilerinin do\u011frulu\u011funa ba\u011fl\u0131d\u0131r. Bu fiyat verileri (en y\u00fcksek fiyat, en d\u00fc\u015f\u00fck fiyat ve kapan\u0131\u015f fiyat\u0131 dahil) do\u011frudan \u00fcr\u00fcn\u00fcn arac\u0131 kurumunun piyasa i\u015flem saatlerinden al\u0131nmal\u0131d\u0131r, b\u00f6ylece arac\u0131 kurumun fiyat verileriyle e\u015fle\u015fmeleri sa\u011flan\u0131r.\n<br><br>\nAncak baz\u0131 perakende CFD brokerlerinin farkl\u0131 zaman dilimlerinde veri sunucular\u0131na sahip olmas\u0131, resmi piyasa ile kar\u015f\u0131la\u015ft\u0131r\u0131ld\u0131\u011f\u0131nda verilerde farkl\u0131l\u0131klara yol a\u00e7abilir. Bu durum, i\u015flem terminalindeki grafiklerin ve fiyatlar\u0131n brokerlere g\u00f6re de\u011fi\u015fmesine neden olabilir ve b\u00f6ylece pivot nokta stratejisinin sonu\u00e7lar\u0131n\u0131 etkileyebilir.\n<br><br>\nBu nedenle, pivot nokta stratejisinin etkinli\u011fini sa\u011flamak i\u00e7in, yat\u0131r\u0131mc\u0131lar\u0131n kulland\u0131klar\u0131 fiyat verilerinin do\u011fru ve g\u00fcvenilir oldu\u011fundan emin olmalar\u0131 ve bunlar\u0131n arac\u0131 kurumlar\u0131n\u0131n verileriyle e\u015fle\u015fmesi gerekmektedir. Bu, yat\u0131r\u0131mc\u0131lar\u0131n en iyi veri kaynaklar\u0131n\u0131 belirlemek i\u00e7in arac\u0131lar\u0131yla ileti\u015fim kurmalar\u0131n\u0131 gerektirebilir.<\/span>\n\t\t\t\n\t\t\t\n\t\t<\/div>\n\t\t\t\t\t\t<\/div>\n\t\t\t\t<\/div>\n\t\t\t\t<\/div>\n\t\t<div class=\"elementor-element elementor-element-e6e20af e-con-full e-flex e-con e-child\" data-id=\"e6e20af\" data-element_type=\"container\">\n\t\t\t\t<div class=\"elementor-element elementor-element-46abd96 elementor-widget__width-initial elementor-widget elementor-widget-html\" data-id=\"46abd96\" data-element_type=\"widget\" data-widget_type=\"html.default\">\n\t\t\t\t\t<div id=\"pivot-point-calculator-29446\"><script type=\"text\/javascript\" src=\"https:\/\/www.cashbackforex.com\/Content\/remote\/remote-widgets.js\"><\/script><script type=\"text\/javascript\"> RemoteCalc({\"Url\":\"https:\/\/www.cashbackforex.com\", \"TopPaneStyle\":\"YmFja2dyb3VuZDogbGluZWFyLWdyYWRpZW50KCNmZmYgMjAlLCAjZjVmNWY1IDQ1JSk7IGNvbG9yOiBibGFjazsgYm9yZGVyOiBzb2xpZCAxcHggI2FhYTsgYm9yZGVyLWJvdHRvbTogbm9uZTsg\",\"BottomPaneStyle\":\"YmFja2dyb3VuZDogI2YzZjNmMzsgYm9yZGVyOiBzb2xpZCAxcHggI2FhYTsgY29sb3I6IGJsYWNrOw==\",\"ButtonStyle\":\"YmFja2dyb3VuZDogIzM0MzU0MDsgY29sb3I6IHdoaXRlOyBib3JkZXItcmFkaXVzOiAyMHB4Ow==\",\"TitleStyle\":\"dGV4dC1hbGlnbjogbGVmdDsgZm9udC1zaXplOiAxNnB4OyBmb250LXdlaWdodDogNTAwOw==\",\"TextboxStyle\":\"YmFja2dyb3VuZC1jb2xvcjogd2hpdGU7IGNvbG9yOiBibGFjazsgYm9yZGVyOiBzb2xpZCAxcHggI2FhYWFhYQ==\",\"ContainerWidth\":\"500\",\"HighlightColor\":\"#ffff00\",\"IsDisplayTitle\":false,\"IsShowEmbedButton\":false,\"Lang\":wlang(),\"CompactType\":\"large\",\"Calculator\":\"pivot-point-calculator\",\"ContainerId\":\"pivot-point-calculator-29446\"});\n\nfunction wlang() {\n    \n\tvar lang = window.location.href;\n\n\tif (!lang) {\n\t\treturn 'en';\n\t}\n\n        if (lang.match('\/zh\/')) {\n\t\treturn 'zh';\n\n\t} else if (lang.match('\/hk\/')) {\n\t\treturn 'zh';\n\t\t\n\t} else if (lang.match('\/cn\/')) {\n\t\treturn 'zh';\n\t\t\n\t} else if (lang.match('\/en\/')) {\n\t\treturn 'en';\n\t\t\n\t} else if (lang.match('\/hi\/')) {\n\t\treturn 'en';\n\t\t\n\t} else if (lang.match('\/pt_br\/')) {\n\t\treturn 'pt';\n\t\t\n\t} else if (lang.match('\/ms\/')) {\n\t\treturn 'id';\n\t\t\n\t} else if (lang.match('\/es\/')) {\n\t\treturn 'es';\n\t\t\n\t} else if (lang.match('\/es_ar\/')) {\n\t\treturn 'es';\n\t\t\n\t} else if (lang.match('\/es_mx\/')) {\n\t\treturn 'es';\n\n\t} else if (lang.match('\/bn\/')) {\n\t\treturn 'en';\n\t\t\n\t} else if (lang.match('\/nb\/')) {\n\t\treturn 'en';\t\t\n\n\t} else if (lang.match('\/da\/')) {\n\t\treturn 'en';\n\t\t\n\t} else if (lang.match('\/nl\/')) {\n\t\treturn 'en';\n\t\t\n\t} else if (lang.match('\/sv\/')) {\n\t\treturn 'en';\n\t\t\n\t} else if (lang.match('\/uk\/')) {\n\t\treturn 'ru';\n\t\t\n\t} else if (lang.match('\/ur\/')) {\n\t\treturn 'en';\n\t\t\n\t} else if (lang.match('\/de\/')) {\n\t\treturn 'de';\n\t\t\n\t} else if (lang.match('\/fr\/')) {\n\t\treturn 'fr';\n\t\t\n\t} else if (lang.match('\/id\/')) {\n\t\treturn 'id';\n\t\t\n\t} else if (lang.match('\/it\/')) {\n\t\treturn 'it';\n\t\t\n\t} else if (lang.match('\/hu\/')) {\n\t\treturn 'hu';\n\t\t\n\t} else if (lang.match('\/pt\/')) {\n\t\treturn 'pt';\n\t\t\n\t} else if (lang.match('\/pl\/')) {\n\t\treturn 'pl';\n\t\t\n\t} else if (lang.match('\/ro\/')) {\n\t\treturn 'ro';\n\t\t\n\t} else if (lang.match('\/vi\/')) {\n\t\treturn 'vi';\n\t\t\n\t} else if (lang.match('\/tr\/')) {\n\t\treturn 'tr';\n\t\t\n\t} else if (lang.match('\/el\/')) {\n\t\treturn 'el';\n\t\t\n\t} else if (lang.match('\/ru\/')) {\n\t\treturn 'ru';\n\t\t\n\t} else if (lang.match('\/ar\/')) {\n\t\treturn 'ar';\n\t\t\n\t} else if (lang.match('\/th\/')) {\n\t\treturn 'th';\n\t\t\n\t} else if (lang.match('\/kr\/')) {\n\t\treturn 'ko';\n\t\t\n\t} else if (lang.match('\/jp\/')) {\n\t\treturn 'ja';\n\t\t\n\t} else if (lang.match('\/cs\/')) {\n\t\treturn 'cs';\n\t\t\n\t}else {\n\t\treturn 'zh';\n\t}\n}\n<\/script><\/div>\t\t\t\t<\/div>\n\t\t\t\t<\/div>\n\t\t\t\t\t<\/div>\n\t\t\t\t<\/div>\n\t\t\t\t<\/div>","protected":false},"excerpt":{"rendered":"<p>Forex piyasas\u0131nda kesin destek ve diren\u00e7 seviyelerini mi bulmak istiyorsunuz? Bizim Pivot Noktas\u0131 Hesaplay\u0131c\u0131, sizin ideal arac\u0131n\u0131zd\u0131r! \u0130ster standart, Woodie, Camarilla veya DeMark y\u00f6ntemi olsun, bir sonraki i\u015flem d\u00f6neminin kritik pivot noktalar\u0131n\u0131 kolayca hesaplaman\u0131za yard\u0131mc\u0131 olabiliriz. Tam makaleyi g\u00f6rmek i\u00e7in t\u0131klay\u0131n, daha fazla i\u015flem ipucu edinin ve i\u015flem ba\u015far\u0131 oran\u0131n\u0131z\u0131 art\u0131r\u0131n!<\/p>","protected":false},"author":1,"featured_media":23607,"parent":15462,"menu_order":0,"comment_status":"closed","ping_status":"closed","template":"","meta":{"footnotes":""},"tags":[128],"class_list":["post-15689","page","type-page","status-publish","has-post-thumbnail","hentry","tag-no-google"],"_links":{"self":[{"href":"https:\/\/mister.forex\/tr\/wp-json\/wp\/v2\/pages\/15689","targetHints":{"allow":["GET"]}}],"collection":[{"href":"https:\/\/mister.forex\/tr\/wp-json\/wp\/v2\/pages"}],"about":[{"href":"https:\/\/mister.forex\/tr\/wp-json\/wp\/v2\/types\/page"}],"author":[{"embeddable":true,"href":"https:\/\/mister.forex\/tr\/wp-json\/wp\/v2\/users\/1"}],"replies":[{"embeddable":true,"href":"https:\/\/mister.forex\/tr\/wp-json\/wp\/v2\/comments?post=15689"}],"version-history":[{"count":3,"href":"https:\/\/mister.forex\/tr\/wp-json\/wp\/v2\/pages\/15689\/revisions"}],"predecessor-version":[{"id":69187,"href":"https:\/\/mister.forex\/tr\/wp-json\/wp\/v2\/pages\/15689\/revisions\/69187"}],"up":[{"embeddable":true,"href":"https:\/\/mister.forex\/tr\/wp-json\/wp\/v2\/pages\/15462"}],"wp:featuredmedia":[{"embeddable":true,"href":"https:\/\/mister.forex\/tr\/wp-json\/wp\/v2\/media\/23607"}],"wp:attachment":[{"href":"https:\/\/mister.forex\/tr\/wp-json\/wp\/v2\/media?parent=15689"}],"wp:term":[{"taxonomy":"post_tag","embeddable":true,"href":"https:\/\/mister.forex\/tr\/wp-json\/wp\/v2\/tags?post=15689"}],"curies":[{"name":"wp","href":"https:\/\/api.w.org\/{rel}","templated":true}]}}