{"id":16663,"date":"2024-05-09T10:16:13","date_gmt":"2024-05-09T02:16:13","guid":{"rendered":"http:\/\/192.168.0.254\/?page_id=16663"},"modified":"2026-04-02T23:19:33","modified_gmt":"2026-04-02T15:19:33","slug":"fibonacci-calculator","status":"publish","type":"page","link":"https:\/\/mister.forex\/tr\/tools\/fibonacci-calculator\/","title":{"rendered":"Fibonacci Hesaplay\u0131c\u0131 | Anl\u0131k Fibonacci Hesaplay\u0131c\u0131, Destek ve Diren\u00e7 i\u00e7in"},"content":{"rendered":"<div data-elementor-type=\"wp-page\" data-elementor-id=\"16663\" class=\"elementor elementor-16663\" data-elementor-post-type=\"page\">\n\t\t\t\t<div class=\"elementor-element elementor-element-581b21e e-flex e-con-boxed e-con e-parent\" data-id=\"581b21e\" data-element_type=\"container\" data-settings=\"{&quot;background_background&quot;:&quot;classic&quot;}\">\n\t\t\t\t\t<div class=\"e-con-inner\">\n\t\t<div class=\"elementor-element elementor-element-96f071a e-flex e-con-boxed e-con e-child\" data-id=\"96f071a\" data-element_type=\"container\">\n\t\t\t\t\t<div class=\"e-con-inner\">\n\t\t\t\t<div class=\"elementor-element elementor-element-4b49364 elementor-widget elementor-widget-heading\" data-id=\"4b49364\" data-element_type=\"widget\" data-widget_type=\"heading.default\">\n\t\t\t\t\t<h1 class=\"elementor-heading-title elementor-size-default\">Fibonacci Hesaplay\u0131c\u0131<\/h1>\t\t\t\t<\/div>\n\t\t\t\t<div class=\"elementor-element elementor-element-bb99fa7 elementor-widget elementor-widget-heading\" data-id=\"bb99fa7\" data-element_type=\"widget\" data-widget_type=\"heading.default\">\n\t\t\t\t\t<h2 class=\"elementor-heading-title elementor-size-default\">Anl\u0131k Fibonacci Hesaplay\u0131c\u0131, Destek ve Diren\u00e7 i\u00e7in<\/h2>\t\t\t\t<\/div>\n\t\t\t\t\t<\/div>\n\t\t\t\t<\/div>\n\t\t\t\t<div class=\"elementor-element elementor-element-c391668 elementor-widget__width-inherit elementor-absolute elementor-widget elementor-widget-image\" data-id=\"c391668\" data-element_type=\"widget\" data-settings=\"{&quot;_position&quot;:&quot;absolute&quot;}\" data-widget_type=\"image.default\">\n\t\t\t\t\t\t\t\t\t\t\t\t\t\t\t<img fetchpriority=\"high\" decoding=\"async\" width=\"500\" height=\"281\" src=\"https:\/\/mister.forex\/wp-content\/uploads\/2024\/02\/9-500x281.webp\" class=\"attachment-medium size-medium wp-image-4081\" alt=\"\" srcset=\"https:\/\/mister.forex\/wp-content\/uploads\/2024\/02\/9-500x281.webp 500w, https:\/\/mister.forex\/wp-content\/uploads\/2024\/02\/9-600x337.webp 600w, https:\/\/mister.forex\/wp-content\/uploads\/2024\/02\/9-1200x675.webp 1200w, https:\/\/mister.forex\/wp-content\/uploads\/2024\/02\/9-300x169.webp 300w, https:\/\/mister.forex\/wp-content\/uploads\/2024\/02\/9-768x432.webp 768w, https:\/\/mister.forex\/wp-content\/uploads\/2024\/02\/9.webp 1366w\" sizes=\"(max-width: 500px) 100vw, 500px\" \/>\t\t\t\t\t\t\t\t\t\t\t\t\t\t\t<\/div>\n\t\t\t\t\t<\/div>\n\t\t\t\t<\/div>\n\t\t<div class=\"elementor-element elementor-element-2be8f0c e-flex e-con-boxed e-con e-parent\" data-id=\"2be8f0c\" data-element_type=\"container\">\n\t\t\t\t\t<div class=\"e-con-inner\">\n\t\t<div class=\"elementor-element elementor-element-da76163 e-con-full e-flex e-con e-child\" data-id=\"da76163\" data-element_type=\"container\">\n\t\t<div class=\"elementor-element elementor-element-e4ed029 e-con-full e-flex e-con e-child\" data-id=\"e4ed029\" data-element_type=\"container\">\n\t\t\t\t<div class=\"elementor-element elementor-element-18d29fb elementor-widget elementor-widget-text-editor\" data-id=\"18d29fb\" data-element_type=\"widget\" data-widget_type=\"text-editor.default\">\n\t\t\t\t\t\t\t\t\t<h2><strong>Kullan\u0131m Talimatlar\u0131<\/strong><\/h2><h3><strong>Giri\u015f Se\u00e7enekleri<\/strong><\/h3><p><strong><span style=\"text-decoration: underline;\">Trend y\u00f6n\u00fc<\/span>:&nbsp;<\/strong>\"Yukar\u0131\" veya \"A\u015fa\u011f\u0131\" se\u00e7erek y\u00fckselen veya d\u00fc\u015fen bir trendi sim\u00fcle edin.<\/p><p><strong><span style=\"text-decoration: underline;\">D\u00fczelme \/ \u00d6ng\u00f6r\u00fcm<\/span>:&nbsp;<\/strong>\"Retracement\" se\u00e7ene\u011fini se\u00e7erek fiyat\u0131n trend i\u00e7indeki geri \u00e7ekilme noktalar\u0131n\u0131 hesaplay\u0131n veya \"Extension\" se\u00e7ene\u011fini se\u00e7erek fiyat\u0131n k\u0131r\u0131lmadan sonraki hedef noktalar\u0131n\u0131 hesaplay\u0131n.<\/p><p><strong><span style=\"text-decoration: underline;\">En d\u00fc\u015f\u00fck fiyat<\/span>:&nbsp;<\/strong>Y\u00fckseli\u015f trendinde, bu fiyat geri \u00e7ekilmesinin en d\u00fc\u015f\u00fck noktas\u0131d\u0131r. D\u00fc\u015f\u00fc\u015f trendinde, bu fiyat\u0131n ula\u015ft\u0131\u011f\u0131 en d\u00fc\u015f\u00fck noktad\u0131r.<\/p><p><strong><span style=\"text-decoration: underline;\">En y\u00fcksek fiyat<\/span>:&nbsp;<\/strong>Y\u00fckseli\u015f trendinde, bu fiyat\u0131n ula\u015ft\u0131\u011f\u0131 en y\u00fcksek noktad\u0131r. D\u00fc\u015f\u00fc\u015f trendinde, bu fiyat\u0131n geri s\u0131\u00e7rad\u0131\u011f\u0131 en y\u00fcksek noktad\u0131r.<\/p><p>\u203b <span style=\"text-decoration: underline;\"><strong>Son fiyat<\/strong><\/span><strong>:&nbsp;<\/strong>Beklenen fiyat hedefini girin. Bu say\u0131 genellikle fiyat\u0131n mevcut piyasa trendine g\u00f6re ula\u015faca\u011f\u0131n\u0131 tahmin etti\u011finiz bir sonraki y\u00fcksek veya d\u00fc\u015f\u00fck noktad\u0131r.<\/p>\t\t\t\t\t\t\t\t<\/div>\n\t\t\t\t<div class=\"elementor-element elementor-element-3e0b4e6 elementor-widget elementor-widget-text-editor\" data-id=\"3e0b4e6\" data-element_type=\"widget\" data-widget_type=\"text-editor.default\">\n\t\t\t\t\t\t\t\t\t<h3><strong>\u0130\u015flem Ad\u0131mlar\u0131<\/strong><\/h3><p>Trend y\u00f6n\u00fcn\u00fc se\u00e7in. \u00d6rne\u011fin, EUR\/USD i\u00e7in Fibonacci geri \u00e7ekilme seviyelerini hesaplamak i\u00e7in \"yukar\u0131\" trend y\u00f6n\u00fcn\u00fc se\u00e7in.<\/p><p>\"Retracement\" se\u00e7ene\u011fini i\u015faretleyin, hesaplay\u0131c\u0131n\u0131n geri \u00e7ekilme seviyelerini hesaplamas\u0131n\u0131 belirtin.<\/p><p>D\u00fc\u015f\u00fck fiyat ve y\u00fcksek fiyat girin. \u00d6rne\u011fin, d\u00fc\u015f\u00fck fiyat 1.16653, y\u00fcksek fiyat 1.20552.<\/p>\t\t\t\t\t\t\t\t<\/div>\n\t\t\t\t<div class=\"elementor-element elementor-element-4799a02 elementor-widget elementor-widget-text-editor\" data-id=\"4799a02\" data-element_type=\"widget\" data-widget_type=\"text-editor.default\">\n\t\t\t\t\t\t\t\t\t<h3><strong>Hesaplama Sonucu<\/strong><\/h3><p>Fibonacci Hesaplay\u0131c\u0131, d\u00f6viz \u00e7iftinin Geri \u00c7ekilme seviyelerini hesaplayacak ve g\u00f6sterecektir. Bu seviyeler, Enstr\u00fcman fiyat hareketinin iki u\u00e7 noktas\u0131n\u0131 (en d\u00fc\u015f\u00fck veya en y\u00fcksek dalgalanma, ya da basit\u00e7e A noktas\u0131 ve B noktas\u0131) alarak ve dikey mesafeyi ana Fibonacci oranlar\u0131 23.6%, 38.2%, 50%, 61.8% ile b\u00f6lerek olu\u015fturulmaktad\u0131r.<\/p><p>\u00d6rne\u011fin, bir y\u00fckseli\u015f trendinde, EUR\/USD'nin en d\u00fc\u015f\u00fck dalgalanmas\u0131 (A noktas\u0131) 1.16653, fiyat hareketi en y\u00fcksek noktaya 1.20552'ye (B noktas\u0131) y\u00fckselmi\u015ftir. Bu verileri girdikten sonra, hesaplay\u0131c\u0131 her bir geri \u00e7ekilme seviyesinin Fibonacci geri \u00e7ekilme seviyelerini g\u00f6sterecektir.<\/p><p>Varsay\u0131lan olarak, hesaplay\u0131c\u0131 geri \u00e7ekilme seviyelerini g\u00f6sterecektir. Tahmin (geni\u015fletme) seviyeleri i\u00e7in, yat\u0131r\u0131mc\u0131lar \"son fiyat\" alan\u0131n\u0131 doldurmal\u0131d\u0131r, hesaplay\u0131c\u0131 birden fazla olas\u0131 tahmin seviyesini (maksimum 161.8%) g\u00f6sterecektir.<\/p>\t\t\t\t\t\t\t\t<\/div>\n\t\t\t\t<div class=\"elementor-element elementor-element-353ada7 elementor-widget elementor-widget-text-editor\" data-id=\"353ada7\" data-element_type=\"widget\" data-widget_type=\"text-editor.default\">\n\t\t\t\t\t\t\t\t\t<h2><strong>Fibonacci seviyeleri nedir?<\/strong><\/h2><p>Fibonacci seviyeleri, finansal piyasalarda \u00fcr\u00fcn fiyat davran\u0131\u015f\u0131n\u0131 analiz etmenin yayg\u0131n bir yoludur. Bu, gizemli bir oran veya fiyat modeli de\u011fildir; bunun yerine, kendi kendini ger\u00e7ekle\u015ftirme derecesine ba\u011fl\u0131 olarak etkili bir analiz arac\u0131d\u0131r.<\/p><p>Fibonacci seviyeleri esasen iki t\u00fcrd\u00fcr:&nbsp;geri \u00e7ekilme ve geni\u015fletme. Geri \u00e7ekilme seviyeleri, fiyat yeni bir zirveye (y\u00fckseli\u015f trendi) veya yeni bir dip seviyesine (d\u00fc\u015f\u00fc\u015f trendi) ula\u015ft\u0131ktan sonra ve trader'lar\u0131n trendin ge\u00e7ici olarak sona erebilece\u011fini d\u00fc\u015f\u00fcnd\u00fc\u011f\u00fc durumlarda kullan\u0131l\u0131r. Piyasa ayarlama veya konsolidasyon a\u015famas\u0131na girdi\u011finde, s\u00f6zde Fibonacci geri \u00e7ekilme seviyeleri ortaya \u00e7\u0131kar.<\/p><p><strong>Ana Fibonacci geri \u00e7ekilme seviyeleri 0.236, 0.382, 0.500, 0.618 ve 0.764't\u00fcr.<\/strong><\/p><p>\u00d6te yandan, Fibonacci geni\u015fletme seviyeleri, fiyat\u0131n orijinal aral\u0131\u011f\u0131n\u0131 a\u015fabilece\u011fi ve trend y\u00f6n\u00fcnde devam edebilece\u011fi dereceleri tahmin etmek i\u00e7in kullan\u0131l\u0131r. Piyasa fiyat\u0131, bir Fibonacci geri \u00e7ekilme seviyesine geri \u00e7ekilebilir ve ard\u0131ndan temel trend y\u00f6n\u00fcnde hareket etmeye devam ederek yeni zirveler veya dipler olu\u015fturabilir. Alternatif olarak, konsolidasyon d\u00f6neminin ard\u0131ndan, ana trend y\u00f6n\u00fcnde hareket etmeye devam edebilir ve herhangi bir Fibonacci geri \u00e7ekilme seviyesine dokunmayabilir.<\/p><p><strong>Ana Fibonacci geni\u015fletme seviyeleri 0.382, 0.618, 1.000, 1.382 ve 1.618'dir.<\/strong><\/p><p>Alt\u0131n oran gibi, Fibonacci oranlar\u0131n\u0131n da sihirli veya evrensel bir kural\u0131 yoktur. Bunlar, matematik\u00e7iler taraf\u0131ndan ke\u015ffedilen ilgin\u00e7 oranlard\u0131r ve daha sonra traderlar taraf\u0131ndan benimsenmi\u015ftir.<\/p><p>Fibonacci oranlar\u0131, d\u00fcnya genelinde bir\u00e7ok profesyonel trader dahil olmak \u00fczere yayg\u0131n olarak kullan\u0131ld\u0131\u011f\u0131ndan, bir\u00e7ok ki\u015fi bu seviyelerde al\u0131m ve\/veya sat\u0131m yapmaktad\u0131r; bu nedenle Fibonacci seviyeleri olduk\u00e7a etkili olabilir.<\/p>\t\t\t\t\t\t\t\t<\/div>\n\t\t\t\t<\/div>\n\t\t<div class=\"elementor-element elementor-element-012fcfe e-con-full e-flex e-con e-child\" data-id=\"012fcfe\" data-element_type=\"container\">\n\t\t\t\t<div class=\"elementor-element elementor-element-af3faae elementor-widget__width-initial elementor-widget elementor-widget-html\" data-id=\"af3faae\" data-element_type=\"widget\" data-widget_type=\"html.default\">\n\t\t\t\t\t<div id=\"fibonacci-calculator-386315\"><script type=\"text\/javascript\" src=\"https:\/\/www.cashbackforex.com\/Content\/remote\/remote-widgets.js\"><\/script><script type=\"text\/javascript\"> RemoteCalc({\"Url\":\"https:\/\/www.cashbackforex.com\", \"TopPaneStyle\":\"YmFja2dyb3VuZDogbGluZWFyLWdyYWRpZW50KCNmZmYgMjAlLCAjZjVmNWY1IDQ1JSk7IGNvbG9yOiBibGFjazsgYm9yZGVyOiBzb2xpZCAxcHggI2FhYTsgYm9yZGVyLWJvdHRvbTogbm9uZTsg\",\"BottomPaneStyle\":\"YmFja2dyb3VuZDogI2YzZjNmMzsgYm9yZGVyOiBzb2xpZCAxcHggI2FhYTsgY29sb3I6IGJsYWNrOw==\",\"ButtonStyle\":\"YmFja2dyb3VuZDogIzM0MzU0MDsgY29sb3I6IHdoaXRlOyBib3JkZXItcmFkaXVzOiAyMHB4Ow==\",\"TitleStyle\":\"dGV4dC1hbGlnbjogbGVmdDsgZm9udC1zaXplOiAxNnB4OyBmb250LXdlaWdodDogNTAwOw==\",\"TextboxStyle\":\"YmFja2dyb3VuZC1jb2xvcjogd2hpdGU7IGNvbG9yOiBibGFjazsgYm9yZGVyOiBzb2xpZCAxcHggI2FhYWFhYQ==\",\"HighlightColor\":\"#ffff00\",\"IsDisplayTitle\":false,\"IsShowEmbedButton\":false,\"Lang\":wlang(),\"CompactType\":\"large\",\"Calculator\":\"fibonacci-calculator\",\"ContainerId\":\"fibonacci-calculator-386315\"});\n\nfunction wlang() {\n    \n\tvar lang = window.location.href;\n\n\tif (!lang) {\n\t\treturn 'en';\n\t}\n\n        if (lang.match('\/zh\/')) {\n\t\treturn 'zh';\n\n\t} else if (lang.match('\/hk\/')) {\n\t\treturn 'zh';\n\t\t\n\t} else if (lang.match('\/cn\/')) {\n\t\treturn 'zh';\n\t\t\n\t} else if (lang.match('\/en\/')) {\n\t\treturn 'en';\n\t\t\n\t} else if (lang.match('\/hi\/')) {\n\t\treturn 'en';\n\t\t\n\t} else if (lang.match('\/pt_br\/')) {\n\t\treturn 'pt';\n\t\t\n\t} else if (lang.match('\/ms\/')) {\n\t\treturn 'id';\n\t\t\n\t} else if (lang.match('\/es\/')) {\n\t\treturn 'es';\n\t\t\n\t} else if (lang.match('\/es_ar\/')) {\n\t\treturn 'es';\n\t\t\n\t} else if (lang.match('\/es_mx\/')) {\n\t\treturn 'es';\n\n\t} else if (lang.match('\/bn\/')) {\n\t\treturn 'en';\n\t\t\n\t} else if (lang.match('\/nb\/')) {\n\t\treturn 'en';\t\t\n\n\t} else if (lang.match('\/da\/')) {\n\t\treturn 'en';\n\t\t\n\t} else if (lang.match('\/nl\/')) {\n\t\treturn 'en';\n\t\t\n\t} else if (lang.match('\/sv\/')) {\n\t\treturn 'en';\n\t\t\n\t} else if (lang.match('\/uk\/')) {\n\t\treturn 'ru';\n\t\t\n\t} else if (lang.match('\/ur\/')) {\n\t\treturn 'en';\n\t\t\n\t} else if (lang.match('\/de\/')) {\n\t\treturn 'de';\n\t\t\n\t} else if (lang.match('\/fr\/')) {\n\t\treturn 'fr';\n\t\t\n\t} else if (lang.match('\/id\/')) {\n\t\treturn 'id';\n\t\t\n\t} else if (lang.match('\/it\/')) {\n\t\treturn 'it';\n\t\t\n\t} else if (lang.match('\/hu\/')) {\n\t\treturn 'hu';\n\t\t\n\t} else if (lang.match('\/pt\/')) {\n\t\treturn 'pt';\n\t\t\n\t} else if (lang.match('\/pl\/')) {\n\t\treturn 'pl';\n\t\t\n\t} else if (lang.match('\/ro\/')) {\n\t\treturn 'ro';\n\t\t\n\t} else if (lang.match('\/vi\/')) {\n\t\treturn 'vi';\n\t\t\n\t} else if (lang.match('\/tr\/')) {\n\t\treturn 'tr';\n\t\t\n\t} else if (lang.match('\/el\/')) {\n\t\treturn 'el';\n\t\t\n\t} else if (lang.match('\/ru\/')) {\n\t\treturn 'ru';\n\t\t\n\t} else if (lang.match('\/ar\/')) {\n\t\treturn 'ar';\n\t\t\n\t} else if (lang.match('\/th\/')) {\n\t\treturn 'th';\n\t\t\n\t} else if (lang.match('\/kr\/')) {\n\t\treturn 'ko';\n\t\t\n\t} else if (lang.match('\/jp\/')) {\n\t\treturn 'ja';\n\t\t\n\t} else if (lang.match('\/cs\/')) {\n\t\treturn 'cs';\n\t\t\n\t}else {\n\t\treturn 'zh';\n\t}\n}\n<\/script><\/div>\t\t\t\t<\/div>\n\t\t\t\t<\/div>\n\t\t\t\t<\/div>\n\t\t\t\t\t<\/div>\n\t\t\t\t<\/div>\n\t\t\t\t<\/div>","protected":false},"excerpt":{"rendered":"<p>Finans piyasas\u0131nda fiyat hareketlerini do\u011fru bir \u015fekilde tahmin etmek mi istiyorsunuz? Bizim Fibonacci Hesaplay\u0131c\u0131m\u0131z en iyi yard\u0131mc\u0131n\u0131z! \u0130ster Geri \u00c7ekilme ister geni\u015fletme olsun, kritik Fibonacci seviyelerini kolayca hesaplaman\u0131za yard\u0131mc\u0131 olabiliriz. Bu verileri etkili ticaret stratejileri geli\u015ftirmek i\u00e7in nas\u0131l kullanaca\u011f\u0131n\u0131z\u0131 \u00f6\u011frenin ve fiyat verilerinizin piyasa ile senkronize olmas\u0131n\u0131 sa\u011flay\u0131n. Tam makaleyi g\u00f6rmek i\u00e7in t\u0131klay\u0131n, daha fazla ticaret ipucu edinin ve ticaret ba\u015far\u0131 oran\u0131n\u0131z\u0131 art\u0131r\u0131n!<\/p>","protected":false},"author":1,"featured_media":23603,"parent":15462,"menu_order":0,"comment_status":"closed","ping_status":"closed","template":"","meta":{"footnotes":""},"tags":[128],"class_list":["post-16663","page","type-page","status-publish","has-post-thumbnail","hentry","tag-no-google"],"_links":{"self":[{"href":"https:\/\/mister.forex\/tr\/wp-json\/wp\/v2\/pages\/16663","targetHints":{"allow":["GET"]}}],"collection":[{"href":"https:\/\/mister.forex\/tr\/wp-json\/wp\/v2\/pages"}],"about":[{"href":"https:\/\/mister.forex\/tr\/wp-json\/wp\/v2\/types\/page"}],"author":[{"embeddable":true,"href":"https:\/\/mister.forex\/tr\/wp-json\/wp\/v2\/users\/1"}],"replies":[{"embeddable":true,"href":"https:\/\/mister.forex\/tr\/wp-json\/wp\/v2\/comments?post=16663"}],"version-history":[{"count":3,"href":"https:\/\/mister.forex\/tr\/wp-json\/wp\/v2\/pages\/16663\/revisions"}],"predecessor-version":[{"id":69196,"href":"https:\/\/mister.forex\/tr\/wp-json\/wp\/v2\/pages\/16663\/revisions\/69196"}],"up":[{"embeddable":true,"href":"https:\/\/mister.forex\/tr\/wp-json\/wp\/v2\/pages\/15462"}],"wp:featuredmedia":[{"embeddable":true,"href":"https:\/\/mister.forex\/tr\/wp-json\/wp\/v2\/media\/23603"}],"wp:attachment":[{"href":"https:\/\/mister.forex\/tr\/wp-json\/wp\/v2\/media?parent=16663"}],"wp:term":[{"taxonomy":"post_tag","embeddable":true,"href":"https:\/\/mister.forex\/tr\/wp-json\/wp\/v2\/tags?post=16663"}],"curies":[{"name":"wp","href":"https:\/\/api.w.org\/{rel}","templated":true}]}}