{"id":57343,"date":"2025-08-10T20:01:39","date_gmt":"2025-08-10T12:01:39","guid":{"rendered":"http:\/\/test.swqi.tw\/?page_id=57343"},"modified":"2025-12-03T03:34:46","modified_gmt":"2025-12-02T19:34:46","slug":"forex-market-structure-101","status":"publish","type":"page","link":"https:\/\/mister.forex\/tr\/forex-market-structure-101\/","title":{"rendered":"Forex Piyasas\u0131 Yap\u0131s\u0131:&nbsp;\u00dccretsiz E-Kitap \u0130ndir | Mr.Forex"},"content":{"rendered":"<div data-elementor-type=\"wp-page\" data-elementor-id=\"57343\" class=\"elementor elementor-57343\" data-elementor-post-type=\"page\">\n\t\t\t\t<div class=\"elementor-element elementor-element-67805e7 e-flex e-con-boxed e-con e-parent\" data-id=\"67805e7\" data-element_type=\"container\">\n\t\t\t\t\t<div class=\"e-con-inner\">\n\t\t\t\t<div class=\"elementor-element elementor-element-1150040 elementor-icon-list--layout-inline elementor-list-item-link-inline elementor-widget elementor-widget-icon-list\" data-id=\"1150040\" data-element_type=\"widget\" data-widget_type=\"icon-list.default\">\n\t\t\t\t\t\t\t<ul class=\"elementor-icon-list-items elementor-inline-items\">\n\t\t\t\t\t\t\t<li class=\"elementor-icon-list-item elementor-inline-item\">\n\t\t\t\t\t\t\t\t\t\t\t<a href=\"https:\/\/mister.forex\/tr\/ebook-hub\/\">\n\n\t\t\t\t\t\t\t\t\t\t\t\t<span class=\"elementor-icon-list-icon\">\n\t\t\t\t\t\t\t<svg aria-hidden=\"true\" class=\"e-font-icon-svg e-fas-reply\" viewbox=\"0 0 512 512\" xmlns=\"http:\/\/www.w3.org\/2000\/svg\"><path d=\"M8.309 189.836L184.313 37.851C199.719 24.546 224 35.347 224 56.015v80.053c160.629 1.839 288 34.032 288 186.258 0 61.441-39.581 122.309-83.333 154.132-13.653 9.931-33.111-2.533-28.077-18.631 45.344-145.012-21.507-183.51-176.59-185.742V360c0 20.7-24.3 31.453-39.687 18.164l-176.004-152c-11.071-9.562-11.086-26.753 0-36.328z\"><\/path><\/svg>\t\t\t\t\t\t<\/span>\n\t\t\t\t\t\t\t\t\t\t<span class=\"elementor-icon-list-text\">\u00d6nceki Sayfa<\/span>\n\t\t\t\t\t\t\t\t\t\t\t<\/a>\n\t\t\t\t\t\t\t\t\t<\/li>\n\t\t\t\t\t\t<\/ul>\n\t\t\t\t\t\t<\/div>\n\t\t\t\t\t<\/div>\n\t\t\t\t<\/div>\n\t\t<div class=\"elementor-element elementor-element-73c6844 e-flex e-con-boxed e-con e-parent\" data-id=\"73c6844\" data-element_type=\"container\" data-settings=\"{&quot;background_background&quot;:&quot;classic&quot;}\">\n\t\t\t\t\t<div class=\"e-con-inner\">\n\t\t<div class=\"elementor-element elementor-element-78b05d9 e-con-full e-flex e-con e-child\" data-id=\"78b05d9\" data-element_type=\"container\" data-settings=\"{&quot;background_background&quot;:&quot;classic&quot;}\">\n\t\t\t\t<div class=\"elementor-element elementor-element-de85dcd elementor-widget elementor-widget-image\" data-id=\"de85dcd\" data-element_type=\"widget\" data-settings=\"{&quot;_animation&quot;:&quot;none&quot;}\" data-widget_type=\"image.default\">\n\t\t\t\t\t\t\t\t\t\t\t\t\t\t\t<img fetchpriority=\"high\" decoding=\"async\" width=\"188\" height=\"300\" src=\"https:\/\/mister.forex\/wp-content\/uploads\/2025\/08\/Book-1-Mockup-EN.webp\" class=\"attachment-thumbnail size-thumbnail wp-image-57291\" alt=\"Forex Piyasas\u0131 Yap\u0131s\u0131\" srcset=\"https:\/\/mister.forex\/wp-content\/uploads\/2025\/08\/Book-1-Mockup-EN.webp 1410w, https:\/\/mister.forex\/wp-content\/uploads\/2025\/08\/Book-1-Mockup-EN-313x500.webp 313w, https:\/\/mister.forex\/wp-content\/uploads\/2025\/08\/Book-1-Mockup-EN-752x1200.webp 752w, https:\/\/mister.forex\/wp-content\/uploads\/2025\/08\/Book-1-Mockup-EN-188x300.webp 188w, https:\/\/mister.forex\/wp-content\/uploads\/2025\/08\/Book-1-Mockup-EN-768x1226.webp 768w, https:\/\/mister.forex\/wp-content\/uploads\/2025\/08\/Book-1-Mockup-EN-963x1536.webp 963w, https:\/\/mister.forex\/wp-content\/uploads\/2025\/08\/Book-1-Mockup-EN-1283x2048.webp 1283w, https:\/\/mister.forex\/wp-content\/uploads\/2025\/08\/Book-1-Mockup-EN-8x12.webp 8w, https:\/\/mister.forex\/wp-content\/uploads\/2025\/08\/Book-1-Mockup-EN-600x957.webp 600w\" sizes=\"(max-width: 188px) 100vw, 188px\" \/>\t\t\t\t\t\t\t\t\t\t\t\t\t\t\t<\/div>\n\t\t\t\t<div class=\"elementor-element elementor-element-b2d0fcb elementor-align-center elementor-widget elementor-widget-button\" data-id=\"b2d0fcb\" data-element_type=\"widget\" data-widget_type=\"button.default\">\n\t\t\t\t\t\t\t\t\t\t<a class=\"elementor-button elementor-button-link elementor-size-sm\" href=\"https:\/\/1drv.ms\/f\/c\/7c6c551c74c8b8b2\/EgQPKr9lq_JHr6c0ivFHwV8Blty7mnnxYcMKsLlHwFaHaw?e=VWE8uf\" target=\"_blank\" rel=\"noopener\">\n\t\t\t\t\t\t<span class=\"elementor-button-content-wrapper\">\n\t\t\t\t\t\t\t\t\t<span class=\"elementor-button-text\">\u015eimdi \u0130ndir<\/span>\n\t\t\t\t\t<\/span>\n\t\t\t\t\t<\/a>\n\t\t\t\t\t\t\t\t<\/div>\n\t\t\t\t<div class=\"elementor-element elementor-element-18919db elementor-widget elementor-widget-heading\" data-id=\"18919db\" data-element_type=\"widget\" data-widget_type=\"heading.default\">\n\t\t\t\t\t<span class=\"elementor-heading-title elementor-size-default\">Desteklenen Diller<\/span>\t\t\t\t<\/div>\n\t\t<div class=\"elementor-element elementor-element-74d7abe e-con-full e-flex e-con e-child\" data-id=\"74d7abe\" data-element_type=\"container\">\n\t\t\t\t<div class=\"elementor-element elementor-element-174c14a elementor-align-center elementor-widget elementor-widget-button\" data-id=\"174c14a\" data-element_type=\"widget\" data-widget_type=\"button.default\">\n\t\t\t\t\t\t\t\t\t\t<a class=\"elementor-button elementor-size-sm\" role=\"button\">\n\t\t\t\t\t\t<span class=\"elementor-button-content-wrapper\">\n\t\t\t\t\t\t\t\t\t<span class=\"elementor-button-text\">\u7b80\u4f53\u4e2d\u6587<\/span>\n\t\t\t\t\t<\/span>\n\t\t\t\t\t<\/a>\n\t\t\t\t\t\t\t\t<\/div>\n\t\t\t\t<div class=\"elementor-element elementor-element-4f640e0 elementor-align-center elementor-widget elementor-widget-button\" data-id=\"4f640e0\" data-element_type=\"widget\" data-widget_type=\"button.default\">\n\t\t\t\t\t\t\t\t\t\t<a class=\"elementor-button elementor-size-sm\" role=\"button\">\n\t\t\t\t\t\t<span class=\"elementor-button-content-wrapper\">\n\t\t\t\t\t\t\t\t\t<span class=\"elementor-button-text\">\u7e41\u9ad4\u4e2d\u6587<\/span>\n\t\t\t\t\t<\/span>\n\t\t\t\t\t<\/a>\n\t\t\t\t\t\t\t\t<\/div>\n\t\t\t\t<div class=\"elementor-element elementor-element-f5d914d elementor-align-center elementor-widget elementor-widget-button\" data-id=\"f5d914d\" data-element_type=\"widget\" data-widget_type=\"button.default\">\n\t\t\t\t\t\t\t\t\t\t<a class=\"elementor-button elementor-size-sm\" role=\"button\">\n\t\t\t\t\t\t<span class=\"elementor-button-content-wrapper\">\n\t\t\t\t\t\t\t\t\t<span class=\"elementor-button-text\">English<\/span>\n\t\t\t\t\t<\/span>\n\t\t\t\t\t<\/a>\n\t\t\t\t\t\t\t\t<\/div>\n\t\t\t\t<\/div>\n\t\t\t\t<\/div>\n\t\t<div class=\"elementor-element elementor-element-1c29e47 e-con-full e-flex e-con e-child\" data-id=\"1c29e47\" data-element_type=\"container\" data-settings=\"{&quot;background_background&quot;:&quot;classic&quot;}\">\n\t\t<div class=\"elementor-element elementor-element-1a75d62 e-con-full e-flex e-con e-child\" data-id=\"1a75d62\" data-element_type=\"container\">\n\t\t\t\t<div class=\"elementor-element elementor-element-ff219a2 elementor-widget elementor-widget-heading\" data-id=\"ff219a2\" data-element_type=\"widget\" data-widget_type=\"heading.default\">\n\t\t\t\t\t<h2 class=\"elementor-heading-title elementor-size-default\">Forex Piyasas\u0131 Yap\u0131s\u0131<\/h2>\t\t\t\t<\/div>\n\t\t\t\t<div class=\"elementor-element elementor-element-ba1b765 elementor-widget elementor-widget-heading\" data-id=\"ba1b765\" data-element_type=\"widget\" data-widget_type=\"heading.default\">\n\t\t\t\t\t<h3 class=\"elementor-heading-title elementor-size-default\">Tahminlere veda edin! Hemen bu \u00fccretsiz rehberi indirin ve profesyonel traderlar\u0131n kulland\u0131\u011f\u0131 \"piyasa yap\u0131s\u0131\" analiz y\u00f6ntemini \u00f6\u011frenin.<\/h3>\t\t\t\t<\/div>\n\t\t\t\t<div class=\"elementor-element elementor-element-8cec964 elementor-widget elementor-widget-heading\" data-id=\"8cec964\" data-element_type=\"widget\" data-widget_type=\"heading.default\">\n\t\t\t\t\t<h3 class=\"elementor-heading-title elementor-size-default\">Ticaret yeni ba\u015flayanlar i\u00e7in \u00f6zel olarak tasarlanm\u0131\u015ft\u0131r, ad\u0131m ad\u0131m size trendleri anlamay\u0131, \u00f6nemli d\u00f6n\u00fc\u015f noktalar\u0131n\u0131 tan\u0131mlamay\u0131 \u00f6\u011fretir ve ticaretiniz i\u00e7in sa\u011flam bir analiz temeli olu\u015fturur.<\/h3>\t\t\t\t<\/div>\n\t\t\t\t<div class=\"elementor-element elementor-element-960527b elementor-widget-divider--view-line elementor-widget elementor-widget-divider\" data-id=\"960527b\" data-element_type=\"widget\" data-widget_type=\"divider.default\">\n\t\t\t\t\t\t\t<div class=\"elementor-divider\">\n\t\t\t<span class=\"elementor-divider-separator\">\n\t\t\t\t\t\t<\/span>\n\t\t<\/div>\n\t\t\t\t\t\t<\/div>\n\t\t\t\t<\/div>\n\t\t\t\t<div class=\"elementor-element elementor-element-e24f4fc elementor-widget elementor-widget-html translation-block\" data-id=\"e24f4fc\" data-element_type=\"widget\" data-widget_type=\"html.default\"><div style=\"16px\"><span>\n<h3><strong>Bu zorluklarla kar\u015f\u0131la\u015ft\u0131n\u0131z m\u0131?<\/strong>&nbsp;<\/h3>\n<ul>\n <li>K \u00e7izelgesinin yukar\u0131 ve a\u015fa\u011f\u0131 dalgalanmas\u0131n\u0131 izliyor, ancak hi\u00e7 y\u00f6n hissi bulam\u0131yor musunuz?<\/li>\n <li>Ba\u015fkalar\u0131n\u0131n HH, LL, BOS, CHOCH tart\u0131\u015fmalar\u0131n\u0131 dinlerken, sanki yabanc\u0131 bir dil duyuyormu\u015f gibi mi hissediyorsunuz?<\/li>\n <li>Al\u0131m sat\u0131m kararlar\u0131n\u0131z daha \u00e7ok his ve umutlara m\u0131 dayan\u0131yor, nesnel analizlere de\u011fil mi?<\/li>\n<\/ul>\n<br>\n\n<!-- Section:&nbsp;\u00c7\u00f6z\u00fcm ve D\u00f6n\u00fc\u015f\u00fcm (Solution &amp; Transformation) -->\n<h3><strong>Piyasa yap\u0131s\u0131n\u0131 kavramak, ticaret kariyerinizdeki ilk d\u00f6n\u00fcm noktas\u0131d\u0131r<\/strong>&nbsp;<\/h3>\nKarma\u015f\u0131k grafiklerin arkas\u0131nda asl\u0131nda net bir d\u00fczen gizlidir.<br>\nBu \u00fccretsiz Forex Piyasas\u0131 Yap\u0131s\u0131 rehberi, piyasay\u0131 okuma dilini sistematik olarak size \u00f6\u011fretmek i\u00e7in haz\u0131rland\u0131.<br>\n<br>\n<h4><strong>Bu kitab\u0131 okuduktan sonra \u015funlar\u0131 yapabileceksiniz:<\/strong>&nbsp;<\/h4>\n<ul>\n <li><strong>Trendleri net bir \u015fekilde de\u011ferlendirmek:<\/strong>&nbsp;Piyasan\u0131n \u015fu anda al\u0131c\u0131 m\u0131 yoksa sat\u0131c\u0131 m\u0131 taraf\u0131ndan y\u00f6netildi\u011fini hemen anlayabilirsiniz.<\/li>\n <li><strong>Anahtar sinyalleri tan\u0131mak:<\/strong>&nbsp;BOS ve CHOCH kullanarak trendin devam\u0131n\u0131 ve potansiyel d\u00f6n\u00fc\u015flerini \u00f6\u011frenirsiniz.<\/li>\n <li><strong>Analiz \u00e7er\u00e7evesi olu\u015fturmak:<\/strong>&nbsp;Herhangi bir piyasada uygulayabilece\u011finiz nesnel bir analiz s\u00fcreci kazan\u0131rs\u0131n\u0131z.<\/li>\n<\/ul>\n<br>\n\n<!-- Section:&nbsp;E-kitap \u0130\u00e7eri\u011fi \u00d6nizlemesi (What's Inside) -->\n<h4><strong>Bu rehberde \u015funlar\u0131 \u00f6\u011freneceksiniz:<\/strong>&nbsp;<\/h4>\n<ul>\n <li><strong>B\u00f6l\u00fcm 1:<\/strong>&nbsp;Piyasan\u0131n \u00fc\u00e7 temel durumu:&nbsp;y\u00fckseli\u015f, d\u00fc\u015f\u00fc\u015f ve konsolidasyon<\/li>\n <li><strong>B\u00f6l\u00fcm 2:<\/strong>&nbsp;Trendin iki anahtar sinyalini do\u011frulama:&nbsp;BOS ve CHOCH<\/li>\n <li><strong>B\u00f6l\u00fcm 3:<\/strong>&nbsp;Pratik uygulama:&nbsp;Piyasa yap\u0131s\u0131 grafi\u011finizi \u00fc\u00e7 ad\u0131mda \u00e7izme<\/li>\n<\/ul>\n<\/span><\/div><\/div>\n\t\t\t\t<\/div>\n\t\t\t\t\t<\/div>\n\t\t\t\t<\/div>\n\t\t\t\t<\/div>","protected":false},"excerpt":{"rendered":"<p>K \u00e7izelgesindeki trendleri anlamak m\u0131 istiyorsunuz, art\u0131k hisse dayal\u0131 i\u015flem yapmay\u0131n? \u00dccretsiz \"Forex Piyasas\u0131 Yap\u0131s\u0131\" e-kitab\u0131m\u0131z\u0131 indirin, profesyonel traderlar\u0131n kulland\u0131\u011f\u0131 analiz y\u00f6ntemlerini \u00f6\u011frenin, HH\/LL'den BOS\/CHOCH'a kadar ad\u0131m ad\u0131m size \u00f6\u011fretelim.<\/p>","protected":false},"author":1,"featured_media":57402,"parent":0,"menu_order":0,"comment_status":"closed","ping_status":"closed","template":"","meta":{"footnotes":""},"tags":[128],"class_list":["post-57343","page","type-page","status-publish","has-post-thumbnail","hentry","tag-no-google"],"_links":{"self":[{"href":"https:\/\/mister.forex\/tr\/wp-json\/wp\/v2\/pages\/57343","targetHints":{"allow":["GET"]}}],"collection":[{"href":"https:\/\/mister.forex\/tr\/wp-json\/wp\/v2\/pages"}],"about":[{"href":"https:\/\/mister.forex\/tr\/wp-json\/wp\/v2\/types\/page"}],"author":[{"embeddable":true,"href":"https:\/\/mister.forex\/tr\/wp-json\/wp\/v2\/users\/1"}],"replies":[{"embeddable":true,"href":"https:\/\/mister.forex\/tr\/wp-json\/wp\/v2\/comments?post=57343"}],"version-history":[{"count":0,"href":"https:\/\/mister.forex\/tr\/wp-json\/wp\/v2\/pages\/57343\/revisions"}],"wp:featuredmedia":[{"embeddable":true,"href":"https:\/\/mister.forex\/tr\/wp-json\/wp\/v2\/media\/57402"}],"wp:attachment":[{"href":"https:\/\/mister.forex\/tr\/wp-json\/wp\/v2\/media?parent=57343"}],"wp:term":[{"taxonomy":"post_tag","embeddable":true,"href":"https:\/\/mister.forex\/tr\/wp-json\/wp\/v2\/tags?post=57343"}],"curies":[{"name":"wp","href":"https:\/\/api.w.org\/{rel}","templated":true}]}}