{"id":57412,"date":"2025-08-10T21:56:08","date_gmt":"2025-08-10T13:56:08","guid":{"rendered":"http:\/\/test.swqi.tw\/?page_id=57412"},"modified":"2025-12-03T03:33:50","modified_gmt":"2025-12-02T19:33:50","slug":"your-first-trading-plan","status":"publish","type":"page","link":"https:\/\/mister.forex\/tr\/your-first-trading-plan\/","title":{"rendered":"\u0130\u015flem Plan\u0131n\u0131z:&nbsp;\u00dccretsiz e-Kitap \u0130ndir | Mr.Forex"},"content":{"rendered":"<div data-elementor-type=\"wp-page\" data-elementor-id=\"57412\" class=\"elementor elementor-57412\" data-elementor-post-type=\"page\">\n\t\t\t\t<div class=\"elementor-element elementor-element-55c5bbf e-flex e-con-boxed e-con e-parent\" data-id=\"55c5bbf\" data-element_type=\"container\">\n\t\t\t\t\t<div class=\"e-con-inner\">\n\t\t\t\t<div class=\"elementor-element elementor-element-f726aa8 elementor-icon-list--layout-inline elementor-list-item-link-inline elementor-widget elementor-widget-icon-list\" data-id=\"f726aa8\" data-element_type=\"widget\" data-widget_type=\"icon-list.default\">\n\t\t\t\t\t\t\t<ul class=\"elementor-icon-list-items elementor-inline-items\">\n\t\t\t\t\t\t\t<li class=\"elementor-icon-list-item elementor-inline-item\">\n\t\t\t\t\t\t\t\t\t\t\t<a href=\"https:\/\/mister.forex\/tr\/ebook-hub\/\">\n\n\t\t\t\t\t\t\t\t\t\t\t\t<span class=\"elementor-icon-list-icon\">\n\t\t\t\t\t\t\t<svg aria-hidden=\"true\" class=\"e-font-icon-svg e-fas-reply\" viewbox=\"0 0 512 512\" xmlns=\"http:\/\/www.w3.org\/2000\/svg\"><path d=\"M8.309 189.836L184.313 37.851C199.719 24.546 224 35.347 224 56.015v80.053c160.629 1.839 288 34.032 288 186.258 0 61.441-39.581 122.309-83.333 154.132-13.653 9.931-33.111-2.533-28.077-18.631 45.344-145.012-21.507-183.51-176.59-185.742V360c0 20.7-24.3 31.453-39.687 18.164l-176.004-152c-11.071-9.562-11.086-26.753 0-36.328z\"><\/path><\/svg>\t\t\t\t\t\t<\/span>\n\t\t\t\t\t\t\t\t\t\t<span class=\"elementor-icon-list-text\">\u00d6nceki Sayfa<\/span>\n\t\t\t\t\t\t\t\t\t\t\t<\/a>\n\t\t\t\t\t\t\t\t\t<\/li>\n\t\t\t\t\t\t<\/ul>\n\t\t\t\t\t\t<\/div>\n\t\t\t\t\t<\/div>\n\t\t\t\t<\/div>\n\t\t<div class=\"elementor-element elementor-element-7e1da9a e-flex e-con-boxed e-con e-parent\" data-id=\"7e1da9a\" data-element_type=\"container\" data-settings=\"{&quot;background_background&quot;:&quot;classic&quot;}\">\n\t\t\t\t\t<div class=\"e-con-inner\">\n\t\t<div class=\"elementor-element elementor-element-a372f93 e-con-full e-flex e-con e-child\" data-id=\"a372f93\" data-element_type=\"container\" data-settings=\"{&quot;background_background&quot;:&quot;classic&quot;}\">\n\t\t\t\t<div class=\"elementor-element elementor-element-13e00e6 elementor-widget elementor-widget-image\" data-id=\"13e00e6\" data-element_type=\"widget\" data-settings=\"{&quot;_animation&quot;:&quot;none&quot;}\" data-widget_type=\"image.default\">\n\t\t\t\t\t\t\t\t\t\t\t\t\t\t\t<img fetchpriority=\"high\" decoding=\"async\" width=\"188\" height=\"300\" src=\"https:\/\/mister.forex\/wp-content\/uploads\/2025\/08\/Book-2-Mockup-EN.webp\" class=\"attachment-thumbnail size-thumbnail wp-image-57294\" alt=\"\u0130\u015flem Plan\u0131n\u0131z\" srcset=\"https:\/\/mister.forex\/wp-content\/uploads\/2025\/08\/Book-2-Mockup-EN.webp 1410w, https:\/\/mister.forex\/wp-content\/uploads\/2025\/08\/Book-2-Mockup-EN-313x500.webp 313w, https:\/\/mister.forex\/wp-content\/uploads\/2025\/08\/Book-2-Mockup-EN-752x1200.webp 752w, https:\/\/mister.forex\/wp-content\/uploads\/2025\/08\/Book-2-Mockup-EN-188x300.webp 188w, https:\/\/mister.forex\/wp-content\/uploads\/2025\/08\/Book-2-Mockup-EN-768x1226.webp 768w, https:\/\/mister.forex\/wp-content\/uploads\/2025\/08\/Book-2-Mockup-EN-963x1536.webp 963w, https:\/\/mister.forex\/wp-content\/uploads\/2025\/08\/Book-2-Mockup-EN-1283x2048.webp 1283w, https:\/\/mister.forex\/wp-content\/uploads\/2025\/08\/Book-2-Mockup-EN-8x12.webp 8w, https:\/\/mister.forex\/wp-content\/uploads\/2025\/08\/Book-2-Mockup-EN-600x957.webp 600w\" sizes=\"(max-width: 188px) 100vw, 188px\" \/>\t\t\t\t\t\t\t\t\t\t\t\t\t\t\t<\/div>\n\t\t\t\t<div class=\"elementor-element elementor-element-796c6fa elementor-align-center elementor-widget elementor-widget-button\" data-id=\"796c6fa\" data-element_type=\"widget\" data-widget_type=\"button.default\">\n\t\t\t\t\t\t\t\t\t\t<a class=\"elementor-button elementor-button-link elementor-size-sm\" href=\"https:\/\/1drv.ms\/f\/c\/7c6c551c74c8b8b2\/Epgzj3OLLL9FrOujuRVQW5oBEQI00xiL_HtaDtjvaKkOiA?e=oSBYzx\" target=\"_blank\" rel=\"noopener\">\n\t\t\t\t\t\t<span class=\"elementor-button-content-wrapper\">\n\t\t\t\t\t\t\t\t\t<span class=\"elementor-button-text\">\u015eimdi \u0130ndir<\/span>\n\t\t\t\t\t<\/span>\n\t\t\t\t\t<\/a>\n\t\t\t\t\t\t\t\t<\/div>\n\t\t\t\t<div class=\"elementor-element elementor-element-a8f4ce8 elementor-widget elementor-widget-heading\" data-id=\"a8f4ce8\" data-element_type=\"widget\" data-widget_type=\"heading.default\">\n\t\t\t\t\t<span class=\"elementor-heading-title elementor-size-default\">Desteklenen Diller<\/span>\t\t\t\t<\/div>\n\t\t<div class=\"elementor-element elementor-element-db0673a e-con-full e-flex e-con e-child\" data-id=\"db0673a\" data-element_type=\"container\">\n\t\t\t\t<div class=\"elementor-element elementor-element-6318b23 elementor-align-center elementor-widget elementor-widget-button\" data-id=\"6318b23\" data-element_type=\"widget\" data-widget_type=\"button.default\">\n\t\t\t\t\t\t\t\t\t\t<a class=\"elementor-button elementor-size-sm\" role=\"button\">\n\t\t\t\t\t\t<span class=\"elementor-button-content-wrapper\">\n\t\t\t\t\t\t\t\t\t<span class=\"elementor-button-text\">\u7b80\u4f53\u4e2d\u6587<\/span>\n\t\t\t\t\t<\/span>\n\t\t\t\t\t<\/a>\n\t\t\t\t\t\t\t\t<\/div>\n\t\t\t\t<div class=\"elementor-element elementor-element-e616a5d elementor-align-center elementor-widget elementor-widget-button\" data-id=\"e616a5d\" data-element_type=\"widget\" data-widget_type=\"button.default\">\n\t\t\t\t\t\t\t\t\t\t<a class=\"elementor-button elementor-size-sm\" role=\"button\">\n\t\t\t\t\t\t<span class=\"elementor-button-content-wrapper\">\n\t\t\t\t\t\t\t\t\t<span class=\"elementor-button-text\">\u7e41\u9ad4\u4e2d\u6587<\/span>\n\t\t\t\t\t<\/span>\n\t\t\t\t\t<\/a>\n\t\t\t\t\t\t\t\t<\/div>\n\t\t\t\t<div class=\"elementor-element elementor-element-451970b elementor-align-center elementor-widget elementor-widget-button\" data-id=\"451970b\" data-element_type=\"widget\" data-widget_type=\"button.default\">\n\t\t\t\t\t\t\t\t\t\t<a class=\"elementor-button elementor-size-sm\" role=\"button\">\n\t\t\t\t\t\t<span class=\"elementor-button-content-wrapper\">\n\t\t\t\t\t\t\t\t\t<span class=\"elementor-button-text\">English<\/span>\n\t\t\t\t\t<\/span>\n\t\t\t\t\t<\/a>\n\t\t\t\t\t\t\t\t<\/div>\n\t\t\t\t<\/div>\n\t\t\t\t<\/div>\n\t\t<div class=\"elementor-element elementor-element-0bfee77 e-con-full e-flex e-con e-child\" data-id=\"0bfee77\" data-element_type=\"container\" data-settings=\"{&quot;background_background&quot;:&quot;classic&quot;}\">\n\t\t<div class=\"elementor-element elementor-element-72b4f33 e-con-full e-flex e-con e-child\" data-id=\"72b4f33\" data-element_type=\"container\">\n\t\t\t\t<div class=\"elementor-element elementor-element-a784f62 elementor-widget elementor-widget-heading\" data-id=\"a784f62\" data-element_type=\"widget\" data-widget_type=\"heading.default\">\n\t\t\t\t\t<h2 class=\"elementor-heading-title elementor-size-default\">\u0130\u015flem Plan\u0131n\u0131z<\/h2>\t\t\t\t<\/div>\n\t\t\t\t<div class=\"elementor-element elementor-element-d8fe0e1 elementor-widget elementor-widget-heading\" data-id=\"d8fe0e1\" data-element_type=\"widget\" data-widget_type=\"heading.default\">\n\t\t\t\t\t<h3 class=\"elementor-heading-title elementor-size-default\">Rastgele i\u015flem yapmay\u0131 b\u0131rak\u0131n! Bu \u00fccretsiz pratik \u015fablonu edinin ve ilk profesyonel i\u015flem plan\u0131n\u0131z\u0131 olu\u015fturun.<\/h3>\t\t\t\t<\/div>\n\t\t\t\t<div class=\"elementor-element elementor-element-e3d5154 elementor-widget elementor-widget-heading\" data-id=\"e3d5154\" data-element_type=\"widget\" data-widget_type=\"heading.default\">\n\t\t\t\t\t<h3 class=\"elementor-heading-title elementor-size-default\">Bu rehber, hedeflerinizi tan\u0131mlaman\u0131za, kurallar olu\u015fturman\u0131za ve riskleri y\u00f6netmenize rehberlik edecek; i\u015flemlerinizi kaotik bir kumardan disiplinli bir i\u015fe d\u00f6n\u00fc\u015ft\u00fcrecektir.<\/h3>\t\t\t\t<\/div>\n\t\t\t\t<div class=\"elementor-element elementor-element-04256c5 elementor-widget-divider--view-line elementor-widget elementor-widget-divider\" data-id=\"04256c5\" data-element_type=\"widget\" data-widget_type=\"divider.default\">\n\t\t\t\t\t\t\t<div class=\"elementor-divider\">\n\t\t\t<span class=\"elementor-divider-separator\">\n\t\t\t\t\t\t<\/span>\n\t\t<\/div>\n\t\t\t\t\t\t<\/div>\n\t\t\t\t<\/div>\n\t\t\t\t<div class=\"elementor-element elementor-element-3a37ac6 elementor-widget elementor-widget-html translation-block\" data-id=\"3a37ac6\" data-element_type=\"widget\" data-widget_type=\"html.default\"><div style=\"16px\"><span>\n<h3><strong>\u0130\u015flemlerinizde sistem eksikli\u011fi mi var?<\/strong>&nbsp;<\/h3>\n<ul>\n <li>Genellikle piyasada ani ve d\u00fc\u015f\u00fcncesizce i\u015flem yap\u0131yor, ancak net bir \u00e7\u0131k\u0131\u015f stratejiniz yok mu?<\/li>\n <li>Birka\u00e7 beklenmedik zarar y\u00fcz\u00fcnden ge\u00e7mi\u015fteki t\u00fcm karlar\u0131n\u0131z\u0131 m\u0131 kaybettiniz?<\/li>\n <li>\u0130\u015flem bittikten sonra, kararlar\u0131n\u0131z\u0131n do\u011fru mu yanl\u0131\u015f m\u0131 oldu\u011funu objektif olarak de\u011ferlendiremiyor musunuz?<\/li>\n<\/ul>\n<br>\n\n<!-- Section:&nbsp;\u00c7\u00f6z\u00fcm ve D\u00f6n\u00fc\u015f\u00fcm (Solution &amp; Transformation) -->\n<h3><strong>Plans\u0131z i\u015flem yapmak, ba\u015far\u0131s\u0131zl\u0131\u011f\u0131 planlamakt\u0131r<\/strong>&nbsp;<\/h3>\nProfesyonel ile amat\u00f6r aras\u0131ndaki en b\u00fcy\u00fck fark, yaz\u0131l\u0131 ve uygulanabilir bir plana sahip olmakt\u0131r.<br>\nBu \u300a\u0130\u015flem Plan\u0131n\u0131z\u300b size bu plan\u0131 olu\u015fturman\u0131z i\u00e7in basit bir \u00e7er\u00e7eve sunacak.<br>\n<br>\n<h4><strong>Bu kitab\u0131n egzersizlerini tamamlad\u0131ktan sonra, a\u015fa\u011f\u0131daki i\u00e7eriklere sahip eksiksiz bir plana sahip olacaks\u0131n\u0131z:<\/strong>&nbsp;<\/h4>\n<ul>\n <li><strong>Net i\u015flem hedefleri:<\/strong>&nbsp;Belirsiz dilekleri uygulanabilir ad\u0131mlara d\u00f6n\u00fc\u015ft\u00fcr\u00fcn.<\/li>\n <li><strong>Objektif i\u015flem kurallar\u0131:<\/strong>&nbsp;Giri\u015f, \u00e7\u0131k\u0131\u015f ve zarar durdurma ko\u015fullar\u0131n\u0131z\u0131 net bir \u015fekilde tan\u0131mlay\u0131n.<\/li>\n <li><strong>Sa\u011flam risk y\u00f6netimi:<\/strong>&nbsp;Sermayenizi korumay\u0131 \u00f6\u011frenin ve uzun vadeli hayatta kalmay\u0131 garantileyin.<\/li>\n<\/ul>\n<br>\n\n<!-- Section:&nbsp;E-kitap \u0130\u00e7eri\u011fi \u00d6nizlemesi (What's Inside) -->\n<h4><strong>Bu rehberde tamamlayacaklar\u0131n\u0131z:<\/strong>&nbsp;<\/h4>\n<ul>\n <li><strong>B\u00f6l\u00fcm 1:<\/strong>&nbsp;\u0130\u015flem hedeflerinizi belirleyin (SMART prensibi) <\/li>\n <li><strong>B\u00f6l\u00fcm 2:<\/strong>&nbsp;Belirli piyasalara ve ara\u00e7lara odaklan\u0131n<\/li>\n <li><strong>B\u00f6l\u00fcm 3:<\/strong>&nbsp;\u0130\u015flem kurallar\u0131n\u0131z\u0131 olu\u015fturun:&nbsp;giri\u015f, \u00e7\u0131k\u0131\u015f ve zarar durdurma<\/li>\n <li><strong>B\u00f6l\u00fcm 4:<\/strong>&nbsp;Risk y\u00f6netimi:&nbsp;i\u015flem sermayenizi koruyun<\/li>\n<\/ul>\n<\/span><\/div><\/div>\n\t\t\t\t<\/div>\n\t\t\t\t\t<\/div>\n\t\t\t\t<\/div>\n\t\t\t\t<\/div>","protected":false},"excerpt":{"rendered":"<p>Rastgele i\u015flemi durdurun! \u00dccretsiz \u300a \u0130\u015flem Plan\u0131n\u0131z \u300bpratik \u00f6rne\u011fimizi indirin, hedef belirlemeyi, kurallar olu\u015fturmay\u0131 ve risk y\u00f6netimini \u00f6\u011frenin, i\u015flem sisteminizi yap\u0131land\u0131r\u0131n ve istikrarl\u0131 k\u00e2r elde etmenin ilk ad\u0131m\u0131n\u0131 at\u0131n.<\/p>","protected":false},"author":1,"featured_media":57405,"parent":0,"menu_order":0,"comment_status":"closed","ping_status":"closed","template":"","meta":{"footnotes":""},"tags":[128],"class_list":["post-57412","page","type-page","status-publish","has-post-thumbnail","hentry","tag-no-google"],"_links":{"self":[{"href":"https:\/\/mister.forex\/tr\/wp-json\/wp\/v2\/pages\/57412","targetHints":{"allow":["GET"]}}],"collection":[{"href":"https:\/\/mister.forex\/tr\/wp-json\/wp\/v2\/pages"}],"about":[{"href":"https:\/\/mister.forex\/tr\/wp-json\/wp\/v2\/types\/page"}],"author":[{"embeddable":true,"href":"https:\/\/mister.forex\/tr\/wp-json\/wp\/v2\/users\/1"}],"replies":[{"embeddable":true,"href":"https:\/\/mister.forex\/tr\/wp-json\/wp\/v2\/comments?post=57412"}],"version-history":[{"count":0,"href":"https:\/\/mister.forex\/tr\/wp-json\/wp\/v2\/pages\/57412\/revisions"}],"wp:featuredmedia":[{"embeddable":true,"href":"https:\/\/mister.forex\/tr\/wp-json\/wp\/v2\/media\/57405"}],"wp:attachment":[{"href":"https:\/\/mister.forex\/tr\/wp-json\/wp\/v2\/media?parent=57412"}],"wp:term":[{"taxonomy":"post_tag","embeddable":true,"href":"https:\/\/mister.forex\/tr\/wp-json\/wp\/v2\/tags?post=57412"}],"curies":[{"name":"wp","href":"https:\/\/api.w.org\/{rel}","templated":true}]}}