{"id":59827,"date":"2025-10-09T02:26:46","date_gmt":"2025-10-08T18:26:46","guid":{"rendered":"https:\/\/mister.forex\/?page_id=59827"},"modified":"2025-12-03T03:34:44","modified_gmt":"2025-12-02T19:34:44","slug":"the-forex-trading-execution-bible","status":"publish","type":"page","link":"https:\/\/mister.forex\/tr\/the-forex-trading-execution-bible\/","title":{"rendered":"Forex Ticareti Uygulama Kitab\u0131: \"Bilmekten\" \"Yapmaya\" Pratik Bir SOP"},"content":{"rendered":"<div data-elementor-type=\"wp-page\" data-elementor-id=\"59827\" class=\"elementor elementor-59827\" data-elementor-post-type=\"page\">\n\t\t\t\t<div class=\"elementor-element elementor-element-9a261e9 e-flex e-con-boxed e-con e-parent\" data-id=\"9a261e9\" data-element_type=\"container\">\n\t\t\t\t\t<div class=\"e-con-inner\">\n\t\t\t\t<div class=\"elementor-element elementor-element-0f38502 elementor-icon-list--layout-inline elementor-list-item-link-inline elementor-widget elementor-widget-icon-list\" data-id=\"0f38502\" data-element_type=\"widget\" data-widget_type=\"icon-list.default\">\n\t\t\t\t\t\t\t<ul class=\"elementor-icon-list-items elementor-inline-items\">\n\t\t\t\t\t\t\t<li class=\"elementor-icon-list-item elementor-inline-item\">\n\t\t\t\t\t\t\t\t\t\t\t<a href=\"https:\/\/mister.forex\/tr\/ebook-hub\/\">\n\n\t\t\t\t\t\t\t\t\t\t\t\t<span class=\"elementor-icon-list-icon\">\n\t\t\t\t\t\t\t<svg aria-hidden=\"true\" class=\"e-font-icon-svg e-fas-reply\" viewbox=\"0 0 512 512\" xmlns=\"http:\/\/www.w3.org\/2000\/svg\"><path d=\"M8.309 189.836L184.313 37.851C199.719 24.546 224 35.347 224 56.015v80.053c160.629 1.839 288 34.032 288 186.258 0 61.441-39.581 122.309-83.333 154.132-13.653 9.931-33.111-2.533-28.077-18.631 45.344-145.012-21.507-183.51-176.59-185.742V360c0 20.7-24.3 31.453-39.687 18.164l-176.004-152c-11.071-9.562-11.086-26.753 0-36.328z\"><\/path><\/svg>\t\t\t\t\t\t<\/span>\n\t\t\t\t\t\t\t\t\t\t<span class=\"elementor-icon-list-text\">\u00d6nceki Sayfa<\/span>\n\t\t\t\t\t\t\t\t\t\t\t<\/a>\n\t\t\t\t\t\t\t\t\t<\/li>\n\t\t\t\t\t\t<\/ul>\n\t\t\t\t\t\t<\/div>\n\t\t\t\t\t<\/div>\n\t\t\t\t<\/div>\n\t\t<div class=\"elementor-element elementor-element-05e34f2 e-flex e-con-boxed e-con e-parent\" data-id=\"05e34f2\" data-element_type=\"container\" data-settings=\"{&quot;background_background&quot;:&quot;classic&quot;}\">\n\t\t\t\t\t<div class=\"e-con-inner\">\n\t\t<div class=\"elementor-element elementor-element-928477a e-con-full e-flex e-con e-child\" data-id=\"928477a\" data-element_type=\"container\" data-settings=\"{&quot;background_background&quot;:&quot;classic&quot;}\">\n\t\t\t\t<div class=\"elementor-element elementor-element-2d61e89 elementor-widget elementor-widget-image\" data-id=\"2d61e89\" data-element_type=\"widget\" data-settings=\"{&quot;_animation&quot;:&quot;none&quot;}\" data-widget_type=\"image.default\">\n\t\t\t\t\t\t\t\t\t\t\t\t\t\t\t<img fetchpriority=\"high\" decoding=\"async\" width=\"188\" height=\"300\" src=\"https:\/\/mister.forex\/wp-content\/uploads\/2025\/10\/Book-4-Mockup-EN.webp\" class=\"attachment-thumbnail size-thumbnail wp-image-59802\" alt=\"Forex Uygulama Kutsal Kitab\u0131\" srcset=\"https:\/\/mister.forex\/wp-content\/uploads\/2025\/10\/Book-4-Mockup-EN.webp 1410w, https:\/\/mister.forex\/wp-content\/uploads\/2025\/10\/Book-4-Mockup-EN-313x500.webp 313w, https:\/\/mister.forex\/wp-content\/uploads\/2025\/10\/Book-4-Mockup-EN-752x1200.webp 752w, https:\/\/mister.forex\/wp-content\/uploads\/2025\/10\/Book-4-Mockup-EN-188x300.webp 188w, https:\/\/mister.forex\/wp-content\/uploads\/2025\/10\/Book-4-Mockup-EN-768x1226.webp 768w, https:\/\/mister.forex\/wp-content\/uploads\/2025\/10\/Book-4-Mockup-EN-963x1536.webp 963w, https:\/\/mister.forex\/wp-content\/uploads\/2025\/10\/Book-4-Mockup-EN-1283x2048.webp 1283w, https:\/\/mister.forex\/wp-content\/uploads\/2025\/10\/Book-4-Mockup-EN-8x12.webp 8w\" sizes=\"(max-width: 188px) 100vw, 188px\" \/>\t\t\t\t\t\t\t\t\t\t\t\t\t\t\t<\/div>\n\t\t\t\t<div class=\"elementor-element elementor-element-a1569ba elementor-widget elementor-widget-html\" data-id=\"a1569ba\" data-element_type=\"widget\" data-widget_type=\"html.default\">\n\t\t\t\t\t<script src=\"https:\/\/gumroad.com\/js\/gumroad.js\"><\/script>\n<a class=\"gumroad-button\" href=\"https:\/\/mrforex.gumroad.com\/l\/cobxuz\" rel=\"noopener\">Hemen Sat\u0131n Al<\/a>\t\t\t\t<\/div>\n\t\t\t\t<div class=\"elementor-element elementor-element-41d361c elementor-widget elementor-widget-heading\" data-id=\"41d361c\" data-element_type=\"widget\" data-widget_type=\"heading.default\">\n\t\t\t\t\t<span class=\"elementor-heading-title elementor-size-default\">Desteklenen Diller<\/span>\t\t\t\t<\/div>\n\t\t<div class=\"elementor-element elementor-element-6a6dad0 e-con-full e-flex e-con e-child\" data-id=\"6a6dad0\" data-element_type=\"container\">\n\t\t\t\t<div class=\"elementor-element elementor-element-44ffc6c elementor-align-center elementor-widget elementor-widget-button\" data-id=\"44ffc6c\" data-element_type=\"widget\" data-widget_type=\"button.default\">\n\t\t\t\t\t\t\t\t\t\t<a class=\"elementor-button elementor-size-sm\" role=\"button\">\n\t\t\t\t\t\t<span class=\"elementor-button-content-wrapper\">\n\t\t\t\t\t\t\t\t\t<span class=\"elementor-button-text\">\u7b80\u4f53\u4e2d\u6587<\/span>\n\t\t\t\t\t<\/span>\n\t\t\t\t\t<\/a>\n\t\t\t\t\t\t\t\t<\/div>\n\t\t\t\t<div class=\"elementor-element elementor-element-5fce700 elementor-align-center elementor-widget elementor-widget-button\" data-id=\"5fce700\" data-element_type=\"widget\" data-widget_type=\"button.default\">\n\t\t\t\t\t\t\t\t\t\t<a class=\"elementor-button elementor-size-sm\" role=\"button\">\n\t\t\t\t\t\t<span class=\"elementor-button-content-wrapper\">\n\t\t\t\t\t\t\t\t\t<span class=\"elementor-button-text\">\u7e41\u9ad4\u4e2d\u6587<\/span>\n\t\t\t\t\t<\/span>\n\t\t\t\t\t<\/a>\n\t\t\t\t\t\t\t\t<\/div>\n\t\t\t\t<div class=\"elementor-element elementor-element-7d063fa elementor-align-center elementor-widget elementor-widget-button\" data-id=\"7d063fa\" data-element_type=\"widget\" data-widget_type=\"button.default\">\n\t\t\t\t\t\t\t\t\t\t<a class=\"elementor-button elementor-size-sm\" role=\"button\">\n\t\t\t\t\t\t<span class=\"elementor-button-content-wrapper\">\n\t\t\t\t\t\t\t\t\t<span class=\"elementor-button-text\">English<\/span>\n\t\t\t\t\t<\/span>\n\t\t\t\t\t<\/a>\n\t\t\t\t\t\t\t\t<\/div>\n\t\t\t\t<\/div>\n\t\t\t\t<\/div>\n\t\t<div class=\"elementor-element elementor-element-9f32aa3 e-con-full e-flex e-con e-child\" data-id=\"9f32aa3\" data-element_type=\"container\" data-settings=\"{&quot;background_background&quot;:&quot;classic&quot;}\">\n\t\t<div class=\"elementor-element elementor-element-14ce0ce e-con-full e-flex e-con e-child\" data-id=\"14ce0ce\" data-element_type=\"container\">\n\t\t\t\t<div class=\"elementor-element elementor-element-b3a35b3 elementor-widget elementor-widget-heading\" data-id=\"b3a35b3\" data-element_type=\"widget\" data-widget_type=\"heading.default\">\n\t\t\t\t\t<h2 class=\"elementor-heading-title elementor-size-default\">Forex Uygulama Kutsal Kitab\u0131<\/h2>\t\t\t\t<\/div>\n\t\t\t\t<div class=\"elementor-element elementor-element-073be8c elementor-widget elementor-widget-heading\" data-id=\"073be8c\" data-element_type=\"widget\" data-widget_type=\"heading.default\">\n\t\t\t\t\t<h3 class=\"elementor-heading-title elementor-size-default\">Teorik kay\u0131p d\u00f6ng\u00fcs\u00fcne veda edin! Bu, size \"bilme\" ve \"yapma\" imkan\u0131 sa\u011flayan eksiksiz bir Forex i\u015flem y\u00fcr\u00fctme sistemidir.<\/h3>\t\t\t\t<\/div>\n\t\t\t\t<div class=\"elementor-element elementor-element-d18e613 elementor-widget-divider--view-line elementor-widget elementor-widget-divider\" data-id=\"d18e613\" data-element_type=\"widget\" data-widget_type=\"divider.default\">\n\t\t\t\t\t\t\t<div class=\"elementor-divider\">\n\t\t\t<span class=\"elementor-divider-separator\">\n\t\t\t\t\t\t<\/span>\n\t\t<\/div>\n\t\t\t\t\t\t<\/div>\n\t\t\t\t<\/div>\n\t\t\t\t<div class=\"elementor-element elementor-element-7ac01e9 elementor-widget elementor-widget-html translation-block\" data-id=\"7ac01e9\" data-element_type=\"widget\" data-widget_type=\"html.default\"><span>\n<h2><strong>\"Bilmekten\" \"Yapmaya\" Giden Son Mil<\/strong><\/h2>\nE\u011fer bunu okuyorsan\u0131z, muhtemelen al\u0131m sat\u0131m hakk\u0131nda zaten \u00e7ok \u015fey biliyorsunuzdur. Piyasa yap\u0131s\u0131n\u0131 anl\u0131yor, say\u0131s\u0131z teknik g\u00f6stergeyi incelemi\u015f ve hatta piyasan\u0131n ini\u015f \u00e7\u0131k\u0131\u015flar\u0131 hakk\u0131nda ak\u0131c\u0131 bir \u015fekilde konu\u015fabiliyorsunuz.<br>\nAncak, her gece ge\u00e7 saatlerde yapt\u0131\u011f\u0131n\u0131z g\u00f6zden ge\u00e7irme s\u0131ras\u0131nda sizi rahats\u0131z eden keskin bir soru kal\u0131r: \"Neden, bu kadar \u00e7ok \u015fey bildikten sonra, hala tutarl\u0131 bir k\u00e2rl\u0131l\u0131k elde edemiyorum?\"\n<br><br>\nCevap d\u00fc\u015f\u00fcnd\u00fc\u011f\u00fcn\u00fczden daha basit ve kabul etmesi daha zor olabilir: \u00e7\u00fcnk\u00fc forex ticaretinin ac\u0131mas\u0131z s\u0131f\u0131r toplaml\u0131 oyununda, kazanmak asla ne kadar \"bildi\u011finize\" de\u011fil, ne kadar tutarl\u0131 bir \u015fekilde \"yapabildi\u011finize\" ba\u011fl\u0131d\u0131r.\n<br><br>\nBu kitap, \"bilmekten\" \"yapmaya\" giden son milinizdir. Size y\u00fczlerce s\u00fcsl\u00fc g\u00f6sterge daha veya efsanevi bir \"Kutsal K\u00e2se\" vermeyece\u011fiz. Bunun yerine, \u00e7ok daha de\u011ferli bir \u015fey sunaca\u011f\u0131z: uygulama i\u00e7in eksiksiz, tekrarlanabilir bir \"Standart Operasyon Prosed\u00fcr\u00fc\" (SOP).\n<br><br>\nBu ba\u015fka bir teori ders kitab\u0131 de\u011fil; bu, \"eylem\" i\u00e7in pratik bir el kitab\u0131d\u0131r. \u015eunlar\u0131 \u00f6\u011freneceksiniz:\n<br>\n<ul>\n  <li><strong>Profesyonel Piyasa \u00d6ncesi Haz\u0131rl\u0131kta Ustala\u015f\u0131n:<\/strong> Tahmin y\u00fcr\u00fctmeyi ortadan kald\u0131ran ve her g\u00fcn piyasaya net, eyleme ge\u00e7irilebilir bir planla girmenizi sa\u011flayan g\u00fcnl\u00fck bir sava\u015f rit\u00fceli \u00f6\u011frenin.<\/li>\n  <li><strong>A+ \u0130\u015flemleri Hassasiyetle Ger\u00e7ekle\u015ftirin:<\/strong> Hem \"Trend Devam\u0131\" hem de \"Trendin Tersine D\u00f6nmesi\" senaryolar\u0131 i\u00e7in iki temel, y\u00fcksek olas\u0131l\u0131kl\u0131 taktiksel plan\u0131 \u00f6\u011frenin.<\/li>\n  <li><strong>K\u00e2r\u0131 En \u00dcst D\u00fczeye \u00c7\u0131kar\u0131n ve Riskleri En Aza \u0130ndirin:<\/strong> Pozisyon y\u00f6netimini, kazanan i\u015flemlere piramit yapmay\u0131 ve kazan\u00e7lar\u0131n\u0131z\u0131 kilitlemek i\u00e7in piyasa yap\u0131s\u0131na dayal\u0131 takip eden durdurmalar\u0131 kullanmay\u0131 \u00f6\u011frenin.<\/li>\n  -\n  <li><strong>Al\u0131m Sat\u0131m\u0131n\u0131z\u0131 Bir \u0130\u015f Gibi Y\u00fcr\u00fct\u00fcn:<\/strong> Prop firmas\u0131 s\u0131navlar\u0131n\u0131 ge\u00e7mek, fonlanm\u0131\u015f hesaplar\u0131 y\u00f6netmek ve gelirinizi \u00f6l\u00e7eklendirmek i\u00e7in d\u0131\u015f sermayeden yararlanmak i\u00e7in kesin stratejileri ke\u015ffedin.<\/li>\n<\/ul>\n<br>\nBu kitap sizi piyasa duygular\u0131 ve kaotik kararlarla sars\u0131lan bir amat\u00f6rden, net bir s\u00fcreci ve demir disiplini olan profesyonel bir t\u00fcccara d\u00f6n\u00fc\u015ft\u00fcrecek. Bitmek bilmeyen \u00f6\u011frenme ve kaybetme d\u00f6ng\u00fcs\u00fcn\u00fc durdurun. Ger\u00e7ek al\u0131m sat\u0131m i\u015finizi kurma zaman\u0131 geldi.\n<\/span><\/div>\n\t\t\t\t<\/div>\n\t\t\t\t\t<\/div>\n\t\t\t\t<\/div>\n\t\t\t\t<\/div>","protected":false},"excerpt":{"rendered":"<p>Hala sonsuz \u00f6\u011frenme ve kay\u0131plarla m\u0131 m\u00fccadele ediyorsunuz? Bu forex ticaret y\u00fcr\u00fctme sistemi sizin i\u00e7in in\u015fa edilmi\u015f son mildir. Teoriden bahsetmiyoruz, sizi disiplinli bir profesyonel t\u00fcccar yapmak ve s\u00fcrekli kar elde etmek i\u00e7in yaln\u0131zca tekrarlanabilir bir SOP, y\u00fcksek kazanma oranl\u0131 stratejiler ve para y\u00f6netimi becerileri sa\u011fl\u0131yoruz.<\/p>","protected":false},"author":1,"featured_media":59805,"parent":0,"menu_order":0,"comment_status":"closed","ping_status":"closed","template":"","meta":{"footnotes":""},"tags":[128],"class_list":["post-59827","page","type-page","status-publish","has-post-thumbnail","hentry","tag-no-google"],"_links":{"self":[{"href":"https:\/\/mister.forex\/tr\/wp-json\/wp\/v2\/pages\/59827","targetHints":{"allow":["GET"]}}],"collection":[{"href":"https:\/\/mister.forex\/tr\/wp-json\/wp\/v2\/pages"}],"about":[{"href":"https:\/\/mister.forex\/tr\/wp-json\/wp\/v2\/types\/page"}],"author":[{"embeddable":true,"href":"https:\/\/mister.forex\/tr\/wp-json\/wp\/v2\/users\/1"}],"replies":[{"embeddable":true,"href":"https:\/\/mister.forex\/tr\/wp-json\/wp\/v2\/comments?post=59827"}],"version-history":[{"count":0,"href":"https:\/\/mister.forex\/tr\/wp-json\/wp\/v2\/pages\/59827\/revisions"}],"wp:featuredmedia":[{"embeddable":true,"href":"https:\/\/mister.forex\/tr\/wp-json\/wp\/v2\/media\/59805"}],"wp:attachment":[{"href":"https:\/\/mister.forex\/tr\/wp-json\/wp\/v2\/media?parent=59827"}],"wp:term":[{"taxonomy":"post_tag","embeddable":true,"href":"https:\/\/mister.forex\/tr\/wp-json\/wp\/v2\/tags?post=59827"}],"curies":[{"name":"wp","href":"https:\/\/api.w.org\/{rel}","templated":true}]}}