{"id":6209,"date":"2024-03-02T19:37:13","date_gmt":"2024-03-02T11:37:13","guid":{"rendered":"http:\/\/192.168.0.254\/?page_id=6209"},"modified":"2026-04-18T02:49:46","modified_gmt":"2026-04-17T18:49:46","slug":"terms","status":"publish","type":"page","link":"https:\/\/mister.forex\/tr\/terms\/","title":{"rendered":"Kullan\u0131m Ko\u015fullar\u0131 ve Yasal Bildirim | Mr.Forex"},"content":{"rendered":"<div data-elementor-type=\"wp-page\" data-elementor-id=\"6209\" class=\"elementor elementor-6209\" data-elementor-post-type=\"page\">\n\t\t\t\t<div class=\"elementor-element elementor-element-1a1c01d e-flex e-con-boxed e-con e-parent\" data-id=\"1a1c01d\" data-element_type=\"container\" data-settings=\"{&quot;background_background&quot;:&quot;classic&quot;}\">\n\t\t\t\t\t<div class=\"e-con-inner\">\n\t\t<div class=\"elementor-element elementor-element-9b1b493 e-flex e-con-boxed e-con e-child\" data-id=\"9b1b493\" data-element_type=\"container\">\n\t\t\t\t\t<div class=\"e-con-inner\">\n\t\t\t\t<div class=\"elementor-element elementor-element-d53c7ca elementor-widget elementor-widget-heading\" data-id=\"d53c7ca\" data-element_type=\"widget\" data-widget_type=\"heading.default\">\n\t\t\t\t\t<h1 class=\"elementor-heading-title elementor-size-default\">Kullan\u0131m Ko\u015fullar\u0131<\/h1>\t\t\t\t<\/div>\n\t\t\t\t\t<\/div>\n\t\t\t\t<\/div>\n\t\t\t\t<div class=\"elementor-element elementor-element-1e799c7 elementor-widget__width-inherit elementor-absolute elementor-widget elementor-widget-image\" data-id=\"1e799c7\" data-element_type=\"widget\" data-settings=\"{&quot;_position&quot;:&quot;absolute&quot;}\" data-widget_type=\"image.default\">\n\t\t\t\t\t\t\t\t\t\t\t\t\t\t\t<img fetchpriority=\"high\" decoding=\"async\" width=\"500\" height=\"281\" src=\"https:\/\/mister.forex\/wp-content\/uploads\/2025\/12\/TC-500x281.webp\" class=\"attachment-medium size-medium wp-image-62793\" alt=\"\" srcset=\"https:\/\/mister.forex\/wp-content\/uploads\/2025\/12\/TC-500x281.webp 500w, https:\/\/mister.forex\/wp-content\/uploads\/2025\/12\/TC-300x169.webp 300w, https:\/\/mister.forex\/wp-content\/uploads\/2025\/12\/TC-768x432.webp 768w, https:\/\/mister.forex\/wp-content\/uploads\/2025\/12\/TC-18x10.webp 18w, https:\/\/mister.forex\/wp-content\/uploads\/2025\/12\/TC.webp 1200w\" sizes=\"(max-width: 500px) 100vw, 500px\" \/>\t\t\t\t\t\t\t\t\t\t\t\t\t\t\t<\/div>\n\t\t\t\t\t<\/div>\n\t\t\t\t<\/div>\n\t\t<div class=\"elementor-element elementor-element-440b919 e-flex e-con-boxed e-con e-parent\" data-id=\"440b919\" data-element_type=\"container\">\n\t\t\t\t\t<div class=\"e-con-inner\">\n\t\t\t\t<div class=\"elementor-element elementor-element-87f0330 elementor-widget elementor-widget-spacer\" data-id=\"87f0330\" data-element_type=\"widget\" data-widget_type=\"spacer.default\">\n\t\t\t\t\t\t\t<div class=\"elementor-spacer\">\n\t\t\t<div class=\"elementor-spacer-inner\"><\/div>\n\t\t<\/div>\n\t\t\t\t\t\t<\/div>\n\t\t\t\t<div class=\"elementor-element elementor-element-0afc9c9 elementor-widget elementor-widget-html translation-block\" data-id=\"0afc9c9\" data-element_type=\"widget\" data-widget_type=\"html.default\"><span>\nMr.Forex'e (bundan b\u00f6yle \"bu web sitesi\" olarak an\u0131lacakt\u0131r) ho\u015f geldiniz. Web sitemizdeki \u00e7e\u015fitli hizmetleri ve bilgileri kullan\u0131rken size g\u00fcvenli ve sorunsuz bir deneyim sunmak i\u00e7in l\u00fctfen a\u015fa\u011f\u0131daki bilgileri dikkatlice okuyun. Bu web sitesine eri\u015ferek veya kullanarak, a\u015fa\u011f\u0131daki \u015fartlar\u0131 kabul etmi\u015f ve onaylam\u0131\u015f say\u0131l\u0131rs\u0131n\u0131z:<br>\n<br>\n<h2><strong>1. Hizmet K\u0131s\u0131tlamalar\u0131<\/strong><\/h2>\nBu web sitesi; Amerika Birle\u015fik Devletleri, Tayvan, Kanada, \u0130srail, Yeni Zelanda, \u0130ran ve Kuzey Kore gibi belirli \u00fclkelerin sakinlerine veya da\u011f\u0131t\u0131m\u0131n ya da kullan\u0131m\u0131n yerel yasalara veya d\u00fczenlemelere ayk\u0131r\u0131 olaca\u011f\u0131 \u00fclke\/b\u00f6lgelere hizmet sunmamaktad\u0131r. Yukar\u0131da belirtilen b\u00f6lgelerde bulunuyorsan\u0131z, l\u00fctfen bu web sitesinden derhal ayr\u0131l\u0131n.<br>\n<br>\n<h2><strong>2. Ya\u015f ve \u00d6zg\u00fcr \u0130rade<\/strong><\/h2>\nEn az 18 ya\u015f\u0131nda veya \u00fclkenizin yasalar\u0131na g\u00f6re re\u015fit olman\u0131z gerekir. Bu web sitesinin hizmetlerini kullanarak, bunu bu web sitesinden gelen herhangi bir aktif talep veya pazarlama formuna yan\u0131t olarak de\u011fil, kendi \u00f6zg\u00fcr iradenizle ve aktif talebinizle yapt\u0131\u011f\u0131n\u0131z\u0131 kabul edersiniz.<br>\n<br>\n<h2><strong>3. Web Sitesi ve Hizmetlerin Kullan\u0131m\u0131<\/strong><\/h2>\nBu web sitesi, web sitesini ve hizmetlerini, kullan\u0131m\u0131n\u0131n yerel yasalar veya d\u00fczenlemeler taraf\u0131ndan yasakland\u0131\u011f\u0131 herhangi bir \u00fclkedeki hi\u00e7bir bireye y\u00f6nlendirmez. Bu web sitesine kullan\u0131m\u0131n\u0131n yasak olabilece\u011fi bir \u00fclkeden eri\u015firken, web sitesinin veya hizmetlerin her t\u00fcrl\u00fc kullan\u0131m\u0131n\u0131n yerel yasalara veya d\u00fczenlemelere uygun olmas\u0131n\u0131 sa\u011flamak kullan\u0131c\u0131n\u0131n sorumlulu\u011fundad\u0131r. Bu web sitesi, web sitesindeki bilgilerin t\u00fcm yarg\u0131 alanlar\u0131 i\u00e7in ge\u00e7erli oldu\u011funu onaylamaz.<br>\n<br>\n<h2><strong>4. Yasal Sorumluluk<\/strong><\/h2>\n\u00dcr\u00fcnlerimizi yasal olarak sat\u0131n almaya ve kullanmaya yetkili oldu\u011funuzu varsay\u0131yoruz. K\u00fcresel ve yerel yasalara ve d\u00fczenlemelere uyman\u0131z\u0131 sa\u011flamak sizin sorumlulu\u011funuzdad\u0131r. Bu t\u00fcr d\u00fczenlemeler nedeniyle size kar\u015f\u0131 a\u00e7\u0131lan herhangi bir zarar veya davadan sorumlu de\u011filiz.<br>\n<br>\n<h2><strong>5. CFTC Kural\u0131 4.41 (Varsay\u0131msal Performans A\u00e7\u0131klamas\u0131)<\/strong><\/h2>\nCFTC KURALI 4.41: VARSAYIMSAL VEYA S\u0130M\u00dcLE ED\u0130LM\u0130\u015e PERFORMANS SONU\u00c7LARININ BEL\u0130RL\u0130 KISITLAMALARI VARDIR. GER\u00c7EK B\u0130R PERFORMANS KAYDININ AKS\u0130NE, S\u0130M\u00dcLE ED\u0130LM\u0130\u015e SONU\u00c7LAR GER\u00c7EK \u0130\u015eLEMLER\u0130 TEMS\u0130L ETMEZ. AYRICA, \u0130\u015eLEMLER GER\u00c7EKLE\u015eT\u0130R\u0130LMED\u0130\u011e\u0130 \u0130\u00c7\u0130N SONU\u00c7LAR, L\u0130K\u0130D\u0130TE EKS\u0130KL\u0130\u011e\u0130 G\u0130B\u0130 BEL\u0130RL\u0130 PAZAR FAKT\u00d6RLER\u0130N\u0130N ETK\u0130S\u0130N\u0130 (VARSA) EKS\u0130K VEYA FAZLA TELAF\u0130 ETM\u0130\u015e OLAB\u0130L\u0130R. GENEL OLARAK S\u0130M\u00dcLE ED\u0130LM\u0130\u015e \u0130\u015eLEM PROGRAMLARI, SONRADAN G\u00d6R\u00dc\u015e\u00dcN (HINDSIGHT) AVANTAJIYLA TASARLANMI\u015e OLMALARI GER\u00c7E\u011e\u0130NE DE TAB\u0130D\u0130R. H\u0130\u00c7B\u0130R HESABIN G\u00d6STER\u0130LENLERE BENZER KAR VEYA ZARAR ELDE EDECE\u011e\u0130NE VEYA ELDE ETMES\u0130N\u0130N MUHTEMEL OLDU\u011eUNA DA\u0130R B\u0130R BEYANDA BULUNULMAMAKTADIR.<br>\n<br>\n<h2><strong>6. Otomatik Forex \u0130\u015flemlerinin Riskleri ve Getirileri<\/strong><\/h2>\nOtomatik Forex i\u015flemleri b\u00fcy\u00fck getiri potansiyeline sahiptir ancak ayn\u0131 zamanda potansiyel b\u00fcy\u00fck riskler de ta\u015f\u0131r. Forex piyasas\u0131na yat\u0131r\u0131m yapmak i\u00e7in risklerin fark\u0131nda olmal\u0131 ve bunlar\u0131 kabul etmeye istekli olmal\u0131s\u0131n\u0131z. Kaybetmeyi g\u00f6ze alamayaca\u011f\u0131n\u0131z parayla i\u015flem yapmay\u0131n. Bu reklam\/sunum ne bir talep ne de Forex i\u015flemi yapma teklifidir. Hi\u00e7bir hesab\u0131n bu reklamda\/sunumda tart\u0131\u015f\u0131lanlara benzer karlar veya zararlar elde edece\u011fine veya elde etmesinin muhtemel oldu\u011funa dair bir beyanda bulunulmamaktad\u0131r.<br>\n<br>\n<h2><strong>7. Yat\u0131r\u0131mc\u0131 Sorumlulu\u011fu<\/strong><\/h2>\nOtomatik Forex i\u015flemleri, e\u011fitimli ve deneyimli yat\u0131r\u0131mc\u0131lar i\u00e7in zorlu ve potansiyel bir f\u0131rsatt\u0131r. Kat\u0131lmaya karar vermeden \u00f6nce yat\u0131r\u0131m hedeflerinizi, deneyim seviyenizi ve risk i\u015ftah\u0131n\u0131z\u0131 dikkatlice de\u011ferlendirin. Para birimlerini i\u00e7eren her t\u00fcrl\u00fc i\u015flem, siyasi de\u011fi\u015fiklikler veya ekonomik ko\u015fullardaki de\u011fi\u015fiklikler nedeniyle para birimi fiyatlar\u0131 veya likidite \u00fczerinde \u00f6nemli bir etki potansiyeli dahil ancak bunlarla s\u0131n\u0131rl\u0131 olmamak \u00fczere riskler i\u00e7erir. Ayr\u0131ca, Forex i\u015flemlerinin kald\u0131ra\u00e7l\u0131 do\u011fas\u0131, piyasa hareketlerinin yat\u0131rd\u0131\u011f\u0131n\u0131z fonlar \u00fczerinde ayn\u0131 oranda bir etkiye sahip olaca\u011f\u0131 anlam\u0131na gelir. Bu sizin lehinize veya aleyhinize i\u015fleyebilir. Ba\u015flang\u0131\u00e7 teminat fonlar\u0131n\u0131n tamam\u0131n\u0131 kaybetme ihtimaliniz vard\u0131r ve pozisyonunuz tasfiye edilecektir; ortaya \u00e7\u0131kan her t\u00fcrl\u00fc zarardan siz sorumlu olacaks\u0131n\u0131z. Yat\u0131r\u0131mc\u0131lara riski azaltmak i\u00e7in \"Zarar\u0131 Durdur\" (Stop Loss) veya \"Limit\" gibi stratejiler kullanmalar\u0131 tavsiye edilir. Sa\u011flanan i\u00e7erik iyi niyetle sunulmaktad\u0131r ve do\u011fru oldu\u011funa inan\u0131lmaktad\u0131r, ancak bu web sitesi do\u011fruluk veya g\u00fcncellik konusunda a\u00e7\u0131k veya z\u0131mni hi\u00e7bir garanti vermez.<br>\n<br>\n<h2><strong>8. Sorumluluk Reddi<\/strong><\/h2>\nBu web sitesi ile y\u00f6netimi ve \u00e7al\u0131\u015fanlar\u0131, bu materyallerdeki hatalar, yanl\u0131\u015fl\u0131klar veya eksiklikler i\u00e7in hi\u00e7bir sorumluluk kabul etmez. Bu materyallerdeki bilgilerin, metinlerin, grafiklerin, ba\u011flant\u0131lar\u0131n veya di\u011fer \u00f6\u011felerin do\u011frulu\u011funu veya eksiksizli\u011fini garanti etmezler. Bu web sitesi ile y\u00f6netimi ve \u00e7al\u0131\u015fanlar\u0131, veri kayb\u0131, gelir kayb\u0131 veya kar kayb\u0131 dahil ancak bunlarla s\u0131n\u0131rl\u0131 olmamak \u00fczere, bu materyallerden kaynaklanabilecek herhangi bir \u00f6zel, dolayl\u0131, ar\u0131zi veya sonu\u00e7sal zarardan sorumlu tutulamaz.<br>\n<br>\n<h2><strong>9. Promosyonlar, Bonuslar ve Fon G\u00fcvenli\u011fi<\/strong><\/h2>\nBu web sitesi arac\u0131l\u0131\u011f\u0131yla sunulan \u00fc\u00e7\u00fcnc\u00fc taraf promosyonlar\u0131 ve bonuslar\u0131 \u00fc\u00e7\u00fcnc\u00fc taraf\u0131n sorumlulu\u011fundad\u0131r. Bu web sitesi, \u00fc\u00e7\u00fcnc\u00fc taraflarca sunulan bonus veya promosyon tekliflerinin ba\u015far\u0131s\u0131zl\u0131\u011f\u0131ndan veya yetersiz performans\u0131ndan sorumlu de\u011fildir. Baz\u0131 brokerler i\u00e7in bonuslar komisyonumuzdan d\u00fc\u015f\u00fclebilir ve bu da beklenenden daha d\u00fc\u015f\u00fck iadelere (rebates) neden olabilir. Bu web sitesi yaln\u0131zca teknik ve bilgi hizmeti sa\u011flay\u0131c\u0131s\u0131 olarak hareket eder, kullan\u0131c\u0131 fonlar\u0131n\u0131 y\u00f6netmez ve hesap y\u00f6netimi hizmetleri sunmaz.<br>\n<br>\n<h2><strong>10. Fikri M\u00fclkiyet<\/strong><\/h2>\nBu web sitesi taraf\u0131ndan sa\u011flanan t\u00fcm yaz\u0131l\u0131mlar (EA), g\u00f6stergeler, strateji parametreleri ve i\u00e7erikler \u015firketimizin fikri m\u00fclkiyetidir. Yaz\u0131l\u0131 izin al\u0131nmadan bu web sitesindeki yaz\u0131l\u0131m\u0131n tersine m\u00fchendisli\u011fi, de\u011fi\u015ftirilmesi, kopyalanmas\u0131 veya yeniden sat\u0131lmas\u0131 kesinlikle yasakt\u0131r.<br>\n<br>\n<h2><strong>11. Uygulanacak Hukuk<\/strong><\/h2>\nBu Hizmet Ko\u015fullar\u0131n\u0131n yorumlanmas\u0131 ve uygulanmas\u0131 Tayvan (R.O.C.) yasalar\u0131na g\u00f6re y\u00fcr\u00fct\u00fclecektir. Bir ihtilaf durumunda, her iki taraf da Tayvan Taipei B\u00f6lge Mahkemesinin ilk derece mahkemesi olaca\u011f\u0131n\u0131 kabul eder.<br>\n<br>\n<h2><strong>12. Dil Maddesi<\/strong><\/h2>\nBu yasal \u015fartlar referans amac\u0131yla birden fazla dil s\u00fcr\u00fcm\u00fcnde sunulabilir. Herhangi bir \u00e7eviri hatas\u0131 veya anlamsal farkl\u0131l\u0131k durumunda \u0130ngilizce s\u00fcr\u00fcm ge\u00e7erli olacakt\u0131r. \u0130ngilizce s\u00fcr\u00fcm, bu web sitesinin yasal \u015fartlar\u0131n\u0131n tek resmi s\u00fcr\u00fcm\u00fcd\u00fcr ve yasal ge\u00e7erlili\u011fe sahiptir.<br>\n<\/span><\/div>\n\t\t\t\t<div class=\"elementor-element elementor-element-21aff1c elementor-widget elementor-widget-spacer\" data-id=\"21aff1c\" data-element_type=\"widget\" data-widget_type=\"spacer.default\">\n\t\t\t\t\t\t\t<div class=\"elementor-spacer\">\n\t\t\t<div class=\"elementor-spacer-inner\"><\/div>\n\t\t<\/div>\n\t\t\t\t\t\t<\/div>\n\t\t\t\t\t<\/div>\n\t\t\t\t<\/div>\n\t\t\t\t<\/div>","protected":false},"excerpt":{"rendered":"<p>Hizmetler, kay\u0131t ve g\u00fcvenlik hakk\u0131nda \u00f6nemli bilgiler. Mr.Forex ile g\u00fcvenli bir i\u015flem deneyimi i\u00e7in hak ve y\u00fck\u00fcml\u00fcl\u00fcklerinizi buradan \u00f6\u011frenin.<\/p>","protected":false},"author":1,"featured_media":62793,"parent":0,"menu_order":0,"comment_status":"closed","ping_status":"closed","template":"","meta":{"footnotes":""},"tags":[],"class_list":["post-6209","page","type-page","status-publish","has-post-thumbnail","hentry"],"_links":{"self":[{"href":"https:\/\/mister.forex\/tr\/wp-json\/wp\/v2\/pages\/6209","targetHints":{"allow":["GET"]}}],"collection":[{"href":"https:\/\/mister.forex\/tr\/wp-json\/wp\/v2\/pages"}],"about":[{"href":"https:\/\/mister.forex\/tr\/wp-json\/wp\/v2\/types\/page"}],"author":[{"embeddable":true,"href":"https:\/\/mister.forex\/tr\/wp-json\/wp\/v2\/users\/1"}],"replies":[{"embeddable":true,"href":"https:\/\/mister.forex\/tr\/wp-json\/wp\/v2\/comments?post=6209"}],"version-history":[{"count":15,"href":"https:\/\/mister.forex\/tr\/wp-json\/wp\/v2\/pages\/6209\/revisions"}],"predecessor-version":[{"id":70328,"href":"https:\/\/mister.forex\/tr\/wp-json\/wp\/v2\/pages\/6209\/revisions\/70328"}],"wp:featuredmedia":[{"embeddable":true,"href":"https:\/\/mister.forex\/tr\/wp-json\/wp\/v2\/media\/62793"}],"wp:attachment":[{"href":"https:\/\/mister.forex\/tr\/wp-json\/wp\/v2\/media?parent=6209"}],"wp:term":[{"taxonomy":"post_tag","embeddable":true,"href":"https:\/\/mister.forex\/tr\/wp-json\/wp\/v2\/tags?post=6209"}],"curies":[{"name":"wp","href":"https:\/\/api.w.org\/{rel}","templated":true}]}}