{"id":66033,"date":"2026-02-04T23:49:39","date_gmt":"2026-02-04T15:49:39","guid":{"rendered":"https:\/\/mister.forex\/?page_id=66033"},"modified":"2026-05-06T13:28:44","modified_gmt":"2026-05-06T05:28:44","slug":"prop-firm-trading-guide-get-funded","status":"publish","type":"page","link":"https:\/\/mister.forex\/tr\/prop-firm-trading-guide-get-funded\/","title":{"rendered":"Nihai Prop Firm Rehberi: 100.000$ \u0130\u015flem Sermayesi Nas\u0131l Sa\u011flan\u0131r | Mr.Forex"},"content":{"rendered":"<div data-elementor-type=\"wp-page\" data-elementor-id=\"66033\" class=\"elementor elementor-66033\" data-elementor-post-type=\"page\">\n\t\t\t\t<div class=\"elementor-element elementor-element-3c29475 e-flex e-con-boxed e-con e-parent\" data-id=\"3c29475\" data-element_type=\"container\">\n\t\t\t\t\t<div class=\"e-con-inner\">\n\t\t\t\t<div class=\"elementor-element elementor-element-4a3ad48 elementor-widget elementor-widget-heading\" data-id=\"4a3ad48\" data-element_type=\"widget\" data-widget_type=\"heading.default\">\n\t\t\t\t\t<h1 class=\"elementor-heading-title elementor-size-default\">Prop Firm Modelinin \u0130\u00e7y\u00fcz\u00fc: \u0130\u015flem Yeteneklerinizi Do\u011frudan Kazanca D\u00f6n\u00fc\u015ft\u00fcr\u00fcn<\/h1>\t\t\t\t<\/div>\n\t\t\t\t<div class=\"elementor-element elementor-element-9eca83a elementor-widget elementor-widget-html\" data-id=\"9eca83a\" data-element_type=\"widget\" data-widget_type=\"html.default\">\n\t\t\t\t\tProp Firm de\u011ferlendirme mekanizmalar\u0131n\u0131 anlamak. \u0130\u015flem uzmanl\u0131\u011f\u0131n\u0131z\u0131 paraya d\u00f6n\u00fc\u015ft\u00fcr\u00fcn ve k\u00fc\u00e7\u00fck hesaplar\u0131n s\u0131n\u0131rlamalar\u0131ndan kurtulun.\t\t\t\t<\/div>\n\t\t\t\t<div class=\"elementor-element elementor-element-d45ecae elementor-widget elementor-widget-html translation-block\" data-id=\"d45ecae\" data-element_type=\"widget\" data-widget_type=\"html.default\">Yazar: <strong>Mr.Forex<\/strong><\/div>\n\t\t\t\t<div class=\"elementor-element elementor-element-50a8bd5 elementor-widget elementor-widget-html translation-block\" data-id=\"50a8bd5\" data-element_type=\"widget\" data-widget_type=\"html.default\"><span>\n<h2><strong>\u00d6ns\u00f6z: Yetenekleriniz De\u011ferli Ama Sermayeniz K\u00fc\u00e7\u00fck<\/strong><\/h2>\nBuraya kadar geldi\u011finiz i\u00e7in tebrikler.<br><br>\n\nArt\u0131k mum grafiklerini, stratejileri ve risk y\u00f6netimini anl\u0131yorsunuz. Bu piyasada hayatta kalmak i\u00e7in gereken temel becerilere zaten sahipsiniz.<br><br>\n\nAncak ger\u00e7ekler genellikle ac\u0131mas\u0131zd\u0131r:<br><br>\n\nSadece <strong>1.000$ USD<\/strong> sermayeniz varsa, Warren Buffett bile olsan\u0131z ve ayda sabit %&#8203;5 kazansan\u0131z (ki bu zaten etkileyicidir), sadece <strong>50$ USD<\/strong> kazan\u0131rs\u0131n\u0131z.<br><br>\n\nBu miktar faturalar\u0131 \u00f6demeye bile yetmez.<br><br>\n\n\u0130\u015fte bireysel yat\u0131r\u0131mc\u0131lar\u0131n ikilemi: <strong>Yetenek var ama sermaye yok.<\/strong><br><br>\n\nEskiden tek \u00e7areniz yava\u015f yava\u015f para biriktirmekti. Ancak \u015fimdi finans d\u00fcnyas\u0131nda yeni bir model ortaya \u00e7\u0131kt\u0131 \u2014 <strong>Prop Firm (Tescilli \u0130\u015flem Firmas\u0131)<\/strong>.<br><br>\n\nYeteneklerinizi kan\u0131tlamak i\u00e7in bir s\u0131nav\u0131 ge\u00e7ti\u011finiz s\u00fcrece, size i\u015flem yapman\u0131z i\u00e7in 10 bin, 100 bin ve hatta 500 bin dolarl\u0131k bir hesap sa\u011flarlar. Elde etti\u011finiz k\u00e2r\u0131n %&#8203;80'ini hatta %&#8203;90'\u0131n\u0131 kendinize saklayabilirsiniz.<br><br>\n\nBu, yat\u0131r\u0131m yapmak i\u00e7in bor\u00e7 almak de\u011fildir; bu, <strong>\"liyakat yoluyla fon sa\u011flamakt\u0131r.\"<\/strong><br><br>\n\n<h2><strong>Prop Firm (Tescilli \u0130\u015flem Firmas\u0131) Nedir?<\/strong><\/h2>\nBir <strong>Prop Firm<\/strong>, yetenekli ba\u011f\u0131ms\u0131z yat\u0131r\u0131mc\u0131lar arayan bir \u015firkettir. Mant\u0131klar\u0131 basittir: \u015eirketin sermayesi vard\u0131r ancak yeterince yetenekli yat\u0131r\u0131mc\u0131s\u0131 yoktur.<br>\n\n<h3><strong>Nas\u0131l \u00c7al\u0131\u015f\u0131r:<\/strong><\/h3>\n<ol>\n\u00a0 \u00a0 <li><strong>\u00dccretli De\u011ferlendirme:<\/strong> Sim\u00fcle edilmi\u015f m\u00fccadelelerine kat\u0131lmak i\u00e7in k\u00fc\u00e7\u00fck bir kay\u0131t \u00fccreti (\u00f6rne\u011fin 100$ USD) \u00f6dersiniz.<\/li>\n\u00a0 \u00a0 <li><strong>Yeteneklerinizi Kan\u0131tlay\u0131n:<\/strong> Belirlenen s\u00fcre i\u00e7inde, d\u00fc\u015f\u00fc\u015f (drawdown) s\u0131n\u0131r\u0131n\u0131 (%&#8203;10 gibi) a\u015fmadan k\u00e2r hedefine (%&#8203;10 gibi) ula\u015f\u0131n.<\/li>\n\u00a0 \u00a0 <li><strong>Fon Al\u0131n:<\/strong> Ge\u00e7ti\u011finizde size fonlanm\u0131\u015f bir hesap (Ger\u00e7ek Hesap) sa\u011flarlar.<\/li>\n\u00a0 \u00a0 <li><strong>K\u00e2r Payla\u015f\u0131m\u0131:<\/strong> Bu hesapta elde edilen k\u00e2r\u0131n b\u00fcy\u00fck k\u0131sm\u0131n\u0131 siz al\u0131rs\u0131n\u0131z (genellikle %&#8203;80), platform ise k\u00fc\u00e7\u00fck bir pay al\u0131r.<\/li>\n<\/ol><br>\n\nZekice bir anla\u015fma:<br><br>\n\n100 dolarl\u0131k bir kay\u0131t \u00fccretini (riskiniz) kullanarak 10.000 dolarl\u0131k bir hesapta i\u015flem yapma f\u0131rsat\u0131 (sahneniz) elde edersiniz.<br><br>\n\n<h2><strong>Neden Bir Prop Firm'e Kat\u0131lmal\u0131s\u0131n\u0131z?<\/strong><\/h2>\nHadi hesap yapal\u0131m ve \"kendi paran\u0131zla i\u015flem yapmay\u0131\" ile bir \"<strong>Prop Firm<\/strong>'e kat\u0131lmay\u0131\" kar\u015f\u0131la\u015ft\u0131ral\u0131m.<br><br>\n\nAyl\u0131k k\u00e2r potansiyelinizin <strong>%&#8203;5<\/strong> oldu\u011funu varsayal\u0131m:<br><br>\n\n<table style=\"border-radius: 8px;border-collapse: separate;border-spacing: 0;overflow: hidden;text-align: center;width: 100%;border: 1px solid #ddd;font-family: sans-serif\">\n<thead style=\"background-color: #15264D;color: #ffffff\">\n\u00a0 \u00a0 \u00a0 <tr>\n\u00a0 \u00a0 \u00a0 \u00a0 <th style=\"padding: 15px\">Kar\u015f\u0131la\u015ft\u0131rma<\/th>\n\u00a0 \u00a0 \u00a0 \u00a0 <th style=\"padding: 15px\">Durum A: Kendi Paran\u0131z\u0131 Kullanmak<\/th>\n\u00a0 \u00a0 \u00a0 \u00a0 <th style=\"padding: 15px\">Durum B: Bir Prop Firm'e Kat\u0131lmak (10k)<\/th>\n\u00a0 <\/tr>\n<\/thead>\n<tbody>\n\u00a0 \u00a0 \u00a0 <tr>\n\u00a0 \u00a0 \u00a0 \u00a0 <td style=\"padding: 12px;border-bottom: 1px solid #eee;background-color: #f9f9f9\"><strong>Ba\u015flang\u0131\u00e7 Maliyeti<\/strong><\/td>\n\u00a0 \u00a0 \u00a0 \u00a0 <td style=\"padding: 12px;border-bottom: 1px solid #eee\">1.000$ USD (Sermaye)<\/td>\n\u00a0 \u00a0 \u00a0 \u00a0 <td style=\"padding: 12px;border-bottom: 1px solid #eee\">Yakla\u015f\u0131k 100$ USD (\u00dccret)<\/td>\n\u00a0 \u00a0 \u00a0 <\/tr>\n\u00a0 \u00a0 \u00a0 <tr>\n\u00a0 \u00a0 \u00a0 \u00a0 <td style=\"padding: 12px;border-bottom: 1px solid #eee;background-color: #f9f9f9\"><strong>\u0130\u015flem Sermayesi<\/strong><\/td>\n\u00a0 \u00a0 \u00a0 \u00a0 <td style=\"padding: 12px;border-bottom: 1px solid #eee\">1.000$ USD<\/td>\n\u00a0 \u00a0 \u00a0 \u00a0 <td style=\"padding: 12px;border-bottom: 1px solid #eee\">10.000$ USD<\/td>\n\u00a0 \u00a0 \u00a0 <\/tr>\n\u00a0 \u00a0 \u00a0 <tr>\n\u00a0 \u00a0 \u00a0 \u00a0 <td style=\"padding: 12px;border-bottom: 1px solid #eee;background-color: #f9f9f9\"><strong>Ayl\u0131k K\u00e2r (%&#8203;5)<\/strong><\/td>\n\u00a0 \u00a0 \u00a0 \u00a0 <td style=\"padding: 12px;border-bottom: 1px solid #eee\">50$ USD<\/td>\n\u00a0 \u00a0 \u00a0 \u00a0 <td style=\"padding: 12px;border-bottom: 1px solid #eee\">500$ USD<\/td>\n\u00a0 \u00a0 \u00a0 <\/tr>\n\u00a0 \u00a0 \u00a0 <tr>\n\u00a0 \u00a0 \u00a0 \u00a0 <td style=\"padding: 12px;border-bottom: 1px solid #eee;background-color: #f9f9f9\"><strong>Ger\u00e7ek Gelir<\/strong><\/td>\n\u00a0 \u00a0 \u00a0 \u00a0 <td style=\"padding: 12px;border-bottom: 1px solid #eee\">50$ USD<\/td>\n\u00a0 \u00a0 \u00a0 \u00a0 <td style=\"padding: 12px;border-bottom: 1px solid #eee;color: #008000;font-size: 1.1em\"><strong>400$ USD (%&#8203;80 Payla\u015f\u0131m)<\/strong><\/td>\n\u00a0 \u00a0 \u00a0 <\/tr>\n\u00a0 \u00a0 <\/tbody>\n<\/table><br>\n\n<strong>Sonu\u00e7:<\/strong> Ayn\u0131 yetenek ve ayn\u0131 k\u00e2r oran\u0131yla (%&#8203;), geliriniz <strong>8 kat<\/strong> artar. \u00dcstelik orijinal sermayeniz cebinizde kal\u0131r ve kendi ana paran\u0131z\u0131 kaybetme riskiniz s\u0131f\u0131rd\u0131r.<br><br>\n\n<h2><strong>Kurallar: Bedava Yemek Yoktur<\/strong><\/h2>\nKula\u011fa harika m\u0131 geliyor? O kadar h\u0131zl\u0131 de\u011fil. <strong>Prop Firm<\/strong>'ler hay\u0131r kurumu de\u011fildir; niteliksiz yat\u0131r\u0131mc\u0131lar\u0131 ay\u0131klamak i\u00e7in kat\u0131 kurallar kullan\u0131rlar.<br><br>\n\n<h3><strong>Yayg\u0131n De\u011ferlendirme Kurallar\u0131:<\/strong><\/h3>\n<ul>\n\u00a0 \u00a0 <li><strong>\ud83c\udfaf K\u00e2r Hedefi:<\/strong> Genellikle ilk a\u015famada %&#8203;8 ile %&#8203;10 aras\u0131nda kazan\u00e7 gerektirir.<\/li>\n\u00a0 \u00a0 <li><strong>\u26a0\ufe0f G\u00fcnl\u00fck Kay\u0131p (Drawdown) S\u0131n\u0131r\u0131:<\/strong> \u00c7o\u011fu ki\u015finin elendi\u011fi yer buras\u0131d\u0131r. Kurallar, g\u00fcnl\u00fck y\u00fczen veya ger\u00e7ekle\u015fen zarar\u0131n sermayenin %&#8203;5'ini a\u015famayaca\u011f\u0131n\u0131 belirtir. Buna \u00e7arpt\u0131\u011f\u0131n\u0131z anda elenirsiniz.<\/li>\n\u00a0 \u00a0 <li><strong>\ud83d\udcc9 Genel Maksimum Kay\u0131p:<\/strong> Hesap bakiyeniz asla belirlenen taban seviyenin (\u00f6rne\u011fin ba\u015flang\u0131\u00e7 sermayesinin %&#8203;10 alt\u0131) alt\u0131na d\u00fc\u015fmemelidir.<\/li>\n\u00a0 \u00a0 <li><strong>\ud83d\udcf0 \u0130\u015flem K\u0131s\u0131tlamalar\u0131:<\/strong> Baz\u0131 firmalar \u00f6nemli haber duyurular\u0131 s\u0131ras\u0131nda i\u015flem yapmay\u0131 veya hafta sonu pozisyon tutmay\u0131 yasaklar.<\/li>\n<\/ul><br>\n\n<h4><strong>Mr.Forex Analizi:<\/strong><\/h4>\nBu kurallar kat\u0131 g\u00f6r\u00fcnebilir ancak asl\u0131nda bunlar bizim vurgulad\u0131\u011f\u0131m\u0131z <strong>\"Risk Y\u00f6netiminin Demir Kurallar\u0131\"<\/strong>d\u0131r. E\u011fer kumar oynamaya (All-in) al\u0131\u015fk\u0131nsan\u0131z, bir Prop Firm'de \u00fc\u00e7 g\u00fcn bile dayanamazs\u0131n\u0131z; ancak risk y\u00f6netimine s\u0131k\u0131 s\u0131k\u0131ya ba\u011fl\u0131 kal\u0131rsan\u0131z, s\u0131nav\u0131 ge\u00e7mek sadece bir zaman meselesidir.\n<\/span><\/div>\n\t\t<div class=\"elementor-element elementor-element-63c0e87 e-con-full e-flex e-con e-child\" data-id=\"63c0e87\" data-element_type=\"container\" data-settings=\"{&quot;background_background&quot;:&quot;classic&quot;}\">\n\t\t\t\t<div class=\"elementor-element elementor-element-dbec11a elementor-widget elementor-widget-html translation-block\" data-id=\"dbec11a\" data-element_type=\"widget\" data-widget_type=\"html.default\"><span>\n<h3><strong>\ud83c\udfc6 Mr.Forex Pro-Se\u00e7im Listesi<\/strong><\/h3>\nAra\u015ft\u0131rma yaparken zaman kazanman\u0131z i\u00e7in piyasadaki en sayg\u0131n ve \u00fcst d\u00fczey firmalar\u0131n bir listesini haz\u0131rlad\u0131m:\n<\/span><\/div>\n\t\t\t\t<div class=\"elementor-element elementor-element-b596fdf elementor-widget elementor-widget-html translation-block\" data-id=\"b596fdf\" data-element_type=\"widget\" data-widget_type=\"html.default\"><span>\n<strong>FTMO \u2014 Sekt\u00f6r\u00fcn Kabul G\u00f6rm\u00fc\u015f Lideri<\/strong><br>\n<ul>\n    <li><strong>\u00d6zellikler:<\/strong> Prop Firm d\u00fcnyas\u0131n\u0131n \"Alt\u0131n Standard\u0131\". En uzun ge\u00e7mi\u015f performans, en sa\u011flam itibar, y\u0131ld\u0131r\u0131m h\u0131z\u0131nda \u00e7ekimler ve m\u00fckemmel bir i\u015flem ortam\u0131.<\/li>\n    <li><strong>Hedef Kitle:<\/strong> Standartla\u015ft\u0131r\u0131lm\u0131\u015f s\u00fcre\u00e7lere ve marka g\u00fcvenilirli\u011fine de\u011fer veren profesyonel yat\u0131r\u0131mc\u0131lar.<\/li>\n<\/ul>\n<\/span><\/div>\n\t\t\t\t<div class=\"elementor-element elementor-element-824ddcf elementor-icon-list--layout-inline elementor-list-item-link-inline elementor-widget elementor-widget-icon-list\" data-id=\"824ddcf\" data-element_type=\"widget\" data-widget_type=\"icon-list.default\">\n\t\t\t\t\t\t\t<ul class=\"elementor-icon-list-items elementor-inline-items\">\n\t\t\t\t\t\t\t<li class=\"elementor-icon-list-item elementor-inline-item\">\n\t\t\t\t\t\t\t\t\t\t\t<a href=\"https:\/\/trader.ftmo.com\/?affiliates=eHFMXPlbOlHBoIeBTdvU\" target=\"_blank\" rel=\"nofollow noopener\">\n\n\t\t\t\t\t\t\t\t\t\t\t\t<span class=\"elementor-icon-list-icon\">\n\t\t\t\t\t\t\t<svg aria-hidden=\"true\" class=\"e-font-icon-svg e-far-check-circle\" viewbox=\"0 0 512 512\" xmlns=\"http:\/\/www.w3.org\/2000\/svg\"><path d=\"M256 8C119.033 8 8 119.033 8 256s111.033 248 248 248 248-111.033 248-248S392.967 8 256 8zm0 48c110.532 0 200 89.451 200 200 0 110.532-89.451 200-200 200-110.532 0-200-89.451-200-200 0-110.532 89.451-200 200-200m140.204 130.267l-22.536-22.718c-4.667-4.705-12.265-4.736-16.97-.068L215.346 303.697l-59.792-60.277c-4.667-4.705-12.265-4.736-16.97-.069l-22.719 22.536c-4.705 4.667-4.736 12.265-.068 16.971l90.781 91.516c4.667 4.705 12.265 4.736 16.97.068l172.589-171.204c4.704-4.668 4.734-12.266.067-16.971z\"><\/path><\/svg>\t\t\t\t\t\t<\/span>\n\t\t\t\t\t\t\t\t\t\t<span class=\"elementor-icon-list-text\">FTMO Challenge Kurallar\u0131n\u0131 G\u00f6r\u00fcnt\u00fclemek \u0130\u00e7in T\u0131klay\u0131n<\/span>\n\t\t\t\t\t\t\t\t\t\t\t<\/a>\n\t\t\t\t\t\t\t\t\t<\/li>\n\t\t\t\t\t\t<\/ul>\n\t\t\t\t\t\t<\/div>\n\t\t\t\t<div class=\"elementor-element elementor-element-c798038 elementor-widget elementor-widget-html translation-block\" data-id=\"c798038\" data-element_type=\"widget\" data-widget_type=\"html.default\"><span>\n<strong>Darwinex Zero \u2014 Fon Y\u00f6neticisi Olma Yolunuz<\/strong><br>\n  <ul>\n    <li><strong>\u00d6zellikler:<\/strong> S\u0131nav s\u00fcresi s\u0131n\u0131r\u0131 olmayan benzersiz \"Abonelik tabanl\u0131\" model. Temel odak noktas\u0131 uzun vadeli performans olu\u015fturmakt\u0131r; en iyi performans g\u00f6sterenlere do\u011frudan kurumsal sermaye tahsis edilir.<\/li>\n    <li><strong>Hedef Kitle:<\/strong> S\u0131nav bask\u0131s\u0131ndan ka\u00e7mak isteyen ve uzun vadeli \"Varl\u0131k Y\u00f6netimi\" hedefleyen yat\u0131r\u0131mc\u0131lar.<\/li>\n  <\/ul>\n<\/span><\/div>\n\t\t\t\t<div class=\"elementor-element elementor-element-c584754 elementor-icon-list--layout-inline elementor-list-item-link-inline elementor-widget elementor-widget-icon-list\" data-id=\"c584754\" data-element_type=\"widget\" data-widget_type=\"icon-list.default\">\n\t\t\t\t\t\t\t<ul class=\"elementor-icon-list-items elementor-inline-items\">\n\t\t\t\t\t\t\t<li class=\"elementor-icon-list-item elementor-inline-item\">\n\t\t\t\t\t\t\t\t\t\t\t<a href=\"https:\/\/www.darwinexzero.com?fpr=6a0yb2\" target=\"_blank\" rel=\"nofollow noopener\">\n\n\t\t\t\t\t\t\t\t\t\t\t\t<span class=\"elementor-icon-list-icon\">\n\t\t\t\t\t\t\t<svg aria-hidden=\"true\" class=\"e-font-icon-svg e-far-check-circle\" viewbox=\"0 0 512 512\" xmlns=\"http:\/\/www.w3.org\/2000\/svg\"><path d=\"M256 8C119.033 8 8 119.033 8 256s111.033 248 248 248 248-111.033 248-248S392.967 8 256 8zm0 48c110.532 0 200 89.451 200 200 0 110.532-89.451 200-200 200-110.532 0-200-89.451-200-200 0-110.532 89.451-200 200-200m140.204 130.267l-22.536-22.718c-4.667-4.705-12.265-4.736-16.97-.068L215.346 303.697l-59.792-60.277c-4.667-4.705-12.265-4.736-16.97-.069l-22.719 22.536c-4.705 4.667-4.736 12.265-.068 16.971l90.781 91.516c4.667 4.705 12.265 4.736 16.97.068l172.589-171.204c4.704-4.668 4.734-12.266.067-16.971z\"><\/path><\/svg>\t\t\t\t\t\t<\/span>\n\t\t\t\t\t\t\t\t\t\t<span class=\"elementor-icon-list-text\">Size \u00d6zel %&#8203;20 \u0130ndirim Kodunu Almak \u0130\u00e7in T\u0131klay\u0131n<\/span>\n\t\t\t\t\t\t\t\t\t\t\t<\/a>\n\t\t\t\t\t\t\t\t\t<\/li>\n\t\t\t\t\t\t<\/ul>\n\t\t\t\t\t\t<\/div>\n\t\t\t\t<div class=\"elementor-element elementor-element-01023ef elementor-icon-list--layout-inline elementor-list-item-link-inline elementor-widget elementor-widget-icon-list\" data-id=\"01023ef\" data-element_type=\"widget\" data-widget_type=\"icon-list.default\">\n\t\t\t\t\t\t\t<ul class=\"elementor-icon-list-items elementor-inline-items\">\n\t\t\t\t\t\t\t<li class=\"elementor-icon-list-item elementor-inline-item\">\n\t\t\t\t\t\t\t\t\t\t\t<span class=\"elementor-icon-list-icon\">\n\t\t\t\t\t\t\t<svg aria-hidden=\"true\" class=\"e-font-icon-svg e-fas-bullhorn\" viewbox=\"0 0 576 512\" xmlns=\"http:\/\/www.w3.org\/2000\/svg\"><path d=\"M576 240c0-23.63-12.95-44.04-32-55.12V32.01C544 23.26 537.02 0 512 0c-7.12 0-14.19 2.38-19.98 7.02l-85.03 68.03C364.28 109.19 310.66 128 256 128H64c-35.35 0-64 28.65-64 64v96c0 35.35 28.65 64 64 64h33.7c-1.39 10.48-2.18 21.14-2.18 32 0 39.77 9.26 77.35 25.56 110.94 5.19 10.69 16.52 17.06 28.4 17.06h74.28c26.05 0 41.69-29.84 25.9-50.56-16.4-21.52-26.15-48.36-26.15-77.44 0-11.11 1.62-21.79 4.41-32H256c54.66 0 108.28 18.81 150.98 52.95l85.03 68.03a32.023 32.023 0 0 0 19.98 7.02c24.92 0 32-22.78 32-32V295.13C563.05 284.04 576 263.63 576 240zm-96 141.42l-33.05-26.44C392.95 311.78 325.12 288 256 288v-96c69.12 0 136.95-23.78 190.95-66.98L480 98.58v282.84z\"><\/path><\/svg>\t\t\t\t\t\t<\/span>\n\t\t\t\t\t\t\t\t\t\t<span class=\"elementor-icon-list-text\"><strong>\u0130ndirim Kodu:\u00a0<\/strong>ZEROPARTNER_20<\/span>\n\t\t\t\t\t\t\t\t\t<\/li>\n\t\t\t\t\t\t<\/ul>\n\t\t\t\t\t\t<\/div>\n\t\t\t\t<div class=\"elementor-element elementor-element-6c863f8 elementor-widget elementor-widget-heading\" data-id=\"6c863f8\" data-element_type=\"widget\" data-widget_type=\"heading.default\">\n\t\t\t\t\t<span class=\"elementor-heading-title elementor-size-default\">(Not: Ba\u011flant\u0131 \u00fczerinden kaydolmak ekstra avantajlar sa\u011flar ve bu sitenin i\u015fleyi\u015fini destekler.)<\/span>\t\t\t\t<\/div>\n\t\t\t\t<\/div>\n\t\t\t\t<div class=\"elementor-element elementor-element-6a1281a elementor-widget elementor-widget-html translation-block\" data-id=\"6a1281a\" data-element_type=\"widget\" data-widget_type=\"html.default\"><span>\n<h2><strong>Sonu\u00e7: Mezuniyet S\u0131nav\u0131 \u2014 Bir Sonraki Ad\u0131m\u0131n\u0131z<\/strong><\/h2>\nKat etti\u011finiz yola geri d\u00f6n\u00fcp bak\u0131n: Yaz\u0131l\u0131mda ustala\u015ft\u0131n\u0131z, stratejileri \u00f6\u011frendiniz ve risk y\u00f6netimini kavrad\u0131n\u0131z. Art\u0131k katlanm\u0131\u015f k\u00e2rlar\u0131n biletini elinizde tutuyorsunuz.<br><br>\n\n<h3><strong>\ud83c\udf93 M\u00fccadeleye (Challenge) Ne Zaman Ba\u015flamal\u0131s\u0131n\u0131z?<\/strong><\/h3>\nL\u00fctfen \u00f6nce bir demo hesab\u0131nda a\u015fa\u011f\u0131daki <strong>\"Mezuniyet Standartlar\u0131na\"<\/strong> ula\u015f\u0131n:<br><br>\n  <ol>\n    <li><strong>Myfxbook<\/strong> kullanarak en az 1 ayl\u0131k demo hesap performans\u0131n\u0131 kaydedin.<\/li>\n    <li>\u015eu metrikleri kar\u015f\u0131lay\u0131n: <strong>K\u00e2r Fakt\u00f6r\u00fc (Profit Factor) &gt; 1.5<\/strong> ve <strong>Maksimum Kay\u0131p (Drawdown) &lt; %&#8203;10<\/strong>.<\/li>\n    <li>Zihin Yap\u0131s\u0131 Kontrol\u00fc: Kesinlikle \"intikam i\u015flemleri\" yapmadan disiplini tutarl\u0131 bir \u015fekilde takip edebilmek.<\/li>\n  <\/ol><br>\n\nBu ko\u015fullar yerine getirildi\u011finde, cesurca en k\u00fc\u00e7\u00fck m\u00fccadeleye kaydolun. Bu k\u00fc\u00e7\u00fck kay\u0131t \u00fccreti, profesyonel bir yat\u0131r\u0131mc\u0131 olma yolculu\u011funuzdaki en y\u00fcksek ROI (yat\u0131r\u0131m getirisi) sa\u011flayan yat\u0131r\u0131m olacakt\u0131r.<br><br>\n\n<strong>Piyasalarda bol \u015fans. \u0130leri d\u00fczey kurslarda g\u00f6r\u00fc\u015fmek \u00fczere.<\/strong><br><br>\n\n  \u2014 <strong>Mr.Forex<\/strong>\n<\/span><\/div>\n\t\t\t\t<div class=\"elementor-element elementor-element-b8c31ee elementor-icon-list--layout-inline elementor-list-item-link-inline elementor-widget elementor-widget-icon-list\" data-id=\"b8c31ee\" data-element_type=\"widget\" data-widget_type=\"icon-list.default\">\n\t\t\t\t\t\t\t<ul class=\"elementor-icon-list-items elementor-inline-items\">\n\t\t\t\t\t\t\t<li class=\"elementor-icon-list-item elementor-inline-item\">\n\t\t\t\t\t\t\t\t\t\t\t<a href=\"https:\/\/mister.forex\/tr\/ebook-hub\/\">\n\n\t\t\t\t\t\t\t\t\t\t\t\t<span class=\"elementor-icon-list-icon\">\n\t\t\t\t\t\t\t<svg aria-hidden=\"true\" class=\"e-font-icon-svg e-fas-home\" viewbox=\"0 0 576 512\" xmlns=\"http:\/\/www.w3.org\/2000\/svg\"><path d=\"M280.37 148.26L96 300.11V464a16 16 0 0 0 16 16l112.06-.29a16 16 0 0 0 15.92-16V368a16 16 0 0 1 16-16h64a16 16 0 0 1 16 16v95.64a16 16 0 0 0 16 16.05L464 480a16 16 0 0 0 16-16V300L295.67 148.26a12.19 12.19 0 0 0-15.3 0zM571.6 251.47L488 182.56V44.05a12 12 0 0 0-12-12h-56a12 12 0 0 0-12 12v72.61L318.47 43a48 48 0 0 0-61 0L4.34 251.47a12 12 0 0 0-1.6 16.9l25.5 31A12 12 0 0 0 45.15 301l235.22-193.74a12.19 12.19 0 0 1 15.3 0L530.9 301a12 12 0 0 0 16.9-1.6l25.5-31a12 12 0 0 0-1.7-16.93z\"><\/path><\/svg>\t\t\t\t\t\t<\/span>\n\t\t\t\t\t\t\t\t\t\t<span class=\"elementor-icon-list-text\">eKitap Ana Sayfas\u0131na D\u00f6n<\/span>\n\t\t\t\t\t\t\t\t\t\t\t<\/a>\n\t\t\t\t\t\t\t\t\t<\/li>\n\t\t\t\t\t\t<\/ul>\n\t\t\t\t\t\t<\/div>\n\t\t\t\t\t<\/div>\n\t\t\t\t<\/div>\n\t\t\t\t<\/div>","protected":false},"excerpt":{"rendered":"<p>Prop Firm'lerin nas\u0131l \u00e7al\u0131\u015ft\u0131\u011f\u0131n\u0131 ke\u015ffedin: Bor\u00e7lanmak yok. 100.000$&#8203;+ i\u015flem sermayesine ve %&#8203;80 kar payla\u015f\u0131m\u0131na eri\u015fmek i\u00e7in de\u011ferlendirmeyi ge\u00e7in! Mr.Forex size k\u00fc\u00e7\u00fck bir kay\u0131t \u00fccretini nas\u0131l profesyonel bir kariyere d\u00f6n\u00fc\u015ft\u00fcrece\u011finizi, yeteneklerinizi nas\u0131l kazanca d\u00f6n\u00fc\u015ft\u00fcrece\u011finizi ve k\u00fc\u00e7\u00fck hesap d\u00f6ng\u00fcs\u00fcnden nas\u0131l kurtulaca\u011f\u0131n\u0131z\u0131 g\u00f6steriyor.<\/p>","protected":false},"author":1,"featured_media":66049,"parent":0,"menu_order":0,"comment_status":"closed","ping_status":"closed","template":"","meta":{"footnotes":""},"tags":[128],"class_list":["post-66033","page","type-page","status-publish","has-post-thumbnail","hentry","tag-no-google"],"_links":{"self":[{"href":"https:\/\/mister.forex\/tr\/wp-json\/wp\/v2\/pages\/66033","targetHints":{"allow":["GET"]}}],"collection":[{"href":"https:\/\/mister.forex\/tr\/wp-json\/wp\/v2\/pages"}],"about":[{"href":"https:\/\/mister.forex\/tr\/wp-json\/wp\/v2\/types\/page"}],"author":[{"embeddable":true,"href":"https:\/\/mister.forex\/tr\/wp-json\/wp\/v2\/users\/1"}],"replies":[{"embeddable":true,"href":"https:\/\/mister.forex\/tr\/wp-json\/wp\/v2\/comments?post=66033"}],"version-history":[{"count":39,"href":"https:\/\/mister.forex\/tr\/wp-json\/wp\/v2\/pages\/66033\/revisions"}],"predecessor-version":[{"id":71275,"href":"https:\/\/mister.forex\/tr\/wp-json\/wp\/v2\/pages\/66033\/revisions\/71275"}],"wp:featuredmedia":[{"embeddable":true,"href":"https:\/\/mister.forex\/tr\/wp-json\/wp\/v2\/media\/66049"}],"wp:attachment":[{"href":"https:\/\/mister.forex\/tr\/wp-json\/wp\/v2\/media?parent=66033"}],"wp:term":[{"taxonomy":"post_tag","embeddable":true,"href":"https:\/\/mister.forex\/tr\/wp-json\/wp\/v2\/tags?post=66033"}],"curies":[{"name":"wp","href":"https:\/\/api.w.org\/{rel}","templated":true}]}}