{"id":66400,"date":"2026-02-13T13:35:55","date_gmt":"2026-02-13T05:35:55","guid":{"rendered":"https:\/\/mister.forex\/?page_id=66400"},"modified":"2026-04-19T09:12:36","modified_gmt":"2026-04-19T01:12:36","slug":"why-we-refuse-mql5-signalstart","status":"publish","type":"page","link":"https:\/\/mister.forex\/tr\/why-we-refuse-mql5-signalstart\/","title":{"rendered":"MQL5 Aboneli\u011fi Ger\u00e7ekten Kazand\u0131r\u0131r m\u0131? Copy Trade'in 3 Tuza\u011f\u0131n\u0131 \u0130f\u015fa Ediyoruz | Mr.Forex"},"content":{"rendered":"<div data-elementor-type=\"wp-page\" data-elementor-id=\"66400\" class=\"elementor elementor-66400\" data-elementor-post-type=\"page\">\n\t\t\t\t<div class=\"elementor-element elementor-element-5818207 e-flex e-con-boxed e-con e-parent\" data-id=\"5818207\" data-element_type=\"container\">\n\t\t\t\t\t<div class=\"e-con-inner\">\n\t\t\t\t<div class=\"elementor-element elementor-element-384e732 elementor-widget elementor-widget-heading\" data-id=\"384e732\" data-element_type=\"widget\" data-widget_type=\"heading.default\">\n\t\t\t\t\t<h1 class=\"elementor-heading-title elementor-size-default\">Yat\u0131r\u0131mc\u0131 K\u00e2r\u0131n\u0131 Korumak: MQL5 Abonelik Sistemini Reddetmemiz \u0130\u00e7in 4 Teknik Neden<\/h1>\t\t\t\t<\/div>\n\t\t\t\t<div class=\"elementor-element elementor-element-dbb2d15 elementor-widget elementor-widget-html translation-block\" data-id=\"dbb2d15\" data-element_type=\"widget\" data-widget_type=\"html.default\"><span>\nOtomatik i\u015flem ara\u00e7lar\u0131n\u0131 aramaya ba\u015flad\u0131\u011f\u0131n\u0131zda, <strong>MQL5<\/strong>, <strong>SignalStart<\/strong> veya <strong>ZuluTrade<\/strong> gibi pop\u00fcler sinyal abonelik platformlar\u0131n\u0131 mutlaka duymu\u015fsunuzdur. Bir\u00e7ok kullan\u0131c\u0131 bana \u015funu soruyor: \"Sisteminiz bu kadar istikrarl\u0131ysa, neden bu platformlarda ayl\u0131k \u00fccretle abonelik sunmuyorsunuz?\"<br><br>\n\nBu \u00e7ok profesyonel bir soru. Bug\u00fcn bu platformlar\u0131 reddetme nedenlerimizi a\u00e7\u0131klamak istiyorum. Bu teknik olarak yapamad\u0131\u011f\u0131m\u0131zdan de\u011fil, aksine \u015funu \u00e7ok iyi bildi\u011fimizden: <strong>Bu platformlarda \"Scalping\" stratejilerine abone olundu\u011funda, sonu\u00e7ta genellikle sadece sinyal sa\u011flay\u0131c\u0131 para kazan\u0131r, takip\u00e7iler ise zarar eder.<\/strong><br><br>\n\nYat\u0131r\u0131mc\u0131lar\u0131n sermayesini korumak i\u00e7in taviz vermedi\u011fimiz teknik s\u0131n\u0131rlar \u015funlard\u0131r:\n<\/span><br><br>\n\n<span>\n<h2><strong>1. K\u00fc\u00e7\u00fck Sermayeli Kullan\u0131c\u0131lar \u0130\u00e7in \"\u0130ntihar\" Tuza\u011f\u0131<\/strong><\/h2>\n\n<strong>MQL5<\/strong> gibi platformlar genellikle sabit bir ayl\u0131k \u00fccret (\u00f6rne\u011fin ayl\u0131k 30&#8203; - 100&#8203; USD) al\u0131r. Bu miktar b\u00fcy\u00fck hesaplar i\u00e7in \u00f6nemsiz olabilir ancak k\u00fc\u00e7\u00fck yat\u0131r\u0131mc\u0131lar i\u00e7in \u00f6l\u00fcmc\u00fcld\u00fcr.<br><br>\n\n<ul>\n    <li><strong>Y\u00fcksek K\u00e2r Bask\u0131s\u0131:<\/strong> Hesap b\u00fcy\u00fckl\u00fc\u011f\u00fcn\u00fcz\u00fcn 1,000&#8203; USD oldu\u011funu ve ayl\u0131k 50&#8203; USD \u00fccret \u00f6dedi\u011finizi varsayal\u0131m; bu, sadece maliyeti \u00e7\u0131karmak i\u00e7in her ay %&#8203;5&#8203; getiri elde etmeniz gerekti\u011fi anlam\u0131na gelir.<\/li><br>\n    <li><strong>Bozulan \u0130\u015flem Psikolojisi:<\/strong> Bu sabit maliyeti kar\u015f\u0131lamak i\u00e7in k\u00fc\u00e7\u00fck kullan\u0131c\u0131lar fark\u0131nda olmadan y\u00fcksek getiri pe\u015finde ko\u015far ve sistemi y\u00fcksek riskli, y\u00fcksek d\u00fc\u015f\u00fc\u015fl\u00fc (Drawdown) tehlikeli durumlara zorlar.<\/li><br>\n    <li><strong>Bizim \u00c7\u00f6z\u00fcm\u00fcm\u00fcz:<\/strong> Sadece <strong>\"Performans \u00dccreti (Performance Fee)\"<\/strong> modelini kullanmakta kararl\u0131y\u0131z. E\u011fer para kazanmazsan\u0131z, sizden bir kuru\u015f bile almay\u0131z. Bu, yat\u0131r\u0131mc\u0131yla \u00e7\u0131karlar\u0131m\u0131z\u0131n tamamen ayn\u0131 olmas\u0131n\u0131 sa\u011flar.<\/li>\n<\/ul>\n<\/span><br>\n\n<span>\n<h2><strong>2. Teknik Ger\u00e7ek: Sa\u011flay\u0131c\u0131 Kazan\u0131r, Takip\u00e7i Kaybeder<\/strong><\/h2>\n\nBu, \u00fc\u00e7\u00fcnc\u00fc taraf platformlardaki en yayg\u0131n \u015fikayettir. \u00d6zellikle pop\u00fcler \"Scalping\" stratejimiz, i\u015flem ortam\u0131 (makas aral\u0131\u011f\u0131, kayma, gecikme) konusunda son derece kat\u0131 gereksinimlere sahiptir.<br><br>\n\n<ul>\n    <li><strong>Teknik Darbo\u011faz:<\/strong> <strong>MQL5<\/strong> gibi sunucular aras\u0131 platformlarda, sinyalin iletimi s\u0131ras\u0131nda ya\u015fanan gecikme ciddi fiyat farklar\u0131na neden olur.<\/li><br>\n    <li><strong>K\u00f6t\u00fc Uygulama Sonu\u00e7lar\u0131:<\/strong> Sinyal kayna\u011f\u0131 2030.10'da girip 2030.50'de \u00e7\u0131karak 4 pip k\u00e2r eder; ancak siz gecikme nedeniyle 2030.40'ta girip 2030.45'te kapatabilirsiniz. Komisyon ve kayma sonras\u0131 hesab\u0131n\u0131z asl\u0131nda eksidedir.<\/li><br>\n    <li><strong>Temel Sonu\u00e7:<\/strong> Bu \"platformlar aras\u0131 abonelik\" mekanizmas\u0131, hassas ve y\u00fcksek h\u0131zl\u0131 kantitatif stratejiler i\u00e7in uygun de\u011fildir.<\/li>\n<\/ul>\n<\/span><\/div>\n\t\t<div class=\"elementor-element elementor-element-0917671 e-con-full e-flex e-con e-child\" data-id=\"0917671\" data-element_type=\"container\" data-settings=\"{&quot;background_background&quot;:&quot;classic&quot;}\">\n\t\t\t\t<div class=\"elementor-element elementor-element-e0481e3 elementor-widget elementor-widget-html translation-block\" data-id=\"e0481e3\" data-element_type=\"widget\" data-widget_type=\"html.default\"><span>\n<strong>Mr.Forex Analizi:<\/strong> Sadece benim s\u00f6z\u00fcme g\u00fcvenmek zorunda de\u011filsiniz; bu platformlar\u0131n ger\u00e7ek puanlar\u0131n\u0131 <a href=\"https:\/\/www.trustpilot.com\/\" target=\"_blank\" rel=\"nofollow noopener\"><strong>Trustpilot<\/strong><\/a> \u00fczerinden kontrol edebilirsiniz. Kullan\u0131c\u0131lar\u0131n \"hatal\u0131 sinyal\" veya \"hesap patlamas\u0131\" \u015fikayetlerinin temel nedeni genellikle **platformlar aras\u0131 kayman\u0131n (slippage) k\u00e2r\u0131 yok etmesi** ve sabit abonelik \u00fccretlerinin anaparay\u0131 t\u00fcketmesidir.\n<\/span><\/div>\n\t\t\t\t<\/div>\n\t\t<div class=\"elementor-element elementor-element-46f9c19 e-grid e-con-full e-con e-child\" data-id=\"46f9c19\" data-element_type=\"container\">\n\t\t\t\t<div class=\"elementor-element elementor-element-c27ab99 elementor-widget elementor-widget-image\" data-id=\"c27ab99\" data-element_type=\"widget\" data-widget_type=\"image.default\">\n\t\t\t\t\t\t\t\t\t\t\t\t<figure class=\"wp-caption\">\n\t\t\t\t\t\t\t\t\t\t\t<a href=\"https:\/\/www.trustpilot.com\/review\/www.mql5.com\" target=\"_blank\" rel=\"nofollow noopener\">\n\t\t\t\t\t\t\t<img decoding=\"async\" width=\"429\" height=\"115\" src=\"https:\/\/mister.forex\/wp-content\/uploads\/2026\/02\/MQL5.webp\" class=\"attachment-full size-full wp-image-66412\" alt=\"MQL5 Yorumlar\u0131\" srcset=\"https:\/\/mister.forex\/wp-content\/uploads\/2026\/02\/MQL5.webp 429w, https:\/\/mister.forex\/wp-content\/uploads\/2026\/02\/MQL5-300x80.webp 300w, https:\/\/mister.forex\/wp-content\/uploads\/2026\/02\/MQL5-18x5.webp 18w\" sizes=\"(max-width: 429px) 100vw, 429px\" \/>\t\t\t\t\t\t\t\t<\/a>\n\t\t\t\t\t\t\t\t\t\t\t<figcaption class=\"widget-image-caption wp-caption-text\">MQL5 Yorumlar\u0131<\/figcaption>\n\t\t\t\t\t\t\t\t\t\t<\/figure>\n\t\t\t\t\t\t\t\t\t<\/div>\n\t\t\t\t<div class=\"elementor-element elementor-element-ad74459 elementor-widget elementor-widget-image\" data-id=\"ad74459\" data-element_type=\"widget\" data-widget_type=\"image.default\">\n\t\t\t\t\t\t\t\t\t\t\t\t<figure class=\"wp-caption\">\n\t\t\t\t\t\t\t\t\t\t\t<a href=\"https:\/\/www.trustpilot.com\/review\/signalstart.com\" target=\"_blank\" rel=\"nofollow noopener\">\n\t\t\t\t\t\t\t<img decoding=\"async\" width=\"410\" height=\"115\" src=\"https:\/\/mister.forex\/wp-content\/uploads\/2026\/02\/SignalStart.webp\" class=\"attachment-full size-full wp-image-66413\" alt=\"SignalStart Yorumlar\u0131\" srcset=\"https:\/\/mister.forex\/wp-content\/uploads\/2026\/02\/SignalStart.webp 410w, https:\/\/mister.forex\/wp-content\/uploads\/2026\/02\/SignalStart-300x84.webp 300w, https:\/\/mister.forex\/wp-content\/uploads\/2026\/02\/SignalStart-18x5.webp 18w\" sizes=\"(max-width: 410px) 100vw, 410px\" \/>\t\t\t\t\t\t\t\t<\/a>\n\t\t\t\t\t\t\t\t\t\t\t<figcaption class=\"widget-image-caption wp-caption-text\">SignalStart Yorumlar\u0131<\/figcaption>\n\t\t\t\t\t\t\t\t\t\t<\/figure>\n\t\t\t\t\t\t\t\t\t<\/div>\n\t\t\t\t<div class=\"elementor-element elementor-element-bd76ace elementor-widget elementor-widget-image\" data-id=\"bd76ace\" data-element_type=\"widget\" data-widget_type=\"image.default\">\n\t\t\t\t\t\t\t\t\t\t\t\t<figure class=\"wp-caption\">\n\t\t\t\t\t\t\t\t\t\t\t<a href=\"https:\/\/www.trustpilot.com\/review\/zulutrade.com\" target=\"_blank\" rel=\"nofollow noopener\">\n\t\t\t\t\t\t\t<img decoding=\"async\" width=\"400\" height=\"115\" src=\"https:\/\/mister.forex\/wp-content\/uploads\/2026\/02\/ZuluTrade.webp\" class=\"attachment-full size-full wp-image-66414\" alt=\"ZuluTrade Yorumlar\u0131\" srcset=\"https:\/\/mister.forex\/wp-content\/uploads\/2026\/02\/ZuluTrade.webp 400w, https:\/\/mister.forex\/wp-content\/uploads\/2026\/02\/ZuluTrade-300x86.webp 300w, https:\/\/mister.forex\/wp-content\/uploads\/2026\/02\/ZuluTrade-18x5.webp 18w\" sizes=\"(max-width: 400px) 100vw, 400px\" \/>\t\t\t\t\t\t\t\t<\/a>\n\t\t\t\t\t\t\t\t\t\t\t<figcaption class=\"widget-image-caption wp-caption-text\">ZuluTrade Yorumlar\u0131<\/figcaption>\n\t\t\t\t\t\t\t\t\t\t<\/figure>\n\t\t\t\t\t\t\t\t\t<\/div>\n\t\t\t\t<\/div>\n\t\t\t\t<div class=\"elementor-element elementor-element-499a12a elementor-widget elementor-widget-html translation-block\" data-id=\"499a12a\" data-element_type=\"widget\" data-widget_type=\"html.default\"><span>\n<h2><strong>3. Abonelik Sistemi Neden \"Kumarbaz Davran\u0131\u015f\u0131n\u0131\" Tetikler?<\/strong><\/h2>\n\nAbonelik platformlar\u0131nda sa\u011flay\u0131c\u0131n\u0131n gelir yap\u0131s\u0131 basittir: abone say\u0131s\u0131 \u00d7 sabit ayl\u0131k \u00fccret.<br><br>\n\n<ul>\n    <li><strong>Ciddi Ahlaki Tehlike:<\/strong> Bu modelde sa\u011flay\u0131c\u0131n\u0131n, abone \u00e7ekmek i\u00e7in sadece bir ayl\u0131k g\u00f6z al\u0131c\u0131 bir performans \"sergilemek\" ad\u0131na a\u015f\u0131r\u0131 riskli i\u015flemler yapmas\u0131 yeterlidir. Gelecek ay hesap patlasa bile abonelik \u00fccretlerini \u00e7oktan cebine koymu\u015ftur. Riskinizi y\u00f6netmek i\u00e7in hi\u00e7bir te\u015fviki yoktur.<\/li><br>\n    <li><strong>Ger\u00e7ek Kazan-Kazan:<\/strong> Performans \u00fccreti modelinde \u0131srar ediyoruz. Bu \u015fu anlama gelir: <strong>Sadece hesab\u0131n\u0131z net k\u00e2r elde etti\u011finde biz de kazan\u00e7 sa\u011flar\u0131z.<\/strong> Bu mekanizma bizi risk kontrol\u00fcn\u00fc ve uzun vadeli istikrar\u0131 ilk s\u0131raya koymaya zorlar.<\/li>\n<\/ul>\n<\/span><br>\n\n<span>\n<h2><strong>4. Sadece \"Teknik Olarak Do\u011frulanm\u0131\u015f\" Ortamlarda \u00c7al\u0131\u015fma<\/strong><\/h2>\n\nGecikme ve kayma sorunlar\u0131n\u0131 tamamen \u00e7\u00f6zmek i\u00e7in \u00fc\u00e7\u00fcnc\u00fc taraf platform aboneliklerini reddediyoruz. Kontrols\u00fcz bir i\u015flem ortam\u0131nda en hassas stratejiler bile ba\u015far\u0131s\u0131z olur.<br><br>\n\n<ul>\n    <li><strong>Ortam Tutarl\u0131l\u0131\u011f\u0131:<\/strong> Hesab\u0131n\u0131z\u0131n sinyal kayna\u011f\u0131yla tam olarak senkronize \u00e7al\u0131\u015fmas\u0131n\u0131 sa\u011flamak i\u00e7in yaln\u0131zca s\u0131k\u0131 testlerden ge\u00e7mi\u015f ortamlarda \u00e7al\u0131\u015f\u0131yoruz.<\/li><br>\n    <li><strong>S\u0131f\u0131r Gizli Maliyet:<\/strong> Eski teknolojiler i\u00e7in ayl\u0131k \u00fccret \u00f6demenize gerek yok. Paran\u0131z abonelik \u00fccretlerine gitmek yerine hesab\u0131n\u0131zda kal\u0131p bile\u015fik getiri sa\u011flamal\u0131d\u0131r.<\/li><br>\n    <li><strong>Kalite Kontrol\u00fc:<\/strong> \u00d6zel kopya sistemimiz arac\u0131l\u0131\u011f\u0131yla her i\u015flemin uygulama kalitesini garanti ediyor ve ger\u00e7ek <strong>\"ne g\u00f6r\u00fcyorsan\u0131z onu al\u0131rs\u0131n\u0131z\"<\/strong> deneyimini sunuyoruz.<\/li>\n<\/ul>\n<\/span><br>\n\n<span>\n<h2><strong>\u00d6zet: Zor Ama Do\u011fru Yolu Se\u00e7iyoruz<\/strong><\/h2>\n\n<strong>MQL5<\/strong> gibi platformlarda listelenmek bize kolayca sabit gelir getirebilirdi, ancak bu yat\u0131r\u0131mc\u0131lar\u0131m\u0131z\u0131n i\u015flem kalitesine kar\u015f\u0131 sorumsuzluk olurdu.<br><br>\n\nPerformans \u00fccreti modelini se\u00e7iyoruz. Bu, tek bir sonucu garanti eder: <strong>Ger\u00e7ek hesab\u0131m\u0131z k\u00e2r etti\u011finde, sizin hesab\u0131n\u0131z da e\u015f zamanl\u0131 olarak b\u00fcy\u00fcr.<\/strong><br><br>\n\n<strong>\"\u00c7ok profesyonelce konu\u015fuyorsunuz ama performans\u0131n\u0131z\u0131n ger\u00e7ek oldu\u011funu nas\u0131l bilece\u011fim?\"<\/strong><br><br>\n\nProfesyonel yat\u0131r\u0131mc\u0131lar hikayelere de\u011fil verilere bakar. Bize kat\u0131lmadan \u00f6nce, piyasadaki sahte performanslar\u0131n %&#8203;90&#8203;'\u0131n\u0131 ay\u0131rt etmek i\u00e7in Myfxbook gibi ara\u00e7lar\u0131 kullanmay\u0131 \u00f6\u011frenmelisiniz.\n<\/span><\/div>\n\t\t\t\t<div class=\"elementor-element elementor-element-02a8139 elementor-icon-list--layout-inline elementor-list-item-link-inline elementor-widget elementor-widget-icon-list\" data-id=\"02a8139\" data-element_type=\"widget\" data-widget_type=\"icon-list.default\">\n\t\t\t\t\t\t\t<ul class=\"elementor-icon-list-items elementor-inline-items\">\n\t\t\t\t\t\t\t<li class=\"elementor-icon-list-item elementor-inline-item\">\n\t\t\t\t\t\t\t\t\t\t\t<a href=\"https:\/\/mister.forex\/tr\/how-to-verify-forex-performance-myfxbook\/\">\n\n\t\t\t\t\t\t\t\t\t\t\t\t<span class=\"elementor-icon-list-icon\">\n\t\t\t\t\t\t\t<svg aria-hidden=\"true\" class=\"e-font-icon-svg e-far-check-circle\" viewbox=\"0 0 512 512\" xmlns=\"http:\/\/www.w3.org\/2000\/svg\"><path d=\"M256 8C119.033 8 8 119.033 8 256s111.033 248 248 248 248-111.033 248-248S392.967 8 256 8zm0 48c110.532 0 200 89.451 200 200 0 110.532-89.451 200-200 200-110.532 0-200-89.451-200-200 0-110.532 89.451-200 200-200m140.204 130.267l-22.536-22.718c-4.667-4.705-12.265-4.736-16.97-.068L215.346 303.697l-59.792-60.277c-4.667-4.705-12.265-4.736-16.97-.069l-22.719 22.536c-4.705 4.667-4.736 12.265-.068 16.971l90.781 91.516c4.667 4.705 12.265 4.736 16.97.068l172.589-171.204c4.704-4.668 4.734-12.266.067-16.971z\"><\/path><\/svg>\t\t\t\t\t\t<\/span>\n\t\t\t\t\t\t\t\t\t\t<span class=\"elementor-icon-list-text\">Neden Myfxbook Forex'in Tek Ger\u00e7e\u011fidir? Sahte Ekran G\u00f6r\u00fcnt\u00fclerinin Gizli Maliyetleri<\/span>\n\t\t\t\t\t\t\t\t\t\t\t<\/a>\n\t\t\t\t\t\t\t\t\t<\/li>\n\t\t\t\t\t\t<\/ul>\n\t\t\t\t\t\t<\/div>\n\t\t\t\t\t<\/div>\n\t\t\t\t<\/div>\n\t\t\t\t<\/div>","protected":false},"excerpt":{"rendered":"<p>MQL5 ve SignalStart'taki gizli uygulama hatalar\u0131 if\u015fa edildi! Sabit abonelik \u00fccretleri k\u00fc\u00e7\u00fck hesaplar i\u00e7in neden zehirdir? Mr.Forex'in k\u00e2r\u0131n\u0131z\u0131 korumak i\u00e7in neden \"Performans \u00dccreti\" ve \"Birle\u015fik Ortam\" se\u00e7ti\u011fini ke\u015ffedin.<\/p>","protected":false},"author":1,"featured_media":66429,"parent":0,"menu_order":0,"comment_status":"closed","ping_status":"closed","template":"","meta":{"footnotes":""},"tags":[128],"class_list":["post-66400","page","type-page","status-publish","has-post-thumbnail","hentry","tag-no-google"],"_links":{"self":[{"href":"https:\/\/mister.forex\/tr\/wp-json\/wp\/v2\/pages\/66400","targetHints":{"allow":["GET"]}}],"collection":[{"href":"https:\/\/mister.forex\/tr\/wp-json\/wp\/v2\/pages"}],"about":[{"href":"https:\/\/mister.forex\/tr\/wp-json\/wp\/v2\/types\/page"}],"author":[{"embeddable":true,"href":"https:\/\/mister.forex\/tr\/wp-json\/wp\/v2\/users\/1"}],"replies":[{"embeddable":true,"href":"https:\/\/mister.forex\/tr\/wp-json\/wp\/v2\/comments?post=66400"}],"version-history":[{"count":12,"href":"https:\/\/mister.forex\/tr\/wp-json\/wp\/v2\/pages\/66400\/revisions"}],"predecessor-version":[{"id":70357,"href":"https:\/\/mister.forex\/tr\/wp-json\/wp\/v2\/pages\/66400\/revisions\/70357"}],"wp:featuredmedia":[{"embeddable":true,"href":"https:\/\/mister.forex\/tr\/wp-json\/wp\/v2\/media\/66429"}],"wp:attachment":[{"href":"https:\/\/mister.forex\/tr\/wp-json\/wp\/v2\/media?parent=66400"}],"wp:term":[{"taxonomy":"post_tag","embeddable":true,"href":"https:\/\/mister.forex\/tr\/wp-json\/wp\/v2\/tags?post=66400"}],"curies":[{"name":"wp","href":"https:\/\/api.w.org\/{rel}","templated":true}]}}