{"id":67137,"date":"2026-03-06T16:33:55","date_gmt":"2026-03-06T08:33:55","guid":{"rendered":"https:\/\/mister.forex\/?page_id=67137"},"modified":"2026-04-22T08:38:09","modified_gmt":"2026-04-22T00:38:09","slug":"calmar-ratio-investment-efficiency","status":"publish","type":"page","link":"https:\/\/mister.forex\/tr\/calmar-ratio-investment-efficiency\/","title":{"rendered":"Calmar Oran\u0131 Nedir? Profesyonellerin Y\u0131ll\u0131k Getiriden Daha \u00c7ok \u00d6nem Verdi\u011fi G\u00f6sterge"},"content":{"rendered":"<div data-elementor-type=\"wp-page\" data-elementor-id=\"67137\" class=\"elementor elementor-67137\" data-elementor-post-type=\"page\">\n\t\t\t\t<div class=\"elementor-element elementor-element-656ff23 e-flex e-con-boxed e-con e-parent\" data-id=\"656ff23\" data-element_type=\"container\">\n\t\t\t\t\t<div class=\"e-con-inner\">\n\t\t\t\t<div class=\"elementor-element elementor-element-dd8b4c5 elementor-widget elementor-widget-heading\" data-id=\"dd8b4c5\" data-element_type=\"widget\" data-widget_type=\"heading.default\">\n\t\t\t\t\t<h1 class=\"elementor-heading-title elementor-size-default\">\u015ei\u015firilmi\u015f Getirilere Veda Edin: Calmar Oran\u0131 ile Kurumsal D\u00fczeyde \u0130stikrarl\u0131 Bir Varl\u0131k E\u011frisi Olu\u015fturun<\/h1>\t\t\t\t<\/div>\n\t\t\t\t<div class=\"elementor-element elementor-element-566f2b5 elementor-widget elementor-widget-html translation-block\" data-id=\"566f2b5\" data-element_type=\"widget\" data-widget_type=\"html.default\"><span>\n<h2><strong>\ud83d\udccc \u00d6ns\u00f6z: Para m\u0131 kazan\u0131yorsunuz yoksa kalp \u00e7arp\u0131nt\u0131s\u0131 m\u0131?<\/strong><\/h2>\nTeknoloji dalgalar\u0131n\u0131n ve piyasa duygular\u0131n\u0131n \u015fiddetle dalgaland\u0131\u011f\u0131 bir \u00e7a\u011fda, yat\u0131r\u0131m hesab\u0131n\u0131zdaki rakamlar her g\u00fcn hareket ediyor.<br>\nHi\u00e7 \u015f\u00f6yle bir deneyiminiz oldu mu: Pop\u00fcler bir varl\u0131\u011f\u0131n tek bir g\u00fcnde h\u0131zla y\u00fckseli\u015fini izlemek ama her an %&#8203;30 geri \u00e7ekilme korkusuyla girmeye cesaret edememek?<br>\nVeya varl\u0131k fiyatlar\u0131n\u0131n gece yar\u0131s\u0131 sert bir \u015fekilde d\u00fc\u015ft\u00fc\u011f\u00fc anlarda, endi\u015feden hayat\u0131 sorgulamak ve g\u00f6z\u00fcn\u00fcze uyku girmemesi?<br><br>\n\n<strong>\"Elinizde tutabildi\u011finiz kazan\u00e7, ger\u00e7ek zenginliktir.\"<\/strong><br>\n\u00c7o\u011fu bireysel yat\u0131r\u0131mc\u0131 sadece getiri oran\u0131na bakar, ancak ger\u00e7ek profesyoneller <strong>Elde Tutma Kalitesi<\/strong>'ne odaklan\u0131r.<br>\nElde tutma kalitesi, varl\u0131klar\u0131n\u0131z\u0131 b\u00fcy\u00fct\u00fcrken ya\u015fam kalitenizden ve kalp at\u0131\u015f h\u0131z\u0131n\u0131zdan \u00f6d\u00fcn vermek zorunda kalmaman\u0131zd\u0131r.<br><br>\n\nBug\u00fcn, yat\u0131r\u0131m ba\u015far\u0131n\u0131z\u0131 belirleyen anahtar bir g\u00f6stergeyi tan\u0131t\u0131yoruz: <strong>Calmar Oran\u0131 (Calmar Ratio)<\/strong>.\n<\/span><br><br>\n\n<span>\n<h2><strong>\ud83d\udccc Calmar Oran\u0131 Nedir? Neden Y\u0131ll\u0131k Getiriden Daha \u00d6nemlidir?<\/strong><\/h2>\nCalmar Oran\u0131'n\u0131n form\u00fcl\u00fc olduk\u00e7a basittir:\n<blockquote style=\"background-color: #f8fafc;border: 1px solid #2D4273;padding: 25px;margin: 30px 0;color: #1e293b;border-radius: 6px\">\n    <strong>Calmar Oran\u0131 = Ortalama Y\u0131ll\u0131k Getiri Oran\u0131 (CAGR) \/ Maksimum D\u00fc\u015f\u00fc\u015f (MDD)<\/strong>\n<\/blockquote>\nE\u011fer bir yat\u0131r\u0131m y\u0131ll\u0131k %&#8203;50 getiri sa\u011fl\u0131yor ancak s\u00fcre\u00e7 i\u00e7inde %&#8203;50 d\u00fc\u015f\u00fc\u015f ya\u015f\u0131yorsa, Calmar de\u011feri sadece 1.0'd\u0131r.<br>\nAncak bir yat\u0131r\u0131m %&#8203;25 getiri sa\u011flarken sadece %&#8203;10 d\u00fc\u015f\u00fc\u015f ya\u015f\u0131yorsa, Calmar de\u011feri 2.5'e y\u00fckselir.<br>\n\u0130kincisi, ger\u00e7ek bir <strong>profesyonel d\u00fczeyde varl\u0131k<\/strong>t\u0131r.<br>\nProfesyonellerin hedefi \"en y\u00fcksek rakam\u0131\" kovalamak de\u011fil, <strong>\"risk birimi ba\u015f\u0131na en y\u00fcksek getiriyi\"<\/strong> kovalamakt\u0131r.\n<\/span><br><br>\n\n<span>\n<h2><strong>\ud83d\udccc K\u00fcresel Varl\u0131k Kar\u015f\u0131la\u015ft\u0131rmas\u0131: Ger\u00e7ek Verimlilik Kral\u0131 Kim?<\/strong><\/h2>\nYayg\u0131n varl\u0131k t\u00fcrlerini ve profesyonel kuant sistemlerini verilerle derinlemesine kar\u015f\u0131la\u015ft\u0131rd\u0131k:<br><br>\n\n<div style=\"margin-bottom: 25px\">\n    <table style=\"width: 100%;min-width: 650px;border-collapse: separate;border-spacing: 0;border: 1px solid #2D4273;border-radius: 6px;text-align: center;font-family: 'Inter', sans-serif;overflow: hidden\">\n        <thead>\n            <tr style=\"background-color: #2D4273;color: #ffffff\">\n                <th style=\"padding: 15px;border-right: 1px solid #ffffff;border-bottom: 1px solid #2D4273\"><strong>Varl\u0131k T\u00fcr\u00fc<\/strong><\/th>\n                <th style=\"padding: 15px;border-right: 1px solid #ffffff;border-bottom: 1px solid #2D4273\"><strong>Y\u0131ll\u0131k (CAGR)<\/strong><\/th>\n                <th style=\"padding: 15px;border-right: 1px solid #ffffff;border-bottom: 1px solid #2D4273\"><strong>D\u00fc\u015f\u00fc\u015f (MDD)<\/strong><\/th>\n                <th style=\"padding: 15px;border-right: 1px solid #ffffff;border-bottom: 1px solid #2D4273\"><strong>Calmar Oran\u0131<\/strong><\/th>\n                <th style=\"padding: 15px;border-bottom: 1px solid #2D4273\"><strong>Elde Tutma Zorlu\u011fu<\/strong><\/th>\n            <\/tr>\n        <\/thead>\n        <tbody>\n            <tr>\n                <td style=\"padding: 15px;border-right: 1px solid #2D4273;border-bottom: 1px solid #2D4273\"><strong>Quant Matrix<\/strong><\/td>\n                <td style=\"padding: 15px;border-right: 1px solid #2D4273;border-bottom: 1px solid #2D4273\">%&#8203;30<\/td>\n                <td style=\"padding: 15px;border-right: 1px solid #2D4273;border-bottom: 1px solid #2D4273\"><strong style=\"color: #00AA54\">%&#8203;20<\/strong><\/td>\n                <td style=\"padding: 15px;border-right: 1px solid #2D4273;border-bottom: 1px solid #2D4273\"><strong style=\"color: #00AA54\">1.50<\/strong><\/td>\n                <td style=\"padding: 15px;border-bottom: 1px solid #2D4273\"><strong>Son Derece \u0130stikrarl\u0131<\/strong><\/td>\n            <\/tr>\n            <tr>\n                <td style=\"padding: 15px;border-right: 1px solid #2D4273;border-bottom: 1px solid #2D4273\"><strong>Alpha Gold<\/strong><\/td>\n                <td style=\"padding: 15px;border-right: 1px solid #2D4273;border-bottom: 1px solid #2D4273\">%&#8203;35<\/td>\n                <td style=\"padding: 15px;border-right: 1px solid #2D4273;border-bottom: 1px solid #2D4273\"><strong style=\"color: #00AA54\">%&#8203;25<\/strong><\/td>\n                <td style=\"padding: 15px;border-right: 1px solid #2D4273;border-bottom: 1px solid #2D4273\"><strong style=\"color: #00AA54\">1.40<\/strong><\/td>\n                <td style=\"padding: 15px;border-bottom: 1px solid #2D4273\"><strong>Sa\u011flam B\u00fcy\u00fcme<\/strong><\/td>\n            <\/tr>\n            <tr>\n                <td style=\"padding: 15px;border-right: 1px solid #2D4273;border-bottom: 1px solid #2D4273\">Teknoloji Hisseleri<\/td>\n                <td style=\"padding: 15px;border-right: 1px solid #2D4273;border-bottom: 1px solid #2D4273\">%&#8203;30~%&#8203;70<\/td>\n                <td style=\"padding: 15px;border-right: 1px solid #2D4273;border-bottom: 1px solid #2D4273\">%&#8203;40~%&#8203;60<\/td>\n                <td style=\"padding: 15px;border-right: 1px solid #2D4273;border-bottom: 1px solid #2D4273\">1.00<\/td>\n                <td style=\"padding: 15px;border-bottom: 1px solid #2D4273\">Y\u00fcksek<\/td>\n            <\/tr>\n            <tr>\n                <td style=\"padding: 15px;border-right: 1px solid #2D4273;border-bottom: 1px solid #2D4273\">Kripto (BTC)<\/td>\n                <td style=\"padding: 15px;border-right: 1px solid #2D4273;border-bottom: 1px solid #2D4273\">%&#8203;60<\/td>\n                <td style=\"padding: 15px;border-right: 1px solid #2D4273;border-bottom: 1px solid #2D4273\">%&#8203;75<\/td>\n                <td style=\"padding: 15px;border-right: 1px solid #2D4273;border-bottom: 1px solid #2D4273\">0.80<\/td>\n                <td style=\"padding: 15px;border-bottom: 1px solid #2D4273\">\u00c7ok Y\u00fcksek<\/td>\n            <\/tr>\n            <tr>\n                <td style=\"padding: 15px;border-right: 1px solid #2D4273;border-bottom: 1px solid #2D4273\">S&amp;P 500 Endeksi<\/td>\n                <td style=\"padding: 15px;border-right: 1px solid #2D4273;border-bottom: 1px solid #2D4273\">%&#8203;12<\/td>\n                <td style=\"padding: 15px;border-right: 1px solid #2D4273;border-bottom: 1px solid #2D4273\">%&#8203;50<\/td>\n                <td style=\"padding: 15px;border-right: 1px solid #2D4273;border-bottom: 1px solid #2D4273\">0.24<\/td>\n                <td style=\"padding: 15px;border-bottom: 1px solid #2D4273\">Orta<\/td>\n            <\/tr>\n            <tr>\n                <td style=\"padding: 15px;border-right: 1px solid #2D4273\">Alt\u0131n (G\u00fcvenli Liman)<\/td>\n                <td style=\"padding: 15px;border-right: 1px solid #2D4273\">%&#8203;8<\/td>\n                <td style=\"padding: 15px;border-right: 1px solid #2D4273\">%&#8203;25<\/td>\n                <td style=\"padding: 15px;border-right: 1px solid #2D4273\">0.32<\/td>\n                <td style=\"padding: 15px\">Savunma Dengesi<\/td>\n            <\/tr>\n        <\/tbody>\n    <\/table>\n<\/div>\n<\/span>\n\n<span>\n<h2><strong>\ud83d\udccc Veri Analizi: Profesyonel G\u00f6stergeler Neden Genel Alg\u0131dan Farkl\u0131?<\/strong><\/h2>\nYukar\u0131daki tabloya bak\u0131ld\u0131\u011f\u0131nda, \u00e7o\u011fu kaliteli varl\u0131\u011f\u0131n (teknoloji devleri veya piyasa endeksleri gibi) Calmar Oran\u0131 genellikle 0.4 ile 1.1 aras\u0131nda yer al\u0131r.<br><br>\nProfesyonel kuant sistemlerinin istikrarl\u0131 bir \u015fekilde 1.2'nin \u00fczerine \u00e7\u0131kabilmesi, sadece k\u00e2r\u0131 ikiye katlamalar\u0131ndan de\u011fil, matematiksel modeller arac\u0131l\u0131\u011f\u0131yla her d\u00fc\u015f\u00fc\u015f\u00fc <strong>\"en \u00fcst d\u00fczeyde onarmalar\u0131\"<\/strong>ndan kaynaklan\u0131r.\n<\/span><\/div>\n\t\t\t\t<div class=\"elementor-element elementor-element-49e8d19 elementor-widget elementor-widget-html\" data-id=\"49e8d19\" data-element_type=\"widget\" data-widget_type=\"html.default\">\n\t\t\t\t\t<h3><strong>Calmar Oran\u0131 Standartlar\u0131<\/strong><\/h3>\t\t\t\t<\/div>\n\t\t<div class=\"elementor-element elementor-element-9ceb46b e-grid e-con-full e-con e-child\" data-id=\"9ceb46b\" data-element_type=\"container\">\n\t\t<div class=\"elementor-element elementor-element-3eed16a e-con-full e-flex e-con e-child\" data-id=\"3eed16a\" data-element_type=\"container\" data-settings=\"{&quot;background_background&quot;:&quot;classic&quot;}\">\n\t\t\t\t<div class=\"elementor-element elementor-element-38dfcd9 elementor-widget elementor-widget-text-editor\" data-id=\"38dfcd9\" data-element_type=\"widget\" data-widget_type=\"text-editor.default\">\n\t\t\t\t\t\t\t\t\t<p>Kurumsal D\u00fczey<\/p>\t\t\t\t\t\t\t\t<\/div>\n\t\t\t\t<div class=\"elementor-element elementor-element-970a36d elementor-widget elementor-widget-text-editor\" data-id=\"970a36d\" data-element_type=\"widget\" data-widget_type=\"text-editor.default\">\n\t\t\t\t\t\t\t\t\t<p>&gt; 1.2<\/p>\t\t\t\t\t\t\t\t<\/div>\n\t\t\t\t<div class=\"elementor-element elementor-element-4f674d5 elementor-widget elementor-widget-text-editor\" data-id=\"4f674d5\" data-element_type=\"widget\" data-widget_type=\"text-editor.default\">\n\t\t\t\t\t\t\t\t\t<p>M\u00fckemmel risk dengesi<\/p>\t\t\t\t\t\t\t\t<\/div>\n\t\t\t\t<\/div>\n\t\t<div class=\"elementor-element elementor-element-511b8b7 e-con-full e-flex e-con e-child\" data-id=\"511b8b7\" data-element_type=\"container\" data-settings=\"{&quot;background_background&quot;:&quot;classic&quot;}\">\n\t\t\t\t<div class=\"elementor-element elementor-element-efdc16c elementor-widget elementor-widget-text-editor\" data-id=\"efdc16c\" data-element_type=\"widget\" data-widget_type=\"text-editor.default\">\n\t\t\t\t\t\t\t\t\t<p>G\u00fc\u00e7l\u00fc B\u00fcy\u00fcme<\/p>\t\t\t\t\t\t\t\t<\/div>\n\t\t\t\t<div class=\"elementor-element elementor-element-5d72ff3 elementor-widget elementor-widget-text-editor\" data-id=\"5d72ff3\" data-element_type=\"widget\" data-widget_type=\"text-editor.default\">\n\t\t\t\t\t\t\t\t\t<p>0.7 ~ 1.2<\/p>\t\t\t\t\t\t\t\t<\/div>\n\t\t\t\t<div class=\"elementor-element elementor-element-cb94c67 elementor-widget elementor-widget-text-editor\" data-id=\"cb94c67\" data-element_type=\"widget\" data-widget_type=\"text-editor.default\">\n\t\t\t\t\t\t\t\t\t<p>Teknoloji devleri d\u00fczeyi<\/p>\t\t\t\t\t\t\t\t<\/div>\n\t\t\t\t<\/div>\n\t\t<div class=\"elementor-element elementor-element-051252a e-con-full e-flex e-con e-child\" data-id=\"051252a\" data-element_type=\"container\" data-settings=\"{&quot;background_background&quot;:&quot;classic&quot;}\">\n\t\t\t\t<div class=\"elementor-element elementor-element-05d30c3 elementor-widget elementor-widget-text-editor\" data-id=\"05d30c3\" data-element_type=\"widget\" data-widget_type=\"text-editor.default\">\n\t\t\t\t\t\t\t\t\t<p>Standart Piyasa<\/p>\t\t\t\t\t\t\t\t<\/div>\n\t\t\t\t<div class=\"elementor-element elementor-element-b01b678 elementor-widget elementor-widget-text-editor\" data-id=\"b01b678\" data-element_type=\"widget\" data-widget_type=\"text-editor.default\">\n\t\t\t\t\t\t\t\t\t<p>&lt; 0.7<\/p>\t\t\t\t\t\t\t\t<\/div>\n\t\t\t\t<div class=\"elementor-element elementor-element-8bfc1cf elementor-widget elementor-widget-text-editor\" data-id=\"8bfc1cf\" data-element_type=\"widget\" data-widget_type=\"text-editor.default\">\n\t\t\t\t\t\t\t\t\t<p>Endeks ve g\u00fcvenli limanlar<\/p>\t\t\t\t\t\t\t\t<\/div>\n\t\t\t\t<\/div>\n\t\t\t\t<\/div>\n\t\t\t\t<div class=\"elementor-element elementor-element-9663660 elementor-widget elementor-widget-html translation-block\" data-id=\"9663660\" data-element_type=\"widget\" data-widget_type=\"html.default\"><span>\n<h2><strong>\ud83d\udccc Profesyonel Kantitatif Stratejiler Neden Varl\u0131k Tahsisinin \"Son Par\u00e7as\u0131\"d\u0131r?<\/strong><\/h2>\nYat\u0131r\u0131m yolculu\u011funda ger\u00e7ek d\u00fc\u015fman genellikle piyasa de\u011fil, yat\u0131r\u0131mc\u0131n\u0131n kendi duygular\u0131d\u0131r.<br><br>\nKantitatif stratejilerin (<strong>Alpha Gold<\/strong> veya <strong>Quant Matrix<\/strong> gibi) varl\u0131k amac\u0131, matematiksel mant\u0131k yoluyla <strong>\"varl\u0131k e\u011frinizi onarmak\"<\/strong>t\u0131r.<br><br>\n<ul>\n    <li><strong>Elde Tutma Deneyimini Optimize Etme:<\/strong><br>\n    Sermayenizin bir k\u0131sm\u0131n\u0131 \"Y\u00fcksek Calmar\" stratejilerine ay\u0131rd\u0131\u011f\u0131n\u0131zda, toplam hesap d\u00fc\u015f\u00fc\u015f\u00fc (drawdown) \u00f6nemli \u00f6l\u00e7\u00fcde azal\u0131r; b\u00f6ylece tek bir piyasadaki \u00e7\u00f6k\u00fc\u015f nedeniyle panik sat\u0131\u015f\u0131na zorlanmazs\u0131n\u0131z.<\/li><br>\n    <li><strong>Bilimsel Frekans Kontrol\u00fc:<\/strong><br>\n    Sistem, algoritmalara dayal\u0131 olarak otomatik \u00e7al\u0131\u015f\u0131r; verimlili\u011fi korurken piyasa f\u0131rsatlar\u0131n\u0131 yakalamaya devam eder ve insani korku ile a\u00e7g\u00f6zl\u00fcl\u00fc\u011f\u00fc devre d\u0131\u015f\u0131 b\u0131rak\u0131r.<\/li><br>\n    <li><strong>Yap\u0131sal Risk Y\u00f6netimi:<\/strong><br>\n    Ger\u00e7ek kantitatif stratejiler raporlar\u0131 s\u00fcslemek i\u00e7in riskli \"maliyet d\u00fc\u015f\u00fcrme\" y\u00f6ntemlerine ba\u015fvurmaz; kontroll\u00fc d\u00fc\u015f\u00fc\u015fler alt\u0131nda kazanma oran\u0131n\u0131 optimize etmek i\u00e7in hassas olas\u0131l\u0131k kontrolleri kullan\u0131r.<\/li>\n<\/ul>\n<\/span><br>\n\n<span>\n<h2><strong>\ud83d\udccc Sonu\u00e7: Yat\u0131r\u0131m\u0131n Nihai Amac\u0131 Huzurdur<\/strong><\/h2>\nPiyasada f\u0131rsat eksikli\u011fi yoktur; eksik olan <strong>\"bu f\u0131rsatlar\u0131 elinde tutacak \u00f6zg\u00fcvendir.\"<\/strong><br>\nBu \u00f6zg\u00fcven ise risk \u00fczerindeki hassas kontrol\u00fcn\u00fczden ve \"elde tutma kalitesi\"ne olan ba\u011fl\u0131l\u0131\u011f\u0131n\u0131zdan gelir.\n<\/span><\/div>\n\t\t\t\t<div class=\"elementor-element elementor-element-872e24a elementor-icon-list--layout-inline elementor-list-item-link-inline elementor-widget elementor-widget-icon-list\" data-id=\"872e24a\" data-element_type=\"widget\" data-widget_type=\"icon-list.default\">\n\t\t\t\t\t\t\t<ul class=\"elementor-icon-list-items elementor-inline-items\">\n\t\t\t\t\t\t\t<li class=\"elementor-icon-list-item elementor-inline-item\">\n\t\t\t\t\t\t\t\t\t\t\t<a href=\"https:\/\/mister.forex\/tr\/alpha-gold\/\">\n\n\t\t\t\t\t\t\t\t\t\t\t\t<span class=\"elementor-icon-list-icon\">\n\t\t\t\t\t\t\t<svg aria-hidden=\"true\" class=\"e-font-icon-svg e-far-check-circle\" viewbox=\"0 0 512 512\" xmlns=\"http:\/\/www.w3.org\/2000\/svg\"><path d=\"M256 8C119.033 8 8 119.033 8 256s111.033 248 248 248 248-111.033 248-248S392.967 8 256 8zm0 48c110.532 0 200 89.451 200 200 0 110.532-89.451 200-200 200-110.532 0-200-89.451-200-200 0-110.532 89.451-200 200-200m140.204 130.267l-22.536-22.718c-4.667-4.705-12.265-4.736-16.97-.068L215.346 303.697l-59.792-60.277c-4.667-4.705-12.265-4.736-16.97-.069l-22.719 22.536c-4.705 4.667-4.736 12.265-.068 16.971l90.781 91.516c4.667 4.705 12.265 4.736 16.97.068l172.589-171.204c4.704-4.668 4.734-12.266.067-16.971z\"><\/path><\/svg>\t\t\t\t\t\t<\/span>\n\t\t\t\t\t\t\t\t\t\t<span class=\"elementor-icon-list-text\">Alpha Gold Ger\u00e7ek Hesap Performans\u0131n\u0131 G\u00f6r\u00fcnt\u00fcle<\/span>\n\t\t\t\t\t\t\t\t\t\t\t<\/a>\n\t\t\t\t\t\t\t\t\t<\/li>\n\t\t\t\t\t\t<\/ul>\n\t\t\t\t\t\t<\/div>\n\t\t\t\t<div class=\"elementor-element elementor-element-002b377 elementor-widget elementor-widget-heading\" data-id=\"002b377\" data-element_type=\"widget\" data-widget_type=\"heading.default\">\n\t\t\t\t\t<span class=\"elementor-heading-title elementor-size-default\">(Patlay\u0131c\u0131 b\u00fcy\u00fcme arayan ve alt\u0131n ticaretini tercih eden yat\u0131r\u0131mc\u0131lar i\u00e7in uygundur)<\/span>\t\t\t\t<\/div>\n\t\t\t\t<div class=\"elementor-element elementor-element-53e1d6a elementor-icon-list--layout-inline elementor-list-item-link-inline elementor-widget elementor-widget-icon-list\" data-id=\"53e1d6a\" data-element_type=\"widget\" data-widget_type=\"icon-list.default\">\n\t\t\t\t\t\t\t<ul class=\"elementor-icon-list-items elementor-inline-items\">\n\t\t\t\t\t\t\t<li class=\"elementor-icon-list-item elementor-inline-item\">\n\t\t\t\t\t\t\t\t\t\t\t<a href=\"https:\/\/mister.forex\/tr\/quant-matrix\/\">\n\n\t\t\t\t\t\t\t\t\t\t\t\t<span class=\"elementor-icon-list-icon\">\n\t\t\t\t\t\t\t<svg aria-hidden=\"true\" class=\"e-font-icon-svg e-far-check-circle\" viewbox=\"0 0 512 512\" xmlns=\"http:\/\/www.w3.org\/2000\/svg\"><path d=\"M256 8C119.033 8 8 119.033 8 256s111.033 248 248 248 248-111.033 248-248S392.967 8 256 8zm0 48c110.532 0 200 89.451 200 200 0 110.532-89.451 200-200 200-110.532 0-200-89.451-200-200 0-110.532 89.451-200 200-200m140.204 130.267l-22.536-22.718c-4.667-4.705-12.265-4.736-16.97-.068L215.346 303.697l-59.792-60.277c-4.667-4.705-12.265-4.736-16.97-.069l-22.719 22.536c-4.705 4.667-4.736 12.265-.068 16.971l90.781 91.516c4.667 4.705 12.265 4.736 16.97.068l172.589-171.204c4.704-4.668 4.734-12.266.067-16.971z\"><\/path><\/svg>\t\t\t\t\t\t<\/span>\n\t\t\t\t\t\t\t\t\t\t<span class=\"elementor-icon-list-text\">Quant Matrix Ger\u00e7ek Hesap Performans\u0131n\u0131 G\u00f6r\u00fcnt\u00fcle<\/span>\n\t\t\t\t\t\t\t\t\t\t\t<\/a>\n\t\t\t\t\t\t\t\t\t<\/li>\n\t\t\t\t\t\t<\/ul>\n\t\t\t\t\t\t<\/div>\n\t\t\t\t<div class=\"elementor-element elementor-element-3951116 elementor-widget elementor-widget-heading\" data-id=\"3951116\" data-element_type=\"widget\" data-widget_type=\"heading.default\">\n\t\t\t\t\t<span class=\"elementor-heading-title elementor-size-default\">(\u0130stikrar arayan ve hesab\u0131n\u0131n istikrarl\u0131 bir \u015fekilde b\u00fcy\u00fcmesini isteyen yat\u0131r\u0131mc\u0131lar i\u00e7in uygundur)<\/span>\t\t\t\t<\/div>\n\t\t\t\t<div class=\"elementor-element elementor-element-88b3398 elementor-icon-list--layout-inline elementor-list-item-link-inline elementor-widget elementor-widget-icon-list\" data-id=\"88b3398\" data-element_type=\"widget\" data-widget_type=\"icon-list.default\">\n\t\t\t\t\t\t\t<ul class=\"elementor-icon-list-items elementor-inline-items\">\n\t\t\t\t\t\t\t<li class=\"elementor-icon-list-item elementor-inline-item\">\n\t\t\t\t\t\t\t\t\t\t\t<a href=\"https:\/\/mister.forex\/tr\/maximum-drawdown-mdd-investment-risk-guide\/\">\n\n\t\t\t\t\t\t\t\t\t\t\t\t<span class=\"elementor-icon-list-icon\">\n\t\t\t\t\t\t\t<svg aria-hidden=\"true\" class=\"e-font-icon-svg e-far-check-circle\" viewbox=\"0 0 512 512\" xmlns=\"http:\/\/www.w3.org\/2000\/svg\"><path d=\"M256 8C119.033 8 8 119.033 8 256s111.033 248 248 248 248-111.033 248-248S392.967 8 256 8zm0 48c110.532 0 200 89.451 200 200 0 110.532-89.451 200-200 200-110.532 0-200-89.451-200-200 0-110.532 89.451-200 200-200m140.204 130.267l-22.536-22.718c-4.667-4.705-12.265-4.736-16.97-.068L215.346 303.697l-59.792-60.277c-4.667-4.705-12.265-4.736-16.97-.069l-22.719 22.536c-4.705 4.667-4.736 12.265-.068 16.971l90.781 91.516c4.667 4.705 12.265 4.736 16.97.068l172.589-171.204c4.704-4.668 4.734-12.266.067-16.971z\"><\/path><\/svg>\t\t\t\t\t\t<\/span>\n\t\t\t\t\t\t\t\t\t\t<span class=\"elementor-icon-list-text\">Varl\u0131k Kayb\u0131n\u0131n \"\u00d6l\u00fcm Tuza\u011f\u0131\": Profesyonel Yat\u0131r\u0131mc\u0131lar Neden Getiriden \u00c7ok MDD'ye \u00d6nem Verir?<\/span>\n\t\t\t\t\t\t\t\t\t\t\t<\/a>\n\t\t\t\t\t\t\t\t\t<\/li>\n\t\t\t\t\t\t<\/ul>\n\t\t\t\t\t\t<\/div>\n\t\t\t\t\t<\/div>\n\t\t\t\t<\/div>\n\t\t\t\t<\/div>","protected":false},"excerpt":{"rendered":"<p>Dalgal\u0131 piyasalarda uzun vadeli k\u00e2r\u0131n anahtar\u0131 \"elde tutma kalitesi\"dir. Bu makale, profesyonellerin takip etti\u011fi Calmar Oran\u0131'n\u0131 analiz ederek kripto, teknoloji hisseleri ve kuant sistemlerini kar\u015f\u0131la\u015ft\u0131r\u0131yor. Uzmanlar\u0131n neden ka\u011f\u0131t \u00fczerindeki k\u00e2r yerine varl\u0131k e\u011frisi istikrar\u0131na odakland\u0131\u011f\u0131n\u0131 ke\u015ffedin. Yat\u0131r\u0131m huzurunuz i\u00e7in tan\u0131 arac\u0131 i\u00e7erir.<\/p>","protected":false},"author":1,"featured_media":46711,"parent":0,"menu_order":0,"comment_status":"closed","ping_status":"closed","template":"","meta":{"footnotes":""},"tags":[128],"class_list":["post-67137","page","type-page","status-publish","has-post-thumbnail","hentry","tag-no-google"],"_links":{"self":[{"href":"https:\/\/mister.forex\/tr\/wp-json\/wp\/v2\/pages\/67137","targetHints":{"allow":["GET"]}}],"collection":[{"href":"https:\/\/mister.forex\/tr\/wp-json\/wp\/v2\/pages"}],"about":[{"href":"https:\/\/mister.forex\/tr\/wp-json\/wp\/v2\/types\/page"}],"author":[{"embeddable":true,"href":"https:\/\/mister.forex\/tr\/wp-json\/wp\/v2\/users\/1"}],"replies":[{"embeddable":true,"href":"https:\/\/mister.forex\/tr\/wp-json\/wp\/v2\/comments?post=67137"}],"version-history":[{"count":9,"href":"https:\/\/mister.forex\/tr\/wp-json\/wp\/v2\/pages\/67137\/revisions"}],"predecessor-version":[{"id":70593,"href":"https:\/\/mister.forex\/tr\/wp-json\/wp\/v2\/pages\/67137\/revisions\/70593"}],"wp:featuredmedia":[{"embeddable":true,"href":"https:\/\/mister.forex\/tr\/wp-json\/wp\/v2\/media\/46711"}],"wp:attachment":[{"href":"https:\/\/mister.forex\/tr\/wp-json\/wp\/v2\/media?parent=67137"}],"wp:term":[{"taxonomy":"post_tag","embeddable":true,"href":"https:\/\/mister.forex\/tr\/wp-json\/wp\/v2\/tags?post=67137"}],"curies":[{"name":"wp","href":"https:\/\/api.w.org\/{rel}","templated":true}]}}