{"id":71719,"date":"2026-05-12T13:22:57","date_gmt":"2026-05-12T05:22:57","guid":{"rendered":"https:\/\/mister.forex\/?page_id=71719"},"modified":"2026-05-12T17:57:15","modified_gmt":"2026-05-12T09:57:15","slug":"cost-of-delay","status":"publish","type":"page","link":"https:\/\/mister.forex\/tr\/cost-of-delay\/","title":{"rendered":"Yat\u0131r\u0131m Gecikmesi: \"Beklemek\" Ne Kadar Pahal\u0131?"},"content":{"rendered":"<div data-elementor-type=\"wp-page\" data-elementor-id=\"71719\" class=\"elementor elementor-71719\" data-elementor-post-type=\"page\">\n\t\t\t\t<div class=\"elementor-element elementor-element-88827d2 e-flex e-con-boxed e-con e-parent\" data-id=\"88827d2\" data-element_type=\"container\">\n\t\t\t\t\t<div class=\"e-con-inner\">\n\t\t\t\t<div class=\"elementor-element elementor-element-d5a24d1 elementor-widget elementor-widget-heading\" data-id=\"d5a24d1\" data-element_type=\"widget\" data-widget_type=\"heading.default\">\n\t\t\t\t\t<h1 class=\"elementor-heading-title elementor-size-default\">Teredd\u00fcd\u00fcn Bedeli: Gecikme Maliyetinizi Hesaplay\u0131n<\/h1>\t\t\t\t<\/div>\n\t\t\t\t<div class=\"elementor-element elementor-element-31ebc42 elementor-widget elementor-widget-html\" data-id=\"31ebc42\" data-element_type=\"widget\" data-widget_type=\"html.default\">\n\t\t\t\t\tEn iyi zaman \"\u015eimdi\"dir. Bile\u015fik getiride zaman, paradan daha de\u011ferlidir. Bug\u00fcn birka\u00e7 y\u0131l teredd\u00fct etmek, erken ba\u015flayan halinizi yakalamak i\u00e7in gelecekte 10 y\u0131l daha fazla \u00e7al\u0131\u015fman\u0131za neden olabilir.\t\t\t\t<\/div>\n\t\t\t\t<div class=\"elementor-element elementor-element-c8a9d0d elementor-widget elementor-widget-template\" data-id=\"c8a9d0d\" data-element_type=\"widget\" data-widget_type=\"template.default\">\n\t\t\t\t<div class=\"elementor-widget-container\">\n\t\t\t\t\t\t\t<div class=\"elementor-template\">\n\t\t\t\t\t<div data-elementor-type=\"container\" data-elementor-id=\"71597\" class=\"elementor elementor-71597\" data-elementor-post-type=\"elementor_library\">\n\t\t\t\t<div class=\"elementor-element elementor-element-90d7cbe e-con-full e-grid e-con e-child\" data-id=\"90d7cbe\" data-element_type=\"container\" data-settings=\"{&quot;background_background&quot;:&quot;classic&quot;}\">\n\t\t<div class=\"elementor-element elementor-element-1d03f7b3 e-con-full e-flex e-con e-child\" data-id=\"1d03f7b3\" data-element_type=\"container\">\n\t\t\t\t<div class=\"elementor-element elementor-element-4d291e57 elementor-widget elementor-widget-heading\" data-id=\"4d291e57\" data-element_type=\"widget\" data-widget_type=\"heading.default\">\n\t\t\t\t\t<span class=\"elementor-heading-title elementor-size-default\">Banka Mevduat\u0131<\/span>\t\t\t\t<\/div>\n\t\t\t\t<div class=\"elementor-element elementor-element-446eb41c elementor-widget elementor-widget-heading\" data-id=\"446eb41c\" data-element_type=\"widget\" data-widget_type=\"heading.default\">\n\t\t\t\t\t<span class=\"elementor-heading-title elementor-size-default\">1.5% - 1.8%<\/span>\t\t\t\t<\/div>\n\t\t\t\t<\/div>\n\t\t<div class=\"elementor-element elementor-element-755e67fa e-con-full e-flex e-con e-child\" data-id=\"755e67fa\" data-element_type=\"container\">\n\t\t\t\t<div class=\"elementor-element elementor-element-87015db elementor-widget elementor-widget-heading\" data-id=\"87015db\" data-element_type=\"widget\" data-widget_type=\"heading.default\">\n\t\t\t\t\t<span class=\"elementor-heading-title elementor-size-default\">K\u00fcresel Endeksler<\/span>\t\t\t\t<\/div>\n\t\t\t\t<div class=\"elementor-element elementor-element-4227a4d9 elementor-widget elementor-widget-heading\" data-id=\"4227a4d9\" data-element_type=\"widget\" data-widget_type=\"heading.default\">\n\t\t\t\t\t<span class=\"elementor-heading-title elementor-size-default\">8% - 10%<\/span>\t\t\t\t<\/div>\n\t\t\t\t<\/div>\n\t\t<div class=\"elementor-element elementor-element-364a9bd3 e-con-full e-flex e-con e-child\" data-id=\"364a9bd3\" data-element_type=\"container\">\n\t\t\t\t<div class=\"elementor-element elementor-element-4036bb7e elementor-widget elementor-widget-heading\" data-id=\"4036bb7e\" data-element_type=\"widget\" data-widget_type=\"heading.default\">\n\t\t\t\t\t<span class=\"elementor-heading-title elementor-size-default\">Mr.Forex Stratejisi<\/span>\t\t\t\t<\/div>\n\t\t\t\t<div class=\"elementor-element elementor-element-18e9964a elementor-widget elementor-widget-heading\" data-id=\"18e9964a\" data-element_type=\"widget\" data-widget_type=\"heading.default\">\n\t\t\t\t\t<span class=\"elementor-heading-title elementor-size-default\">12% +<\/span>\t\t\t\t<\/div>\n\t\t\t\t<\/div>\n\t\t\t\t<\/div>\n\t\t\t\t<\/div>\n\t\t\t\t<\/div>\n\t\t\t\t\t\t<\/div>\n\t\t\t\t<\/div>\n\t\t\t\t<div class=\"elementor-element elementor-element-e34c899 elementor-widget elementor-widget-html\" data-id=\"e34c899\" data-element_type=\"widget\" data-widget_type=\"html.default\">\n\t\t\t\t\t<div class=\"mr-forex-calc-container\" style=\"max-width:550px; margin:20px auto; font-family: 'Inter', 'PingFang TC', sans-serif;\">\n    \n    <div style=\"padding:35px; background:#FFFFFF; border: 1px solid #E5E9F0; border-radius:20px; box-shadow: 0 10px 30px rgba(21, 38, 77, 0.08);\">\n        <div style=\"width:50px; height:4px; background:#FAB42C; margin-bottom:20px; border-radius:2px;\"><\/div>\n        <h3 style=\"color:#15264D; margin:0 0 25px 0; font-size:1.2em; font-weight:700;\">Teredd\u00fcd\u00fcn Bedeli<\/h3>\n\n        <div style=\"margin-bottom:20px;\">\n            <label style=\"display:block; margin-bottom:8px; font-size:0.9em; color:#666666; font-weight:500;\">Ayl\u0131k Yat\u0131r\u0131m Tutar\u0131<\/label>\n            <input type=\"number\" id=\"delayP\" value=\"1000\" min=\"0\" lang=\"en\" translate=\"no\" class=\"notranslate\" style=\"width:100%; padding:12px 15px; border:2px solid #F0F2F5; border-radius:8px; color:#15264D; font-size:1.1em; outline:none;\" onfocus=\"this.style.borderColor='#FAB42C'\" onblur=\"this.style.borderColor='#F0F2F5'\">\n        <\/div>\n\n        <div style=\"margin-bottom:20px;\">\n            <label style=\"display:block; margin-bottom:8px; font-size:0.9em; color:#666666; font-weight:500;\">Beklenen Y\u0131ll\u0131k Getiri (%\u200b)<\/label>\n            <input type=\"number\" id=\"delayR\" value=\"12\" min=\"0\" lang=\"en\" translate=\"no\" class=\"notranslate\" style=\"width:100%; padding:12px 15px; border:2px solid #F0F2F5; border-radius:8px; color:#15264D; font-size:1.1em; outline:none;\" onfocus=\"this.style.borderColor='#FAB42C'\" onblur=\"this.style.borderColor='#F0F2F5'\">\n        <\/div>\n\n        <div style=\"margin-bottom:25px;\">\n            <label style=\"display:block; margin-bottom:8px; font-size:0.9em; color:#666666; font-weight:500;\">Gecikme Y\u0131l\u0131<\/label>\n            <input type=\"number\" id=\"delayYear\" value=\"5\" min=\"0\" lang=\"en\" translate=\"no\" class=\"notranslate\" style=\"width:100%; padding:12px 15px; border:2px solid #F0F2F5; border-radius:8px; color:#15264D; font-size:1.1em; outline:none;\" onfocus=\"this.style.borderColor='#FAB42C'\" onblur=\"this.style.borderColor='#F0F2F5'\">\n        <\/div>\n\n        <button onclick=\"calcDelayLoss()\" style=\"background:#15264D; color:#FFFFFF; border:none; padding:15px; width:100%; border-radius:8px; cursor:pointer; font-weight:700; font-size:1.1em;\">\n            Maliyeti Hesapla\n        <\/button>\n        \n        <div id=\"delayResBox\" style=\"margin-top:25px; display:none; background:#F8FAFC; border-radius:15px; padding:25px;\">\n            <div style=\"text-align:center; margin-bottom:20px;\">\n                <p style=\"color:#666666; font-size:0.95em; margin:0 0 5px 0;\">Kaybedilen Potansiyel Servet<\/p>\n                <div id=\"delayValue\" translate=\"no\" class=\"notranslate\" style=\"font-size:2.2em; color:#15264D; font-weight:800;\"><\/div>\n                <p style=\"color:#A0AEC0; font-size:0.8em; margin-top:5px;\">* 30 y\u0131ll\u0131k toplam yat\u0131r\u0131m s\u00fcresi kar\u015f\u0131la\u015ft\u0131rmas\u0131na dayanmaktad\u0131r<\/p>\n            <\/div>\n\n            <div style=\"margin-bottom:20px;\">\n                <div style=\"display:flex; justify-content:space-between; font-size:0.85em; margin-bottom:5px;\">\n                    <span style=\"color:#15264D; font-weight:600;\">\u015eimdi Ba\u015fla<\/span>\n                    <span id=\"valStandard\" translate=\"no\" class=\"notranslate\" style=\"color:#15264D;\">$0<\/span>\n                <\/div>\n                <div style=\"width:100%; height:8px; background:#E5E9F0; border-radius:4px; margin-bottom:12px;\">\n                    <div id=\"barStandard\" style=\"width:100%; height:100%; background:#15264D; border-radius:4px;\"><\/div>\n                <\/div>\n\n                <div style=\"display:flex; justify-content:space-between; font-size:0.85em; margin-bottom:5px;\">\n                    <span style=\"color:#666;\">Sonra Ba\u015fla<\/span>\n                    <span id=\"valDelayed\" translate=\"no\" class=\"notranslate\" style=\"color:#666;\">$0<\/span>\n                <\/div>\n                <div style=\"width:100%; height:8px; background:#E5E9F0; border-radius:4px;\">\n                    <div id=\"barDelayed\" style=\"width:0%; height:100%; background:#FAB42C; border-radius:4px; transition: 1s;\"><\/div>\n                <\/div>\n            <\/div>\n\n            <div id=\"lifeImpactContainer\" style=\"border-top: 1px solid #E5E9F0; padding-top:15px; color:#4A5568; font-size:0.95em; text-align:center;\">\n                <div style=\"background:#FFFFFF; border-radius:8px; padding:10px;\">\n                    Gecikme nedeniyle azalan varl\u0131k:\u00a0<span id=\"res_percent\" translate=\"no\" class=\"notranslate\" style=\"font-weight:bold; color:#15264D;\">0<\/span>%\n                <\/div>\n            <\/div>\n        <\/div>\n    <\/div>\n<\/div>\n\n<script>\nfunction calcDelayLoss(){\n    const M = parseFloat(document.getElementById('delayP').value) || 0;\n    const r_input = parseFloat(document.getElementById('delayR').value) || 0;\n    const waitY = parseInt(document.getElementById('delayYear').value) || 0;\n    \n    const r_monthly = (r_input \/ 100) \/ 12;\n    const totalMonths = 360; \n    const activeMonths = Math.max(0, totalMonths - (waitY * 12));\n\n    const calcFV = (mon, rate, n) => {\n        if (rate <= 0) return mon * n;\n        return mon * ((Math.pow(1 + rate, n) - 1) \/ rate) * (1 + rate);\n    };\n\n    const fvStandard = calcFV(M, r_monthly, totalMonths);\n    const fvDelayed = calcFV(M, r_monthly, activeMonths);\n    const loss = Math.round(fvStandard - fvDelayed);\n    const percent = fvStandard > 0 ? (fvDelayed \/ fvStandard) * 100 : 100;\n\n    document.getElementById('delayResBox').style.display = \"block\";\n    \n    \/\/ \u8f38\u51fa\u683c\u5f0f\u5316\u6578\u503c\uff0c\u7d71\u4e00\u6307\u5b9a 'en-US'\n    document.getElementById('delayValue').innerText = loss.toLocaleString('en-US');\n    document.getElementById('valStandard').innerText = \"$\" + Math.round(fvStandard).toLocaleString('en-US');\n    document.getElementById('valDelayed').innerText = \"$\" + Math.round(fvDelayed).toLocaleString('en-US');\n    document.getElementById('barDelayed').style.width = percent + \"%\";\n    \n    document.getElementById('res_percent').innerText = Math.round(100 - percent).toLocaleString('en-US');\n}\n<\/script>\t\t\t\t<\/div>\n\t\t\t\t<div class=\"elementor-element elementor-element-0fbca10 elementor-hidden-desktop elementor-hidden-tablet elementor-hidden-mobile elementor-widget elementor-widget-html\" data-id=\"0fbca10\" data-element_type=\"widget\" data-widget_type=\"html.default\">\n\t\t\t\t\t<div class=\"mr-forex-calc-container\" style=\"max-width:550px; margin:20px auto; font-family: 'Inter', 'PingFang TC', sans-serif;\">\n    \n    <div style=\"padding:35px; background:#FFFFFF; border: 1px solid #E5E9F0; border-radius:20px; box-shadow: 0 10px 30px rgba(21, 38, 77, 0.08);\">\n        <div style=\"width:50px; height:4px; background:#FAB42C; margin-bottom:20px; border-radius:2px;\"><\/div>\n        <h3 style=\"color:#15264D; margin:0 0 25px 0; font-size:1.2em; font-weight:700;\">Teredd\u00fcd\u00fcn Bedeli<\/h3>\n\n        <div style=\"margin-bottom:20px;\">\n            <label style=\"display:block; margin-bottom:8px; font-size:0.9em; color:#666666; font-weight:500;\">Ayl\u0131k Yat\u0131r\u0131m Tutar\u0131<\/label>\n            <input type=\"number\" id=\"delayP\" value=\"1000\" min=\"0\" style=\"width:100%; padding:12px 15px; border:2px solid #F0F2F5; border-radius:8px; color:#15264D; font-size:1.1em; outline:none;\" onfocus=\"this.style.borderColor='#FAB42C'\" onblur=\"this.style.borderColor='#F0F2F5'\">\n        <\/div>\n\n        <div style=\"margin-bottom:20px;\">\n            <label style=\"display:block; margin-bottom:8px; font-size:0.9em; color:#666666; font-weight:500;\">Beklenen Y\u0131ll\u0131k Getiri (%\u200b)<\/label>\n            <input type=\"number\" id=\"delayR\" value=\"12\" min=\"0\" style=\"width:100%; padding:12px 15px; border:2px solid #F0F2F5; border-radius:8px; color:#15264D; font-size:1.1em; outline:none;\" onfocus=\"this.style.borderColor='#FAB42C'\" onblur=\"this.style.borderColor='#F0F2F5'\">\n        <\/div>\n\n        <div style=\"margin-bottom:25px;\">\n            <label style=\"display:block; margin-bottom:8px; font-size:0.9em; color:#666666; font-weight:500;\">Gecikme Y\u0131l\u0131<\/label>\n            <input type=\"number\" id=\"delayYear\" value=\"5\" min=\"0\" style=\"width:100%; padding:12px 15px; border:2px solid #F0F2F5; border-radius:8px; color:#15264D; font-size:1.1em; outline:none;\" onfocus=\"this.style.borderColor='#FAB42C'\" onblur=\"this.style.borderColor='#F0F2F5'\">\n        <\/div>\n\n        <button onclick=\"calcDelayLoss()\" style=\"background:#15264D; color:#FFFFFF; border:none; padding:15px; width:100%; border-radius:8px; cursor:pointer; font-weight:700; font-size:1.1em;\">\n            Maliyeti Hesapla\n        <\/button>\n        \n        <div id=\"delayResBox\" style=\"margin-top:25px; display:none; background:#F8FAFC; border-radius:15px; padding:25px;\">\n            <div style=\"text-align:center; margin-bottom:20px;\">\n                <p style=\"color:#666666; font-size:0.95em; margin:0 0 5px 0;\">Kaybedilen Potansiyel Servet<\/p>\n                <div id=\"delayValue\" style=\"font-size:2.2em; color:#15264D; font-weight:800;\"><\/div>\n                <p style=\"color:#A0AEC0; font-size:0.8em; margin-top:5px;\">* 30 y\u0131ll\u0131k toplam yat\u0131r\u0131m s\u00fcresi kar\u015f\u0131la\u015ft\u0131rmas\u0131na dayanmaktad\u0131r<\/p>\n            <\/div>\n\n            <div style=\"margin-bottom:20px;\">\n                <div style=\"display:flex; justify-content:space-between; font-size:0.85em; margin-bottom:5px;\">\n                    <span style=\"color:#15264D; font-weight:600;\">\u015eimdi Ba\u015fla<\/span>\n                    <span id=\"valStandard\" style=\"color:#15264D;\">$0<\/span>\n                <\/div>\n                <div style=\"width:100%; height:8px; background:#E5E9F0; border-radius:4px; margin-bottom:12px;\">\n                    <div id=\"barStandard\" style=\"width:100%; height:100%; background:#15264D; border-radius:4px;\"><\/div>\n                <\/div>\n\n                <div style=\"display:flex; justify-content:space-between; font-size:0.85em; margin-bottom:5px;\">\n                    <span style=\"color:#666;\">Sonra Ba\u015fla<\/span>\n                    <span id=\"valDelayed\" style=\"color:#666;\">$0<\/span>\n                <\/div>\n                <div style=\"width:100%; height:8px; background:#E5E9F0; border-radius:4px;\">\n                    <div id=\"barDelayed\" style=\"width:0%; height:100%; background:#FAB42C; border-radius:4px; transition: 1s;\"><\/div>\n                <\/div>\n            <\/div>\n\n            <div id=\"lifeImpactContainer\" style=\"border-top: 1px solid #E5E9F0; padding-top:15px; color:#4A5568; font-size:0.95em; text-align:center;\">\n                <div style=\"background:#FFFFFF; border-radius:8px; padding:10px;\">\n                    Gecikme nedeniyle azalan varl\u0131k:\u00a0<span id=\"res_percent\" style=\"font-weight:bold; color:#15264D;\">0<\/span>%\n                <\/div>\n            <\/div>\n        <\/div>\n    <\/div>\n<\/div>\n\n<script>\nfunction calcDelayLoss(){\n    const M = parseFloat(document.getElementById('delayP').value) || 0;\n    const r_input = parseFloat(document.getElementById('delayR').value) || 0;\n    const waitY = parseInt(document.getElementById('delayYear').value) || 0;\n    \n    const r_monthly = (r_input \/ 100) \/ 12;\n    const totalMonths = 360; \n    const activeMonths = Math.max(0, totalMonths - (waitY * 12));\n\n    const calcFV = (mon, rate, n) => {\n        if (rate <= 0) return mon * n;\n        return mon * ((Math.pow(1 + rate, n) - 1) \/ rate) * (1 + rate);\n    };\n\n    const fvStandard = calcFV(M, r_monthly, totalMonths);\n    const fvDelayed = calcFV(M, r_monthly, activeMonths);\n    const loss = Math.round(fvStandard - fvDelayed);\n    const percent = fvStandard > 0 ? (fvDelayed \/ fvStandard) * 100 : 100;\n\n    document.getElementById('delayResBox').style.display = \"block\";\n    document.getElementById('delayValue').innerText = loss.toLocaleString();\n    document.getElementById('valStandard').innerText = \"$\" + Math.round(fvStandard).toLocaleString();\n    document.getElementById('valDelayed').innerText = \"$\" + Math.round(fvDelayed).toLocaleString();\n    document.getElementById('barDelayed').style.width = percent + \"%\";\n    \n    \/\/ \u53ea\u66f4\u65b0\u7e2e\u6c34\u767e\u5206\u6bd4\u6578\u5b57\n    document.getElementById('res_percent').innerText = Math.round(100 - percent);\n}\n<\/script>\t\t\t\t<\/div>\n\t\t\t\t<div class=\"elementor-element elementor-element-0eb52e1 elementor-widget elementor-widget-html translation-block\" data-id=\"0eb52e1\" data-element_type=\"widget\" data-widget_type=\"html.default\"><span>\n<h2><strong>\ud83d\udca1 Neden \u015eimdi Ba\u015flamal\u0131?<\/strong><\/h2>\nBile\u015fik getiride zaman, paradan de\u011ferlidir. Bir y\u0131l erken ba\u015flamak, sermayenizin 365 g\u00fcn daha fazla \u00e7al\u0131\u015fmas\u0131 demektir.<br><br>\nGecikme maliyetinizi g\u00f6rmek i\u00e7in \"\u015eimdi\" ve \"Sonra\" se\u00e7eneklerini kar\u015f\u0131la\u015ft\u0131r\u0131n.<br><br>\nB\u00fcy\u00fcme sonunda zirve yapar. Ba\u015flang\u0131c\u0131 ka\u00e7\u0131rmak, final servetinde devasa bir fark yarat\u0131r.\n<\/span><\/div>\n\t\t\t\t<div class=\"elementor-element elementor-element-0814f5c elementor-widget-divider--view-line elementor-widget elementor-widget-divider\" data-id=\"0814f5c\" data-element_type=\"widget\" data-widget_type=\"divider.default\">\n\t\t\t\t\t\t\t<div class=\"elementor-divider\">\n\t\t\t<span class=\"elementor-divider-separator\">\n\t\t\t\t\t\t<\/span>\n\t\t<\/div>\n\t\t\t\t\t\t<\/div>\n\t\t\t\t<div class=\"elementor-element elementor-element-0b040ba elementor-widget elementor-widget-html translation-block\" data-id=\"0b040ba\" data-element_type=\"widget\" data-widget_type=\"html.default\"><span>\n<h2><strong>\"Bekleyip g\u00f6rmek\" i\u00e7in a\u011f\u0131r bedeller \u00f6demeyi b\u0131rak\u0131n.<\/strong><\/h2> \nAlgoritmik ticaretin \u00f6z\u00fc otomatik uygulamad\u0131r; insan\u0131n teredd\u00fct etme e\u011filimini tamamen ortadan kald\u0131rman\u0131za yard\u0131mc\u0131 olur.\n<\/span><\/div>\n\t\t\t\t<div class=\"elementor-element elementor-element-2bf502d elementor-icon-list--layout-inline elementor-list-item-link-inline elementor-widget elementor-widget-icon-list\" data-id=\"2bf502d\" data-element_type=\"widget\" data-widget_type=\"icon-list.default\">\n\t\t\t\t\t\t\t<ul class=\"elementor-icon-list-items elementor-inline-items\">\n\t\t\t\t\t\t\t<li class=\"elementor-icon-list-item elementor-inline-item\">\n\t\t\t\t\t\t\t\t\t\t\t<a href=\"https:\/\/mister.forex\/tr\/algorithmic-trading-systems\/\">\n\n\t\t\t\t\t\t\t\t\t\t\t\t<span class=\"elementor-icon-list-icon\">\n\t\t\t\t\t\t\t<svg aria-hidden=\"true\" class=\"e-font-icon-svg e-far-check-circle\" viewbox=\"0 0 512 512\" xmlns=\"http:\/\/www.w3.org\/2000\/svg\"><path d=\"M256 8C119.033 8 8 119.033 8 256s111.033 248 248 248 248-111.033 248-248S392.967 8 256 8zm0 48c110.532 0 200 89.451 200 200 0 110.532-89.451 200-200 200-110.532 0-200-89.451-200-200 0-110.532 89.451-200 200-200m140.204 130.267l-22.536-22.718c-4.667-4.705-12.265-4.736-16.97-.068L215.346 303.697l-59.792-60.277c-4.667-4.705-12.265-4.736-16.97-.069l-22.719 22.536c-4.705 4.667-4.736 12.265-.068 16.971l90.781 91.516c4.667 4.705 12.265 4.736 16.97.068l172.589-171.204c4.704-4.668 4.734-12.266.067-16.971z\"><\/path><\/svg>\t\t\t\t\t\t<\/span>\n\t\t\t\t\t\t\t\t\t\t<span class=\"elementor-icon-list-text\">Otomatik b\u00fcy\u00fcme plan\u0131ma hemen kat\u0131l\u0131n<\/span>\n\t\t\t\t\t\t\t\t\t\t\t<\/a>\n\t\t\t\t\t\t\t\t\t<\/li>\n\t\t\t\t\t\t<\/ul>\n\t\t\t\t\t\t<\/div>\n\t\t\t\t\t<\/div>\n\t\t\t\t<\/div>\n\t\t\t\t<\/div>","protected":false},"excerpt":{"rendered":"<p>5 y\u0131l ge\u00e7 ba\u015flamak varl\u0131klar\u0131n\u0131z\u0131 yar\u0131ya indirebilir. \"Beklemek\" u\u011fruna gelecekte on y\u0131l fazladan \u00e7al\u0131\u015fmak zorunda kalmay\u0131n.<\/p>","protected":false},"author":1,"featured_media":33201,"parent":0,"menu_order":0,"comment_status":"closed","ping_status":"closed","template":"","meta":{"footnotes":""},"tags":[128],"class_list":["post-71719","page","type-page","status-publish","has-post-thumbnail","hentry","tag-no-google"],"_links":{"self":[{"href":"https:\/\/mister.forex\/tr\/wp-json\/wp\/v2\/pages\/71719","targetHints":{"allow":["GET"]}}],"collection":[{"href":"https:\/\/mister.forex\/tr\/wp-json\/wp\/v2\/pages"}],"about":[{"href":"https:\/\/mister.forex\/tr\/wp-json\/wp\/v2\/types\/page"}],"author":[{"embeddable":true,"href":"https:\/\/mister.forex\/tr\/wp-json\/wp\/v2\/users\/1"}],"replies":[{"embeddable":true,"href":"https:\/\/mister.forex\/tr\/wp-json\/wp\/v2\/comments?post=71719"}],"version-history":[{"count":82,"href":"https:\/\/mister.forex\/tr\/wp-json\/wp\/v2\/pages\/71719\/revisions"}],"predecessor-version":[{"id":72307,"href":"https:\/\/mister.forex\/tr\/wp-json\/wp\/v2\/pages\/71719\/revisions\/72307"}],"wp:featuredmedia":[{"embeddable":true,"href":"https:\/\/mister.forex\/tr\/wp-json\/wp\/v2\/media\/33201"}],"wp:attachment":[{"href":"https:\/\/mister.forex\/tr\/wp-json\/wp\/v2\/media?parent=71719"}],"wp:term":[{"taxonomy":"post_tag","embeddable":true,"href":"https:\/\/mister.forex\/tr\/wp-json\/wp\/v2\/tags?post=71719"}],"curies":[{"name":"wp","href":"https:\/\/api.w.org\/{rel}","templated":true}]}}