{"id":71738,"date":"2026-05-12T01:42:13","date_gmt":"2026-05-11T17:42:13","guid":{"rendered":"https:\/\/mister.forex\/?page_id=71738"},"modified":"2026-05-13T13:58:14","modified_gmt":"2026-05-13T05:58:14","slug":"investment-comparison","status":"publish","type":"page","link":"https:\/\/mister.forex\/tr\/investment-comparison\/","title":{"rendered":"Yat\u0131r\u0131m Kar\u015f\u0131la\u015ft\u0131rmas\u0131: %&#8203;1 Gelece\u011finizi Nas\u0131l Belirler?"},"content":{"rendered":"<div data-elementor-type=\"wp-page\" data-elementor-id=\"71738\" class=\"elementor elementor-71738\" data-elementor-post-type=\"page\">\n\t\t\t\t<div class=\"elementor-element elementor-element-284dc64 e-flex e-con-boxed e-con e-parent\" data-id=\"284dc64\" data-element_type=\"container\">\n\t\t\t\t\t<div class=\"e-con-inner\">\n\t\t\t\t<div class=\"elementor-element elementor-element-ccbaeda elementor-widget elementor-widget-heading\" data-id=\"ccbaeda\" data-element_type=\"widget\" data-widget_type=\"heading.default\">\n\t\t\t\t\t<h1 class=\"elementor-heading-title elementor-size-default\">Se\u00e7im \u00c7abadan \u00d6nemlidir: Stratejiler Aras\u0131 B\u00fcy\u00fcme Kar\u015f\u0131la\u015ft\u0131rmas\u0131<\/h1>\t\t\t\t<\/div>\n\t\t\t\t<div class=\"elementor-element elementor-element-58c2a3e elementor-widget elementor-widget-html translation-block\" data-id=\"58c2a3e\" data-element_type=\"widget\" data-widget_type=\"html.default\"><span>\n<strong>Yat\u0131r\u0131m sadece birikim yapmak de\u011fildir; bir verimlilik yar\u0131\u015f\u0131d\u0131r.<\/strong><br><br>\n\n%&#8203;1'lik bir fark \u015fu an k\u00fc\u00e7\u00fck g\u00f6r\u00fcnebilir, ancak \"erken emekli\" mi olaca\u011f\u0131n\u0131z\u0131 yoksa \"\u00e7al\u0131\u015fmaya devam\" m\u0131 edece\u011finizi belirler.\n<\/span><\/div>\n\t\t\t\t<div class=\"elementor-element elementor-element-c9f3b06 elementor-widget elementor-widget-template\" data-id=\"c9f3b06\" data-element_type=\"widget\" data-widget_type=\"template.default\">\n\t\t\t\t<div class=\"elementor-widget-container\">\n\t\t\t\t\t\t\t<div class=\"elementor-template\">\n\t\t\t\t\t<div data-elementor-type=\"container\" data-elementor-id=\"71597\" class=\"elementor elementor-71597\" data-elementor-post-type=\"elementor_library\">\n\t\t\t\t<div class=\"elementor-element elementor-element-90d7cbe e-con-full e-grid e-con e-child\" data-id=\"90d7cbe\" data-element_type=\"container\" data-settings=\"{&quot;background_background&quot;:&quot;classic&quot;}\">\n\t\t<div class=\"elementor-element elementor-element-1d03f7b3 e-con-full e-flex e-con e-child\" data-id=\"1d03f7b3\" data-element_type=\"container\">\n\t\t\t\t<div class=\"elementor-element elementor-element-4d291e57 elementor-widget elementor-widget-heading\" data-id=\"4d291e57\" data-element_type=\"widget\" data-widget_type=\"heading.default\">\n\t\t\t\t\t<span class=\"elementor-heading-title elementor-size-default\">Banka Mevduat\u0131<\/span>\t\t\t\t<\/div>\n\t\t\t\t<div class=\"elementor-element elementor-element-446eb41c elementor-widget elementor-widget-heading\" data-id=\"446eb41c\" data-element_type=\"widget\" data-widget_type=\"heading.default\">\n\t\t\t\t\t<span class=\"elementor-heading-title elementor-size-default\">1.5% - 1.8%<\/span>\t\t\t\t<\/div>\n\t\t\t\t<\/div>\n\t\t<div class=\"elementor-element elementor-element-755e67fa e-con-full e-flex e-con e-child\" data-id=\"755e67fa\" data-element_type=\"container\">\n\t\t\t\t<div class=\"elementor-element elementor-element-87015db elementor-widget elementor-widget-heading\" data-id=\"87015db\" data-element_type=\"widget\" data-widget_type=\"heading.default\">\n\t\t\t\t\t<span class=\"elementor-heading-title elementor-size-default\">K\u00fcresel Endeksler<\/span>\t\t\t\t<\/div>\n\t\t\t\t<div class=\"elementor-element elementor-element-4227a4d9 elementor-widget elementor-widget-heading\" data-id=\"4227a4d9\" data-element_type=\"widget\" data-widget_type=\"heading.default\">\n\t\t\t\t\t<span class=\"elementor-heading-title elementor-size-default\">8% - 10%<\/span>\t\t\t\t<\/div>\n\t\t\t\t<\/div>\n\t\t<div class=\"elementor-element elementor-element-364a9bd3 e-con-full e-flex e-con e-child\" data-id=\"364a9bd3\" data-element_type=\"container\">\n\t\t\t\t<div class=\"elementor-element elementor-element-4036bb7e elementor-widget elementor-widget-heading\" data-id=\"4036bb7e\" data-element_type=\"widget\" data-widget_type=\"heading.default\">\n\t\t\t\t\t<span class=\"elementor-heading-title elementor-size-default\">Mr.Forex Stratejisi<\/span>\t\t\t\t<\/div>\n\t\t\t\t<div class=\"elementor-element elementor-element-18e9964a elementor-widget elementor-widget-heading\" data-id=\"18e9964a\" data-element_type=\"widget\" data-widget_type=\"heading.default\">\n\t\t\t\t\t<span class=\"elementor-heading-title elementor-size-default\">12% +<\/span>\t\t\t\t<\/div>\n\t\t\t\t<\/div>\n\t\t\t\t<\/div>\n\t\t\t\t<\/div>\n\t\t\t\t<\/div>\n\t\t\t\t\t\t<\/div>\n\t\t\t\t<\/div>\n\t\t\t\t<div class=\"elementor-element elementor-element-b0d4894 elementor-widget elementor-widget-html\" data-id=\"b0d4894\" data-element_type=\"widget\" data-widget_type=\"html.default\">\n\t\t\t\t\t<div class=\"mr-forex-calc\" style=\"max-width:800px; margin:20px auto; padding:35px; background:#FFFFFF; border: 1px solid #E5E9F0; border-radius:20px; font-family: 'Inter', 'PingFang TC', sans-serif; box-shadow: 0 10px 30px rgba(21, 38, 77, 0.08);\">\n    \n    <div style=\"width:50px; height:4px; background:#FAB42C; margin-bottom:20px; border-radius:2px;\"><\/div>\n    \n    <h3 style=\"color:#15264D; margin:0 0 25px 0; font-size:1.2em; font-weight:700; letter-spacing:-0.5px;\">Strateji Kar\u015f\u0131la\u015ft\u0131rma Arac\u0131<\/h3>\n\n    <div style=\"margin-bottom:20px;\">\n        <label style=\"display:block; margin-bottom:8px; font-size:0.9em; color:#666666; font-weight:500;\">Ba\u015flang\u0131\u00e7 Sermayesi<\/label>\n        <input type=\"number\" id=\"compP\" value=\"50000\" min=\"0\" step=\"100\" lang=\"en\" translate=\"no\" class=\"notranslate\" style=\"width:100%; padding:12px 15px; border:2px solid #F0F2F5; border-radius:8px; color:#15264D; font-size:1.1em; outline:none; transition:all 0.3s;\" onfocus=\"this.style.borderColor='#FAB42C'\" onblur=\"this.style.borderColor='#F0F2F5'\">\n    <\/div>\n\n    <div style=\"display:flex; gap:10px; margin-bottom:20px;\">\n        <div style=\"flex:1;\">\n            <label style=\"display:block; margin-bottom:8px; font-size:0.9em; color:#666666; font-weight:500;\">Strateji A Y\u0131ll\u0131k Getiri (%&#8203;)<\/label>\n            <input type=\"number\" id=\"compR1\" value=\"6\" min=\"0\" step=\"0.5\" lang=\"en\" translate=\"no\" class=\"notranslate\" style=\"width:100%; padding:12px 15px; border:2px solid #F0F2F5; border-radius:8px; color:#15264D; font-size:1.1em; outline:none;\" onfocus=\"this.style.borderColor='#FAB42C'\" onblur=\"this.style.borderColor='#F0F2F5'\">\n        <\/div>\n        <div style=\"flex:1;\">\n            <label style=\"display:block; margin-bottom:8px; font-size:0.9em; color:#666666; font-weight:500;\">Strateji B Y\u0131ll\u0131k Getiri (%&#8203;)<\/label>\n            <input type=\"number\" id=\"compR2\" value=\"12\" min=\"0\" step=\"0.5\" lang=\"en\" translate=\"no\" class=\"notranslate\" style=\"width:100%; padding:12px 15px; border:2px solid #F0F2F5; border-radius:8px; color:#15264D; font-size:1.1em; outline:none;\" onfocus=\"this.style.borderColor='#FAB42C'\" onblur=\"this.style.borderColor='#F0F2F5'\">\n        <\/div>\n    <\/div>\n\n    <div style=\"margin-bottom:25px;\">\n        <label style=\"display:block; margin-bottom:8px; font-size:0.9em; color:#666666; font-weight:500;\">S\u00fcre (Y\u0131l)<\/label>\n        <input type=\"number\" id=\"compY\" value=\"15\" min=\"0\" step=\"1\" lang=\"en\" translate=\"no\" class=\"notranslate\" style=\"width:100%; padding:12px 15px; border:2px solid #F0F2F5; border-radius:8px; color:#15264D; font-size:1.1em; outline:none;\" onfocus=\"this.style.borderColor='#FAB42C'\" onblur=\"this.style.borderColor='#F0F2F5'\">\n    <\/div>\n\n    <button onclick=\"calcComp()\" style=\"background:#15264D; color:#FFFFFF; border:none; padding:15px; width:100%; border-radius:8px; cursor:pointer; font-weight:700; font-size:1.1em; transition: 0.3s; box-shadow: 0 4px 12px rgba(21, 38, 77, 0.2);\" onmouseover=\"this.style.background='#FAB42C'; this.style.color='#15264D'\" onmouseout=\"this.style.background='#15264D'; this.style.color='#FFFFFF'\">\n        Varl\u0131k Fark\u0131n\u0131 Kar\u015f\u0131la\u015ft\u0131r\n    <\/button>\n    \n    <div id=\"compResultBox\" style=\"margin-top:25px; display:none; background:#F8FAFC; border-radius:12px; padding:20px; text-align:center;\">\n        <p id=\"compSummaryText\" style=\"color:#666666; font-size:0.9em; margin:0 0 5px 0;\">\u7b56\u7565\u9593\u7684\u8cc7\u7522\u843d\u5dee<\/p>\n        <div id=\"compResult\" translate=\"no\" class=\"notranslate\" style=\"font-size:1.8em; color:#15264D; font-weight:700;\"><\/div>\n    <\/div>\n\n    <div id=\"compTableContainer\" style=\"margin-top:25px; max-height:450px; overflow-y:auto; display:none; border: 1px solid #F0F2F5; border-radius:10px;\">\n        <table style=\"width:100%; border-collapse: collapse; font-size: 0.85em; text-align: center;\">\n            <thead style=\"position: sticky; top: 0; z-index: 1;\">\n                <tr style=\"background-color: #15264D; color: #FFFFFF;\">\n                    <th style=\"padding: 12px; font-weight: 600;\">Y\u0131l<\/th>\n                    <th style=\"padding: 12px; font-weight: 600;\">Strateji A<\/th>\n                    <th style=\"padding: 12px; font-weight: 600;\">Strateji B<\/th>\n                    <th style=\"padding: 12px; font-weight: 600;\">Fark<\/th>\n                <\/tr>\n            <\/thead>\n            <tbody id=\"compTableBody\" translate=\"no\" class=\"notranslate\" style=\"color:#4A5568;\">\n            <\/tbody>\n        <\/table>\n    <\/div>\n<\/div>\n\n<script>\nfunction calcComp(){\n    const P = Math.max(0, parseFloat(document.getElementById('compP').value));\n    const years = Math.max(0, parseInt(document.getElementById('compY').value));\n    const r1 = Math.max(0, parseFloat(document.getElementById('compR1').value)) \/ 100;\n    const r2 = Math.max(0, parseFloat(document.getElementById('compR2').value)) \/ 100;\n    \n    if(isNaN(P) || isNaN(years)) return;\n\n    let tableHtml = \"\";\n    let finalGap = 0;\n\n    for(let y = 1; y <= years; y++) {\n        const v1 = P * Math.pow(1 + r1, y);\n        const v2 = P * Math.pow(1 + r2, y);\n        const gap = v2 - v1; \/\/ B \u6e1b A\n        const gapRounded = Math.round(gap);\n        \n        if(y === years) finalGap = gapRounded;\n\n        \/\/ \u6c7a\u5b9a\u843d\u5dee\u6b04\u4f4d\u7684\u984f\u8272\u8207\u7b26\u865f\n        \/\/ B > A \u70ba\u7d05\u8272\u6b63\u503c\uff0cB < A \u70ba\u7da0\u8272\u8ca0\u503c\n        let gapColor = gapRounded >= 0 ? \"#D9534F\" : \"#28A745\";\n        let gapSign = gapRounded > 0 ? \"+\" : \"\"; \/\/ \u8ca0\u865f\u7531 toLocaleString \u81ea\u52d5\u8655\u7406\n\n        tableHtml += `<tr style=\"border-bottom: 1px solid #F0F2F5;\">\n            <td style=\"padding: 12px; font-weight:500; color:#666666;\">${y}<\/td>\n            <td style=\"padding: 12px;\">${Math.round(v1).toLocaleString('en-US')}<\/td>\n            <td style=\"padding: 12px;\">${Math.round(v2).toLocaleString('en-US')}<\/td>\n            <td style=\"padding: 12px; color:${gapColor}; font-weight:700;\">${gapSign}${gapRounded.toLocaleString('en-US')}<\/td>\n        <\/tr>`;\n    }\n\n    \/\/ \u8655\u7406\u7d50\u679c\u76d2\u6a19\u984c\u6587\u5b57\n    const summaryText = document.getElementById('compSummaryText');\n    if (finalGap > 0) {\n        summaryText.innerText = \"\u7b56\u7565 B \u9818\u5148\u7b56\u7565 A \u7684\u7e3d\u503c\";\n    } else if (finalGap < 0) {\n        summaryText.innerText = \"\u7b56\u7565 A \u9818\u5148\u7b56\u7565 B \u7684\u7e3d\u503c\";\n    } else {\n        summaryText.innerText = \"\u5169\u9805\u7b56\u7565\u8cc7\u7522\u50f9\u503c\u6301\u5e73\";\n    }\n\n    \/\/ \u986f\u793a\u7d50\u679c\uff0c\u8ca0\u503c\u6642\u8b93 toLocaleString \u81ea\u52d5\u986f\u793a\u8ca0\u865f\uff0c\u6b63\u503c\u88dc\u4e0a\u52a0\u865f\n    document.getElementById('compResultBox').style.display = \"block\";\n    const finalSign = finalGap > 0 ? \"+\" : \"\";\n    document.getElementById('compResult').innerText = finalSign + finalGap.toLocaleString('en-US');\n    \n    \/\/ \u6e32\u67d3\u8868\u683c\n    document.getElementById('compTableBody').innerHTML = tableHtml;\n    document.getElementById('compTableContainer').style.display = \"block\";\n}\n<\/script>\t\t\t\t<\/div>\n\t\t\t\t<div class=\"elementor-element elementor-element-f632ae4 elementor-widget elementor-widget-html translation-block\" data-id=\"f632ae4\" data-element_type=\"widget\" data-widget_type=\"html.default\"><span>\n<h2><strong>\ud83d\udca1 Verimlilik: Getiriler Anahtard\u0131r<\/strong><\/h2>\nAyn\u0131 sermaye ve s\u00fcreyle, k\u00fc\u00e7\u00fck bir getiri fark\u0131 bile devasa bir servet \"u\u00e7urumu\" yarat\u0131r.<br><br>\n\nBu \u015funu kan\u0131tlar: <strong>Do\u011fru arac\u0131 se\u00e7mek, sadece para biriktirmekten daha \u00f6nemlidir.<\/strong><br><br>\n\n<span style=\"font-size:0.9em;color:#718096\">* Not: Zaman fark\u0131 b\u00fcy\u00fct\u00fcr. Ortalaman\u0131n \u00fczerinde performans g\u00f6stermek, Kantitatif stratejilerin temelidir.<\/span>\n<\/span><\/div>\n\t\t\t\t<div class=\"elementor-element elementor-element-085a129 elementor-widget-divider--view-line elementor-widget elementor-widget-divider\" data-id=\"085a129\" data-element_type=\"widget\" data-widget_type=\"divider.default\">\n\t\t\t\t\t\t\t<div class=\"elementor-divider\">\n\t\t\t<span class=\"elementor-divider-separator\">\n\t\t\t\t\t\t<\/span>\n\t\t<\/div>\n\t\t\t\t\t\t<\/div>\n\t\t\t\t<div class=\"elementor-element elementor-element-f99fae3 elementor-widget elementor-widget-html translation-block\" data-id=\"f99fae3\" data-element_type=\"widget\" data-widget_type=\"html.default\"><span>\n<h2><strong>Do\u011fru Arac\u0131 Se\u00e7mek, H\u0131zl\u0131 Ko\u015fmaktan Daha \u00d6nemlidir.<\/strong><\/h2> \nPiyasa trendleri dalgalan\u0131r, ancak <strong>Mr.Forex<\/strong> Kantitatif stratejileri \"Ortalaman\u0131n \u00dczerinde Performans\" sergilemeyi hedefler.\n<\/span><\/div>\n\t\t\t\t<div class=\"elementor-element elementor-element-39a26a9 elementor-icon-list--layout-inline elementor-list-item-link-inline elementor-widget elementor-widget-icon-list\" data-id=\"39a26a9\" data-element_type=\"widget\" data-widget_type=\"icon-list.default\">\n\t\t\t\t\t\t\t<ul class=\"elementor-icon-list-items elementor-inline-items\">\n\t\t\t\t\t\t\t<li class=\"elementor-icon-list-item elementor-inline-item\">\n\t\t\t\t\t\t\t\t\t\t\t<a href=\"https:\/\/mister.forex\/tr\/algorithmic-trading-systems\/\">\n\n\t\t\t\t\t\t\t\t\t\t\t\t<span class=\"elementor-icon-list-icon\">\n\t\t\t\t\t\t\t<svg aria-hidden=\"true\" class=\"e-font-icon-svg e-far-check-circle\" viewbox=\"0 0 512 512\" xmlns=\"http:\/\/www.w3.org\/2000\/svg\"><path d=\"M256 8C119.033 8 8 119.033 8 256s111.033 248 248 248 248-111.033 248-248S392.967 8 256 8zm0 48c110.532 0 200 89.451 200 200 0 110.532-89.451 200-200 200-110.532 0-200-89.451-200-200 0-110.532 89.451-200 200-200m140.204 130.267l-22.536-22.718c-4.667-4.705-12.265-4.736-16.97-.068L215.346 303.697l-59.792-60.277c-4.667-4.705-12.265-4.736-16.97-.069l-22.719 22.536c-4.705 4.667-4.736 12.265-.068 16.971l90.781 91.516c4.667 4.705 12.265 4.736 16.97.068l172.589-171.204c4.704-4.668 4.734-12.266.067-16.971z\"><\/path><\/svg>\t\t\t\t\t\t<\/span>\n\t\t\t\t\t\t\t\t\t\t<span class=\"elementor-icon-list-text\">Canl\u0131 \u0130\u015flem Sonu\u00e7lar\u0131n\u0131 G\u00f6r\u00fcnt\u00fcle<\/span>\n\t\t\t\t\t\t\t\t\t\t\t<\/a>\n\t\t\t\t\t\t\t\t\t<\/li>\n\t\t\t\t\t\t<\/ul>\n\t\t\t\t\t\t<\/div>\n\t\t\t\t\t<\/div>\n\t\t\t\t<\/div>\n\t\t\t\t<\/div>","protected":false},"excerpt":{"rendered":"<p>Mevduat, Borsa Endeksi ve Kantitatif Ticaret kar\u015f\u0131la\u015ft\u0131rmas\u0131. Getirilerin zamanla yaratt\u0131\u011f\u0131 devasa varl\u0131k fark\u0131n\u0131 g\u00f6r\u00fcn.<\/p>","protected":false},"author":1,"featured_media":33201,"parent":0,"menu_order":0,"comment_status":"closed","ping_status":"closed","template":"","meta":{"footnotes":""},"tags":[128],"class_list":["post-71738","page","type-page","status-publish","has-post-thumbnail","hentry","tag-no-google"],"_links":{"self":[{"href":"https:\/\/mister.forex\/tr\/wp-json\/wp\/v2\/pages\/71738","targetHints":{"allow":["GET"]}}],"collection":[{"href":"https:\/\/mister.forex\/tr\/wp-json\/wp\/v2\/pages"}],"about":[{"href":"https:\/\/mister.forex\/tr\/wp-json\/wp\/v2\/types\/page"}],"author":[{"embeddable":true,"href":"https:\/\/mister.forex\/tr\/wp-json\/wp\/v2\/users\/1"}],"replies":[{"embeddable":true,"href":"https:\/\/mister.forex\/tr\/wp-json\/wp\/v2\/comments?post=71738"}],"version-history":[{"count":61,"href":"https:\/\/mister.forex\/tr\/wp-json\/wp\/v2\/pages\/71738\/revisions"}],"predecessor-version":[{"id":72368,"href":"https:\/\/mister.forex\/tr\/wp-json\/wp\/v2\/pages\/71738\/revisions\/72368"}],"wp:featuredmedia":[{"embeddable":true,"href":"https:\/\/mister.forex\/tr\/wp-json\/wp\/v2\/media\/33201"}],"wp:attachment":[{"href":"https:\/\/mister.forex\/tr\/wp-json\/wp\/v2\/media?parent=71738"}],"wp:term":[{"taxonomy":"post_tag","embeddable":true,"href":"https:\/\/mister.forex\/tr\/wp-json\/wp\/v2\/tags?post=71738"}],"curies":[{"name":"wp","href":"https:\/\/api.w.org\/{rel}","templated":true}]}}