{"id":15689,"date":"2024-05-03T20:52:04","date_gmt":"2024-05-03T12:52:04","guid":{"rendered":"http:\/\/192.168.0.254\/?page_id=15689"},"modified":"2026-04-02T23:17:21","modified_gmt":"2026-04-02T15:17:21","slug":"pivot-point-calculator","status":"publish","type":"page","link":"https:\/\/mister.forex\/vi\/tools\/pivot-point-calculator\/","title":{"rendered":"M\u00e1y T\u00ednh \u0110i\u1ec3m Pivot | M\u00e1y T\u00ednh \u0110i\u1ec3m H\u1ed7 Tr\u1ee3 v\u00e0 Kh\u00e1ng C\u1ef1 Ngo\u1ea1i H\u1ed1i"},"content":{"rendered":"<div data-elementor-type=\"wp-page\" data-elementor-id=\"15689\" class=\"elementor elementor-15689\" data-elementor-post-type=\"page\">\n\t\t\t\t<div class=\"elementor-element elementor-element-5536ed9 e-flex e-con-boxed e-con e-parent\" data-id=\"5536ed9\" data-element_type=\"container\" data-settings=\"{&quot;background_background&quot;:&quot;classic&quot;}\">\n\t\t\t\t\t<div class=\"e-con-inner\">\n\t\t<div class=\"elementor-element elementor-element-ba5a32b e-flex e-con-boxed e-con e-child\" data-id=\"ba5a32b\" data-element_type=\"container\">\n\t\t\t\t\t<div class=\"e-con-inner\">\n\t\t\t\t<div class=\"elementor-element elementor-element-2136e2e elementor-widget elementor-widget-heading\" data-id=\"2136e2e\" data-element_type=\"widget\" data-widget_type=\"heading.default\">\n\t\t\t\t\t<h1 class=\"elementor-heading-title elementor-size-default\">M\u00e1y T\u00ednh \u0110i\u1ec3m Pivot<\/h1>\t\t\t\t<\/div>\n\t\t\t\t<div class=\"elementor-element elementor-element-cedcae0 elementor-widget elementor-widget-heading\" data-id=\"cedcae0\" data-element_type=\"widget\" data-widget_type=\"heading.default\">\n\t\t\t\t\t<h2 class=\"elementor-heading-title elementor-size-default\">C\u00f4ng c\u1ee5 t\u00ednh to\u00e1n \u0111i\u1ec3m pivot Forex, d\u00f9ng \u0111\u1ec3 x\u00e1c \u0111\u1ecbnh m\u1ee9c h\u1ed7 tr\u1ee3 v\u00e0 kh\u00e1ng c\u1ef1.<\/h2>\t\t\t\t<\/div>\n\t\t\t\t\t<\/div>\n\t\t\t\t<\/div>\n\t\t\t\t<div class=\"elementor-element elementor-element-bf99893 elementor-widget__width-inherit elementor-absolute elementor-widget elementor-widget-image\" data-id=\"bf99893\" data-element_type=\"widget\" data-settings=\"{&quot;_position&quot;:&quot;absolute&quot;}\" data-widget_type=\"image.default\">\n\t\t\t\t\t\t\t\t\t\t\t\t\t\t\t<img fetchpriority=\"high\" decoding=\"async\" width=\"500\" height=\"281\" src=\"https:\/\/mister.forex\/wp-content\/uploads\/2024\/02\/9-500x281.webp\" class=\"attachment-medium size-medium wp-image-4081\" alt=\"\" srcset=\"https:\/\/mister.forex\/wp-content\/uploads\/2024\/02\/9-500x281.webp 500w, https:\/\/mister.forex\/wp-content\/uploads\/2024\/02\/9-600x337.webp 600w, https:\/\/mister.forex\/wp-content\/uploads\/2024\/02\/9-1200x675.webp 1200w, https:\/\/mister.forex\/wp-content\/uploads\/2024\/02\/9-300x169.webp 300w, https:\/\/mister.forex\/wp-content\/uploads\/2024\/02\/9-768x432.webp 768w, https:\/\/mister.forex\/wp-content\/uploads\/2024\/02\/9.webp 1366w\" sizes=\"(max-width: 500px) 100vw, 500px\" \/>\t\t\t\t\t\t\t\t\t\t\t\t\t\t\t<\/div>\n\t\t\t\t\t<\/div>\n\t\t\t\t<\/div>\n\t\t<div class=\"elementor-element elementor-element-f4bbbce e-flex e-con-boxed e-con e-parent\" data-id=\"f4bbbce\" data-element_type=\"container\">\n\t\t\t\t\t<div class=\"e-con-inner\">\n\t\t<div class=\"elementor-element elementor-element-118367b e-con-full e-flex e-con e-child\" data-id=\"118367b\" data-element_type=\"container\">\n\t\t<div class=\"elementor-element elementor-element-4aaf97d e-con-full e-flex e-con e-child\" data-id=\"4aaf97d\" data-element_type=\"container\">\n\t\t\t\t<div class=\"elementor-element elementor-element-7a71ef8 elementor-widget elementor-widget-text-editor\" data-id=\"7a71ef8\" data-element_type=\"widget\" data-widget_type=\"text-editor.default\">\n\t\t\t\t\t\t\t\t\t<h2><strong>H\u01b0\u1edbng d\u1eabn s\u1eed d\u1ee5ng<\/strong><\/h2><h3><strong>Nh\u1eadp t\u00f9y ch\u1ecdn<\/strong><\/h3><p><strong><span style=\"text-decoration: underline;\">Ki\u1ec3u<\/span>:&nbsp;<\/strong>Trong tr\u01b0\u1eddng h\u1ee3p n\u00e0y, c\u00f3 b\u1ed1n ph\u01b0\u01a1ng ph\u00e1p t\u00ednh to\u00e1n \u0111i\u1ec3m xoay v\u1edbi c\u00e1c c\u1ea5p \u0111\u1ed9 kh\u00e1c nhau \u0111\u1ec3 l\u1ef1a ch\u1ecdn.<\/p><ol><li><strong><span style=\"text-decoration: underline;\">Ti\u00eau chu\u1ea9n<\/span>:&nbsp;<\/strong>7 c\u1ea5p \u0111\u1ed9 gi\u1eefa R3 v\u00e0 S3.<\/li><li><strong><span style=\"text-decoration: underline;\">Woodie<\/span>:&nbsp;<\/strong>5 c\u1ea5p \u0111\u1ed9 gi\u1eefa R2 v\u00e0 S2.<\/li><li><strong><span style=\"text-decoration: underline;\">Camarilla<\/span>:&nbsp;<\/strong>9 c\u1ea5p \u0111\u1ed9, n\u1eb1m gi\u1eefa R4 v\u00e0 S4.<\/li><li><strong><span style=\"text-decoration: underline;\">DeMark<\/span>:&nbsp;<\/strong>Ch\u1ec9 t\u00ednh to\u00e1n 2 m\u1ee9c gi\u1eefa R1 v\u00e0 S1.<\/li><\/ol>\t\t\t\t\t\t\t\t<\/div>\n\t\t\t\t<div class=\"elementor-element elementor-element-61abba3 elementor-widget elementor-widget-text-editor\" data-id=\"61abba3\" data-element_type=\"widget\" data-widget_type=\"text-editor.default\">\n\t\t\t\t\t\t\t\t\t<p><strong><span style=\"text-decoration: underline;\">Gi\u00e1 cao<\/span>:&nbsp;<\/strong>Nh\u1eadp gi\u00e1 cao nh\u1ea5t c\u1ee7a s\u1ea3n ph\u1ea9m giao d\u1ecbch trong ng\u00e0y giao d\u1ecbch tr\u01b0\u1edbc.<\/p><p><strong><span style=\"text-decoration: underline;\">Gi\u00e1 th\u1ea5p<\/span>:&nbsp;<\/strong>Nh\u1eadp gi\u00e1 th\u1ea5p nh\u1ea5t c\u1ee7a s\u1ea3n ph\u1ea9m giao d\u1ecbch trong ng\u00e0y giao d\u1ecbch tr\u01b0\u1edbc \u0111\u00f3.<\/p><p><strong><span style=\"text-decoration: underline;\">Gi\u00e1 \u0111\u00f3ng<\/span>:&nbsp;<\/strong>Nh\u1eadp gi\u00e1 \u0111\u00f3ng c\u1eeda c\u1ee7a ng\u00e0y giao d\u1ecbch tr\u01b0\u1edbc.<\/p><p><strong>\u203b<\/strong>\u00a0<strong><span style=\"text-decoration: underline;\">Gi\u00e1 m\u1edf<\/span>:&nbsp;<\/strong>Nh\u1eadp gi\u00e1 m\u1edf c\u1eeda c\u1ee7a ng\u00e0y giao d\u1ecbch tr\u01b0\u1edbc, \u0111\u00e2y l\u00e0 m\u1ed9t trong nh\u1eefng d\u1eef li\u1ec7u t\u00ednh to\u00e1n quan tr\u1ecdng trong ph\u01b0\u01a1ng ph\u00e1p DeMark.<\/p>\t\t\t\t\t\t\t\t<\/div>\n\t\t\t\t<div class=\"elementor-element elementor-element-d6b57e4 elementor-widget elementor-widget-text-editor\" data-id=\"d6b57e4\" data-element_type=\"widget\" data-widget_type=\"text-editor.default\">\n\t\t\t\t\t\t\t\t\t<h2><strong>K\u1ebft qu\u1ea3 t\u00ednh to\u00e1n<\/strong><\/h2><p>M\u00e1y T\u00ednh \u0110i\u1ec3m Pivot s\u1ebd t\u00ednh to\u00e1n v\u00e0 hi\u1ec3n th\u1ecb c\u00e1c m\u1ee9c \u0111i\u1ec3m pivot cho phi\u00ean giao d\u1ecbch ti\u1ebfp theo d\u1ef1a tr\u00ean ph\u01b0\u01a1ng ph\u00e1p t\u00ednh to\u00e1n \u0111\u00e3 ch\u1ecdn v\u00e0 d\u1eef li\u1ec7u gi\u00e1 \u0111\u00e3 nh\u1eadp.<\/p><p>V\u00ed d\u1ee5, gi\u1ea3 s\u1eed ch\u00fang ta mu\u1ed1n t\u00ednh to\u00e1n \u0111i\u1ec3m xoay cho c\u1eb7p EUR\/USD v\u00e0 th\u1eddi gian giao d\u1ecbch ti\u1ebfp theo.<\/p><p>\u0110\u1ea7u ti\u00ean, trong v\u00ed d\u1ee5 c\u1ee7a ch\u00fang t\u00f4i, ch\u00fang t\u00f4i s\u1ebd ch\u1ecdn ph\u01b0\u01a1ng ph\u00e1p t\u00ednh to\u00e1n ti\u00eau chu\u1ea9n.<\/p><p>Ch\u00fang t\u00f4i nh\u1eadp v\u00e0o c\u1eb7p ti\u1ec1n Euro\/USD v\u1edbi m\u1ee9c gi\u00e1 cao nh\u1ea5t trong ng\u00e0y giao d\u1ecbch tr\u01b0\u1edbc l\u00e0 1.2000, m\u1ee9c gi\u00e1 th\u1ea5p nh\u1ea5t l\u00e0 1.1500, v\u00e0 gi\u00e1 \u0111\u00f3ng c\u1eeda l\u00e0 1.1700.<\/p><p>M\u00e1y T\u00ednh \u0110i\u1ec3m Pivot (trong ch\u1ebf \u0111\u1ed9 ti\u00eau chu\u1ea9n) s\u1ebd t\u00ednh to\u00e1n v\u00e0 hi\u1ec3n th\u1ecb 7 m\u1ee9c \u0111i\u1ec3m pivot cho c\u1eb7p Euro\/USD trong kho\u1ea3ng th\u1eddi gian giao d\u1ecbch ti\u1ebfp theo.<\/p><p>M\u1ee9c \u0111i\u1ec3m xoay c\u1ee7a ng\u00e0y h\u00f4m sau l\u00e0 1.1733<\/p><p>3 m\u1ee9c h\u1ed7 tr\u1ee3 l\u00e0 1.1467 (S1), 1.1233 (S2) v\u00e0 1.0967 (S3).<\/p><p>3 m\u1ee9c kh\u00e1ng c\u1ef1 l\u1ea7n l\u01b0\u1ee3t l\u00e0 1.1967 (R1), 1.2233 (R2) v\u00e0 1.2467 (R3).<\/p>\t\t\t\t\t\t\t\t<\/div>\n\t\t\t\t<div class=\"elementor-element elementor-element-51954b1 elementor-widget elementor-widget-text-editor\" data-id=\"51954b1\" data-element_type=\"widget\" data-widget_type=\"text-editor.default\">\n\t\t\t\t\t\t\t\t\t<h2><strong>\u0110i\u1ec3m xoay l\u00e0 g\u00ec?<\/strong><\/h2><p>Pivot Point l\u00e0 m\u1ed9t c\u00f4ng c\u1ee5 ph\u00e2n t\u00edch k\u1ef9 thu\u1eadt ph\u1ed5 bi\u1ebfn trong giao d\u1ecbch ngo\u1ea1i h\u1ed1i, \u0111\u01b0\u1ee3c s\u1eed d\u1ee5ng \u0111\u1ec3 x\u00e1c \u0111\u1ecbnh c\u00e1c m\u1ee9c h\u1ed7 tr\u1ee3 v\u00e0 kh\u00e1ng c\u1ef1 c\u00f3 th\u1ec3 x\u1ea3y ra.<\/p><p>N\u00f3 \u0111\u01b0\u1ee3c t\u00ednh to\u00e1n t\u1eeb gi\u00e1 cao nh\u1ea5t, gi\u00e1 th\u1ea5p nh\u1ea5t v\u00e0 gi\u00e1 \u0111\u00f3ng c\u1eeda c\u1ee7a ng\u00e0y giao d\u1ecbch tr\u01b0\u1edbc \u0111\u00f3.<\/p><p><strong>\u0110i\u1ec3m xoay (Pivot Point) =<\/strong><\/p><p data-pm-slice=\"0 0 []\"><strong>\uff3bGi\u00e1 cao nh\u1ea5t (Gi\u00e1 cao) \uff0bGi\u00e1 th\u1ea5p nh\u1ea5t (Gi\u00e1 th\u1ea5p) \uff0bGi\u00e1 \u0111\u00f3ng c\u1eeda (Gi\u00e1 \u0111\u00f3ng) \uff3d\uff0f3<\/strong><\/p><p>Trong kho\u1ea3ng th\u1eddi gian giao d\u1ecbch ti\u1ebfp theo, n\u1ebfu gi\u00e1 hi\u1ec7n t\u1ea1i th\u1ea5p h\u01a1n m\u1ee9c \u0111i\u1ec3m xoay, \u0111i\u1ec1u n\u00e0y c\u00f3 th\u1ec3 cho th\u1ea5y th\u1ecb tr\u01b0\u1eddng s\u1ebd ti\u1ebfp t\u1ee5c gi\u1ea3m; ng\u01b0\u1ee3c l\u1ea1i, n\u1ebfu gi\u00e1 hi\u1ec7n t\u1ea1i cao h\u01a1n m\u1ee9c \u0111i\u1ec3m xoay, \u0111i\u1ec1u n\u00e0y c\u00f3 th\u1ec3 cho th\u1ea5y th\u1ecb tr\u01b0\u1eddng s\u1ebd ti\u1ebfp t\u1ee5c t\u0103ng.<\/p><p>Chi\u1ebfn l\u01b0\u1ee3c \u0111i\u1ec3m xoay l\u00e0 m\u1ed9t chi\u1ebfn l\u01b0\u1ee3c giao d\u1ecbch d\u1ef1 \u0111o\u00e1n, c\u00f3 th\u1ec3 gi\u00fap c\u00e1c nh\u00e0 giao d\u1ecbch x\u00e1c \u0111\u1ecbnh c\u00e1c \u0111i\u1ec3m \u0111\u1ea3o chi\u1ec1u gi\u00e1 ho\u1eb7c m\u1ee9c ph\u00e1 v\u1ee1 c\u00f3 th\u1ec3 x\u1ea3y ra. \u01afu \u0111i\u1ec3m ch\u00ednh c\u1ee7a chi\u1ebfn l\u01b0\u1ee3c n\u00e0y l\u00e0 n\u00f3 c\u00f3 th\u1ec3 cung c\u1ea5p th\u00f4ng tin v\u1ec1 xu h\u01b0\u1edbng th\u1ecb tr\u01b0\u1eddng ngay l\u1eadp t\u1ee9c, thay v\u00ec th\u00f4ng tin tr\u1ec5.<\/p><p>M\u00e1y T\u00ednh \u0110i\u1ec3m Pivot c\u1ee7a ch\u00fang t\u00f4i c\u00f3 th\u1ec3 gi\u00fap b\u1ea1n t\u00ednh to\u00e1n ch\u00ednh x\u00e1c \u0111i\u1ec3m pivot c\u1ee7a b\u1ea5t k\u1ef3 c\u00f4ng c\u1ee5 t\u00e0i ch\u00ednh n\u00e0o, ba m\u1ee9c kh\u00e1ng c\u1ef1 v\u00e0 ba m\u1ee9c h\u1ed7 tr\u1ee3. Nh\u1eefng m\u1ee9c n\u00e0y c\u00f3 th\u1ec3 gi\u00fap b\u1ea1n hi\u1ec3u r\u00f5 h\u01a1n v\u1ec1 xu h\u01b0\u1edbng th\u1ecb tr\u01b0\u1eddng c\u00f3 th\u1ec3 x\u1ea3y ra v\u00e0 x\u00e2y d\u1ef1ng c\u00e1c chi\u1ebfn l\u01b0\u1ee3c giao d\u1ecbch hi\u1ec7u qu\u1ea3.<\/p>\t\t\t\t\t\t\t\t<\/div>\n\t\t\t\t<div class=\"elementor-element elementor-element-5a452a9 elementor-alert-danger elementor-widget elementor-widget-alert\" data-id=\"5a452a9\" data-element_type=\"widget\" data-widget_type=\"alert.default\">\n\t\t\t\t\t\t\t<div class=\"elementor-alert\" role=\"alert\">\n\n\t\t\t\n\t\t\t\t\t\t<span class=\"elementor-alert-description\">Hi\u1ec7u qu\u1ea3 c\u1ee7a chi\u1ebfn l\u01b0\u1ee3c giao d\u1ecbch Pivot Point ph\u1ea7n l\u1edbn ph\u1ee5 thu\u1ed9c v\u00e0o \u0111\u1ed9 ch\u00ednh x\u00e1c c\u1ee7a d\u1eef li\u1ec7u gi\u00e1 \u0111\u01b0\u1ee3c s\u1eed d\u1ee5ng. D\u1eef li\u1ec7u gi\u00e1 n\u00e0y (bao g\u1ed3m gi\u00e1 cao nh\u1ea5t, gi\u00e1 th\u1ea5p nh\u1ea5t v\u00e0 gi\u00e1 \u0111\u00f3ng c\u1eeda) n\u00ean \u0111\u01b0\u1ee3c l\u1ea5y tr\u1ef1c ti\u1ebfp t\u1eeb th\u1eddi gian giao d\u1ecbch c\u1ee7a nh\u00e0 m\u00f4i gi\u1edbi \u0111\u1ec3 \u0111\u1ea3m b\u1ea3o ch\u00fang kh\u1edbp v\u1edbi d\u1eef li\u1ec7u gi\u00e1 c\u1ee7a nh\u00e0 m\u00f4i gi\u1edbi.\n<br><br>\nTuy nhi\u00ean, do m\u1ed9t s\u1ed1 nh\u00e0 m\u00f4i gi\u1edbi h\u1ee3p \u0111\u1ed3ng ch\u00eanh l\u1ec7ch b\u00e1n l\u1ebb c\u00f3 m\u00e1y ch\u1ee7 d\u1eef li\u1ec7u \u1edf c\u00e1c m\u00fai gi\u1edd kh\u00e1c nhau, \u0111i\u1ec1u n\u00e0y c\u00f3 th\u1ec3 d\u1eabn \u0111\u1ebfn s\u1ef1 kh\u00e1c bi\u1ec7t v\u1ec1 d\u1eef li\u1ec7u so v\u1edbi th\u1ecb tr\u01b0\u1eddng ch\u00ednh th\u1ee9c. T\u00ecnh hu\u1ed1ng n\u00e0y c\u00f3 th\u1ec3 khi\u1ebfn bi\u1ec3u \u0111\u1ed3 v\u00e0 gi\u00e1 tr\u00ean n\u1ec1n t\u1ea3ng giao d\u1ecbch kh\u00e1c nhau t\u00f9y thu\u1ed9c v\u00e0o nh\u00e0 m\u00f4i gi\u1edbi, t\u1eeb \u0111\u00f3 \u1ea3nh h\u01b0\u1edfng \u0111\u1ebfn k\u1ebft qu\u1ea3 c\u1ee7a chi\u1ebfn l\u01b0\u1ee3c \u0111i\u1ec3m xoay.\n<br><br>\nDo \u0111\u00f3, \u0111\u1ec3 \u0111\u1ea3m b\u1ea3o t\u00ednh hi\u1ec7u qu\u1ea3 c\u1ee7a chi\u1ebfn l\u01b0\u1ee3c \u0111i\u1ec3m xoay, c\u00e1c nh\u00e0 giao d\u1ecbch c\u1ea7n \u0111\u1ea3m b\u1ea3o r\u1eb1ng d\u1eef li\u1ec7u gi\u00e1 m\u00e0 h\u1ecd s\u1eed d\u1ee5ng l\u00e0 ch\u00ednh x\u00e1c v\u00e0 \u0111\u00e1ng tin c\u1eady, v\u00e0 ph\u00f9 h\u1ee3p v\u1edbi d\u1eef li\u1ec7u c\u1ee7a nh\u00e0 m\u00f4i gi\u1edbi c\u1ee7a h\u1ecd. \u0110i\u1ec1u n\u00e0y c\u00f3 th\u1ec3 y\u00eau c\u1ea7u c\u00e1c nh\u00e0 giao d\u1ecbch giao ti\u1ebfp v\u1edbi nh\u00e0 m\u00f4i gi\u1edbi c\u1ee7a h\u1ecd \u0111\u1ec3 x\u00e1c \u0111\u1ecbnh ngu\u1ed3n d\u1eef li\u1ec7u t\u1ed1t nh\u1ea5t.<\/span>\n\t\t\t\n\t\t\t\n\t\t<\/div>\n\t\t\t\t\t\t<\/div>\n\t\t\t\t<\/div>\n\t\t\t\t<\/div>\n\t\t<div class=\"elementor-element elementor-element-e6e20af e-con-full e-flex e-con e-child\" data-id=\"e6e20af\" data-element_type=\"container\">\n\t\t\t\t<div class=\"elementor-element elementor-element-46abd96 elementor-widget__width-initial elementor-widget elementor-widget-html\" data-id=\"46abd96\" data-element_type=\"widget\" data-widget_type=\"html.default\">\n\t\t\t\t\t<div id=\"pivot-point-calculator-29446\"><script type=\"text\/javascript\" src=\"https:\/\/www.cashbackforex.com\/Content\/remote\/remote-widgets.js\"><\/script><script type=\"text\/javascript\"> RemoteCalc({\"Url\":\"https:\/\/www.cashbackforex.com\", \"TopPaneStyle\":\"YmFja2dyb3VuZDogbGluZWFyLWdyYWRpZW50KCNmZmYgMjAlLCAjZjVmNWY1IDQ1JSk7IGNvbG9yOiBibGFjazsgYm9yZGVyOiBzb2xpZCAxcHggI2FhYTsgYm9yZGVyLWJvdHRvbTogbm9uZTsg\",\"BottomPaneStyle\":\"YmFja2dyb3VuZDogI2YzZjNmMzsgYm9yZGVyOiBzb2xpZCAxcHggI2FhYTsgY29sb3I6IGJsYWNrOw==\",\"ButtonStyle\":\"YmFja2dyb3VuZDogIzM0MzU0MDsgY29sb3I6IHdoaXRlOyBib3JkZXItcmFkaXVzOiAyMHB4Ow==\",\"TitleStyle\":\"dGV4dC1hbGlnbjogbGVmdDsgZm9udC1zaXplOiAxNnB4OyBmb250LXdlaWdodDogNTAwOw==\",\"TextboxStyle\":\"YmFja2dyb3VuZC1jb2xvcjogd2hpdGU7IGNvbG9yOiBibGFjazsgYm9yZGVyOiBzb2xpZCAxcHggI2FhYWFhYQ==\",\"ContainerWidth\":\"500\",\"HighlightColor\":\"#ffff00\",\"IsDisplayTitle\":false,\"IsShowEmbedButton\":false,\"Lang\":wlang(),\"CompactType\":\"large\",\"Calculator\":\"pivot-point-calculator\",\"ContainerId\":\"pivot-point-calculator-29446\"});\n\nfunction wlang() {\n    \n\tvar lang = window.location.href;\n\n\tif (!lang) {\n\t\treturn 'en';\n\t}\n\n        if (lang.match('\/zh\/')) {\n\t\treturn 'zh';\n\n\t} else if (lang.match('\/hk\/')) {\n\t\treturn 'zh';\n\t\t\n\t} else if (lang.match('\/cn\/')) {\n\t\treturn 'zh';\n\t\t\n\t} else if (lang.match('\/en\/')) {\n\t\treturn 'en';\n\t\t\n\t} else if (lang.match('\/hi\/')) {\n\t\treturn 'en';\n\t\t\n\t} else if (lang.match('\/pt_br\/')) {\n\t\treturn 'pt';\n\t\t\n\t} else if (lang.match('\/ms\/')) {\n\t\treturn 'id';\n\t\t\n\t} else if (lang.match('\/es\/')) {\n\t\treturn 'es';\n\t\t\n\t} else if (lang.match('\/es_ar\/')) {\n\t\treturn 'es';\n\t\t\n\t} else if (lang.match('\/es_mx\/')) {\n\t\treturn 'es';\n\n\t} else if (lang.match('\/bn\/')) {\n\t\treturn 'en';\n\t\t\n\t} else if (lang.match('\/nb\/')) {\n\t\treturn 'en';\t\t\n\n\t} else if (lang.match('\/da\/')) {\n\t\treturn 'en';\n\t\t\n\t} else if (lang.match('\/nl\/')) {\n\t\treturn 'en';\n\t\t\n\t} else if (lang.match('\/sv\/')) {\n\t\treturn 'en';\n\t\t\n\t} else if (lang.match('\/uk\/')) {\n\t\treturn 'ru';\n\t\t\n\t} else if (lang.match('\/ur\/')) {\n\t\treturn 'en';\n\t\t\n\t} else if (lang.match('\/de\/')) {\n\t\treturn 'de';\n\t\t\n\t} else if (lang.match('\/fr\/')) {\n\t\treturn 'fr';\n\t\t\n\t} else if (lang.match('\/id\/')) {\n\t\treturn 'id';\n\t\t\n\t} else if (lang.match('\/it\/')) {\n\t\treturn 'it';\n\t\t\n\t} else if (lang.match('\/hu\/')) {\n\t\treturn 'hu';\n\t\t\n\t} else if (lang.match('\/pt\/')) {\n\t\treturn 'pt';\n\t\t\n\t} else if (lang.match('\/pl\/')) {\n\t\treturn 'pl';\n\t\t\n\t} else if (lang.match('\/ro\/')) {\n\t\treturn 'ro';\n\t\t\n\t} else if (lang.match('\/vi\/')) {\n\t\treturn 'vi';\n\t\t\n\t} else if (lang.match('\/tr\/')) {\n\t\treturn 'tr';\n\t\t\n\t} else if (lang.match('\/el\/')) {\n\t\treturn 'el';\n\t\t\n\t} else if (lang.match('\/ru\/')) {\n\t\treturn 'ru';\n\t\t\n\t} else if (lang.match('\/ar\/')) {\n\t\treturn 'ar';\n\t\t\n\t} else if (lang.match('\/th\/')) {\n\t\treturn 'th';\n\t\t\n\t} else if (lang.match('\/kr\/')) {\n\t\treturn 'ko';\n\t\t\n\t} else if (lang.match('\/jp\/')) {\n\t\treturn 'ja';\n\t\t\n\t} else if (lang.match('\/cs\/')) {\n\t\treturn 'cs';\n\t\t\n\t}else {\n\t\treturn 'zh';\n\t}\n}\n<\/script><\/div>\t\t\t\t<\/div>\n\t\t\t\t<\/div>\n\t\t\t\t\t<\/div>\n\t\t\t\t<\/div>\n\t\t\t\t<\/div>","protected":false},"excerpt":{"rendered":"<p>B\u1ea1n c\u00f3 mu\u1ed1n t\u00ecm c\u00e1c m\u1ee9c h\u1ed7 tr\u1ee3 v\u00e0 kh\u00e1ng c\u1ef1 ch\u00ednh x\u00e1c tr\u00ean th\u1ecb tr\u01b0\u1eddng ngo\u1ea1i h\u1ed1i kh\u00f4ng? M\u00e1y T\u00ednh \u0110i\u1ec3m Pivot c\u1ee7a ch\u00fang t\u00f4i l\u00e0 c\u00f4ng c\u1ee5 l\u00fd t\u01b0\u1edfng cho b\u1ea1n! D\u00f9 l\u00e0 ph\u01b0\u01a1ng ph\u00e1p ti\u00eau chu\u1ea9n, Woodie, Camarilla hay DeMark, ch\u00fang t\u00f4i \u0111\u1ec1u c\u00f3 th\u1ec3 gi\u00fap b\u1ea1n d\u1ec5 d\u00e0ng t\u00ednh to\u00e1n c\u00e1c \u0111i\u1ec3m pivot quan tr\u1ecdng cho phi\u00ean giao d\u1ecbch ti\u1ebfp theo. Nh\u1ea5p v\u00e0o \u0111\u00e2y \u0111\u1ec3 xem b\u00e0i vi\u1ebft \u0111\u1ea7y \u0111\u1ee7, n\u1eafm b\u1eaft th\u00eam nhi\u1ec1u m\u1eb9o giao d\u1ecbch v\u00e0 n\u00e2ng cao t\u1ef7 l\u1ec7 th\u00e0nh c\u00f4ng trong giao d\u1ecbch c\u1ee7a b\u1ea1n!<\/p>","protected":false},"author":1,"featured_media":23607,"parent":15462,"menu_order":0,"comment_status":"closed","ping_status":"closed","template":"","meta":{"footnotes":""},"tags":[128],"class_list":["post-15689","page","type-page","status-publish","has-post-thumbnail","hentry","tag-no-google"],"_links":{"self":[{"href":"https:\/\/mister.forex\/vi\/wp-json\/wp\/v2\/pages\/15689","targetHints":{"allow":["GET"]}}],"collection":[{"href":"https:\/\/mister.forex\/vi\/wp-json\/wp\/v2\/pages"}],"about":[{"href":"https:\/\/mister.forex\/vi\/wp-json\/wp\/v2\/types\/page"}],"author":[{"embeddable":true,"href":"https:\/\/mister.forex\/vi\/wp-json\/wp\/v2\/users\/1"}],"replies":[{"embeddable":true,"href":"https:\/\/mister.forex\/vi\/wp-json\/wp\/v2\/comments?post=15689"}],"version-history":[{"count":3,"href":"https:\/\/mister.forex\/vi\/wp-json\/wp\/v2\/pages\/15689\/revisions"}],"predecessor-version":[{"id":69187,"href":"https:\/\/mister.forex\/vi\/wp-json\/wp\/v2\/pages\/15689\/revisions\/69187"}],"up":[{"embeddable":true,"href":"https:\/\/mister.forex\/vi\/wp-json\/wp\/v2\/pages\/15462"}],"wp:featuredmedia":[{"embeddable":true,"href":"https:\/\/mister.forex\/vi\/wp-json\/wp\/v2\/media\/23607"}],"wp:attachment":[{"href":"https:\/\/mister.forex\/vi\/wp-json\/wp\/v2\/media?parent=15689"}],"wp:term":[{"taxonomy":"post_tag","embeddable":true,"href":"https:\/\/mister.forex\/vi\/wp-json\/wp\/v2\/tags?post=15689"}],"curies":[{"name":"wp","href":"https:\/\/api.w.org\/{rel}","templated":true}]}}