{"id":16910,"date":"2024-05-09T16:36:05","date_gmt":"2024-05-09T08:36:05","guid":{"rendered":"http:\/\/192.168.0.254\/?page_id=16910"},"modified":"2026-04-02T23:12:38","modified_gmt":"2026-04-02T15:12:38","slug":"investment-compound-calculator","status":"publish","type":"page","link":"https:\/\/mister.forex\/vi\/tools\/investment-compound-calculator\/","title":{"rendered":"M\u00e1y T\u00ednh L\u00e3i Su\u1ea5t K\u00e9p \u0110\u1ea7u T\u01b0 | M\u00e1y T\u00ednh L\u00e3i Su\u1ea5t K\u00e9p Nh\u00e0 \u0110\u1ea7u T\u01b0"},"content":{"rendered":"<div data-elementor-type=\"wp-page\" data-elementor-id=\"16910\" class=\"elementor elementor-16910\" data-elementor-post-type=\"page\">\n\t\t\t\t<div class=\"elementor-element elementor-element-c0f75c5 e-flex e-con-boxed e-con e-parent\" data-id=\"c0f75c5\" data-element_type=\"container\" data-settings=\"{&quot;background_background&quot;:&quot;classic&quot;}\">\n\t\t\t\t\t<div class=\"e-con-inner\">\n\t\t<div class=\"elementor-element elementor-element-90317ca e-flex e-con-boxed e-con e-child\" data-id=\"90317ca\" data-element_type=\"container\">\n\t\t\t\t\t<div class=\"e-con-inner\">\n\t\t\t\t<div class=\"elementor-element elementor-element-a598dd9 elementor-widget elementor-widget-heading\" data-id=\"a598dd9\" data-element_type=\"widget\" data-widget_type=\"heading.default\">\n\t\t\t\t\t<h1 class=\"elementor-heading-title elementor-size-default\">M\u00e1y T\u00ednh L\u00e3i Su\u1ea5t K\u00e9p \u0110\u1ea7u T\u01b0<\/h1>\t\t\t\t<\/div>\n\t\t\t\t<div class=\"elementor-element elementor-element-6a48532 elementor-widget elementor-widget-heading\" data-id=\"6a48532\" data-element_type=\"widget\" data-widget_type=\"heading.default\">\n\t\t\t\t\t<h2 class=\"elementor-heading-title elementor-size-default\">M\u00e1y t\u00ednh l\u00e3i k\u00e9p cho nh\u00e0 \u0111\u1ea7u t\u01b0<\/h2>\t\t\t\t<\/div>\n\t\t\t\t\t<\/div>\n\t\t\t\t<\/div>\n\t\t\t\t<div class=\"elementor-element elementor-element-096af7b elementor-widget__width-inherit elementor-absolute elementor-widget elementor-widget-image\" data-id=\"096af7b\" data-element_type=\"widget\" data-settings=\"{&quot;_position&quot;:&quot;absolute&quot;}\" data-widget_type=\"image.default\">\n\t\t\t\t\t\t\t\t\t\t\t\t\t\t\t<img fetchpriority=\"high\" decoding=\"async\" width=\"500\" height=\"281\" src=\"https:\/\/mister.forex\/wp-content\/uploads\/2024\/02\/9-500x281.webp\" class=\"attachment-medium size-medium wp-image-4081\" alt=\"\" srcset=\"https:\/\/mister.forex\/wp-content\/uploads\/2024\/02\/9-500x281.webp 500w, https:\/\/mister.forex\/wp-content\/uploads\/2024\/02\/9-600x337.webp 600w, https:\/\/mister.forex\/wp-content\/uploads\/2024\/02\/9-1200x675.webp 1200w, https:\/\/mister.forex\/wp-content\/uploads\/2024\/02\/9-300x169.webp 300w, https:\/\/mister.forex\/wp-content\/uploads\/2024\/02\/9-768x432.webp 768w, https:\/\/mister.forex\/wp-content\/uploads\/2024\/02\/9.webp 1366w\" sizes=\"(max-width: 500px) 100vw, 500px\" \/>\t\t\t\t\t\t\t\t\t\t\t\t\t\t\t<\/div>\n\t\t\t\t\t<\/div>\n\t\t\t\t<\/div>\n\t\t<div class=\"elementor-element elementor-element-1d623fb e-con-full e-flex e-con e-parent\" data-id=\"1d623fb\" data-element_type=\"container\">\n\t\t<div class=\"elementor-element elementor-element-1ce5a63 e-flex e-con-boxed e-con e-child\" data-id=\"1ce5a63\" data-element_type=\"container\">\n\t\t\t\t\t<div class=\"e-con-inner\">\n\t\t\t\t<div class=\"elementor-element elementor-element-b1fa562 elementor-widget elementor-widget-text-editor\" data-id=\"b1fa562\" data-element_type=\"widget\" data-widget_type=\"text-editor.default\">\n\t\t\t\t\t\t\t\t\t<h2><strong>M\u00e1y T\u00ednh L\u00e3i Su\u1ea5t K\u00e9p \u0110\u1ea7u T\u01b0 l\u00e0 g\u00ec?<\/strong><\/h2><p>M\u00e1y T\u00ednh L\u00e3i Su\u1ea5t K\u00e9p \u0110\u1ea7u T\u01b0 \u0111\u01b0\u1ee3c s\u1eed d\u1ee5ng \u0111\u1ec3 m\u00f4 ph\u1ecfng c\u00e1ch m\u00e0 t\u00e0i kho\u1ea3n giao d\u1ecbch c\u00f3 th\u1ec3 ki\u1ebfm \u0111\u01b0\u1ee3c l\u1ee3i nhu\u1eadn t\u1eeb c\u00e1c giao d\u1ecbch, v\u1edbi t\u1ef7 l\u1ec7 l\u1ee3i nhu\u1eadn \u0111\u01b0\u1ee3c thi\u1ebft l\u1eadp tr\u01b0\u1edbc v\u00e0 t\u0103ng tr\u01b0\u1edfng l\u00e3i su\u1ea5t k\u00e9p theo th\u1eddi gian. N\u00f3 ti\u1ebft l\u1ed9 s\u1ee9c m\u1ea1nh \u0111\u00e1ng kinh ng\u1ea1c c\u1ee7a l\u00e3i su\u1ea5t k\u00e9p, ngay c\u1ea3 khi t\u1ef7 l\u1ec7 l\u1ee3i nhu\u1eadn cho m\u1ed7i giao d\u1ecbch ch\u1ec9 l\u00e0 5%, c\u0169ng c\u00f3 th\u1ec3 bi\u1ebfn s\u1ed1 ti\u1ec1n \u0111\u1ea7u t\u01b0 h\u1ea1n ch\u1ebf th\u00e0nh m\u1ed9t kh\u1ed1i t\u00e0i s\u1ea3n \u0111\u00e1ng k\u1ec3.<\/p>\t\t\t\t\t\t\t\t<\/div>\n\t\t<div class=\"elementor-element elementor-element-050006e e-con-full e-flex e-con e-child\" data-id=\"050006e\" data-element_type=\"container\">\n\t\t\t\t<div class=\"elementor-element elementor-element-e96e992 elementor-widget elementor-widget-text-editor\" data-id=\"e96e992\" data-element_type=\"widget\" data-widget_type=\"text-editor.default\">\n\t\t\t\t\t\t\t\t\t<h2><strong>H\u01b0\u1edbng d\u1eabn s\u1eed d\u1ee5ng<\/strong><\/h2><h3><strong>Nh\u1eadp t\u00f9y ch\u1ecdn<\/strong><\/h3><p><strong><span style=\"text-decoration: underline;\">S\u1ed1 d\u01b0 ban \u0111\u1ea7u<\/span>:&nbsp;<\/strong>Nh\u1eadp s\u1ed1 ti\u1ec1n \u0111\u1ea7u t\u01b0 ban \u0111\u1ea7u, v\u00ed d\u1ee5 nh\u01b0 $1,000 \u0111\u00f4 la M\u1ef9.<\/p><p><strong><span style=\"text-decoration: underline;\">S\u1ed1 phi\u00ean<\/span>:&nbsp;<\/strong>Nh\u1eadp s\u1ed1 k\u1ef3 \u0111\u1ea7u t\u01b0, m\u00f4 ph\u1ecfng l\u1ee3i nhu\u1eadn giao d\u1ecbch trong N v\u00f2ng, l\u1ea5y v\u00ed d\u1ee5 v\u1edbi 6 k\u1ef3.<\/p><p><strong><span style=\"text-decoration: underline;\">T\u0103ng % m\u1ed7i chu k\u1ef3<\/span>:&nbsp;<\/strong>Nh\u1eadp t\u1ef7 l\u1ec7 l\u1ee3i nhu\u1eadn k\u1ef3 v\u1ecdng cho m\u1ed7i k\u1ef3, v\u00ed d\u1ee5 l\u00e0 5%.<\/p><h3><strong>K\u1ebft qu\u1ea3 t\u00ednh to\u00e1n<\/strong><\/h3><p><strong><span style=\"text-decoration: underline;\">S\u1ed1 d\u01b0 cu\u1ed1i k\u1ef3<\/span>:&nbsp;<\/strong>M\u00e1y t\u00ednh s\u1ebd hi\u1ec3n th\u1ecb gi\u00e1 tr\u1ecb cu\u1ed1i c\u00f9ng c\u1ee7a kho\u1ea3n \u0111\u1ea7u t\u01b0 c\u1ee7a b\u1ea1n d\u1ef1a tr\u00ean s\u1ed1 k\u1ef3 v\u00e0 t\u1ef7 l\u1ec7 l\u1ee3i nhu\u1eadn \u0111\u00e3 cho.<\/p><p><strong><span style=\"text-decoration: underline;\">T\u1ed5ng s\u1ed1 ti\u1ec1n l\u00e3i<\/span>:&nbsp;<\/strong>M\u00e1y t\u00ednh c\u0169ng s\u1ebd hi\u1ec3n th\u1ecb t\u1ed5ng l\u1ee3i nhu\u1eadn c\u1ee7a kho\u1ea3n \u0111\u1ea7u t\u01b0 c\u1ee7a b\u1ea1n v\u00e0 bi\u1ec3u th\u1ecb b\u1eb1ng ph\u1ea7n tr\u0103m.<\/p><p>Trong v\u00ed d\u1ee5, th\u00f4ng qua 6 giao d\u1ecbch li\u00ean ti\u1ebfp c\u00f3 l\u00e3i v\u00e0 m\u1ed7i giao d\u1ecbch \u0111\u1ea1t \u0111\u01b0\u1ee3c t\u1ef7 l\u1ec7 l\u1ee3i nhu\u1eadn 5%, s\u1ed1 d\u01b0 t\u00e0i kho\u1ea3n \u0111\u00e3 t\u0103ng l\u00ean 34.1%.<\/p><p>Trong k\u1ebft qu\u1ea3 tr\u00ean, c\u0169ng \u0111\u00e3 li\u1ec7t k\u00ea chi ti\u1ebft c\u00e1ch m\u1ed7i giao d\u1ecbch l\u00e3i k\u00e9p l\u00e0m t\u0103ng s\u1ed1 d\u01b0 t\u00e0i kho\u1ea3n, t\u1ed5ng ph\u1ea7n tr\u0103m c\u1ee7a m\u1ed7i giao d\u1ecbch l\u00e3i k\u00e9p v\u00e0 s\u1ed1 d\u01b0 t\u00e0i kho\u1ea3n sau khi k\u1ebft th\u00fac.<\/p>\t\t\t\t\t\t\t\t<\/div>\n\t\t\t\t<div class=\"elementor-element elementor-element-38cdf82 elementor-widget__width-initial elementor-widget-mobile__width-inherit elementor-widget elementor-widget-html\" data-id=\"38cdf82\" data-element_type=\"widget\" data-widget_type=\"html.default\">\n\t\t\t\t\t<div id=\"compounding-calculator-101989\"><script type=\"text\/javascript\" src=\"https:\/\/www.cashbackforex.com\/Content\/remote\/remote-widgets.js\"><\/script><script type=\"text\/javascript\"> RemoteCalc({\"Url\":\"https:\/\/www.cashbackforex.com\", \"TopPaneStyle\":\"YmFja2dyb3VuZDogbGluZWFyLWdyYWRpZW50KCNmZmYgMjAlLCAjZjVmNWY1IDQ1JSk7IGNvbG9yOiBibGFjazsgYm9yZGVyOiBzb2xpZCAxcHggI2FhYTsgYm9yZGVyLWJvdHRvbTogbm9uZTsg\",\"BottomPaneStyle\":\"YmFja2dyb3VuZDogI2YzZjNmMzsgYm9yZGVyOiBzb2xpZCAxcHggI2FhYTsgY29sb3I6IGJsYWNrOw==\",\"ButtonStyle\":\"YmFja2dyb3VuZDogIzM0MzU0MDsgY29sb3I6IHdoaXRlOyBib3JkZXItcmFkaXVzOiAyMHB4Ow==\",\"TitleStyle\":\"dGV4dC1hbGlnbjogbGVmdDsgZm9udC1zaXplOiA0MHB4OyBmb250LXdlaWdodDogNTAwOw==\",\"TextboxStyle\":\"YmFja2dyb3VuZC1jb2xvcjogd2hpdGU7IGNvbG9yOiBibGFjazsgYm9yZGVyOiBzb2xpZCAxcHggI2FhYWFhYQ==\",\"ContainerWidth\":\"665\",\"HighlightColor\":\"#ffff00\",\"IsDisplayTitle\":false,\"IsShowEmbedButton\":false,\"Lang\":wlang(),\"CompactType\":\"large\",\"DefaultBalance\":\"1000\",\"DefaultPeriod\":\"6\",\"DefaultGain\":\"5\",\"Calculator\":\"compounding-calculator\",\"ContainerId\":\"compounding-calculator-101989\"});\n\nfunction wlang() {\n    \n\tvar lang = window.location.href;\n\n\tif (!lang) {\n\t\treturn 'en';\n\t}\n\n        if (lang.match('\/zh\/')) {\n\t\treturn 'zh';\n\n\t} else if (lang.match('\/hk\/')) {\n\t\treturn 'zh';\n\t\t\n\t} else if (lang.match('\/cn\/')) {\n\t\treturn 'zh';\n\t\t\n\t} else if (lang.match('\/en\/')) {\n\t\treturn 'en';\n\t\t\n\t} else if (lang.match('\/hi\/')) {\n\t\treturn 'en';\n\t\t\n\t} else if (lang.match('\/pt_br\/')) {\n\t\treturn 'pt';\n\t\t\n\t} else if (lang.match('\/ms\/')) {\n\t\treturn 'id';\n\t\t\n\t} else if (lang.match('\/es\/')) {\n\t\treturn 'es';\n\t\t\n\t} else if (lang.match('\/es_ar\/')) {\n\t\treturn 'es';\n\t\t\n\t} else if (lang.match('\/es_mx\/')) {\n\t\treturn 'es';\n\n\t} else if (lang.match('\/bn\/')) {\n\t\treturn 'en';\n\t\t\n\t} else if (lang.match('\/nb\/')) {\n\t\treturn 'en';\t\t\n\n\t} else if (lang.match('\/da\/')) {\n\t\treturn 'en';\n\t\t\n\t} else if (lang.match('\/nl\/')) {\n\t\treturn 'en';\n\t\t\n\t} else if (lang.match('\/sv\/')) {\n\t\treturn 'en';\n\t\t\n\t} else if (lang.match('\/uk\/')) {\n\t\treturn 'ru';\n\t\t\n\t} else if (lang.match('\/ur\/')) {\n\t\treturn 'en';\n\t\t\n\t} else if (lang.match('\/de\/')) {\n\t\treturn 'de';\n\t\t\n\t} else if (lang.match('\/fr\/')) {\n\t\treturn 'fr';\n\t\t\n\t} else if (lang.match('\/id\/')) {\n\t\treturn 'id';\n\t\t\n\t} else if (lang.match('\/it\/')) {\n\t\treturn 'it';\n\t\t\n\t} else if (lang.match('\/hu\/')) {\n\t\treturn 'hu';\n\t\t\n\t} else if (lang.match('\/pt\/')) {\n\t\treturn 'pt';\n\t\t\n\t} else if (lang.match('\/pl\/')) {\n\t\treturn 'pl';\n\t\t\n\t} else if (lang.match('\/ro\/')) {\n\t\treturn 'ro';\n\t\t\n\t} else if (lang.match('\/vi\/')) {\n\t\treturn 'vi';\n\t\t\n\t} else if (lang.match('\/tr\/')) {\n\t\treturn 'tr';\n\t\t\n\t} else if (lang.match('\/el\/')) {\n\t\treturn 'el';\n\t\t\n\t} else if (lang.match('\/ru\/')) {\n\t\treturn 'ru';\n\t\t\n\t} else if (lang.match('\/ar\/')) {\n\t\treturn 'ar';\n\t\t\n\t} else if (lang.match('\/th\/')) {\n\t\treturn 'th';\n\t\t\n\t} else if (lang.match('\/kr\/')) {\n\t\treturn 'ko';\n\t\t\n\t} else if (lang.match('\/jp\/')) {\n\t\treturn 'ja';\n\t\t\n\t} else if (lang.match('\/cs\/')) {\n\t\treturn 'cs';\n\t\t\n\t}else {\n\t\treturn 'zh';\n\t}\n}\n<\/script><\/div>\t\t\t\t<\/div>\n\t\t\t\t<\/div>\n\t\t\t\t\t<\/div>\n\t\t\t\t<\/div>\n\t\t\t\t<\/div>\n\t\t\t\t<\/div>","protected":false},"excerpt":{"rendered":"<p>Ngay l\u1eadp t\u1ee9c s\u1eed d\u1ee5ng M\u00e1y T\u00ednh L\u00e3i Su\u1ea5t K\u00e9p \u0110\u1ea7u T\u01b0 c\u1ee7a ch\u00fang t\u00f4i, \u0111\u1ec3 x\u00e2y d\u1ef1ng n\u1ec1n t\u1ea3ng v\u1eefng ch\u1eafc cho t\u01b0\u01a1ng lai t\u00e0i ch\u00ednh c\u1ee7a b\u1ea1n. Th\u00f4ng qua vi\u1ec7c nh\u1eadp li\u1ec7u \u0111\u01a1n gi\u1ea3n, b\u1ea1n c\u00f3 th\u1ec3 r\u00f5 r\u00e0ng nh\u00ecn th\u1ea5y c\u00e1ch \u0111\u1ea7u t\u01b0 c\u1ee7a b\u1ea1n gia t\u0103ng theo th\u1eddi gian v\u00e0 t\u00ednh to\u00e1n l\u1ee3i nhu\u1eadn l\u00e3i su\u1ea5t k\u00e9p c\u1ee5 th\u1ec3. Nh\u1ea5p \u0111\u1ec3 xem chi ti\u1ebft, kh\u00e1m ph\u00e1 c\u00e1ch t\u1ed1i \u0111a h\u00f3a l\u1ee3i nhu\u1eadn \u0111\u1ea7u t\u01b0 c\u1ee7a b\u1ea1n.<\/p>","protected":false},"author":1,"featured_media":23609,"parent":15462,"menu_order":0,"comment_status":"closed","ping_status":"closed","template":"","meta":{"footnotes":""},"tags":[128],"class_list":["post-16910","page","type-page","status-publish","has-post-thumbnail","hentry","tag-no-google"],"_links":{"self":[{"href":"https:\/\/mister.forex\/vi\/wp-json\/wp\/v2\/pages\/16910","targetHints":{"allow":["GET"]}}],"collection":[{"href":"https:\/\/mister.forex\/vi\/wp-json\/wp\/v2\/pages"}],"about":[{"href":"https:\/\/mister.forex\/vi\/wp-json\/wp\/v2\/types\/page"}],"author":[{"embeddable":true,"href":"https:\/\/mister.forex\/vi\/wp-json\/wp\/v2\/users\/1"}],"replies":[{"embeddable":true,"href":"https:\/\/mister.forex\/vi\/wp-json\/wp\/v2\/comments?post=16910"}],"version-history":[{"count":3,"href":"https:\/\/mister.forex\/vi\/wp-json\/wp\/v2\/pages\/16910\/revisions"}],"predecessor-version":[{"id":69172,"href":"https:\/\/mister.forex\/vi\/wp-json\/wp\/v2\/pages\/16910\/revisions\/69172"}],"up":[{"embeddable":true,"href":"https:\/\/mister.forex\/vi\/wp-json\/wp\/v2\/pages\/15462"}],"wp:featuredmedia":[{"embeddable":true,"href":"https:\/\/mister.forex\/vi\/wp-json\/wp\/v2\/media\/23609"}],"wp:attachment":[{"href":"https:\/\/mister.forex\/vi\/wp-json\/wp\/v2\/media?parent=16910"}],"wp:term":[{"taxonomy":"post_tag","embeddable":true,"href":"https:\/\/mister.forex\/vi\/wp-json\/wp\/v2\/tags?post=16910"}],"curies":[{"name":"wp","href":"https:\/\/api.w.org\/{rel}","templated":true}]}}