{"id":57343,"date":"2025-08-10T20:01:39","date_gmt":"2025-08-10T12:01:39","guid":{"rendered":"http:\/\/test.swqi.tw\/?page_id=57343"},"modified":"2025-12-03T03:34:46","modified_gmt":"2025-12-02T19:34:46","slug":"forex-market-structure-101","status":"publish","type":"page","link":"https:\/\/mister.forex\/vi\/forex-market-structure-101\/","title":{"rendered":"C\u1ea5u tr\u00fac Th\u1ecb tr\u01b0\u1eddng Forex:&nbsp;T\u1ea3i s\u00e1ch \u0111i\u1ec7n t\u1eed mi\u1ec5n ph\u00ed | Mr.Forex"},"content":{"rendered":"<div data-elementor-type=\"wp-page\" data-elementor-id=\"57343\" class=\"elementor elementor-57343\" data-elementor-post-type=\"page\">\n\t\t\t\t<div class=\"elementor-element elementor-element-67805e7 e-flex e-con-boxed e-con e-parent\" data-id=\"67805e7\" data-element_type=\"container\">\n\t\t\t\t\t<div class=\"e-con-inner\">\n\t\t\t\t<div class=\"elementor-element elementor-element-1150040 elementor-icon-list--layout-inline elementor-list-item-link-inline elementor-widget elementor-widget-icon-list\" data-id=\"1150040\" data-element_type=\"widget\" data-widget_type=\"icon-list.default\">\n\t\t\t\t\t\t\t<ul class=\"elementor-icon-list-items elementor-inline-items\">\n\t\t\t\t\t\t\t<li class=\"elementor-icon-list-item elementor-inline-item\">\n\t\t\t\t\t\t\t\t\t\t\t<a href=\"https:\/\/mister.forex\/vi\/ebook-hub\/\">\n\n\t\t\t\t\t\t\t\t\t\t\t\t<span class=\"elementor-icon-list-icon\">\n\t\t\t\t\t\t\t<svg aria-hidden=\"true\" class=\"e-font-icon-svg e-fas-reply\" viewbox=\"0 0 512 512\" xmlns=\"http:\/\/www.w3.org\/2000\/svg\"><path d=\"M8.309 189.836L184.313 37.851C199.719 24.546 224 35.347 224 56.015v80.053c160.629 1.839 288 34.032 288 186.258 0 61.441-39.581 122.309-83.333 154.132-13.653 9.931-33.111-2.533-28.077-18.631 45.344-145.012-21.507-183.51-176.59-185.742V360c0 20.7-24.3 31.453-39.687 18.164l-176.004-152c-11.071-9.562-11.086-26.753 0-36.328z\"><\/path><\/svg>\t\t\t\t\t\t<\/span>\n\t\t\t\t\t\t\t\t\t\t<span class=\"elementor-icon-list-text\">Trang tr\u01b0\u1edbc<\/span>\n\t\t\t\t\t\t\t\t\t\t\t<\/a>\n\t\t\t\t\t\t\t\t\t<\/li>\n\t\t\t\t\t\t<\/ul>\n\t\t\t\t\t\t<\/div>\n\t\t\t\t\t<\/div>\n\t\t\t\t<\/div>\n\t\t<div class=\"elementor-element elementor-element-73c6844 e-flex e-con-boxed e-con e-parent\" data-id=\"73c6844\" data-element_type=\"container\" data-settings=\"{&quot;background_background&quot;:&quot;classic&quot;}\">\n\t\t\t\t\t<div class=\"e-con-inner\">\n\t\t<div class=\"elementor-element elementor-element-78b05d9 e-con-full e-flex e-con e-child\" data-id=\"78b05d9\" data-element_type=\"container\" data-settings=\"{&quot;background_background&quot;:&quot;classic&quot;}\">\n\t\t\t\t<div class=\"elementor-element elementor-element-de85dcd elementor-widget elementor-widget-image\" data-id=\"de85dcd\" data-element_type=\"widget\" data-settings=\"{&quot;_animation&quot;:&quot;none&quot;}\" data-widget_type=\"image.default\">\n\t\t\t\t\t\t\t\t\t\t\t\t\t\t\t<img fetchpriority=\"high\" decoding=\"async\" width=\"188\" height=\"300\" src=\"https:\/\/mister.forex\/wp-content\/uploads\/2025\/08\/Book-1-Mockup-EN.webp\" class=\"attachment-thumbnail size-thumbnail wp-image-57291\" alt=\"C\u1ea5u tr\u00fac Th\u1ecb tr\u01b0\u1eddng Forex\" srcset=\"https:\/\/mister.forex\/wp-content\/uploads\/2025\/08\/Book-1-Mockup-EN.webp 1410w, https:\/\/mister.forex\/wp-content\/uploads\/2025\/08\/Book-1-Mockup-EN-313x500.webp 313w, https:\/\/mister.forex\/wp-content\/uploads\/2025\/08\/Book-1-Mockup-EN-752x1200.webp 752w, https:\/\/mister.forex\/wp-content\/uploads\/2025\/08\/Book-1-Mockup-EN-188x300.webp 188w, https:\/\/mister.forex\/wp-content\/uploads\/2025\/08\/Book-1-Mockup-EN-768x1226.webp 768w, https:\/\/mister.forex\/wp-content\/uploads\/2025\/08\/Book-1-Mockup-EN-963x1536.webp 963w, https:\/\/mister.forex\/wp-content\/uploads\/2025\/08\/Book-1-Mockup-EN-1283x2048.webp 1283w, https:\/\/mister.forex\/wp-content\/uploads\/2025\/08\/Book-1-Mockup-EN-8x12.webp 8w, https:\/\/mister.forex\/wp-content\/uploads\/2025\/08\/Book-1-Mockup-EN-600x957.webp 600w\" sizes=\"(max-width: 188px) 100vw, 188px\" \/>\t\t\t\t\t\t\t\t\t\t\t\t\t\t\t<\/div>\n\t\t\t\t<div class=\"elementor-element elementor-element-b2d0fcb elementor-align-center elementor-widget elementor-widget-button\" data-id=\"b2d0fcb\" data-element_type=\"widget\" data-widget_type=\"button.default\">\n\t\t\t\t\t\t\t\t\t\t<a class=\"elementor-button elementor-button-link elementor-size-sm\" href=\"https:\/\/1drv.ms\/f\/c\/7c6c551c74c8b8b2\/EgQPKr9lq_JHr6c0ivFHwV8Blty7mnnxYcMKsLlHwFaHaw?e=VWE8uf\" target=\"_blank\" rel=\"noopener\">\n\t\t\t\t\t\t<span class=\"elementor-button-content-wrapper\">\n\t\t\t\t\t\t\t\t\t<span class=\"elementor-button-text\">T\u1ea3i xu\u1ed1ng ngay<\/span>\n\t\t\t\t\t<\/span>\n\t\t\t\t\t<\/a>\n\t\t\t\t\t\t\t\t<\/div>\n\t\t\t\t<div class=\"elementor-element elementor-element-18919db elementor-widget elementor-widget-heading\" data-id=\"18919db\" data-element_type=\"widget\" data-widget_type=\"heading.default\">\n\t\t\t\t\t<span class=\"elementor-heading-title elementor-size-default\">Ng\u00f4n ng\u1eef<\/span>\t\t\t\t<\/div>\n\t\t<div class=\"elementor-element elementor-element-74d7abe e-con-full e-flex e-con e-child\" data-id=\"74d7abe\" data-element_type=\"container\">\n\t\t\t\t<div class=\"elementor-element elementor-element-174c14a elementor-align-center elementor-widget elementor-widget-button\" data-id=\"174c14a\" data-element_type=\"widget\" data-widget_type=\"button.default\">\n\t\t\t\t\t\t\t\t\t\t<a class=\"elementor-button elementor-size-sm\" role=\"button\">\n\t\t\t\t\t\t<span class=\"elementor-button-content-wrapper\">\n\t\t\t\t\t\t\t\t\t<span class=\"elementor-button-text\">\u7b80\u4f53\u4e2d\u6587<\/span>\n\t\t\t\t\t<\/span>\n\t\t\t\t\t<\/a>\n\t\t\t\t\t\t\t\t<\/div>\n\t\t\t\t<div class=\"elementor-element elementor-element-4f640e0 elementor-align-center elementor-widget elementor-widget-button\" data-id=\"4f640e0\" data-element_type=\"widget\" data-widget_type=\"button.default\">\n\t\t\t\t\t\t\t\t\t\t<a class=\"elementor-button elementor-size-sm\" role=\"button\">\n\t\t\t\t\t\t<span class=\"elementor-button-content-wrapper\">\n\t\t\t\t\t\t\t\t\t<span class=\"elementor-button-text\">\u7e41\u9ad4\u4e2d\u6587<\/span>\n\t\t\t\t\t<\/span>\n\t\t\t\t\t<\/a>\n\t\t\t\t\t\t\t\t<\/div>\n\t\t\t\t<div class=\"elementor-element elementor-element-f5d914d elementor-align-center elementor-widget elementor-widget-button\" data-id=\"f5d914d\" data-element_type=\"widget\" data-widget_type=\"button.default\">\n\t\t\t\t\t\t\t\t\t\t<a class=\"elementor-button elementor-size-sm\" role=\"button\">\n\t\t\t\t\t\t<span class=\"elementor-button-content-wrapper\">\n\t\t\t\t\t\t\t\t\t<span class=\"elementor-button-text\">English<\/span>\n\t\t\t\t\t<\/span>\n\t\t\t\t\t<\/a>\n\t\t\t\t\t\t\t\t<\/div>\n\t\t\t\t<\/div>\n\t\t\t\t<\/div>\n\t\t<div class=\"elementor-element elementor-element-1c29e47 e-con-full e-flex e-con e-child\" data-id=\"1c29e47\" data-element_type=\"container\" data-settings=\"{&quot;background_background&quot;:&quot;classic&quot;}\">\n\t\t<div class=\"elementor-element elementor-element-1a75d62 e-con-full e-flex e-con e-child\" data-id=\"1a75d62\" data-element_type=\"container\">\n\t\t\t\t<div class=\"elementor-element elementor-element-ff219a2 elementor-widget elementor-widget-heading\" data-id=\"ff219a2\" data-element_type=\"widget\" data-widget_type=\"heading.default\">\n\t\t\t\t\t<h2 class=\"elementor-heading-title elementor-size-default\">C\u1ea5u tr\u00fac Th\u1ecb tr\u01b0\u1eddng Forex<\/h2>\t\t\t\t<\/div>\n\t\t\t\t<div class=\"elementor-element elementor-element-ba1b765 elementor-widget elementor-widget-heading\" data-id=\"ba1b765\" data-element_type=\"widget\" data-widget_type=\"heading.default\">\n\t\t\t\t\t<h3 class=\"elementor-heading-title elementor-size-default\">T\u1ea1m bi\u1ec7t vi\u1ec7c \u0111o\u00e1n m\u00f2 th\u1ecb tr\u01b0\u1eddng! T\u1ea3i ngay h\u01b0\u1edbng d\u1eabn mi\u1ec5n ph\u00ed n\u00e0y \u0111\u1ec3 h\u1ecdc ph\u01b0\u01a1ng ph\u00e1p ph\u00e2n t\u00edch \"c\u1ea5u tr\u00fac th\u1ecb tr\u01b0\u1eddng\" m\u00e0 c\u00e1c nh\u00e0 giao d\u1ecbch chuy\u00ean nghi\u1ec7p \u0111\u1ec1u s\u1eed d\u1ee5ng.<\/h3>\t\t\t\t<\/div>\n\t\t\t\t<div class=\"elementor-element elementor-element-8cec964 elementor-widget elementor-widget-heading\" data-id=\"8cec964\" data-element_type=\"widget\" data-widget_type=\"heading.default\">\n\t\t\t\t\t<h3 class=\"elementor-heading-title elementor-size-default\">\u0110\u01b0\u1ee3c thi\u1ebft k\u1ebf d\u00e0nh ri\u00eang cho ng\u01b0\u1eddi m\u1edbi b\u1eaft \u0111\u1ea7u giao d\u1ecbch, t\u1eebng b\u01b0\u1edbc h\u01b0\u1edbng d\u1eabn b\u1ea1n hi\u1ec3u xu h\u01b0\u1edbng, nh\u1eadn di\u1ec7n c\u00e1c \u0111i\u1ec3m chuy\u1ec3n \u0111\u1ed5i quan tr\u1ecdng, x\u00e2y d\u1ef1ng n\u1ec1n t\u1ea3ng ph\u00e2n t\u00edch v\u1eefng ch\u1eafc cho giao d\u1ecbch c\u1ee7a b\u1ea1n.<\/h3>\t\t\t\t<\/div>\n\t\t\t\t<div class=\"elementor-element elementor-element-960527b elementor-widget-divider--view-line elementor-widget elementor-widget-divider\" data-id=\"960527b\" data-element_type=\"widget\" data-widget_type=\"divider.default\">\n\t\t\t\t\t\t\t<div class=\"elementor-divider\">\n\t\t\t<span class=\"elementor-divider-separator\">\n\t\t\t\t\t\t<\/span>\n\t\t<\/div>\n\t\t\t\t\t\t<\/div>\n\t\t\t\t<\/div>\n\t\t\t\t<div class=\"elementor-element elementor-element-e24f4fc elementor-widget elementor-widget-html translation-block\" data-id=\"e24f4fc\" data-element_type=\"widget\" data-widget_type=\"html.default\"><div style=\"16px\"><span>\n<h3><strong>B\u1ea1n c\u00f3 t\u1eebng g\u1eb7p ph\u1ea3i nh\u1eefng kh\u00f3 kh\u0103n n\u00e0y kh\u00f4ng?<\/strong>&nbsp;<\/h3>\n<ul>\n <li>Nh\u00ecn bi\u1ec3u \u0111\u1ed3 K line dao \u0111\u1ed9ng l\u00ean xu\u1ed1ng m\u00e0 ho\u00e0n to\u00e0n kh\u00f4ng t\u00ecm th\u1ea5y c\u1ea3m gi\u00e1c \u0111\u1ecbnh h\u01b0\u1edbng?<\/li>\n <li>Nghe ng\u01b0\u1eddi kh\u00e1c th\u1ea3o lu\u1eadn v\u1ec1 HH, LL, BOS, CHOCH m\u00e0 c\u1ea3m gi\u00e1c nh\u01b0 \u0111ang nghe ng\u00f4n ng\u1eef b\u00ed \u1ea9n?<\/li>\n <li>Quy\u1ebft \u0111\u1ecbnh giao d\u1ecbch c\u1ee7a b\u1ea1n ch\u1ee7 y\u1ebfu d\u1ef1a tr\u00ean c\u1ea3m gi\u00e1c v\u00e0 hy v\u1ecdng, thay v\u00ec ph\u00e2n t\u00edch kh\u00e1ch quan?<\/li>\n<\/ul>\n<br>\n\n<!-- Section:&nbsp;Gi\u1ea3i ph\u00e1p &amp; Chuy\u1ec3n \u0111\u1ed5i (Solution &amp; Transformation) -->\n<h3><strong>Hi\u1ec3u r\u00f5 c\u1ea5u tr\u00fac th\u1ecb tr\u01b0\u1eddng l\u00e0 b\u01b0\u1edbc ngo\u1eb7t \u0111\u1ea7u ti\u00ean trong s\u1ef1 nghi\u1ec7p giao d\u1ecbch c\u1ee7a b\u1ea1n<\/strong>&nbsp;<\/h3>\n\u0110\u1eb1ng sau nh\u1eefng bi\u1ec3u \u0111\u1ed3 h\u1ed7n lo\u1ea1n th\u1ef1c ra \u1ea9n ch\u1ee9a m\u1ed9t tr\u1eadt t\u1ef1 r\u00f5 r\u00e0ng.<br>\nCu\u1ed1n h\u01b0\u1edbng d\u1eabn mi\u1ec5n ph\u00ed \u300aC\u1ea5u tr\u00fac Th\u1ecb tr\u01b0\u1eddng Forex\u300b n\u00e0y s\u1ebd h\u1ec7 th\u1ed1ng h\u00f3a ng\u00f4n ng\u1eef \u0111\u1ecdc hi\u1ec3u th\u1ecb tr\u01b0\u1eddng \u0111\u1ec3 d\u1ea1y b\u1ea1n.<br>\n<br>\n<h4><strong>\u0110\u1ecdc xong cu\u1ed1n s\u00e1ch, b\u1ea1n s\u1ebd c\u00f3 th\u1ec3:<\/strong>&nbsp;<\/h4>\n<ul>\n <li><strong>Ph\u00e1n \u0111o\u00e1n xu h\u01b0\u1edbng m\u1ed9t c\u00e1ch r\u00f5 r\u00e0ng:<\/strong>&nbsp;Nh\u00ecn ngay ra th\u1ecb tr\u01b0\u1eddng hi\u1ec7n \u0111ang do b\u00ean mua hay b\u00ean b\u00e1n chi ph\u1ed1i.<\/li>\n <li><strong>Nh\u1eadn di\u1ec7n t\u00edn hi\u1ec7u quan tr\u1ecdng:<\/strong>&nbsp;H\u1ecdc c\u00e1ch d\u00f9ng BOS v\u00e0 CHOCH \u0111\u1ec3 x\u00e1c \u0111\u1ecbnh s\u1ef1 ti\u1ebfp di\u1ec5n v\u00e0 kh\u1ea3 n\u0103ng \u0111\u1ea3o chi\u1ec1u c\u1ee7a xu h\u01b0\u1edbng.<\/li>\n <li><strong>X\u00e2y d\u1ef1ng khung ph\u00e2n t\u00edch:<\/strong>&nbsp;C\u00f3 \u0111\u01b0\u1ee3c m\u1ed9t quy tr\u00ecnh ph\u00e2n t\u00edch kh\u00e1ch quan \u00e1p d\u1ee5ng cho m\u1ecdi th\u1ecb tr\u01b0\u1eddng.<\/li>\n<\/ul>\n<br>\n\n<!-- Section:&nbsp;N\u1ed9i dung ebook (What's Inside) -->\n<h4><strong>Trong cu\u1ed1n h\u01b0\u1edbng d\u1eabn n\u00e0y, b\u1ea1n s\u1ebd h\u1ecdc \u0111\u01b0\u1ee3c:<\/strong>&nbsp;<\/h4>\n<ul>\n <li><strong>Ch\u01b0\u01a1ng 1:<\/strong>&nbsp;Ba tr\u1ea1ng th\u00e1i c\u01a1 b\u1ea3n c\u1ee7a th\u1ecb tr\u01b0\u1eddng:&nbsp;T\u0103ng, gi\u1ea3m v\u00e0 \u0111i ngang<\/li>\n <li><strong>Ch\u01b0\u01a1ng 2:<\/strong>&nbsp;Hai t\u00edn hi\u1ec7u quan tr\u1ecdng \u0111\u1ec3 x\u00e1c nh\u1eadn xu h\u01b0\u1edbng:&nbsp;BOS v\u00e0 CHOCH<\/li>\n <li><strong>Ch\u01b0\u01a1ng 3:<\/strong>&nbsp;Th\u1ef1c h\u00e0nh th\u1ef1c t\u1ebf:&nbsp;Ba b\u01b0\u1edbc v\u1ebd bi\u1ec3u \u0111\u1ed3 c\u1ea5u tr\u00fac th\u1ecb tr\u01b0\u1eddng c\u1ee7a b\u1ea1n<\/li>\n<\/ul>\n<\/span><\/div><\/div>\n\t\t\t\t<\/div>\n\t\t\t\t\t<\/div>\n\t\t\t\t<\/div>\n\t\t\t\t<\/div>","protected":false},"excerpt":{"rendered":"<p>Mu\u1ed1n hi\u1ec3u xu h\u01b0\u1edbng bi\u1ec3u \u0111\u1ed3 n\u1ebfn K, kh\u00f4ng c\u00f2n giao d\u1ecbch theo c\u1ea3m t\u00ednh? T\u1ea3i ngay s\u00e1ch \u0111i\u1ec7n t\u1eed mi\u1ec5n ph\u00ed \u300a C\u1ea5u tr\u00fac Th\u1ecb tr\u01b0\u1eddng Forex \u300b c\u1ee7a ch\u00fang t\u00f4i, h\u1ecdc ph\u01b0\u01a1ng ph\u00e1p ph\u00e2n t\u00edch m\u00e0 c\u00e1c nh\u00e0 giao d\u1ecbch chuy\u00ean nghi\u1ec7p \u0111ang s\u1eed d\u1ee5ng, t\u1eeb HH\/LL \u0111\u1ebfn BOS\/CHOCH, t\u1eebng b\u01b0\u1edbc h\u01b0\u1edbng d\u1eabn b\u1ea1n n\u1eafm v\u1eefng.<\/p>","protected":false},"author":1,"featured_media":57402,"parent":0,"menu_order":0,"comment_status":"closed","ping_status":"closed","template":"","meta":{"footnotes":""},"tags":[128],"class_list":["post-57343","page","type-page","status-publish","has-post-thumbnail","hentry","tag-no-google"],"_links":{"self":[{"href":"https:\/\/mister.forex\/vi\/wp-json\/wp\/v2\/pages\/57343","targetHints":{"allow":["GET"]}}],"collection":[{"href":"https:\/\/mister.forex\/vi\/wp-json\/wp\/v2\/pages"}],"about":[{"href":"https:\/\/mister.forex\/vi\/wp-json\/wp\/v2\/types\/page"}],"author":[{"embeddable":true,"href":"https:\/\/mister.forex\/vi\/wp-json\/wp\/v2\/users\/1"}],"replies":[{"embeddable":true,"href":"https:\/\/mister.forex\/vi\/wp-json\/wp\/v2\/comments?post=57343"}],"version-history":[{"count":0,"href":"https:\/\/mister.forex\/vi\/wp-json\/wp\/v2\/pages\/57343\/revisions"}],"wp:featuredmedia":[{"embeddable":true,"href":"https:\/\/mister.forex\/vi\/wp-json\/wp\/v2\/media\/57402"}],"wp:attachment":[{"href":"https:\/\/mister.forex\/vi\/wp-json\/wp\/v2\/media?parent=57343"}],"wp:term":[{"taxonomy":"post_tag","embeddable":true,"href":"https:\/\/mister.forex\/vi\/wp-json\/wp\/v2\/tags?post=57343"}],"curies":[{"name":"wp","href":"https:\/\/api.w.org\/{rel}","templated":true}]}}