{"id":57412,"date":"2025-08-10T21:56:08","date_gmt":"2025-08-10T13:56:08","guid":{"rendered":"http:\/\/test.swqi.tw\/?page_id=57412"},"modified":"2025-12-03T03:33:50","modified_gmt":"2025-12-02T19:33:50","slug":"your-first-trading-plan","status":"publish","type":"page","link":"https:\/\/mister.forex\/vi\/your-first-trading-plan\/","title":{"rendered":"K\u1ebf ho\u1ea1ch Giao d\u1ecbch c\u1ee7a b\u1ea1n:&nbsp;T\u1ea3i s\u00e1ch \u0111i\u1ec7n t\u1eed mi\u1ec5n ph\u00ed | Mr.Forex"},"content":{"rendered":"<div data-elementor-type=\"wp-page\" data-elementor-id=\"57412\" class=\"elementor elementor-57412\" data-elementor-post-type=\"page\">\n\t\t\t\t<div class=\"elementor-element elementor-element-55c5bbf e-flex e-con-boxed e-con e-parent\" data-id=\"55c5bbf\" data-element_type=\"container\">\n\t\t\t\t\t<div class=\"e-con-inner\">\n\t\t\t\t<div class=\"elementor-element elementor-element-f726aa8 elementor-icon-list--layout-inline elementor-list-item-link-inline elementor-widget elementor-widget-icon-list\" data-id=\"f726aa8\" data-element_type=\"widget\" data-widget_type=\"icon-list.default\">\n\t\t\t\t\t\t\t<ul class=\"elementor-icon-list-items elementor-inline-items\">\n\t\t\t\t\t\t\t<li class=\"elementor-icon-list-item elementor-inline-item\">\n\t\t\t\t\t\t\t\t\t\t\t<a href=\"https:\/\/mister.forex\/vi\/ebook-hub\/\">\n\n\t\t\t\t\t\t\t\t\t\t\t\t<span class=\"elementor-icon-list-icon\">\n\t\t\t\t\t\t\t<svg aria-hidden=\"true\" class=\"e-font-icon-svg e-fas-reply\" viewbox=\"0 0 512 512\" xmlns=\"http:\/\/www.w3.org\/2000\/svg\"><path d=\"M8.309 189.836L184.313 37.851C199.719 24.546 224 35.347 224 56.015v80.053c160.629 1.839 288 34.032 288 186.258 0 61.441-39.581 122.309-83.333 154.132-13.653 9.931-33.111-2.533-28.077-18.631 45.344-145.012-21.507-183.51-176.59-185.742V360c0 20.7-24.3 31.453-39.687 18.164l-176.004-152c-11.071-9.562-11.086-26.753 0-36.328z\"><\/path><\/svg>\t\t\t\t\t\t<\/span>\n\t\t\t\t\t\t\t\t\t\t<span class=\"elementor-icon-list-text\">Trang tr\u01b0\u1edbc<\/span>\n\t\t\t\t\t\t\t\t\t\t\t<\/a>\n\t\t\t\t\t\t\t\t\t<\/li>\n\t\t\t\t\t\t<\/ul>\n\t\t\t\t\t\t<\/div>\n\t\t\t\t\t<\/div>\n\t\t\t\t<\/div>\n\t\t<div class=\"elementor-element elementor-element-7e1da9a e-flex e-con-boxed e-con e-parent\" data-id=\"7e1da9a\" data-element_type=\"container\" data-settings=\"{&quot;background_background&quot;:&quot;classic&quot;}\">\n\t\t\t\t\t<div class=\"e-con-inner\">\n\t\t<div class=\"elementor-element elementor-element-a372f93 e-con-full e-flex e-con e-child\" data-id=\"a372f93\" data-element_type=\"container\" data-settings=\"{&quot;background_background&quot;:&quot;classic&quot;}\">\n\t\t\t\t<div class=\"elementor-element elementor-element-13e00e6 elementor-widget elementor-widget-image\" data-id=\"13e00e6\" data-element_type=\"widget\" data-settings=\"{&quot;_animation&quot;:&quot;none&quot;}\" data-widget_type=\"image.default\">\n\t\t\t\t\t\t\t\t\t\t\t\t\t\t\t<img fetchpriority=\"high\" decoding=\"async\" width=\"188\" height=\"300\" src=\"https:\/\/mister.forex\/wp-content\/uploads\/2025\/08\/Book-2-Mockup-EN.webp\" class=\"attachment-thumbnail size-thumbnail wp-image-57294\" alt=\"K\u1ebf ho\u1ea1ch Giao d\u1ecbch c\u1ee7a b\u1ea1n\" srcset=\"https:\/\/mister.forex\/wp-content\/uploads\/2025\/08\/Book-2-Mockup-EN.webp 1410w, https:\/\/mister.forex\/wp-content\/uploads\/2025\/08\/Book-2-Mockup-EN-313x500.webp 313w, https:\/\/mister.forex\/wp-content\/uploads\/2025\/08\/Book-2-Mockup-EN-752x1200.webp 752w, https:\/\/mister.forex\/wp-content\/uploads\/2025\/08\/Book-2-Mockup-EN-188x300.webp 188w, https:\/\/mister.forex\/wp-content\/uploads\/2025\/08\/Book-2-Mockup-EN-768x1226.webp 768w, https:\/\/mister.forex\/wp-content\/uploads\/2025\/08\/Book-2-Mockup-EN-963x1536.webp 963w, https:\/\/mister.forex\/wp-content\/uploads\/2025\/08\/Book-2-Mockup-EN-1283x2048.webp 1283w, https:\/\/mister.forex\/wp-content\/uploads\/2025\/08\/Book-2-Mockup-EN-8x12.webp 8w, https:\/\/mister.forex\/wp-content\/uploads\/2025\/08\/Book-2-Mockup-EN-600x957.webp 600w\" sizes=\"(max-width: 188px) 100vw, 188px\" \/>\t\t\t\t\t\t\t\t\t\t\t\t\t\t\t<\/div>\n\t\t\t\t<div class=\"elementor-element elementor-element-796c6fa elementor-align-center elementor-widget elementor-widget-button\" data-id=\"796c6fa\" data-element_type=\"widget\" data-widget_type=\"button.default\">\n\t\t\t\t\t\t\t\t\t\t<a class=\"elementor-button elementor-button-link elementor-size-sm\" href=\"https:\/\/1drv.ms\/f\/c\/7c6c551c74c8b8b2\/Epgzj3OLLL9FrOujuRVQW5oBEQI00xiL_HtaDtjvaKkOiA?e=oSBYzx\" target=\"_blank\" rel=\"noopener\">\n\t\t\t\t\t\t<span class=\"elementor-button-content-wrapper\">\n\t\t\t\t\t\t\t\t\t<span class=\"elementor-button-text\">T\u1ea3i xu\u1ed1ng ngay<\/span>\n\t\t\t\t\t<\/span>\n\t\t\t\t\t<\/a>\n\t\t\t\t\t\t\t\t<\/div>\n\t\t\t\t<div class=\"elementor-element elementor-element-a8f4ce8 elementor-widget elementor-widget-heading\" data-id=\"a8f4ce8\" data-element_type=\"widget\" data-widget_type=\"heading.default\">\n\t\t\t\t\t<span class=\"elementor-heading-title elementor-size-default\">Ng\u00f4n ng\u1eef<\/span>\t\t\t\t<\/div>\n\t\t<div class=\"elementor-element elementor-element-db0673a e-con-full e-flex e-con e-child\" data-id=\"db0673a\" data-element_type=\"container\">\n\t\t\t\t<div class=\"elementor-element elementor-element-6318b23 elementor-align-center elementor-widget elementor-widget-button\" data-id=\"6318b23\" data-element_type=\"widget\" data-widget_type=\"button.default\">\n\t\t\t\t\t\t\t\t\t\t<a class=\"elementor-button elementor-size-sm\" role=\"button\">\n\t\t\t\t\t\t<span class=\"elementor-button-content-wrapper\">\n\t\t\t\t\t\t\t\t\t<span class=\"elementor-button-text\">\u7b80\u4f53\u4e2d\u6587<\/span>\n\t\t\t\t\t<\/span>\n\t\t\t\t\t<\/a>\n\t\t\t\t\t\t\t\t<\/div>\n\t\t\t\t<div class=\"elementor-element elementor-element-e616a5d elementor-align-center elementor-widget elementor-widget-button\" data-id=\"e616a5d\" data-element_type=\"widget\" data-widget_type=\"button.default\">\n\t\t\t\t\t\t\t\t\t\t<a class=\"elementor-button elementor-size-sm\" role=\"button\">\n\t\t\t\t\t\t<span class=\"elementor-button-content-wrapper\">\n\t\t\t\t\t\t\t\t\t<span class=\"elementor-button-text\">\u7e41\u9ad4\u4e2d\u6587<\/span>\n\t\t\t\t\t<\/span>\n\t\t\t\t\t<\/a>\n\t\t\t\t\t\t\t\t<\/div>\n\t\t\t\t<div class=\"elementor-element elementor-element-451970b elementor-align-center elementor-widget elementor-widget-button\" data-id=\"451970b\" data-element_type=\"widget\" data-widget_type=\"button.default\">\n\t\t\t\t\t\t\t\t\t\t<a class=\"elementor-button elementor-size-sm\" role=\"button\">\n\t\t\t\t\t\t<span class=\"elementor-button-content-wrapper\">\n\t\t\t\t\t\t\t\t\t<span class=\"elementor-button-text\">English<\/span>\n\t\t\t\t\t<\/span>\n\t\t\t\t\t<\/a>\n\t\t\t\t\t\t\t\t<\/div>\n\t\t\t\t<\/div>\n\t\t\t\t<\/div>\n\t\t<div class=\"elementor-element elementor-element-0bfee77 e-con-full e-flex e-con e-child\" data-id=\"0bfee77\" data-element_type=\"container\" data-settings=\"{&quot;background_background&quot;:&quot;classic&quot;}\">\n\t\t<div class=\"elementor-element elementor-element-72b4f33 e-con-full e-flex e-con e-child\" data-id=\"72b4f33\" data-element_type=\"container\">\n\t\t\t\t<div class=\"elementor-element elementor-element-a784f62 elementor-widget elementor-widget-heading\" data-id=\"a784f62\" data-element_type=\"widget\" data-widget_type=\"heading.default\">\n\t\t\t\t\t<h2 class=\"elementor-heading-title elementor-size-default\">K\u1ebf ho\u1ea1ch Giao d\u1ecbch c\u1ee7a b\u1ea1n<\/h2>\t\t\t\t<\/div>\n\t\t\t\t<div class=\"elementor-element elementor-element-d8fe0e1 elementor-widget elementor-widget-heading\" data-id=\"d8fe0e1\" data-element_type=\"widget\" data-widget_type=\"heading.default\">\n\t\t\t\t\t<h3 class=\"elementor-heading-title elementor-size-default\">D\u1eebng giao d\u1ecbch ng\u1eabu nhi\u00ean! Nh\u1eadn mi\u1ec5n ph\u00ed m\u1eabu th\u1ef1c chi\u1ebfn n\u00e0y, x\u00e2y d\u1ef1ng k\u1ebf ho\u1ea1ch giao d\u1ecbch chuy\u00ean nghi\u1ec7p \u0111\u1ea7u ti\u00ean c\u1ee7a b\u1ea1n.<\/h3>\t\t\t\t<\/div>\n\t\t\t\t<div class=\"elementor-element elementor-element-e3d5154 elementor-widget elementor-widget-heading\" data-id=\"e3d5154\" data-element_type=\"widget\" data-widget_type=\"heading.default\">\n\t\t\t\t\t<h3 class=\"elementor-heading-title elementor-size-default\">H\u01b0\u1edbng d\u1eabn n\u00e0y s\u1ebd gi\u00fap b\u1ea1n x\u00e1c \u0111\u1ecbnh m\u1ee5c ti\u00eau, thi\u1ebft l\u1eadp quy t\u1eafc, qu\u1ea3n l\u00fd r\u1ee7i ro, bi\u1ebfn giao d\u1ecbch c\u1ee7a b\u1ea1n t\u1eeb c\u1edd b\u1ea1c h\u1ed7n lo\u1ea1n th\u00e0nh m\u1ed9t c\u00f4ng vi\u1ec7c c\u00f3 k\u1ef7 lu\u1eadt.<\/h3>\t\t\t\t<\/div>\n\t\t\t\t<div class=\"elementor-element elementor-element-04256c5 elementor-widget-divider--view-line elementor-widget elementor-widget-divider\" data-id=\"04256c5\" data-element_type=\"widget\" data-widget_type=\"divider.default\">\n\t\t\t\t\t\t\t<div class=\"elementor-divider\">\n\t\t\t<span class=\"elementor-divider-separator\">\n\t\t\t\t\t\t<\/span>\n\t\t<\/div>\n\t\t\t\t\t\t<\/div>\n\t\t\t\t<\/div>\n\t\t\t\t<div class=\"elementor-element elementor-element-3a37ac6 elementor-widget elementor-widget-html translation-block\" data-id=\"3a37ac6\" data-element_type=\"widget\" data-widget_type=\"html.default\"><div style=\"16px\"><span>\n<h3><strong>Giao d\u1ecbch c\u1ee7a b\u1ea1n c\u00f3 thi\u1ebfu h\u1ec7 th\u1ed1ng kh\u00f4ng?<\/strong>&nbsp;<\/h3>\n<ul>\n <li>B\u1ea1n c\u00f3 th\u01b0\u1eddng xuy\u00ean v\u00e0o l\u1ec7nh m\u1ed9t c\u00e1ch b\u1ed1c \u0111\u1ed3ng trong phi\u00ean m\u00e0 kh\u00f4ng c\u00f3 chi\u1ebfn l\u01b0\u1ee3c tho\u00e1t l\u1ec7nh r\u00f5 r\u00e0ng kh\u00f4ng?<\/li>\n <li>B\u1ea1n c\u00f3 t\u1eebng m\u1ea5t h\u1ebft to\u00e0n b\u1ed9 l\u1ee3i nhu\u1eadn tr\u01b0\u1edbc \u0111\u00f3 ch\u1ec9 v\u00ec m\u1ed9t hai l\u1ea7n thua l\u1ed7 b\u1ea5t ng\u1edd kh\u00f4ng?<\/li>\n <li>Sau khi k\u1ebft th\u00fac giao d\u1ecbch, b\u1ea1n kh\u00f4ng th\u1ec3 \u0111\u00e1nh gi\u00e1 kh\u00e1ch quan quy\u1ebft \u0111\u1ecbnh c\u1ee7a m\u00ecnh l\u00e0 \u0111\u00fang hay sai?<\/li>\n<\/ul>\n<br>\n\n<!-- Section:&nbsp;Gi\u1ea3i ph\u00e1p v\u00e0 chuy\u1ec3n \u0111\u1ed5i (Solution &amp; Transformation) -->\n<h3><strong>Giao d\u1ecbch kh\u00f4ng c\u00f3 k\u1ebf ho\u1ea1ch ch\u00ednh l\u00e0 k\u1ebf ho\u1ea1ch th\u1ea5t b\u1ea1i<\/strong>&nbsp;<\/h3>\nS\u1ef1 kh\u00e1c bi\u1ec7t l\u1edbn nh\u1ea5t gi\u1eefa chuy\u00ean nghi\u1ec7p v\u00e0 nghi\u1ec7p d\u01b0 ch\u00ednh l\u00e0 vi\u1ec7c c\u00f3 m\u1ed9t k\u1ebf ho\u1ea1ch b\u1eb1ng v\u0103n b\u1ea3n v\u00e0 c\u00f3 th\u1ec3 th\u1ef1c thi.<br>\nCu\u1ed1n s\u00e1ch \u300aK\u1ebf ho\u1ea1ch Giao d\u1ecbch c\u1ee7a b\u1ea1n\u300bs\u1ebd cung c\u1ea5p m\u1ed9t khung \u0111\u01a1n gi\u1ea3n \u0111\u1ec3 b\u1ea1n t\u1ef1 tay x\u00e2y d\u1ef1ng b\u1ea3n \u0111\u1ed3 n\u00e0y.<br>\n<br>\n<h4><strong>Sau khi ho\u00e0n th\u00e0nh b\u00e0i t\u1eadp trong cu\u1ed1n s\u00e1ch n\u00e0y, b\u1ea1n s\u1ebd c\u00f3 m\u1ed9t k\u1ebf ho\u1ea1ch ho\u00e0n ch\u1ec9nh bao g\u1ed3m c\u00e1c n\u1ed9i dung sau:<\/strong>&nbsp;<\/h4>\n<ul>\n <li><strong>M\u1ee5c ti\u00eau giao d\u1ecbch r\u00f5 r\u00e0ng:<\/strong>&nbsp;Bi\u1ebfn nh\u1eefng mong mu\u1ed1n m\u01a1 h\u1ed3 th\u00e0nh c\u00e1c b\u01b0\u1edbc c\u00f3 th\u1ec3 th\u1ef1c hi\u1ec7n \u0111\u01b0\u1ee3c.<\/li>\n <li><strong>Quy t\u1eafc giao d\u1ecbch kh\u00e1ch quan:<\/strong>&nbsp;\u0110\u1ecbnh ngh\u0129a r\u00f5 r\u00e0ng \u0111i\u1ec1u ki\u1ec7n v\u00e0o l\u1ec7nh, tho\u00e1t l\u1ec7nh v\u00e0 c\u1eaft l\u1ed7 c\u1ee7a b\u1ea1n.<\/li>\n <li><strong>Qu\u1ea3n l\u00fd r\u1ee7i ro v\u1eefng ch\u1eafc:<\/strong>&nbsp;H\u1ecdc c\u00e1ch b\u1ea3o v\u1ec7 v\u1ed1n c\u1ee7a b\u1ea1n \u0111\u1ec3 \u0111\u1ea3m b\u1ea3o t\u1ed3n t\u1ea1i l\u00e2u d\u00e0i.<\/li>\n<\/ul>\n<br>\n\n<!-- Section:&nbsp;N\u1ed9i dung ebook (What's Inside) -->\n<h4><strong>Trong h\u01b0\u1edbng d\u1eabn n\u00e0y, b\u1ea1n s\u1ebd ho\u00e0n th\u00e0nh:<\/strong>&nbsp;<\/h4>\n<ul>\n <li><strong>Ch\u01b0\u01a1ng 1:<\/strong>&nbsp;X\u00e1c l\u1eadp m\u1ee5c ti\u00eau giao d\u1ecbch c\u1ee7a b\u1ea1n (Nguy\u00ean t\u1eafc SMART) <\/li>\n <li><strong>Ch\u01b0\u01a1ng 2:<\/strong>&nbsp;T\u1eadp trung v\u00e0o th\u1ecb tr\u01b0\u1eddng v\u00e0 c\u00f4ng c\u1ee5 c\u1ee5 th\u1ec3<\/li>\n <li><strong>Ch\u01b0\u01a1ng 3:<\/strong>&nbsp;X\u00e2y d\u1ef1ng quy t\u1eafc giao d\u1ecbch c\u1ee7a b\u1ea1n:&nbsp;v\u00e0o l\u1ec7nh, tho\u00e1t l\u1ec7nh v\u00e0 c\u1eaft l\u1ed7<\/li>\n <li><strong>Ch\u01b0\u01a1ng 4:<\/strong>&nbsp;Qu\u1ea3n l\u00fd r\u1ee7i ro:&nbsp;b\u1ea3o v\u1ec7 v\u1ed1n giao d\u1ecbch c\u1ee7a b\u1ea1n<\/li>\n<\/ul>\n<\/span><\/div><\/div>\n\t\t\t\t<\/div>\n\t\t\t\t\t<\/div>\n\t\t\t\t<\/div>\n\t\t\t\t<\/div>","protected":false},"excerpt":{"rendered":"<p>D\u1eebng giao d\u1ecbch ng\u1eabu nhi\u00ean! T\u1ea3i xu\u1ed1ng m\u1eabu th\u1ef1c chi\u1ebfn mi\u1ec5n ph\u00ed \u300a K\u1ebf ho\u1ea1ch Giao d\u1ecbch c\u1ee7a b\u1ea1n \u300b c\u1ee7a ch\u00fang t\u00f4i, h\u1ecdc c\u00e1ch thi\u1ebft l\u1eadp m\u1ee5c ti\u00eau, x\u00e2y d\u1ef1ng quy t\u1eafc v\u00e0 qu\u1ea3n l\u00fd r\u1ee7i ro, h\u1ec7 th\u1ed1ng h\u00f3a giao d\u1ecbch c\u1ee7a b\u1ea1n, b\u01b0\u1edbc \u0111\u1ea7u ti\u00ean \u0111\u1ec3 \u0111\u1ea1t l\u1ee3i nhu\u1eadn \u1ed5n \u0111\u1ecbnh.<\/p>","protected":false},"author":1,"featured_media":57405,"parent":0,"menu_order":0,"comment_status":"closed","ping_status":"closed","template":"","meta":{"footnotes":""},"tags":[128],"class_list":["post-57412","page","type-page","status-publish","has-post-thumbnail","hentry","tag-no-google"],"_links":{"self":[{"href":"https:\/\/mister.forex\/vi\/wp-json\/wp\/v2\/pages\/57412","targetHints":{"allow":["GET"]}}],"collection":[{"href":"https:\/\/mister.forex\/vi\/wp-json\/wp\/v2\/pages"}],"about":[{"href":"https:\/\/mister.forex\/vi\/wp-json\/wp\/v2\/types\/page"}],"author":[{"embeddable":true,"href":"https:\/\/mister.forex\/vi\/wp-json\/wp\/v2\/users\/1"}],"replies":[{"embeddable":true,"href":"https:\/\/mister.forex\/vi\/wp-json\/wp\/v2\/comments?post=57412"}],"version-history":[{"count":0,"href":"https:\/\/mister.forex\/vi\/wp-json\/wp\/v2\/pages\/57412\/revisions"}],"wp:featuredmedia":[{"embeddable":true,"href":"https:\/\/mister.forex\/vi\/wp-json\/wp\/v2\/media\/57405"}],"wp:attachment":[{"href":"https:\/\/mister.forex\/vi\/wp-json\/wp\/v2\/media?parent=57412"}],"wp:term":[{"taxonomy":"post_tag","embeddable":true,"href":"https:\/\/mister.forex\/vi\/wp-json\/wp\/v2\/tags?post=57412"}],"curies":[{"name":"wp","href":"https:\/\/api.w.org\/{rel}","templated":true}]}}