{"id":57464,"date":"2025-08-10T22:11:57","date_gmt":"2025-08-10T14:11:57","guid":{"rendered":"http:\/\/test.swqi.tw\/?page_id=57464"},"modified":"2025-12-03T03:33:51","modified_gmt":"2025-12-02T19:33:51","slug":"overcome-5-psychological-traps","status":"publish","type":"page","link":"https:\/\/mister.forex\/vi\/overcome-5-psychological-traps\/","title":{"rendered":"5 C\u1ea1m b\u1eaby T\u00e2m l\u00fd Th\u01b0\u1eddng G\u1eb7p:&nbsp;T\u1ea3i S\u00e1ch \u0110i\u1ec7n T\u1eed Mi\u1ec5n Ph\u00ed | Mr.Forex"},"content":{"rendered":"<div data-elementor-type=\"wp-page\" data-elementor-id=\"57464\" class=\"elementor elementor-57464\" data-elementor-post-type=\"page\">\n\t\t\t\t<div class=\"elementor-element elementor-element-d97b493 e-flex e-con-boxed e-con e-parent\" data-id=\"d97b493\" data-element_type=\"container\">\n\t\t\t\t\t<div class=\"e-con-inner\">\n\t\t\t\t<div class=\"elementor-element elementor-element-f60eab9 elementor-icon-list--layout-inline elementor-list-item-link-inline elementor-widget elementor-widget-icon-list\" data-id=\"f60eab9\" data-element_type=\"widget\" data-widget_type=\"icon-list.default\">\n\t\t\t\t\t\t\t<ul class=\"elementor-icon-list-items elementor-inline-items\">\n\t\t\t\t\t\t\t<li class=\"elementor-icon-list-item elementor-inline-item\">\n\t\t\t\t\t\t\t\t\t\t\t<a href=\"https:\/\/mister.forex\/vi\/ebook-hub\/\">\n\n\t\t\t\t\t\t\t\t\t\t\t\t<span class=\"elementor-icon-list-icon\">\n\t\t\t\t\t\t\t<svg aria-hidden=\"true\" class=\"e-font-icon-svg e-fas-reply\" viewbox=\"0 0 512 512\" xmlns=\"http:\/\/www.w3.org\/2000\/svg\"><path d=\"M8.309 189.836L184.313 37.851C199.719 24.546 224 35.347 224 56.015v80.053c160.629 1.839 288 34.032 288 186.258 0 61.441-39.581 122.309-83.333 154.132-13.653 9.931-33.111-2.533-28.077-18.631 45.344-145.012-21.507-183.51-176.59-185.742V360c0 20.7-24.3 31.453-39.687 18.164l-176.004-152c-11.071-9.562-11.086-26.753 0-36.328z\"><\/path><\/svg>\t\t\t\t\t\t<\/span>\n\t\t\t\t\t\t\t\t\t\t<span class=\"elementor-icon-list-text\">Trang tr\u01b0\u1edbc<\/span>\n\t\t\t\t\t\t\t\t\t\t\t<\/a>\n\t\t\t\t\t\t\t\t\t<\/li>\n\t\t\t\t\t\t<\/ul>\n\t\t\t\t\t\t<\/div>\n\t\t\t\t\t<\/div>\n\t\t\t\t<\/div>\n\t\t<div class=\"elementor-element elementor-element-3090bf1 e-flex e-con-boxed e-con e-parent\" data-id=\"3090bf1\" data-element_type=\"container\" data-settings=\"{&quot;background_background&quot;:&quot;classic&quot;}\">\n\t\t\t\t\t<div class=\"e-con-inner\">\n\t\t<div class=\"elementor-element elementor-element-0261845 e-con-full e-flex e-con e-child\" data-id=\"0261845\" data-element_type=\"container\" data-settings=\"{&quot;background_background&quot;:&quot;classic&quot;}\">\n\t\t\t\t<div class=\"elementor-element elementor-element-3fde205 elementor-widget elementor-widget-image\" data-id=\"3fde205\" data-element_type=\"widget\" data-settings=\"{&quot;_animation&quot;:&quot;none&quot;}\" data-widget_type=\"image.default\">\n\t\t\t\t\t\t\t\t\t\t\t\t\t\t\t<img fetchpriority=\"high\" decoding=\"async\" width=\"188\" height=\"300\" src=\"https:\/\/mister.forex\/wp-content\/uploads\/2025\/08\/Book-3-Mockup-EN.webp\" class=\"attachment-thumbnail size-thumbnail wp-image-57297\" alt=\"5 C\u1ea1m b\u1eaby T\u00e2m l\u00fd trong Giao d\u1ecbch\" srcset=\"https:\/\/mister.forex\/wp-content\/uploads\/2025\/08\/Book-3-Mockup-EN.webp 1410w, https:\/\/mister.forex\/wp-content\/uploads\/2025\/08\/Book-3-Mockup-EN-313x500.webp 313w, https:\/\/mister.forex\/wp-content\/uploads\/2025\/08\/Book-3-Mockup-EN-752x1200.webp 752w, https:\/\/mister.forex\/wp-content\/uploads\/2025\/08\/Book-3-Mockup-EN-188x300.webp 188w, https:\/\/mister.forex\/wp-content\/uploads\/2025\/08\/Book-3-Mockup-EN-768x1226.webp 768w, https:\/\/mister.forex\/wp-content\/uploads\/2025\/08\/Book-3-Mockup-EN-963x1536.webp 963w, https:\/\/mister.forex\/wp-content\/uploads\/2025\/08\/Book-3-Mockup-EN-1283x2048.webp 1283w, https:\/\/mister.forex\/wp-content\/uploads\/2025\/08\/Book-3-Mockup-EN-8x12.webp 8w, https:\/\/mister.forex\/wp-content\/uploads\/2025\/08\/Book-3-Mockup-EN-600x957.webp 600w\" sizes=\"(max-width: 188px) 100vw, 188px\" \/>\t\t\t\t\t\t\t\t\t\t\t\t\t\t\t<\/div>\n\t\t\t\t<div class=\"elementor-element elementor-element-d4eeded elementor-align-center elementor-widget elementor-widget-button\" data-id=\"d4eeded\" data-element_type=\"widget\" data-widget_type=\"button.default\">\n\t\t\t\t\t\t\t\t\t\t<a class=\"elementor-button elementor-button-link elementor-size-sm\" href=\"https:\/\/1drv.ms\/f\/c\/7c6c551c74c8b8b2\/EgXL8oGw3CdFgHB4r64KTksB4KNOstV59YhWQgFCVsbmBg?e=nJM7ld\" target=\"_blank\" rel=\"noopener\">\n\t\t\t\t\t\t<span class=\"elementor-button-content-wrapper\">\n\t\t\t\t\t\t\t\t\t<span class=\"elementor-button-text\">T\u1ea3i xu\u1ed1ng ngay<\/span>\n\t\t\t\t\t<\/span>\n\t\t\t\t\t<\/a>\n\t\t\t\t\t\t\t\t<\/div>\n\t\t\t\t<div class=\"elementor-element elementor-element-a153df0 elementor-widget elementor-widget-heading\" data-id=\"a153df0\" data-element_type=\"widget\" data-widget_type=\"heading.default\">\n\t\t\t\t\t<span class=\"elementor-heading-title elementor-size-default\">Ng\u00f4n ng\u1eef<\/span>\t\t\t\t<\/div>\n\t\t<div class=\"elementor-element elementor-element-3aa1b4d e-con-full e-flex e-con e-child\" data-id=\"3aa1b4d\" data-element_type=\"container\">\n\t\t\t\t<div class=\"elementor-element elementor-element-e8975ec elementor-align-center elementor-widget elementor-widget-button\" data-id=\"e8975ec\" data-element_type=\"widget\" data-widget_type=\"button.default\">\n\t\t\t\t\t\t\t\t\t\t<a class=\"elementor-button elementor-size-sm\" role=\"button\">\n\t\t\t\t\t\t<span class=\"elementor-button-content-wrapper\">\n\t\t\t\t\t\t\t\t\t<span class=\"elementor-button-text\">\u7b80\u4f53\u4e2d\u6587<\/span>\n\t\t\t\t\t<\/span>\n\t\t\t\t\t<\/a>\n\t\t\t\t\t\t\t\t<\/div>\n\t\t\t\t<div class=\"elementor-element elementor-element-d50312a elementor-align-center elementor-widget elementor-widget-button\" data-id=\"d50312a\" data-element_type=\"widget\" data-widget_type=\"button.default\">\n\t\t\t\t\t\t\t\t\t\t<a class=\"elementor-button elementor-size-sm\" role=\"button\">\n\t\t\t\t\t\t<span class=\"elementor-button-content-wrapper\">\n\t\t\t\t\t\t\t\t\t<span class=\"elementor-button-text\">\u7e41\u9ad4\u4e2d\u6587<\/span>\n\t\t\t\t\t<\/span>\n\t\t\t\t\t<\/a>\n\t\t\t\t\t\t\t\t<\/div>\n\t\t\t\t<div class=\"elementor-element elementor-element-1c6f173 elementor-align-center elementor-widget elementor-widget-button\" data-id=\"1c6f173\" data-element_type=\"widget\" data-widget_type=\"button.default\">\n\t\t\t\t\t\t\t\t\t\t<a class=\"elementor-button elementor-size-sm\" role=\"button\">\n\t\t\t\t\t\t<span class=\"elementor-button-content-wrapper\">\n\t\t\t\t\t\t\t\t\t<span class=\"elementor-button-text\">English<\/span>\n\t\t\t\t\t<\/span>\n\t\t\t\t\t<\/a>\n\t\t\t\t\t\t\t\t<\/div>\n\t\t\t\t<\/div>\n\t\t\t\t<\/div>\n\t\t<div class=\"elementor-element elementor-element-05dc3d5 e-con-full e-flex e-con e-child\" data-id=\"05dc3d5\" data-element_type=\"container\" data-settings=\"{&quot;background_background&quot;:&quot;classic&quot;}\">\n\t\t<div class=\"elementor-element elementor-element-0f23524 e-con-full e-flex e-con e-child\" data-id=\"0f23524\" data-element_type=\"container\">\n\t\t\t\t<div class=\"elementor-element elementor-element-23f1220 elementor-widget elementor-widget-heading\" data-id=\"23f1220\" data-element_type=\"widget\" data-widget_type=\"heading.default\">\n\t\t\t\t\t<h2 class=\"elementor-heading-title elementor-size-default\">5 C\u1ea1m b\u1eaby T\u00e2m l\u00fd trong Giao d\u1ecbch<\/h2>\t\t\t\t<\/div>\n\t\t\t\t<div class=\"elementor-element elementor-element-794c598 elementor-widget elementor-widget-heading\" data-id=\"794c598\" data-element_type=\"widget\" data-widget_type=\"heading.default\">\n\t\t\t\t\t<h3 class=\"elementor-heading-title elementor-size-default\">T\u1ea1i sao k\u1ebf ho\u1ea1ch ho\u00e0n h\u1ea3o v\u1eabn d\u1eabn \u0111\u1ebfn thua l\u1ed7? T\u1ea3i mi\u1ec5n ph\u00ed h\u01b0\u1edbng d\u1eabn, v\u01b0\u1ee3t qua 5 n\u1ed7i s\u1ee3 h\u00e3i ch\u1ebft ng\u01b0\u1eddi trong giao d\u1ecbch.<\/h3>\t\t\t\t<\/div>\n\t\t\t\t<div class=\"elementor-element elementor-element-3ab86cb elementor-widget elementor-widget-heading\" data-id=\"3ab86cb\" data-element_type=\"widget\" data-widget_type=\"heading.default\">\n\t\t\t\t\t<h3 class=\"elementor-heading-title elementor-size-default\">H\u01b0\u1edbng d\u1eabn n\u00e0y s\u1ebd gi\u00fap b\u1ea1n nh\u1eadn di\u1ec7n v\u00e0 v\u01b0\u1ee3t qua l\u00f2ng tham, n\u1ed7i s\u1ee3 h\u00e3i, h\u1ed9i ch\u1ee9ng s\u1ee3 b\u1ecf l\u1ee1 (FOMO) c\u00f9ng c\u00e1c c\u00e1m d\u1ed7 t\u00e2m l\u00fd trong giao d\u1ecbch, gi\u00fap b\u1ea1n th\u1ef1c s\u1ef1 \u0111\u1ea1t \u0111\u01b0\u1ee3c \u201cbi\u1ebft v\u00e0 l\u00e0m l\u00e0 m\u1ed9t\u201d.<\/h3>\t\t\t\t<\/div>\n\t\t\t\t<div class=\"elementor-element elementor-element-6922722 elementor-widget-divider--view-line elementor-widget elementor-widget-divider\" data-id=\"6922722\" data-element_type=\"widget\" data-widget_type=\"divider.default\">\n\t\t\t\t\t\t\t<div class=\"elementor-divider\">\n\t\t\t<span class=\"elementor-divider-separator\">\n\t\t\t\t\t\t<\/span>\n\t\t<\/div>\n\t\t\t\t\t\t<\/div>\n\t\t\t\t<\/div>\n\t\t\t\t<div class=\"elementor-element elementor-element-7c4d490 elementor-widget elementor-widget-html translation-block\" data-id=\"7c4d490\" data-element_type=\"widget\" data-widget_type=\"html.default\"><div style=\"16px\"><span>\n<h3><strong>Li\u1ec7u t\u00e2m l\u00fd b\u00ean trong c\u1ee7a b\u1ea1n c\u00f3 \u0111ang \u1ea3nh h\u01b0\u1edfng \u0111\u1ebfn giao d\u1ecbch c\u1ee7a b\u1ea1n?<\/strong>&nbsp;<\/h3>\n<ul>\n <li>B\u1ea1n c\u00f3 t\u1eebng \u0111\u1ec3 cho <strong>tham lam<\/strong>&nbsp;bi\u1ebfn c\u00e1c giao d\u1ecbch c\u00f3 l\u1ee3i nhu\u1eadn th\u00e0nh thua l\u1ed7 kh\u00f4ng?<\/li>\n <li>B\u1ea1n c\u00f3 t\u1eebng b\u1ecf l\u1ee1 c\u01a1 h\u1ed9i ho\u00e0n to\u00e0n ph\u00f9 h\u1ee3p v\u1edbi k\u1ebf ho\u1ea1ch v\u00ec <strong>s\u1ee3 h\u00e3i<\/strong>&nbsp;kh\u00f4ng?<\/li>\n <li>B\u1ea1n c\u00f3 t\u1eebng sau khi thua l\u1ed7, v\u00ec <strong>gi\u1eadn d\u1eef<\/strong>&nbsp;m\u00e0 th\u1ef1c hi\u1ec7n c\u00e1c giao d\u1ecbch \"b\u00e1o th\u00f9\" l\u1edbn h\u01a1n v\u00e0 b\u1ed1c \u0111\u1ed3ng h\u01a1n kh\u00f4ng?<\/li>\n<\/ul>\n<br>\n\n<!-- Section:&nbsp;Gi\u1ea3i ph\u00e1p v\u00e0 chuy\u1ec3n \u0111\u1ed5i (Solution &amp; Transformation) -->\n<h3><strong>Th\u00e0nh c\u00f4ng trong giao d\u1ecbch, 80% \u0111\u1ebfn t\u1eeb ki\u1ec3m so\u00e1t t\u00e2m l\u00fd<\/strong>&nbsp;<\/h3>\nChi\u1ebfn l\u01b0\u1ee3c t\u1ed1t \u0111\u1ebfn \u0111\u00e2u, n\u1ebfu kh\u00f4ng c\u00f3 m\u1ed9t t\u00e2m l\u00fd k\u1ef7 lu\u1eadt nghi\u00eam ng\u1eb7t \u0111\u1ec3 th\u1ef1c hi\u1ec7n, gi\u00e1 tr\u1ecb c\u1ee7a n\u00f3 b\u1eb1ng kh\u00f4ng.<br>\nCu\u1ed1n s\u00e1ch \u300a5 C\u1ea1m b\u1eaby T\u00e2m l\u00fd trong Giao d\u1ecbch\u300bs\u1ebd cung c\u1ea5p cho b\u1ea1n m\u1ed9t b\u1ed9 c\u00f4ng c\u1ee5 th\u1ef1c ti\u1ec5n \u0111\u1ec3 qu\u1ea3n l\u00fd c\u1ea3m x\u00fac b\u00ean trong.<br>\n<br>\n<h4><strong>Sau khi \u0111\u1ecdc h\u01b0\u1edbng d\u1eabn n\u00e0y, b\u1ea1n s\u1ebd h\u1ecdc \u0111\u01b0\u1ee3c c\u00e1ch:<\/strong>&nbsp;<\/h4>\n<ul>\n <li><strong>Qu\u1ea3n l\u00fd tham lam:<\/strong>&nbsp;S\u1eed d\u1ee5ng \"quy t\u1eafc 80\/20\" \u0111\u1ec3 kh\u00f3a l\u1ee3i nhu\u1eadn \u0111\u1ed3ng th\u1eddi \u0111\u1ec3 l\u1ee3i nhu\u1eadn ti\u1ebfp t\u1ee5c t\u0103ng tr\u01b0\u1edfng.<\/li>\n <li><strong>Chi\u1ebfn th\u1eafng n\u1ed7i s\u1ee3:<\/strong>&nbsp;X\u00e2y d\u1ef1ng s\u1ef1 t\u1ef1 tin giao d\u1ecbch b\u1eb1ng \"d\u1eef li\u1ec7u\" v\u00e0 \"k\u1ef7 lu\u1eadt\".<\/li>\n <li><strong>Ph\u00e1 v\u1ee1 v\u00f2ng lu\u1ea9n qu\u1ea9n:<\/strong>&nbsp;D\u00f9ng \"quy t\u1eafc c\u1ee9ng nh\u1eafc\" \u0111\u1ec3 tr\u00e1nh giao d\u1ecbch b\u00e1o th\u00f9.<\/li>\n<\/ul>\n<br>\n\n<!-- Section:&nbsp;N\u1ed9i dung s\u00e1ch \u0111i\u1ec7n t\u1eed (What's Inside) -->\n<h4><strong>Trong h\u01b0\u1edbng d\u1eabn n\u00e0y, b\u1ea1n s\u1ebd h\u1ecdc c\u00e1ch \u0111\u1ed1i ph\u00f3 v\u1edbi:<\/strong>&nbsp;<\/h4>\n<ul>\n <li><strong>C\u1ea1m b\u1eaby 1:<\/strong>&nbsp;Tham lam - \"T\u00f4i n\u00ean ki\u1ebfm \u0111\u01b0\u1ee3c nhi\u1ec1u h\u01a1n!\"<\/li>\n <li><strong>C\u1ea1m b\u1eaby 2:<\/strong>&nbsp;S\u1ee3 h\u00e3i - \"T\u00f4i s\u1ee3 thua l\u1ed7...\"<\/li>\n <li><strong>C\u1ea1m b\u1eaby 3:<\/strong>&nbsp;FOMO - \"T\u00f4i s\u1ee3 b\u1ecf l\u1ee1 c\u01a1 h\u1ed9i!\"<\/li>\n <li><strong>C\u1ea1m b\u1eaby 4:<\/strong>&nbsp;Giao d\u1ecbch b\u00e1o th\u00f9 - \"T\u00f4i ph\u1ea3i th\u1eafng l\u1ea1i ti\u1ec1n!\"<\/li>\n <li><strong>C\u1ea1m b\u1eaby 5:<\/strong>&nbsp;Qu\u00e1 t\u1ef1 tin - \"T\u00f4i kh\u00f4ng th\u1ec3 thua th\u00eam n\u1eefa!\"<\/li>\n<\/ul>\n<\/span><\/div><\/div>\n\t\t\t\t<\/div>\n\t\t\t\t\t<\/div>\n\t\t\t\t<\/div>\n\t\t\t\t<\/div>","protected":false},"excerpt":{"rendered":"<p>T\u1ea1i sao k\u1ebf ho\u1ea1ch ho\u00e0n h\u1ea3o v\u1eabn d\u1eabn \u0111\u1ebfn thua l\u1ed7? T\u1ea3i xu\u1ed1ng mi\u1ec5n ph\u00ed h\u01b0\u1edbng d\u1eabn \u300a5 C\u1ea1m b\u1eaby T\u00e2m l\u00fd trong Giao d\u1ecbch\u300b, ch\u00fang t\u00f4i s\u1ebd ph\u00e2n t\u00edch cho b\u1ea1n v\u1ec1 tham lam, s\u1ee3 h\u00e3i, FOMO v\u00e0 5 c\u1ea1m b\u1eaby t\u00e2m l\u00fd ph\u1ed5 bi\u1ebfn nh\u1ea5t, \u0111\u1ed3ng th\u1eddi cung c\u1ea5p c\u00e1c ph\u01b0\u01a1ng ph\u00e1p \u1ee9ng ph\u00f3 c\u1ee5 th\u1ec3.<\/p>","protected":false},"author":1,"featured_media":57408,"parent":0,"menu_order":0,"comment_status":"closed","ping_status":"closed","template":"","meta":{"footnotes":""},"tags":[128],"class_list":["post-57464","page","type-page","status-publish","has-post-thumbnail","hentry","tag-no-google"],"_links":{"self":[{"href":"https:\/\/mister.forex\/vi\/wp-json\/wp\/v2\/pages\/57464","targetHints":{"allow":["GET"]}}],"collection":[{"href":"https:\/\/mister.forex\/vi\/wp-json\/wp\/v2\/pages"}],"about":[{"href":"https:\/\/mister.forex\/vi\/wp-json\/wp\/v2\/types\/page"}],"author":[{"embeddable":true,"href":"https:\/\/mister.forex\/vi\/wp-json\/wp\/v2\/users\/1"}],"replies":[{"embeddable":true,"href":"https:\/\/mister.forex\/vi\/wp-json\/wp\/v2\/comments?post=57464"}],"version-history":[{"count":0,"href":"https:\/\/mister.forex\/vi\/wp-json\/wp\/v2\/pages\/57464\/revisions"}],"wp:featuredmedia":[{"embeddable":true,"href":"https:\/\/mister.forex\/vi\/wp-json\/wp\/v2\/media\/57408"}],"wp:attachment":[{"href":"https:\/\/mister.forex\/vi\/wp-json\/wp\/v2\/media?parent=57464"}],"wp:term":[{"taxonomy":"post_tag","embeddable":true,"href":"https:\/\/mister.forex\/vi\/wp-json\/wp\/v2\/tags?post=57464"}],"curies":[{"name":"wp","href":"https:\/\/api.w.org\/{rel}","templated":true}]}}