{"id":59827,"date":"2025-10-09T02:26:46","date_gmt":"2025-10-08T18:26:46","guid":{"rendered":"https:\/\/mister.forex\/?page_id=59827"},"modified":"2025-12-03T03:34:44","modified_gmt":"2025-12-02T19:34:44","slug":"the-forex-trading-execution-bible","status":"publish","type":"page","link":"https:\/\/mister.forex\/vi\/the-forex-trading-execution-bible\/","title":{"rendered":"Kinh th\u00e1nh th\u1ef1c thi giao d\u1ecbch ngo\u1ea1i h\u1ed1i: SOP th\u1ef1c t\u1ebf t\u1eeb \"bi\u1ebft\" \u0111\u1ebfn \"l\u00e0m\""},"content":{"rendered":"<div data-elementor-type=\"wp-page\" data-elementor-id=\"59827\" class=\"elementor elementor-59827\" data-elementor-post-type=\"page\">\n\t\t\t\t<div class=\"elementor-element elementor-element-9a261e9 e-flex e-con-boxed e-con e-parent\" data-id=\"9a261e9\" data-element_type=\"container\">\n\t\t\t\t\t<div class=\"e-con-inner\">\n\t\t\t\t<div class=\"elementor-element elementor-element-0f38502 elementor-icon-list--layout-inline elementor-list-item-link-inline elementor-widget elementor-widget-icon-list\" data-id=\"0f38502\" data-element_type=\"widget\" data-widget_type=\"icon-list.default\">\n\t\t\t\t\t\t\t<ul class=\"elementor-icon-list-items elementor-inline-items\">\n\t\t\t\t\t\t\t<li class=\"elementor-icon-list-item elementor-inline-item\">\n\t\t\t\t\t\t\t\t\t\t\t<a href=\"https:\/\/mister.forex\/vi\/ebook-hub\/\">\n\n\t\t\t\t\t\t\t\t\t\t\t\t<span class=\"elementor-icon-list-icon\">\n\t\t\t\t\t\t\t<svg aria-hidden=\"true\" class=\"e-font-icon-svg e-fas-reply\" viewbox=\"0 0 512 512\" xmlns=\"http:\/\/www.w3.org\/2000\/svg\"><path d=\"M8.309 189.836L184.313 37.851C199.719 24.546 224 35.347 224 56.015v80.053c160.629 1.839 288 34.032 288 186.258 0 61.441-39.581 122.309-83.333 154.132-13.653 9.931-33.111-2.533-28.077-18.631 45.344-145.012-21.507-183.51-176.59-185.742V360c0 20.7-24.3 31.453-39.687 18.164l-176.004-152c-11.071-9.562-11.086-26.753 0-36.328z\"><\/path><\/svg>\t\t\t\t\t\t<\/span>\n\t\t\t\t\t\t\t\t\t\t<span class=\"elementor-icon-list-text\">Trang tr\u01b0\u1edbc<\/span>\n\t\t\t\t\t\t\t\t\t\t\t<\/a>\n\t\t\t\t\t\t\t\t\t<\/li>\n\t\t\t\t\t\t<\/ul>\n\t\t\t\t\t\t<\/div>\n\t\t\t\t\t<\/div>\n\t\t\t\t<\/div>\n\t\t<div class=\"elementor-element elementor-element-05e34f2 e-flex e-con-boxed e-con e-parent\" data-id=\"05e34f2\" data-element_type=\"container\" data-settings=\"{&quot;background_background&quot;:&quot;classic&quot;}\">\n\t\t\t\t\t<div class=\"e-con-inner\">\n\t\t<div class=\"elementor-element elementor-element-928477a e-con-full e-flex e-con e-child\" data-id=\"928477a\" data-element_type=\"container\" data-settings=\"{&quot;background_background&quot;:&quot;classic&quot;}\">\n\t\t\t\t<div class=\"elementor-element elementor-element-2d61e89 elementor-widget elementor-widget-image\" data-id=\"2d61e89\" data-element_type=\"widget\" data-settings=\"{&quot;_animation&quot;:&quot;none&quot;}\" data-widget_type=\"image.default\">\n\t\t\t\t\t\t\t\t\t\t\t\t\t\t\t<img fetchpriority=\"high\" decoding=\"async\" width=\"188\" height=\"300\" src=\"https:\/\/mister.forex\/wp-content\/uploads\/2025\/10\/Book-4-Mockup-EN.webp\" class=\"attachment-thumbnail size-thumbnail wp-image-59802\" alt=\"Kinh th\u00e1nh Kh\u1edbp l\u1ec7nh Forex\" srcset=\"https:\/\/mister.forex\/wp-content\/uploads\/2025\/10\/Book-4-Mockup-EN.webp 1410w, https:\/\/mister.forex\/wp-content\/uploads\/2025\/10\/Book-4-Mockup-EN-313x500.webp 313w, https:\/\/mister.forex\/wp-content\/uploads\/2025\/10\/Book-4-Mockup-EN-752x1200.webp 752w, https:\/\/mister.forex\/wp-content\/uploads\/2025\/10\/Book-4-Mockup-EN-188x300.webp 188w, https:\/\/mister.forex\/wp-content\/uploads\/2025\/10\/Book-4-Mockup-EN-768x1226.webp 768w, https:\/\/mister.forex\/wp-content\/uploads\/2025\/10\/Book-4-Mockup-EN-963x1536.webp 963w, https:\/\/mister.forex\/wp-content\/uploads\/2025\/10\/Book-4-Mockup-EN-1283x2048.webp 1283w, https:\/\/mister.forex\/wp-content\/uploads\/2025\/10\/Book-4-Mockup-EN-8x12.webp 8w\" sizes=\"(max-width: 188px) 100vw, 188px\" \/>\t\t\t\t\t\t\t\t\t\t\t\t\t\t\t<\/div>\n\t\t\t\t<div class=\"elementor-element elementor-element-a1569ba elementor-widget elementor-widget-html\" data-id=\"a1569ba\" data-element_type=\"widget\" data-widget_type=\"html.default\">\n\t\t\t\t\t<script src=\"https:\/\/gumroad.com\/js\/gumroad.js\"><\/script>\n<a class=\"gumroad-button\" href=\"https:\/\/mrforex.gumroad.com\/l\/cobxuz\" rel=\"noopener\">Mua ngay<\/a>\t\t\t\t<\/div>\n\t\t\t\t<div class=\"elementor-element elementor-element-41d361c elementor-widget elementor-widget-heading\" data-id=\"41d361c\" data-element_type=\"widget\" data-widget_type=\"heading.default\">\n\t\t\t\t\t<span class=\"elementor-heading-title elementor-size-default\">Ng\u00f4n ng\u1eef<\/span>\t\t\t\t<\/div>\n\t\t<div class=\"elementor-element elementor-element-6a6dad0 e-con-full e-flex e-con e-child\" data-id=\"6a6dad0\" data-element_type=\"container\">\n\t\t\t\t<div class=\"elementor-element elementor-element-44ffc6c elementor-align-center elementor-widget elementor-widget-button\" data-id=\"44ffc6c\" data-element_type=\"widget\" data-widget_type=\"button.default\">\n\t\t\t\t\t\t\t\t\t\t<a class=\"elementor-button elementor-size-sm\" role=\"button\">\n\t\t\t\t\t\t<span class=\"elementor-button-content-wrapper\">\n\t\t\t\t\t\t\t\t\t<span class=\"elementor-button-text\">\u7b80\u4f53\u4e2d\u6587<\/span>\n\t\t\t\t\t<\/span>\n\t\t\t\t\t<\/a>\n\t\t\t\t\t\t\t\t<\/div>\n\t\t\t\t<div class=\"elementor-element elementor-element-5fce700 elementor-align-center elementor-widget elementor-widget-button\" data-id=\"5fce700\" data-element_type=\"widget\" data-widget_type=\"button.default\">\n\t\t\t\t\t\t\t\t\t\t<a class=\"elementor-button elementor-size-sm\" role=\"button\">\n\t\t\t\t\t\t<span class=\"elementor-button-content-wrapper\">\n\t\t\t\t\t\t\t\t\t<span class=\"elementor-button-text\">\u7e41\u9ad4\u4e2d\u6587<\/span>\n\t\t\t\t\t<\/span>\n\t\t\t\t\t<\/a>\n\t\t\t\t\t\t\t\t<\/div>\n\t\t\t\t<div class=\"elementor-element elementor-element-7d063fa elementor-align-center elementor-widget elementor-widget-button\" data-id=\"7d063fa\" data-element_type=\"widget\" data-widget_type=\"button.default\">\n\t\t\t\t\t\t\t\t\t\t<a class=\"elementor-button elementor-size-sm\" role=\"button\">\n\t\t\t\t\t\t<span class=\"elementor-button-content-wrapper\">\n\t\t\t\t\t\t\t\t\t<span class=\"elementor-button-text\">English<\/span>\n\t\t\t\t\t<\/span>\n\t\t\t\t\t<\/a>\n\t\t\t\t\t\t\t\t<\/div>\n\t\t\t\t<\/div>\n\t\t\t\t<\/div>\n\t\t<div class=\"elementor-element elementor-element-9f32aa3 e-con-full e-flex e-con e-child\" data-id=\"9f32aa3\" data-element_type=\"container\" data-settings=\"{&quot;background_background&quot;:&quot;classic&quot;}\">\n\t\t<div class=\"elementor-element elementor-element-14ce0ce e-con-full e-flex e-con e-child\" data-id=\"14ce0ce\" data-element_type=\"container\">\n\t\t\t\t<div class=\"elementor-element elementor-element-b3a35b3 elementor-widget elementor-widget-heading\" data-id=\"b3a35b3\" data-element_type=\"widget\" data-widget_type=\"heading.default\">\n\t\t\t\t\t<h2 class=\"elementor-heading-title elementor-size-default\">Kinh th\u00e1nh Kh\u1edbp l\u1ec7nh Forex<\/h2>\t\t\t\t<\/div>\n\t\t\t\t<div class=\"elementor-element elementor-element-073be8c elementor-widget elementor-widget-heading\" data-id=\"073be8c\" data-element_type=\"widget\" data-widget_type=\"heading.default\">\n\t\t\t\t\t<h3 class=\"elementor-heading-title elementor-size-default\">T\u1ea1m bi\u1ec7t v\u00f2ng lu\u1ea9n qu\u1ea9n thua l\u1ed7 c\u1ee7a l\u00fd thuy\u1ebft! \u0110\u00e2y l\u00e0 m\u1ed9t b\u1ed9 h\u1ec7 th\u1ed1ng th\u1ef1c thi giao d\u1ecbch ngo\u1ea1i h\u1ed1i ho\u00e0n ch\u1ec9nh gi\u00fap b\u1ea1n \"bi\u1ebft\" v\u00e0 \"l\u00e0m \u0111\u01b0\u1ee3c\".<\/h3>\t\t\t\t<\/div>\n\t\t\t\t<div class=\"elementor-element elementor-element-d18e613 elementor-widget-divider--view-line elementor-widget elementor-widget-divider\" data-id=\"d18e613\" data-element_type=\"widget\" data-widget_type=\"divider.default\">\n\t\t\t\t\t\t\t<div class=\"elementor-divider\">\n\t\t\t<span class=\"elementor-divider-separator\">\n\t\t\t\t\t\t<\/span>\n\t\t<\/div>\n\t\t\t\t\t\t<\/div>\n\t\t\t\t<\/div>\n\t\t\t\t<div class=\"elementor-element elementor-element-7ac01e9 elementor-widget elementor-widget-html translation-block\" data-id=\"7ac01e9\" data-element_type=\"widget\" data-widget_type=\"html.default\"><span>\n<h2><strong>Ch\u1eb7ng \u0110\u01b0\u1eddng Cu\u1ed1i C\u00f9ng t\u1eeb \"Bi\u1ebft\" \u0111\u1ebfn \"L\u00e0m\"<\/strong><\/h2>\nN\u1ebfu b\u1ea1n \u0111ang \u0111\u1ecdc nh\u1eefng d\u00f2ng n\u00e0y, r\u1ea5t c\u00f3 th\u1ec3 b\u1ea1n \u0111\u00e3 bi\u1ebft r\u1ea5t nhi\u1ec1u v\u1ec1 giao d\u1ecbch. B\u1ea1n hi\u1ec3u c\u1ea5u tr\u00fac th\u1ecb tr\u01b0\u1eddng, \u0111\u00e3 nghi\u00ean c\u1ee9u v\u00f4 s\u1ed1 ch\u1ec9 b\u00e1o k\u1ef9 thu\u1eadt, v\u00e0 th\u1eadm ch\u00ed c\u00f3 th\u1ec3 n\u00f3i m\u1ed9t c\u00e1ch h\u00f9ng h\u1ed3n v\u1ec1 nh\u1eefng th\u0103ng tr\u1ea7m c\u1ee7a th\u1ecb tr\u01b0\u1eddng.<br>\nTuy nhi\u00ean, m\u1ed9t c\u00e2u h\u1ecfi nh\u1ee9c nh\u1ed1i v\u1eabn c\u00f2n \u0111\u00f3, \u00e1m \u1ea3nh b\u1ea1n trong m\u1ed7i l\u1ea7n xem l\u1ea1i v\u00e0o \u0111\u00eam khuya: \"T\u1ea1i sao, sau khi bi\u1ebft qu\u00e1 nhi\u1ec1u, t\u00f4i v\u1eabn kh\u00f4ng th\u1ec3 \u0111\u1ea1t \u0111\u01b0\u1ee3c l\u1ee3i nhu\u1eadn \u1ed5n \u0111\u1ecbnh?\"\n<br><br>\nC\u00e2u tr\u1ea3 l\u1eddi c\u00f3 th\u1ec3 \u0111\u01a1n gi\u1ea3n v\u00e0 kh\u00f3 ch\u1ea5p nh\u1eadn h\u01a1n b\u1ea1n ngh\u0129: b\u1edfi v\u00ec trong tr\u00f2 ch\u01a1i t\u1ed5ng b\u1eb1ng kh\u00f4ng t\u00e0n kh\u1ed1c c\u1ee7a giao d\u1ecbch ngo\u1ea1i h\u1ed1i, chi\u1ebfn th\u1eafng kh\u00f4ng bao gi\u1edd \u0111\u01b0\u1ee3c quy\u1ebft \u0111\u1ecbnh b\u1edfi b\u1ea1n \"bi\u1ebft\" bao nhi\u00eau, m\u00e0 b\u1edfi b\u1ea1n c\u00f3 th\u1ec3 \"l\u00e0m\" m\u1ed9t c\u00e1ch nh\u1ea5t qu\u00e1n bao nhi\u00eau.\n<br><br>\nCu\u1ed1n s\u00e1ch n\u00e0y l\u00e0 ch\u1eb7ng \u0111\u01b0\u1eddng cu\u1ed1i c\u00f9ng c\u1ee7a b\u1ea1n t\u1eeb \"bi\u1ebft\" \u0111\u1ebfn \"l\u00e0m\". Ch\u00fang t\u00f4i s\u1ebd kh\u00f4ng \u0111\u01b0a cho b\u1ea1n th\u00eam m\u1ed9t tr\u0103m ch\u1ec9 b\u00e1o h\u00e0o nho\u00e1ng hay m\u1ed9t \"Ch\u00e9n Th\u00e1nh\" th\u1ea7n tho\u1ea1i n\u00e0o. Thay v\u00e0o \u0111\u00f3, ch\u00fang t\u00f4i s\u1ebd cung c\u1ea5p m\u1ed9t th\u1ee9 c\u00f3 gi\u00e1 tr\u1ecb h\u01a1n nhi\u1ec1u: m\u1ed9t \"Quy tr\u00ecnh v\u1eadn h\u00e0nh ti\u00eau chu\u1ea9n\" (SOP) ho\u00e0n ch\u1ec9nh, c\u00f3 th\u1ec3 sao ch\u00e9p \u0111\u1ec3 th\u1ef1c thi.\n<br><br>\n\u0110\u00e2y kh\u00f4ng ph\u1ea3i l\u00e0 m\u1ed9t cu\u1ed1n s\u00e1ch gi\u00e1o khoa l\u00fd thuy\u1ebft kh\u00e1c; \u0111\u00e2y l\u00e0 m\u1ed9t c\u1ea9m nang th\u1ef1c h\u00e0nh v\u1ec1 \"h\u00e0nh \u0111\u1ed9ng\". B\u1ea1n s\u1ebd h\u1ecdc c\u00e1ch:\n<br>\n<ul>\n  <li><strong>L\u00e0m ch\u1ee7 Vi\u1ec7c Chu\u1ea9n b\u1ecb Chuy\u00ean nghi\u1ec7p Tr\u01b0\u1edbc Th\u1ecb tr\u01b0\u1eddng:<\/strong> H\u1ecdc m\u1ed9t nghi th\u1ee9c chi\u1ebfn \u0111\u1ea5u h\u00e0ng ng\u00e0y gi\u00fap lo\u1ea1i b\u1ecf ph\u1ecfng \u0111o\u00e1n v\u00e0 \u0111\u1ea3m b\u1ea3o b\u1ea1n b\u01b0\u1edbc v\u00e0o th\u1ecb tr\u01b0\u1eddng m\u1ed7i ng\u00e0y v\u1edbi m\u1ed9t k\u1ebf ho\u1ea1ch r\u00f5 r\u00e0ng, c\u00f3 th\u1ec3 h\u00e0nh \u0111\u1ed9ng.<\/li>\n  <li><strong>Th\u1ef1c hi\u1ec7n c\u00e1c Giao d\u1ecbch A+ m\u1ed9t c\u00e1ch Ch\u00ednh x\u00e1c:<\/strong> N\u1eafm v\u1eefng hai k\u1ebf ho\u1ea1ch chi ti\u1ebft chi\u1ebfn thu\u1eadt c\u1ed1t l\u00f5i, c\u00f3 x\u00e1c su\u1ea5t cao cho c\u1ea3 k\u1ecbch b\u1ea3n \"Ti\u1ebfp di\u1ec5n Xu h\u01b0\u1edbng\" v\u00e0 \"\u0110\u1ea3o ng\u01b0\u1ee3c Xu h\u01b0\u1edbng\".<\/li>\n  <li><strong>T\u1ed1i \u0111a h\u00f3a L\u1ee3i nhu\u1eadn v\u00e0 Gi\u1ea3m thi\u1ec3u R\u1ee7i ro:<\/strong> H\u1ecdc c\u00e1ch qu\u1ea3n l\u00fd v\u1ecb th\u1ebf, nh\u1ed3i l\u1ec7nh (pyramiding) v\u00e0o c\u00e1c giao d\u1ecbch th\u1eafng, v\u00e0 s\u1eed d\u1ee5ng l\u1ec7nh d\u1eebng l\u1ed7 di \u0111\u1ed9ng d\u1ef1a tr\u00ean c\u1ea5u tr\u00fac th\u1ecb tr\u01b0\u1eddng \u0111\u1ec3 kh\u00f3a l\u1ee3i nhu\u1eadn c\u1ee7a b\u1ea1n.<\/li>\n  <li><strong>\u0110i\u1ec1u h\u00e0nh Giao d\u1ecbch c\u1ee7a b\u1ea1n nh\u01b0 m\u1ed9t Doanh nghi\u1ec7p:<\/strong> Kh\u00e1m ph\u00e1 c\u00e1c chi\u1ebfn l\u01b0\u1ee3c ch\u00ednh x\u00e1c \u0111\u1ec3 v\u01b0\u1ee3t qua c\u00e1c th\u1eed th\u00e1ch c\u1ee7a c\u00f4ng ty c\u1ea5p v\u1ed1n (prop firm), qu\u1ea3n l\u00fd c\u00e1c t\u00e0i kho\u1ea3n \u0111\u01b0\u1ee3c c\u1ea5p v\u1ed1n v\u00e0 t\u1eadn d\u1ee5ng v\u1ed1n b\u00ean ngo\u00e0i \u0111\u1ec3 m\u1edf r\u1ed9ng quy m\u00f4 thu nh\u1eadp c\u1ee7a b\u1ea1n.<\/li>\n<\/ul>\n<br>\nCu\u1ed1n s\u00e1ch n\u00e0y s\u1ebd bi\u1ebfn b\u1ea1n t\u1eeb m\u1ed9t ng\u01b0\u1eddi nghi\u1ec7p d\u01b0 b\u1ecb chi ph\u1ed1i b\u1edfi c\u1ea3m x\u00fac th\u1ecb tr\u01b0\u1eddng v\u00e0 c\u00e1c quy\u1ebft \u0111\u1ecbnh h\u1ed7n lo\u1ea1n th\u00e0nh m\u1ed9t nh\u00e0 giao d\u1ecbch chuy\u00ean nghi\u1ec7p v\u1edbi quy tr\u00ecnh r\u00f5 r\u00e0ng v\u00e0 k\u1ef7 lu\u1eadt th\u00e9p. H\u00e3y d\u1eebng chu k\u1ef3 h\u1ecdc h\u1ecfi v\u00e0 thua l\u1ed7 kh\u00f4ng h\u1ed3i k\u1ebft. \u0110\u00e3 \u0111\u1ebfn l\u00fac x\u00e2y d\u1ef1ng s\u1ef1 nghi\u1ec7p giao d\u1ecbch th\u1ef1c s\u1ef1 c\u1ee7a b\u1ea1n.\n<\/span><\/div>\n\t\t\t\t<\/div>\n\t\t\t\t\t<\/div>\n\t\t\t\t<\/div>\n\t\t\t\t<\/div>","protected":false},"excerpt":{"rendered":"<p>V\u1eabn \u0111ang v\u1eadt l\u1ed9n v\u1edbi vi\u1ec7c h\u1ecdc h\u1ecfi v\u00e0 thua l\u1ed7 v\u00f4 t\u1eadn? H\u1ec7 th\u1ed1ng th\u1ef1c thi giao d\u1ecbch ngo\u1ea1i h\u1ed1i n\u00e0y l\u00e0 d\u1eb7m cu\u1ed1i c\u00f9ng \u0111\u01b0\u1ee3c x\u00e2y d\u1ef1ng cho b\u1ea1n. Ch\u00fang t\u00f4i kh\u00f4ng n\u00f3i v\u1ec1 l\u00fd thuy\u1ebft, ch\u1ec9 cung c\u1ea5p m\u1ed9t quy tr\u00ecnh v\u1eadn h\u00e0nh ti\u00eau chu\u1ea9n (SOP) c\u00f3 th\u1ec3 nh\u00e2n r\u1ed9ng, c\u00e1c chi\u1ebfn l\u01b0\u1ee3c c\u00f3 t\u1ef7 l\u1ec7 th\u1eafng cao v\u00e0 k\u1ef9 n\u0103ng qu\u1ea3n l\u00fd ti\u1ec1n b\u1ea1c \u0111\u1ec3 bi\u1ebfn b\u1ea1n th\u00e0nh m\u1ed9t nh\u00e0 giao d\u1ecbch chuy\u00ean nghi\u1ec7p c\u00f3 k\u1ef7 lu\u1eadt v\u00e0 \u0111\u1ea1t \u0111\u01b0\u1ee3c l\u1ee3i nhu\u1eadn li\u00ean t\u1ee5c.<\/p>","protected":false},"author":1,"featured_media":59805,"parent":0,"menu_order":0,"comment_status":"closed","ping_status":"closed","template":"","meta":{"footnotes":""},"tags":[128],"class_list":["post-59827","page","type-page","status-publish","has-post-thumbnail","hentry","tag-no-google"],"_links":{"self":[{"href":"https:\/\/mister.forex\/vi\/wp-json\/wp\/v2\/pages\/59827","targetHints":{"allow":["GET"]}}],"collection":[{"href":"https:\/\/mister.forex\/vi\/wp-json\/wp\/v2\/pages"}],"about":[{"href":"https:\/\/mister.forex\/vi\/wp-json\/wp\/v2\/types\/page"}],"author":[{"embeddable":true,"href":"https:\/\/mister.forex\/vi\/wp-json\/wp\/v2\/users\/1"}],"replies":[{"embeddable":true,"href":"https:\/\/mister.forex\/vi\/wp-json\/wp\/v2\/comments?post=59827"}],"version-history":[{"count":0,"href":"https:\/\/mister.forex\/vi\/wp-json\/wp\/v2\/pages\/59827\/revisions"}],"wp:featuredmedia":[{"embeddable":true,"href":"https:\/\/mister.forex\/vi\/wp-json\/wp\/v2\/media\/59805"}],"wp:attachment":[{"href":"https:\/\/mister.forex\/vi\/wp-json\/wp\/v2\/media?parent=59827"}],"wp:term":[{"taxonomy":"post_tag","embeddable":true,"href":"https:\/\/mister.forex\/vi\/wp-json\/wp\/v2\/tags?post=59827"}],"curies":[{"name":"wp","href":"https:\/\/api.w.org\/{rel}","templated":true}]}}