{"id":61945,"date":"2025-12-04T19:14:13","date_gmt":"2025-12-04T11:14:13","guid":{"rendered":"https:\/\/mister.forex\/?page_id=61945"},"modified":"2026-04-04T22:37:07","modified_gmt":"2026-04-04T14:37:07","slug":"trust-standards","status":"publish","type":"page","link":"https:\/\/mister.forex\/vi\/trust-standards\/","title":{"rendered":"Ni\u1ec1m tin &amp; Ti\u00eau chu\u1ea9n: Ph\u01b0\u01a1ng ph\u00e1p \u0111\u00e1nh gi\u00e1, Quy t\u1eafc bi\u00ean t\u1eadp &amp; C\u00f4ng khai minh b\u1ea1ch | Mr.Forex"},"content":{"rendered":"<div data-elementor-type=\"wp-page\" data-elementor-id=\"61945\" class=\"elementor elementor-61945\" data-elementor-post-type=\"page\">\n\t\t\t\t<div class=\"elementor-element elementor-element-1b09601 e-flex e-con-boxed e-con e-parent\" data-id=\"1b09601\" data-element_type=\"container\" data-settings=\"{&quot;background_background&quot;:&quot;classic&quot;}\">\n\t\t\t\t\t<div class=\"e-con-inner\">\n\t\t<div class=\"elementor-element elementor-element-613ccf5 e-flex e-con-boxed e-con e-child\" data-id=\"613ccf5\" data-element_type=\"container\">\n\t\t\t\t\t<div class=\"e-con-inner\">\n\t\t\t\t<div class=\"elementor-element elementor-element-81faed3 elementor-widget elementor-widget-heading\" data-id=\"81faed3\" data-element_type=\"widget\" data-widget_type=\"heading.default\">\n\t\t\t\t\t<h1 class=\"elementor-heading-title elementor-size-default\">Ni\u1ec1m tin &amp; Ti\u00eau chu\u1ea9n<\/h1>\t\t\t\t<\/div>\n\t\t\t\t\t<\/div>\n\t\t\t\t<\/div>\n\t\t\t\t<div class=\"elementor-element elementor-element-7907151 elementor-widget__width-inherit elementor-absolute elementor-widget elementor-widget-image\" data-id=\"7907151\" data-element_type=\"widget\" data-settings=\"{&quot;_position&quot;:&quot;absolute&quot;}\" data-widget_type=\"image.default\">\n\t\t\t\t\t\t\t\t\t\t\t\t\t\t\t<img fetchpriority=\"high\" decoding=\"async\" width=\"500\" height=\"281\" src=\"https:\/\/mister.forex\/wp-content\/uploads\/2024\/02\/services-2-500x281.webp\" class=\"attachment-medium size-medium wp-image-4104\" alt=\"\" srcset=\"https:\/\/mister.forex\/wp-content\/uploads\/2024\/02\/services-2-500x281.webp 500w, https:\/\/mister.forex\/wp-content\/uploads\/2024\/02\/services-2-600x337.webp 600w, https:\/\/mister.forex\/wp-content\/uploads\/2024\/02\/services-2-1200x675.webp 1200w, https:\/\/mister.forex\/wp-content\/uploads\/2024\/02\/services-2-300x169.webp 300w, https:\/\/mister.forex\/wp-content\/uploads\/2024\/02\/services-2-768x432.webp 768w, https:\/\/mister.forex\/wp-content\/uploads\/2024\/02\/services-2.webp 1366w\" sizes=\"(max-width: 500px) 100vw, 500px\" \/>\t\t\t\t\t\t\t\t\t\t\t\t\t\t\t<\/div>\n\t\t\t\t\t<\/div>\n\t\t\t\t<\/div>\n\t\t<div class=\"elementor-element elementor-element-ac84467 e-flex e-con-boxed e-con e-parent\" data-id=\"ac84467\" data-element_type=\"container\">\n\t\t\t\t\t<div class=\"e-con-inner\">\n\t\t\t\t<div class=\"elementor-element elementor-element-562ecf4 elementor-widget elementor-widget-spacer\" data-id=\"562ecf4\" data-element_type=\"widget\" data-widget_type=\"spacer.default\">\n\t\t\t\t\t\t\t<div class=\"elementor-spacer\">\n\t\t\t<div class=\"elementor-spacer-inner\"><\/div>\n\t\t<\/div>\n\t\t\t\t\t\t<\/div>\n\t\t\t\t<div class=\"elementor-element elementor-element-c5656c6 elementor-widget elementor-widget-html translation-block\" data-id=\"c5656c6\" data-element_type=\"widget\" data-widget_type=\"html.default\"><span>\nT\u1ea1i Mr.Forex, ch\u00fang t\u00f4i tin r\u1eb1ng trong th\u1ebf gi\u1edbi giao d\u1ecbch t\u00e0i ch\u00ednh, s\u1ef1 th\u1eadt l\u00e0 t\u00e0i s\u1ea3n qu\u00fd gi\u00e1 nh\u1ea5t.<br>\n<br>\nN\u1ed9i dung c\u1ee7a ch\u00fang t\u00f4i b\u1eaft ngu\u1ed3n t\u1eeb vi\u1ec7c kh\u1edbp l\u1ec7nh th\u1ef1c t\u1ebf tr\u00ean th\u1ecb tr\u01b0\u1eddng, ki\u1ec3m tra d\u1eef li\u1ec7u (backtest) nghi\u00eam ng\u1eb7t v\u00e0 \u0111\u1ea7u t\u01b0 b\u1eb1ng ch\u00ednh ngu\u1ed3n v\u1ed1n c\u1ee7a m\u00ecnh. Ch\u00fang t\u00f4i h\u1ee3p nh\u1ea5t \"Ph\u01b0\u01a1ng ph\u00e1p \u0111\u00e1nh gi\u00e1\", \"Quy t\u1eafc bi\u00ean t\u1eadp\" v\u00e0 \"C\u00f4ng khai qu\u1ea3ng c\u00e1o\" t\u1ea1i trang n\u00e0y nh\u1eb1m cung c\u1ea5p th\u00f4ng tin minh b\u1ea1ch v\u1ec1 c\u00e1ch th\u1ee9c v\u1eadn h\u00e0nh v\u00e0 duy tr\u00ec h\u1ec7 th\u1ed1ng.<br>\n<br>\n<h2><strong>1. Ph\u01b0\u01a1ng ph\u00e1p lu\u1eadn \u0111\u00e1nh gi\u00e1<\/strong><\/h2>\nCh\u00fang t\u00f4i kh\u00f4ng vi\u1ebft \u0111\u00e1nh gi\u00e1 d\u1ef1a tr\u00ean c\u00e1c t\u1edd r\u01a1i qu\u1ea3ng c\u00e1o. Ch\u00fang t\u00f4i s\u1eed d\u1ee5ng c\u00e1c ti\u00eau chu\u1ea9n c\u1ea5p t\u1ed5 ch\u1ee9c \u0111\u1ec3 ki\u1ec3m tra \u00e1p l\u1ef1c (stress-test) \u0111\u1ed1i v\u1edbi c\u00e1c s\u00e0n giao d\u1ecbch v\u00e0 ph\u1ea7n m\u1ec1m. V\u1edbi n\u1ec1n t\u1ea3ng giao d\u1ecbch t\u1ef1 doanh (prop trading), ch\u00fang t\u00f4i \u0111\u00e1nh gi\u00e1 m\u00f4i tr\u01b0\u1eddng giao d\u1ecbch d\u01b0\u1edbi nh\u1eefng g\u00f3c \u0111\u1ed9 chuy\u00ean m\u00f4n m\u00e0 c\u00e1c nh\u00e0 giao d\u1ecbch c\u00e1 nh\u00e2n th\u01b0\u1eddng b\u1ecf qua.<br>\n<br>\n<strong>C\u00e1ch ch\u00fang t\u00f4i ki\u1ec3m tra s\u00e0n giao d\u1ecbch v\u00e0 h\u1ea1 t\u1ea7ng:<\/strong>\n<ul>\n    <li><strong>Kh\u1edbp l\u1ec7nh th\u1ef1c t\u1ebf:<\/strong> Ch\u00fang t\u00f4i n\u1ea1p v\u1ed1n t\u1ef1 c\u00f3 v\u00e0o c\u00e1c t\u00e0i kho\u1ea3n th\u1eadt \u0111\u1ec3 x\u00e1c minh c\u00e1c \u0111i\u1ec1u ki\u1ec7n giao d\u1ecbch th\u1ef1c t\u1ebf.<\/li>\n    <li><strong>Gi\u00e1m s\u00e1t \u0111\u1ed9 tr\u1ec5:<\/strong> S\u1eed d\u1ee5ng m\u00e1y ch\u1ee7 VPS t\u1ea1i c\u00e1c trung t\u00e2m d\u1eef li\u1ec7u t\u00e0i ch\u00ednh l\u1edbn (nh\u01b0 Equinix NY4 v\u00e0 LD4) \u0111\u1ec3 theo d\u00f5i \u0111\u1ed9 \u1ed5n \u0111\u1ecbnh k\u1ebft n\u1ed1i v\u00e0 gi\u00e1 tr\u1ecb Ping 24\/7.<\/li>\n    <li><strong>Tr\u01b0\u1ee3t gi\u00e1 v\u00e0 Ch\u00eanh l\u1ec7ch (Slippage &amp; Spreads):<\/strong> Ghi l\u1ea1i chi ph\u00ed giao d\u1ecbch trong c\u00e1c s\u1ef1 ki\u1ec7n bi\u1ebfn \u0111\u1ed9ng m\u1ea1nh (nh\u01b0 NFP, FOMC) \u0111\u1ec3 ph\u00e1t hi\u1ec7n c\u00e1c kho\u1ea3n ph\u00ed \u1ea9n ho\u1eb7c tr\u01b0\u1ee3t gi\u00e1 \u00e1c \u00fd.<\/li>\n    <li><strong>Ki\u1ec3m tra r\u00fat ti\u1ec1n:<\/strong> Th\u1eed nghi\u1ec7m quy tr\u00ecnh r\u00fat ti\u1ec1n \u1ea9n danh \u0111\u1ec3 x\u00e1c minh t\u1ed1c \u0111\u1ed9, ph\u00ed \u1ea9n v\u00e0 t\u00ednh ti\u1ec7n l\u1ee3i khi r\u00fat v\u1ed1n.<\/li>\n<\/ul>\n<br>\n<strong>C\u00e1ch ch\u00fang t\u00f4i ki\u1ec3m tra chi\u1ebfn l\u01b0\u1ee3c (EA) v\u00e0 t\u00edn hi\u1ec7u:<\/strong>\n<ul>\n    <li><strong>\u0110\u1ed9 ch\u00ednh x\u00e1c c\u1ee7a d\u1eef li\u1ec7u:<\/strong> T\u1ea5t c\u1ea3 c\u00e1c chi\u1ebfn l\u01b0\u1ee3c thu\u1eadt to\u00e1n \u0111\u1ec1u \u0111\u01b0\u1ee3c backtest b\u1eb1ng d\u1eef li\u1ec7u Tick \u0111\u1ed9 ch\u00ednh x\u00e1c cao \u0111\u1ec3 m\u00f4 ph\u1ecfng m\u00f4i tr\u01b0\u1eddng spread th\u1ef1c t\u1ebf.<\/li>\n    <li><strong>Ki\u1ec3m tra t\u00ednh \u1ed5n \u0111\u1ecbnh:<\/strong> Th\u1ef1c hi\u1ec7n m\u00f4 ph\u1ecfng Monte Carlo v\u00e0 Ph\u00e2n t\u00edch t\u1ecbnh ti\u1ebfn (Walk-forward Analysis) \u0111\u1ec3 \u0111\u1ea3m b\u1ea3o chi\u1ebfn l\u01b0\u1ee3c kh\u00f4ng b\u1ecb kh\u1edbp qu\u00e1 m\u1ee9c (overfitting) v\u1edbi d\u1eef li\u1ec7u l\u1ecbch s\u1eed.<\/li>\n<\/ul>\n<br>\n<h2><strong>2. Quy t\u1eafc bi\u00ean t\u1eadp v\u00e0 T\u00ednh \u0111\u1ed9c l\u1eadp<\/strong><\/h2>\nM\u1ee5c ti\u00eau c\u1ee7a ch\u00fang t\u00f4i l\u00e0 cung c\u1ea5p th\u00f4ng tin kh\u00e1ch quan. \u0110\u1ec3 duy tr\u00ec t\u00ednh ch\u00ednh tr\u1ef1c, ch\u00fang t\u00f4i tu\u00e2n th\u1ee7 nghi\u00eam ng\u1eb7t c\u00e1c quy t\u1eafc bi\u00ean t\u1eadp sau:<br>\n<ul>\n    <li><strong>\u0110\u1ed9c l\u1eadp tuy\u1ec7t \u0111\u1ed1i:<\/strong> \u0110\u1ed9i ng\u0169 bi\u00ean t\u1eadp l\u00e0m vi\u1ec7c \u0111\u1ed9c l\u1eadp v\u1edbi \u0111\u1ed9i ng\u0169 ph\u00e1t tri\u1ec3n kinh doanh. Kh\u00f4ng c\u00f3 s\u00e0n giao d\u1ecbch hay nh\u00e0 cung c\u1ea5p ph\u1ea7n m\u1ec1m n\u00e0o c\u00f3 th\u1ec3 tr\u1ea3 ti\u1ec1n \u0111\u1ec3 g\u00e2y \u1ea3nh h\u01b0\u1edfng \u0111\u1ebfn \u0111i\u1ec3m s\u1ed1 ho\u1eb7c th\u1ee9 h\u1ea1ng c\u1ee7a ch\u00fang t\u00f4i.<\/li>\n    <li><strong>X\u00e1c minh d\u1ef1a tr\u00ean d\u1eef li\u1ec7u:<\/strong> M\u1ecdi tuy\u00ean b\u1ed1 trong b\u00e0i vi\u1ebft \u0111\u1ec1u \u0111\u01b0\u1ee3c \u0111\u1ed1i chi\u1ebfu v\u1edbi c\u01a1 s\u1edf d\u1eef li\u1ec7u c\u1ee7a c\u01a1 quan qu\u1ea3n l\u00fd (nh\u01b0 FCA, ASIC) v\u00e0 d\u1eef li\u1ec7u th\u1eed nghi\u1ec7m n\u1ed9i b\u1ed9.<\/li>\n    <li><strong>C\u01a1 ch\u1ebf ch\u1ec9nh s\u1eeda:<\/strong> Ch\u00fang t\u00f4i cam k\u1ebft t\u00ednh ch\u00ednh x\u00e1c. N\u1ebfu ph\u00e1t hi\u1ec7n sai s\u00f3t, ch\u00fang t\u00f4i s\u1ebd s\u1eeda \u0111\u1ed5i ngay l\u1eadp t\u1ee9c v\u00e0 \u0111\u00e1nh d\u1ea5u ng\u00e0y c\u1eadp nh\u1eadt r\u00f5 r\u00e0ng.<\/li>\n    <li><strong>V\u0103n phong kh\u00e1ch quan:<\/strong> Tr\u00e1nh c\u00e1c c\u00e1ch di\u1ec5n \u0111\u1ea1t c\u01b0\u1eddng \u0111i\u1ec7u. Ch\u00fang t\u00f4i tr\u00ecnh b\u00e0y r\u1ee7i ro m\u1ed9t c\u00e1ch r\u00f5 r\u00e0ng t\u01b0\u01a1ng t\u1ef1 nh\u01b0 l\u1ee3i nhu\u1eadn ti\u1ec1m n\u0103ng.<\/li>\n<\/ul>\n<br>\n<h2><strong>3. C\u00f4ng khai Qu\u1ea3ng c\u00e1o v\u00e0 Ti\u1ebfp th\u1ecb li\u00ean k\u1ebft<\/strong><\/h2>\nS\u1ef1 minh b\u1ea1ch m\u1edf r\u1ed9ng \u0111\u1ebfn c\u1ea3 m\u00f4 h\u00ecnh kinh doanh c\u1ee7a ch\u00fang t\u00f4i. V\u1eadn h\u00e0nh m\u1ed9t ph\u00f2ng nghi\u00ean c\u1ee9u \u0111\u1ecbnh l\u01b0\u1ee3ng \u0111\u00f2i h\u1ecfi chi ph\u00ed cao. \u0110\u1ec3 \u0111\u1ed9c gi\u1ea3 truy c\u1eadp n\u1ed9i dung mi\u1ec5n ph\u00ed, Mr.Forex \u00e1p d\u1ee5ng m\u00f4 h\u00ecnh ti\u1ebfp th\u1ecb li\u00ean k\u1ebft (affiliate).<br>\n<ul>\n    <li><strong>C\u00e1ch th\u1ee9c ho\u1ea1t \u0111\u1ed9ng:<\/strong> M\u1ed9t s\u1ed1 li\u00ean k\u1ebft tr\u00ean trang web l\u00e0 li\u00ean k\u1ebft gi\u1edbi thi\u1ec7u. \u0110i\u1ec1u n\u00e0y c\u00f3 ngh\u0129a l\u00e0 ch\u00fang t\u00f4i c\u00f3 th\u1ec3 nh\u1eadn \u0111\u01b0\u1ee3c hoa h\u1ed3ng n\u1ebfu b\u1ea1n nh\u1ea5p v\u00e0o v\u00e0 mua d\u1ecbch v\u1ee5.<\/li>\n    <li><strong>Kh\u00f4ng ph\u00e1t sinh chi ph\u00ed cho b\u1ea1n:<\/strong> \u0110i\u1ec1u n\u00e0y kh\u00f4ng l\u00e0m t\u0103ng b\u1ea5t k\u1ef3 chi ph\u00ed n\u00e0o cho b\u1ea1n. Trong nhi\u1ec1u tr\u01b0\u1eddng h\u1ee3p, nh\u1edd kh\u1ea3 n\u0103ng \u0111\u00e0m ph\u00e1n, ch\u00fang t\u00f4i c\u00f2n gi\u00e0nh \u0111\u01b0\u1ee3c m\u1ee9c ph\u00ed ho\u1eb7c chi\u1ebft kh\u1ea5u t\u1ed1t h\u01a1n cho \u0111\u1ed9c gi\u1ea3.<\/li>\n    <li><strong>Ch\u00ednh tr\u1ef1c l\u00e0 \u01b0u ti\u00ean:<\/strong> C\u00e1c m\u1ed1i quan h\u1ec7 h\u1ee3p t\u00e1c kh\u00f4ng bao gi\u1edd \u1ea3nh h\u01b0\u1edfng \u0111\u1ebfn \u0111\u00e1nh gi\u00e1 c\u1ee7a ch\u00fang t\u00f4i. N\u1ebfu \u0111\u1ed1i t\u00e1c cung c\u1ea5p d\u1ecbch v\u1ee5 k\u00e9m ch\u1ea5t l\u01b0\u1ee3ng, ch\u00fang t\u00f4i s\u1ebd b\u00e1o c\u00e1o trung th\u1ef1c. Ni\u1ec1m tin c\u1ee7a ng\u01b0\u1eddi d\u00f9ng lu\u00f4n \u0111\u01b0\u1ee3c \u0111\u1eb7t l\u00ean tr\u00ean hoa h\u1ed3ng ng\u1eafn h\u1ea1n.<\/li>\n<\/ul>\n<\/span><\/div>\n\t\t\t\t<div class=\"elementor-element elementor-element-97e0b25 elementor-widget elementor-widget-spacer\" data-id=\"97e0b25\" data-element_type=\"widget\" data-widget_type=\"spacer.default\">\n\t\t\t\t\t\t\t<div class=\"elementor-spacer\">\n\t\t\t<div class=\"elementor-spacer-inner\"><\/div>\n\t\t<\/div>\n\t\t\t\t\t\t<\/div>\n\t\t\t\t\t<\/div>\n\t\t\t\t<\/div>\n\t\t\t\t<\/div>","protected":false},"excerpt":{"rendered":"<p>T\u00ecm hi\u1ec3u c\u00e1ch Mr.Forex x\u00e2y d\u1ef1ng ni\u1ec1m tin. Ch\u00fang t\u00f4i c\u00f4ng khai ph\u01b0\u01a1ng ph\u00e1p \u0111\u00e1nh gi\u00e1, th\u1eed nghi\u1ec7m s\u00e0n v\u1edbi v\u1ed1n th\u1eadt v\u00e0 duy tr\u00ec t\u00ednh \u0111\u1ed9c l\u1eadp bi\u00ean t\u1eadp. Xem c\u00e1c ti\u00eau chu\u1ea9n c\u1ee7a ch\u00fang t\u00f4i \u0111\u1ec3 c\u00f3 th\u00f4ng tin giao d\u1ecbch kh\u00e1ch quan nh\u1ea5t.<\/p>","protected":false},"author":1,"featured_media":4093,"parent":0,"menu_order":0,"comment_status":"closed","ping_status":"closed","template":"","meta":{"footnotes":""},"tags":[],"class_list":["post-61945","page","type-page","status-publish","has-post-thumbnail","hentry"],"rankMath":{"parentDomain":"mister.forex","noFollowDomains":[],"noFollowExcludeDomains":[],"noFollowExternalLinks":false,"featuredImageNotice":"H\u00ecnh \u1ea3nh n\u1ed5i b\u1eadt n\u00ean c\u00f3 k\u00edch th\u01b0\u1edbc \u00edt nh\u1ea5t 200 x 200 pixel \u0111\u1ec3 \u0111\u01b0\u1ee3c Facebook v\u00e0 c\u00e1c trang m\u1ea1ng x\u00e3 h\u1ed9i kh\u00e1c ch\u1ecdn.","pluginReviewed":false,"postSettings":{"linkSuggestions":true,"useFocusKeyword":false},"frontEndScore":false,"postName":"trust-standards","permalinkFormat":"https:\/\/mister.forex\/vi\/%pagename%\/","showLockModifiedDate":true,"assessor":{"focusKeywordLink":"https:\/\/mister.forex\/wp-admin\/edit.php?focus_keyword=%focus_keyword%&post_type=%post_type%","hasTOCPlugin":true,"primaryTaxonomy":false,"serpData":{"title":"","description":"","focusKeywords":"\u4fe1\u4efb\u548c\u6a19\u6e96","pillarContent":false,"canonicalUrl":"","breadcrumbTitle":"","advancedRobots":{"max-snippet":"-1","max-video-preview":false,"max-image-preview":"large"},"facebookTitle":"","facebookDescription":"","facebookImage":"","facebookImageID":"","facebookHasOverlay":false,"facebookImageOverlay":"","facebookAuthor":"","twitterCardType":"","twitterUseFacebook":true,"twitterTitle":"","twitterDescription":"","twitterImage":"","twitterImageID":"","twitterHasOverlay":false,"twitterImageOverlay":"","twitterPlayerUrl":"","twitterPlayerSize":"","twitterPlayerStream":"","twitterPlayerStreamCtype":"","twitterAppDescription":"","twitterAppIphoneName":"","twitterAppIphoneID":"","twitterAppIphoneUrl":"","twitterAppIpadName":"","twitterAppIpadID":"","twitterAppIpadUrl":"","twitterAppGoogleplayName":"","twitterAppGoogleplayID":"","twitterAppGoogleplayUrl":"","twitterAppCountry":"","robots":{"index":true},"twitterAuthor":"t\u00ean ng\u01b0\u1eddi d\u00f9ng","primaryTerm":0,"authorName":"Mr.Forex","titleTemplate":"%title%","descriptionTemplate":"%excerpt%","showScoreFrontend":true,"lockModifiedDate":false},"powerWords":[],"diacritics":{"A":"[\\u0041\\u24B6\\uFF21\\u00C0\\u00C1\\u00C2\\u1EA6\\u1EA4\\u1EAA\\u1EA8\\u00C3\\u0100\\u0102\\u1EB0\\u1EAE\\u1EB4\\u1EB2\\u0226\\u01E0\\u00C4\\u01DE\\u1EA2\\u00C5\\u01FA\\u01CD\\u0200\\u0202\\u1EA0\\u1EAC\\u1EB6\\u1E00\\u0104\\u023A\\u2C6F]","AA":"[\\uA732]","AE":"[\\u00C6\\u01FC\\u01E2]","AO":"[\\uA734]","AU":"[\\uA736]","AV":"[\\uA738\\uA73A]","AY":"[\\uA73C]","B":"[\\u0042\\u24B7\\uFF22\\u1E02\\u1E04\\u1E06\\u0243\\u0182\\u0181]","C":"[\\u0043\\u24B8\\uFF23\\u0106\\u0108\\u010A\\u010C\\u00C7\\u1E08\\u0187\\u023B\\uA73E]","D":"[\\u0044\\u24B9\\uFF24\\u1E0A\\u010E\\u1E0C\\u1E10\\u1E12\\u1E0E\\u0110\\u018B\\u018A\\u0189\\uA779]","DZ":"[\\u01F1\\u01C4]","Dz":"[\\u01F2\\u01C5]","E":"[\\u0045\\u24BA\\uFF25\\u00C8\\u00C9\\u00CA\\u1EC0\\u1EBE\\u1EC4\\u1EC2\\u1EBC\\u0112\\u1E14\\u1E16\\u0114\\u0116\\u00CB\\u1EBA\\u011A\\u0204\\u0206\\u1EB8\\u1EC6\\u0228\\u1E1C\\u0118\\u1E18\\u1E1A\\u0190\\u018E]","F":"[\\u0046\\u24BB\\uFF26\\u1E1E\\u0191\\uA77B]","G":"[\\u0047\\u24BC\\uFF27\\u01F4\\u011C\\u1E20\\u011E\\u0120\\u01E6\\u0122\\u01E4\\u0193\\uA7A0\\uA77D\\uA77E]","H":"[\\u0048\\u24BD\\uFF28\\u0124\\u1E22\\u1E26\\u021E\\u1E24\\u1E28\\u1E2A\\u0126\\u2C67\\u2C75\\uA78D]","I":"[\\u0049\\u24BE\\uFF29\\u00CC\\u00CD\\u00CE\\u0128\\u012A\\u012C\\u0130\\u00CF\\u1E2E\\u1EC8\\u01CF\\u0208\\u020A\\u1ECA\\u012E\\u1E2C\\u0197]","J":"[\\u004A\\u24BF\\uFF2A\\u0134\\u0248]","K":"[\\u004B\\u24C0\\uFF2B\\u1E30\\u01E8\\u1E32\\u0136\\u1E34\\u0198\\u2C69\\uA740\\uA742\\uA744\\uA7A2]","L":"[\\u004C\\u24C1\\uFF2C\\u013F\\u0139\\u013D\\u1E36\\u1E38\\u013B\\u1E3C\\u1E3A\\u0141\\u023D\\u2C62\\u2C60\\uA748\\uA746\\uA780]","LJ":"[\\u01C7]","Lj":"[\\u01C8]","M":"[\\u004D\\u24C2\\uFF2D\\u1E3E\\u1E40\\u1E42\\u2C6E\\u019C]","N":"[\\u004E\\u24C3\\uFF2E\\u01F8\\u0143\\u00D1\\u1E44\\u0147\\u1E46\\u0145\\u1E4A\\u1E48\\u0220\\u019D\\uA790\\uA7A4]","NJ":"[\\u01CA]","Nj":"[\\u01CB]","O":"[\\u004F\\u24C4\\uFF2F\\u00D2\\u00D3\\u00D4\\u1ED2\\u1ED0\\u1ED6\\u1ED4\\u00D5\\u1E4C\\u022C\\u1E4E\\u014C\\u1E50\\u1E52\\u014E\\u022E\\u0230\\u00D6\\u022A\\u1ECE\\u0150\\u01D1\\u020C\\u020E\\u01A0\\u1EDC\\u1EDA\\u1EE0\\u1EDE\\u1EE2\\u1ECC\\u1ED8\\u01EA\\u01EC\\u00D8\\u01FE\\u0186\\u019F\\uA74A\\uA74C]","OI":"[\\u01A2]","OO":"[\\uA74E]","OU":"[\\u0222]","P":"[\\u0050\\u24C5\\uFF30\\u1E54\\u1E56\\u01A4\\u2C63\\uA750\\uA752\\uA754]","Q":"[\\u0051\\u24C6\\uFF31\\uA756\\uA758\\u024A]","R":"[\\u0052\\u24C7\\uFF32\\u0154\\u1E58\\u0158\\u0210\\u0212\\u1E5A\\u1E5C\\u0156\\u1E5E\\u024C\\u2C64\\uA75A\\uA7A6\\uA782]","S":"[\\u0053\\u24C8\\uFF33\\u1E9E\\u015A\\u1E64\\u015C\\u1E60\\u0160\\u1E66\\u1E62\\u1E68\\u0218\\u015E\\u2C7E\\uA7A8\\uA784]","T":"[\\u0054\\u24C9\\uFF34\\u1E6A\\u0164\\u1E6C\\u021A\\u0162\\u1E70\\u1E6E\\u0166\\u01AC\\u01AE\\u023E\\uA786]","TZ":"[\\uA728]","U":"[\\u0055\\u24CA\\uFF35\\u00D9\\u00DA\\u00DB\\u0168\\u1E78\\u016A\\u1E7A\\u016C\\u00DC\\u01DB\\u01D7\\u01D5\\u01D9\\u1EE6\\u016E\\u0170\\u01D3\\u0214\\u0216\\u01AF\\u1EEA\\u1EE8\\u1EEE\\u1EEC\\u1EF0\\u1EE4\\u1E72\\u0172\\u1E76\\u1E74\\u0244]","V":"[\\u0056\\u24CB\\uFF36\\u1E7C\\u1E7E\\u01B2\\uA75E\\u0245]","VY":"[\\uA760]","W":"[\\u0057\\u24CC\\uFF37\\u1E80\\u1E82\\u0174\\u1E86\\u1E84\\u1E88\\u2C72]","X":"[\\u0058\\u24CD\\uFF38\\u1E8A\\u1E8C]","Y":"[\\u0059\\u24CE\\uFF39\\u1EF2\\u00DD\\u0176\\u1EF8\\u0232\\u1E8E\\u0178\\u1EF6\\u1EF4\\u01B3\\u024E\\u1EFE]","Z":"[\\u005A\\u24CF\\uFF3A\\u0179\\u1E90\\u017B\\u017D\\u1E92\\u1E94\\u01B5\\u0224\\u2C7F\\u2C6B\\uA762]","a":"[\\u0061\\u24D0\\uFF41\\u1E9A\\u00E0\\u00E1\\u00E2\\u1EA7\\u1EA5\\u1EAB\\u1EA9\\u00E3\\u0101\\u0103\\u1EB1\\u1EAF\\u1EB5\\u1EB3\\u0227\\u01E1\\u00E4\\u01DF\\u1EA3\\u00E5\\u01FB\\u01CE\\u0201\\u0203\\u1EA1\\u1EAD\\u1EB7\\u1E01\\u0105\\u2C65\\u0250]","aa":"[\\uA733]","ae":"[\\u00E6\\u01FD\\u01E3]","ao":"[\\uA735]","au":"[\\uA737]","av":"[\\uA739\\uA73B]","ay":"[\\uA73D]","b":"[\\u0062\\u24D1\\uFF42\\u1E03\\u1E05\\u1E07\\u0180\\u0183\\u0253]","c":"[\\u0063\\u24D2\\uFF43\\u0107\\u0109\\u010B\\u010D\\u00E7\\u1E09\\u0188\\u023C\\uA73F\\u2184]","d":"[\\u0064\\u24D3\\uFF44\\u1E0B\\u010F\\u1E0D\\u1E11\\u1E13\\u1E0F\\u0111\\u018C\\u0256\\u0257\\uA77A]","dz":"[\\u01F3\\u01C6]","e":"[\\u0065\\u24D4\\uFF45\\u00E8\\u00E9\\u00EA\\u1EC1\\u1EBF\\u1EC5\\u1EC3\\u1EBD\\u0113\\u1E15\\u1E17\\u0115\\u0117\\u00EB\\u1EBB\\u011B\\u0205\\u0207\\u1EB9\\u1EC7\\u0229\\u1E1D\\u0119\\u1E19\\u1E1B\\u0247\\u025B\\u01DD]","f":"[\\u0066\\u24D5\\uFF46\\u1E1F\\u0192\\uA77C]","g":"[\\u0067\\u24D6\\uFF47\\u01F5\\u011D\\u1E21\\u011F\\u0121\\u01E7\\u0123\\u01E5\\u0260\\uA7A1\\u1D79\\uA77F]","h":"[\\u0068\\u24D7\\uFF48\\u0125\\u1E23\\u1E27\\u021F\\u1E25\\u1E29\\u1E2B\\u1E96\\u0127\\u2C68\\u2C76\\u0265]","hv":"[\\u0195]","i":"[\\u0069\\u24D8\\uFF49\\u00EC\\u00ED\\u00EE\\u0129\\u012B\\u012D\\u00EF\\u1E2F\\u1EC9\\u01D0\\u0209\\u020B\\u1ECB\\u012F\\u1E2D\\u0268\\u0131]","j":"[\\u006A\\u24D9\\uFF4A\\u0135\\u01F0\\u0249]","k":"[\\u006B\\u24DA\\uFF4B\\u1E31\\u01E9\\u1E33\\u0137\\u1E35\\u0199\\u2C6A\\uA741\\uA743\\uA745\\uA7A3]","l":"[\\u006C\\u24DB\\uFF4C\\u0140\\u013A\\u013E\\u1E37\\u1E39\\u013C\\u1E3D\\u1E3B\\u017F\\u0142\\u019A\\u026B\\u2C61\\uA749\\uA781\\uA747]","lj":"[\\u01C9]","m":"[\\u006D\\u24DC\\uFF4D\\u1E3F\\u1E41\\u1E43\\u0271\\u026F]","n":"[\\u006E\\u24DD\\uFF4E\\u01F9\\u0144\\u00F1\\u1E45\\u0148\\u1E47\\u0146\\u1E4B\\u1E49\\u019E\\u0272\\u0149\\uA791\\uA7A5]","nj":"[\\u01CC]","o":"[\\u006F\\u24DE\\uFF4F\\u00F2\\u00F3\\u00F4\\u1ED3\\u1ED1\\u1ED7\\u1ED5\\u00F5\\u1E4D\\u022D\\u1E4F\\u014D\\u1E51\\u1E53\\u014F\\u022F\\u0231\\u00F6\\u022B\\u1ECF\\u0151\\u01D2\\u020D\\u020F\\u01A1\\u1EDD\\u1EDB\\u1EE1\\u1EDF\\u1EE3\\u1ECD\\u1ED9\\u01EB\\u01ED\\u00F8\\u01FF\\u0254\\uA74B\\uA74D\\u0275]","oi":"[\\u01A3]","ou":"[\\u0223]","oo":"[\\uA74F]","p":"[\\u0070\\u24DF\\uFF50\\u1E55\\u1E57\\u01A5\\u1D7D\\uA751\\uA753\\uA755]","q":"[\\u0071\\u24E0\\uFF51\\u024B\\uA757\\uA759]","r":"[\\u0072\\u24E1\\uFF52\\u0155\\u1E59\\u0159\\u0211\\u0213\\u1E5B\\u1E5D\\u0157\\u1E5F\\u024D\\u027D\\uA75B\\uA7A7\\uA783]","s":"[\\u0073\\u24E2\\uFF53\\u015B\\u1E65\\u015D\\u1E61\\u0161\\u1E67\\u1E63\\u1E69\\u0219\\u015F\\u023F\\uA7A9\\uA785\\u1E9B]","ss":"[\\u00DF]","t":"[\\u0074\\u24E3\\uFF54\\u1E6B\\u1E97\\u0165\\u1E6D\\u021B\\u0163\\u1E71\\u1E6F\\u0167\\u01AD\\u0288\\u2C66\\uA787]","tz":"[\\uA729]","u":"[\\u0075\\u24E4\\uFF55\\u00F9\\u00FA\\u00FB\\u0169\\u1E79\\u016B\\u1E7B\\u016D\\u00FC\\u01DC\\u01D8\\u01D6\\u01DA\\u1EE7\\u016F\\u0171\\u01D4\\u0215\\u0217\\u01B0\\u1EEB\\u1EE9\\u1EEF\\u1EED\\u1EF1\\u1EE5\\u1E73\\u0173\\u1E77\\u1E75\\u0289]","v":"[\\u0076\\u24E5\\uFF56\\u1E7D\\u1E7F\\u028B\\uA75F\\u028C]","vy":"[\\uA761]","w":"[\\u0077\\u24E6\\uFF57\\u1E81\\u1E83\\u0175\\u1E87\\u1E85\\u1E98\\u1E89\\u2C73]","x":"[\\u0078\\u24E7\\uFF58\\u1E8B\\u1E8D]","y":"[\\u0079\\u24E8\\uFF59\\u1EF3\\u00FD\\u0177\\u1EF9\\u0233\\u1E8F\\u00FF\\u1EF7\\u1E99\\u1EF5\\u01B4\\u024F\\u1EFF]","z":"[\\u007A\\u24E9\\uFF5A\\u017A\\u1E91\\u017C\\u017E\\u1E93\\u1E95\\u01B6\\u0225\\u0240\\u2C6C\\uA763]"},"researchesTests":["contentHasTOC","contentHasShortParagraphs","contentHasAssets","keywordInTitle","keywordInMetaDescription","keywordInPermalink","keywordIn10Percent","keywordInContent","keywordInSubheadings","keywordInImageAlt","keywordDensity","keywordNotUsed","lengthContent","lengthPermalink","linksHasInternal","linksHasExternals","linksNotAllExternals","titleStartWithKeyword","titleSentiment","titleHasPowerWords","titleHasNumber","hasContentAI"],"hasRedirection":true,"hasBreadcrumb":true},"homeUrl":"https:\/\/mister.forex\/vi","objectID":61945,"objectType":"post","locale":"vi","localeFull":"vi","overlayImages":{"play":{"name":"Bi\u1ec3u t\u01b0\u1ee3ng ph\u00e1t","url":"https:\/\/mister.forex\/wp-content\/plugins\/seo-by-rank-math\/assets\/admin\/img\/icon-play.png","path":"C:\\Apache24\\htdocs\\wp-content\\plugins\\seo-by-rank-math\/assets\/admin\/img\/icon-play.png","position":"middle_center"},"gif":{"name":"Bi\u1ec3u t\u01b0\u1ee3ng GIF","url":"https:\/\/mister.forex\/wp-content\/plugins\/seo-by-rank-math\/assets\/admin\/img\/icon-gif.png","path":"C:\\Apache24\\htdocs\\wp-content\\plugins\\seo-by-rank-math\/assets\/admin\/img\/icon-gif.png","position":"middle_center"}},"defautOgImage":"https:\/\/mister.forex\/wp-content\/uploads\/2024\/09\/Mr-Forex-LV-Deep-Blue.webp","customPermalinks":true,"isUserRegistered":true,"autoSuggestKeywords":true,"connectSiteUrl":"https:\/\/rankmath.com\/auth?site=https%3A%2F%2Fmister.forex%2Fvi&r=https%3A%2F%2Fmister.forex%2Fvi%2Fwp-json%2Fwp%2Fv2%2Fpages%2F61945%3Fnonce%3D9f3b19c145&pro=1","maxTags":100,"trendsIcon":"<svg viewBox=\"0 0 610 610\"><path d=\"M18.85,446,174.32,290.48l58.08,58.08L76.93,504a14.54,14.54,0,0,1-20.55,0L18.83,466.48a14.54,14.54,0,0,1,0-20.55Z\" style=\"fill:#4285f4\"\/><path d=\"M242.65,242.66,377.59,377.6l-47.75,47.75a14.54,14.54,0,0,1-20.55,0L174.37,290.43l47.75-47.75A14.52,14.52,0,0,1,242.65,242.66Z\" style=\"fill:#ea4335\"\/><polygon points=\"319.53 319.53 479.26 159.8 537.34 217.88 377.61 377.62 319.53 319.53\" style=\"fill:#fabb05\"\/><path d=\"M594.26,262.73V118.61h0a16.94,16.94,0,0,0-16.94-16.94H433.2a16.94,16.94,0,0,0-12,28.92L565.34,274.71h0a16.94,16.94,0,0,0,28.92-12Z\" style=\"fill:#34a853\"\/><rect width=\"610\" height=\"610\" style=\"fill:none\"\/><\/svg>","showScore":true,"siteFavIcon":"https:\/\/mister.forex\/wp-content\/uploads\/2024\/09\/mr-forex-logo-144x144-1-100x100.webp","canUser":{"general":false,"advanced":false,"snippet":false,"social":false,"analysis":false,"analytics":false,"content_ai":false},"showKeywordIntent":true,"isPro":true,"is_front_page":false,"trendsUpgradeLink":"https:\/\/rankmath.com\/pricing\/?utm_source=Plugin&utm_medium=CE%20General%20Tab%20Trends&utm_campaign=WP","trendsUpgradeLabel":"N\u00e2ng c\u1ea5p","trendsPreviewImage":"https:\/\/mister.forex\/wp-content\/plugins\/seo-by-rank-math\/assets\/admin\/img\/trends-preview.jpg","currentEditor":false,"homepageData":{"assessor":{"powerWords":[],"diacritics":true,"researchesTests":["contentHasTOC","contentHasShortParagraphs","contentHasAssets","keywordInTitle","keywordInMetaDescription","keywordInPermalink","keywordIn10Percent","keywordInContent","keywordInSubheadings","keywordInImageAlt","keywordDensity","keywordNotUsed","lengthContent","lengthPermalink","linksHasInternal","linksHasExternals","linksNotAllExternals","titleStartWithKeyword","titleSentiment","titleHasPowerWords","titleHasNumber","hasContentAI"],"hasBreadcrumb":true,"serpData":{"title":"%sitename% %page% %sep% %sitedesc%","description":"","titleTemplate":"%sitename% %page% %sep% %sitedesc%","descriptionTemplate":"","focusKeywords":"","breadcrumbTitle":"Home","robots":{"index":true},"advancedRobots":{"max-snippet":"-1","max-video-preview":false,"max-image-preview":"large"},"facebookTitle":"","facebookDescription":"","facebookImage":"","facebookImageID":""}}},"searchIntents":[],"isAnalyticsConnected":true,"tocTitle":"Table of Contents","tocExcludeHeadings":[],"listStyle":"ul"},"_links":{"self":[{"href":"https:\/\/mister.forex\/vi\/wp-json\/wp\/v2\/pages\/61945","targetHints":{"allow":["GET"]}}],"collection":[{"href":"https:\/\/mister.forex\/vi\/wp-json\/wp\/v2\/pages"}],"about":[{"href":"https:\/\/mister.forex\/vi\/wp-json\/wp\/v2\/types\/page"}],"author":[{"embeddable":true,"href":"https:\/\/mister.forex\/vi\/wp-json\/wp\/v2\/users\/1"}],"replies":[{"embeddable":true,"href":"https:\/\/mister.forex\/vi\/wp-json\/wp\/v2\/comments?post=61945"}],"version-history":[{"count":21,"href":"https:\/\/mister.forex\/vi\/wp-json\/wp\/v2\/pages\/61945\/revisions"}],"predecessor-version":[{"id":69558,"href":"https:\/\/mister.forex\/vi\/wp-json\/wp\/v2\/pages\/61945\/revisions\/69558"}],"wp:featuredmedia":[{"embeddable":true,"href":"https:\/\/mister.forex\/vi\/wp-json\/wp\/v2\/media\/4093"}],"wp:attachment":[{"href":"https:\/\/mister.forex\/vi\/wp-json\/wp\/v2\/media?parent=61945"}],"wp:term":[{"taxonomy":"post_tag","embeddable":true,"href":"https:\/\/mister.forex\/vi\/wp-json\/wp\/v2\/tags?post=61945"}],"curies":[{"name":"wp","href":"https:\/\/api.w.org\/{rel}","templated":true}]}}