{"id":65849,"date":"2026-02-02T21:45:19","date_gmt":"2026-02-02T13:45:19","guid":{"rendered":"https:\/\/mister.forex\/?page_id=65849"},"modified":"2026-05-06T13:46:02","modified_gmt":"2026-05-06T05:46:02","slug":"trading-psychology-fomo-revenge-trading","status":"publish","type":"page","link":"https:\/\/mister.forex\/vi\/trading-psychology-fomo-revenge-trading\/","title":{"rendered":"Kh\u00f3 ki\u1ec3m so\u00e1t t\u00e2m l\u00fd? C\u1ea9m nang th\u1ef1c chi\u1ebfn t\u00e2m l\u00fd giao d\u1ecbch: V\u01b0\u1ee3t qua FOMO v\u00e0 Giao d\u1ecbch tr\u1ea3 th\u00f9 | Mr.Forex"},"content":{"rendered":"<div data-elementor-type=\"wp-page\" data-elementor-id=\"65849\" class=\"elementor elementor-65849\" data-elementor-post-type=\"page\">\n\t\t\t\t<div class=\"elementor-element elementor-element-a1167b8 e-flex e-con-boxed e-con e-parent\" data-id=\"a1167b8\" data-element_type=\"container\">\n\t\t\t\t\t<div class=\"e-con-inner\">\n\t\t\t\t<div class=\"elementor-element elementor-element-9717d53 elementor-widget elementor-widget-heading\" data-id=\"9717d53\" data-element_type=\"widget\" data-widget_type=\"heading.default\">\n\t\t\t\t\t<h1 class=\"elementor-heading-title elementor-size-default\">\u0110\u1ed1i m\u1eb7t v\u1edbi \"t\u00e2m ma\" giao d\u1ecbch: R\u00e8n luy\u1ec7n t\u00e2m l\u00fd t\u1eeb \u0111i\u1ec3m y\u1ebfu con ng\u01b0\u1eddi \u0111\u1ebfn k\u1ef7 lu\u1eadt ng\u01b0\u1eddi chi\u1ebfn th\u1eafng<\/h1>\t\t\t\t<\/div>\n\t\t\t\t<div class=\"elementor-element elementor-element-5fb828c elementor-widget elementor-widget-html\" data-id=\"5fb828c\" data-element_type=\"widget\" data-widget_type=\"html.default\">\n\t\t\t\t\tChi\u1ebfn th\u1eafng xung \u0111\u1ed9t n\u1ed9i t\u00e2m, \u0111\u01b0a giao d\u1ecbch c\u1ee7a b\u1ea1n tr\u1edf l\u1ea1i s\u1ef1 l\u00fd tr\u00ed.\t\t\t\t<\/div>\n\t\t\t\t<div class=\"elementor-element elementor-element-41b6375 elementor-widget elementor-widget-html translation-block\" data-id=\"41b6375\" data-element_type=\"widget\" data-widget_type=\"html.default\">T\u00e1c gi\u1ea3: <strong>Mr.Forex<\/strong><\/div>\n\t\t\t\t<div class=\"elementor-element elementor-element-13b62b5 elementor-widget elementor-widget-html translation-block\" data-id=\"13b62b5\" data-element_type=\"widget\" data-widget_type=\"html.default\"><span>\n<h2><strong>L\u1eddi m\u1edf \u0111\u1ea7u: K\u1ebb th\u00f9 l\u1edbn nh\u1ea5t l\u00e0 ch\u00ednh b\u1ea1n<\/strong><\/h2>\nC\u00f3 m\u1ed9t c\u00e2u n\u00f3i n\u1ed5i ti\u1ebfng tr\u00ean Ph\u1ed1 Wall: \"Giao d\u1ecbch th\u00e0nh c\u00f4ng bao g\u1ed3m 10% k\u1ef9 thu\u1eadt, 30% qu\u1ea3n l\u00fd v\u1ed1n v\u00e0 <strong>60% l\u00e0 t\u00e2m l\u00fd<\/strong>.\"<br><br>\n\nB\u1ea1n c\u00f3 th\u1ec3 \u0111\u00e3 thu\u1ed9c l\u00f2ng bi\u1ec3u \u0111\u1ed3 n\u1ebfn, c\u0169ng \u0111\u00e3 thi\u1ebft l\u1eadp m\u1ee9c d\u1eebng l\u1ed7 2%. Nh\u01b0ng trong th\u1ef1c chi\u1ebfn, khi nh\u00ecn th\u1ea5y s\u1ed1 d\u01b0 t\u00e0i kho\u1ea3n bi\u1ebfn \u0111\u1ed9ng theo t\u1eebng nh\u1ecbp th\u1ecb tr\u01b0\u1eddng, n\u00e3o b\u1ed9 s\u1ebd ti\u1ebft ra dopamine v\u00e0 cortisol, l\u00fac n\u00e0y s\u1ef1 l\u00fd tr\u00ed th\u01b0\u1eddng s\u1ebd b\u1ecb ng\u1eaft k\u1ebft n\u1ed1i ngay l\u1eadp t\u1ee9c.<br>\n\n<ul>\n\u00a0 <li>L\u1ebd ra ph\u1ea3i c\u1eaft l\u1ed7, nh\u01b0ng l\u1ea1i \u00f4m t\u00e2m l\u00fd c\u1ea7u may \"ch\u1eafc n\u00f3 s\u1ebd h\u1ed3i l\u1ea1i th\u00f4i\", k\u1ebft qu\u1ea3 l\u00e0 ch\u00e1y t\u00e0i kho\u1ea3n \u0111\u1ea7y \u0111\u00e1ng ti\u1ebfc.<\/li>\n\u00a0 <li>L\u1ebd ra n\u00ean v\u00e0o l\u1ec7nh, nh\u01b0ng v\u00ec s\u1ee3 thua l\u1ed7 m\u00e0 ch\u1ea7n ch\u1eeb, cu\u1ed1i c\u00f9ng tr\u01a1 m\u1eaft nh\u00ecn l\u1ee1 m\u1ea5t con s\u00f3ng l\u1edbn.<\/li>\n\u00a0 <li>V\u1eeba m\u1edbi thua m\u1ed9t l\u1ec7nh, v\u00ec v\u1ed9i v\u00e0ng mu\u1ed1n g\u1ee1 v\u1ed1n m\u00e0 nh\u1ed3i th\u00eam l\u1ec7nh m\u00f9 qu\u00e1ng, k\u1ebft qu\u1ea3 r\u01a1i v\u00e0o v\u00f2ng xo\u00e1y thua l\u1ed7 c\u00e0ng n\u1eb7ng n\u1ec1 h\u01a1n.<\/li>\n<\/ul><br>\n\n\u0110\u00e2y kh\u00f4ng ph\u1ea3i l\u00e0 do k\u1ef9 thu\u1eadt c\u1ee7a b\u1ea1n k\u00e9m, m\u00e0 l\u00e0 do nh\u1eefng \"t\u00e2m ma (Psychological Demons)\" \u0111ang qu\u1ea5y nhi\u1ec5u. Ch\u01b0\u01a1ng n\u00e0y s\u1ebd gi\u00fap b\u1ea1n \u0111\u1ed1i m\u1eb7t tr\u1ef1c ti\u1ebfp v\u1edbi nh\u1eefng \u0111i\u1ec3m y\u1ebfu c\u1ee7a con ng\u01b0\u1eddi v\u00e0 cung c\u1ea5p c\u00e1c gi\u1ea3i ph\u00e1p c\u1ee5 th\u1ec3.<br><br>\n\n<h2><strong>1. H\u1ed9i ch\u1ee9ng s\u1ee3 b\u1ecf l\u1ee1 (FOMO)<\/strong><\/h2>\n\n<h3><strong>\ud83d\ude30 Tri\u1ec7u ch\u1ee9ng:<\/strong><\/h3>\nTh\u1ea5y th\u1ecb tr\u01b0\u1eddng b\u1ea5t ng\u1edd t\u0103ng m\u1ea1nh ho\u1eb7c gi\u1ea3m s\u00e2u, m\u1eb7c d\u00f9 c\u00e1c ch\u1ec9 b\u00e1o ch\u01b0a c\u00f3 t\u00edn hi\u1ec7u v\u00e0 n\u1ebfn ch\u01b0a \u0111\u00f3ng c\u1eeda, nh\u01b0ng v\u00ec s\u1ee3 \"l\u1ee1 m\u1ea5t chuy\u1ebfn t\u00e0u n\u00e0y\", b\u1ea1n m\u1ea5t b\u00ecnh t\u0129nh v\u00e0 lao v\u00e0o \u0111u\u1ed5i gi\u00e1 ngay l\u1eadp t\u1ee9c.<br><br>\n\n<h3><strong>\ud83e\udde0 C\u01a1 ch\u1ebf t\u00e2m l\u00fd:<\/strong><\/h3>\n\u0110\u00e2y l\u00e0 b\u1ea3n n\u0103ng sinh t\u1ed3n nguy\u00ean th\u1ee7y c\u1ee7a con ng\u01b0\u1eddi \u2013 khi th\u1ea5y ng\u01b0\u1eddi kh\u00e1c \u0111ang \"\u0103n th\u1ecbt\", b\u1ea1n s\u1ee3 m\u00ecnh s\u1ebd b\u1ecb b\u1ecf \u0111\u00f3i. Nh\u01b0ng tr\u00ean th\u1ecb tr\u01b0\u1eddng giao d\u1ecbch, b\u1ea3n n\u0103ng n\u00e0y th\u01b0\u1eddng khi\u1ebfn b\u1ea1n \"mua \u0111\u1ec9nh, b\u00e1n \u0111\u00e1y\".<br><br>\n\n<h3><strong>\ud83d\udc8a Gi\u1ea3i ph\u00e1p: \u0110\u1ee3i chuy\u1ebfn xe ti\u1ebfp theo<\/strong><\/h3>\n<ul>\n\u00a0 <li><strong>L\u00fd thuy\u1ebft xe bu\u00fdt:<\/strong> Th\u1ecb tr\u01b0\u1eddng gi\u1ed1ng nh\u01b0 m\u1ed9t chuy\u1ebfn xe bu\u00fdt, l\u1ee1 chuy\u1ebfn n\u00e0y ch\u1eafc ch\u1eafn s\u1ebd c\u00f3 chuy\u1ebfn sau; v\u00e0 th\u01b0\u1eddng chuy\u1ebfn sau s\u1ebd c\u00f3 v\u1ecb tr\u00ed t\u1ed1t h\u01a1n (\u0111i\u1ec3m v\u00e0o l\u1ec7nh \u0111\u1eb9p h\u01a1n).<\/li>\n\u00a0 <li><strong>K\u1ef7 lu\u1eadt nghi\u00eam ng\u1eb7t:<\/strong> \u00c9p bu\u1ed9c b\u1ea3n th\u00e2n tu\u00e2n th\u1ee7 Quy tr\u00ecnh v\u1eadn h\u00e0nh ti\u00eau chu\u1ea9n (SOP). Ch\u1ec9 c\u1ea7n \u0111i\u1ec1u ki\u1ec7n ch\u01b0a th\u1ecfa m\u00e3n (v\u00ed d\u1ee5 ch\u1ec9 b\u00e1o KD ch\u01b0a giao c\u1eaft), cho d\u00f9 gi\u00e1 c\u00f3 t\u0103ng v\u1ecdt l\u00ean m\u1eb7t tr\u0103ng c\u0169ng kh\u00f4ng li\u00ean quan \u0111\u1ebfn b\u1ea1n, v\u00ec \u0111\u00f3 kh\u00f4ng ph\u1ea3i l\u00e0 \"s\u1ed1 ti\u1ec1n n\u00ean ki\u1ebfm\".<\/li>\n<\/ul><br>\n\n<h2><strong>2. Giao d\u1ecbch tr\u1ea3 th\u00f9 (Revenge Trading)<\/strong><\/h2>\n<h3><strong>\ud83d\ude21 Tri\u1ec7u ch\u1ee9ng:<\/strong><\/h3>\nKhi v\u1eeba b\u1ecb d\u1eebng l\u1ed7, b\u1ea1n c\u1ea3m th\u1ea5y kh\u00f4ng ph\u1ee5c, cho r\u1eb1ng th\u1ecb tr\u01b0\u1eddng \u0111ang nh\u1eafm v\u00e0o m\u00ecnh, n\u00ean l\u1eadp t\u1ee9c m\u1edf l\u1ec7nh ng\u01b0\u1ee3c l\u1ea1i, th\u1eadm ch\u00ed vi ph\u1ea1m quy t\u1eafc \u0111\u1ec3 nh\u1ed3i th\u00eam l\u1ec7nh (Martingale), c\u1ed1 g\u1eafng \"g\u1ee1 l\u1ea1i nh\u1eefng g\u00ec v\u1eeba m\u1ea5t\".<br><br>\n\n<h3><strong>\ud83e\udde0 C\u01a1 ch\u1ebf t\u00e2m l\u00fd:<\/strong><\/h3>\n\u0110\u00e2y l\u00e0 \"ng\u1ee5y bi\u1ec7n con b\u1ea1c\" \u0111i\u1ec3n h\u00ecnh. Khi l\u00f2ng t\u1ef1 tr\u1ecdng b\u1ecb t\u1ed5n th\u01b0\u01a1ng, n\u00e3o b\u1ed9 s\u1ebd \u0111\u00f3ng v\u00f9ng ph\u00e2n t\u00edch l\u00fd tr\u00ed v\u00e0 chuy\u1ec3n sang \"ch\u1ebf \u0111\u1ed9 chi\u1ebfn \u0111\u1ea5u\". L\u00fac n\u00e0y b\u1ea1n kh\u00f4ng ph\u1ea3i \u0111ang giao d\u1ecbch, m\u00e0 l\u00e0 \u0111ang \"cay c\u00fa\" v\u1edbi th\u1ecb tr\u01b0\u1eddng.<br><br>\n\n<h3><strong>\ud83d\udc8a Gi\u1ea3i ph\u00e1p: Ng\u1eaft m\u1ea1ch c\u1ea3m x\u00fac (Circuit Breaker)<\/strong><\/h3>\n<ul>\n\u00a0 <li><strong>Quy \u0111\u1ecbnh c\u1ee9ng:<\/strong> Ch\u1ec9 c\u1ea7n thua l\u1ed7 li\u00ean ti\u1ebfp 2 l\u1ec7nh, <strong>b\u1eaft bu\u1ed9c t\u1eaft m\u00e1y t\u00ednh v\u00e0 \u0111i\u1ec7n tho\u1ea1i trong ng\u00e0y<\/strong>. R\u1eddi kh\u1ecfi m\u00e0n h\u00ecnh \u0111i r\u1eeda m\u1eb7t, \u0111i d\u1ea1o \u0111\u1ec3 c\u1eaft \u0111\u1ee9t chu\u1ed7i c\u1ea3m x\u00fac ti\u00eau c\u1ef1c.<\/li>\n\u00a0 <li><strong>Thay \u0111\u1ed5i t\u01b0 duy:<\/strong> Ch\u1ea5p nh\u1eadn thua l\u1ed7 l\u00e0 m\u1ed9t ph\u1ea7n c\u1ee7a chi ph\u00ed giao d\u1ecbch. Gi\u1ed1ng nh\u01b0 m\u1edf nh\u00e0 h\u00e0ng ph\u1ea3i tr\u1ea3 ti\u1ec1n \u0111i\u1ec7n n\u01b0\u1edbc, d\u1eebng l\u1ed7 ch\u00ednh l\u00e0 <strong>\"chi ph\u00ed v\u1eadn h\u00e0nh\"<\/strong> c\u1ee7a b\u1ea1n. Kh\u00f4ng ai v\u00ec ph\u1ea3i tr\u1ea3 ti\u1ec1n \u0111i\u1ec7n m\u00e0 t\u1ee9c gi\u1eadn mu\u1ed1n \u0111\u1eadp ph\u00e1 c\u00f4ng ty \u0111i\u1ec7n l\u1ef1c c\u1ea3.<\/li>\n<\/ul><br>\n\n<h2><strong>3. Do d\u1ef1 v\u00e0 \u0111\u00f3ng b\u0103ng (T\u00ea li\u1ec7t ph\u00e2n t\u00edch)<\/strong><\/h2>\n<h3><strong>\ud83e\udd76 Tri\u1ec7u ch\u1ee9ng:<\/strong><\/h3>\nB\u1ea1n \u0111\u00e3 ph\u00e2n t\u00edch r\u1ea5t nhi\u1ec1u, v\u1ebd v\u00f4 s\u1ed1 \u0111\u01b0\u1eddng xu h\u01b0\u1edbng, nh\u01b0ng khi t\u00edn hi\u1ec7u v\u00e0o l\u1ec7nh ho\u00e0n h\u1ea3o xu\u1ea5t hi\u1ec7n, b\u1ea1n l\u1ea1i kh\u00f4ng d\u00e1m nh\u1ea5n chu\u1ed9t v\u00ec s\u1ee3 thua l\u1ed7 l\u1ea7n n\u1eefa. \u0110\u1ee3i \u0111\u1ebfn khi gi\u00e1 b\u00f9ng n\u1ed5, b\u1ea1n m\u1edbi r\u01a1i v\u00e0o n\u1ed7i \u0111au h\u1ed1i h\u1eadn mu\u1ed9n m\u00e0ng.<br><br>\n\n<h3><strong>\ud83e\udde0 C\u01a1 ch\u1ebf t\u00e2m l\u00fd:<\/strong><\/h3>\n\u0110\u00e2y l\u00e0 n\u1ed7i s\u1ee3 h\u00e3i c\u1ef1c \u0111\u1ed9 tr\u01b0\u1edbc s\u1ef1 \"kh\u00f4ng ch\u1eafc ch\u1eafn\". B\u1ea1n c\u1ed1 g\u1eafng t\u00ecm ki\u1ebfm c\u01a1 h\u1ed9i th\u1eafng 100% tr\u00ean th\u1ecb tr\u01b0\u1eddng, nh\u01b0ng b\u1ea3n ch\u1ea5t c\u1ee7a giao d\u1ecbch lu\u00f4n l\u00e0 m\u1ed9t tr\u00f2 ch\u01a1i x\u00e1c su\u1ea5t.<br><br>\n\n<h3><strong>\ud83d\udc8a Gi\u1ea3i ph\u00e1p: Th\u1eed sai v\u1edbi kh\u1ed1i l\u01b0\u1ee3ng nh\u1ecf<\/strong><\/h3>\n<ul>\n\u00a0 <li><strong>Gi\u1ea3m kh\u1ed1i l\u01b0\u1ee3ng:<\/strong> N\u1ebfu s\u1ee3 thua, h\u00e3y gi\u1ea3m s\u1ed1 l\u00f4 xu\u1ed1ng m\u1ee9c t\u1ed1i thi\u1ec3u (v\u00ed d\u1ee5 0.01 lot). \u0110i\u1ec1u n\u00e0y gi\u00fap gi\u1ea3m b\u1edbt \u00e1p l\u1ef1c t\u00e2m l\u00fd v\u00e0 gi\u00fap b\u1ea1n kh\u00f4i ph\u1ee5c kh\u1ea3 n\u0103ng th\u1ef1c thi.<\/li>\n\u00a0 <li><strong>Thay \u0111\u1ed5i t\u01b0 duy:<\/strong> \u0110\u1eebng b\u1eadn t\u00e2m v\u00e0o vi\u1ec7c \"l\u1ec7nh n\u00e0y nh\u1ea5t \u0111\u1ecbnh ph\u1ea3i c\u00f3 ti\u1ec1n\", m\u00e0 h\u00e3y t\u1eadp trung v\u00e0o vi\u1ec7c <strong>\"t\u00f4i \u0111\u00e3 tu\u00e2n th\u1ee7 quy t\u1eafc giao d\u1ecbch ch\u01b0a\"<\/strong>. Ch\u1ec9 c\u1ea7n \u0111\u00fang quy t\u1eafc, d\u00f9 thua l\u1ed7 c\u0169ng v\u1eabn l\u00e0 m\u1ed9t \"giao d\u1ecbch t\u1ed1t\".<\/li>\n<\/ul><br>\n\n<h2><strong>4. Giao d\u1ecbch qu\u00e1 m\u1ee9c (Over-trading)<\/strong><\/h2>\n<h3><strong>\ud83e\udd2a Tri\u1ec7u ch\u1ee9ng:<\/strong><\/h3>\nM\u1ed9t ng\u00e0y kh\u00f4ng v\u00e0o l\u1ec7nh l\u00e0 c\u1ea3m th\u1ea5y b\u1ee9t r\u1ee9t kh\u00f4ng y\u00ean. B\u1ea1n th\u01b0\u1eddng xuy\u00ean ra v\u00e0o l\u1ec7nh trong v\u00f9ng gi\u00e1 \u0111i ngang (sideway) kh\u00f4ng r\u00f5 xu h\u01b0\u1edbng (th\u1eddi gian r\u00e1c), k\u1ebft qu\u1ea3 l\u00e0 l\u1ee3i nhu\u1eadn th\u1eadm ch\u00ed kh\u00f4ng \u0111\u1ee7 tr\u1ea3 ph\u00ed hoa h\u1ed3ng v\u00e0 ch\u00eanh l\u1ec7ch (spread).<br><br>\n\n<h3><strong>\ud83e\udde0 C\u01a1 ch\u1ebf t\u00e2m l\u00fd:<\/strong><\/h3>\nNghi\u1ec7n Dopamine. Ti\u1ec1m th\u1ee9c c\u1ee7a b\u1ea1n \u0111ang coi giao d\u1ecbch l\u00e0 m\u1ed9t h\u00ecnh th\u1ee9c gi\u1ea3i tr\u00ed k\u00edch th\u00edch, ch\u1ee9 kh\u00f4ng ph\u1ea3i l\u00e0 m\u1ed9t c\u00f4ng vi\u1ec7c kinh doanh nghi\u00eam t\u00fac.<br><br>\n\n<h3><strong>\ud83d\udc8a Gi\u1ea3i ph\u00e1p: \u0110\u1ee3i ch\u1edd nh\u01b0 m\u1ed9t l\u00ednh b\u1eafn t\u1ec9a<\/strong><\/h3>\n<ul>\n\u00a0 <li><strong>G\u00f3c nh\u00ecn chuy\u00ean nghi\u1ec7p (Quy t\u1eafc c\u00e1 s\u1ea5u):<\/strong> C\u00e1 s\u1ea5u d\u00e0nh 90% th\u1eddi gian \u0111\u1ec3 n\u1eb1m im ch\u1edd \u0111\u1ee3i, ch\u1ec9 khi con m\u1ed3i \u0111i v\u00e0o t\u1ea7m ng\u1eafm m\u1edbi tung \u0111\u00f2n quy\u1ebft \u0111\u1ecbnh.<\/li>\n\u00a0 <li><strong>Gi\u1edbi h\u1ea1n s\u1ed1 l\u1ea7n:<\/strong> Quy \u0111\u1ecbnh b\u1ea3n th\u00e2n m\u1ed7i ng\u00e0y ch\u1ec9 th\u1ef1c hi\u1ec7n t\u1ed1i \u0111a <strong>3 l\u1ec7nh<\/strong> giao d\u1ecbch. Khi s\u1ed1 l\u1ea7n b\u1ecb gi\u1edbi h\u1ea1n, b\u1ea1n s\u1ebd t\u1ef1 nhi\u00ean tr\u1edf n\u00ean kh\u1eaft khe h\u01a1n, ch\u1ec9 \u0111\u00e1nh nh\u1eefng tr\u1eadn ch\u1eafc th\u1eafng nh\u1ea5t.<\/li>\n<\/ul><br>\n\n<h2><strong>K\u1ebft lu\u1eadn: H\u01b0\u1edbng t\u1edbi c\u1ea3nh gi\u1edbi \"V\u00f4 t\u00e2m\"<\/strong><\/h2>\nM\u1ee5c ti\u00eau cu\u1ed1i c\u00f9ng c\u1ee7a vi\u1ec7c v\u01b0\u1ee3t qua t\u00e2m ma l\u00e0 khi\u1ebfn giao d\u1ecbch tr\u1edf n\u00ean \"nh\u00e0m ch\u00e1n\".<br>\n<ul>\n\u00a0 <li>Khi c\u00f3 l\u1ee3i nhu\u1eadn, kh\u00f4ng c\u00f2n vui s\u01b0\u1edbng cu\u1ed3ng nhi\u1ec7t.<\/li>\n\u00a0 <li>Khi thua l\u1ed7, kh\u00f4ng c\u00f2n gi\u1eadn d\u1eef ch\u00e1n n\u1ea3n.<\/li>\n\u00a0 <li>T\u1ea5t c\u1ea3 ch\u1ec9 l\u00e0 th\u1ef1c hi\u1ec7n k\u1ebf ho\u1ea1ch theo t\u1eebng b\u01b0\u1edbc m\u1ed9t.<\/li>\n<\/ul><br>\nCon \u0111\u01b0\u1eddng n\u00e0y r\u1ea5t gian nan, ngay c\u1ea3 nh\u1eefng tay ch\u01a1i chuy\u00ean nghi\u1ec7p c\u0169ng ph\u1ea3i chi\u1ebfn \u0111\u1ea5u v\u1edbi b\u1ea3n t\u00ednh con ng\u01b0\u1eddi t\u1eebng ph\u00fat gi\u00e2y. N\u1ebfu b\u1ea1n th\u1ea5y m\u00ecnh t\u1ea1m th\u1eddi kh\u00f4ng th\u1ec3 l\u00e0m ch\u1ee7 \u0111\u01b0\u1ee3c s\u1ef1 bi\u1ebfn \u0111\u1ed9ng c\u1ea3m x\u00fac, c\u00f3 l\u1ebd b\u1ea1n n\u00ean suy ngh\u0129 v\u1ec1 m\u1ed9t con \u0111\u01b0\u1eddng kh\u00e1c: \"T\u1eadn d\u1ee5ng s\u1ee9c m\u1ea1nh c\u1ee7a c\u00f4ng ngh\u1ec7\".<br><br>\n\nM\u00e3 code kh\u00f4ng c\u00f3 c\u1ea3m x\u00fac, EA (Chuy\u00ean gia c\u1ed1 v\u1ea5n) kh\u00f4ng b\u1ecb run tay, v\u00e0 c\u00e0ng kh\u00f4ng v\u00ec t\u00e2m l\u00fd tr\u1ea3 th\u00f9 m\u00e0 v\u00e0o l\u1ec7nh b\u1eeba b\u00e3i. Trong c\u00e1c ch\u01b0\u01a1ng n\u00e2ng cao s\u1eafp t\u1edbi, ch\u00fang t\u00f4i s\u1ebd gi\u1edbi thi\u1ec7u c\u00e1ch s\u1eed d\u1ee5ng c\u00e1c c\u00f4ng c\u1ee5 \u0111\u1ecbnh l\u01b0\u1ee3ng \u0111\u1ec3 b\u00f9 \u0111\u1eafp cho nh\u1eefng \u0111i\u1ec3m y\u1ebfu c\u1ee7a con ng\u01b0\u1eddi.<br><br>\n\nNh\u01b0ng tr\u01b0\u1edbc \u0111\u00f3, h\u00e3y ch\u1eafc ch\u1eafn r\u1eb1ng b\u1ea1n \u0111\u00e3 c\u1ed1 g\u1eafng l\u00e0m ch\u1ee7 t\u00e2m tr\u00ed m\u00ecnh. B\u1edfi v\u00ec m\u1ed9t c\u00f4ng c\u1ee5 d\u00f9 tinh x\u1ea3o \u0111\u1ebfn \u0111\u00e2u, n\u1ebfu n\u1eb1m trong tay m\u1ed9t ng\u01b0\u1eddi c\u00f3 t\u00e2m l\u00fd s\u1ee5p \u0111\u1ed5, n\u00f3 c\u0169ng s\u1ebd tr\u1edf th\u00e0nh m\u1ed9t v\u0169 kh\u00ed mang t\u00ednh h\u1ee7y di\u1ec7t.\n<\/span><\/div>\n\t\t\t\t<div class=\"elementor-element elementor-element-8a2938f elementor-icon-list--layout-inline elementor-list-item-link-inline elementor-widget elementor-widget-icon-list\" data-id=\"8a2938f\" data-element_type=\"widget\" data-widget_type=\"icon-list.default\">\n\t\t\t\t\t\t\t<ul class=\"elementor-icon-list-items elementor-inline-items\">\n\t\t\t\t\t\t\t<li class=\"elementor-icon-list-item elementor-inline-item\">\n\t\t\t\t\t\t\t\t\t\t\t<a href=\"https:\/\/mister.forex\/vi\/forex-market-sessions-and-currency-pairs-guide\/\">\n\n\t\t\t\t\t\t\t\t\t\t\t\t<span class=\"elementor-icon-list-icon\">\n\t\t\t\t\t\t\t<svg aria-hidden=\"true\" class=\"e-font-icon-svg e-far-check-circle\" viewbox=\"0 0 512 512\" xmlns=\"http:\/\/www.w3.org\/2000\/svg\"><path d=\"M256 8C119.033 8 8 119.033 8 256s111.033 248 248 248 248-111.033 248-248S392.967 8 256 8zm0 48c110.532 0 200 89.451 200 200 0 110.532-89.451 200-200 200-110.532 0-200-89.451-200-200 0-110.532 89.451-200 200-200m140.204 130.267l-22.536-22.718c-4.667-4.705-12.265-4.736-16.97-.068L215.346 303.697l-59.792-60.277c-4.667-4.705-12.265-4.736-16.97-.069l-22.719 22.536c-4.705 4.667-4.736 12.265-.068 16.971l90.781 91.516c4.667 4.705 12.265 4.736 16.97.068l172.589-171.204c4.704-4.668 4.734-12.266.067-16.971z\"><\/path><\/svg>\t\t\t\t\t\t<\/span>\n\t\t\t\t\t\t\t\t\t\t<span class=\"elementor-icon-list-text\">N\u1eafm b\u1eaft \"nh\u1ecbp \u0111i\u1ec7u\" th\u1ecb tr\u01b0\u1eddng Forex, x\u00e1c \u0111\u1ecbnh phi\u00ean giao d\u1ecbch c\u00f3 t\u1ef7 l\u1ec7 th\u1eafng cao nh\u1ea5t<\/span>\n\t\t\t\t\t\t\t\t\t\t\t<\/a>\n\t\t\t\t\t\t\t\t\t<\/li>\n\t\t\t\t\t\t<\/ul>\n\t\t\t\t\t\t<\/div>\n\t\t\t\t\t<\/div>\n\t\t\t\t<\/div>\n\t\t\t\t<\/div>","protected":false},"excerpt":{"rendered":"<p>Giao d\u1ecbch l\u00e0 s\u1ef1 k\u1ebft h\u1ee3p c\u1ee7a 10% k\u1ef9 thu\u1eadt, 30% qu\u1ea3n l\u00fd v\u1ed1n v\u00e0 60% t\u00e2m l\u00fd. Ph\u00e2n t\u00edch chuy\u00ean s\u00e2u 4 \"t\u00e2m ma\" c\u1ee7a trader: FOMO, giao d\u1ecbch tr\u1ea3 th\u00f9, do d\u1ef1 v\u00e0 giao d\u1ecbch qu\u00e1 m\u1ee9c, c\u00f9ng c\u00e1c b\u00ed quy\u1ebft nh\u01b0 \"L\u00fd thuy\u1ebft xe bu\u00fdt\" v\u00e0 \"Ng\u1eaft m\u1ea1ch c\u1ea3m x\u00fac\" gi\u00fap b\u1ea1n thi\u1ebft l\u1eadp k\u1ef7 lu\u1eadt c\u1ee7a ng\u01b0\u1eddi chi\u1ebfn th\u1eafng.<\/p>","protected":false},"author":1,"featured_media":65988,"parent":0,"menu_order":0,"comment_status":"closed","ping_status":"closed","template":"","meta":{"footnotes":""},"tags":[128],"class_list":["post-65849","page","type-page","status-publish","has-post-thumbnail","hentry","tag-no-google"],"_links":{"self":[{"href":"https:\/\/mister.forex\/vi\/wp-json\/wp\/v2\/pages\/65849","targetHints":{"allow":["GET"]}}],"collection":[{"href":"https:\/\/mister.forex\/vi\/wp-json\/wp\/v2\/pages"}],"about":[{"href":"https:\/\/mister.forex\/vi\/wp-json\/wp\/v2\/types\/page"}],"author":[{"embeddable":true,"href":"https:\/\/mister.forex\/vi\/wp-json\/wp\/v2\/users\/1"}],"replies":[{"embeddable":true,"href":"https:\/\/mister.forex\/vi\/wp-json\/wp\/v2\/comments?post=65849"}],"version-history":[{"count":27,"href":"https:\/\/mister.forex\/vi\/wp-json\/wp\/v2\/pages\/65849\/revisions"}],"predecessor-version":[{"id":71292,"href":"https:\/\/mister.forex\/vi\/wp-json\/wp\/v2\/pages\/65849\/revisions\/71292"}],"wp:featuredmedia":[{"embeddable":true,"href":"https:\/\/mister.forex\/vi\/wp-json\/wp\/v2\/media\/65988"}],"wp:attachment":[{"href":"https:\/\/mister.forex\/vi\/wp-json\/wp\/v2\/media?parent=65849"}],"wp:term":[{"taxonomy":"post_tag","embeddable":true,"href":"https:\/\/mister.forex\/vi\/wp-json\/wp\/v2\/tags?post=65849"}],"curies":[{"name":"wp","href":"https:\/\/api.w.org\/{rel}","templated":true}]}}