{"id":65895,"date":"2026-02-03T13:31:47","date_gmt":"2026-02-03T05:31:47","guid":{"rendered":"https:\/\/mister.forex\/?page_id=65895"},"modified":"2026-05-04T21:41:24","modified_gmt":"2026-05-04T13:41:24","slug":"forex-market-sessions-and-currency-pairs-guide","status":"publish","type":"page","link":"https:\/\/mister.forex\/vi\/forex-market-sessions-and-currency-pairs-guide\/","title":{"rendered":"Ph\u00e2n t\u00edch \u0111\u1eb7c \u0111i\u1ec3m phi\u00ean \u00c1\/\u00c2u\/M\u1ef9 &amp; c\u00e1 t\u00ednh ti\u1ec1n t\u1ec7, C\u1ea9m nang tr\u00e1nh b\u1eaby cho ng\u01b0\u1eddi m\u1edbi | Mr.Forex"},"content":{"rendered":"<div data-elementor-type=\"wp-page\" data-elementor-id=\"65895\" class=\"elementor elementor-65895\" data-elementor-post-type=\"page\">\n\t\t\t\t<div class=\"elementor-element elementor-element-ba9c75b e-flex e-con-boxed e-con e-parent\" data-id=\"ba9c75b\" data-element_type=\"container\">\n\t\t\t\t\t<div class=\"e-con-inner\">\n\t\t\t\t<div class=\"elementor-element elementor-element-27b3544 elementor-widget elementor-widget-heading\" data-id=\"27b3544\" data-element_type=\"widget\" data-widget_type=\"heading.default\">\n\t\t\t\t\t<h1 class=\"elementor-heading-title elementor-size-default\">N\u1eafm b\u1eaft \"nh\u1ecbp \u0111i\u1ec7u\" th\u1ecb tr\u01b0\u1eddng Forex, x\u00e1c \u0111\u1ecbnh phi\u00ean giao d\u1ecbch c\u00f3 t\u1ef7 l\u1ec7 th\u1eafng cao nh\u1ea5t<\/h1>\t\t\t\t<\/div>\n\t\t\t\t<div class=\"elementor-element elementor-element-cc53c49 elementor-widget elementor-widget-html\" data-id=\"cc53c49\" data-element_type=\"widget\" data-widget_type=\"html.default\">\n\t\t\t\t\tL\u00e0m ch\u1ee7 m\u1ea1ch \u0111\u1eadp 3 phi\u00ean l\u1edbn v\u00e0 c\u00e1 t\u00ednh s\u1ea3n ph\u1ea9m, tr\u00e1nh ch\u00ednh x\u00e1c th\u1eddi gian r\u00e1c.\t\t\t\t<\/div>\n\t\t\t\t<div class=\"elementor-element elementor-element-d418204 elementor-widget elementor-widget-html translation-block\" data-id=\"d418204\" data-element_type=\"widget\" data-widget_type=\"html.default\">T\u00e1c gi\u1ea3: <strong>Mr.Forex<\/strong><\/div>\n\t\t\t\t<div class=\"elementor-element elementor-element-d04bf8c elementor-widget elementor-widget-html translation-block\" data-id=\"d04bf8c\" data-element_type=\"widget\" data-widget_type=\"html.default\"><span>\n<h2><strong>L\u1eddi m\u1edf \u0111\u1ea7u: L\u1ef1a ch\u1ecdn quan tr\u1ecdng h\u01a1n n\u1ed7 l\u1ef1c<\/strong><\/h2>\nNhi\u1ec1u ng\u01b0\u1eddi m\u1edbi v\u1eeba tham gia th\u1ecb tr\u01b0\u1eddng \u0111\u00e3 nh\u00ecn ch\u1eb1m ch\u1eb1m v\u00e0o V\u00e0ng (XAUUSD) v\u00ec th\u1ea5y bi\u1ebfn \u0111\u1ed9ng l\u1edbn, l\u1ee3i nhu\u1eadn nhanh. K\u1ebft qu\u1ea3 l\u00e0 g\u00ec? H\u1ecd th\u01b0\u1eddng l\u00e0 nh\u00f3m ch\u00e1y t\u00e0i kho\u1ea3n nhanh nh\u1ea5t.<br><br>\n\nC\u00e1c s\u1ea3n ph\u1ea9m tr\u00ean th\u1ecb tr\u01b0\u1eddng ngo\u1ea1i h\u1ed1i \u0111\u1ec1u c\u00f3 \u0111\u1eb7c \u0111i\u1ec3m ri\u00eang. C\u00f3 con nh\u01b0 ch\u00fa voi hi\u1ec1n l\u00e0nh, ph\u00f9 h\u1ee3p cho ng\u01b0\u1eddi m\u1edbi luy\u1ec7n t\u1eadp; c\u00f3 con l\u1ea1i nh\u01b0 m\u00e3nh th\u00fa d\u1eef t\u1ee3n, chuy\u00ean \"th\u1ecbt\" nh\u1eefng nh\u00e0 giao d\u1ecbch thi\u1ebfu k\u1ef7 lu\u1eadt.<br><br>\n\nNgo\u00e0i ra, d\u00f9 Forex l\u00e0 th\u1ecb tr\u01b0\u1eddng 24 gi\u1edd kh\u00f4ng ngh\u1ec9, nh\u01b0ng kh\u00f4ng ph\u1ea3i ph\u00fat n\u00e0o c\u0169ng th\u00edch h\u1ee3p \u0111\u1ec3 giao d\u1ecbch. Canh b\u1ea3ng \u0111i\u1ec7n t\u1eed trong \"th\u1eddi gian r\u00e1c\" thi\u1ebfu bi\u1ebfn \u0111\u1ed9ng ch\u1ec9 l\u00e0m l\u00e3ng ph\u00ed th\u1eddi gian v\u00e0 tinh th\u1ea7n c\u1ee7a b\u1ea1n.<br><br>\n\nC\u1ea9m nang n\u00e0y s\u1ebd l\u00e0 \"s\u1ed5 tay chi\u1ebfn tr\u01b0\u1eddng\" c\u1ee7a b\u1ea1n, cho b\u1ea1n bi\u1ebft khi n\u00e0o n\u00ean xu\u1ea5t tr\u1eadn v\u00e0 n\u00ean ch\u1ecdn ai l\u00e0m \u0111\u1ed1i th\u1ee7.<br><br>\n\n<h2><strong>I. \u0110\u1ed3ng h\u1ed3 th\u1ecb tr\u01b0\u1eddng Forex (Market Sessions)<\/strong><\/h2>\nTr\u00e1i \u0111\u1ea5t quay v\u00e0 d\u00f2ng ti\u1ec1n c\u0169ng lu\u00e2n chuy\u1ec3n. Th\u1ecb tr\u01b0\u1eddng ngo\u1ea1i h\u1ed1i to\u00e0n c\u1ea7u \u0111\u01b0\u1ee3c v\u1eadn h\u00e0nh ti\u1ebfp s\u1ee9c b\u1edfi ba trung t\u00e2m t\u00e0i ch\u00ednh l\u1edbn. Th\u1eddi gian d\u01b0\u1edbi \u0111\u00e2y t\u00ednh theo chu\u1ea9n **UTC (Gi\u1edd ph\u1ed1i h\u1ee3p qu\u1ed1c t\u1ebf)**.<br><br>\n\n<h3><strong>1. Phi\u00ean \u00c1 (Asian Session) \u2014\u2014 Bu\u1ed5i s\u00e1ng y\u00ean b\u00ecnh<\/strong><\/h3>\n<ul>\n  <li><strong>Th\u1eddi gian ch\u00ednh (UTC):<\/strong> 22:00 ~ 06:00<\/li>\n  <li><strong>Nh\u00e2n v\u1eadt ch\u00ednh:<\/strong> Tokyo, Sydney.<\/li>\n  <li><strong>\u0110\u1eb7c \u0111i\u1ec3m:<\/strong> Bi\u1ebfn \u0111\u1ed9ng th\u01b0\u1eddng nh\u1ecf, th\u1ecb tr\u01b0\u1eddng kh\u00e1 tr\u1ea7m l\u1eafng. Ph\u00f9 h\u1ee3p cho c\u00e1c nh\u00e0 giao d\u1ecbch \u01b0a th\u00edch chi\u1ebfn l\u01b0\u1ee3c \"giao d\u1ecbch trong bi\u00ean \u0111\u1ed9 (Range Trading)\".<\/li>\n  <li><strong>C\u00e1c lo\u1ea1i ti\u1ec1n t\u1ec7 c\u1ea7n ch\u00fa \u00fd:<\/strong> JPY (Y\u00ean Nh\u1eadt), AUD (\u0110\u00f4 la \u00dac), NZD (\u0110\u00f4 la New Zealand).<\/li>\n<\/ul><br>\n\n<h3><strong>2. Phi\u00ean \u00c2u (London Session) \u2014\u2014 \u0110\u1ed9ng c\u01a1 c\u1ee7a xu h\u01b0\u1edbng<\/strong><\/h3>\n<ul>\n  <li><strong>Th\u1eddi gian ch\u00ednh (UTC):<\/strong> 07:00 ~ 15:00<\/li>\n  <li><strong>Nh\u00e2n v\u1eadt ch\u00ednh:<\/strong> London \u2014\u2014 Trung t\u00e2m giao d\u1ecbch ngo\u1ea1i h\u1ed1i l\u1edbn nh\u1ea5t th\u1ebf gi\u1edbi.<\/li>\n  <li><strong>\u0110\u1eb7c \u0111i\u1ec3m:<\/strong> Xu h\u01b0\u1edbng th\u1ef1c s\u1ef1 th\u01b0\u1eddng b\u1eaft \u0111\u1ea7u t\u1eeb \u0111\u00e2y. Bi\u1ebfn \u0111\u1ed9ng m\u1ea1nh d\u1ea7n, kh\u1ed1i l\u01b0\u1ee3ng giao d\u1ecbch t\u0103ng v\u1ecdt. Gi\u1edd \u0111\u1ea7u ti\u00ean sau khi phi\u00ean London m\u1edf c\u1eeda th\u01b0\u1eddng xu\u1ea5t hi\u1ec7n t\u00edn hi\u1ec7u b\u1ee9t ph\u00e1 (breakout) \u0111\u1ea7u ti\u00ean trong ng\u00e0y.<\/li>\n  <li><strong>C\u00e1c lo\u1ea1i ti\u1ec1n t\u1ec7 c\u1ea7n ch\u00fa \u00fd:<\/strong> EUR (Euro), GBP (B\u1ea3ng Anh), CHF (Franc Th\u1ee5y S\u0129).<\/li>\n<\/ul><br>\n\n<h3><strong>3. Phi\u00ean M\u1ef9 (New York Session) \u2014\u2014 \u0110\u00eam cu\u1ed3ng nhi\u1ec7t<\/strong><\/h3>\n<ul>\n  <li><strong>Th\u1eddi gian ch\u00ednh (UTC):<\/strong> 12:00 ~ 21:00<\/li>\n  <li><strong>Nh\u00e2n v\u1eadt ch\u00ednh:<\/strong> New York.<\/li>\n  <li><strong>\u0110\u1eb7c \u0111i\u1ec3m:<\/strong> Kho\u1ea3ng th\u1eddi gian d\u00f2ng ti\u1ec1n l\u01b0u chuy\u1ec3n m\u00e3nh li\u1ec7t nh\u1ea5t.<\/li>\n  <li><strong>\ud83d\udca1 Kho\u1ea3ng th\u1eddi gian tr\u00f9ng l\u1eb7p: UTC 12:00 ~ 15:00<\/strong><br>\n  \u0110\u00e2y l\u00e0 l\u00fac phi\u00ean \u00c2u v\u00e0 phi\u00ean M\u1ef9 tr\u00f9ng nhau, d\u00f2ng ti\u1ec1n to\u00e0n c\u1ea7u \u0111\u1ed1i \u0111\u1ea7u t\u1ea1i \u0111\u00e2y, bi\u1ebfn \u0111\u1ed9ng d\u1eef d\u1ed9i nh\u1ea5t, nhi\u1ec1u c\u01a1 h\u1ed9i nh\u1ea5t (nh\u01b0ng r\u1ee7i ro c\u0169ng cao nh\u1ea5t).<\/li>\n  <li><strong>C\u00e1c lo\u1ea1i ti\u1ec1n t\u1ec7 c\u1ea7n ch\u00fa \u00fd:<\/strong> USD (\u0110\u00f4 la M\u1ef9), CAD (\u0110\u00f4 la Canada), XAU (V\u00e0ng).<\/li>\n<\/ul>\n<\/span><\/div>\n\t\t<div class=\"elementor-element elementor-element-2c5ac2e e-con-full e-flex e-con e-child\" data-id=\"2c5ac2e\" data-element_type=\"container\" data-settings=\"{&quot;background_background&quot;:&quot;classic&quot;}\">\n\t\t\t\t<div class=\"elementor-element elementor-element-4dc0025 elementor-widget elementor-widget-html translation-block\" data-id=\"4dc0025\" data-element_type=\"widget\" data-widget_type=\"html.default\"><span>\n<h3><strong>\u26a0\ufe0f L\u01b0u \u00fd quan tr\u1ecdng:<\/strong><\/h3>\nTh\u1ecb tr\u01b0\u1eddng \u00c2u v\u00e0 M\u1ef9 c\u00f3 \u00e1p d\u1ee5ng \"Gi\u1edd m\u00f9a h\u00e8 (Daylight Saving Time)\", th\u01b0\u1eddng t\u1eeb th\u00e1ng 3 \u0111\u1ebfn th\u00e1ng 11, th\u1eddi gian m\u1edf v\u00e0 \u0111\u00f3ng c\u1eeda s\u1ebd s\u1edbm h\u01a1n 1 gi\u1edd so v\u1edbi chu\u1ea9n tr\u00ean. Nh\u00e0 giao d\u1ecbch c\u1ea7n l\u01b0u \u00fd \u0111i\u1ec1u ch\u1ec9nh th\u1eddi gian theo m\u00f9a.\n<\/span><\/div>\n\t\t\t\t<\/div>\n\t\t\t\t<div class=\"elementor-element elementor-element-576c27b elementor-widget elementor-widget-html translation-block\" data-id=\"576c27b\" data-element_type=\"widget\" data-widget_type=\"html.default\"><span>\n<h2><strong>II. C\u00e1 t\u00ednh c\u1ee7a c\u00e1c c\u1eb7p ti\u1ec1n ch\u00ednh (The Personalities)<\/strong><\/h2>\nM\u1eb7c d\u00f9 c\u00f3 h\u00e0ng tr\u0103m s\u1ea3n ph\u1ea9m tr\u00ean n\u1ec1n t\u1ea3ng MT5, nh\u01b0ng ng\u01b0\u1eddi m\u1edbi n\u00ean t\u1eadp trung v\u00e0o c\u00e1c c\u1eb7p ti\u1ec1n ti\u00eau bi\u1ec3u sau \u0111\u00e2y.<br><br>\n\n<h3><strong>1. EUR\/USD \u2014\u2014 Ch\u00fa voi<\/strong><\/h3>\n<ul>\n  <li><strong>V\u1ecb th\u1ebf:<\/strong> \u0110\u1ee9ng \u0111\u1ea7u v\u1ec1 kh\u1ed1i l\u01b0\u1ee3ng giao d\u1ecbch to\u00e0n c\u1ea7u, chi\u1ebfm h\u01a1n 30% th\u1ecb tr\u01b0\u1eddng.<\/li>\n  <li><strong>C\u00e1 t\u00ednh:<\/strong> \u0110i\u1ec1m t\u0129nh nh\u1ea5t, gi\u00e1 tr\u1ecb tham kh\u1ea3o c\u1ee7a ph\u00e2n t\u00edch k\u1ef9 thu\u1eadt cao nh\u1ea5t. Hi\u1ebfm khi xu\u1ea5t hi\u1ec7n ph\u00e1 v\u1ee1 gi\u1ea3 c\u1ef1c \u0111oan. Ph\u00ed ch\u00eanh l\u1ec7ch (Spread) th\u01b0\u1eddng th\u1ea5p nh\u1ea5t th\u1ecb tr\u01b0\u1eddng.<\/li>\n  <li><strong>Ph\u00f9 h\u1ee3p v\u1edbi:<\/strong> L\u1ef1a ch\u1ecdn nh\u1eadp m\u00f4n h\u00e0ng \u0111\u1ea7u cho m\u1ecdi ng\u01b0\u1eddi m\u1edbi.<\/li>\n<\/ul><br>\n\n<h3><strong>2. USD\/JPY \u2014\u2014 Ch\u00fa th\u1ecf<\/strong><\/h3>\n<ul>\n  <li><strong>C\u00e1 t\u00ednh:<\/strong> B\u00ecnh th\u01b0\u1eddng c\u00f3 th\u1ec3 \u0111i ngang (sideway), nh\u01b0ng m\u1ed9t khi xu h\u01b0\u1edbng \u0111\u00e3 h\u00ecnh th\u00e0nh (v\u00ed d\u1ee5: BOJ thay \u0111\u1ed5i ch\u00ednh s\u00e1ch), n\u00f3 s\u1ebd lao \u0111i m\u1ed9t m\u1ea1ch kh\u00f4ng ngo\u1ea3nh l\u1ea1i. Ch\u1ecbu \u1ea3nh h\u01b0\u1edfng c\u1ef1c l\u1edbn t\u1eeb \"L\u1ee3i su\u1ea5t tr\u00e1i phi\u1ebfu ch\u00ednh ph\u1ee7 M\u1ef9\".<\/li>\n  <li><strong>Ph\u00f9 h\u1ee3p v\u1edbi:<\/strong> Nh\u00e0 giao d\u1ecbch \u01b0a th\u00edch \u0111\u00e1nh theo xu h\u01b0\u1edbng d\u00e0i h\u1ea1n (Trend Following).<\/li>\n<\/ul><br>\n\n<h3><strong>3. GBP\/USD \u2014\u2014 M\u00e3nh th\u00fa<\/strong><\/h3>\n<ul>\n  <li><strong>C\u00e1 t\u00ednh:<\/strong> Bi\u1ec7t danh l\u00e0 \"Cable\". Bi\u1ebfn \u0111\u1ed9ng c\u1ef1c l\u1edbn v\u00e0 t\u00ednh c\u00e1ch \"kh\u00e1 nh\u1ea1y c\u1ea3m\". N\u00f3 r\u1ea5t th\u00edch t\u1ea1o ra c\u00e1c \"ph\u00e1 v\u1ee1 gi\u1ea3 (Fakeouts)\", th\u01b0\u1eddng c\u1ed1 t\u00ecnh xuy\u00ean th\u1ee7ng c\u00e1c m\u1ee9c h\u1ed7 tr\u1ee3\/kh\u00e1ng c\u1ef1 \u0111\u1ec3 qu\u00e9t l\u1ec7nh d\u1eebng l\u1ed7 (stop loss) tr\u01b0\u1edbc khi quay l\u1ea1i h\u01b0\u1edbng ban \u0111\u1ea7u.<\/li>\n  <li><strong>Ph\u00f9 h\u1ee3p v\u1edbi:<\/strong> Nh\u1eefng ng\u01b0\u1eddi c\u00f3 t\u00e2m l\u00fd v\u1eefng v\u00e0ng, gi\u1ecfi l\u1ecdc nhi\u1ec5u th\u1ecb tr\u01b0\u1eddng. Ng\u01b0\u1eddi m\u1edbi r\u1ea5t d\u1ec5 b\u1ecb d\u1eebng l\u1ed7 li\u00ean t\u1ee5c t\u1ea1i \u0111\u00e2y.<\/li>\n<\/ul><br>\n\n<h2><strong>III. V\u00e0ng (XAUUSD)<\/strong><\/h2>\nVui l\u00f2ng \u0111\u00e1nh d\u1ea5u \u0111\u1eb7c bi\u1ec7t ch\u01b0\u01a1ng n\u00e0y. V\u00e0ng kh\u00f4ng ph\u1ea3i ti\u1ec1n t\u1ec7, m\u00e0 l\u00e0 \"h\u00e0ng h\u00f3a kim lo\u1ea1i qu\u00fd\".<br><br>\n\n<h3><strong>1. T\u1ea1i sao ai c\u0169ng th\u00edch giao d\u1ecbch V\u00e0ng?<\/strong><\/h3>\n<ul>\n  <li><strong>Bi\u1ebfn \u0111\u1ed9ng c\u1ef1c l\u1edbn:<\/strong> C\u00e1c c\u1eb7p ti\u1ec1n \u00c2u M\u1ef9 c\u00f3 th\u1ec3 bi\u1ebfn \u0111\u1ed9ng 80 pip m\u1ed9t ng\u00e0y, nh\u01b0ng V\u00e0ng c\u00f3 th\u1ec3 d\u1ec5 d\u00e0ng ch\u1ea1y 200-300 pip (th\u1eadm ch\u00ed h\u01a1n 1000 pip trong nh\u1eefng l\u00fac c\u1ef1c \u0111oan).<\/li>\n  <li><strong>S\u1ee9c b\u1eadt l\u1ee3i nhu\u1eadn:<\/strong> Ch\u1ec9 c\u1ea7n \u0111\u00fang h\u01b0\u1edbng, vi\u1ec7c nh\u00e2n \u0111\u00f4i t\u00e0i kho\u1ea3n c\u00f3 th\u1ec3 ch\u1ec9 m\u1ea5t v\u00e0i ng\u00e0y.<\/li>\n<\/ul><br>\n\n<h3><strong>2. R\u1ee7i ro n\u1eb1m \u1edf \u0111\u00e2u?<\/strong><\/h3>\n<ul>\n  <li><strong>Qu\u00e9t l\u1ec7nh (Washout) nghi\u00eam tr\u1ecdng:<\/strong> V\u00e0ng th\u01b0\u1eddng xuy\u00ean rung l\u1eafc m\u1ea1nh tr\u01b0\u1edbc khi b\u1ee9t ph\u00e1 \u0111\u1ec3 qu\u00e9t s\u1ea1ch l\u1ec7nh d\u1eebng l\u1ed7 c\u1ee7a c\u00e1c nh\u00e0 giao d\u1ecbch nh\u1ecf l\u1ebb.<\/li>\n  <li><strong>Chi ph\u00ed giao d\u1ecbch cao:<\/strong> Ph\u00ed ch\u00eanh l\u1ec7ch (Spread) v\u00e0 y\u00eau c\u1ea7u k\u00fd qu\u1ef9 th\u01b0\u1eddng cao h\u01a1n c\u00e1c c\u1eb7p ti\u1ec1n ch\u00ednh.<\/li>\n<\/ul>\n<\/span><\/div>\n\t\t<div class=\"elementor-element elementor-element-1a435dd e-con-full e-flex e-con e-child\" data-id=\"1a435dd\" data-element_type=\"container\" data-settings=\"{&quot;background_background&quot;:&quot;classic&quot;}\">\n\t\t\t\t<div class=\"elementor-element elementor-element-651fbcd elementor-widget elementor-widget-html translation-block\" data-id=\"651fbcd\" data-element_type=\"widget\" data-widget_type=\"html.default\"><span>\n<h3><strong>\u26a0\ufe0f L\u1eddi khuy\u00ean t\u1eeb Mr.Forex:<\/strong><\/h3>\nTrong 3 th\u00e1ng \u0111\u1ea7u giao d\u1ecbch, ng\u01b0\u1eddi m\u1edbi n\u00ean \"t\u1eadp trung v\u00e0o ti\u1ec1n t\u1ec7, t\u1ea1m tr\u00e1nh xa V\u00e0ng\". N\u1ebfu b\u1ea1n v\u1eabn ki\u00ean tr\u00ec giao d\u1ecbch, h\u00e3y ch\u1eafc ch\u1eafn h\u1ea1 kh\u1ed1i l\u01b0\u1ee3ng xu\u1ed1ng m\u1ee9c th\u1ea5p nh\u1ea5t (0.01 lot) v\u00e0 n\u1edbi r\u1ed9ng kho\u1ea3ng c\u00e1ch d\u1eebng l\u1ed7 m\u1ed9t c\u00e1ch h\u1ee3p l\u00fd.\n<\/span><\/div>\n\t\t\t\t<\/div>\n\t\t\t\t<div class=\"elementor-element elementor-element-9911a1b elementor-widget elementor-widget-html translation-block\" data-id=\"9911a1b\" data-element_type=\"widget\" data-widget_type=\"html.default\"><span>\n<h2><strong>IV. S\u1ef1 t\u01b0\u01a1ng quan (Correlation) \u2014\u2014 \u0110\u1eebng b\u1ecf h\u1ebft tr\u1ee9ng v\u00e0o m\u1ed9t gi\u1ecf<\/strong><\/h2>\n\u0110\u00e2y l\u00e0 m\u1ed9t r\u1ee7i ro then ch\u1ed1t th\u01b0\u1eddng b\u1ecb b\u1ecf qua.<br><br>\n\n<h3><strong>Ph\u00e2n t\u00edch t\u00ecnh hu\u1ed1ng:<\/strong><\/h3>\nN\u1ebfu b\u1ea1n \u0111\u1ed3ng th\u1eddi mua EURUSD (long) v\u00e0 GBPUSD (long), b\u1ea1n ngh\u0129 r\u1eb1ng m\u00ecnh \u0111\u00e3 ph\u00e2n t\u00e1n r\u1ee7i ro? <strong>Th\u1ef1c t\u1ebf kh\u00f4ng ph\u1ea3i v\u1eady.<\/strong><br><br>\n\n<ul>\n  <li><strong>\ud83d\udd17 T\u01b0\u01a1ng quan thu\u1eadn (Positive Correlation):<\/strong><br>\n  \u0110\u1ed3ng Euro v\u00e0 B\u1ea3ng Anh th\u01b0\u1eddng c\u00f3 xu h\u01b0\u1edbng chuy\u1ec3n \u0111\u1ed9ng c\u00f9ng chi\u1ec1u. N\u1ebfu USD m\u1ea1nh l\u00ean, c\u1ea3 hai l\u1ec7nh n\u00e0y th\u01b0\u1eddng s\u1ebd <strong>thua l\u1ed7 c\u00f9ng l\u00fac<\/strong>. R\u1ee7i ro c\u1ee7a b\u1ea1n th\u1ef1c ch\u1ea5t \u0111\u00e3 t\u0103ng g\u1ea5p \u0111\u00f4i.<\/li><br>\n  <li><strong>\ud83d\udd17 T\u01b0\u01a1ng quan ngh\u1ecbch (Negative Correlation):<\/strong><br>\n  Theo truy\u1ec1n th\u1ed1ng, USDCHF v\u00e0 EURUSD \u0111i ng\u01b0\u1ee3c chi\u1ec1u nhau. N\u1ebfu b\u1ea1n \u0111\u1ed3ng th\u1eddi mua EURUSD v\u00e0 mua USDCHF, l\u1ee3i nhu\u1eadn v\u00e0 thua l\u1ed7 s\u1ebd tri\u1ec7t ti\u00eau l\u1eabn nhau, cu\u1ed1i c\u00f9ng b\u1ea1n ch\u1ec9 m\u1ea5t ph\u00ed giao d\u1ecbch.<\/li>\n<\/ul><br>\n\n<strong>L\u1eddi khuy\u00ean chuy\u00ean gia:<\/strong> Ng\u01b0\u1eddi m\u1edbi ch\u1ec9 n\u00ean t\u1eadp trung v\u00e0o <strong>1~3 c\u1eb7p ti\u1ec1n<\/strong> m\u1ed9t l\u00fac. V\u00e0 trong \"c\u00f9ng m\u1ed9t th\u1eddi \u0111i\u1ec3m\", ch\u1ec9 n\u00ean n\u1eafm gi\u1eef c\u00e1c v\u1ecb th\u1ebf c\u00f3 t\u00ednh ch\u1ea5t kh\u00e1c nhau \u0111\u1ec3 tr\u00e1nh m\u1ea5t ki\u1ec3m so\u00e1t t\u1ef7 l\u1ec7 k\u00fd qu\u1ef9.<br><br>\n\n<h2><strong>K\u1ebft lu\u1eadn: T\u00ecm th\u1ea5y v\u00f9ng an to\u00e0n c\u1ee7a b\u1ea1n<\/strong><\/h2>\n\u0110\u1eebng c\u1ed1 g\u1eafng n\u1eafm b\u1eaft m\u1ecdi c\u01a1 h\u1ed9i tr\u00ean th\u1ecb tr\u01b0\u1eddng.<br><br>\n\n<ul>\n  <li>N\u1ebfu b\u1ea1n kh\u00f4ng th\u1ec3 canh b\u1ea3ng th\u01b0\u1eddng xuy\u00ean, h\u00e3y giao d\u1ecbch theo xu h\u01b0\u1edbng \u1edf khung <strong>H4 (4 gi\u1edd) ho\u1eb7c D1 (ng\u00e0y)<\/strong>.<\/li>\n  <li>N\u1ebfu b\u1ea1n t\u00ecm ki\u1ebfm s\u1ef1 h\u01b0ng ph\u1ea5n ng\u1eafn h\u1ea1n, h\u00e3y t\u1eadp trung v\u00e0o <strong>kho\u1ea3ng th\u1eddi gian tr\u00f9ng l\u1eb7p gi\u1eefa c\u00e1c phi\u00ean<\/strong>.<\/li>\n  <li>N\u1ebfu b\u1ea1n l\u00e0 ng\u01b0\u1eddi m\u1edbi, h\u00e3y trung th\u00e0nh v\u1edbi <strong>EURUSD<\/strong> cho \u0111\u1ebfn khi c\u00f3 th\u1ec3 ki\u1ebfm l\u1eddi \u1ed5n \u0111\u1ecbnh.<\/li>\n<\/ul><br>\nHi\u1ec3u r\u00f5 chi\u1ebfn tr\u01b0\u1eddng v\u00e0 \u0111\u1ed1i th\u1ee7, b\u1ea1n \u0111\u00e3 th\u1eafng \u0111\u01b0\u1ee3c m\u1ed9t n\u1eeda. Ti\u1ebfp theo, ch\u00fang ta s\u1ebd b\u01b0\u1edbc v\u00e0o kh\u00e2u v\u00f4 c\u00f9ng quan tr\u1ecdng: Sau khi tr\u1eadn \u0111\u00e1nh k\u1ebft th\u00fac, l\u00e0m th\u1ebf n\u00e0o \u0111\u1ec3 ki\u1ec3m \u0111i\u1ec3m th\u1eafng b\u1ea1i?<br><br>\n\nTrong b\u00e0i vi\u1ebft t\u1edbi, ch\u00fang t\u00f4i s\u1ebd chia s\u1ebb c\u00e1ch \"ki\u1ec3m tra nh\u1eadt k\u00fd giao d\u1ecbch\", \u0111\u00e2y m\u1edbi l\u00e0 con \u0111\u01b0\u1eddng duy nh\u1ea5t \u0111\u1ec3 m\u1ed9t nh\u00e0 giao d\u1ecbch v\u01b0\u01a1n t\u1edbi s\u1ef1 \u01b0u t\u00fa.\n<\/span><\/div>\n\t\t\t\t<div class=\"elementor-element elementor-element-9d50b10 elementor-icon-list--layout-inline elementor-list-item-link-inline elementor-widget elementor-widget-icon-list\" data-id=\"9d50b10\" data-element_type=\"widget\" data-widget_type=\"icon-list.default\">\n\t\t\t\t\t\t\t<ul class=\"elementor-icon-list-items elementor-inline-items\">\n\t\t\t\t\t\t\t<li class=\"elementor-icon-list-item elementor-inline-item\">\n\t\t\t\t\t\t\t\t\t\t\t<a href=\"https:\/\/mister.forex\/vi\/trading-performance-review-myfxbook\/\">\n\n\t\t\t\t\t\t\t\t\t\t\t\t<span class=\"elementor-icon-list-icon\">\n\t\t\t\t\t\t\t<svg aria-hidden=\"true\" class=\"e-font-icon-svg e-far-check-circle\" viewbox=\"0 0 512 512\" xmlns=\"http:\/\/www.w3.org\/2000\/svg\"><path d=\"M256 8C119.033 8 8 119.033 8 256s111.033 248 248 248 248-111.033 248-248S392.967 8 256 8zm0 48c110.532 0 200 89.451 200 200 0 110.532-89.451 200-200 200-110.532 0-200-89.451-200-200 0-110.532 89.451-200 200-200m140.204 130.267l-22.536-22.718c-4.667-4.705-12.265-4.736-16.97-.068L215.346 303.697l-59.792-60.277c-4.667-4.705-12.265-4.736-16.97-.069l-22.719 22.536c-4.705 4.667-4.736 12.265-.068 16.971l90.781 91.516c4.667 4.705 12.265 4.736 16.97.068l172.589-171.204c4.704-4.668 4.734-12.266.067-16.971z\"><\/path><\/svg>\t\t\t\t\t\t<\/span>\n\t\t\t\t\t\t\t\t\t\t<span class=\"elementor-icon-list-text\">L\u00e0m ch\u1ee7 d\u1eef li\u1ec7u c\u1ed1t l\u00f5i tr\u00ean MT5 v\u00e0 Myfxbook, th\u1ea5u hi\u1ec3u s\u1ef1 th\u1eadt v\u1ec1 t\u00e0i kho\u1ea3n giao d\u1ecbch<\/span>\n\t\t\t\t\t\t\t\t\t\t\t<\/a>\n\t\t\t\t\t\t\t\t\t<\/li>\n\t\t\t\t\t\t<\/ul>\n\t\t\t\t\t\t<\/div>\n\t\t\t\t\t<\/div>\n\t\t\t\t<\/div>\n\t\t\t\t<\/div>","protected":false},"excerpt":{"rendered":"<p>Ph\u00e2n t\u00edch s\u00e2u m\u1ea1ch \u0111\u1eadp th\u1ecb tr\u01b0\u1eddng c\u1ee7a 3 phi\u00ean giao d\u1ecbch \u00c1, \u00c2u, M\u1ef9; m\u1ed5 x\u1ebb c\u00e1 t\u00ednh \u0111\u1ed9c \u0111\u00e1o c\u1ee7a EURUSD, GBPUSD v\u00e0 V\u00e0ng (XAUUSD). B\u00e0i vi\u1ebft n\u00e0y s\u1ebd gi\u00fap b\u1ea1n tr\u00e1nh xa \"th\u1eddi gian r\u00e1c\" v\u00f4 hi\u1ec7u, n\u1eafm v\u1eefng r\u1ee7i ro t\u01b0\u01a1ng quan ti\u1ec1n t\u1ec7 \u0111\u1ec3 kh\u00f4ng c\u00f2n v\u00e0o l\u1ec7nh m\u00f9 qu\u00e1ng!<\/p>","protected":false},"author":1,"featured_media":65986,"parent":0,"menu_order":0,"comment_status":"closed","ping_status":"closed","template":"","meta":{"footnotes":""},"tags":[128],"class_list":["post-65895","page","type-page","status-publish","has-post-thumbnail","hentry","tag-no-google"],"_links":{"self":[{"href":"https:\/\/mister.forex\/vi\/wp-json\/wp\/v2\/pages\/65895","targetHints":{"allow":["GET"]}}],"collection":[{"href":"https:\/\/mister.forex\/vi\/wp-json\/wp\/v2\/pages"}],"about":[{"href":"https:\/\/mister.forex\/vi\/wp-json\/wp\/v2\/types\/page"}],"author":[{"embeddable":true,"href":"https:\/\/mister.forex\/vi\/wp-json\/wp\/v2\/users\/1"}],"replies":[{"embeddable":true,"href":"https:\/\/mister.forex\/vi\/wp-json\/wp\/v2\/comments?post=65895"}],"version-history":[{"count":46,"href":"https:\/\/mister.forex\/vi\/wp-json\/wp\/v2\/pages\/65895\/revisions"}],"predecessor-version":[{"id":71223,"href":"https:\/\/mister.forex\/vi\/wp-json\/wp\/v2\/pages\/65895\/revisions\/71223"}],"wp:featuredmedia":[{"embeddable":true,"href":"https:\/\/mister.forex\/vi\/wp-json\/wp\/v2\/media\/65986"}],"wp:attachment":[{"href":"https:\/\/mister.forex\/vi\/wp-json\/wp\/v2\/media?parent=65895"}],"wp:term":[{"taxonomy":"post_tag","embeddable":true,"href":"https:\/\/mister.forex\/vi\/wp-json\/wp\/v2\/tags?post=65895"}],"curies":[{"name":"wp","href":"https:\/\/api.w.org\/{rel}","templated":true}]}}