{"id":66033,"date":"2026-02-04T23:49:39","date_gmt":"2026-02-04T15:49:39","guid":{"rendered":"https:\/\/mister.forex\/?page_id=66033"},"modified":"2026-05-06T13:28:44","modified_gmt":"2026-05-06T05:28:44","slug":"prop-firm-trading-guide-get-funded","status":"publish","type":"page","link":"https:\/\/mister.forex\/vi\/prop-firm-trading-guide-get-funded\/","title":{"rendered":"C\u1ea9m nang to\u00e0n t\u1eadp v\u1ec1 Prop Firm: L\u00e0m th\u1ebf n\u00e0o \u0111\u1ec3 s\u1edf h\u1eefu qu\u1ef9 100.000 USD? | Mr.Forex"},"content":{"rendered":"<div data-elementor-type=\"wp-page\" data-elementor-id=\"66033\" class=\"elementor elementor-66033\" data-elementor-post-type=\"page\">\n\t\t\t\t<div class=\"elementor-element elementor-element-3c29475 e-flex e-con-boxed e-con e-parent\" data-id=\"3c29475\" data-element_type=\"container\">\n\t\t\t\t\t<div class=\"e-con-inner\">\n\t\t\t\t<div class=\"elementor-element elementor-element-4a3ad48 elementor-widget elementor-widget-heading\" data-id=\"4a3ad48\" data-element_type=\"widget\" data-widget_type=\"heading.default\">\n\t\t\t\t\t<h1 class=\"elementor-heading-title elementor-size-default\">Ti\u1ebft l\u1ed9 m\u00f4 h\u00ecnh ho\u1ea1t \u0111\u1ed9ng c\u1ee7a Prop Firm: Bi\u1ebfn n\u0103ng l\u1ef1c giao d\u1ecbch th\u00e0nh ti\u1ec1n m\u1eb7t<\/h1>\t\t\t\t<\/div>\n\t\t\t\t<div class=\"elementor-element elementor-element-9eca83a elementor-widget elementor-widget-html\" data-id=\"9eca83a\" data-element_type=\"widget\" data-widget_type=\"html.default\">\n\t\t\t\t\tT\u00ecm hi\u1ec3u c\u01a1 ch\u1ebf \u0111\u00e1nh gi\u00e1 c\u1ee7a c\u00e1c c\u00f4ng ty Prop Firm. Bi\u1ebfn k\u1ef9 n\u0103ng giao d\u1ecbch c\u1ee7a b\u1ea1n th\u00e0nh l\u1ee3i nhu\u1eadn th\u1ef1c t\u1ebf, kh\u00f4ng c\u00f2n b\u1ecb gi\u1edbi h\u1ea1n b\u1edfi s\u1ed1 v\u1ed1n nh\u1ecf.\t\t\t\t<\/div>\n\t\t\t\t<div class=\"elementor-element elementor-element-d45ecae elementor-widget elementor-widget-html translation-block\" data-id=\"d45ecae\" data-element_type=\"widget\" data-widget_type=\"html.default\">T\u00e1c gi\u1ea3: <strong>Mr.Forex<\/strong><\/div>\n\t\t\t\t<div class=\"elementor-element elementor-element-50a8bd5 elementor-widget elementor-widget-html translation-block\" data-id=\"50a8bd5\" data-element_type=\"widget\" data-widget_type=\"html.default\"><span>\n<h2><strong>L\u1eddi m\u1edf \u0111\u1ea7u: K\u1ef9 n\u0103ng c\u1ee7a b\u1ea1n r\u1ea5t \u0111\u00e1ng gi\u00e1, nh\u01b0ng v\u1ed1n l\u1ea1i qu\u00e1 \u00edt<\/strong><\/h2>\nCh\u00fac m\u1eebng b\u1ea1n \u0111\u00e3 \u0111\u1ecdc \u0111\u1ebfn \u0111\u00e2y.<br><br>\n\nGi\u1edd \u0111\u00e2y b\u1ea1n \u0111\u00e3 hi\u1ec3u v\u1ec1 n\u1ebfn Nh\u1eadt, n\u1eafm r\u00f5 chi\u1ebfn l\u01b0\u1ee3c v\u00e0 qu\u1ea3n tr\u1ecb r\u1ee7i ro. B\u1ea1n \u0111\u00e3 trang b\u1ecb cho m\u00ecnh nh\u1eefng k\u1ef9 n\u0103ng c\u01a1 b\u1ea3n \u0111\u1ec3 t\u1ed3n t\u1ea1i tr\u00ean th\u1ecb tr\u01b0\u1eddng n\u00e0y.<br><br>\n\nNh\u01b0ng th\u1ef1c t\u1ebf th\u01b0\u1eddng r\u1ea5t kh\u1eafc nghi\u1ec7t:<br><br>\n\nN\u1ebfu b\u1ea1n ch\u1ec9 c\u00f3 s\u1ed1 v\u1ed1n <strong>1.000 USD<\/strong>, ngay c\u1ea3 khi b\u1ea1n l\u00e0 huy\u1ec1n tho\u1ea1i Warren Buffett v\u00e0 ki\u1ebfm \u0111\u01b0\u1ee3c l\u1ee3i nhu\u1eadn \u1ed5n \u0111\u1ecbnh 5% m\u1ed7i th\u00e1ng (\u0111\u00e2y \u0111\u00e3 l\u00e0 con s\u1ed1 r\u1ea5t \u1ea5n t\u01b0\u1ee3ng), th\u00ec m\u1ed9t th\u00e1ng b\u1ea1n c\u0169ng ch\u1ec9 ki\u1ebfm \u0111\u01b0\u1ee3c <strong>50 USD<\/strong>.<br><br>\n\nS\u1ed1 ti\u1ec1n n\u00e0y th\u1eadm ch\u00ed kh\u00f4ng \u0111\u1ee7 tr\u1ea3 ti\u1ec1n \u0111i\u1ec7n n\u01b0\u1edbc.<br><br>\n\n\u0110\u00f3 ch\u00ednh l\u00e0 ngh\u1ecbch l\u00fd c\u1ee7a c\u00e1c nh\u00e0 giao d\u1ecbch c\u00e1 nh\u00e2n: <strong>C\u00f3 k\u1ef9 n\u0103ng, nh\u01b0ng thi\u1ebfu v\u1ed1n.<\/strong><br><br>\n\nTr\u01b0\u1edbc \u0111\u00e2y, b\u1ea1n ch\u1ec9 c\u00f3 th\u1ec3 t\u00edch g\u00f3p d\u1ea7n d\u1ea7n. Nh\u01b0ng gi\u1edd \u0111\u00e2y, m\u1ed9t m\u00f4 h\u00ecnh m\u1edbi \u0111\u00e3 xu\u1ea5t hi\u1ec7n trong gi\u1edbi t\u00e0i ch\u00ednh \u2014 <strong>Prop Firm (Qu\u1ef9 t\u1ef1 doanh)<\/strong>.<br><br>\n\nCh\u1ec9 c\u1ea7n b\u1ea1n v\u01b0\u1ee3t qua k\u1ef3 thi \u0111\u1ec3 ch\u1ee9ng minh n\u0103ng l\u1ef1c, h\u1ecd s\u1ebd cung c\u1ea5p cho b\u1ea1n t\u00e0i kho\u1ea3n 10.000, 100.000, th\u1eadm ch\u00ed l\u00e0 500.000 USD \u0111\u1ec3 giao d\u1ecbch. B\u1ea1n c\u00f3 th\u1ec3 gi\u1eef l\u1ea1i 80% ho\u1eb7c th\u1eadm ch\u00ed 90% l\u1ee3i nhu\u1eadn ki\u1ebfm \u0111\u01b0\u1ee3c.<br><br>\n\n\u0110\u00e2y kh\u00f4ng ph\u1ea3i l\u00e0 vay ti\u1ec1n \u0111\u1ec3 \u0111\u1ea7u t\u01b0, m\u00e0 l\u00e0 <strong>\"nh\u1eadn v\u1ed1n \u0111\u1ea7u t\u01b0 b\u1eb1ng ch\u00ednh n\u0103ng l\u1ef1c c\u1ee7a m\u00ecnh\"<\/strong>.<br><br>\n\n<h2><strong>Prop Firm (C\u00f4ng ty giao d\u1ecbch t\u1ef1 doanh) l\u00e0 g\u00ec?<\/strong><\/h2>\n<strong>Prop Firm<\/strong> l\u00e0 nh\u1eefng c\u00f4ng ty t\u00ecm ki\u1ebfm c\u00e1c cao th\u1ee7 giao d\u1ecbch trong c\u1ed9ng \u0111\u1ed3ng. Logic c\u1ee7a h\u1ecd r\u1ea5t \u0111\u01a1n gi\u1ea3n: C\u00f4ng ty c\u00f3 v\u1ed1n nh\u01b0ng thi\u1ebfu nh\u1eefng nh\u00e0 giao d\u1ecbch xu\u1ea5t s\u1eafc.<br>\n\n<h3><strong>M\u00f4 h\u00ecnh ho\u1ea1t \u0111\u1ed9ng:<\/strong><\/h3>\n<ol>\n  <li><strong>Thi tuy\u1ec3n c\u00f3 ph\u00ed:<\/strong> B\u1ea1n tr\u1ea3 m\u1ed9t kho\u1ea3n ph\u00ed \u0111\u0103ng k\u00fd nh\u1ecf (v\u00ed d\u1ee5 100 USD) \u0111\u1ec3 tham gia th\u1eed th\u00e1ch tr\u00ean t\u00e0i kho\u1ea3n demo.<\/li>\n  <li><strong>Ch\u1ee9ng minh n\u0103ng l\u1ef1c:<\/strong> Trong th\u1eddi gian quy \u0111\u1ecbnh, b\u1ea1n ph\u1ea3i \u0111\u1ea1t \u0111\u01b0\u1ee3c m\u1ee5c ti\u00eau l\u1ee3i nhu\u1eadn (v\u00ed d\u1ee5 10%) v\u00e0 m\u1ee9c thua l\u1ed7 kh\u00f4ng \u0111\u01b0\u1ee3c v\u01b0\u1ee3t qu\u00e1 gi\u1edbi h\u1ea1n (v\u00ed d\u1ee5 10%).<\/li>\n  <li><strong>Nh\u1eadn c\u1ea5p v\u1ed1n:<\/strong> Sau khi v\u01b0\u1ee3t qua k\u1ef3 thi, h\u1ecd s\u1ebd c\u1ea5p cho b\u1ea1n m\u1ed9t t\u00e0i kho\u1ea3n th\u1ef1c (Live Account) v\u1edbi h\u1ea1n m\u1ee9c ch\u00ednh th\u1ee9c.<\/li>\n  <li><strong>Chia s\u1ebb l\u1ee3i nhu\u1eadn:<\/strong> Sau \u0111\u00f3, ph\u1ea7n l\u1edbn l\u1ee3i nhu\u1eadn b\u1ea1n ki\u1ebfm \u0111\u01b0\u1ee3c t\u1eeb t\u00e0i kho\u1ea3n n\u00e0y s\u1ebd thu\u1ed9c v\u1ec1 b\u1ea1n (th\u01b0\u1eddng l\u00e0 80%), n\u1ec1n t\u1ea3ng ch\u1ec9 gi\u1eef l\u1ea1i m\u1ed9t ph\u1ea7n nh\u1ecf.<\/li>\n<\/ol><br>\n\n\u0110\u00e2y l\u00e0 m\u1ed9t th\u01b0\u01a1ng v\u1ee5 c\u1ef1c k\u1ef3 h\u1eddi:<br><br>\n\nB\u1ea1n d\u00f9ng 100 USD ph\u00ed \u0111\u0103ng k\u00fd (r\u1ee7i ro b\u1ea1n ch\u1ea5p nh\u1eadn) \u0111\u1ec3 \u0111\u1ed5i l\u1ea5y c\u01a1 h\u1ed9i v\u1eadn h\u00e0nh t\u00e0i kho\u1ea3n 10.000 USD (s\u00e2n kh\u1ea5u sinh l\u1eddi).<br><br>\n\n<h2><strong>T\u1ea1i sao n\u00ean thi Prop Firm?<\/strong><\/h2>\nH\u00e3y c\u00f9ng l\u00e0m m\u1ed9t ph\u00e9p t\u00ednh so s\u00e1nh gi\u1eefa vi\u1ec7c \"t\u1ef1 giao d\u1ecbch b\u1eb1ng v\u1ed1n c\u00e1 nh\u00e2n\" v\u00e0 \"tham gia <strong>Prop Firm<\/strong>\".<br><br>\n\nGi\u1ea3 s\u1eed kh\u1ea3 n\u0103ng ki\u1ebfm l\u1ee3i nhu\u1eadn h\u00e0ng th\u00e1ng c\u1ee7a b\u1ea1n l\u00e0 <strong>5%<\/strong>:<br><br>\n\n<table style=\"border-radius: 8px;border-collapse: separate;border-spacing: 0;overflow: hidden;text-align: center;width: 100%;border: 1px solid #ddd;font-family: sans-serif\">\n<thead style=\"background-color: #15264D;color: #ffffff\">\n      <tr>\n        <th style=\"padding: 15px\">H\u1ea1ng m\u1ee5c so s\u00e1nh<\/th>\n        <th style=\"padding: 15px\">Tr\u01b0\u1eddng h\u1ee3p A: D\u00f9ng v\u1ed1n t\u1ef1 c\u00f3<\/th>\n        <th style=\"padding: 15px\">Tr\u01b0\u1eddng h\u1ee3p B: Tham gia Prop Firm (10k)<\/th>\n      <\/tr>\n<\/thead>\n<tbody>\n      <tr>\n        <td style=\"padding: 12px;border-bottom: 1px solid #eee;background-color: #f9f9f9\"><strong>V\u1ed1n \u0111\u1ea7u t\u01b0<\/strong><\/td>\n        <td style=\"padding: 12px;border-bottom: 1px solid #eee\">$1.000 USD (V\u1ed1n g\u1ed1c)<\/td>\n        <td style=\"padding: 12px;border-bottom: 1px solid #eee\">Kho\u1ea3ng $100 USD (Ph\u00ed \u0111\u0103ng k\u00fd)<\/td>\n      <\/tr>\n      <tr>\n        <td style=\"padding: 12px;border-bottom: 1px solid #eee;background-color: #f9f9f9\"><strong>V\u1ed1n v\u1eadn h\u00e0nh<\/strong><\/td>\n        <td style=\"padding: 12px;border-bottom: 1px solid #eee\">$1.000 USD<\/td>\n        <td style=\"padding: 12px;border-bottom: 1px solid #eee\">$10.000 USD<\/td>\n      <\/tr>\n      <tr>\n        <td style=\"padding: 12px;border-bottom: 1px solid #eee;background-color: #f9f9f9\"><strong>L\u1ee3i nhu\u1eadn\/th\u00e1ng (5%)<\/strong><\/td>\n        <td style=\"padding: 12px;border-bottom: 1px solid #eee\">$50 USD<\/td>\n        <td style=\"padding: 12px;border-bottom: 1px solid #eee\">$500 USD<\/td>\n      <\/tr>\n      <tr>\n        <td style=\"padding: 12px;border-bottom: 1px solid #eee;background-color: #f9f9f9\"><strong>Thu nh\u1eadp th\u1ef1c t\u1ebf<\/strong><\/td>\n        <td style=\"padding: 12px;border-bottom: 1px solid #eee\">$50 USD<\/td>\n        <td style=\"padding: 12px;border-bottom: 1px solid #eee;color: #008000;font-size: 1.1em\"><strong>$400 USD (Chia s\u1ebb 80%)<\/strong><\/td>\n      <\/tr>\n    <\/tbody>\n<\/table><br>\n\n<strong>K\u1ebft lu\u1eadn:<\/strong> C\u00f9ng m\u1ed9t k\u1ef9 n\u0103ng, c\u00f9ng m\u1ed9t t\u1ef7 l\u1ec7 l\u1ee3i nhu\u1eadn (%), thu nh\u1eadp c\u1ee7a b\u1ea1n \u0111\u01b0\u1ee3c nh\u00e2n l\u00ean g\u1ea5p <strong>8 l\u1ea7n<\/strong>. H\u01a1n n\u1eefa, v\u1ed1n g\u1ed1c c\u1ee7a b\u1ea1n v\u1eabn n\u1eb1m an to\u00e0n trong t\u00fai, ho\u00e0n to\u00e0n kh\u00f4ng c\u00f3 r\u1ee7i ro m\u1ea5t ti\u1ec1n t\u00fai.<br><br>\n\n<h2><strong>Lu\u1eadt ch\u01a1i: \u0110\u00e2y kh\u00f4ng ph\u1ea3i l\u00e0 b\u1eefa tr\u01b0a mi\u1ec5n ph\u00ed<\/strong><\/h2>\nNghe c\u00f3 v\u1ebb h\u1ea5p d\u1eabn? \u0110\u1eebng v\u1ed9i. <strong>Prop Firm<\/strong> kh\u00f4ng ph\u1ea3i t\u1ed5 ch\u1ee9c t\u1eeb thi\u1ec7n, h\u1ecd d\u00f9ng nh\u1eefng quy t\u1eafc nghi\u00eam ng\u1eb7t \u0111\u1ec3 s\u00e0ng l\u1ecdc nh\u1eefng nh\u00e0 giao d\u1ecbch kh\u00f4ng \u0111\u1ee7 ti\u00eau chu\u1ea9n.<br><br>\n\n<h3><strong>C\u00e1c quy t\u1eafc thi ph\u1ed5 bi\u1ebfn:<\/strong><\/h3>\n<ul>\n    <li><strong>\ud83c\udfaf M\u1ee5c ti\u00eau l\u1ee3i nhu\u1eadn:<\/strong> Th\u01b0\u1eddng y\u00eau c\u1ea7u \u0111\u1ea1t m\u1ee9c l\u1ee3i nhu\u1eadn t\u1eeb 8% ~ 10% \u1edf giai \u0111o\u1ea1n \u0111\u1ea7u.<\/li>\n    <li><strong>\u26a0\ufe0f S\u1ee5t gi\u1ea3m t\u1ed1i \u0111a h\u00e0ng ng\u00e0y (Daily Drawdown):<\/strong> \u0110\u00e2y l\u00e0 n\u01a1i nhi\u1ec1u ng\u01b0\u1eddi th\u1ea5t b\u1ea1i nh\u1ea5t. Quy \u0111\u1ecbnh m\u1ee9c l\u1ed7 t\u1ea1m th\u1eddi ho\u1eb7c th\u1ef1c t\u1ebf trong m\u1ed9t ng\u00e0y kh\u00f4ng \u0111\u01b0\u1ee3c v\u01b0\u1ee3t qu\u00e1 5% v\u1ed1n. N\u1ebfu ch\u1ea1m m\u1ee9c n\u00e0y, b\u1ea1n s\u1ebd b\u1ecb lo\u1ea1i ngay l\u1eadp t\u1ee9c.<\/li>\n    <li><strong>\ud83d\udcc9 T\u1ed5ng s\u1ee5t gi\u1ea3m t\u1ed1i \u0111a (Max Drawdown):<\/strong> Gi\u00e1 tr\u1ecb t\u00e0i s\u1ea3n r\u00f2ng (Equity) kh\u00f4ng bao gi\u1edd \u0111\u01b0\u1ee3c th\u1ea5p h\u01a1n gi\u1edbi h\u1ea1n quy \u0111\u1ecbnh (v\u00ed d\u1ee5 10% v\u1ed1n ban \u0111\u1ea7u).<\/li>\n    <li><strong>\ud83d\udcf0 H\u1ea1n ch\u1ebf giao d\u1ecbch:<\/strong> M\u1ed9t s\u1ed1 c\u00f4ng ty c\u1ea5m giao d\u1ecbch khi c\u00f3 tin t\u1ee9c quan tr\u1ecdng ho\u1eb7c c\u1ea5m gi\u1eef l\u1ec7nh qua cu\u1ed1i tu\u1ea7n.<\/li>\n<\/ul><br>\n\n<h4><strong>Ph\u00e2n t\u00edch t\u1eeb Mr.Forex:<\/strong><\/h4>\nNh\u1eefng quy t\u1eafc n\u00e0y nh\u00ecn c\u00f3 v\u1ebb kh\u1eaft khe, nh\u01b0ng th\u1ef1c t\u1ebf \u0111\u00f3 ch\u00ednh l\u00e0 <strong>\"K\u1ef7 lu\u1eadt ki\u1ec3m so\u00e1t r\u1ee7i ro\"<\/strong> m\u00e0 ch\u00fang t\u00f4i lu\u00f4n nh\u1ea5n m\u1ea1nh. N\u1ebfu b\u1ea1n c\u00f3 th\u00f3i quen \u0111\u00e1nh t\u1ea5t tay (All-in), b\u1ea1n ch\u1eafc ch\u1eafn kh\u00f4ng tr\u1ee5 n\u1ed5i 3 ng\u00e0y t\u1ea1i c\u00e1c qu\u1ef9 t\u1ef1 doanh; nh\u01b0ng n\u1ebfu b\u1ea1n tu\u00e2n th\u1ee7 nghi\u00eam ng\u1eb7t qu\u1ea3n tr\u1ecb r\u1ee7i ro, vi\u1ec7c v\u01b0\u1ee3t qua k\u1ef3 thi ch\u1ec9 l\u00e0 v\u1ea5n \u0111\u1ec1 th\u1eddi gian.\n<\/span><\/div>\n\t\t<div class=\"elementor-element elementor-element-63c0e87 e-con-full e-flex e-con e-child\" data-id=\"63c0e87\" data-element_type=\"container\" data-settings=\"{&quot;background_background&quot;:&quot;classic&quot;}\">\n\t\t\t\t<div class=\"elementor-element elementor-element-dbec11a elementor-widget elementor-widget-html translation-block\" data-id=\"dbec11a\" data-element_type=\"widget\" data-widget_type=\"html.default\"><span>\n<h3><strong>\ud83c\udfc6 Danh s\u00e1ch \u0111\u1ec1 xu\u1ea5t th\u1ef1c chi\u1ebfn t\u1eeb Mr.Forex<\/strong><\/h3>\n\u0110\u1ec3 ti\u1ebft ki\u1ec7m th\u1eddi gian nghi\u00ean c\u1ee9u c\u1ee7a b\u1ea1n, t\u00f4i \u0111\u00e3 t\u1ed5ng h\u1ee3p c\u00e1c \u0111\u01a1n v\u1ecb uy t\u00edn v\u00e0 \u1ed5n \u0111\u1ecbnh nh\u1ea5t tr\u00ean th\u1ecb tr\u01b0\u1eddng hi\u1ec7n nay:\n<\/span><\/div>\n\t\t\t\t<div class=\"elementor-element elementor-element-b596fdf elementor-widget elementor-widget-html translation-block\" data-id=\"b596fdf\" data-element_type=\"widget\" data-widget_type=\"html.default\"><span>\n<strong>FTMO \u2014\u2014 Ng\u01b0\u1eddi d\u1eabn \u0111\u1ea7u ng\u00e0nh \u0111\u01b0\u1ee3c c\u00f4ng nh\u1eadn<\/strong><br><br>\n\n<ul>\n    <li><strong>\u0110\u1eb7c \u0111i\u1ec3m:<\/strong> \u0110\u01b0\u1ee3c coi l\u00e0 \"Ti\u00eau chu\u1ea9n v\u00e0ng\" trong th\u1ebf gi\u1edbi Prop Firm. Th\u1eddi gian ho\u1ea1t \u0111\u1ed9ng l\u00e2u nh\u1ea5t, uy t\u00edn v\u1eefng ch\u1eafc nh\u1ea5t, quy tr\u00ecnh r\u00fat ti\u1ec1n c\u1ef1c nhanh v\u00e0 h\u1ec7 th\u1ed1ng giao d\u1ecbch \u01b0u vi\u1ec7t.<\/li>\n    <li><strong>\u0110\u1ed1i t\u01b0\u1ee3ng ph\u00f9 h\u1ee3p:<\/strong> Nh\u00e0 giao d\u1ecbch chuy\u00ean nghi\u1ec7p \u01b0u ti\u00ean quy tr\u00ecnh chu\u1ea9n h\u00f3a v\u00e0 coi tr\u1ecdng uy t\u00edn th\u01b0\u01a1ng hi\u1ec7u.<\/li>\n  <\/ul>\n<\/span><\/div>\n\t\t\t\t<div class=\"elementor-element elementor-element-824ddcf elementor-icon-list--layout-inline elementor-list-item-link-inline elementor-widget elementor-widget-icon-list\" data-id=\"824ddcf\" data-element_type=\"widget\" data-widget_type=\"icon-list.default\">\n\t\t\t\t\t\t\t<ul class=\"elementor-icon-list-items elementor-inline-items\">\n\t\t\t\t\t\t\t<li class=\"elementor-icon-list-item elementor-inline-item\">\n\t\t\t\t\t\t\t\t\t\t\t<a href=\"https:\/\/trader.ftmo.com\/?affiliates=eHFMXPlbOlHBoIeBTdvU\" target=\"_blank\" rel=\"nofollow noopener\">\n\n\t\t\t\t\t\t\t\t\t\t\t\t<span class=\"elementor-icon-list-icon\">\n\t\t\t\t\t\t\t<svg aria-hidden=\"true\" class=\"e-font-icon-svg e-far-check-circle\" viewbox=\"0 0 512 512\" xmlns=\"http:\/\/www.w3.org\/2000\/svg\"><path d=\"M256 8C119.033 8 8 119.033 8 256s111.033 248 248 248 248-111.033 248-248S392.967 8 256 8zm0 48c110.532 0 200 89.451 200 200 0 110.532-89.451 200-200 200-110.532 0-200-89.451-200-200 0-110.532 89.451-200 200-200m140.204 130.267l-22.536-22.718c-4.667-4.705-12.265-4.736-16.97-.068L215.346 303.697l-59.792-60.277c-4.667-4.705-12.265-4.736-16.97-.069l-22.719 22.536c-4.705 4.667-4.736 12.265-.068 16.971l90.781 91.516c4.667 4.705 12.265 4.736 16.97.068l172.589-171.204c4.704-4.668 4.734-12.266.067-16.971z\"><\/path><\/svg>\t\t\t\t\t\t<\/span>\n\t\t\t\t\t\t\t\t\t\t<span class=\"elementor-icon-list-text\">Click \u0111\u1ec3 xem quy t\u1eafc th\u1eed th\u00e1ch FTMO<\/span>\n\t\t\t\t\t\t\t\t\t\t\t<\/a>\n\t\t\t\t\t\t\t\t\t<\/li>\n\t\t\t\t\t\t<\/ul>\n\t\t\t\t\t\t<\/div>\n\t\t\t\t<div class=\"elementor-element elementor-element-c798038 elementor-widget elementor-widget-html translation-block\" data-id=\"c798038\" data-element_type=\"widget\" data-widget_type=\"html.default\"><span>\n<strong>Darwinex Zero \u2014\u2014 H\u01b0\u1edbng t\u1edbi tr\u1edf th\u00e0nh Qu\u1ea3n l\u00fd qu\u1ef9<\/strong><br><br>\n\n  <ul>\n    <li><strong>\u0110\u1eb7c \u0111i\u1ec3m:<\/strong> M\u00f4 h\u00ecnh \"\u0110\u0103ng k\u00fd thu\u00ea bao\" \u0111\u1ed9c \u0111\u00e1o, kh\u00f4ng c\u00f3 \u00e1p l\u1ef1c v\u1ec1 th\u1eddi h\u1ea1n thi c\u1eed. C\u1ed1t l\u00f5i n\u1eb1m \u1edf vi\u1ec7c x\u00e2y d\u1ef1ng hi\u1ec7u su\u1ea5t d\u00e0i h\u1ea1n, nh\u1eefng ng\u01b0\u1eddi th\u1ec3 hi\u1ec7n xu\u1ea5t s\u1eafc c\u00f3 th\u1ec3 nh\u1eadn \u0111\u01b0\u1ee3c v\u1ed1n \u1ee7y th\u00e1c tr\u1ef1c ti\u1ebfp t\u1eeb t\u1ed5 ch\u1ee9c.<\/li>\n    <li><strong>\u0110\u1ed1i t\u01b0\u1ee3ng ph\u00f9 h\u1ee3p:<\/strong> Nh\u00e0 giao d\u1ecbch mu\u1ed1n tho\u00e1t kh\u1ecfi \u00e1p l\u1ef1c thi c\u1eed v\u00e0 c\u00f3 \u0111\u1ecbnh h\u01b0\u1edbng l\u00e0m \"Qu\u1ea3n l\u00fd t\u00e0i s\u1ea3n\" d\u00e0i h\u1ea1n.<\/li>\n  <\/ul>\n<\/span><\/div>\n\t\t\t\t<div class=\"elementor-element elementor-element-c584754 elementor-icon-list--layout-inline elementor-list-item-link-inline elementor-widget elementor-widget-icon-list\" data-id=\"c584754\" data-element_type=\"widget\" data-widget_type=\"icon-list.default\">\n\t\t\t\t\t\t\t<ul class=\"elementor-icon-list-items elementor-inline-items\">\n\t\t\t\t\t\t\t<li class=\"elementor-icon-list-item elementor-inline-item\">\n\t\t\t\t\t\t\t\t\t\t\t<a href=\"https:\/\/www.darwinexzero.com?fpr=6a0yb2\" target=\"_blank\" rel=\"nofollow noopener\">\n\n\t\t\t\t\t\t\t\t\t\t\t\t<span class=\"elementor-icon-list-icon\">\n\t\t\t\t\t\t\t<svg aria-hidden=\"true\" class=\"e-font-icon-svg e-far-check-circle\" viewbox=\"0 0 512 512\" xmlns=\"http:\/\/www.w3.org\/2000\/svg\"><path d=\"M256 8C119.033 8 8 119.033 8 256s111.033 248 248 248 248-111.033 248-248S392.967 8 256 8zm0 48c110.532 0 200 89.451 200 200 0 110.532-89.451 200-200 200-110.532 0-200-89.451-200-200 0-110.532 89.451-200 200-200m140.204 130.267l-22.536-22.718c-4.667-4.705-12.265-4.736-16.97-.068L215.346 303.697l-59.792-60.277c-4.667-4.705-12.265-4.736-16.97-.069l-22.719 22.536c-4.705 4.667-4.736 12.265-.068 16.971l90.781 91.516c4.667 4.705 12.265 4.736 16.97.068l172.589-171.204c4.704-4.668 4.734-12.266.067-16.971z\"><\/path><\/svg>\t\t\t\t\t\t<\/span>\n\t\t\t\t\t\t\t\t\t\t<span class=\"elementor-icon-list-text\">Click \u0111\u1ec3 nh\u1eadn m\u00e3 gi\u1ea3m gi\u00e1 20% \u0111\u1ed9c quy\u1ec1n<\/span>\n\t\t\t\t\t\t\t\t\t\t\t<\/a>\n\t\t\t\t\t\t\t\t\t<\/li>\n\t\t\t\t\t\t<\/ul>\n\t\t\t\t\t\t<\/div>\n\t\t\t\t<div class=\"elementor-element elementor-element-01023ef elementor-icon-list--layout-inline elementor-list-item-link-inline elementor-widget elementor-widget-icon-list\" data-id=\"01023ef\" data-element_type=\"widget\" data-widget_type=\"icon-list.default\">\n\t\t\t\t\t\t\t<ul class=\"elementor-icon-list-items elementor-inline-items\">\n\t\t\t\t\t\t\t<li class=\"elementor-icon-list-item elementor-inline-item\">\n\t\t\t\t\t\t\t\t\t\t\t<span class=\"elementor-icon-list-icon\">\n\t\t\t\t\t\t\t<svg aria-hidden=\"true\" class=\"e-font-icon-svg e-fas-bullhorn\" viewbox=\"0 0 576 512\" xmlns=\"http:\/\/www.w3.org\/2000\/svg\"><path d=\"M576 240c0-23.63-12.95-44.04-32-55.12V32.01C544 23.26 537.02 0 512 0c-7.12 0-14.19 2.38-19.98 7.02l-85.03 68.03C364.28 109.19 310.66 128 256 128H64c-35.35 0-64 28.65-64 64v96c0 35.35 28.65 64 64 64h33.7c-1.39 10.48-2.18 21.14-2.18 32 0 39.77 9.26 77.35 25.56 110.94 5.19 10.69 16.52 17.06 28.4 17.06h74.28c26.05 0 41.69-29.84 25.9-50.56-16.4-21.52-26.15-48.36-26.15-77.44 0-11.11 1.62-21.79 4.41-32H256c54.66 0 108.28 18.81 150.98 52.95l85.03 68.03a32.023 32.023 0 0 0 19.98 7.02c24.92 0 32-22.78 32-32V295.13C563.05 284.04 576 263.63 576 240zm-96 141.42l-33.05-26.44C392.95 311.78 325.12 288 256 288v-96c69.12 0 136.95-23.78 190.95-66.98L480 98.58v282.84z\"><\/path><\/svg>\t\t\t\t\t\t<\/span>\n\t\t\t\t\t\t\t\t\t\t<span class=\"elementor-icon-list-text\"><strong>M\u00e3 \u01b0u \u0111\u00e3i:\u00a0<\/strong>ZEROPARTNER_20<\/span>\n\t\t\t\t\t\t\t\t\t<\/li>\n\t\t\t\t\t\t<\/ul>\n\t\t\t\t\t\t<\/div>\n\t\t\t\t<div class=\"elementor-element elementor-element-6c863f8 elementor-widget elementor-widget-heading\" data-id=\"6c863f8\" data-element_type=\"widget\" data-widget_type=\"heading.default\">\n\t\t\t\t\t<span class=\"elementor-heading-title elementor-size-default\">(L\u01b0u \u00fd: \u0110\u0103ng k\u00fd qua li\u00ean k\u1ebft \u0111\u1ec3 nh\u1eadn th\u00eam \u01b0u \u0111\u00e3i, \u0111\u1ed3ng th\u1eddi h\u1ed7 tr\u1ee3 duy tr\u00ec ho\u1ea1t \u0111\u1ed9ng c\u1ee7a website.)<\/span>\t\t\t\t<\/div>\n\t\t\t\t<\/div>\n\t\t\t\t<div class=\"elementor-element elementor-element-6a1281a elementor-widget elementor-widget-html translation-block\" data-id=\"6a1281a\" data-element_type=\"widget\" data-widget_type=\"html.default\"><span>\n<h2><strong>K\u1ebft lu\u1eadn: B\u00e0i ki\u1ec3m tra t\u1ed1t nghi\u1ec7p \u2014\u2014 B\u01b0\u1edbc ti\u1ebfp theo c\u1ee7a b\u1ea1n<\/strong><\/h2>\n  H\u00e3y nh\u00ecn l\u1ea1i ch\u1eb7ng \u0111\u01b0\u1eddng b\u1ea1n \u0111\u00e3 \u0111i qua: B\u1ea1n \u0111\u00e3 l\u00e0m ch\u1ee7 ph\u1ea7n m\u1ec1m, h\u1ecdc \u0111\u01b0\u1ee3c chi\u1ebfn l\u01b0\u1ee3c v\u00e0 hi\u1ec3u r\u00f5 v\u1ec1 qu\u1ea3n tr\u1ecb r\u1ee7i ro. Gi\u1edd \u0111\u00e2y, b\u1ea1n \u0111ang n\u1eafm trong tay t\u1ea5m v\u00e9 \u0111\u1ec3 gia t\u0103ng l\u1ee3i nhu\u1eadn.<br><br>\n\n  <h3><strong>\ud83c\udf93 Khi n\u00e0o b\u1ea1n c\u00f3 th\u1ec3 b\u1eaft \u0111\u1ea7u th\u1eed th\u00e1ch?<\/strong><\/h3>\n  H\u00e3y \u0111\u1ea3m b\u1ea3o b\u1ea1n \u0111\u1ea1t \u0111\u01b0\u1ee3c <strong>\"Ti\u00eau chu\u1ea9n t\u1ed1t nghi\u1ec7p\"<\/strong> sau tr\u00ean t\u00e0i kho\u1ea3n demo:<br><br>\n  <ol>\n    <li>S\u1eed d\u1ee5ng <strong>Myfxbook<\/strong> \u0111\u1ec3 ghi l\u1ea1i k\u1ebft qu\u1ea3 giao d\u1ecbch demo trong \u00edt nh\u1ea5t 1 th\u00e1ng.<\/li>\n    <li>Ch\u1ec9 s\u1ed1 \u0111\u1ea1t chu\u1ea9n: <strong>Profit Factor &gt; 1.5<\/strong> v\u00e0 <strong>Max Drawdown &lt; 10%<\/strong>.<\/li>\n    <li>X\u00e1c nh\u1eadn t\u00e2m l\u00fd: C\u00f3 th\u1ec3 tu\u00e2n th\u1ee7 k\u1ef7 lu\u1eadt li\u00ean t\u1ee5c, ho\u00e0n to\u00e0n kh\u00f4ng xu\u1ea5t hi\u1ec7n t\u00ecnh tr\u1ea1ng \"giao d\u1ecbch tr\u1ea3 th\u00f9\".<\/li>\n  <\/ol><br>\n\n  Sau khi th\u1ecfa m\u00e3n c\u00e1c \u0111i\u1ec1u ki\u1ec7n tr\u00ean, h\u00e3y m\u1ea1nh d\u1ea1n \u0111\u0103ng k\u00fd m\u1ed9t th\u1eed th\u00e1ch v\u1edbi h\u1ea1n m\u1ee9c nh\u1ecf nh\u1ea5t. V\u00e0i ch\u1ee5c USD ph\u00ed \u0111\u0103ng k\u00fd \u0111\u00f3 s\u1ebd l\u00e0 kho\u1ea3n \u0111\u1ea7u t\u01b0 c\u00f3 ch\u1ec9 s\u1ed1 CP (hi\u1ec7u qu\u1ea3 tr\u00ean chi ph\u00ed) cao nh\u1ea5t tr\u00ean con \u0111\u01b0\u1eddng tr\u1edf th\u00e0nh nh\u00e0 giao d\u1ecbch chuy\u00ean nghi\u1ec7p c\u1ee7a b\u1ea1n.<br><br>\n\n  <strong>Ch\u00fac b\u1ea1n may m\u1eafn tr\u00ean th\u1ecb tr\u01b0\u1eddng. H\u1eb9n g\u1eb7p l\u1ea1i b\u1ea1n trong c\u00e1c kh\u00f3a h\u1ecdc n\u00e2ng cao.<\/strong><br><br>\n\n  \u2014\u2014 <strong>Mr.Forex<\/strong>\n<\/span><\/div>\n\t\t\t\t<div class=\"elementor-element elementor-element-b8c31ee elementor-icon-list--layout-inline elementor-list-item-link-inline elementor-widget elementor-widget-icon-list\" data-id=\"b8c31ee\" data-element_type=\"widget\" data-widget_type=\"icon-list.default\">\n\t\t\t\t\t\t\t<ul class=\"elementor-icon-list-items elementor-inline-items\">\n\t\t\t\t\t\t\t<li class=\"elementor-icon-list-item elementor-inline-item\">\n\t\t\t\t\t\t\t\t\t\t\t<a href=\"https:\/\/mister.forex\/vi\/ebook-hub\/\">\n\n\t\t\t\t\t\t\t\t\t\t\t\t<span class=\"elementor-icon-list-icon\">\n\t\t\t\t\t\t\t<svg aria-hidden=\"true\" class=\"e-font-icon-svg e-fas-home\" viewbox=\"0 0 576 512\" xmlns=\"http:\/\/www.w3.org\/2000\/svg\"><path d=\"M280.37 148.26L96 300.11V464a16 16 0 0 0 16 16l112.06-.29a16 16 0 0 0 15.92-16V368a16 16 0 0 1 16-16h64a16 16 0 0 1 16 16v95.64a16 16 0 0 0 16 16.05L464 480a16 16 0 0 0 16-16V300L295.67 148.26a12.19 12.19 0 0 0-15.3 0zM571.6 251.47L488 182.56V44.05a12 12 0 0 0-12-12h-56a12 12 0 0 0-12 12v72.61L318.47 43a48 48 0 0 0-61 0L4.34 251.47a12 12 0 0 0-1.6 16.9l25.5 31A12 12 0 0 0 45.15 301l235.22-193.74a12.19 12.19 0 0 1 15.3 0L530.9 301a12 12 0 0 0 16.9-1.6l25.5-31a12 12 0 0 0-1.7-16.93z\"><\/path><\/svg>\t\t\t\t\t\t<\/span>\n\t\t\t\t\t\t\t\t\t\t<span class=\"elementor-icon-list-text\">Quay l\u1ea1i trang ch\u1ee7 E-book<\/span>\n\t\t\t\t\t\t\t\t\t\t\t<\/a>\n\t\t\t\t\t\t\t\t\t<\/li>\n\t\t\t\t\t\t<\/ul>\n\t\t\t\t\t\t<\/div>\n\t\t\t\t\t<\/div>\n\t\t\t\t<\/div>\n\t\t\t\t<\/div>","protected":false},"excerpt":{"rendered":"<p>Ti\u1ebft l\u1ed9 m\u00f4 h\u00ecnh ho\u1ea1t \u0111\u1ed9ng c\u1ee7a Prop Firm (Qu\u1ef9 t\u1ef1 doanh): Kh\u00f4ng c\u1ea7n vay m\u01b0\u1ee3n, ch\u1ec9 c\u1ea7n v\u01b0\u1ee3t qua th\u1eed th\u00e1ch \u0111\u1ec3 nh\u1eadn qu\u1ef9 tr\u00ean 100.000 USD v\u1edbi m\u1ee9c chia s\u1ebb l\u1ee3i nhu\u1eadn l\u00ean \u0111\u1ebfn 80%! Mr.Forex s\u1ebd h\u01b0\u1edbng d\u1eabn b\u1ea1n c\u00e1ch d\u00f9ng ph\u00ed \u0111\u0103ng k\u00fd nh\u1ecf \u0111\u1ec3 \u0111\u1ed5i l\u1ea5y s\u00e2n ch\u01a1i chuy\u00ean nghi\u1ec7p, bi\u1ebfn k\u1ef9 n\u0103ng th\u00e0nh ti\u1ec1n m\u1eb7t v\u00e0 tho\u00e1t kh\u1ecfi v\u00f2ng l\u1eb7p t\u00e0i kho\u1ea3n nh\u1ecf.<\/p>","protected":false},"author":1,"featured_media":66049,"parent":0,"menu_order":0,"comment_status":"closed","ping_status":"closed","template":"","meta":{"footnotes":""},"tags":[128],"class_list":["post-66033","page","type-page","status-publish","has-post-thumbnail","hentry","tag-no-google"],"_links":{"self":[{"href":"https:\/\/mister.forex\/vi\/wp-json\/wp\/v2\/pages\/66033","targetHints":{"allow":["GET"]}}],"collection":[{"href":"https:\/\/mister.forex\/vi\/wp-json\/wp\/v2\/pages"}],"about":[{"href":"https:\/\/mister.forex\/vi\/wp-json\/wp\/v2\/types\/page"}],"author":[{"embeddable":true,"href":"https:\/\/mister.forex\/vi\/wp-json\/wp\/v2\/users\/1"}],"replies":[{"embeddable":true,"href":"https:\/\/mister.forex\/vi\/wp-json\/wp\/v2\/comments?post=66033"}],"version-history":[{"count":39,"href":"https:\/\/mister.forex\/vi\/wp-json\/wp\/v2\/pages\/66033\/revisions"}],"predecessor-version":[{"id":71275,"href":"https:\/\/mister.forex\/vi\/wp-json\/wp\/v2\/pages\/66033\/revisions\/71275"}],"wp:featuredmedia":[{"embeddable":true,"href":"https:\/\/mister.forex\/vi\/wp-json\/wp\/v2\/media\/66049"}],"wp:attachment":[{"href":"https:\/\/mister.forex\/vi\/wp-json\/wp\/v2\/media?parent=66033"}],"wp:term":[{"taxonomy":"post_tag","embeddable":true,"href":"https:\/\/mister.forex\/vi\/wp-json\/wp\/v2\/tags?post=66033"}],"curies":[{"name":"wp","href":"https:\/\/api.w.org\/{rel}","templated":true}]}}