{"id":66167,"date":"2026-02-07T16:48:26","date_gmt":"2026-02-07T08:48:26","guid":{"rendered":"https:\/\/mister.forex\/?page_id=66167"},"modified":"2026-04-07T18:40:08","modified_gmt":"2026-04-07T10:40:08","slug":"truth-about-telegram-forex-signal-scams","status":"publish","type":"page","link":"https:\/\/mister.forex\/vi\/truth-about-telegram-forex-signal-scams\/","title":{"rendered":"Ti\u1ebft l\u1ed9: T\u1ea1i sao 99% c\u00e1c nh\u00f3m t\u00edn hi\u1ec7u Telegram ch\u1ec9 l\u00e0 tr\u00f2 l\u1eeba \u0111\u1ea3o?"},"content":{"rendered":"<div data-elementor-type=\"wp-page\" data-elementor-id=\"66167\" class=\"elementor elementor-66167\" data-elementor-post-type=\"page\">\n\t\t\t\t<div class=\"elementor-element elementor-element-aaf4fca e-flex e-con-boxed e-con e-parent\" data-id=\"aaf4fca\" data-element_type=\"container\">\n\t\t\t\t\t<div class=\"e-con-inner\">\n\t\t\t\t<div class=\"elementor-element elementor-element-1a6da79 elementor-widget elementor-widget-heading\" data-id=\"1a6da79\" data-element_type=\"widget\" data-widget_type=\"heading.default\">\n\t\t\t\t\t<h1 class=\"elementor-heading-title elementor-size-default\">T\u00edn hi\u1ec7u Forex Telegram: C\u1ea1m b\u1eaby k\u1ef9 thu\u1eadt v\u00e0 s\u1ef1 th\u1eadt v\u1ec1 l\u1ee3i nhu\u1eadn<\/h1>\t\t\t\t<\/div>\n\t\t\t\t<div class=\"elementor-element elementor-element-2888e87 elementor-widget elementor-widget-html translation-block\" data-id=\"2888e87\" data-element_type=\"widget\" data-widget_type=\"html.default\"><span>\nKhi b\u01b0\u1edbc ch\u00e2n v\u00e0o th\u1ecb tr\u01b0\u1eddng ngo\u1ea1i h\u1ed1i (Forex), ai c\u0169ng t\u1eebng nghe c\u00e2u chuy\u1ec7n h\u1ea5p d\u1eabn n\u00e0y: \"Tham gia nh\u00f3m t\u00edn hi\u1ec7u VIP c\u1ee7a ch\u00fang t\u00f4i, ch\u1ec9 c\u1ea7n \u0111\u1eb7t l\u1ec7nh theo c\u00e1c \u0111i\u1ec3m entry m\u1ed7i ng\u00e0y, b\u1ea1n c\u00f3 th\u1ec3 ki\u1ebfm ti\u1ec1n ngay c\u1ea3 khi \u0111ang ng\u1ee7.\"<br>\nNghe c\u00f3 v\u1ebb ho\u00e0n h\u1ea3o, \u0111\u00fang kh\u00f4ng? Nh\u01b0ng v\u1edbi t\u01b0 c\u00e1ch l\u00e0 m\u1ed9t \u0111\u1ed9i ng\u0169 ph\u00e1t tri\u1ec3n \u0111\u1ecbnh l\u01b0\u1ee3ng chuy\u00ean nghi\u1ec7p, ch\u00fang t\u00f4i ph\u1ea3i n\u00f3i cho b\u1ea1n bi\u1ebft m\u1ed9t s\u1ef1 th\u1eadt ph\u0169 ph\u00e0ng: <strong>Trong c\u00e1c nh\u00f3m t\u00edn hi\u1ec7u Telegram, b\u1ea1n kh\u00f4ng ph\u1ea3i l\u00e0 \"nh\u00e0 \u0111\u1ea7u t\u01b0\", b\u1ea1n ch\u1ec9 l\u00e0 \"con m\u1ed3i\".<\/strong><br><br>\n\nD\u01b0\u1edbi \u0111\u00e2y l\u00e0 \"h\u1ec7 sinh th\u00e1i \u0111en\" m\u00e0 c\u00e1c nh\u00f3m b\u1eafn t\u00edn hi\u1ec7u n\u00e0y s\u1ebd kh\u00f4ng bao gi\u1edd ti\u1ebft l\u1ed9 cho b\u1ea1n:<br><br>\n\n<h2><strong>1. T\u00ednh n\u0103ng \"C\u1ee5c t\u1ea9y\": L\u1ecbch s\u1eed c\u00f3 th\u1ec3 \u0111\u01b0\u1ee3c vi\u1ebft l\u1ea1i<\/strong><\/h2>\nB\u1ea1n c\u00f3 th\u01b0\u1eddng th\u1ea5y m\u1ed9t nh\u00f3m ng\u1eadp tr\u00e0n tin nh\u1eafn \"\u2705 Profit Hit!\" kh\u00f4ng? \u0110\u1eebng b\u1ecb l\u1eeba. <strong>Telegram<\/strong> c\u00f3 m\u1ed9t t\u00ednh n\u0103ng c\u1ef1c k\u1ef3 m\u1ea1nh m\u1ebd l\u00e0 <strong>\"Ch\u1ec9nh s\u1eeda (Edit)\"<\/strong> v\u00e0 <strong>\"X\u00f3a (Delete)\"<\/strong>.<br><br>\n\n<img class=\"alignnone size-medium wp-image-66173\" src=\"https:\/\/mister.forex\/wp-content\/uploads\/2026\/02\/Telegram-message-edited-241x500.webp\" alt=\"Tin nh\u1eafn Telegram \u0111\u00e3 \u0111\u01b0\u1ee3c ch\u1ec9nh s\u1eeda\" width=\"241\" height=\"500\" \/><br><br>\n\n<strong>S\u1ef1 th\u1eadt l\u00e0:<\/strong> Khi th\u1ecb tr\u01b0\u1eddng \u0111i ng\u01b0\u1ee3c h\u01b0\u1edbng v\u00e0 c\u00e1c v\u1ecb th\u1ebf b\u1ecb ch\u00e1y, qu\u1ea3n tr\u1ecb vi\u00ean k\u00eanh s\u1ebd nhanh ch\u00f3ng x\u00f3a tin nh\u1eafn \u0111\u00f3 ho\u1eb7c b\u00ed m\u1eadt s\u1eeda \u0111i\u1ec3m d\u1eebng l\u1ed7 (stop-loss) th\u00e0nh \"\u0111i\u1ec3m entry\", gi\u1ea3 v\u1edd nh\u01b0 giao d\u1ecbch \u0111\u00f3 ch\u01b0a t\u1eebng x\u1ea3y ra ho\u1eb7c \u0111\u00e3 \u0111\u00f3ng l\u1ec7nh \u1edf m\u1ee9c h\u00f2a v\u1ed1n.<br>\n<ul>\n\u00a0 \u00a0 <li><strong>C\u00e1i b\u1ea1n th\u1ea5y:<\/strong> T\u1ef7 l\u1ec7 th\u1eafng 100%.<\/li>\n\u00a0 \u00a0 <li><strong>C\u00e1i th\u1ef1c s\u1ef1 x\u1ea3y ra:<\/strong> T\u00e0i kho\u1ea3n c\u1ee7a b\u1ea1n \u0111ang v\u01a1i \u0111i (ch\u00e1y t\u00e0i kho\u1ea3n), trong khi k\u00eanh c\u1ee7a h\u1ecd \u0111ang \u0103n m\u1eebng.<\/li>\n<\/ul>\n<br>\n\n<h2><strong>2. \"Ph\u00e1t s\u00f3ng m\u1ed9t chi\u1ec1u\" v\u00e0 \"Bot chim m\u1ed3i\"<\/strong><\/h2>\nT\u1ea1i sao c\u00f3 v\u1ebb nh\u01b0 m\u1ecdi ng\u01b0\u1eddi trong nh\u00f3m \u0111\u1ec1u ki\u1ebfm \u0111\u01b0\u1ee3c ti\u1ec1n, ngo\u1ea1i tr\u1eeb b\u1ea1n?<br><br>\n\n<strong>K\u1ecbch b\u1ea3n:<\/strong> Nhi\u1ec1u nh\u00f3m t\u00edn hi\u1ec7u l\u1edbn thu\u00ea \"chim m\u1ed3i\" (seeding) ho\u1eb7c c\u00e0i \u0111\u1eb7t bot t\u1ef1 \u0111\u1ed9ng. Ngay khi qu\u1ea3n tr\u1ecb vi\u00ean \u0111\u01b0a ra m\u1ed9t l\u1ec7nh m\u01a1 h\u1ed3, h\u00e0ng ch\u1ee5c tin nh\u1eafn nh\u01b0 \"C\u1ea3m \u01a1n th\u1ea7y!\", \"L\u1ea1i ki\u1ebfm \u0111\u01b0\u1ee3c 500$ r\u1ed3i!\" s\u1ebd tr\u00e0n ng\u1eadp khung chat.<br><br>\n\n\u0110\u00e2y l\u00e0 hi\u1ec7u \u1ee9ng t\u00e2m l\u00fd <strong>\"B\u1eb1ng ch\u1ee9ng x\u00e3 h\u1ed9i\" (Social Proof)<\/strong>, khi\u1ebfn b\u1ea1n nghi ng\u1edd k\u1ef9 n\u0103ng c\u1ee7a ch\u00ednh m\u00ecnh thay v\u00ec ch\u1ea5t l\u01b0\u1ee3ng t\u00edn hi\u1ec7u. Trong m\u00f4i tr\u01b0\u1eddng ph\u00e1t s\u00f3ng m\u1ed9t chi\u1ec1u n\u00e0y, b\u1ea1n kh\u00f4ng c\u00f3 ti\u1ebfng n\u00f3i v\u00e0 th\u1ef1c s\u1ef1 b\u1ecb t\u1ea9y n\u00e3o.<br><br>\n\n\"N\u1ebfu h\u1ecd th\u1ef1c s\u1ef1 c\u00f3 th\u1ec3 l\u00e0m gi\u00e0u t\u1eeb c\u00e1c t\u00edn hi\u1ec7u n\u00e0y, t\u1ea1i sao h\u1ecd l\u1ea1i c\u1ea7n v\u00e0i ch\u1ee5c \u0111\u00f4 ph\u00ed \u0111\u0103ng k\u00fd c\u1ee7a b\u1ea1n?\"<br><br>\n\n\u0110\u00e2y l\u00e0 ngh\u1ecbch l\u00fd kinh \u0111i\u1ec3n nh\u1ea5t trong gi\u1edbi Forex. M\u1ed9t trader c\u00f3 kh\u1ea3 n\u0103ng sinh l\u1eddi \u1ed5n \u0111\u1ecbnh s\u1ebd kh\u00f4ng thi\u1ebfu v\u1ed1n. H\u1ecd b\u00e1n t\u00edn hi\u1ec7u v\u00ec <strong>b\u00e1n t\u00edn hi\u1ec7u (thu nh\u1eadp kh\u00f4ng r\u1ee7i ro) d\u1ec5 ki\u1ebfm ti\u1ec1n h\u01a1n nhi\u1ec1u so v\u1edbi vi\u1ec7c t\u1ef1 giao d\u1ecbch (thu nh\u1eadp c\u00f3 r\u1ee7i ro).<\/strong><br><br>\n\n<h2><strong>3. S\u1ef1 \u1ea9n danh: Nh\u1eefng b\u00f3ng ma kh\u00f4ng th\u1ec3 truy v\u1ebft<\/strong><\/h2>\nT\u00ednh b\u1ea3o m\u1eadt cao c\u1ee7a <strong>Telegram<\/strong> l\u00e0 con dao hai l\u01b0\u1ee1i. Nh\u1eefng \"chuy\u00ean gia\" n\u00e0y th\u01b0\u1eddng kh\u00f4ng c\u00f3 th\u00f4ng tin x\u00e1c th\u1ef1c, kh\u00f4ng c\u00f3 tr\u1ee5 s\u1edf v\u0103n ph\u00f2ng, v\u00e0 c\u00e0ng kh\u00f4ng c\u00f3 b\u1ea5t k\u1ef3 gi\u1ea5y ph\u00e9p t\u00e0i ch\u00ednh n\u00e0o \u0111\u01b0\u1ee3c qu\u1ea3n l\u00fd. M\u1ed9t khi s\u1ed1 l\u01b0\u1ee3ng n\u1ea1n nh\u00e2n t\u00edch t\u1ee5 ho\u1eb7c t\u00e0i kho\u1ea3n th\u00e0nh vi\u00ean b\u1ecb ch\u00e1y h\u00e0ng lo\u1ea1t, h\u1ecd ch\u1ec9 c\u1ea7n:<br>\n<ol>\n\u00a0 \u00a0 <li>Thay \u0111\u1ed5i \u1ea3nh \u0111\u1ea1i di\u1ec7n v\u00e0 t\u00ean.<\/li>\n\u00a0 \u00a0 <li>X\u00f3a k\u00eanh c\u0169.<\/li>\n\u00a0 \u00a0 <li>M\u1edf m\u1ed9t \"Nh\u00f3m L\u1ee3i Nhu\u1eadn \u1ed4n \u0110\u1ecbnh VIP\" m\u1edbi d\u01b0\u1edbi m\u1ed9t c\u00e1i t\u00ean kh\u00e1c.<\/li>\n<\/ol><br>\n\nV\u00e0 b\u1ea1n th\u1eadm ch\u00ed c\u00f2n kh\u00f4ng bi\u1ebft h\u1ecd \u0111ang s\u1ed1ng \u1edf qu\u1ed1c gia n\u00e0o.<br><br>\n\n<h2><strong>4. Ngay c\u1ea3 khi t\u00edn hi\u1ec7u l\u00e0 th\u1eadt, b\u1ea1n c\u0169ng \"kh\u00f4ng k\u1ecbp tr\u1edf tay\"<\/strong><\/h2>\n\u0110\u00e2y l\u00e0 v\u1ea5n \u0111\u1ec1 k\u1ef9 thu\u1eadt c\u1ed1t l\u00f5i. Ngay c\u1ea3 khi g\u1eb7p m\u1ed9t \"th\u1ea7y\" c\u00f3 t\u00e2m, kho\u1ea3ng th\u1eddi gian t\u1eeb l\u00fac h\u1ecd g\u1eedi tin nh\u1eafn th\u1ee7 c\u00f4ng \u0111\u1ebfn khi th\u00f4ng b\u00e1o hi\u1ec7n l\u00ean tr\u00ean \u0111i\u1ec7n tho\u1ea1i b\u1ea1n th\u01b0\u1eddng c\u00f3 \u0111\u1ed9 tr\u1ec5 t\u1eeb <strong>5 \u0111\u1ebfn 30 gi\u00e2y<\/strong>.<br><br>\n\n\u0110\u1ed1i v\u1edbi V\u00e0ng (XAUUSD) ho\u1eb7c giao d\u1ecbch l\u01b0\u1edbt s\u00f3ng (Scalping), \u0111\u1ed9 tr\u1ec5 3 gi\u00e2y l\u00e0 \u0111\u1ee7 \u0111\u1ec3 l\u1ee3i nhu\u1eadn bi\u1ebfn m\u1ea5t.<br><br>\n\n<strong>Th\u1ea7y v\u00e0o l\u1ec7nh \u1edf 4600.00, \u0111\u1ebfn khi b\u1ea1n m\u1edf \u0111\u01b0\u1ee3c App v\u00e0o l\u1ec7nh th\u00ec gi\u00e1 \u0111\u00e3 l\u00e0 4601.50. Khi h\u1ecd ch\u1ed1t l\u1eddi tho\u00e1t l\u1ec7nh, b\u1ea1n c\u00f3 l\u1ebd m\u1edbi ch\u1ec9 \u0111ang \u1edf m\u1ee9c h\u00f2a v\u1ed1n.<\/strong><br><br>\n\n<h2><strong>T\u1ed5ng k\u1ebft: B\u1ea1n n\u00ean t\u00ecm ki\u1ebfm \"B\u1eb1ng ch\u1ee9ng\", ch\u1ee9 kh\u00f4ng ph\u1ea3i \"L\u1eddi h\u1ee9a\"<\/strong><\/h2>\nTrong l\u0129nh v\u1ef1c \u0111\u1ea7u t\u01b0 chuy\u00ean nghi\u1ec7p, ch\u00fang t\u00f4i kh\u00f4ng nh\u00ecn v\u00e0o \u1ea3nh ch\u1ee5p m\u00e0n h\u00ecnh hay tin nh\u1eafn h\u00f4 h\u00e0o. Ch\u00fang t\u00f4i nh\u00ecn v\u00e0o l\u1ecbch s\u1eed giao d\u1ecbch d\u00e0i h\u1ea1n \u0111\u01b0\u1ee3c <strong>x\u00e1c th\u1ef1c b\u1edfi b\u00ean th\u1ee9 ba uy t\u00edn nh\u01b0 Myfxbook<\/strong>.<br><br>\n\nN\u1ebfu b\u1ea1n \u0111\u00e3 m\u1ec7t m\u1ecfi v\u1edbi vi\u1ec7c m\u1ea5t ti\u1ec1n trong m\u1edb h\u1ed7n \u0111\u1ed9n c\u1ee7a tin nh\u1eafn <strong>Telegram<\/strong> v\u00e0 mu\u1ed1n bi\u1ebft t\u1ea1i sao ngay c\u1ea3 nh\u1eefng t\u00edn hi\u1ec7u \"\u0111\u00fang\" c\u0169ng khi\u1ebfn b\u1ea1n ch\u00e1y t\u00fai, h\u00e3y \u0111\u1ecdc b\u00e0i ph\u00e2n t\u00edch chuy\u00ean s\u00e2u ti\u1ebfp theo c\u1ee7a ch\u00fang t\u00f4i.\n<\/span><\/div>\n\t\t\t\t<div class=\"elementor-element elementor-element-1344d8a elementor-icon-list--layout-inline elementor-list-item-link-inline elementor-widget elementor-widget-icon-list\" data-id=\"1344d8a\" data-element_type=\"widget\" data-widget_type=\"icon-list.default\">\n\t\t\t\t\t\t\t<ul class=\"elementor-icon-list-items elementor-inline-items\">\n\t\t\t\t\t\t\t<li class=\"elementor-icon-list-item elementor-inline-item\">\n\t\t\t\t\t\t\t\t\t\t\t<a href=\"https:\/\/mister.forex\/vi\/why-we-dont-provide-telegram-signal-group\/\">\n\n\t\t\t\t\t\t\t\t\t\t\t\t<span class=\"elementor-icon-list-icon\">\n\t\t\t\t\t\t\t<svg aria-hidden=\"true\" class=\"e-font-icon-svg e-fas-arrow-alt-circle-right\" viewbox=\"0 0 512 512\" xmlns=\"http:\/\/www.w3.org\/2000\/svg\"><path d=\"M256 8c137 0 248 111 248 248S393 504 256 504 8 393 8 256 119 8 256 8zM140 300h116v70.9c0 10.7 13 16.1 20.5 8.5l114.3-114.9c4.7-4.7 4.7-12.2 0-16.9l-114.3-115c-7.6-7.6-20.5-2.2-20.5 8.5V212H140c-6.6 0-12 5.4-12 12v64c0 6.6 5.4 12 12 12z\"><\/path><\/svg>\t\t\t\t\t\t<\/span>\n\t\t\t\t\t\t\t\t\t\t<span class=\"elementor-icon-list-text\">T\u1ea1i sao ch\u00fang t\u00f4i \"t\u1eeb ch\u1ed1i\" cung c\u1ea5p c\u00e1c nh\u00f3m t\u00edn hi\u1ec7u giao d\u1ecbch tr\u00ean Telegram?<\/span>\n\t\t\t\t\t\t\t\t\t\t\t<\/a>\n\t\t\t\t\t\t\t\t\t<\/li>\n\t\t\t\t\t\t<\/ul>\n\t\t\t\t\t\t<\/div>\n\t\t\t\t\t<\/div>\n\t\t\t\t<\/div>\n\t\t\t\t<\/div>","protected":false},"excerpt":{"rendered":"<p>B\u00e0i vi\u1ebft n\u00e0y ti\u1ebft l\u1ed9 4 b\u00ed m\u1eadt \u0111en t\u1ed1i c\u1ee7a c\u00e1c nh\u00f3m t\u00edn hi\u1ec7u, bao g\u1ed3m gi\u1ea3 m\u1ea1o h\u1ed3 s\u01a1 v\u00e0 bot \u1ea3o. \u0110\u1ed9i ng\u0169 chuy\u00ean gia c\u1ee7a ch\u00fang t\u00f4i s\u1ebd gi\u1ea3i m\u00e3 c\u1ea1m b\u1eaby trong 99% c\u00e1c nh\u00f3m \u0111\u1ec3 gi\u00fap b\u1ea1n b\u1ea3o v\u1ec7 t\u00e0i s\u1ea3n c\u1ee7a m\u00ecnh!<\/p>","protected":false},"author":1,"featured_media":66326,"parent":0,"menu_order":0,"comment_status":"closed","ping_status":"closed","template":"","meta":{"footnotes":""},"tags":[128],"class_list":["post-66167","page","type-page","status-publish","has-post-thumbnail","hentry","tag-no-google"],"rankMath":{"parentDomain":"mister.forex","noFollowDomains":[],"noFollowExcludeDomains":[],"noFollowExternalLinks":false,"featuredImageNotice":"H\u00ecnh \u1ea3nh n\u1ed5i b\u1eadt n\u00ean c\u00f3 k\u00edch th\u01b0\u1edbc \u00edt nh\u1ea5t 200 x 200 pixel \u0111\u1ec3 \u0111\u01b0\u1ee3c Facebook v\u00e0 c\u00e1c trang m\u1ea1ng x\u00e3 h\u1ed9i kh\u00e1c ch\u1ecdn.","pluginReviewed":false,"postSettings":{"linkSuggestions":true,"useFocusKeyword":false},"frontEndScore":false,"postName":"truth-about-telegram-forex-signal-scams","permalinkFormat":"https:\/\/mister.forex\/vi\/%pagename%\/","showLockModifiedDate":true,"assessor":{"focusKeywordLink":"https:\/\/mister.forex\/wp-admin\/edit.php?focus_keyword=%focus_keyword%&post_type=%post_type%","hasTOCPlugin":true,"primaryTaxonomy":false,"serpData":{"title":"","description":"","focusKeywords":"Telegram \u8a0a\u865f\u7fa4","pillarContent":false,"canonicalUrl":"","breadcrumbTitle":"","advancedRobots":{"max-snippet":"-1","max-video-preview":false,"max-image-preview":"large"},"facebookTitle":"","facebookDescription":"","facebookImage":"","facebookImageID":"","facebookHasOverlay":false,"facebookImageOverlay":"","facebookAuthor":"","twitterCardType":"","twitterUseFacebook":true,"twitterTitle":"","twitterDescription":"","twitterImage":"","twitterImageID":"","twitterHasOverlay":false,"twitterImageOverlay":"","twitterPlayerUrl":"","twitterPlayerSize":"","twitterPlayerStream":"","twitterPlayerStreamCtype":"","twitterAppDescription":"","twitterAppIphoneName":"","twitterAppIphoneID":"","twitterAppIphoneUrl":"","twitterAppIpadName":"","twitterAppIpadID":"","twitterAppIpadUrl":"","twitterAppGoogleplayName":"","twitterAppGoogleplayID":"","twitterAppGoogleplayUrl":"","twitterAppCountry":"","robots":{"index":true},"twitterAuthor":"t\u00ean ng\u01b0\u1eddi d\u00f9ng","primaryTerm":0,"authorName":"Mr.Forex","titleTemplate":"%title%","descriptionTemplate":"%excerpt%","showScoreFrontend":true,"lockModifiedDate":false},"powerWords":[],"diacritics":{"A":"[\\u0041\\u24B6\\uFF21\\u00C0\\u00C1\\u00C2\\u1EA6\\u1EA4\\u1EAA\\u1EA8\\u00C3\\u0100\\u0102\\u1EB0\\u1EAE\\u1EB4\\u1EB2\\u0226\\u01E0\\u00C4\\u01DE\\u1EA2\\u00C5\\u01FA\\u01CD\\u0200\\u0202\\u1EA0\\u1EAC\\u1EB6\\u1E00\\u0104\\u023A\\u2C6F]","AA":"[\\uA732]","AE":"[\\u00C6\\u01FC\\u01E2]","AO":"[\\uA734]","AU":"[\\uA736]","AV":"[\\uA738\\uA73A]","AY":"[\\uA73C]","B":"[\\u0042\\u24B7\\uFF22\\u1E02\\u1E04\\u1E06\\u0243\\u0182\\u0181]","C":"[\\u0043\\u24B8\\uFF23\\u0106\\u0108\\u010A\\u010C\\u00C7\\u1E08\\u0187\\u023B\\uA73E]","D":"[\\u0044\\u24B9\\uFF24\\u1E0A\\u010E\\u1E0C\\u1E10\\u1E12\\u1E0E\\u0110\\u018B\\u018A\\u0189\\uA779]","DZ":"[\\u01F1\\u01C4]","Dz":"[\\u01F2\\u01C5]","E":"[\\u0045\\u24BA\\uFF25\\u00C8\\u00C9\\u00CA\\u1EC0\\u1EBE\\u1EC4\\u1EC2\\u1EBC\\u0112\\u1E14\\u1E16\\u0114\\u0116\\u00CB\\u1EBA\\u011A\\u0204\\u0206\\u1EB8\\u1EC6\\u0228\\u1E1C\\u0118\\u1E18\\u1E1A\\u0190\\u018E]","F":"[\\u0046\\u24BB\\uFF26\\u1E1E\\u0191\\uA77B]","G":"[\\u0047\\u24BC\\uFF27\\u01F4\\u011C\\u1E20\\u011E\\u0120\\u01E6\\u0122\\u01E4\\u0193\\uA7A0\\uA77D\\uA77E]","H":"[\\u0048\\u24BD\\uFF28\\u0124\\u1E22\\u1E26\\u021E\\u1E24\\u1E28\\u1E2A\\u0126\\u2C67\\u2C75\\uA78D]","I":"[\\u0049\\u24BE\\uFF29\\u00CC\\u00CD\\u00CE\\u0128\\u012A\\u012C\\u0130\\u00CF\\u1E2E\\u1EC8\\u01CF\\u0208\\u020A\\u1ECA\\u012E\\u1E2C\\u0197]","J":"[\\u004A\\u24BF\\uFF2A\\u0134\\u0248]","K":"[\\u004B\\u24C0\\uFF2B\\u1E30\\u01E8\\u1E32\\u0136\\u1E34\\u0198\\u2C69\\uA740\\uA742\\uA744\\uA7A2]","L":"[\\u004C\\u24C1\\uFF2C\\u013F\\u0139\\u013D\\u1E36\\u1E38\\u013B\\u1E3C\\u1E3A\\u0141\\u023D\\u2C62\\u2C60\\uA748\\uA746\\uA780]","LJ":"[\\u01C7]","Lj":"[\\u01C8]","M":"[\\u004D\\u24C2\\uFF2D\\u1E3E\\u1E40\\u1E42\\u2C6E\\u019C]","N":"[\\u004E\\u24C3\\uFF2E\\u01F8\\u0143\\u00D1\\u1E44\\u0147\\u1E46\\u0145\\u1E4A\\u1E48\\u0220\\u019D\\uA790\\uA7A4]","NJ":"[\\u01CA]","Nj":"[\\u01CB]","O":"[\\u004F\\u24C4\\uFF2F\\u00D2\\u00D3\\u00D4\\u1ED2\\u1ED0\\u1ED6\\u1ED4\\u00D5\\u1E4C\\u022C\\u1E4E\\u014C\\u1E50\\u1E52\\u014E\\u022E\\u0230\\u00D6\\u022A\\u1ECE\\u0150\\u01D1\\u020C\\u020E\\u01A0\\u1EDC\\u1EDA\\u1EE0\\u1EDE\\u1EE2\\u1ECC\\u1ED8\\u01EA\\u01EC\\u00D8\\u01FE\\u0186\\u019F\\uA74A\\uA74C]","OI":"[\\u01A2]","OO":"[\\uA74E]","OU":"[\\u0222]","P":"[\\u0050\\u24C5\\uFF30\\u1E54\\u1E56\\u01A4\\u2C63\\uA750\\uA752\\uA754]","Q":"[\\u0051\\u24C6\\uFF31\\uA756\\uA758\\u024A]","R":"[\\u0052\\u24C7\\uFF32\\u0154\\u1E58\\u0158\\u0210\\u0212\\u1E5A\\u1E5C\\u0156\\u1E5E\\u024C\\u2C64\\uA75A\\uA7A6\\uA782]","S":"[\\u0053\\u24C8\\uFF33\\u1E9E\\u015A\\u1E64\\u015C\\u1E60\\u0160\\u1E66\\u1E62\\u1E68\\u0218\\u015E\\u2C7E\\uA7A8\\uA784]","T":"[\\u0054\\u24C9\\uFF34\\u1E6A\\u0164\\u1E6C\\u021A\\u0162\\u1E70\\u1E6E\\u0166\\u01AC\\u01AE\\u023E\\uA786]","TZ":"[\\uA728]","U":"[\\u0055\\u24CA\\uFF35\\u00D9\\u00DA\\u00DB\\u0168\\u1E78\\u016A\\u1E7A\\u016C\\u00DC\\u01DB\\u01D7\\u01D5\\u01D9\\u1EE6\\u016E\\u0170\\u01D3\\u0214\\u0216\\u01AF\\u1EEA\\u1EE8\\u1EEE\\u1EEC\\u1EF0\\u1EE4\\u1E72\\u0172\\u1E76\\u1E74\\u0244]","V":"[\\u0056\\u24CB\\uFF36\\u1E7C\\u1E7E\\u01B2\\uA75E\\u0245]","VY":"[\\uA760]","W":"[\\u0057\\u24CC\\uFF37\\u1E80\\u1E82\\u0174\\u1E86\\u1E84\\u1E88\\u2C72]","X":"[\\u0058\\u24CD\\uFF38\\u1E8A\\u1E8C]","Y":"[\\u0059\\u24CE\\uFF39\\u1EF2\\u00DD\\u0176\\u1EF8\\u0232\\u1E8E\\u0178\\u1EF6\\u1EF4\\u01B3\\u024E\\u1EFE]","Z":"[\\u005A\\u24CF\\uFF3A\\u0179\\u1E90\\u017B\\u017D\\u1E92\\u1E94\\u01B5\\u0224\\u2C7F\\u2C6B\\uA762]","a":"[\\u0061\\u24D0\\uFF41\\u1E9A\\u00E0\\u00E1\\u00E2\\u1EA7\\u1EA5\\u1EAB\\u1EA9\\u00E3\\u0101\\u0103\\u1EB1\\u1EAF\\u1EB5\\u1EB3\\u0227\\u01E1\\u00E4\\u01DF\\u1EA3\\u00E5\\u01FB\\u01CE\\u0201\\u0203\\u1EA1\\u1EAD\\u1EB7\\u1E01\\u0105\\u2C65\\u0250]","aa":"[\\uA733]","ae":"[\\u00E6\\u01FD\\u01E3]","ao":"[\\uA735]","au":"[\\uA737]","av":"[\\uA739\\uA73B]","ay":"[\\uA73D]","b":"[\\u0062\\u24D1\\uFF42\\u1E03\\u1E05\\u1E07\\u0180\\u0183\\u0253]","c":"[\\u0063\\u24D2\\uFF43\\u0107\\u0109\\u010B\\u010D\\u00E7\\u1E09\\u0188\\u023C\\uA73F\\u2184]","d":"[\\u0064\\u24D3\\uFF44\\u1E0B\\u010F\\u1E0D\\u1E11\\u1E13\\u1E0F\\u0111\\u018C\\u0256\\u0257\\uA77A]","dz":"[\\u01F3\\u01C6]","e":"[\\u0065\\u24D4\\uFF45\\u00E8\\u00E9\\u00EA\\u1EC1\\u1EBF\\u1EC5\\u1EC3\\u1EBD\\u0113\\u1E15\\u1E17\\u0115\\u0117\\u00EB\\u1EBB\\u011B\\u0205\\u0207\\u1EB9\\u1EC7\\u0229\\u1E1D\\u0119\\u1E19\\u1E1B\\u0247\\u025B\\u01DD]","f":"[\\u0066\\u24D5\\uFF46\\u1E1F\\u0192\\uA77C]","g":"[\\u0067\\u24D6\\uFF47\\u01F5\\u011D\\u1E21\\u011F\\u0121\\u01E7\\u0123\\u01E5\\u0260\\uA7A1\\u1D79\\uA77F]","h":"[\\u0068\\u24D7\\uFF48\\u0125\\u1E23\\u1E27\\u021F\\u1E25\\u1E29\\u1E2B\\u1E96\\u0127\\u2C68\\u2C76\\u0265]","hv":"[\\u0195]","i":"[\\u0069\\u24D8\\uFF49\\u00EC\\u00ED\\u00EE\\u0129\\u012B\\u012D\\u00EF\\u1E2F\\u1EC9\\u01D0\\u0209\\u020B\\u1ECB\\u012F\\u1E2D\\u0268\\u0131]","j":"[\\u006A\\u24D9\\uFF4A\\u0135\\u01F0\\u0249]","k":"[\\u006B\\u24DA\\uFF4B\\u1E31\\u01E9\\u1E33\\u0137\\u1E35\\u0199\\u2C6A\\uA741\\uA743\\uA745\\uA7A3]","l":"[\\u006C\\u24DB\\uFF4C\\u0140\\u013A\\u013E\\u1E37\\u1E39\\u013C\\u1E3D\\u1E3B\\u017F\\u0142\\u019A\\u026B\\u2C61\\uA749\\uA781\\uA747]","lj":"[\\u01C9]","m":"[\\u006D\\u24DC\\uFF4D\\u1E3F\\u1E41\\u1E43\\u0271\\u026F]","n":"[\\u006E\\u24DD\\uFF4E\\u01F9\\u0144\\u00F1\\u1E45\\u0148\\u1E47\\u0146\\u1E4B\\u1E49\\u019E\\u0272\\u0149\\uA791\\uA7A5]","nj":"[\\u01CC]","o":"[\\u006F\\u24DE\\uFF4F\\u00F2\\u00F3\\u00F4\\u1ED3\\u1ED1\\u1ED7\\u1ED5\\u00F5\\u1E4D\\u022D\\u1E4F\\u014D\\u1E51\\u1E53\\u014F\\u022F\\u0231\\u00F6\\u022B\\u1ECF\\u0151\\u01D2\\u020D\\u020F\\u01A1\\u1EDD\\u1EDB\\u1EE1\\u1EDF\\u1EE3\\u1ECD\\u1ED9\\u01EB\\u01ED\\u00F8\\u01FF\\u0254\\uA74B\\uA74D\\u0275]","oi":"[\\u01A3]","ou":"[\\u0223]","oo":"[\\uA74F]","p":"[\\u0070\\u24DF\\uFF50\\u1E55\\u1E57\\u01A5\\u1D7D\\uA751\\uA753\\uA755]","q":"[\\u0071\\u24E0\\uFF51\\u024B\\uA757\\uA759]","r":"[\\u0072\\u24E1\\uFF52\\u0155\\u1E59\\u0159\\u0211\\u0213\\u1E5B\\u1E5D\\u0157\\u1E5F\\u024D\\u027D\\uA75B\\uA7A7\\uA783]","s":"[\\u0073\\u24E2\\uFF53\\u015B\\u1E65\\u015D\\u1E61\\u0161\\u1E67\\u1E63\\u1E69\\u0219\\u015F\\u023F\\uA7A9\\uA785\\u1E9B]","ss":"[\\u00DF]","t":"[\\u0074\\u24E3\\uFF54\\u1E6B\\u1E97\\u0165\\u1E6D\\u021B\\u0163\\u1E71\\u1E6F\\u0167\\u01AD\\u0288\\u2C66\\uA787]","tz":"[\\uA729]","u":"[\\u0075\\u24E4\\uFF55\\u00F9\\u00FA\\u00FB\\u0169\\u1E79\\u016B\\u1E7B\\u016D\\u00FC\\u01DC\\u01D8\\u01D6\\u01DA\\u1EE7\\u016F\\u0171\\u01D4\\u0215\\u0217\\u01B0\\u1EEB\\u1EE9\\u1EEF\\u1EED\\u1EF1\\u1EE5\\u1E73\\u0173\\u1E77\\u1E75\\u0289]","v":"[\\u0076\\u24E5\\uFF56\\u1E7D\\u1E7F\\u028B\\uA75F\\u028C]","vy":"[\\uA761]","w":"[\\u0077\\u24E6\\uFF57\\u1E81\\u1E83\\u0175\\u1E87\\u1E85\\u1E98\\u1E89\\u2C73]","x":"[\\u0078\\u24E7\\uFF58\\u1E8B\\u1E8D]","y":"[\\u0079\\u24E8\\uFF59\\u1EF3\\u00FD\\u0177\\u1EF9\\u0233\\u1E8F\\u00FF\\u1EF7\\u1E99\\u1EF5\\u01B4\\u024F\\u1EFF]","z":"[\\u007A\\u24E9\\uFF5A\\u017A\\u1E91\\u017C\\u017E\\u1E93\\u1E95\\u01B6\\u0225\\u0240\\u2C6C\\uA763]"},"researchesTests":["contentHasTOC","contentHasShortParagraphs","contentHasAssets","keywordInTitle","keywordInMetaDescription","keywordInPermalink","keywordIn10Percent","keywordInContent","keywordInSubheadings","keywordInImageAlt","keywordDensity","keywordNotUsed","lengthContent","lengthPermalink","linksHasInternal","linksHasExternals","linksNotAllExternals","titleStartWithKeyword","titleSentiment","titleHasPowerWords","titleHasNumber","hasContentAI"],"hasRedirection":true,"hasBreadcrumb":true},"homeUrl":"https:\/\/mister.forex\/vi","objectID":66167,"objectType":"post","locale":"vi","localeFull":"vi","overlayImages":{"play":{"name":"Bi\u1ec3u t\u01b0\u1ee3ng ph\u00e1t","url":"https:\/\/mister.forex\/wp-content\/plugins\/seo-by-rank-math\/assets\/admin\/img\/icon-play.png","path":"C:\\Apache24\\htdocs\\wp-content\\plugins\\seo-by-rank-math\/assets\/admin\/img\/icon-play.png","position":"middle_center"},"gif":{"name":"Bi\u1ec3u t\u01b0\u1ee3ng GIF","url":"https:\/\/mister.forex\/wp-content\/plugins\/seo-by-rank-math\/assets\/admin\/img\/icon-gif.png","path":"C:\\Apache24\\htdocs\\wp-content\\plugins\\seo-by-rank-math\/assets\/admin\/img\/icon-gif.png","position":"middle_center"}},"defautOgImage":"https:\/\/mister.forex\/wp-content\/uploads\/2024\/09\/Mr-Forex-LV-Deep-Blue.webp","customPermalinks":true,"isUserRegistered":true,"autoSuggestKeywords":true,"connectSiteUrl":"https:\/\/rankmath.com\/auth?site=https%3A%2F%2Fmister.forex%2Fvi&r=https%3A%2F%2Fmister.forex%2Fvi%2Fwp-json%2Fwp%2Fv2%2Fpages%2F66167%3Fnonce%3D09d0b46330&pro=1","maxTags":100,"trendsIcon":"<svg viewBox=\"0 0 610 610\"><path d=\"M18.85,446,174.32,290.48l58.08,58.08L76.93,504a14.54,14.54,0,0,1-20.55,0L18.83,466.48a14.54,14.54,0,0,1,0-20.55Z\" style=\"fill:#4285f4\"\/><path d=\"M242.65,242.66,377.59,377.6l-47.75,47.75a14.54,14.54,0,0,1-20.55,0L174.37,290.43l47.75-47.75A14.52,14.52,0,0,1,242.65,242.66Z\" style=\"fill:#ea4335\"\/><polygon points=\"319.53 319.53 479.26 159.8 537.34 217.88 377.61 377.62 319.53 319.53\" style=\"fill:#fabb05\"\/><path d=\"M594.26,262.73V118.61h0a16.94,16.94,0,0,0-16.94-16.94H433.2a16.94,16.94,0,0,0-12,28.92L565.34,274.71h0a16.94,16.94,0,0,0,28.92-12Z\" style=\"fill:#34a853\"\/><rect width=\"610\" height=\"610\" style=\"fill:none\"\/><\/svg>","showScore":true,"siteFavIcon":"https:\/\/mister.forex\/wp-content\/uploads\/2024\/09\/mr-forex-logo-144x144-1-100x100.webp","canUser":{"general":false,"advanced":false,"snippet":false,"social":false,"analysis":false,"analytics":false,"content_ai":false},"showKeywordIntent":true,"isPro":true,"is_front_page":false,"trendsUpgradeLink":"https:\/\/rankmath.com\/pricing\/?utm_source=Plugin&utm_medium=CE%20General%20Tab%20Trends&utm_campaign=WP","trendsUpgradeLabel":"N\u00e2ng c\u1ea5p","trendsPreviewImage":"https:\/\/mister.forex\/wp-content\/plugins\/seo-by-rank-math\/assets\/admin\/img\/trends-preview.jpg","currentEditor":false,"homepageData":{"assessor":{"powerWords":[],"diacritics":true,"researchesTests":["contentHasTOC","contentHasShortParagraphs","contentHasAssets","keywordInTitle","keywordInMetaDescription","keywordInPermalink","keywordIn10Percent","keywordInContent","keywordInSubheadings","keywordInImageAlt","keywordDensity","keywordNotUsed","lengthContent","lengthPermalink","linksHasInternal","linksHasExternals","linksNotAllExternals","titleStartWithKeyword","titleSentiment","titleHasPowerWords","titleHasNumber","hasContentAI"],"hasBreadcrumb":true,"serpData":{"title":"%sitename% %page% %sep% %sitedesc%","description":"","titleTemplate":"%sitename% %page% %sep% %sitedesc%","descriptionTemplate":"","focusKeywords":"","breadcrumbTitle":"Home","robots":{"index":true},"advancedRobots":{"max-snippet":"-1","max-video-preview":false,"max-image-preview":"large"},"facebookTitle":"","facebookDescription":"","facebookImage":"","facebookImageID":""}}},"searchIntents":[],"isAnalyticsConnected":true,"tocTitle":"Table of Contents","tocExcludeHeadings":[],"listStyle":"ul"},"_links":{"self":[{"href":"https:\/\/mister.forex\/vi\/wp-json\/wp\/v2\/pages\/66167","targetHints":{"allow":["GET"]}}],"collection":[{"href":"https:\/\/mister.forex\/vi\/wp-json\/wp\/v2\/pages"}],"about":[{"href":"https:\/\/mister.forex\/vi\/wp-json\/wp\/v2\/types\/page"}],"author":[{"embeddable":true,"href":"https:\/\/mister.forex\/vi\/wp-json\/wp\/v2\/users\/1"}],"replies":[{"embeddable":true,"href":"https:\/\/mister.forex\/vi\/wp-json\/wp\/v2\/comments?post=66167"}],"version-history":[{"count":39,"href":"https:\/\/mister.forex\/vi\/wp-json\/wp\/v2\/pages\/66167\/revisions"}],"predecessor-version":[{"id":69713,"href":"https:\/\/mister.forex\/vi\/wp-json\/wp\/v2\/pages\/66167\/revisions\/69713"}],"wp:featuredmedia":[{"embeddable":true,"href":"https:\/\/mister.forex\/vi\/wp-json\/wp\/v2\/media\/66326"}],"wp:attachment":[{"href":"https:\/\/mister.forex\/vi\/wp-json\/wp\/v2\/media?parent=66167"}],"wp:term":[{"taxonomy":"post_tag","embeddable":true,"href":"https:\/\/mister.forex\/vi\/wp-json\/wp\/v2\/tags?post=66167"}],"curies":[{"name":"wp","href":"https:\/\/api.w.org\/{rel}","templated":true}]}}