{"id":66209,"date":"2026-02-07T20:46:27","date_gmt":"2026-02-07T12:46:27","guid":{"rendered":"https:\/\/mister.forex\/?page_id=66209"},"modified":"2026-04-20T14:46:08","modified_gmt":"2026-04-20T06:46:08","slug":"how-to-verify-forex-performance-myfxbook","status":"publish","type":"page","link":"https:\/\/mister.forex\/vi\/how-to-verify-forex-performance-myfxbook\/","title":{"rendered":"V\u1ea1ch tr\u1ea7n l\u1eeba \u0111\u1ea3o Forex! Nh\u00e0 \u0111\u1ea7u t\u01b0 chuy\u00ean nghi\u1ec7p ch\u1ec9 tin Myfxbook, t\u1eeb ch\u1ed1i \u1ea3nh ch\u1ee5p gi\u1ea3 m\u1ea1o"},"content":{"rendered":"<div data-elementor-type=\"wp-page\" data-elementor-id=\"66209\" class=\"elementor elementor-66209\" data-elementor-post-type=\"page\">\n\t\t\t\t<div class=\"elementor-element elementor-element-e032430 e-flex e-con-boxed e-con e-parent\" data-id=\"e032430\" data-element_type=\"container\">\n\t\t\t\t\t<div class=\"e-con-inner\">\n\t\t\t\t<div class=\"elementor-element elementor-element-b269822 elementor-widget elementor-widget-heading\" data-id=\"b269822\" data-element_type=\"widget\" data-widget_type=\"heading.default\">\n\t\t\t\t\t<h1 class=\"elementor-heading-title elementor-size-default\">T\u1ea1i sao Myfxbook l\u00e0 ch\u00e2n l\u00fd duy nh\u1ea5t trong giao d\u1ecbch Forex? Kh\u00e1m ph\u00e1 chi ph\u00ed \u1ea9n sau c\u00e1c \u1ea3nh ch\u1ee5p gi\u1ea3 m\u1ea1o<\/h1>\t\t\t\t<\/div>\n\t\t\t\t<div class=\"elementor-element elementor-element-23ee36f elementor-widget elementor-widget-html translation-block\" data-id=\"23ee36f\" data-element_type=\"widget\" data-widget_type=\"html.default\"><span>\nTrong gi\u1edbi giao d\u1ecbch c\u00f3 m\u1ed9t c\u00e2u n\u00f3i n\u1ed5i ti\u1ebfng: \"N\u1ebfu b\u1ea1n kh\u00f4ng c\u00f3 b\u1ea3ng th\u00e0nh t\u00edch \u0111\u01b0\u1ee3c x\u00e1c minh b\u1edfi b\u00ean th\u1ee9 ba, th\u00ec m\u1ecdi \u0111i\u1ec1u b\u1ea1n n\u00f3i \u0111\u1ec1u l\u00e0 v\u00f4 ngh\u0129a.\"<br><br>\nKhi b\u1ea1n th\u1ea5y nh\u1eefng \"\u1ea3nh ch\u1ee5p l\u1ee3i nhu\u1eadn xanh\" h\u1ea5p d\u1eabn ho\u1eb7c \"b\u00e1o c\u00e1o t\u1ef7 l\u1ec7 th\u1eafng 100%\" tr\u00ean <strong>Telegram<\/strong>, h\u00e3y b\u00ecnh t\u0129nh v\u00e0 t\u1ef1 h\u1ecfi: Nh\u1eefng d\u1eef li\u1ec7u n\u00e0y c\u00f3 th\u1eadt kh\u00f4ng? Trong th\u1eddi \u0111\u1ea1i c\u1ee7a ph\u1ea7n m\u1ec1m ch\u1ec9nh s\u1eeda v\u00e0 t\u00e0i kho\u1ea3n Demo, chi ph\u00ed \u0111\u1ec3 t\u1ea1o ra m\u1ed9t b\u1ee9c \u1ea3nh ch\u1ee5p m\u00e0n h\u00ecnh g\u1ea7n nh\u01b0 b\u1eb1ng kh\u00f4ng.<br><br>\nL\u00e0 m\u1ed9t \u0111\u1ed9i ng\u0169 \u0111\u1ecbnh l\u01b0\u1ee3ng c\u00f3 tr\u00e1ch nhi\u1ec7m, ch\u00fang t\u00f4i s\u1ebd d\u1ea1y b\u1ea1n c\u00e1ch s\u1eed d\u1ee5ng <strong>Myfxbook<\/strong> \u0111\u1ec3 ph\u00e2n bi\u1ec7t th\u1eadt gi\u1ea3, gi\u1ed1ng nh\u01b0 c\u00e1ch c\u00e1c nh\u00e0 \u0111\u1ea7u t\u01b0 t\u1ed5 ch\u1ee9c v\u1eabn l\u00e0m.<br><br>\n\n<h2><strong>1. T\u1ea1i sao \u1ea3nh ch\u1ee5p m\u00e0n h\u00ecnh MT4 \/ MT5 kh\u00f4ng \u0111\u00e1ng tin?<\/strong><\/h2>\n\u1ea2nh ch\u1ee5p m\u00e0n h\u00ecnh ch\u1ec9 cho th\u1ea5y k\u1ebft qu\u1ea3 t\u0129nh, nh\u01b0ng kh\u00f4ng ph\u1ea3n \u00e1nh \u0111\u01b0\u1ee3c ngu\u1ed3n g\u1ed1c th\u1ef1c s\u1ef1 c\u1ee7a d\u00f2ng ti\u1ec1n hay vi\u1ec7c qu\u1ea3n l\u00fd r\u1ee7i ro t\u1ed5ng th\u1ec3.<br><br>\n<ul>\n    <li><strong>T\u00e0i kho\u1ea3n Demo gi\u1ea3 danh t\u00e0i kho\u1ea3n th\u1eadt:<\/strong> Nh\u1eefng k\u1ebb l\u1eeba \u0111\u1ea3o c\u00f3 th\u1ec3 d\u00f9ng t\u00e0i kho\u1ea3n Demo v\u1edbi s\u1ed1 d\u01b0 v\u00f4 h\u1ea1n \u0111\u1ec3 \u0111\u00e1nh nh\u1eefng l\u1ec7nh \"t\u1ea5t tay\". N\u1ebfu may m\u1eafn th\u1eafng m\u1ed9t l\u1ea7n, ch\u00fang s\u1ebd ch\u1ee5p \u1ea3nh khoe; n\u1ebfu thua, ch\u00fang ch\u1ec9 c\u1ea7n x\u00f3a t\u00e0i kho\u1ea3n v\u00e0 m\u1edf c\u00e1i m\u1edbi m\u00e0 kh\u00f4ng t\u1ed1n chi ph\u00ed n\u00e0o.<\/li><br>\n    \n    <li><strong>Ch\u1ec9nh s\u1eeda l\u1ecbch s\u1eed giao d\u1ecbch:<\/strong> C\u00f3 r\u1ea5t nhi\u1ec1u ph\u1ea7n m\u1ec1m ch\u1ec9nh s\u1eeda ho\u1eb7c c\u00f4ng c\u1ee5 can thi\u1ec7p v\u00e0o m\u00e3 ngu\u1ed3n web cho MT4\/MT5. K\u1ebb l\u1eeba \u0111\u1ea3o c\u00f3 th\u1ec3 t\u00f9y \u00fd thay \u0111\u1ed5i gi\u00e1 v\u00e0o l\u1ec7nh, gi\u00e1 \u0111\u00f3ng l\u1ec7nh, kh\u1ed1i l\u01b0\u1ee3ng v\u00e0 c\u1ea3 s\u1ed1 l\u1ee3i nhu\u1eadn \u0111\u1ec3 t\u1ea1o ra m\u1ed9t b\u1ee9c \u1ea3nh \"th\u1ea7n th\u00e1nh\".<\/li><br>\n    \n    <li><strong>Hi\u1ec3n th\u1ecb m\u1ed9t ph\u1ea7n &amp; thi\u00ean ki\u1ebfn k\u1ebb s\u1ed1ng s\u00f3t:<\/strong> Ch\u00fang ch\u1ec9 cho b\u1ea1n th\u1ea5y nh\u1eefng l\u1ec7nh \u0111\u00e3 ch\u1ed1t l\u1eddi. Nh\u1eefng kho\u1ea3n \"L\u1ed7 tr\u1ea1ng th\u00e1i (Floating Loss)\" kh\u1ed5ng l\u1ed3 c\u00f3 th\u1ec3 l\u00e0m ch\u00e1y t\u00e0i kho\u1ea3n b\u1ea5t c\u1ee9 l\u00fac n\u00e0o l\u1ea1i ho\u00e0n to\u00e0n bi\u1ebfn m\u1ea5t trong \u1ea3nh ch\u1ee5p l\u1ecbch s\u1eed.<\/li>\n<\/ul>\n<\/span><\/div>\n\t\t<div class=\"elementor-element elementor-element-a666061 e-con-full e-flex e-con e-child\" data-id=\"a666061\" data-element_type=\"container\" data-settings=\"{&quot;background_background&quot;:&quot;classic&quot;}\">\n\t\t\t\t<div class=\"elementor-element elementor-element-0c15686 elementor-widget elementor-widget-html translation-block\" data-id=\"0c15686\" data-element_type=\"widget\" data-widget_type=\"html.default\"><span>\n<strong>C\u1ea3nh b\u00e1o:<\/strong> S\u1ed1 d\u01b0 (Balance) t\u0103ng kh\u00f4ng c\u00f3 ngh\u0129a l\u00e0 t\u00e0i kho\u1ea3n an to\u00e0n; b\u1ea1n ph\u1ea3i xem v\u1ed1n th\u1ef1c c\u00f3 (Equity) m\u1edbi bi\u1ebft \u0111\u01b0\u1ee3c t\u00ecnh h\u00ecnh th\u1ef1c t\u1ebf.\n<\/span><\/div>\n\t\t\t\t<\/div>\n\t\t\t\t<div class=\"elementor-element elementor-element-70b6592 elementor-widget elementor-widget-html translation-block\" data-id=\"70b6592\" data-element_type=\"widget\" data-widget_type=\"html.default\"><span>\n<h2><strong>2. Myfxbook: \"Ch\u00e2n l\u00fd duy nh\u1ea5t\" trong Forex<\/strong><\/h2>\n<strong>Myfxbook<\/strong> l\u00e0 m\u1ed9t n\u1ec1n t\u1ea3ng ki\u1ec3m to\u00e1n \u0111\u1ed9c l\u1eadp c\u1ee7a b\u00ean th\u1ee9 ba. N\u00f3 k\u1ebft n\u1ed1i tr\u1ef1c ti\u1ebfp v\u1edbi d\u1eef li\u1ec7u g\u1ed1c c\u1ee7a t\u00e0i kho\u1ea3n giao d\u1ecbch v\u00e0 kh\u00f4ng th\u1ec3 b\u1ecb thao t\u00fang. Khi xem m\u1ed9t t\u00e0i kho\u1ea3n, h\u00e3y lu\u00f4n t\u00ecm ki\u1ebfm hai \"d\u1ea5u t\u00edch xanh\" n\u00e0y:<br>\n<\/span><\/div>\n\t\t\t\t<div class=\"elementor-element elementor-element-988074f elementor-widget elementor-widget-image\" data-id=\"988074f\" data-element_type=\"widget\" data-widget_type=\"image.default\">\n\t\t\t\t\t\t\t\t\t\t\t\t<figure class=\"wp-caption\">\n\t\t\t\t\t\t\t\t\t\t<img fetchpriority=\"high\" decoding=\"async\" width=\"600\" height=\"153\" src=\"https:\/\/mister.forex\/wp-content\/uploads\/2026\/02\/myfxbook-verified-illustration.webp\" class=\"attachment-full size-full wp-image-66318\" alt=\"C\u00e1c d\u1ea5u t\u00edch xanh &quot;L\u1ecbch s\u1eed giao d\u1ecbch \u0111\u00e3 x\u00e1c minh&quot; v\u00e0 &quot;Quy\u1ec1n giao d\u1ecbch \u0111\u00e3 x\u00e1c minh&quot; tr\u00ean Myfxbook \u0111\u1ea3m b\u1ea3o t\u00ednh x\u00e1c th\u1ef1c v\u00e0 quy\u1ec1n s\u1edf h\u1eefu d\u1eef li\u1ec7u.\" srcset=\"https:\/\/mister.forex\/wp-content\/uploads\/2026\/02\/myfxbook-verified-illustration.webp 600w, https:\/\/mister.forex\/wp-content\/uploads\/2026\/02\/myfxbook-verified-illustration-500x128.webp 500w, https:\/\/mister.forex\/wp-content\/uploads\/2026\/02\/myfxbook-verified-illustration-300x77.webp 300w, https:\/\/mister.forex\/wp-content\/uploads\/2026\/02\/myfxbook-verified-illustration-18x5.webp 18w\" sizes=\"(max-width: 600px) 100vw, 600px\" \/>\t\t\t\t\t\t\t\t\t\t\t<figcaption class=\"widget-image-caption wp-caption-text\">C\u00e1c d\u1ea5u t\u00edch xanh \"L\u1ecbch s\u1eed giao d\u1ecbch \u0111\u00e3 x\u00e1c minh\" v\u00e0 \"Quy\u1ec1n giao d\u1ecbch \u0111\u00e3 x\u00e1c minh\" tr\u00ean Myfxbook \u0111\u1ea3m b\u1ea3o t\u00ednh x\u00e1c th\u1ef1c v\u00e0 quy\u1ec1n s\u1edf h\u1eefu d\u1eef li\u1ec7u.<\/figcaption>\n\t\t\t\t\t\t\t\t\t\t<\/figure>\n\t\t\t\t\t\t\t\t\t<\/div>\n\t\t\t\t<div class=\"elementor-element elementor-element-7f51516 elementor-widget elementor-widget-html translation-block\" data-id=\"7f51516\" data-element_type=\"widget\" data-widget_type=\"html.default\"><span>\n<strong>\u2705 L\u1ecbch s\u1eed giao d\u1ecbch \u0111\u00e3 x\u00e1c minh (Track Record Verified):<\/strong><br>\n\u0110i\u1ec1u n\u00e0y c\u00f3 ngh\u0129a l\u00e0 d\u1eef li\u1ec7u \u0111\u01b0\u1ee3c \u0111\u1ecdc tr\u1ef1c ti\u1ebfp t\u1eeb m\u00e1y ch\u1ee7 c\u1ee7a nh\u00e0 m\u00f4i gi\u1edbi, kh\u00f4ng c\u00f3 kh\u1ea3 n\u0103ng b\u1ecb s\u1eeda \u0111\u1ed5i.<br><br>\n<strong>\u2705 Quy\u1ec1n giao d\u1ecbch \u0111\u00e3 x\u00e1c minh (Trading Privileges Verified):<\/strong><br>\n\u0110i\u1ec1u n\u00e0y x\u00e1c nh\u1eadn r\u1eb1ng ng\u01b0\u1eddi \u0111\u0103ng th\u1ef1c s\u1ef1 c\u00f3 quy\u1ec1n ki\u1ec3m so\u00e1t t\u00e0i kho\u1ea3n n\u00e0y, ch\u1ee9 kh\u00f4ng ph\u1ea3i l\u1ea5y tr\u1ed9m \u1ea3nh ch\u1ee5p m\u00e0n h\u00ecnh c\u1ee7a ng\u01b0\u1eddi kh\u00e1c.<br><br>\nN\u1ebfu m\u1ed9t \"ng\u01b0\u1eddi th\u1ea7y\" kh\u00f4ng d\u00e1m cung c\u1ea5p link <strong>Myfxbook<\/strong>, ho\u1eb7c trong link kh\u00f4ng c\u00f3 hai d\u1ea5u t\u00edch n\u00e0y, h\u00e3y ch\u1eb7n anh ta ngay l\u1eadp t\u1ee9c.<br><br>\n\n<h2><strong>3. \u0110\u1eebng nh\u00ecn \"ki\u1ebfm \u0111\u01b0\u1ee3c bao nhi\u00eau\", h\u00e3y nh\u00ecn \"\u0111\u00e3 s\u1ee5t gi\u1ea3m bao nhi\u00eau\" (Drawdown)<\/strong><\/h2>\nNg\u01b0\u1eddi m\u1edbi nh\u00ecn l\u1ee3i nhu\u1eadn, ng\u01b0\u1eddi c\u0169 nh\u00ecn m\u1ee9c s\u1ee5t gi\u1ea3m t\u00e0i kho\u1ea3n (Drawdown, g\u1ecdi t\u1eaft l\u00e0 DD).<br><br>\nN\u1ebfu m\u1ed9t t\u00e0i kho\u1ea3n l\u00e3i 100% nh\u01b0ng trong qu\u00e1 tr\u00ecnh \u0111\u00f3 m\u1ee9c s\u1ee5t gi\u1ea3m t\u1ed1i \u0111a t\u1eebng \u0111\u1ea1t 80%, \u0111i\u1ec1u \u0111\u00f3 c\u00f3 ngh\u0129a l\u00e0 t\u00e0i kho\u1ea3n \u0111\u00f3 c\u00f3 th\u1ec3 ch\u00e1y b\u1ea5t c\u1ee9 l\u00fac n\u00e0o. \u0110\u00f3 kh\u00f4ng ph\u1ea3i l\u00e0 giao d\u1ecbch, m\u00e0 l\u00e0 \"\u0111\u00e1nh c\u01b0\u1ee3c m\u1ea1ng s\u1ed1ng\".<br><br>\n<strong>Ti\u00eau chu\u1ea9n chuy\u00ean nghi\u1ec7p:<\/strong> Ch\u00fang t\u00f4i theo \u0111u\u1ed5i m\u1ed9t \u0111\u01b0\u1eddng cong t\u0103ng tr\u01b0\u1edfng m\u01b0\u1ee3t m\u00e0. M\u1ed9t h\u1ec7 th\u1ed1ng c\u00f3 th\u1ec3 ki\u1ec3m so\u00e1t m\u1ee9c s\u1ee5t gi\u1ea3m t\u1ed1i \u0111a trong kho\u1ea3ng 10% - 20% v\u00e0 c\u00f3 l\u1ee3i nhu\u1eadn b\u1ec1n v\u1eefng m\u1edbi l\u00e0 m\u00f4 h\u00ecnh \u0111\u1ecbnh l\u01b0\u1ee3ng \u0111\u00e1ng tin c\u1eady.<br>\n<\/span><\/div>\n\t\t\t\t<div class=\"elementor-element elementor-element-6e158f6 elementor-widget elementor-widget-image\" data-id=\"6e158f6\" data-element_type=\"widget\" data-widget_type=\"image.default\">\n\t\t\t\t\t\t\t\t\t\t\t\t<figure class=\"wp-caption\">\n\t\t\t\t\t\t\t\t\t\t<img decoding=\"async\" width=\"919\" height=\"443\" src=\"https:\/\/mister.forex\/wp-content\/uploads\/2026\/02\/smooth-upward-equity-curve-diagram.webp\" class=\"attachment-full size-full wp-image-66319\" alt=\"V\u00ed d\u1ee5 v\u1ec1 \u0111\u01b0\u1eddng cong l\u1ee3i nhu\u1eadn \u1ed5n \u0111\u1ecbnh. \u0110\u01b0\u1eddng v\u1ed1n th\u1ef1c c\u00f3 m\u00e0u v\u00e0ng v\u00e0 \u0111\u01b0\u1eddng s\u1ed1 d\u01b0 m\u00e0u \u0111\u1ecf tr\u00f9ng kh\u00edt v\u00e0 t\u0103ng \u0111\u1ec1u, cho th\u1ea5y kh\u1ea3 n\u0103ng ki\u1ec3m so\u00e1t s\u1ee5t gi\u1ea3m t\u00e0i kho\u1ea3n t\u1ed1t.\" srcset=\"https:\/\/mister.forex\/wp-content\/uploads\/2026\/02\/smooth-upward-equity-curve-diagram.webp 919w, https:\/\/mister.forex\/wp-content\/uploads\/2026\/02\/smooth-upward-equity-curve-diagram-500x241.webp 500w, https:\/\/mister.forex\/wp-content\/uploads\/2026\/02\/smooth-upward-equity-curve-diagram-300x145.webp 300w, https:\/\/mister.forex\/wp-content\/uploads\/2026\/02\/smooth-upward-equity-curve-diagram-768x370.webp 768w, https:\/\/mister.forex\/wp-content\/uploads\/2026\/02\/smooth-upward-equity-curve-diagram-18x9.webp 18w\" sizes=\"(max-width: 919px) 100vw, 919px\" \/>\t\t\t\t\t\t\t\t\t\t\t<figcaption class=\"widget-image-caption wp-caption-text\">V\u00ed d\u1ee5 v\u1ec1 \u0111\u01b0\u1eddng cong l\u1ee3i nhu\u1eadn \u1ed5n \u0111\u1ecbnh. \u0110\u01b0\u1eddng v\u1ed1n th\u1ef1c c\u00f3 m\u00e0u v\u00e0ng v\u00e0 \u0111\u01b0\u1eddng s\u1ed1 d\u01b0 m\u00e0u \u0111\u1ecf tr\u00f9ng kh\u00edt v\u00e0 t\u0103ng \u0111\u1ec1u, cho th\u1ea5y kh\u1ea3 n\u0103ng ki\u1ec3m so\u00e1t s\u1ee5t gi\u1ea3m t\u00e0i kho\u1ea3n t\u1ed1t.<\/figcaption>\n\t\t\t\t\t\t\t\t\t\t<\/figure>\n\t\t\t\t\t\t\t\t\t<\/div>\n\t\t\t\t<div class=\"elementor-element elementor-element-5ea0d62 elementor-widget elementor-widget-html translation-block\" data-id=\"5ea0d62\" data-element_type=\"widget\" data-widget_type=\"html.default\"><span>\n<h2><strong>4. S\u1ed1 d\u01b0 (Balance) vs V\u1ed1n th\u1ef1c c\u00f3 (Equity): V\u1ea1ch tr\u1ea7n b\u1eaby g\u1ed3ng l\u1ed7<\/strong><\/h2>\nNhi\u1ec1u \"th\u1ea7y d\u1ea1y\" l\u1eeba \u0111\u1ea3o c\u00f3 \"S\u1ed1 d\u01b0\" li\u00ean t\u1ee5c t\u0103ng, nh\u01b0ng \"\u0110\u01b0\u1eddng v\u1ed1n th\u1ef1c c\u00f3\" l\u1ea1i r\u01a1i xu\u1ed1ng v\u1ef1c th\u1eb3m. \u0110i\u1ec1u n\u00e0y c\u00f3 ngh\u0129a l\u00e0 h\u1ecd kh\u00f4ng ch\u1ecbu c\u1eaft l\u1ed7 v\u00e0 \u0111ang g\u1ed3ng nh\u1eefng kho\u1ea3n l\u1ed7 tr\u1ea1ng th\u00e1i kh\u1ed5ng l\u1ed3. M\u1ed9t khi th\u1ecb tr\u01b0\u1eddng kh\u00f4ng quay \u0111\u1ea7u, t\u00e0i kho\u1ea3n s\u1ebd b\u1ed1c h\u01a1i trong nh\u00e1y m\u1eaft.<br><br>\nTr\u00ean <strong>Myfxbook<\/strong>: B\u1ea1n h\u00e3y quan s\u00e1t xem \u0111\u01b0\u1eddng v\u1ed1n m\u00e0u v\u00e0ng c\u00f3 b\u00e1m s\u00e1t \u0111\u01b0\u1eddng s\u1ed1 d\u01b0 m\u00e0u \u0111\u1ecf hay kh\u00f4ng. <strong>N\u1ebfu c\u1ea3 hai l\u1ec7ch nhau qu\u00e1 xa, h\u00e3y ch\u1ea1y ngay \u0111i!<\/strong><br>\n<\/span><\/div>\n\t\t\t\t<div class=\"elementor-element elementor-element-741b874 elementor-widget elementor-widget-image\" data-id=\"741b874\" data-element_type=\"widget\" data-widget_type=\"image.default\">\n\t\t\t\t\t\t\t\t\t\t\t\t<figure class=\"wp-caption\">\n\t\t\t\t\t\t\t\t\t\t<img decoding=\"async\" width=\"919\" height=\"443\" src=\"https:\/\/mister.forex\/wp-content\/uploads\/2026\/02\/martingale-reject-stoploss-diagram.webp\" class=\"attachment-full size-full wp-image-66316\" alt=\"Bi\u1ec3u \u0111\u1ed3 v\u1ea1ch tr\u1ea7n r\u1ee7i ro g\u1ed3ng l\u1ed7. M\u0169i t\u00ean ch\u1ec9 ra \u0111\u01b0\u1eddng v\u1ed1n (v\u00e0ng) s\u1ee5t gi\u1ea3m m\u1ea1nh so v\u1edbi \u0111\u01b0\u1eddng s\u1ed1 d\u01b0 (\u0111\u1ecf), cho th\u1ea5y nguy c\u01a1 l\u1ed7 tr\u1ea1ng th\u00e1i c\u1ef1c l\u1edbn \u0111\u1ed1i v\u1edbi t\u00e0i kho\u1ea3n.\" srcset=\"https:\/\/mister.forex\/wp-content\/uploads\/2026\/02\/martingale-reject-stoploss-diagram.webp 919w, https:\/\/mister.forex\/wp-content\/uploads\/2026\/02\/martingale-reject-stoploss-diagram-500x241.webp 500w, https:\/\/mister.forex\/wp-content\/uploads\/2026\/02\/martingale-reject-stoploss-diagram-300x145.webp 300w, https:\/\/mister.forex\/wp-content\/uploads\/2026\/02\/martingale-reject-stoploss-diagram-768x370.webp 768w, https:\/\/mister.forex\/wp-content\/uploads\/2026\/02\/martingale-reject-stoploss-diagram-18x9.webp 18w\" sizes=\"(max-width: 919px) 100vw, 919px\" \/>\t\t\t\t\t\t\t\t\t\t\t<figcaption class=\"widget-image-caption wp-caption-text\">Bi\u1ec3u \u0111\u1ed3 v\u1ea1ch tr\u1ea7n r\u1ee7i ro g\u1ed3ng l\u1ed7. M\u0169i t\u00ean ch\u1ec9 ra \u0111\u01b0\u1eddng v\u1ed1n (v\u00e0ng) s\u1ee5t gi\u1ea3m m\u1ea1nh so v\u1edbi \u0111\u01b0\u1eddng s\u1ed1 d\u01b0 (\u0111\u1ecf), cho th\u1ea5y nguy c\u01a1 l\u1ed7 tr\u1ea1ng th\u00e1i c\u1ef1c l\u1edbn \u0111\u1ed1i v\u1edbi t\u00e0i kho\u1ea3n.<\/figcaption>\n\t\t\t\t\t\t\t\t\t\t<\/figure>\n\t\t\t\t\t\t\t\t\t<\/div>\n\t\t<div class=\"elementor-element elementor-element-08d76c5 e-con-full e-flex e-con e-child\" data-id=\"08d76c5\" data-element_type=\"container\" data-settings=\"{&quot;background_background&quot;:&quot;classic&quot;}\">\n\t\t\t\t<div class=\"elementor-element elementor-element-2c41fb6 elementor-widget elementor-widget-html translation-block\" data-id=\"2c41fb6\" data-element_type=\"widget\" data-widget_type=\"html.default\"><span>\n<h3><strong>Cam k\u1ebft c\u1ee7a ch\u00fang t\u00f4i: Minh b\u1ea1ch l\u00e0 ng\u00f4n ng\u1eef duy nh\u1ea5t<\/strong><\/h3>\nCh\u00fang t\u00f4i kh\u00f4ng g\u1eedi nh\u1eefng \u1ea3nh ch\u1ee5p m\u00e0n h\u00ecnh kh\u00f4ng th\u1ec3 x\u00e1c minh, m\u00e0 c\u00f4ng khai tr\u1ef1c ti\u1ebfp link t\u00e0i kho\u1ea3n th\u1ef1c. B\u1ea1n c\u00f3 th\u1ec3 theo d\u00f5i m\u1ecdi giao d\u1ecbch, m\u1ecdi m\u1ee9c s\u1ee5t gi\u1ea3m v\u00e0 m\u1ecdi \u0111\u1ed3ng l\u1ee3i nhu\u1eadn c\u1ee7a ch\u00fang t\u00f4i 24\/24. B\u1edfi v\u00ec ch\u1ec9 c\u00f3 nh\u1eefng ng\u01b0\u1eddi c\u00f3 th\u1ef1c l\u1ef1c m\u1edbi d\u00e1m ch\u1ea5p nh\u1eadn s\u1ef1 ki\u1ec3m \u0111\u1ecbnh kh\u1eaft khe t\u1eeb b\u00ean th\u1ee9 ba.\n<\/span><\/div>\n\t\t\t\t<\/div>\n\t\t\t\t<div class=\"elementor-element elementor-element-4dfb66f elementor-widget elementor-widget-html translation-block\" data-id=\"4dfb66f\" data-element_type=\"widget\" data-widget_type=\"html.default\"><span>\n<h2><strong>K\u1ebft lu\u1eadn: Sau khi \u0111\u00e3 bi\u1ebft xem d\u1eef li\u1ec7u, b\u1ea1n n\u00ean ph\u00e2n b\u1ed5 t\u00e0i s\u1ea3n nh\u01b0 th\u1ebf n\u00e0o?<\/strong><\/h2>\nH\u1ecdc c\u00e1ch ph\u00e2n bi\u1ec7t th\u1eadt gi\u1ea3 m\u1edbi ch\u1ec9 l\u00e0 b\u01b0\u1edbc \u0111\u1ea7u ti\u00ean. Trong th\u1ecb tr\u01b0\u1eddng th\u1ef1c t\u1ebf, kh\u00f4ng c\u00f3 chi\u1ebfn l\u01b0\u1ee3c n\u00e0o l\u00e0 v\u00f4 \u0111\u1ecbch m\u00e3i m\u00e3i. C\u00e1c nh\u00e0 \u0111\u1ea7u t\u01b0 chuy\u00ean nghi\u1ec7p s\u1eed d\u1ee5ng \"danh m\u1ee5c \u0111a chi\u1ebfn l\u01b0\u1ee3c\" \u0111\u1ec3 ch\u1ed1ng l\u1ea1i r\u1ee7i ro th\u1ecb tr\u01b0\u1eddng nh\u01b0 th\u1ebf n\u00e0o?\n<\/span><\/div>\n\t\t\t\t<div class=\"elementor-element elementor-element-d10242b elementor-icon-list--layout-inline elementor-list-item-link-inline elementor-widget elementor-widget-icon-list\" data-id=\"d10242b\" data-element_type=\"widget\" data-widget_type=\"icon-list.default\">\n\t\t\t\t\t\t\t<ul class=\"elementor-icon-list-items elementor-inline-items\">\n\t\t\t\t\t\t\t<li class=\"elementor-icon-list-item elementor-inline-item\">\n\t\t\t\t\t\t\t\t\t\t\t<a href=\"https:\/\/mister.forex\/vi\/hedge-fund-portfolio-logic\/\">\n\n\t\t\t\t\t\t\t\t\t\t\t\t<span class=\"elementor-icon-list-icon\">\n\t\t\t\t\t\t\t<svg aria-hidden=\"true\" class=\"e-font-icon-svg e-far-check-circle\" viewbox=\"0 0 512 512\" xmlns=\"http:\/\/www.w3.org\/2000\/svg\"><path d=\"M256 8C119.033 8 8 119.033 8 256s111.033 248 248 248 248-111.033 248-248S392.967 8 256 8zm0 48c110.532 0 200 89.451 200 200 0 110.532-89.451 200-200 200-110.532 0-200-89.451-200-200 0-110.532 89.451-200 200-200m140.204 130.267l-22.536-22.718c-4.667-4.705-12.265-4.736-16.97-.068L215.346 303.697l-59.792-60.277c-4.667-4.705-12.265-4.736-16.97-.069l-22.719 22.536c-4.705 4.667-4.736 12.265-.068 16.971l90.781 91.516c4.667 4.705 12.265 4.736 16.97.068l172.589-171.204c4.704-4.668 4.734-12.266.067-16.971z\"><\/path><\/svg>\t\t\t\t\t\t<\/span>\n\t\t\t\t\t\t\t\t\t\t<span class=\"elementor-icon-list-text\">T\u1ea1i sao qu\u1ef9 \u0111\u1ea7u c\u01a1 kh\u00f4ng bao gi\u1edd \"t\u1ea5t tay\"? Logic c\u1ed1t l\u00f5i c\u1ee7a l\u1ee3i nhu\u1eadn d\u00e0i h\u1ea1n<\/span>\n\t\t\t\t\t\t\t\t\t\t\t<\/a>\n\t\t\t\t\t\t\t\t\t<\/li>\n\t\t\t\t\t\t<\/ul>\n\t\t\t\t\t\t<\/div>\n\t\t\t\t\t<\/div>\n\t\t\t\t<\/div>\n\t\t\t\t<\/div>","protected":false},"excerpt":{"rendered":"<p>\u1ea2nh ch\u1ee5p giao d\u1ecbch Forex r\u1ea5t d\u1ec5 b\u1ecb l\u00e0m gi\u1ea3. Nh\u00e0 \u0111\u1ea7u t\u01b0 n\u00ean l\u00e0m g\u00ec \u0111\u1ec3 t\u1ef1 b\u1ea3o v\u1ec7? \u0110\u1ed9i ng\u0169 chuy\u00ean gia c\u1ee7a ch\u00fang t\u00f4i s\u1ebd gi\u1ea3i m\u00e3 c\u00e1c b\u1eaby MT4\/MT5 v\u00e0 gi\u1edbi thi\u1ec7u Myfxbook. N\u1ed9i dung ch\u00ednh: X\u00e1c minh l\u1ecbch s\u1eed, ph\u00e2n t\u00edch \u0111\u01b0\u1eddng v\u1ed1n v\u00e0 logic ph\u00e2n b\u1ed5 t\u00e0i s\u1ea3n.<\/p>","protected":false},"author":1,"featured_media":60992,"parent":0,"menu_order":0,"comment_status":"closed","ping_status":"closed","template":"","meta":{"footnotes":""},"tags":[128],"class_list":["post-66209","page","type-page","status-publish","has-post-thumbnail","hentry","tag-no-google"],"_links":{"self":[{"href":"https:\/\/mister.forex\/vi\/wp-json\/wp\/v2\/pages\/66209","targetHints":{"allow":["GET"]}}],"collection":[{"href":"https:\/\/mister.forex\/vi\/wp-json\/wp\/v2\/pages"}],"about":[{"href":"https:\/\/mister.forex\/vi\/wp-json\/wp\/v2\/types\/page"}],"author":[{"embeddable":true,"href":"https:\/\/mister.forex\/vi\/wp-json\/wp\/v2\/users\/1"}],"replies":[{"embeddable":true,"href":"https:\/\/mister.forex\/vi\/wp-json\/wp\/v2\/comments?post=66209"}],"version-history":[{"count":18,"href":"https:\/\/mister.forex\/vi\/wp-json\/wp\/v2\/pages\/66209\/revisions"}],"predecessor-version":[{"id":70492,"href":"https:\/\/mister.forex\/vi\/wp-json\/wp\/v2\/pages\/66209\/revisions\/70492"}],"wp:featuredmedia":[{"embeddable":true,"href":"https:\/\/mister.forex\/vi\/wp-json\/wp\/v2\/media\/60992"}],"wp:attachment":[{"href":"https:\/\/mister.forex\/vi\/wp-json\/wp\/v2\/media?parent=66209"}],"wp:term":[{"taxonomy":"post_tag","embeddable":true,"href":"https:\/\/mister.forex\/vi\/wp-json\/wp\/v2\/tags?post=66209"}],"curies":[{"name":"wp","href":"https:\/\/api.w.org\/{rel}","templated":true}]}}