{"id":66268,"date":"2026-02-07T21:05:51","date_gmt":"2026-02-07T13:05:51","guid":{"rendered":"https:\/\/mister.forex\/?page_id=66268"},"modified":"2026-04-21T14:49:01","modified_gmt":"2026-04-21T06:49:01","slug":"hedge-fund-portfolio-logic","status":"publish","type":"page","link":"https:\/\/mister.forex\/vi\/hedge-fund-portfolio-logic\/","title":{"rendered":"\u0110\u1eebng t\u1ea5t tay n\u1eefa! B\u00ed m\u1eadt l\u1ee3i nhu\u1eadn qu\u1ef9 \u0111\u1ea7u c\u01a1: Chi\u1ebfn l\u01b0\u1ee3c \u0111\u1ecbnh l\u01b0\u1ee3ng v\u00e0 ph\u00e2n b\u1ed5 t\u00e0i s\u1ea3n"},"content":{"rendered":"<div data-elementor-type=\"wp-page\" data-elementor-id=\"66268\" class=\"elementor elementor-66268\" data-elementor-post-type=\"page\">\n\t\t\t\t<div class=\"elementor-element elementor-element-e573153 e-flex e-con-boxed e-con e-parent\" data-id=\"e573153\" data-element_type=\"container\">\n\t\t\t\t\t<div class=\"e-con-inner\">\n\t\t\t\t<div class=\"elementor-element elementor-element-4658f0d elementor-widget elementor-widget-heading\" data-id=\"4658f0d\" data-element_type=\"widget\" data-widget_type=\"heading.default\">\n\t\t\t\t\t<h1 class=\"elementor-heading-title elementor-size-default\">T\u1ea1i sao qu\u1ef9 \u0111\u1ea7u c\u01a1 kh\u00f4ng bao gi\u1edd \"t\u1ea5t tay\"? Logic c\u1ed1t l\u00f5i c\u1ee7a l\u1ee3i nhu\u1eadn d\u00e0i h\u1ea1n<\/h1>\t\t\t\t<\/div>\n\t\t\t\t<div class=\"elementor-element elementor-element-52dd9d1 elementor-widget elementor-widget-html translation-block\" data-id=\"52dd9d1\" data-element_type=\"widget\" data-widget_type=\"html.default\"><span>\nTrong th\u1ebf gi\u1edbi \u0111\u1ea7u t\u01b0, vi\u1ec7c theo \u0111u\u1ed5i \"t\u00edn hi\u1ec7u m\u1ea1nh nh\u1ea5t duy nh\u1ea5t\" th\u01b0\u1eddng l\u00e0 kh\u1edfi \u0111\u1ea7u c\u1ee7a nh\u1eefng kho\u1ea3n l\u1ed7. V\u00ec m\u00f4i tr\u01b0\u1eddng th\u1ecb tr\u01b0\u1eddng lu\u00f4n xoay v\u00f2ng, kh\u00f4ng c\u00f3 thu\u1eadt to\u00e1n n\u00e0o c\u00f3 th\u1ec3 m\u00e3i m\u00e3i b\u1ea5t b\u1ea1i.<br><br>\nC\u00e1c t\u1ed5 ch\u1ee9c chuy\u00ean nghi\u1ec7p t\u1ed3n t\u1ea1i l\u00e2u d\u00e0i nh\u1edd v\u00e0o <strong>\"S\u1ef1 b\u1ed5 tr\u1ee3 chi\u1ebfn l\u01b0\u1ee3c\"<\/strong>. D\u01b0\u1edbi \u0111\u00e2y l\u00e0 logic c\u1ed1t l\u00f5i trong ph\u00e2n b\u1ed5 t\u00e0i s\u1ea3n:\n<\/span><br><br>\n\n<span>\n<h2><strong>1. Th\u1ecb tr\u01b0\u1eddng thay \u0111\u1ed5i, chi\u1ebfn l\u01b0\u1ee3c c\u1ee7a b\u1ea1n c\u1ea7n \"K\u1ebf ho\u1ea1ch B\"<\/strong><\/h2>\nTh\u1ecb tr\u01b0\u1eddng th\u01b0\u1eddng chia l\u00e0m hai tr\u1ea1ng th\u00e1i: <strong>Xu h\u01b0\u1edbng<\/strong> (t\u0103ng\/gi\u1ea3m m\u1ea1nh) v\u00e0 <strong>\u0110i ngang<\/strong> (gi\u1eb1ng co).<br><br>\n<ul>\n    <li>N\u1ebfu b\u1ea1n ch\u1ec9 \u0111\u1ea7u t\u01b0 theo <strong>chi\u1ebfn l\u01b0\u1ee3c xu h\u01b0\u1edbng<\/strong>, t\u00e0i kho\u1ea3n s\u1ebd li\u00ean t\u1ee5c b\u1ecb d\u00ednh stop-loss khi th\u1ecb tr\u01b0\u1eddng \u0111i ngang.<\/li><br>\n    <li>N\u1ebfu b\u1ea1n ch\u1ec9 \u0111\u1ea7u t\u01b0 theo <strong>chi\u1ebfn l\u01b0\u1ee3c ng\u01b0\u1ee3c xu h\u01b0\u1edbng<\/strong>, t\u00e0i kho\u1ea3n s\u1ebd ch\u1ecbu r\u1ee7i ro l\u1ed7 tr\u1ea1ng th\u00e1i r\u1ea5t l\u1edbn khi c\u00f3 m\u1ed9t xu h\u01b0\u1edbng m\u1ea1nh b\u00f9ng n\u1ed5.<\/li>\n<\/ul>\n<br>\n<strong>C\u00e1ch ti\u1ebfp c\u1eadn chuy\u00ean nghi\u1ec7p:<\/strong> \u0110\u1ec3 c\u00e1c chi\u1ebfn l\u01b0\u1ee3c c\u00f3 t\u00ednh ch\u1ea5t kh\u00e1c nhau h\u1ed7 tr\u1ee3 l\u1eabn nhau. Khi m\u1ed9t chi\u1ebfn l\u01b0\u1ee3c g\u1eb7p kh\u00f3 kh\u0103n l\u00fac th\u1ecb tr\u01b0\u1eddng \u0111i ngang, chi\u1ebfn l\u01b0\u1ee3c kia s\u1ebd ki\u1ebfm l\u1eddi t\u1eeb xu h\u01b0\u1edbng. S\u1ef1 ph\u00e2n b\u1ed5 \"t\u01b0\u01a1ng quan ngh\u1ecbch\" n\u00e0y l\u00e0 con \u0111\u01b0\u1eddng duy nh\u1ea5t \u0111\u1ec3 t\u00e0i kho\u1ea3n t\u0103ng tr\u01b0\u1edfng \u1ed5n \u0111\u1ecbnh.\n<\/span><br><br>\n\n<span>\n<h2><strong>2. Hai c\u00f4ng ngh\u1ec7 c\u1ed1t l\u00f5i: Ki\u1ebfn tr\u00fac \u0111\u1ecbnh l\u01b0\u1ee3ng b\u1ed5 tr\u1ee3<\/strong><\/h2>\nCh\u00fang t\u00f4i \u0111\u00e3 ph\u00e1t tri\u1ec3n hai b\u1ed9 chi\u1ebfn l\u01b0\u1ee3c giao d\u1ecbch cho c\u00e1c m\u00f4i tr\u01b0\u1eddng th\u1ecb tr\u01b0\u1eddng kh\u00e1c nhau, \u0111\u00f3ng vai tr\u00f2 l\u00e0 t\u1ea5m v\u00e9 gia nh\u1eadp cho c\u00e1c nh\u00e0 \u0111\u1ea7u t\u01b0:\n<\/span><\/div>\n\t\t\t\t<div class=\"elementor-element elementor-element-96d5a99 elementor-widget elementor-widget-html\" data-id=\"96d5a99\" data-element_type=\"widget\" data-widget_type=\"html.default\">\n\t\t\t\t\t<span>\n<ul>\n    <li class=\" translation-block\"><strong>Alpha Gold:<\/strong> Chuy\u00ean khai th\u00e1c c\u00e1c l\u1ec7ch gi\u00e1 tr\u00ean th\u1ecb tr\u01b0\u1eddng. L\u1ec7ch gi\u00e1 c\u00e0ng m\u1ea1nh, ti\u1ec1m n\u0103ng l\u1ee3i nhu\u1eadn c\u00e0ng l\u1edbn, ph\u00f9 h\u1ee3p v\u1edbi c\u00e1c nh\u00e0 \u0111\u1ea7u t\u01b0 t\u00ecm ki\u1ebfm s\u1ef1 t\u0103ng tr\u01b0\u1edfng b\u00f9ng n\u1ed5.<\/li><br>\n    \n    <li class=\" translation-block\"><strong>Quant Matrix:<\/strong> T\u1eadp trung v\u00e0o quy lu\u1eadt th\u1ed1ng k\u00ea v\u00e0 dao \u0111\u1ed9ng nh\u1ecf c\u1ee7a nhi\u1ec1u c\u1eb7p ti\u1ec1n t\u1ec7. Theo \u0111u\u1ed5i s\u1ef1 \u1ed5n \u0111\u1ecbnh t\u1ed1i \u0111a, t\u00edch l\u0169y l\u1ee3i nhu\u1eadn b\u1ec1n v\u1eefng nh\u01b0 g\u1eedi ti\u1ebft ki\u1ec7m ng\u00e2n h\u00e0ng.<\/li>\n<\/ul>\n<\/span>\t\t\t\t<\/div>\n\t\t\t\t<div class=\"elementor-element elementor-element-eaa015f elementor-widget elementor-widget-html translation-block\" data-id=\"eaa015f\" data-element_type=\"widget\" data-widget_type=\"html.default\"><span>\n<h2><strong>3. L\u1ed9 tr\u00ecnh ph\u00e1t tri\u1ec3n: T\u1eeb x\u00e1c th\u1ef1c c\u01a1 b\u1ea3n \u0111\u1ebfn danh m\u1ee5c chuy\u00ean nghi\u1ec7p<\/strong><\/h2>\nCh\u00fang t\u00f4i hi\u1ec3u r\u1eb1ng ni\u1ec1m tin c\u1ea7n th\u1eddi gian. V\u00ec v\u1eady, ch\u00fang t\u00f4i cung c\u1ea5p m\u1ed9t l\u1ed9 tr\u00ecnh ho\u00e0n ch\u1ec9nh t\u1eeb ng\u01b0\u1eddi m\u1edbi \u0111\u1ebfn c\u1ea5p \u0111\u1ed9 t\u1ed5 ch\u1ee9c:<br><br>\n<ul>\n    <li><strong>X\u00e1c th\u1ef1c ban \u0111\u1ea7u:<\/strong> B\u1ea1n c\u00f3 th\u1ec3 b\u1eaft \u0111\u1ea7u v\u1edbi chi\u1ebfn l\u01b0\u1ee3c c\u01a1 b\u1ea3n v\u00e0 t\u1ef1 m\u00ecnh \u0111\u1ed1i chi\u1ebfu d\u1eef li\u1ec7u <strong>Myfxbook<\/strong> v\u1edbi hi\u1ec7u qu\u1ea3 t\u00e0i kho\u1ea3n th\u1ef1c t\u1ebf.<\/li><br>\n    \n    <li><strong>Gia t\u0103ng d\u1ea7n d\u1ea7n:<\/strong> Sau khi x\u00e1c nh\u1eadn s\u1ef1 \u1ed5n \u0111\u1ecbnh, ch\u00fang t\u00f4i khuy\u00ean b\u1ea1n n\u00ean ph\u00e2n b\u1ed5 song song c\u1ea3 chi\u1ebfn l\u01b0\u1ee3c xu h\u01b0\u1edbng v\u00e0 \u0111i ngang \u0111\u1ec3 c\u00e1ch ly r\u1ee7i ro.<\/li><br>\n    \n    <li><strong>Danh m\u1ee5c \u0111\u1ea7u t\u01b0:<\/strong> Khi v\u1ed1n \u0111\u1ea1t quy m\u00f4 nh\u1ea5t \u0111\u1ecbnh, h\u1ec7 th\u1ed1ng s\u1ebd k\u00edch ho\u1ea1t logic ph\u00f2ng v\u1ec7 r\u1ee7i ro (hedging) ph\u1ee9c t\u1ea1p h\u01a1n, mang l\u1ea1i s\u1ef1 \u1ed5n \u0111\u1ecbnh \u1edf c\u1ea5p \u0111\u1ed9 qu\u1ef9 \u0111\u1ea7u c\u01a1.<\/li>\n<\/ul>\n<\/span><br>\n\n<span>\n<h2><strong>K\u1ebft lu\u1eadn: Kho\u1ea3n \u0111\u1ea7u t\u01b0 t\u1ed1t nh\u1ea5t b\u1eaft \u0111\u1ea7u t\u1eeb th\u1ef1c t\u1ebf<\/strong><\/h2>\nGiao d\u1ecbch \u0111\u1ecbnh l\u01b0\u1ee3ng kh\u00f4ng ph\u1ea3i l\u00e0 ph\u00e9p m\u00e0u l\u00e0m gi\u00e0u nhanh, m\u00e0 l\u00e0 qu\u00e1 tr\u00ecnh \u0111\u01b0a t\u00ednh l\u00fd tr\u00ed v\u00e0o \u0111\u1ea7u t\u01b0. \u0110\u1eebng v\u1ed9i v\u00e0ng, h\u00e3y ch\u1ecdn m\u1ed9t chi\u1ebfn l\u01b0\u1ee3c ph\u00f9 h\u1ee3p v\u00e0 tr\u1ea3i nghi\u1ec7m k\u1ef7 lu\u1eadt c\u1ee7a giao d\u1ecbch t\u1ef1 \u0111\u1ed9ng.\n<\/span><br><br>\n\n<span>\n<h2><strong>Ch\u1ecdn \u0111i\u1ec3m kh\u1edfi \u0111\u1ea7u \u0111\u1ecbnh l\u01b0\u1ee3ng \u0111\u1ea7u ti\u00ean c\u1ee7a b\u1ea1n<\/strong><\/h2>\nGiao d\u1ecbch \u0111\u1ecbnh l\u01b0\u1ee3ng l\u00e0 khoa h\u1ecdc. H\u00e3y b\u1eaft \u0111\u1ea7u v\u1edbi m\u1ed9t chi\u1ebfn l\u01b0\u1ee3c v\u00e0 tr\u1ea3i nghi\u1ec7m qu\u1ea3n l\u00fd t\u00e0i ch\u00ednh t\u1ef1 \u0111\u1ed9ng th\u1ef1c th\u1ee5:\n<\/span><\/div>\n\t\t\t\t<div class=\"elementor-element elementor-element-1c09d1f elementor-icon-list--layout-inline elementor-list-item-link-inline elementor-widget elementor-widget-icon-list\" data-id=\"1c09d1f\" data-element_type=\"widget\" data-widget_type=\"icon-list.default\">\n\t\t\t\t\t\t\t<ul class=\"elementor-icon-list-items elementor-inline-items\">\n\t\t\t\t\t\t\t<li class=\"elementor-icon-list-item elementor-inline-item\">\n\t\t\t\t\t\t\t\t\t\t\t<a href=\"https:\/\/mister.forex\/vi\/alpha-gold\/\">\n\n\t\t\t\t\t\t\t\t\t\t\t\t<span class=\"elementor-icon-list-icon\">\n\t\t\t\t\t\t\t<svg aria-hidden=\"true\" class=\"e-font-icon-svg e-far-check-circle\" viewbox=\"0 0 512 512\" xmlns=\"http:\/\/www.w3.org\/2000\/svg\"><path d=\"M256 8C119.033 8 8 119.033 8 256s111.033 248 248 248 248-111.033 248-248S392.967 8 256 8zm0 48c110.532 0 200 89.451 200 200 0 110.532-89.451 200-200 200-110.532 0-200-89.451-200-200 0-110.532 89.451-200 200-200m140.204 130.267l-22.536-22.718c-4.667-4.705-12.265-4.736-16.97-.068L215.346 303.697l-59.792-60.277c-4.667-4.705-12.265-4.736-16.97-.069l-22.719 22.536c-4.705 4.667-4.736 12.265-.068 16.971l90.781 91.516c4.667 4.705 12.265 4.736 16.97.068l172.589-171.204c4.704-4.668 4.734-12.266.067-16.971z\"><\/path><\/svg>\t\t\t\t\t\t<\/span>\n\t\t\t\t\t\t\t\t\t\t<span class=\"elementor-icon-list-text\">Xem k\u1ebft qu\u1ea3 giao d\u1ecbch th\u1ef1c t\u1ebf Alpha Gold<\/span>\n\t\t\t\t\t\t\t\t\t\t\t<\/a>\n\t\t\t\t\t\t\t\t\t<\/li>\n\t\t\t\t\t\t<\/ul>\n\t\t\t\t\t\t<\/div>\n\t\t\t\t<div class=\"elementor-element elementor-element-29c4922 elementor-widget elementor-widget-heading\" data-id=\"29c4922\" data-element_type=\"widget\" data-widget_type=\"heading.default\">\n\t\t\t\t\t<span class=\"elementor-heading-title elementor-size-default\">(Ph\u00f9 h\u1ee3p v\u1edbi nh\u00e0 \u0111\u1ea7u t\u01b0 t\u00ecm ki\u1ebfm s\u1ef1 t\u0103ng tr\u01b0\u1edfng b\u00f9ng n\u1ed5 v\u00e0 \u01b0a th\u00edch giao d\u1ecbch v\u00e0ng)<\/span>\t\t\t\t<\/div>\n\t\t\t\t<div class=\"elementor-element elementor-element-0b7b33a elementor-icon-list--layout-inline elementor-list-item-link-inline elementor-widget elementor-widget-icon-list\" data-id=\"0b7b33a\" data-element_type=\"widget\" data-widget_type=\"icon-list.default\">\n\t\t\t\t\t\t\t<ul class=\"elementor-icon-list-items elementor-inline-items\">\n\t\t\t\t\t\t\t<li class=\"elementor-icon-list-item elementor-inline-item\">\n\t\t\t\t\t\t\t\t\t\t\t<a href=\"https:\/\/mister.forex\/vi\/quant-matrix\/\">\n\n\t\t\t\t\t\t\t\t\t\t\t\t<span class=\"elementor-icon-list-icon\">\n\t\t\t\t\t\t\t<svg aria-hidden=\"true\" class=\"e-font-icon-svg e-far-check-circle\" viewbox=\"0 0 512 512\" xmlns=\"http:\/\/www.w3.org\/2000\/svg\"><path d=\"M256 8C119.033 8 8 119.033 8 256s111.033 248 248 248 248-111.033 248-248S392.967 8 256 8zm0 48c110.532 0 200 89.451 200 200 0 110.532-89.451 200-200 200-110.532 0-200-89.451-200-200 0-110.532 89.451-200 200-200m140.204 130.267l-22.536-22.718c-4.667-4.705-12.265-4.736-16.97-.068L215.346 303.697l-59.792-60.277c-4.667-4.705-12.265-4.736-16.97-.069l-22.719 22.536c-4.705 4.667-4.736 12.265-.068 16.971l90.781 91.516c4.667 4.705 12.265 4.736 16.97.068l172.589-171.204c4.704-4.668 4.734-12.266.067-16.971z\"><\/path><\/svg>\t\t\t\t\t\t<\/span>\n\t\t\t\t\t\t\t\t\t\t<span class=\"elementor-icon-list-text\">Xem k\u1ebft qu\u1ea3 giao d\u1ecbch th\u1ef1c t\u1ebf Quant Matrix<\/span>\n\t\t\t\t\t\t\t\t\t\t\t<\/a>\n\t\t\t\t\t\t\t\t\t<\/li>\n\t\t\t\t\t\t<\/ul>\n\t\t\t\t\t\t<\/div>\n\t\t\t\t<div class=\"elementor-element elementor-element-6b74cb5 elementor-widget elementor-widget-heading\" data-id=\"6b74cb5\" data-element_type=\"widget\" data-widget_type=\"heading.default\">\n\t\t\t\t\t<span class=\"elementor-heading-title elementor-size-default\">(Ph\u00f9 h\u1ee3p v\u1edbi nh\u00e0 \u0111\u1ea7u t\u01b0 t\u00ecm ki\u1ebfm s\u1ef1 b\u00ecnh \u1ed5n v\u00e0 mong mu\u1ed1n t\u00e0i kho\u1ea3n t\u0103ng tr\u01b0\u1edfng b\u1ec1n v\u1eefng)<\/span>\t\t\t\t<\/div>\n\t\t\t\t<div class=\"elementor-element elementor-element-6319289 elementor-icon-list--layout-inline elementor-list-item-link-inline elementor-widget elementor-widget-icon-list\" data-id=\"6319289\" data-element_type=\"widget\" data-widget_type=\"icon-list.default\">\n\t\t\t\t\t\t\t<ul class=\"elementor-icon-list-items elementor-inline-items\">\n\t\t\t\t\t\t\t<li class=\"elementor-icon-list-item elementor-inline-item\">\n\t\t\t\t\t\t\t\t\t\t\t<a href=\"https:\/\/mister.forex\/vi\/calmar-ratio-investment-efficiency\/\">\n\n\t\t\t\t\t\t\t\t\t\t\t\t<span class=\"elementor-icon-list-icon\">\n\t\t\t\t\t\t\t<svg aria-hidden=\"true\" class=\"e-font-icon-svg e-far-check-circle\" viewbox=\"0 0 512 512\" xmlns=\"http:\/\/www.w3.org\/2000\/svg\"><path d=\"M256 8C119.033 8 8 119.033 8 256s111.033 248 248 248 248-111.033 248-248S392.967 8 256 8zm0 48c110.532 0 200 89.451 200 200 0 110.532-89.451 200-200 200-110.532 0-200-89.451-200-200 0-110.532 89.451-200 200-200m140.204 130.267l-22.536-22.718c-4.667-4.705-12.265-4.736-16.97-.068L215.346 303.697l-59.792-60.277c-4.667-4.705-12.265-4.736-16.97-.069l-22.719 22.536c-4.705 4.667-4.736 12.265-.068 16.971l90.781 91.516c4.667 4.705 12.265 4.736 16.97.068l172.589-171.204c4.704-4.668 4.734-12.266.067-16.971z\"><\/path><\/svg>\t\t\t\t\t\t<\/span>\n\t\t\t\t\t\t\t\t\t\t<span class=\"elementor-icon-list-text\">T\u1ea1m bi\u1ec7t l\u1ee3i nhu\u1eadn \u1ea3o: Ph\u00e2n t\u00edch s\u00e2u Calmar Ratio \u0111\u1ec3 t\u1ea1o d\u1ef1ng \u0111\u01b0\u1eddng cong t\u00e0i s\u1ea3n b\u1ec1n v\u1eefng<\/span>\n\t\t\t\t\t\t\t\t\t\t\t<\/a>\n\t\t\t\t\t\t\t\t\t<\/li>\n\t\t\t\t\t\t<\/ul>\n\t\t\t\t\t\t<\/div>\n\t\t\t\t\t<\/div>\n\t\t\t\t<\/div>\n\t\t\t\t<\/div>","protected":false},"excerpt":{"rendered":"<p>T\u1ea1i sao c\u00e1c qu\u1ef9 \u0111\u1ea7u c\u01a1 h\u00e0ng \u0111\u1ea7u kh\u00f4ng bao gi\u1edd \"t\u1ea5t tay\" v\u00e0o m\u1ed9t t\u00edn hi\u1ec7u duy nh\u1ea5t? Ti\u1ebft l\u1ed9 k\u1ef9 thu\u1eadt ph\u00e2n b\u1ed5 t\u00e0i s\u1ea3n \"t\u01b0\u01a1ng quan ngh\u1ecbch\" c\u1ea5p \u0111\u1ed9 t\u1ed5 ch\u1ee9c. B\u00e0i vi\u1ebft n\u00e0y d\u1ea1y b\u1ea1n c\u00e1ch d\u00f9ng danh m\u1ee5c \u0111\u1ea7u t\u01b0 \u0111\u1ec3 ch\u1ed1ng l\u1ea1i bi\u1ebfn \u0111\u1ed9ng th\u1ecb tr\u01b0\u1eddng, \u0111\u1ea1t l\u1ee3i \u00edch to\u00e1n h\u1ecdc: c\u1ed9ng d\u1ed3n l\u1ee3i nhu\u1eadn, tri\u1ec7t ti\u00eau r\u1ee7i ro. \u0110\u1eebng t\u00ecm ki\u1ebfm \"ch\u00e9n th\u00e1nh\" th\u1eafng 100% n\u1eefa, h\u00e3y tr\u1edf th\u00e0nh nh\u00e0 \u0111\u1ea7u t\u01b0 chuy\u00ean nghi\u1ec7p!<\/p>","protected":false},"author":1,"featured_media":66336,"parent":0,"menu_order":0,"comment_status":"closed","ping_status":"closed","template":"","meta":{"footnotes":""},"tags":[128],"class_list":["post-66268","page","type-page","status-publish","has-post-thumbnail","hentry","tag-no-google"],"_links":{"self":[{"href":"https:\/\/mister.forex\/vi\/wp-json\/wp\/v2\/pages\/66268","targetHints":{"allow":["GET"]}}],"collection":[{"href":"https:\/\/mister.forex\/vi\/wp-json\/wp\/v2\/pages"}],"about":[{"href":"https:\/\/mister.forex\/vi\/wp-json\/wp\/v2\/types\/page"}],"author":[{"embeddable":true,"href":"https:\/\/mister.forex\/vi\/wp-json\/wp\/v2\/users\/1"}],"replies":[{"embeddable":true,"href":"https:\/\/mister.forex\/vi\/wp-json\/wp\/v2\/comments?post=66268"}],"version-history":[{"count":12,"href":"https:\/\/mister.forex\/vi\/wp-json\/wp\/v2\/pages\/66268\/revisions"}],"predecessor-version":[{"id":70533,"href":"https:\/\/mister.forex\/vi\/wp-json\/wp\/v2\/pages\/66268\/revisions\/70533"}],"wp:featuredmedia":[{"embeddable":true,"href":"https:\/\/mister.forex\/vi\/wp-json\/wp\/v2\/media\/66336"}],"wp:attachment":[{"href":"https:\/\/mister.forex\/vi\/wp-json\/wp\/v2\/media?parent=66268"}],"wp:term":[{"taxonomy":"post_tag","embeddable":true,"href":"https:\/\/mister.forex\/vi\/wp-json\/wp\/v2\/tags?post=66268"}],"curies":[{"name":"wp","href":"https:\/\/api.w.org\/{rel}","templated":true}]}}