{"id":66400,"date":"2026-02-13T13:35:55","date_gmt":"2026-02-13T05:35:55","guid":{"rendered":"https:\/\/mister.forex\/?page_id=66400"},"modified":"2026-04-19T09:12:36","modified_gmt":"2026-04-19T01:12:36","slug":"why-we-refuse-mql5-signalstart","status":"publish","type":"page","link":"https:\/\/mister.forex\/vi\/why-we-refuse-mql5-signalstart\/","title":{"rendered":"\u0110\u0103ng k\u00fd MQL5 c\u00f3 th\u1ef1c s\u1ef1 ki\u1ebfm ti\u1ec1n? 3 b\u1eaby sao ch\u00e9p l\u1ec7nh c\u1ea7n tr\u00e1nh | Mr.Forex"},"content":{"rendered":"<div data-elementor-type=\"wp-page\" data-elementor-id=\"66400\" class=\"elementor elementor-66400\" data-elementor-post-type=\"page\">\n\t\t\t\t<div class=\"elementor-element elementor-element-5818207 e-flex e-con-boxed e-con e-parent\" data-id=\"5818207\" data-element_type=\"container\">\n\t\t\t\t\t<div class=\"e-con-inner\">\n\t\t\t\t<div class=\"elementor-element elementor-element-384e732 elementor-widget elementor-widget-heading\" data-id=\"384e732\" data-element_type=\"widget\" data-widget_type=\"heading.default\">\n\t\t\t\t\t<h1 class=\"elementor-heading-title elementor-size-default\">B\u1ea3o v\u1ec7 l\u1ee3i nhu\u1eadn nh\u00e0 \u0111\u1ea7u t\u01b0: 4 l\u00fd do k\u1ef9 thu\u1eadt ch\u00fang t\u00f4i t\u1eeb ch\u1ed1i \u0111\u0103ng k\u00fd MQL5<\/h1>\t\t\t\t<\/div>\n\t\t\t\t<div class=\"elementor-element elementor-element-dbb2d15 elementor-widget elementor-widget-html translation-block\" data-id=\"dbb2d15\" data-element_type=\"widget\" data-widget_type=\"html.default\"><span>\nKhi b\u1ea1n b\u1eaft \u0111\u1ea7u t\u00ecm ki\u1ebfm c\u00e1c c\u00f4ng c\u1ee5 giao d\u1ecbch t\u1ef1 \u0111\u1ed9ng, ch\u1eafc h\u1eb3n b\u1ea1n \u0111\u00e3 nghe n\u00f3i \u0111\u1ebfn c\u00e1c n\u1ec1n t\u1ea3ng \u0111\u0103ng k\u00fd t\u00edn hi\u1ec7u n\u1ed5i ti\u1ebfng nh\u01b0 <strong>MQL5<\/strong>, <strong>SignalStart<\/strong> hay <strong>ZuluTrade<\/strong>. Nhi\u1ec1u ng\u01b0\u1eddi d\u00f9ng h\u1ecfi t\u00f4i: \"T\u1ea1i sao h\u1ec7 th\u1ed1ng c\u1ee7a b\u1ea1n \u1ed5n \u0111\u1ecbnh nh\u01b0 v\u1eady m\u00e0 kh\u00f4ng \u0111\u01b0a l\u00ean c\u00e1c s\u00e0n n\u00e0y \u0111\u1ec3 thu ph\u00ed h\u00e0ng th\u00e1ng?\"<br><br>\n\n\u0110\u00e2y l\u00e0 m\u1ed9t c\u00e2u h\u1ecfi r\u1ea5t chuy\u00ean nghi\u1ec7p. H\u00f4m nay t\u00f4i mu\u1ed1n c\u00f4ng khai l\u00fd do t\u1ea1i sao ch\u00fang t\u00f4i t\u1eeb ch\u1ed1i c\u00e1c n\u1ec1n t\u1ea3ng n\u00e0y. Kh\u00f4ng ph\u1ea3i v\u00ec k\u1ef9 thu\u1eadt kh\u00f4ng l\u00e0m \u0111\u01b0\u1ee3c, m\u00e0 v\u00ec ch\u00fang t\u00f4i hi\u1ec3u r\u00f5: <strong>\u0110\u0103ng k\u00fd c\u00e1c chi\u1ebfn thu\u1eadt \"Scalping\" tr\u00ean c\u00e1c n\u1ec1n t\u1ea3ng n\u00e0y th\u01b0\u1eddng ch\u1ec9 c\u00f3 ng\u01b0\u1eddi b\u00e1n t\u00edn hi\u1ec7u c\u00f3 l\u1ee3i, c\u00f2n ng\u01b0\u1eddi theo d\u00f5i l\u1ea1i thua l\u1ed7.<\/strong><br><br>\n\nD\u01b0\u1edbi \u0111\u00e2y l\u00e0 nh\u1eefng ranh gi\u1edbi k\u1ef9 thu\u1eadt m\u00e0 ch\u00fang t\u00f4i ki\u00ean quy\u1ebft gi\u1eef v\u1eefng \u0111\u1ec3 b\u1ea3o v\u1ec7 v\u1ed1n c\u1ee7a nh\u00e0 \u0111\u1ea7u t\u01b0:\n<\/span><br><br>\n\n<span>\n<h2><strong>1. B\u1eaby giao d\u1ecbch \"t\u1ef1 s\u00e1t\" cho t\u00e0i kho\u1ea3n v\u1ed1n nh\u1ecf<\/strong><\/h2>\n\nC\u00e1c n\u1ec1n t\u1ea3ng nh\u01b0 <strong>MQL5<\/strong> th\u01b0\u1eddng thu ph\u00ed c\u1ed1 \u0111\u1ecbnh h\u00e0ng th\u00e1ng (v\u00ed d\u1ee5: $30 - $100 USD). S\u1ed1 ti\u1ec1n n\u00e0y c\u00f3 th\u1ec3 kh\u00f4ng \u0111\u00e1ng k\u1ec3 v\u1edbi t\u00e0i kho\u1ea3n l\u1edbn, nh\u01b0ng l\u00e0 \u0111\u00f2n ch\u00ed m\u1ea1ng v\u1edbi nh\u00e0 \u0111\u1ea7u t\u01b0 nh\u1ecf.<br><br>\n\n<ul>\n    <li><strong>\u00c1p l\u1ef1c l\u1ee3i nhu\u1eadn cao:<\/strong> N\u1ebfu t\u00e0i kho\u1ea3n c\u1ee7a b\u1ea1n l\u00e0 $1,000 v\u00e0 b\u1ea1n tr\u1ea3 ph\u00ed $50, b\u1ea1n ph\u1ea3i ki\u1ebfm \u0111\u01b0\u1ee3c 5% l\u1ee3i nhu\u1eadn m\u1ed7i th\u00e1ng ch\u1ec9 \u0111\u1ec3 h\u00f2a v\u1ed1n ph\u00ed \u0111\u0103ng k\u00fd.<\/li><br>\n    <li><strong>T\u00e2m l\u00fd giao d\u1ecbch bi\u1ebfn t\u01b0\u1edbng:<\/strong> \u0110\u1ec3 b\u00f9 \u0111\u1eafp chi ph\u00ed c\u1ed1 \u0111\u1ecbnh n\u00e0y, ng\u01b0\u1eddi d\u00f9ng v\u1ed1n nh\u1ecf v\u00f4 th\u1ee9c theo \u0111u\u1ed5i l\u1ee3i nhu\u1eadn cao, \u00e9p h\u1ec7 th\u1ed1ng v\u00e0o tr\u1ea1ng th\u00e1i r\u1ee7i ro v\u00e0 s\u1ee5t gi\u1ea3m v\u1ed1n (Drawdown) nguy hi\u1ec3m.<\/li><br>\n    <li><strong>Gi\u1ea3i ph\u00e1p c\u1ee7a ch\u00fang t\u00f4i:<\/strong> Ch\u00fang t\u00f4i ki\u00ean tr\u00ec \u00e1p d\u1ee5ng m\u00f4 h\u00ecnh <strong>\"Ph\u00ed hi\u1ec7u su\u1ea5t (Performance Fee)\"<\/strong>. N\u1ebfu b\u1ea1n kh\u00f4ng c\u00f3 l\u1ee3i nhu\u1eadn, ch\u00fang t\u00f4i kh\u00f4ng thu m\u1ed9t xu n\u00e0o. \u0110i\u1ec1u n\u00e0y \u0111\u1ea3m b\u1ea3o l\u1ee3i \u00edch c\u1ee7a ch\u00fang t\u00f4i v\u00e0 nh\u00e0 \u0111\u1ea7u t\u01b0 l\u00e0 m\u1ed9t.<\/li>\n<\/ul>\n<\/span><br>\n\n<span>\n<h2><strong>2. S\u1ef1 th\u1eadt k\u1ef9 thu\u1eadt: Ng\u01b0\u1eddi b\u00e1n c\u00f3 l\u00e3i, ng\u01b0\u1eddi theo thua l\u1ed7<\/strong><\/h2>\n\n\u0110\u00e2y l\u00e0 l\u1eddi ph\u00e0n n\u00e0n ph\u1ed5 bi\u1ebfn nh\u1ea5t tr\u00ean c\u00e1c n\u1ec1n t\u1ea3ng b\u00ean th\u1ee9 ba. \u0110\u1eb7c bi\u1ec7t l\u00e0 chi\u1ebfn thu\u1eadt \"Scalping\" c\u1ee7a ch\u00fang t\u00f4i \u0111\u00f2i h\u1ecfi m\u00f4i tr\u01b0\u1eddng giao d\u1ecbch (spread, tr\u01b0\u1ee3t gi\u00e1, \u0111\u1ed9 tr\u1ec5) c\u1ef1c k\u1ef3 kh\u1eaft khe.<br><br>\n\n<ul>\n    <li><strong>N\u00fat th\u1eaft k\u1ef9 thu\u1eadt:<\/strong> Tr\u00ean c\u00e1c n\u1ec1n t\u1ea3ng nh\u01b0 <strong>MQL5<\/strong>, t\u00edn hi\u1ec7u truy\u1ec1n gi\u1eefa c\u00e1c m\u00e1y ch\u1ee7 g\u00e2y ra \u0111\u1ed9 tr\u1ec5 m\u1ea1ng l\u00e0m ch\u00eanh l\u1ec7ch gi\u00e1 kh\u1edbp l\u1ec7nh.<\/li><br>\n    <li><strong>K\u1ebft qu\u1ea3 th\u1ef1c thi t\u1ed3i t\u1ec7:<\/strong> Ngu\u1ed3n v\u00e0o t\u1ea1i 2030.10, ra t\u1ea1i 2030.50, l\u00e3i 4 pip. B\u1ea1n c\u00f3 th\u1ec3 v\u00e0o t\u1ea1i 2030.40 do tr\u1ec5 v\u00e0 ra t\u1ea1i 2030.45. Sau ph\u00ed v\u00e0 tr\u01b0\u1ee3t gi\u00e1, t\u00e0i kho\u1ea3n c\u1ee7a b\u1ea1n th\u1ef1c t\u1ebf l\u00e0 l\u1ed7.<\/li><br>\n    <li><strong>K\u1ebft lu\u1eadn:<\/strong> C\u01a1 ch\u1ebf \u0111\u0103ng k\u00fd ch\u00e9o n\u1ec1n t\u1ea3ng kh\u00f4ng ph\u00f9 h\u1ee3p v\u1edbi c\u00e1c chi\u1ebfn thu\u1eadt \u0111\u1ecbnh l\u01b0\u1ee3ng \u0111\u00f2i h\u1ecfi s\u1ef1 ch\u00ednh x\u00e1c v\u00e0 t\u1ed1c \u0111\u1ed9 cao.<\/li>\n<\/ul>\n<\/span><\/div>\n\t\t<div class=\"elementor-element elementor-element-0917671 e-con-full e-flex e-con e-child\" data-id=\"0917671\" data-element_type=\"container\" data-settings=\"{&quot;background_background&quot;:&quot;classic&quot;}\">\n\t\t\t\t<div class=\"elementor-element elementor-element-e0481e3 elementor-widget elementor-widget-html translation-block\" data-id=\"e0481e3\" data-element_type=\"widget\" data-widget_type=\"html.default\"><span>\n<strong>Ph\u00e2n t\u00edch t\u1eeb Mr.Forex:<\/strong> B\u1ea1n kh\u00f4ng c\u1ea7n ch\u1ec9 nghe l\u1eddi t\u1eeb m\u1ed9t ph\u00eda, b\u1ea1n c\u00f3 th\u1ec3 xem \u0111\u00e1nh gi\u00e1 th\u1ef1c t\u1ebf v\u1ec1 c\u00e1c n\u1ec1n t\u1ea3ng n\u00e0y tr\u00ean <a href=\"https:\/\/www.trustpilot.com\/\" target=\"_blank\" rel=\"nofollow noopener\"><strong>Trustpilot<\/strong><\/a>. Vi\u1ec7c ng\u01b0\u1eddi d\u00f9ng ph\u00e0n n\u00e0n \"t\u00edn hi\u1ec7u kh\u00f4ng chu\u1ea9n\" hay \"ch\u00e1y t\u00e0i kho\u1ea3n\" th\u01b0\u1eddng do **tr\u01b0\u1ee3t gi\u00e1 ch\u00e9o n\u1ec1n t\u1ea3ng ng\u1ed1n h\u1ebft l\u1ee3i nhu\u1eadn**, trong khi ph\u00ed \u0111\u0103ng k\u00fd c\u1ed1 \u0111\u1ecbnh ti\u1ebfp t\u1ee5c b\u00e0o m\u00f2n v\u1ed1n g\u1ed1c.\n<\/span><\/div>\n\t\t\t\t<\/div>\n\t\t<div class=\"elementor-element elementor-element-46f9c19 e-grid e-con-full e-con e-child\" data-id=\"46f9c19\" data-element_type=\"container\">\n\t\t\t\t<div class=\"elementor-element elementor-element-c27ab99 elementor-widget elementor-widget-image\" data-id=\"c27ab99\" data-element_type=\"widget\" data-widget_type=\"image.default\">\n\t\t\t\t\t\t\t\t\t\t\t\t<figure class=\"wp-caption\">\n\t\t\t\t\t\t\t\t\t\t\t<a href=\"https:\/\/www.trustpilot.com\/review\/www.mql5.com\" target=\"_blank\" rel=\"nofollow noopener\">\n\t\t\t\t\t\t\t<img decoding=\"async\" width=\"429\" height=\"115\" src=\"https:\/\/mister.forex\/wp-content\/uploads\/2026\/02\/MQL5.webp\" class=\"attachment-full size-full wp-image-66412\" alt=\"\u0110\u00e1nh gi\u00e1 MQL5\" srcset=\"https:\/\/mister.forex\/wp-content\/uploads\/2026\/02\/MQL5.webp 429w, https:\/\/mister.forex\/wp-content\/uploads\/2026\/02\/MQL5-300x80.webp 300w, https:\/\/mister.forex\/wp-content\/uploads\/2026\/02\/MQL5-18x5.webp 18w\" sizes=\"(max-width: 429px) 100vw, 429px\" \/>\t\t\t\t\t\t\t\t<\/a>\n\t\t\t\t\t\t\t\t\t\t\t<figcaption class=\"widget-image-caption wp-caption-text\">\u0110\u00e1nh gi\u00e1 MQL5<\/figcaption>\n\t\t\t\t\t\t\t\t\t\t<\/figure>\n\t\t\t\t\t\t\t\t\t<\/div>\n\t\t\t\t<div class=\"elementor-element elementor-element-ad74459 elementor-widget elementor-widget-image\" data-id=\"ad74459\" data-element_type=\"widget\" data-widget_type=\"image.default\">\n\t\t\t\t\t\t\t\t\t\t\t\t<figure class=\"wp-caption\">\n\t\t\t\t\t\t\t\t\t\t\t<a href=\"https:\/\/www.trustpilot.com\/review\/signalstart.com\" target=\"_blank\" rel=\"nofollow noopener\">\n\t\t\t\t\t\t\t<img decoding=\"async\" width=\"410\" height=\"115\" src=\"https:\/\/mister.forex\/wp-content\/uploads\/2026\/02\/SignalStart.webp\" class=\"attachment-full size-full wp-image-66413\" alt=\"\u0110\u00e1nh gi\u00e1 SignalStart\" srcset=\"https:\/\/mister.forex\/wp-content\/uploads\/2026\/02\/SignalStart.webp 410w, https:\/\/mister.forex\/wp-content\/uploads\/2026\/02\/SignalStart-300x84.webp 300w, https:\/\/mister.forex\/wp-content\/uploads\/2026\/02\/SignalStart-18x5.webp 18w\" sizes=\"(max-width: 410px) 100vw, 410px\" \/>\t\t\t\t\t\t\t\t<\/a>\n\t\t\t\t\t\t\t\t\t\t\t<figcaption class=\"widget-image-caption wp-caption-text\">\u0110\u00e1nh gi\u00e1 SignalStart<\/figcaption>\n\t\t\t\t\t\t\t\t\t\t<\/figure>\n\t\t\t\t\t\t\t\t\t<\/div>\n\t\t\t\t<div class=\"elementor-element elementor-element-bd76ace elementor-widget elementor-widget-image\" data-id=\"bd76ace\" data-element_type=\"widget\" data-widget_type=\"image.default\">\n\t\t\t\t\t\t\t\t\t\t\t\t<figure class=\"wp-caption\">\n\t\t\t\t\t\t\t\t\t\t\t<a href=\"https:\/\/www.trustpilot.com\/review\/zulutrade.com\" target=\"_blank\" rel=\"nofollow noopener\">\n\t\t\t\t\t\t\t<img decoding=\"async\" width=\"400\" height=\"115\" src=\"https:\/\/mister.forex\/wp-content\/uploads\/2026\/02\/ZuluTrade.webp\" class=\"attachment-full size-full wp-image-66414\" alt=\"\u0110\u00e1nh gi\u00e1 ZuluTrade\" srcset=\"https:\/\/mister.forex\/wp-content\/uploads\/2026\/02\/ZuluTrade.webp 400w, https:\/\/mister.forex\/wp-content\/uploads\/2026\/02\/ZuluTrade-300x86.webp 300w, https:\/\/mister.forex\/wp-content\/uploads\/2026\/02\/ZuluTrade-18x5.webp 18w\" sizes=\"(max-width: 400px) 100vw, 400px\" \/>\t\t\t\t\t\t\t\t<\/a>\n\t\t\t\t\t\t\t\t\t\t\t<figcaption class=\"widget-image-caption wp-caption-text\">\u0110\u00e1nh gi\u00e1 ZuluTrade<\/figcaption>\n\t\t\t\t\t\t\t\t\t\t<\/figure>\n\t\t\t\t\t\t\t\t\t<\/div>\n\t\t\t\t<\/div>\n\t\t\t\t<div class=\"elementor-element elementor-element-499a12a elementor-widget elementor-widget-html translation-block\" data-id=\"499a12a\" data-element_type=\"widget\" data-widget_type=\"html.default\"><span>\n<h2><strong>3. T\u1ea1i sao h\u1ec7 th\u1ed1ng \u0111\u0103ng k\u00fd l\u1ea1i k\u00edch \u0111\u1ed9ng \"h\u00e0nh vi c\u1edd b\u1ea1c\"?<\/strong><\/h2>\n\nTr\u00ean c\u00e1c n\u1ec1n t\u1ea3ng \u0111\u0103ng k\u00fd, thu nh\u1eadp c\u1ee7a ng\u01b0\u1eddi b\u00e1n r\u1ea5t \u0111\u01a1n gi\u1ea3n: s\u1ed1 ng\u01b0\u1eddi \u0111\u0103ng k\u00fd \u00d7 ph\u00ed c\u1ed1 \u0111\u1ecbnh.<br><br>\n\n<ul>\n    <li><strong>R\u1ee7i ro \u0111\u1ea1o \u0111\u1ee9c nghi\u00eam tr\u1ecdng:<\/strong> Ng\u01b0\u1eddi b\u00e1n ch\u1ec9 c\u1ea7n m\u1ea1o hi\u1ec3m c\u1ef1c cao \u0111\u1ec3 t\u1ea1o ra m\u1ed9t th\u00e1ng l\u1ee3i nhu\u1eadn r\u1ef1c r\u1ee1 nh\u1eb1m thu h\u00fat ng\u01b0\u1eddi theo d\u00f5i. Ngay c\u1ea3 khi ch\u00e1y t\u00e0i kho\u1ea3n v\u00e0o th\u00e1ng sau, h\u1ecd \u0111\u00e3 b\u1ecf t\u00fai ti\u1ec1n ph\u00ed. H\u1ecd kh\u00f4ng c\u00f3 \u0111\u1ed9ng l\u1ef1c \u0111\u1ec3 qu\u1ea3n tr\u1ecb r\u1ee7i ro cho b\u1ea1n.<\/li><br>\n    <li><strong>\u0110\u1ed3ng h\u00e0nh th\u1ef1c s\u1ef1:<\/strong> Ch\u00fang t\u00f4i ki\u00ean tr\u00ec v\u1edbi m\u00f4 h\u00ecnh ph\u00ed hi\u1ec7u su\u1ea5t. Ngh\u0129a l\u00e0: <strong>Ch\u00fang t\u00f4i ch\u1ec9 c\u00f3 thu nh\u1eadp khi b\u1ea1n c\u00f3 l\u1ee3i nhu\u1eadn r\u00f2ng.<\/strong> C\u01a1 ch\u1ebf n\u00e0y bu\u1ed9c ch\u00fang t\u00f4i ph\u1ea3i \u0111\u1eb7t vi\u1ec7c qu\u1ea3n tr\u1ecb r\u1ee7i ro v\u00e0 s\u1ef1 \u1ed5n \u0111\u1ecbnh l\u00ean h\u00e0ng \u0111\u1ea7u.<\/li>\n<\/ul>\n<\/span><br>\n\n<span>\n<h2><strong>4. Ch\u1ec9 v\u1eadn h\u00e0nh trong m\u00f4i tr\u01b0\u1eddng \u0111\u00e3 \"x\u00e1c minh k\u1ef9 thu\u1eadt\"<\/strong><\/h2>\n\n\u0110\u1ec3 lo\u1ea1i b\u1ecf \u0111\u1ed9 tr\u1ec5 v\u00e0 tr\u01b0\u1ee3t gi\u00e1, ch\u00fang t\u00f4i t\u1eeb ch\u1ed1i c\u00e1c n\u1ec1n t\u1ea3ng b\u00ean th\u1ee9 ba. Trong m\u00f4i tr\u01b0\u1eddng kh\u00f4ng ki\u1ec3m so\u00e1t, m\u1ecdi chi\u1ebfn thu\u1eadt tinh vi \u0111\u1ec1u th\u1ea5t b\u1ea1i.<br><br>\n\n<ul>\n    <li><strong>T\u00ednh nh\u1ea5t qu\u00e1n:<\/strong> Ch\u00fang t\u00f4i ch\u1ec9 ch\u1ea1y tr\u00ean m\u00f4i tr\u01b0\u1eddng \u0111\u00e3 qua ki\u1ec3m \u0111\u1ecbnh kh\u1eaft khe \u0111\u1ec3 \u0111\u1ea3m b\u1ea3o t\u00e0i kho\u1ea3n c\u1ee7a b\u1ea1n kh\u1edbp l\u1ec7nh chu\u1ea9n x\u00e1c theo ngu\u1ed3n t\u00edn hi\u1ec7u.<\/li><br>\n    <li><strong>Kh\u00f4ng chi ph\u00ed \u1ea9n:<\/strong> B\u1ea1n kh\u00f4ng c\u1ea7n tr\u1ea3 ph\u00ed h\u00e0ng th\u00e1ng cho c\u00f4ng ngh\u1ec7 c\u0169 k\u1ef9. V\u1ed1n c\u1ee7a b\u1ea1n ph\u1ea3i \u0111\u01b0\u1ee3c gi\u1eef l\u1ea1i \u0111\u1ec3 t\u1ea1o l\u00e3i k\u00e9p.<\/li><br>\n    <li><strong>Qu\u1ea3n l\u00fd ch\u1ea5t l\u01b0\u1ee3ng:<\/strong> Th\u00f4ng qua h\u1ec7 th\u1ed1ng copy \u0111\u1ed9c quy\u1ec1n, ch\u00fang t\u00f4i \u0111\u1ea3m b\u1ea3o ch\u1ea5t l\u01b0\u1ee3ng th\u1ef1c thi c\u1ee7a t\u1eebng l\u1ec7nh, \u0111\u1ea1t \u0111\u1ebfn s\u1ef1 \u0111\u1ed3ng b\u1ed9 th\u1ef1c s\u1ef1.<\/li>\n<\/ul>\n<\/span><br>\n\n<span>\n<h2><strong>T\u1ed5ng k\u1ebft: Ch\u00fang t\u00f4i ch\u1ecdn con \u0111\u01b0\u1eddng kh\u00f3 nh\u01b0ng \u0111\u00fang \u0111\u1eafn<\/strong><\/h2>\n\nD\u00f9 \u0111\u01b0a l\u00ean <strong>MQL5<\/strong> c\u00f3 th\u1ec3 mang l\u1ea1i thu nh\u1eadp \u1ed5n \u0111\u1ecbnh m\u1ed9t c\u00e1ch d\u1ec5 d\u00e0ng, nh\u01b0ng l\u00e0m v\u1eady l\u00e0 thi\u1ebfu tr\u00e1ch nhi\u1ec7m v\u1edbi ch\u1ea5t l\u01b0\u1ee3ng t\u00e0i kho\u1ea3n c\u1ee7a nh\u00e0 \u0111\u1ea7u t\u01b0.<br><br>\n\nCh\u00fang t\u00f4i ch\u1ecdn m\u00f4 h\u00ecnh chia s\u1ebb l\u1ee3i nhu\u1eadn. \u0110i\u1ec1u n\u00e0y \u0111\u1ea3m b\u1ea3o k\u1ebft qu\u1ea3 duy nh\u1ea5t: <strong>Khi t\u00e0i kho\u1ea3n th\u1eadt c\u1ee7a ch\u00fang t\u00f4i l\u00e3i, t\u00e0i kho\u1ea3n c\u1ee7a b\u1ea1n c\u0169ng t\u0103ng tr\u01b0\u1edfng \u0111\u1ed3ng b\u1ed9.<\/strong><br><br>\n\n<strong>\"Nghe chuy\u00ean nghi\u1ec7p \u0111\u1ea5y, nh\u01b0ng l\u00e0m sao t\u00f4i bi\u1ebft k\u1ebft qu\u1ea3 l\u00e0 th\u1eadt?\"<\/strong><br><br>\n\nNh\u00e0 \u0111\u1ea7u t\u01b0 chuy\u00ean nghi\u1ec7p nh\u00ecn v\u00e0o d\u1eef li\u1ec7u. Tr\u01b0\u1edbc khi tham gia, b\u1ea1n h\u00e3y h\u1ecdc c\u00e1ch d\u00f9ng c\u00e1c c\u00f4ng c\u1ee5 ki\u1ec3m to\u00e1n nh\u01b0 Myfxbook \u0111\u1ec3 nh\u00ecn th\u1ea5u 90 ph\u1ea7n tr\u0103m k\u1ebft qu\u1ea3 gi\u1ea3 m\u1ea1o tr\u00ean th\u1ecb tr\u01b0\u1eddng.\n<\/span><\/div>\n\t\t\t\t<div class=\"elementor-element elementor-element-02a8139 elementor-icon-list--layout-inline elementor-list-item-link-inline elementor-widget elementor-widget-icon-list\" data-id=\"02a8139\" data-element_type=\"widget\" data-widget_type=\"icon-list.default\">\n\t\t\t\t\t\t\t<ul class=\"elementor-icon-list-items elementor-inline-items\">\n\t\t\t\t\t\t\t<li class=\"elementor-icon-list-item elementor-inline-item\">\n\t\t\t\t\t\t\t\t\t\t\t<a href=\"https:\/\/mister.forex\/vi\/how-to-verify-forex-performance-myfxbook\/\">\n\n\t\t\t\t\t\t\t\t\t\t\t\t<span class=\"elementor-icon-list-icon\">\n\t\t\t\t\t\t\t<svg aria-hidden=\"true\" class=\"e-font-icon-svg e-far-check-circle\" viewbox=\"0 0 512 512\" xmlns=\"http:\/\/www.w3.org\/2000\/svg\"><path d=\"M256 8C119.033 8 8 119.033 8 256s111.033 248 248 248 248-111.033 248-248S392.967 8 256 8zm0 48c110.532 0 200 89.451 200 200 0 110.532-89.451 200-200 200-110.532 0-200-89.451-200-200 0-110.532 89.451-200 200-200m140.204 130.267l-22.536-22.718c-4.667-4.705-12.265-4.736-16.97-.068L215.346 303.697l-59.792-60.277c-4.667-4.705-12.265-4.736-16.97-.069l-22.719 22.536c-4.705 4.667-4.736 12.265-.068 16.971l90.781 91.516c4.667 4.705 12.265 4.736 16.97.068l172.589-171.204c4.704-4.668 4.734-12.266.067-16.971z\"><\/path><\/svg>\t\t\t\t\t\t<\/span>\n\t\t\t\t\t\t\t\t\t\t<span class=\"elementor-icon-list-text\">T\u1ea1i sao Myfxbook l\u00e0 ch\u00e2n l\u00fd duy nh\u1ea5t trong giao d\u1ecbch Forex? Kh\u00e1m ph\u00e1 chi ph\u00ed \u1ea9n sau c\u00e1c \u1ea3nh ch\u1ee5p gi\u1ea3 m\u1ea1o<\/span>\n\t\t\t\t\t\t\t\t\t\t\t<\/a>\n\t\t\t\t\t\t\t\t\t<\/li>\n\t\t\t\t\t\t<\/ul>\n\t\t\t\t\t\t<\/div>\n\t\t\t\t\t<\/div>\n\t\t\t\t<\/div>\n\t\t\t\t<\/div>","protected":false},"excerpt":{"rendered":"<p>L\u1ed9 di\u1ec7n l\u1ed7 h\u1ed5ng th\u1ef1c thi tr\u00ean MQL5 v\u00e0 SignalStart! T\u1ea1i sao ph\u00ed \u0111\u0103ng k\u00fd c\u1ed1 \u0111\u1ecbnh l\u00e0 \"thu\u1ed1c \u0111\u1ed9c\" cho t\u00e0i kho\u1ea3n nh\u1ecf. Kh\u00e1m ph\u00e1 l\u00fd do Mr.Forex ch\u1ecdn \"Ph\u00ed hi\u1ec7u su\u1ea5t\" \u0111\u1ec3 b\u1ea3o v\u1ec7 t\u1eebng \u0111\u1ed3ng l\u1ee3i nhu\u1eadn c\u1ee7a b\u1ea1n.<\/p>","protected":false},"author":1,"featured_media":66429,"parent":0,"menu_order":0,"comment_status":"closed","ping_status":"closed","template":"","meta":{"footnotes":""},"tags":[128],"class_list":["post-66400","page","type-page","status-publish","has-post-thumbnail","hentry","tag-no-google"],"_links":{"self":[{"href":"https:\/\/mister.forex\/vi\/wp-json\/wp\/v2\/pages\/66400","targetHints":{"allow":["GET"]}}],"collection":[{"href":"https:\/\/mister.forex\/vi\/wp-json\/wp\/v2\/pages"}],"about":[{"href":"https:\/\/mister.forex\/vi\/wp-json\/wp\/v2\/types\/page"}],"author":[{"embeddable":true,"href":"https:\/\/mister.forex\/vi\/wp-json\/wp\/v2\/users\/1"}],"replies":[{"embeddable":true,"href":"https:\/\/mister.forex\/vi\/wp-json\/wp\/v2\/comments?post=66400"}],"version-history":[{"count":12,"href":"https:\/\/mister.forex\/vi\/wp-json\/wp\/v2\/pages\/66400\/revisions"}],"predecessor-version":[{"id":70357,"href":"https:\/\/mister.forex\/vi\/wp-json\/wp\/v2\/pages\/66400\/revisions\/70357"}],"wp:featuredmedia":[{"embeddable":true,"href":"https:\/\/mister.forex\/vi\/wp-json\/wp\/v2\/media\/66429"}],"wp:attachment":[{"href":"https:\/\/mister.forex\/vi\/wp-json\/wp\/v2\/media?parent=66400"}],"wp:term":[{"taxonomy":"post_tag","embeddable":true,"href":"https:\/\/mister.forex\/vi\/wp-json\/wp\/v2\/tags?post=66400"}],"curies":[{"name":"wp","href":"https:\/\/api.w.org\/{rel}","templated":true}]}}