{"id":66480,"date":"2026-02-24T21:42:23","date_gmt":"2026-02-24T13:42:23","guid":{"rendered":"https:\/\/mister.forex\/?page_id=66480"},"modified":"2026-02-26T00:13:56","modified_gmt":"2026-02-25T16:13:56","slug":"ic-markets-mam-withdrawal-guide","status":"publish","type":"page","link":"https:\/\/mister.forex\/vi\/ic-markets-mam-withdrawal-guide\/","title":{"rendered":"H\u01b0\u1edbng d\u1eabn r\u00fat ti\u1ec1n IC Markets MAM: C\u00e1ch chuy\u1ec3n ti\u1ec1n v\u1ec1 t\u00e0i kho\u1ea3n c\u00e1 nh\u00e2n"},"content":{"rendered":"<div data-elementor-type=\"wp-page\" data-elementor-id=\"66480\" class=\"elementor elementor-66480\" data-elementor-post-type=\"page\">\n\t\t\t\t<div class=\"elementor-element elementor-element-99c3d86 e-flex e-con-boxed e-con e-parent\" data-id=\"99c3d86\" data-element_type=\"container\">\n\t\t\t\t\t<div class=\"e-con-inner\">\n\t\t\t\t<div class=\"elementor-element elementor-element-d947537 elementor-widget elementor-widget-spacer\" data-id=\"d947537\" data-element_type=\"widget\" data-widget_type=\"spacer.default\">\n\t\t\t\t\t\t\t<div class=\"elementor-spacer\">\n\t\t\t<div class=\"elementor-spacer-inner\"><\/div>\n\t\t<\/div>\n\t\t\t\t\t\t<\/div>\n\t\t\t\t<div class=\"elementor-element elementor-element-ff00f82 elementor-widget elementor-widget-heading\" data-id=\"ff00f82\" data-element_type=\"widget\" data-widget_type=\"heading.default\">\n\t\t\t\t\t<h2 class=\"elementor-heading-title elementor-size-default\">R\u00fat ti\u1ec1n IC Markets MAM<\/h2>\t\t\t\t<\/div>\n\t\t\t\t<div class=\"elementor-element elementor-element-31aee80 elementor-widget elementor-widget-text-editor\" data-id=\"31aee80\" data-element_type=\"widget\" data-widget_type=\"text-editor.default\">\n\t\t\t\t\t\t\t\t\t<p class=\" translation-block\">\u0110\u1ec3 r\u00fat ti\u1ec1n t\u1eeb t\u00e0i kho\u1ea3n ph\u1ee5 <strong>MAM<\/strong> v\u1ec1 t\u00e0i kho\u1ea3n c\u00e1 nh\u00e2n, h\u00e3y l\u00e0m theo c\u00e1c b\u01b0\u1edbc sau.<\/p>\t\t\t\t\t\t\t\t<\/div>\n\t\t\t\t<div class=\"elementor-element elementor-element-cd0858e elementor-icon-list--layout-inline elementor-list-item-link-inline elementor-widget elementor-widget-icon-list\" data-id=\"cd0858e\" data-element_type=\"widget\" data-widget_type=\"icon-list.default\">\n\t\t\t\t\t\t\t<ul class=\"elementor-icon-list-items elementor-inline-items\">\n\t\t\t\t\t\t\t<li class=\"elementor-icon-list-item elementor-inline-item\">\n\t\t\t\t\t\t\t\t\t\t\t<a href=\"https:\/\/mister.forex\/wp-content\/uploads\/2026\/02\/MAM-Transfer-ICM-Raw-Trading.pdf\" target=\"_blank\">\n\n\t\t\t\t\t\t\t\t\t\t\t\t<span class=\"elementor-icon-list-icon\">\n\t\t\t\t\t\t\t<svg aria-hidden=\"true\" class=\"e-font-icon-svg e-fas-file-download\" viewbox=\"0 0 384 512\" xmlns=\"http:\/\/www.w3.org\/2000\/svg\"><path d=\"M224 136V0H24C10.7 0 0 10.7 0 24v464c0 13.3 10.7 24 24 24h336c13.3 0 24-10.7 24-24V160H248c-13.2 0-24-10.8-24-24zm76.45 211.36l-96.42 95.7c-6.65 6.61-17.39 6.61-24.04 0l-96.42-95.7C73.42 337.29 80.54 320 94.82 320H160v-80c0-8.84 7.16-16 16-16h32c8.84 0 16 7.16 16 16v80h65.18c14.28 0 21.4 17.29 11.27 27.36zM377 105L279.1 7c-4.5-4.5-10.6-7-17-7H256v128h128v-6.1c0-6.3-2.5-12.4-7-16.9z\"><\/path><\/svg>\t\t\t\t\t\t<\/span>\n\t\t\t\t\t\t\t\t\t\t<span class=\"elementor-icon-list-text\">T\u1ea3i xu\u1ed1ng M\u1eabu chuy\u1ec3n ti\u1ec1n IC Markets<\/span>\n\t\t\t\t\t\t\t\t\t\t\t<\/a>\n\t\t\t\t\t\t\t\t\t<\/li>\n\t\t\t\t\t\t<\/ul>\n\t\t\t\t\t\t<\/div>\n\t\t\t\t<div class=\"elementor-element elementor-element-b36adde elementor-icon-list--layout-inline elementor-list-item-link-inline elementor-widget elementor-widget-icon-list\" data-id=\"b36adde\" data-element_type=\"widget\" data-widget_type=\"icon-list.default\">\n\t\t\t\t\t\t\t<ul class=\"elementor-icon-list-items elementor-inline-items\">\n\t\t\t\t\t\t\t<li class=\"elementor-icon-list-item elementor-inline-item\">\n\t\t\t\t\t\t\t\t\t\t\t<a href=\"https:\/\/www.sejda.com\/pdf-editor\" target=\"_blank\" rel=\"nofollow noopener\">\n\n\t\t\t\t\t\t\t\t\t\t\t\t<span class=\"elementor-icon-list-icon\">\n\t\t\t\t\t\t\t<svg aria-hidden=\"true\" class=\"e-font-icon-svg e-fas-pencil-alt\" viewbox=\"0 0 512 512\" xmlns=\"http:\/\/www.w3.org\/2000\/svg\"><path d=\"M497.9 142.1l-46.1 46.1c-4.7 4.7-12.3 4.7-17 0l-111-111c-4.7-4.7-4.7-12.3 0-17l46.1-46.1c18.7-18.7 49.1-18.7 67.9 0l60.1 60.1c18.8 18.7 18.8 49.1 0 67.9zM284.2 99.8L21.6 362.4.4 483.9c-2.9 16.4 11.4 30.6 27.8 27.8l121.5-21.3 262.6-262.6c4.7-4.7 4.7-12.3 0-17l-111-111c-4.8-4.7-12.4-4.7-17.1 0zM124.1 339.9c-5.5-5.5-5.5-14.3 0-19.8l154-154c5.5-5.5 14.3-5.5 19.8 0s5.5 14.3 0 19.8l-154 154c-5.5 5.5-14.3 5.5-19.8 0zM88 424h48v36.3l-64.5 11.3-31.1-31.1L51.7 376H88v48z\"><\/path><\/svg>\t\t\t\t\t\t<\/span>\n\t\t\t\t\t\t\t\t\t\t<span class=\"elementor-icon-list-text\">D\u1ec5 d\u00e0ng \u0111i\u1ec1n v\u00e0 k\u00fd \u0111\u01a1n tr\u1ef1c tuy\u1ebfn v\u1edbi c\u00f4ng c\u1ee5 n\u00e0y.<\/span>\n\t\t\t\t\t\t\t\t\t\t\t<\/a>\n\t\t\t\t\t\t\t\t\t<\/li>\n\t\t\t\t\t\t<\/ul>\n\t\t\t\t\t\t<\/div>\n\t\t\t\t<div class=\"elementor-element elementor-element-d13ecca elementor-widget elementor-widget-html translation-block\" data-id=\"d13ecca\" data-element_type=\"widget\" data-widget_type=\"html.default\"><span>\n<h2><strong>I. H\u01b0\u1edbng d\u1eabn \u0111i\u1ec1n \u0111\u01a1n<\/strong><\/h2>\nM\u1eabu \u0111\u01a1n n\u00e0y \u0111\u01b0\u1ee3c chia th\u00e0nh c\u00e1c ph\u1ea7n sau. Vui l\u00f2ng \u0111i\u1ec1n ho\u00e0n to\u00e0n b\u1eb1ng ti\u1ebfng Anh:<br>\n<br>\n<strong>1. Your Details<\/strong><br><br>\n<ul>\n    <li><strong>First\/Last Name<\/strong>: H\u1ecd t\u00ean ti\u1ebfng Anh c\u1ee7a b\u1ea1n, ph\u1ea3i kh\u1edbp v\u1edbi gi\u1ea5y t\u1edd t\u00f9y th\u00e2n d\u00f9ng khi m\u1edf t\u00e0i kho\u1ea3n.<\/li>\n    <li><strong>Email\/Phone<\/strong>: Email \u0111\u0103ng k\u00fd v\u00e0 s\u1ed1 \u0111i\u1ec7n tho\u1ea1i li\u00ean l\u1ea1c c\u1ee7a b\u1ea1n.<\/li>\n    <li><strong>Sub Account Number<\/strong>: \u0110i\u1ec1n s\u1ed1 t\u00e0i kho\u1ea3n ph\u1ee5 MAM m\u00e0 b\u1ea1n mu\u1ed1n r\u00fat ti\u1ec1n.<\/li>\n    <li><strong>Date<\/strong>: \u0110i\u1ec1n ng\u00e0y n\u1ed9p \u0111\u01a1n.<\/li>\n<\/ul>\n<img class=\"aligncenter size-large wp-image-66512\" src=\"https:\/\/mister.forex\/wp-content\/uploads\/2026\/02\/IC-Markets-MAM-Transfer-01-1200x305.webp\" alt=\"\" width=\"800\" height=\"203\" \/>\n<br>\n\n<strong>2. Your Money Managers Details<\/strong><br><br>\n<ul>\n    <li><strong>First\/Last Name<\/strong>: T\u00ean ng\u01b0\u1eddi qu\u1ea3n l\u00fd chi\u1ebfn l\u01b0\u1ee3c (\u0111\u00e3 \u0111\u01b0\u1ee3c \u0111i\u1ec1n s\u1eb5n).<\/li>\n    <li><strong>Company\/MAM Name<\/strong>: T\u00ean chi\u1ebfn l\u01b0\u1ee3c, v\u00ed d\u1ee5: Alpha Gold.<\/li>\n<\/ul>\n<br>\n<img class=\"aligncenter size-large wp-image-66513\" src=\"https:\/\/mister.forex\/wp-content\/uploads\/2026\/02\/IC-Markets-MAM-Transfer-02-1200x212.webp\" alt=\"\" width=\"800\" height=\"141\" \/>\n<br>\n<strong>3. Transfer Amount<\/strong><br><br>\n<ul>\n    <li><strong>Transfer Amount<\/strong>: S\u1ed1 ti\u1ec1n b\u1eb1ng s\u1ed1 m\u00e0 b\u1ea1n mu\u1ed1n chuy\u1ec3n.<\/li>\n    <li><strong>Amount in Words<\/strong>: S\u1ed1 ti\u1ec1n b\u1eb1ng ch\u1eef ti\u1ebfng Anh, v\u00ed d\u1ee5: One Thousand.<\/li>\n    <li><strong>Receiving ICM Account<\/strong>: S\u1ed1 t\u00e0i kho\u1ea3n giao d\u1ecbch c\u00e1 nh\u00e2n s\u1ebd nh\u1eadn s\u1ed1 ti\u1ec1n n\u00e0y.<\/li>\n    <li><strong>Currency<\/strong>: Lo\u1ea1i ti\u1ec1n t\u1ec7, m\u1eb7c \u0111\u1ecbnh l\u00e0 USD.<\/li>\n<\/ul>\n<br>\n<img class=\"aligncenter size-large wp-image-66514\" src=\"https:\/\/mister.forex\/wp-content\/uploads\/2026\/02\/IC-Markets-MAM-Transfer-03-1200x340.webp\" alt=\"\" width=\"800\" height=\"227\" \/>\n<br>\n<strong>4. Checkboxes<\/strong><br><br>\n<ul>\n    <li><strong>Does your account currently have open trades?<\/strong>: T\u00edch v\u00e0o \u0111\u00e2y n\u1ebfu t\u00e0i kho\u1ea3n \u0111ang c\u00f3 l\u1ec7nh m\u1edf; h\u1ec7 th\u1ed1ng s\u1ebd \u0111\u00f3ng l\u1ec7nh theo t\u1ef7 l\u1ec7 trong qu\u00e1 tr\u00ecnh chuy\u1ec3n ti\u1ec1n.<\/li>\n    <li><strong>Are you transferring your balance?<\/strong>: T\u00edch v\u00e0o \u0111\u00e2y n\u1ebfu b\u1ea1n d\u1ef1 \u0111\u1ecbnh chuy\u1ec3n to\u00e0n b\u1ed9 s\u1ed1 d\u01b0 c\u1ee7a t\u00e0i kho\u1ea3n ph\u1ee5.<\/li>\n<\/ul>\n<br>\n<img class=\"aligncenter size-large wp-image-66515\" src=\"https:\/\/mister.forex\/wp-content\/uploads\/2026\/02\/IC-Markets-MAM-Transfer-04-1200x102.webp\" alt=\"\" width=\"800\" height=\"68\" \/>\n<br>\n<h2><strong>II. K\u00fd t\u00ean v\u00e0 g\u1eedi \u0111\u01a1n<\/strong><\/h2>\n<ul>\n    <li><strong>Signature<\/strong>: Vui l\u00f2ng k\u00fd t\u00ean b\u1eb1ng tay ho\u1eb7c k\u00fd \u0111i\u1ec7n t\u1eed v\u00e0o \u00f4 ch\u1eef k\u00fd; ch\u1eef k\u00fd ph\u1ea3i kh\u1edbp v\u1edbi ch\u1eef k\u00fd khi m\u1edf t\u00e0i kho\u1ea3n.<\/li>\n    <li><strong>G\u1eedi Email<\/strong>: Ch\u1ee5p \u1ea3nh ho\u1eb7c qu\u00e9t m\u1eabu \u0111\u01a1n \u0111\u00e3 \u0111i\u1ec1n v\u00e0 g\u1eedi k\u00e8m theo email t\u1edbi <strong>IC Markets<\/strong> (<a href=\"mailto:accounts@icmarkets.com\" target=\"_blank\" rel=\"nofollow noopener\">accounts@icmarkets.com<\/a>).<\/li>\n    <li><strong>\u0110\u1ed3ng k\u00ednh g\u1eedi (CC)<\/strong>: \u0110\u1ed3ng th\u1eddi g\u1eedi m\u1ed9t b\u1ea3n sao t\u1edbi <strong>Mr.Forex<\/strong> (<a href=\"mailto:support@mister.forex\" target=\"_blank\" rel=\"nofollow noopener\">support@mister.forex<\/a>) \u0111\u1ec3 \u0111\u01b0\u1ee3c x\u00e1c nh\u1eadn nh\u1eadn \u0111\u01a1n nhanh ch\u00f3ng.<\/li>\n<\/ul>\n<br>\n<img class=\"aligncenter size-large wp-image-66516\" src=\"https:\/\/mister.forex\/wp-content\/uploads\/2026\/02\/IC-Markets-MAM-Transfer-05-1200x335.webp\" alt=\"\" width=\"800\" height=\"223\" \/>\n<h2><strong>III. L\u01b0u \u00fd quan tr\u1ecdng<\/strong><\/h2>\n<ul>\n    <li><strong>Quy tr\u00ecnh x\u00e1c nh\u1eadn<\/strong>: Sau khi nh\u1eadn \u0111\u01b0\u1ee3c \u0111\u01a1n c\u1ee7a b\u1ea1n, IC Markets ch\u1ec9 th\u1ef1c hi\u1ec7n vi\u1ec7c chuy\u1ec3n ti\u1ec1n sau khi ng\u01b0\u1eddi qu\u1ea3n l\u00fd chi\u1ebfn l\u01b0\u1ee3c x\u00e1c nh\u1eadn \u0111\u00e3 nh\u1eadn \u0111\u01b0\u1ee3c y\u00eau c\u1ea7u n\u00e0y.<\/li>\n    <li><strong>X\u1eed l\u00fd l\u1ec7nh \u0111ang m\u1edf<\/strong>: V\u00ec MAM s\u1eed d\u1ee5ng giao d\u1ecbch theo t\u1ef7 l\u1ec7, vi\u1ec7c r\u00fat ti\u1ec1n th\u01b0\u1eddng y\u00eau c\u1ea7u ph\u1ea3i \u0111\u00f3ng m\u1ed9t ph\u1ea7n c\u00e1c l\u1ec7nh \u0111ang m\u1edf, \u0111i\u1ec1u n\u00e0y s\u1ebd d\u1eabn \u0111\u1ebfn vi\u1ec7c k\u1ebft to\u00e1n l\u00e3i ho\u1eb7c l\u1ed7 t\u01b0\u01a1ng \u1ee9ng.<\/li>\n<\/ul>\n<\/span><\/div>\n\t\t\t\t<div class=\"elementor-element elementor-element-eb9e9d4 elementor-widget elementor-widget-spacer\" data-id=\"eb9e9d4\" data-element_type=\"widget\" data-widget_type=\"spacer.default\">\n\t\t\t\t\t\t\t<div class=\"elementor-spacer\">\n\t\t\t<div class=\"elementor-spacer-inner\"><\/div>\n\t\t<\/div>\n\t\t\t\t\t\t<\/div>\n\t\t\t\t\t<\/div>\n\t\t\t\t<\/div>\n\t\t\t\t<\/div>","protected":false},"excerpt":{"rendered":"<p>H\u01b0\u1edbng d\u1eabn n\u00e0y h\u1ed7 tr\u1ee3 b\u1ea1n ho\u00e0n th\u00e0nh M\u1eabu chuy\u1ec3n ti\u1ec1n IC Markets MAM \u0111\u1ec3 r\u00fat ti\u1ec1n th\u00e0nh c\u00f4ng t\u1eeb t\u00e0i kho\u1ea3n ph\u1ee5 MAM v\u1ec1 t\u00e0i kho\u1ea3n c\u00e1 nh\u00e2n c\u1ee7a m\u00ecnh. N\u1ed9i dung bao g\u1ed3m c\u00e1ch \u0111i\u1ec1n s\u1ed1 ti\u1ec1n, th\u00f4ng tin t\u00e0i kho\u1ea3n ph\u1ee5 v\u00e0 quy tr\u00ecnh g\u1eedi email ch\u00ednh th\u1ee9c \u0111\u1ec3 \u0111\u1ea3m b\u1ea3o qu\u00e1 tr\u00ecnh r\u00fat ti\u1ec1n di\u1ec5n ra nhanh ch\u00f3ng v\u00e0 minh b\u1ea1ch.<\/p>","protected":false},"author":1,"featured_media":66487,"parent":0,"menu_order":0,"comment_status":"closed","ping_status":"closed","template":"","meta":{"footnotes":""},"tags":[128],"class_list":["post-66480","page","type-page","status-publish","has-post-thumbnail","hentry","tag-no-google"],"rankMath":{"parentDomain":"mister.forex","noFollowDomains":[],"noFollowExcludeDomains":[],"noFollowExternalLinks":false,"featuredImageNotice":"H\u00ecnh \u1ea3nh n\u1ed5i b\u1eadt n\u00ean c\u00f3 k\u00edch th\u01b0\u1edbc \u00edt nh\u1ea5t 200 x 200 pixel \u0111\u1ec3 \u0111\u01b0\u1ee3c Facebook v\u00e0 c\u00e1c trang m\u1ea1ng x\u00e3 h\u1ed9i kh\u00e1c ch\u1ecdn.","pluginReviewed":false,"postSettings":{"linkSuggestions":true,"useFocusKeyword":false},"frontEndScore":false,"postName":"ic-markets-mam-withdrawal-guide","permalinkFormat":"https:\/\/mister.forex\/vi\/%pagename%\/","showLockModifiedDate":true,"assessor":{"focusKeywordLink":"https:\/\/mister.forex\/wp-admin\/edit.php?focus_keyword=%focus_keyword%&post_type=%post_type%","hasTOCPlugin":true,"primaryTaxonomy":false,"serpData":{"title":"","description":"","focusKeywords":"IC Markets","pillarContent":false,"canonicalUrl":"","breadcrumbTitle":"","advancedRobots":{"max-snippet":"-1","max-video-preview":false,"max-image-preview":"large"},"facebookTitle":"","facebookDescription":"","facebookImage":"","facebookImageID":"","facebookHasOverlay":false,"facebookImageOverlay":"","facebookAuthor":"","twitterCardType":"","twitterUseFacebook":true,"twitterTitle":"","twitterDescription":"","twitterImage":"","twitterImageID":"","twitterHasOverlay":false,"twitterImageOverlay":"","twitterPlayerUrl":"","twitterPlayerSize":"","twitterPlayerStream":"","twitterPlayerStreamCtype":"","twitterAppDescription":"","twitterAppIphoneName":"","twitterAppIphoneID":"","twitterAppIphoneUrl":"","twitterAppIpadName":"","twitterAppIpadID":"","twitterAppIpadUrl":"","twitterAppGoogleplayName":"","twitterAppGoogleplayID":"","twitterAppGoogleplayUrl":"","twitterAppCountry":"","robots":{"index":true},"twitterAuthor":"t\u00ean ng\u01b0\u1eddi d\u00f9ng","primaryTerm":0,"authorName":"Mr.Forex","titleTemplate":"%title%","descriptionTemplate":"%excerpt%","showScoreFrontend":true,"lockModifiedDate":false},"powerWords":[],"diacritics":{"A":"[\\u0041\\u24B6\\uFF21\\u00C0\\u00C1\\u00C2\\u1EA6\\u1EA4\\u1EAA\\u1EA8\\u00C3\\u0100\\u0102\\u1EB0\\u1EAE\\u1EB4\\u1EB2\\u0226\\u01E0\\u00C4\\u01DE\\u1EA2\\u00C5\\u01FA\\u01CD\\u0200\\u0202\\u1EA0\\u1EAC\\u1EB6\\u1E00\\u0104\\u023A\\u2C6F]","AA":"[\\uA732]","AE":"[\\u00C6\\u01FC\\u01E2]","AO":"[\\uA734]","AU":"[\\uA736]","AV":"[\\uA738\\uA73A]","AY":"[\\uA73C]","B":"[\\u0042\\u24B7\\uFF22\\u1E02\\u1E04\\u1E06\\u0243\\u0182\\u0181]","C":"[\\u0043\\u24B8\\uFF23\\u0106\\u0108\\u010A\\u010C\\u00C7\\u1E08\\u0187\\u023B\\uA73E]","D":"[\\u0044\\u24B9\\uFF24\\u1E0A\\u010E\\u1E0C\\u1E10\\u1E12\\u1E0E\\u0110\\u018B\\u018A\\u0189\\uA779]","DZ":"[\\u01F1\\u01C4]","Dz":"[\\u01F2\\u01C5]","E":"[\\u0045\\u24BA\\uFF25\\u00C8\\u00C9\\u00CA\\u1EC0\\u1EBE\\u1EC4\\u1EC2\\u1EBC\\u0112\\u1E14\\u1E16\\u0114\\u0116\\u00CB\\u1EBA\\u011A\\u0204\\u0206\\u1EB8\\u1EC6\\u0228\\u1E1C\\u0118\\u1E18\\u1E1A\\u0190\\u018E]","F":"[\\u0046\\u24BB\\uFF26\\u1E1E\\u0191\\uA77B]","G":"[\\u0047\\u24BC\\uFF27\\u01F4\\u011C\\u1E20\\u011E\\u0120\\u01E6\\u0122\\u01E4\\u0193\\uA7A0\\uA77D\\uA77E]","H":"[\\u0048\\u24BD\\uFF28\\u0124\\u1E22\\u1E26\\u021E\\u1E24\\u1E28\\u1E2A\\u0126\\u2C67\\u2C75\\uA78D]","I":"[\\u0049\\u24BE\\uFF29\\u00CC\\u00CD\\u00CE\\u0128\\u012A\\u012C\\u0130\\u00CF\\u1E2E\\u1EC8\\u01CF\\u0208\\u020A\\u1ECA\\u012E\\u1E2C\\u0197]","J":"[\\u004A\\u24BF\\uFF2A\\u0134\\u0248]","K":"[\\u004B\\u24C0\\uFF2B\\u1E30\\u01E8\\u1E32\\u0136\\u1E34\\u0198\\u2C69\\uA740\\uA742\\uA744\\uA7A2]","L":"[\\u004C\\u24C1\\uFF2C\\u013F\\u0139\\u013D\\u1E36\\u1E38\\u013B\\u1E3C\\u1E3A\\u0141\\u023D\\u2C62\\u2C60\\uA748\\uA746\\uA780]","LJ":"[\\u01C7]","Lj":"[\\u01C8]","M":"[\\u004D\\u24C2\\uFF2D\\u1E3E\\u1E40\\u1E42\\u2C6E\\u019C]","N":"[\\u004E\\u24C3\\uFF2E\\u01F8\\u0143\\u00D1\\u1E44\\u0147\\u1E46\\u0145\\u1E4A\\u1E48\\u0220\\u019D\\uA790\\uA7A4]","NJ":"[\\u01CA]","Nj":"[\\u01CB]","O":"[\\u004F\\u24C4\\uFF2F\\u00D2\\u00D3\\u00D4\\u1ED2\\u1ED0\\u1ED6\\u1ED4\\u00D5\\u1E4C\\u022C\\u1E4E\\u014C\\u1E50\\u1E52\\u014E\\u022E\\u0230\\u00D6\\u022A\\u1ECE\\u0150\\u01D1\\u020C\\u020E\\u01A0\\u1EDC\\u1EDA\\u1EE0\\u1EDE\\u1EE2\\u1ECC\\u1ED8\\u01EA\\u01EC\\u00D8\\u01FE\\u0186\\u019F\\uA74A\\uA74C]","OI":"[\\u01A2]","OO":"[\\uA74E]","OU":"[\\u0222]","P":"[\\u0050\\u24C5\\uFF30\\u1E54\\u1E56\\u01A4\\u2C63\\uA750\\uA752\\uA754]","Q":"[\\u0051\\u24C6\\uFF31\\uA756\\uA758\\u024A]","R":"[\\u0052\\u24C7\\uFF32\\u0154\\u1E58\\u0158\\u0210\\u0212\\u1E5A\\u1E5C\\u0156\\u1E5E\\u024C\\u2C64\\uA75A\\uA7A6\\uA782]","S":"[\\u0053\\u24C8\\uFF33\\u1E9E\\u015A\\u1E64\\u015C\\u1E60\\u0160\\u1E66\\u1E62\\u1E68\\u0218\\u015E\\u2C7E\\uA7A8\\uA784]","T":"[\\u0054\\u24C9\\uFF34\\u1E6A\\u0164\\u1E6C\\u021A\\u0162\\u1E70\\u1E6E\\u0166\\u01AC\\u01AE\\u023E\\uA786]","TZ":"[\\uA728]","U":"[\\u0055\\u24CA\\uFF35\\u00D9\\u00DA\\u00DB\\u0168\\u1E78\\u016A\\u1E7A\\u016C\\u00DC\\u01DB\\u01D7\\u01D5\\u01D9\\u1EE6\\u016E\\u0170\\u01D3\\u0214\\u0216\\u01AF\\u1EEA\\u1EE8\\u1EEE\\u1EEC\\u1EF0\\u1EE4\\u1E72\\u0172\\u1E76\\u1E74\\u0244]","V":"[\\u0056\\u24CB\\uFF36\\u1E7C\\u1E7E\\u01B2\\uA75E\\u0245]","VY":"[\\uA760]","W":"[\\u0057\\u24CC\\uFF37\\u1E80\\u1E82\\u0174\\u1E86\\u1E84\\u1E88\\u2C72]","X":"[\\u0058\\u24CD\\uFF38\\u1E8A\\u1E8C]","Y":"[\\u0059\\u24CE\\uFF39\\u1EF2\\u00DD\\u0176\\u1EF8\\u0232\\u1E8E\\u0178\\u1EF6\\u1EF4\\u01B3\\u024E\\u1EFE]","Z":"[\\u005A\\u24CF\\uFF3A\\u0179\\u1E90\\u017B\\u017D\\u1E92\\u1E94\\u01B5\\u0224\\u2C7F\\u2C6B\\uA762]","a":"[\\u0061\\u24D0\\uFF41\\u1E9A\\u00E0\\u00E1\\u00E2\\u1EA7\\u1EA5\\u1EAB\\u1EA9\\u00E3\\u0101\\u0103\\u1EB1\\u1EAF\\u1EB5\\u1EB3\\u0227\\u01E1\\u00E4\\u01DF\\u1EA3\\u00E5\\u01FB\\u01CE\\u0201\\u0203\\u1EA1\\u1EAD\\u1EB7\\u1E01\\u0105\\u2C65\\u0250]","aa":"[\\uA733]","ae":"[\\u00E6\\u01FD\\u01E3]","ao":"[\\uA735]","au":"[\\uA737]","av":"[\\uA739\\uA73B]","ay":"[\\uA73D]","b":"[\\u0062\\u24D1\\uFF42\\u1E03\\u1E05\\u1E07\\u0180\\u0183\\u0253]","c":"[\\u0063\\u24D2\\uFF43\\u0107\\u0109\\u010B\\u010D\\u00E7\\u1E09\\u0188\\u023C\\uA73F\\u2184]","d":"[\\u0064\\u24D3\\uFF44\\u1E0B\\u010F\\u1E0D\\u1E11\\u1E13\\u1E0F\\u0111\\u018C\\u0256\\u0257\\uA77A]","dz":"[\\u01F3\\u01C6]","e":"[\\u0065\\u24D4\\uFF45\\u00E8\\u00E9\\u00EA\\u1EC1\\u1EBF\\u1EC5\\u1EC3\\u1EBD\\u0113\\u1E15\\u1E17\\u0115\\u0117\\u00EB\\u1EBB\\u011B\\u0205\\u0207\\u1EB9\\u1EC7\\u0229\\u1E1D\\u0119\\u1E19\\u1E1B\\u0247\\u025B\\u01DD]","f":"[\\u0066\\u24D5\\uFF46\\u1E1F\\u0192\\uA77C]","g":"[\\u0067\\u24D6\\uFF47\\u01F5\\u011D\\u1E21\\u011F\\u0121\\u01E7\\u0123\\u01E5\\u0260\\uA7A1\\u1D79\\uA77F]","h":"[\\u0068\\u24D7\\uFF48\\u0125\\u1E23\\u1E27\\u021F\\u1E25\\u1E29\\u1E2B\\u1E96\\u0127\\u2C68\\u2C76\\u0265]","hv":"[\\u0195]","i":"[\\u0069\\u24D8\\uFF49\\u00EC\\u00ED\\u00EE\\u0129\\u012B\\u012D\\u00EF\\u1E2F\\u1EC9\\u01D0\\u0209\\u020B\\u1ECB\\u012F\\u1E2D\\u0268\\u0131]","j":"[\\u006A\\u24D9\\uFF4A\\u0135\\u01F0\\u0249]","k":"[\\u006B\\u24DA\\uFF4B\\u1E31\\u01E9\\u1E33\\u0137\\u1E35\\u0199\\u2C6A\\uA741\\uA743\\uA745\\uA7A3]","l":"[\\u006C\\u24DB\\uFF4C\\u0140\\u013A\\u013E\\u1E37\\u1E39\\u013C\\u1E3D\\u1E3B\\u017F\\u0142\\u019A\\u026B\\u2C61\\uA749\\uA781\\uA747]","lj":"[\\u01C9]","m":"[\\u006D\\u24DC\\uFF4D\\u1E3F\\u1E41\\u1E43\\u0271\\u026F]","n":"[\\u006E\\u24DD\\uFF4E\\u01F9\\u0144\\u00F1\\u1E45\\u0148\\u1E47\\u0146\\u1E4B\\u1E49\\u019E\\u0272\\u0149\\uA791\\uA7A5]","nj":"[\\u01CC]","o":"[\\u006F\\u24DE\\uFF4F\\u00F2\\u00F3\\u00F4\\u1ED3\\u1ED1\\u1ED7\\u1ED5\\u00F5\\u1E4D\\u022D\\u1E4F\\u014D\\u1E51\\u1E53\\u014F\\u022F\\u0231\\u00F6\\u022B\\u1ECF\\u0151\\u01D2\\u020D\\u020F\\u01A1\\u1EDD\\u1EDB\\u1EE1\\u1EDF\\u1EE3\\u1ECD\\u1ED9\\u01EB\\u01ED\\u00F8\\u01FF\\u0254\\uA74B\\uA74D\\u0275]","oi":"[\\u01A3]","ou":"[\\u0223]","oo":"[\\uA74F]","p":"[\\u0070\\u24DF\\uFF50\\u1E55\\u1E57\\u01A5\\u1D7D\\uA751\\uA753\\uA755]","q":"[\\u0071\\u24E0\\uFF51\\u024B\\uA757\\uA759]","r":"[\\u0072\\u24E1\\uFF52\\u0155\\u1E59\\u0159\\u0211\\u0213\\u1E5B\\u1E5D\\u0157\\u1E5F\\u024D\\u027D\\uA75B\\uA7A7\\uA783]","s":"[\\u0073\\u24E2\\uFF53\\u015B\\u1E65\\u015D\\u1E61\\u0161\\u1E67\\u1E63\\u1E69\\u0219\\u015F\\u023F\\uA7A9\\uA785\\u1E9B]","ss":"[\\u00DF]","t":"[\\u0074\\u24E3\\uFF54\\u1E6B\\u1E97\\u0165\\u1E6D\\u021B\\u0163\\u1E71\\u1E6F\\u0167\\u01AD\\u0288\\u2C66\\uA787]","tz":"[\\uA729]","u":"[\\u0075\\u24E4\\uFF55\\u00F9\\u00FA\\u00FB\\u0169\\u1E79\\u016B\\u1E7B\\u016D\\u00FC\\u01DC\\u01D8\\u01D6\\u01DA\\u1EE7\\u016F\\u0171\\u01D4\\u0215\\u0217\\u01B0\\u1EEB\\u1EE9\\u1EEF\\u1EED\\u1EF1\\u1EE5\\u1E73\\u0173\\u1E77\\u1E75\\u0289]","v":"[\\u0076\\u24E5\\uFF56\\u1E7D\\u1E7F\\u028B\\uA75F\\u028C]","vy":"[\\uA761]","w":"[\\u0077\\u24E6\\uFF57\\u1E81\\u1E83\\u0175\\u1E87\\u1E85\\u1E98\\u1E89\\u2C73]","x":"[\\u0078\\u24E7\\uFF58\\u1E8B\\u1E8D]","y":"[\\u0079\\u24E8\\uFF59\\u1EF3\\u00FD\\u0177\\u1EF9\\u0233\\u1E8F\\u00FF\\u1EF7\\u1E99\\u1EF5\\u01B4\\u024F\\u1EFF]","z":"[\\u007A\\u24E9\\uFF5A\\u017A\\u1E91\\u017C\\u017E\\u1E93\\u1E95\\u01B6\\u0225\\u0240\\u2C6C\\uA763]"},"researchesTests":["contentHasTOC","contentHasShortParagraphs","contentHasAssets","keywordInTitle","keywordInMetaDescription","keywordInPermalink","keywordIn10Percent","keywordInContent","keywordInSubheadings","keywordInImageAlt","keywordDensity","keywordNotUsed","lengthContent","lengthPermalink","linksHasInternal","linksHasExternals","linksNotAllExternals","titleStartWithKeyword","titleSentiment","titleHasPowerWords","titleHasNumber","hasContentAI"],"hasRedirection":true,"hasBreadcrumb":true},"homeUrl":"https:\/\/mister.forex\/vi","objectID":66480,"objectType":"post","locale":"vi","localeFull":"vi","overlayImages":{"play":{"name":"Bi\u1ec3u t\u01b0\u1ee3ng ph\u00e1t","url":"https:\/\/mister.forex\/wp-content\/plugins\/seo-by-rank-math\/assets\/admin\/img\/icon-play.png","path":"C:\\Apache24\\htdocs\\wp-content\\plugins\\seo-by-rank-math\/assets\/admin\/img\/icon-play.png","position":"middle_center"},"gif":{"name":"Bi\u1ec3u t\u01b0\u1ee3ng GIF","url":"https:\/\/mister.forex\/wp-content\/plugins\/seo-by-rank-math\/assets\/admin\/img\/icon-gif.png","path":"C:\\Apache24\\htdocs\\wp-content\\plugins\\seo-by-rank-math\/assets\/admin\/img\/icon-gif.png","position":"middle_center"}},"defautOgImage":"https:\/\/mister.forex\/wp-content\/uploads\/2024\/09\/Mr-Forex-LV-Deep-Blue.webp","customPermalinks":true,"isUserRegistered":true,"autoSuggestKeywords":true,"connectSiteUrl":"https:\/\/rankmath.com\/auth?site=https%3A%2F%2Fmister.forex%2Fvi&r=https%3A%2F%2Fmister.forex%2Fvi%2Fwp-json%2Fwp%2Fv2%2Fpages%2F66480%3Fnonce%3D09d0b46330&pro=1","maxTags":100,"trendsIcon":"<svg viewBox=\"0 0 610 610\"><path d=\"M18.85,446,174.32,290.48l58.08,58.08L76.93,504a14.54,14.54,0,0,1-20.55,0L18.83,466.48a14.54,14.54,0,0,1,0-20.55Z\" style=\"fill:#4285f4\"\/><path d=\"M242.65,242.66,377.59,377.6l-47.75,47.75a14.54,14.54,0,0,1-20.55,0L174.37,290.43l47.75-47.75A14.52,14.52,0,0,1,242.65,242.66Z\" style=\"fill:#ea4335\"\/><polygon points=\"319.53 319.53 479.26 159.8 537.34 217.88 377.61 377.62 319.53 319.53\" style=\"fill:#fabb05\"\/><path d=\"M594.26,262.73V118.61h0a16.94,16.94,0,0,0-16.94-16.94H433.2a16.94,16.94,0,0,0-12,28.92L565.34,274.71h0a16.94,16.94,0,0,0,28.92-12Z\" style=\"fill:#34a853\"\/><rect width=\"610\" height=\"610\" style=\"fill:none\"\/><\/svg>","showScore":true,"siteFavIcon":"https:\/\/mister.forex\/wp-content\/uploads\/2024\/09\/mr-forex-logo-144x144-1-100x100.webp","canUser":{"general":false,"advanced":false,"snippet":false,"social":false,"analysis":false,"analytics":false,"content_ai":false},"showKeywordIntent":true,"isPro":true,"is_front_page":false,"trendsUpgradeLink":"https:\/\/rankmath.com\/pricing\/?utm_source=Plugin&utm_medium=CE%20General%20Tab%20Trends&utm_campaign=WP","trendsUpgradeLabel":"N\u00e2ng c\u1ea5p","trendsPreviewImage":"https:\/\/mister.forex\/wp-content\/plugins\/seo-by-rank-math\/assets\/admin\/img\/trends-preview.jpg","currentEditor":false,"homepageData":{"assessor":{"powerWords":[],"diacritics":true,"researchesTests":["contentHasTOC","contentHasShortParagraphs","contentHasAssets","keywordInTitle","keywordInMetaDescription","keywordInPermalink","keywordIn10Percent","keywordInContent","keywordInSubheadings","keywordInImageAlt","keywordDensity","keywordNotUsed","lengthContent","lengthPermalink","linksHasInternal","linksHasExternals","linksNotAllExternals","titleStartWithKeyword","titleSentiment","titleHasPowerWords","titleHasNumber","hasContentAI"],"hasBreadcrumb":true,"serpData":{"title":"%sitename% %page% %sep% %sitedesc%","description":"","titleTemplate":"%sitename% %page% %sep% %sitedesc%","descriptionTemplate":"","focusKeywords":"","breadcrumbTitle":"Home","robots":{"index":true},"advancedRobots":{"max-snippet":"-1","max-video-preview":false,"max-image-preview":"large"},"facebookTitle":"","facebookDescription":"","facebookImage":"","facebookImageID":""}}},"searchIntents":[],"isAnalyticsConnected":true,"tocTitle":"Table of Contents","tocExcludeHeadings":[],"listStyle":"ul"},"_links":{"self":[{"href":"https:\/\/mister.forex\/vi\/wp-json\/wp\/v2\/pages\/66480","targetHints":{"allow":["GET"]}}],"collection":[{"href":"https:\/\/mister.forex\/vi\/wp-json\/wp\/v2\/pages"}],"about":[{"href":"https:\/\/mister.forex\/vi\/wp-json\/wp\/v2\/types\/page"}],"author":[{"embeddable":true,"href":"https:\/\/mister.forex\/vi\/wp-json\/wp\/v2\/users\/1"}],"replies":[{"embeddable":true,"href":"https:\/\/mister.forex\/vi\/wp-json\/wp\/v2\/comments?post=66480"}],"version-history":[{"count":0,"href":"https:\/\/mister.forex\/vi\/wp-json\/wp\/v2\/pages\/66480\/revisions"}],"wp:featuredmedia":[{"embeddable":true,"href":"https:\/\/mister.forex\/vi\/wp-json\/wp\/v2\/media\/66487"}],"wp:attachment":[{"href":"https:\/\/mister.forex\/vi\/wp-json\/wp\/v2\/media?parent=66480"}],"wp:term":[{"taxonomy":"post_tag","embeddable":true,"href":"https:\/\/mister.forex\/vi\/wp-json\/wp\/v2\/tags?post=66480"}],"curies":[{"name":"wp","href":"https:\/\/api.w.org\/{rel}","templated":true}]}}