{"id":66873,"date":"2026-03-05T20:36:43","date_gmt":"2026-03-05T12:36:43","guid":{"rendered":"https:\/\/mister.forex\/?page_id=66873"},"modified":"2026-03-31T00:13:41","modified_gmt":"2026-03-30T16:13:41","slug":"live-dashboard","status":"publish","type":"page","link":"https:\/\/mister.forex\/vi\/live-dashboard\/","title":{"rendered":"B\u1ea3ng giao d\u1ecbch Forex Pro: Gi\u00e1 tr\u1ef1c ti\u1ebfp, T\u00e2m l\u00fd &amp; Tin t\u1ee9c | Mr.Forex"},"content":{"rendered":"<div data-elementor-type=\"wp-page\" data-elementor-id=\"66873\" class=\"elementor elementor-66873\" data-elementor-post-type=\"page\">\n\t\t\t\t<div class=\"elementor-element elementor-element-60e4fde e-flex e-con-boxed e-con e-parent\" data-id=\"60e4fde\" data-element_type=\"container\">\n\t\t\t\t\t<div class=\"e-con-inner\">\n\t\t<div class=\"elementor-element elementor-element-8f1fc30 e-con-full e-flex e-con e-child\" data-id=\"8f1fc30\" data-element_type=\"container\">\n\t\t<div class=\"elementor-element elementor-element-2276206 e-con-full e-flex e-con e-child\" data-id=\"2276206\" data-element_type=\"container\">\n\t\t\t\t<div class=\"elementor-element elementor-element-a20c2c3 elementor-widget elementor-widget-html\" data-id=\"a20c2c3\" data-element_type=\"widget\" data-widget_type=\"html.default\">\n\t\t\t\t\t<style>\r\n    .symbol-info-box { width: 100% !important; height: 150px !important; display: block !important; }\r\n    .symbol-info-box iframe { border: none !important; width: 100% !important; height: 100% !important; }\r\n<\/style>\r\n<div id=\"fin-symbolinfo\" class=\"symbol-info-box\"><\/div>\t\t\t\t<\/div>\n\t\t\t\t<div class=\"elementor-element elementor-element-fd55994 elementor-widget elementor-widget-html\" data-id=\"fd55994\" data-element_type=\"widget\" data-widget_type=\"html.default\">\n\t\t\t\t\t<style>\r\n    .custom-chart-box { width: 100% !important; height: 450px !important; display: block !important; }\r\n    .custom-chart-box iframe { border: none !important; width: 100% !important; height: 100% !important; }\r\n<\/style>\r\n<div id=\"fin-bigchart\" class=\"custom-chart-box\"><\/div>\t\t\t\t<\/div>\n\t\t\t\t<div class=\"elementor-element elementor-element-5fe06ab elementor-widget elementor-widget-html\" data-id=\"5fe06ab\" data-element_type=\"widget\" data-widget_type=\"html.default\">\n\t\t\t\t\t<style>\r\n    .symbol-list-box { width: 100% !important; height: 580px !important; display: block !important; }\r\n    .symbol-list-box iframe { border: none !important; width: 100% !important; height: 100% !important; }\r\n<\/style>\r\n<div id=\"fin-symbollist\" class=\"symbol-list-box\"><\/div>\t\t\t\t<\/div>\n\t\t\t\t<\/div>\n\t\t<div class=\"elementor-element elementor-element-fd9b6d5 e-con-full e-flex e-con e-child\" data-id=\"fd9b6d5\" data-element_type=\"container\">\n\t\t\t\t<div class=\"elementor-element elementor-element-7f8a236 elementor-widget elementor-widget-html\" data-id=\"7f8a236\" data-element_type=\"widget\" data-widget_type=\"html.default\">\n\t\t\t\t\t<style>\r\n    .sentiment-box { width: 100% !important; height: 440px !important; display: block !important; }\r\n    .sentiment-box iframe { border: none !important; width: 100% !important; height: 100% !important; }\r\n<\/style>\r\n<div id=\"fin-sentiment\" class=\"sentiment-box\"><\/div>\t\t\t\t<\/div>\n\t\t\t\t<div class=\"elementor-element elementor-element-8e3cdb6 elementor-widget elementor-widget-html\" data-id=\"8e3cdb6\" data-element_type=\"widget\" data-widget_type=\"html.default\">\n\t\t\t\t\t<style>\r\n    .news-feed-box { width: 100% !important; height: 765px !important; display: block !important; }\r\n    .news-feed-box iframe { border: none !important; width: 100% !important; height: 100% !important; }\r\n<\/style>\r\n<div id=\"fin-newsfeed\" class=\"news-feed-box\"><\/div>\t\t\t\t<\/div>\n\t\t\t\t<\/div>\n\t\t\t\t<\/div>\n\t\t\t\t<div class=\"elementor-element elementor-element-fc0d21d elementor-widget elementor-widget-html\" data-id=\"fc0d21d\" data-element_type=\"widget\" data-widget_type=\"html.default\">\n\t\t\t\t\t<script type=\"text\/javascript\" src=\"https:\/\/widget.finlogix.com\/Widget.js\" defer><\/script>\r\n\r\n<script type=\"text\/javascript\">\r\n(function() {\r\n    var WIDGET_ID = \"ffe4c51e-01f0-4189-8b73-943c68c4bdbd\";\r\n\r\n    \/\/ ==========================================\r\n    \/\/ 1. \u81ea\u52d5\u8a9e\u8a00\u5075\u6e2c\u8207\u6620\u5c04\u6a5f\u5236\r\n    \/\/ ==========================================\r\n    function getWidgetLanguage() {\r\n        var path = window.location.pathname.toLowerCase();\r\n        var allLangs = ['ar','bn','cn','cs','da','de','el','en','es','es_ar','es_mx','fr','hi','hk','hu','id','it','jp','kr','ms','nb','nl','pl','pt','ro','ru','sv','th','tr','uk','ur','vi','zh','pt_br'];\r\n        \r\n        var siteLang = 'default';\r\n        for (var i = 0; i < allLangs.length; i++) {\r\n            if (path.includes('\/' + allLangs[i] + '\/') || path.endsWith('\/' + allLangs[i])) {\r\n                siteLang = allLangs[i];\r\n                break;\r\n            }\r\n        }\r\n\r\n        var langMap = {\r\n            'default': 'zh_tw',\r\n            'zh': 'zh_tw',\r\n            'hk': 'zh_tw',\r\n            'cn': 'zh',\r\n            'jp': 'ja',\r\n            'ar': 'ar',\r\n            'vi': 'vi',\r\n            'en': 'en'\r\n        };\r\n\r\n        return langMap[siteLang] || 'en';\r\n    }\r\n\r\n    var CURRENT_LANG = getWidgetLanguage();\r\n\r\n    \/\/ ==========================================\r\n    \/\/ 2. \u5206\u985e\u540d\u7a31\u52d5\u614b\u7ffb\u8b6f\r\n    \/\/ ==========================================\r\n    var categoryTranslations = {\r\n        'zh_tw': ['\u4e3b\u8981\u54c1\u7a2e', '\u6b21\u8981\u54c1\u7a2e', '\u80a1\u7968\u6307\u6578'],\r\n        'zh': ['\u4e3b\u8981\u54c1\u79cd', '\u6b21\u8981\u54c1\u79cd', '\u80a1\u7968\u6307\u6570'],\r\n        'en': ['Major Symbols', 'Minor Symbols', 'Indices'],\r\n        'ja': ['\u4e3b\u8981\u30b7\u30f3\u30dc\u30eb', '\u30de\u30a4\u30ca\u30fc\u30b7\u30f3\u30dc\u30eb', '\u682a\u4fa1\u6307\u6570'],\r\n        'vi': ['C\u00e1c m\u00e3 ch\u00ednh', 'C\u00e1c m\u00e3 ph\u1ee5', 'Ch\u1ec9 s\u1ed1'],\r\n        'ar': ['\u0627\u0644\u0631\u0645\u0648\u0632 \u0627\u0644\u0631\u0626\u064a\u0633\u064a\u0629', '\u0627\u0644\u0631\u0645\u0648\u0632 \u0627\u0644\u062b\u0627\u0646\u0648\u064a\u0629', '\u0627\u0644\u0645\u0624\u0634\u0631\u0627\u062a']\r\n    };\r\n    var currentCatNames = categoryTranslations[CURRENT_LANG] || categoryTranslations['en'];\r\n\r\n    \/\/ ==========================================\r\n    \/\/ 3. \u6838\u5fc3\u908f\u8f2f\r\n    \/\/ ==========================================\r\n    function normalizeSymbol(name, tickerName) {\r\n        if (name && typeof name === 'string') return name.toUpperCase();\r\n        if (tickerName && typeof tickerName === 'string') {\r\n            if (tickerName.includes('\/')) return tickerName.toUpperCase();\r\n            if (tickerName.length === 6) {\r\n                return tickerName.slice(0, 3).toUpperCase() + '\/' + tickerName.slice(3).toUpperCase();\r\n            }\r\n            return tickerName.toUpperCase();\r\n        }\r\n        return 'EUR\/USD';\r\n    }\r\n\r\n    function renderOrUpdateWidget(type, containerId, config) {\r\n        var container = document.getElementById(containerId);\r\n        if (!container) return;\r\n\r\n        \/\/ \u6e05\u7a7a\u5bb9\u5668\u91cd\u5efa\r\n        container.innerHTML = \"\";\r\n        var uniqueSubId = containerId + \"-\" + new Date().getTime();\r\n        var newSub = document.createElement(\"div\");\r\n        newSub.id = uniqueSubId;\r\n        newSub.style.width = \"100%\";\r\n        newSub.style.height = \"100%\";\r\n        container.appendChild(newSub);\r\n        \r\n        var instance = new WidgetIframeClass();\r\n        var baseConfig = {\r\n            renderDocumentId: uniqueSubId,\r\n            widgetId: WIDGET_ID,\r\n            type: type,\r\n            language: CURRENT_LANG,\r\n            isAdaptive: true\r\n        };\r\n        \r\n        for (var key in config) { baseConfig[key] = config[key]; }\r\n        instance.init(baseConfig);\r\n        return instance;\r\n    }\r\n\r\n    \/\/ ==========================================\r\n    \/\/ 4. \u9632\u6296 (Debounce) \u6a5f\u5236\uff1a\u907f\u514d\u9023\u7e8c\u89f8\u767c\u91cd\u7e6a\r\n    \/\/ ==========================================\r\n    var syncTimeout = null;\r\n    window.syncAllWidgets = function(symbolId, symbolName, tickerName) {\r\n        clearTimeout(syncTimeout);\r\n        \r\n        syncTimeout = setTimeout(function() {\r\n            var formattedName = normalizeSymbol(symbolName, tickerName);\r\n            var finalSymbolId = symbolId ? String(symbolId) : \"44\";\r\n\r\n            \/\/ 1. \u7d14\u5716\u8868\u5340\r\n            renderOrUpdateWidget(\"BigChart\", \"fin-bigchart\", {\r\n                symbolName: formattedName,\r\n                hasSearchBar: false,\r\n                hasSymbolName: false,     \r\n                hasSymbolChange: false,   \r\n                hasProductDetail: false,\r\n                hasButton: false,\r\n                hasChart: true,  \r\n                chartShape: \"candles\",\r\n                timePeriod: \"D1\"\r\n            });\r\n\r\n            \/\/ 2. \u7d14\u5546\u54c1\u8a0a\u606f\u5340\r\n            renderOrUpdateWidget(\"BigChart\", \"fin-symbolinfo\", {\r\n                symbolName: formattedName,\r\n                hasSearchBar: false,\r\n                hasSymbolName: true,       \r\n                hasSymbolChange: true,     \r\n                hasProductDetail: true,    \r\n                hasButton: false,\r\n                hasChart: false            \r\n            });\r\n\r\n            \/\/ 3. \u60c5\u7dd2\u6307\u6a19\r\n            renderOrUpdateWidget(\"Sentiment\", \"fin-sentiment\", {\r\n                symbolPair: { symbolId: finalSymbolId, symbolName: formattedName },\r\n                isShowPriceRelatedColumn: false\r\n            });\r\n        }, 300);\r\n    };\r\n\r\n    \/\/ ==========================================\r\n    \/\/ 5. \u521d\u59cb\u5316\uff1a\u5b89\u5168\u7684\u905e\u8ff4\u8f2a\u8a62 (\u6548\u80fd\u66f4\u4f73)\r\n    \/\/ ==========================================\r\n    var attempts = 0;\r\n    var maxAttempts = 100; \/\/ \u6700\u591a\u5617\u8a66 100 \u6b21 (10\u79d2)\uff0c\u907f\u514d\u7db2\u8def\u5361\u4f4f\u6642\u7121\u9650\u6d88\u8017\u8cc7\u6e90\r\n\r\n    function initWidgetsWhenReady() {\r\n        if (typeof WidgetIframeClass !== 'undefined') {\r\n            \r\n            var listContainer = document.getElementById('fin-symbollist');\r\n            if (listContainer) {\r\n                listContainer.innerHTML = \"\"; \r\n                var listWidget = new WidgetIframeClass();\r\n                listWidget.init({\r\n                    renderDocumentId: \"fin-symbollist\",\r\n                    widgetId: WIDGET_ID,\r\n                    type: \"SymbolList\",\r\n                    language: CURRENT_LANG,\r\n                    isShowSymbolIcon: true,\r\n                    showColumns: [\"SYMBOL\", \"BID\", \"ASK\", \"SPREAD\", \"CHANGE %\"],\r\n                    categoryList: [\r\n                        { type: currentCatNames[0], symbols: [{symbolId: \"19\", symbolName: \"EURUSD\"}, {symbolId: \"25\", symbolName: \"GBPUSD\"}, {symbolId: \"36\", symbolName: \"USDJPY\"}, {symbolId: \"31\", symbolName: \"USDCAD\"}, {symbolId: \"5\", symbolName: \"AUDUSD\"}, {symbolId: \"29\", symbolName: \"NZDUSD\"}, {symbolId: \"66\", symbolName: \"BTCUSD\"}, {symbolId: \"43\", symbolName: \"XAGUSD\"}, {symbolId: \"44\", symbolName: \"XAUUSD\"}, {symbolId: \"128\", symbolName: \"USWTI\"}, {symbolId: \"129\", symbolName: \"UKBRENT\"}] },\r\n                        { type: currentCatNames[1], symbols: [{symbolId: \"12\", symbolName: \"EURGBP\"}, {symbolId: \"9\", symbolName: \"EURAUD\"}, {symbolId: \"11\", symbolName: \"EURCHF\"}, {symbolId: \"14\", symbolName: \"EURJPY\"}, {symbolId: \"20\", symbolName: \"GBPAUD\"}, {symbolId: \"23\", symbolName: \"GBPJPY\"}, {symbolId: \"3\", symbolName: \"AUDJPY\"}, {symbolId: \"28\", symbolName: \"NZDJPY\"}, {symbolId: \"7\", symbolName: \"CADJPY\"}, {symbolId: \"1\", symbolName: \"AUDCAD\"}] },\r\n                        { type: currentCatNames[2], symbols: [{symbolId: \"143\", symbolName: \"AU200\"}, {symbolId: \"152\", symbolName: \"TWUSD\"}, {symbolId: \"50\", symbolName: \"NAS100\"}, {symbolId: \"53\", symbolName: \"GER30\"}, {symbolId: \"150\", symbolName: \"CHINA50\"}, {symbolId: \"148\", symbolName: \"HK50\"}, {symbolId: \"155\", symbolName: \"JP225\"}, {symbolId: \"157\", symbolName: \"SP500\"}, {symbolId: \"51\", symbolName: \"DJ30\"}, {symbolId: \"122\", symbolName: \"US2000\"}] }\r\n                    ],\r\n                    isAdaptive: true,\r\n                    toChart: function (id, name, exchange, tickerName) {\r\n                        window.parent.postMessage(JSON.stringify({\r\n                            syncAction: 'SYNC_WIDGET_DATA',\r\n                            id: id,\r\n                            name: name,\r\n                            exchange: exchange,\r\n                            tickerName: tickerName\r\n                        }), '*');\r\n                    }\r\n                });\r\n            }\r\n\r\n            var newsContainer = document.getElementById('fin-newsfeed');\r\n            if (newsContainer) {\r\n                newsContainer.innerHTML = \"\";\r\n                var newsWidget = new WidgetIframeClass();\r\n                newsWidget.init({\r\n                    renderDocumentId: \"fin-newsfeed\",\r\n                    widgetId: WIDGET_ID,\r\n                    type: \"NewsFeed\",\r\n                    language: CURRENT_LANG,\r\n                    isAdaptive: true,\r\n                    withBorderBox: true\r\n                });\r\n            }\r\n\r\n            \/\/ \u540c\u6b65\u6e32\u67d3\u5176\u4ed6\u95dc\u806f Widget\r\n            window.syncAllWidgets(\"44\", \"XAUUSD\", null);\r\n            \r\n        } else {\r\n            attempts++;\r\n            if (attempts < maxAttempts) {\r\n                \/\/ \u6bcf 100 \u6beb\u79d2\u6aa2\u67e5\u4e00\u6b21\uff0c\u5c07\u63a7\u5236\u6b0a\u4ea4\u9084\u7d66\u700f\u89bd\u5668\u8f49\u8b6f\u4e3b\u57f7\u884c\u7dd2\r\n                setTimeout(initWidgetsWhenReady, 100); \r\n            } else {\r\n                console.warn(\"Finlogix Widget.js \u8f09\u5165\u8d85\u6642\uff0c\u8acb\u6aa2\u67e5\u7db2\u8def\u9023\u7dda\u3002\");\r\n            }\r\n        }\r\n    }\r\n\r\n    \/\/ \u555f\u52d5\u521d\u59cb\u5316\u6aa2\u67e5\r\n    initWidgetsWhenReady();\r\n\r\n    \/\/ ==========================================\r\n    \/\/ 6. \u76e3\u807d\u5668\r\n    \/\/ ==========================================\r\n    window.addEventListener('message', function (event) {\r\n        if (typeof event.data !== 'string') return;\r\n        try {\r\n            var payload = JSON.parse(event.data);\r\n            if (payload && payload.syncAction === 'SYNC_WIDGET_DATA') {\r\n                window.syncAllWidgets(payload.id, payload.name, payload.tickerName);\r\n            }\r\n        } catch (err) {}\r\n    });\r\n})();\r\n<\/script>\t\t\t\t<\/div>\n\t\t\t\t<div class=\"elementor-element elementor-element-890802c elementor-hidden-desktop elementor-hidden-tablet elementor-hidden-mobile elementor-widget elementor-widget-html\" data-id=\"890802c\" data-element_type=\"widget\" data-widget_type=\"html.default\">\n\t\t\t\t\t<iframe src=\"https:\/\/widget.myfxbook.com\/widget\/market-hours.html\" style=\"border: 0; width:100%; height:403px;\"><\/iframe>\r\n<div style=\"margin-top: 10px;\">\r\n    <div style=\"width: fit-content; margin: auto;font-family: roboto,sans-serif!important; font-size: 13px; color: #666666;\">\r\n        <a href=\"https:\/\/www.myfxbook.com\/market-hours\" title=\"Forex Market Hours\" class=\"myfxbookLink\" target=\"_blank\" rel=\"noopener\">\r\n            <b style=\"color:#666666\">Market Hours<\/b>\r\n        <\/a>\r\n        by Myfxbook.com\r\n    <\/div>\r\n<\/div>\t\t\t\t<\/div>\n\t\t\t\t<div class=\"elementor-element elementor-element-1fae905 elementor-widget elementor-widget-heading\" data-id=\"1fae905\" data-element_type=\"widget\" data-widget_type=\"heading.default\">\n\t\t\t\t\t<h1 class=\"elementor-heading-title elementor-size-default\">T\u1ea1i sao n\u00ean ch\u1ecdn b\u1ea3ng giao d\u1ecbch Mr.Forex Pro?<\/h1>\t\t\t\t<\/div>\n\t\t\t\t<div class=\"elementor-element elementor-element-f585080 elementor-widget elementor-widget-html translation-block\" data-id=\"f585080\" data-element_type=\"widget\" data-widget_type=\"html.default\"><span>\nTrong th\u1ecb tr\u01b0\u1eddng t\u00e0i ch\u00ednh to\u00e0n c\u1ea7u \u0111\u1ea7y bi\u1ebfn \u0111\u1ed9ng, t\u1ed1c \u0111\u1ed9 v\u00e0 \u0111\u1ed9 ch\u00ednh x\u00e1c c\u1ee7a vi\u1ec7c t\u00edch h\u1ee3p th\u00f4ng tin l\u00e0 c\u1ed1t l\u00f5i c\u1ee7a th\u00e0nh c\u00f4ng trong giao d\u1ecbch.<br><br>\n\n<strong>Mr.Forex<\/strong> cung c\u1ea5p cho c\u00e1c nh\u00e0 \u0111\u1ea7u t\u01b0 to\u00e0n c\u1ea7u m\u1ed9t <strong>Trung t\u00e2m Quy\u1ebft \u0111\u1ecbnh \u0110\u1ea7u t\u01b0 Qu\u1ed1c t\u1ebf<\/strong> t\u1ea5t c\u1ea3 trong m\u1ed9t.<br><br>\n\nD\u00f9 b\u1ea1n \u1edf \u0111\u00e2u, b\u1ea1n \u0111\u1ec1u c\u00f3 th\u1ec3 truy c\u1eadp th\u00f4ng tin chuy\u00ean s\u00e2u v\u1ec1 th\u1ecb tr\u01b0\u1eddng \u0111\u01b0\u1ee3c \u0111\u1ed3ng b\u1ed9 h\u00f3a v\u1edbi c\u00e1c t\u1ed5 ch\u1ee9c th\u00f4ng qua b\u1ea3ng \u0111i\u1ec1u khi\u1ec3n n\u00e0y.<br>\n<br>\n\n<h2><strong>N\u0103m t\u00ednh n\u0103ng c\u1ed1t l\u00f5i: Th\u1ea5u hi\u1ec3u nh\u1ecbp \u0111\u1eadp th\u1ecb tr\u01b0\u1eddng to\u00e0n c\u1ea7u<\/strong><\/h2>\n<ul>\n    <li><strong>H\u1ec7 th\u1ed1ng bi\u1ec3u \u0111\u1ed3 th\u1eddi gian th\u1ef1c to\u00e0n c\u1ea7u:<\/strong> Cung c\u1ea5p c\u1eadp nh\u1eadt b\u00e1o gi\u00e1 qu\u1ed1c t\u1ebf \u1edf m\u1ee9c mili gi\u00e2y, h\u1ed7 tr\u1ee3 nhi\u1ec1u ch\u1ec9 b\u00e1o k\u1ef9 thu\u1eadt, bao g\u1ed3m V\u00e0ng (XAUUSD), Bitcoin (BTCUSD) v\u00e0 c\u00e1c c\u1eb7p ngo\u1ea1i h\u1ed1i ch\u00ednh.<\/li>\n    <li><strong>Ch\u1ec9 b\u00e1o t\u00e2m l\u00fd th\u1ecb tr\u01b0\u1eddng:<\/strong> Cung c\u1ea5p t\u1ef7 l\u1ec7 v\u1ecb th\u1ebf th\u1ef1c t\u1ebf c\u1ee7a c\u00e1c nh\u00e0 giao d\u1ecbch nh\u1ecf l\u1ebb to\u00e0n c\u1ea7u, gi\u00fap b\u1ea1n x\u00e1c \u0111\u1ecbnh t\u00e2m l\u00fd th\u1ecb tr\u01b0\u1eddng v\u00e0 n\u1eafm v\u1eefng c\u00e1c tham chi\u1ebfu \"ch\u1ec9 b\u00e1o ng\u01b0\u1ee3c\" chuy\u00ean nghi\u1ec7p.<\/li>\n    <li><strong>Thanh b\u00e1o gi\u00e1 \u0111a chi\u1ec1u:<\/strong> Gi\u00e1m s\u00e1t th\u1eddi gian th\u1ef1c c\u00e1c t\u00e0i s\u1ea3n giao d\u1ecbch ph\u1ed5 bi\u1ebfn tr\u00ean th\u1ebf gi\u1edbi \u0111\u1ea3m b\u1ea3o b\u1ea1n kh\u00f4ng b\u1ecf l\u1ee1 b\u1ea5t k\u1ef3 bi\u1ebfn \u0111\u1ed9ng gi\u00e1 quan tr\u1ecdng n\u00e0o.<\/li>\n    <li><strong>Ph\u00e2n t\u00edch d\u1eef li\u1ec7u th\u1ecb tr\u01b0\u1eddng chuy\u00ean s\u00e2u:<\/strong> Hi\u1ec3n th\u1ecb chi ti\u1ebft m\u1ee9c ch\u00eanh l\u1ec7ch (spread) th\u1eddi gian th\u1ef1c v\u00e0 ph\u1ea1m vi bi\u1ebfn \u0111\u1ed9ng h\u00e0ng ng\u00e0y \u0111\u1ec3 gi\u00fap b\u1ea1n th\u1ef1c hi\u1ec7n ch\u00ednh x\u00e1c c\u00e1c chi\u1ebfn l\u01b0\u1ee3c giao d\u1ecbch v\u00e0 ki\u1ec3m so\u00e1t chi ph\u00ed.<\/li>\n    <li><strong>Tin t\u1ee9c t\u00e0i ch\u00ednh to\u00e0n c\u1ea7u:<\/strong> C\u1eadp nh\u1eadt li\u00ean t\u1ee5c 24 gi\u1edd v\u1ec1 c\u00e1c s\u1ef1 ki\u1ec7n l\u1edbn tr\u00ean th\u1ecb tr\u01b0\u1eddng th\u1ebf gi\u1edbi v\u00e0 d\u1eef li\u1ec7u kinh t\u1ebf, \u0111\u1ea3m b\u1ea3o th\u00f4ng tin c\u1ee7a b\u1ea1n ho\u00e0n to\u00e0n k\u1ebft n\u1ed1i v\u1edbi th\u1ecb tr\u01b0\u1eddng qu\u1ed1c t\u1ebf.<\/li>\n<\/ul>\n<br>\n\n<h2><strong>C\u00f4ng c\u1ee5 quy\u1ebft \u0111\u1ecbnh xuy\u00ean qu\u1ed1c gia cho nh\u00e0 giao d\u1ecbch chuy\u00ean nghi\u1ec7p<\/strong><\/h2>\n<strong>\"Ph\u00e1 v\u1ee1 s\u1ef1 b\u1ea5t \u0111\u1ed1i x\u1ee9ng th\u00f4ng tin \u2013 \u0111\u00e2y l\u00e0 trung t\u00e2m ch\u1ec9 huy giao d\u1ecbch to\u00e0n c\u1ea7u c\u1ee7a b\u1ea1n.\"<\/strong><br>\n<br>\nC\u00e1c nh\u00e0 giao d\u1ecbch xu\u1ea5t s\u1eafc kh\u00f4ng n\u00ean b\u1ecb h\u1ea1n ch\u1ebf b\u1edfi vi\u1ec7c chuy\u1ec3n \u0111\u1ed5i c\u00f4ng c\u1ee5. B\u1ea3ng \u0111i\u1ec1u khi\u1ec3n <strong>Mr.Forex<\/strong> t\u00edch h\u1ee3p <strong>T\u00e2m l\u00fd th\u1ecb tr\u01b0\u1eddng<\/strong> v\u00e0 <strong>B\u00e1o gi\u00e1 th\u1eddi gian th\u1ef1c<\/strong>, cho ph\u00e9p b\u1ea1n nh\u00ecn th\u1ea5u t\u00ecnh h\u00ecnh ph\u00e2n b\u1ed5 c\u1ee7a c\u00e1c nh\u00e0 \u0111\u1ea7u t\u01b0 nh\u1ecf l\u1ebb to\u00e0n c\u1ea7u trong khi quan s\u00e1t xu h\u01b0\u1edbng, tr\u00e1nh hi\u1ec7u qu\u1ea3 c\u00e1c \u0111i\u1ec3m ph\u00e1 v\u1ee1 gi\u1ea3 v\u00e0 n\u1eafm b\u1eaft c\u01a1 h\u1ed9i theo xu h\u01b0\u1edbng.\n<\/span><\/div>\n\t\t\t\t<div class=\"elementor-element elementor-element-85f870a elementor-widget-divider--view-line elementor-widget elementor-widget-divider\" data-id=\"85f870a\" data-element_type=\"widget\" data-widget_type=\"divider.default\">\n\t\t\t\t\t\t\t<div class=\"elementor-divider\">\n\t\t\t<span class=\"elementor-divider-separator\">\n\t\t\t\t\t\t<\/span>\n\t\t<\/div>\n\t\t\t\t\t\t<\/div>\n\t\t\t\t<div class=\"elementor-element elementor-element-c594be9 elementor-widget elementor-widget-html\" data-id=\"c594be9\" data-element_type=\"widget\" data-widget_type=\"html.default\">\n\t\t\t\t\t<style>.elementor-element-c594be9{display:none !important}<\/style>\t\t\t\t<\/div>\n\t\t\t\t<div class=\"elementor-element elementor-element-b2454f8 elementor-widget elementor-widget-html translation-block\" data-id=\"b2454f8\" data-element_type=\"widget\" data-widget_type=\"html.default\"><span>\n<strong>H\u1ed7 tr\u1ee3 k\u1ef9 thu\u1eadt cho trang n\u00e0y \u0111\u01b0\u1ee3c cung c\u1ea5p b\u1edfi <a href=\"https:\/\/acy.com\/en?affiliate=LTD42804\" target=\"_blank\" rel=\"nofollow noopener sponsored\">ACY Securities<\/a><\/strong>\n<\/span><\/div>\n\t\t\t\t<div class=\"elementor-element elementor-element-ccede7e elementor-widget elementor-widget-spacer\" data-id=\"ccede7e\" data-element_type=\"widget\" data-widget_type=\"spacer.default\">\n\t\t\t\t\t\t\t<div class=\"elementor-spacer\">\n\t\t\t<div class=\"elementor-spacer-inner\"><\/div>\n\t\t<\/div>\n\t\t\t\t\t\t<\/div>\n\t\t\t\t\t<\/div>\n\t\t\t\t<\/div>\n\t\t\t\t<\/div>","protected":false},"excerpt":{"rendered":"<p>B\u1ea3ng giao d\u1ecbch Mr.Forex: Bi\u1ec3u \u0111\u1ed3 v\u00e0ng, forex, ti\u1ec1n \u0111i\u1ec7n t\u1eed th\u1eddi gian th\u1ef1c, t\u00e2m l\u00fd th\u1ecb tr\u01b0\u1eddng v\u00e0 tin t\u1ee9c th\u1ebf gi\u1edbi tr\u00ean m\u1ed9t m\u00e0n h\u00ecnh, gi\u00fap b\u1ea1n \u0111\u01b0a ra quy\u1ebft \u0111\u1ecbnh \u0111\u1ea7u t\u01b0 ch\u00ednh x\u00e1c.<\/p>","protected":false},"author":1,"featured_media":68960,"parent":0,"menu_order":0,"comment_status":"closed","ping_status":"closed","template":"","meta":{"footnotes":""},"tags":[128],"class_list":["post-66873","page","type-page","status-publish","has-post-thumbnail","hentry","tag-no-google"],"_links":{"self":[{"href":"https:\/\/mister.forex\/vi\/wp-json\/wp\/v2\/pages\/66873","targetHints":{"allow":["GET"]}}],"collection":[{"href":"https:\/\/mister.forex\/vi\/wp-json\/wp\/v2\/pages"}],"about":[{"href":"https:\/\/mister.forex\/vi\/wp-json\/wp\/v2\/types\/page"}],"author":[{"embeddable":true,"href":"https:\/\/mister.forex\/vi\/wp-json\/wp\/v2\/users\/1"}],"replies":[{"embeddable":true,"href":"https:\/\/mister.forex\/vi\/wp-json\/wp\/v2\/comments?post=66873"}],"version-history":[{"count":0,"href":"https:\/\/mister.forex\/vi\/wp-json\/wp\/v2\/pages\/66873\/revisions"}],"wp:featuredmedia":[{"embeddable":true,"href":"https:\/\/mister.forex\/vi\/wp-json\/wp\/v2\/media\/68960"}],"wp:attachment":[{"href":"https:\/\/mister.forex\/vi\/wp-json\/wp\/v2\/media?parent=66873"}],"wp:term":[{"taxonomy":"post_tag","embeddable":true,"href":"https:\/\/mister.forex\/vi\/wp-json\/wp\/v2\/tags?post=66873"}],"curies":[{"name":"wp","href":"https:\/\/api.w.org\/{rel}","templated":true}]}}