{"id":67137,"date":"2026-03-06T16:33:55","date_gmt":"2026-03-06T08:33:55","guid":{"rendered":"https:\/\/mister.forex\/?page_id=67137"},"modified":"2026-04-22T08:38:09","modified_gmt":"2026-04-22T00:38:09","slug":"calmar-ratio-investment-efficiency","status":"publish","type":"page","link":"https:\/\/mister.forex\/vi\/calmar-ratio-investment-efficiency\/","title":{"rendered":"Calmar Ratio l\u00e0 g\u00ec? Ch\u1ec9 s\u1ed1 m\u00e0 gi\u1edbi chuy\u00ean gia coi tr\u1ecdng h\u01a1n t\u1ef7 su\u1ea5t l\u1ee3i nhu\u1eadn"},"content":{"rendered":"<div data-elementor-type=\"wp-page\" data-elementor-id=\"67137\" class=\"elementor elementor-67137\" data-elementor-post-type=\"page\">\n\t\t\t\t<div class=\"elementor-element elementor-element-656ff23 e-flex e-con-boxed e-con e-parent\" data-id=\"656ff23\" data-element_type=\"container\">\n\t\t\t\t\t<div class=\"e-con-inner\">\n\t\t\t\t<div class=\"elementor-element elementor-element-dd8b4c5 elementor-widget elementor-widget-heading\" data-id=\"dd8b4c5\" data-element_type=\"widget\" data-widget_type=\"heading.default\">\n\t\t\t\t\t<h1 class=\"elementor-heading-title elementor-size-default\">T\u1ea1m bi\u1ec7t l\u1ee3i nhu\u1eadn \u1ea3o: Ph\u00e2n t\u00edch s\u00e2u Calmar Ratio \u0111\u1ec3 t\u1ea1o d\u1ef1ng \u0111\u01b0\u1eddng cong t\u00e0i s\u1ea3n b\u1ec1n v\u1eefng<\/h1>\t\t\t\t<\/div>\n\t\t\t\t<div class=\"elementor-element elementor-element-566f2b5 elementor-widget elementor-widget-html translation-block\" data-id=\"566f2b5\" data-element_type=\"widget\" data-widget_type=\"html.default\"><span>\n<h2><strong>\ud83d\udccc L\u1eddi m\u1edf \u0111\u1ea7u: B\u1ea1n \u0111ang ki\u1ebfm ti\u1ec1n, hay \u0111ang \u0111\u1ed5i l\u1ea5y nh\u1ecbp tim?<\/strong><\/h2>\nTrong k\u1ef7 nguy\u00ean c\u1ee7a nh\u1eefng l\u00e0n s\u00f3ng c\u00f4ng ngh\u1ec7 v\u00e0 c\u1ea3m x\u00fac th\u1ecb tr\u01b0\u1eddng bi\u1ebfn \u0111\u1ed9ng d\u1eef d\u1ed9i, nh\u1eefng con s\u1ed1 trong t\u00e0i kho\u1ea3n \u0111\u1ea7u t\u01b0 c\u1ee7a b\u1ea1n nh\u1ea3y m\u00faa m\u1ed7i ng\u00e0y.<br>\nB\u1ea1n \u0111\u00e3 bao gi\u1edd tr\u1ea3i qua c\u1ea3m gi\u00e1c n\u00e0y: Nh\u00ecn m\u1ed9t t\u00e0i s\u1ea3n \u0111ang \"hot\" t\u0103ng v\u1ecdt ch\u1ec9 trong m\u1ed9t ng\u00e0y, nh\u01b0ng l\u1ea1i kh\u00f4ng d\u00e1m tham gia v\u00ec s\u1ee3 n\u00f3 s\u1ebd s\u1ee5t gi\u1ea3m 30% b\u1ea5t c\u1ee9 l\u00fac n\u00e0o?<br>\nHay thao th\u1ee9c tr\u1eafng \u0111\u00eam v\u00ec lo \u00e2u khi gi\u00e1 t\u00e0i s\u1ea3n lao d\u1ed1c kh\u00f4ng phanh?<br><br>\n\n<strong>\"L\u1ee3i nhu\u1eadn m\u00e0 b\u1ea1n c\u00f3 th\u1ec3 gi\u1eef v\u1eefng m\u1edbi l\u00e0 s\u1ef1 gi\u00e0u c\u00f3 th\u1ef1c s\u1ef1.\"<\/strong><br>\nH\u1ea7u h\u1ebft c\u00e1c nh\u00e0 \u0111\u1ea7u t\u01b0 c\u00e1 nh\u00e2n ch\u1ec9 nh\u00ecn v\u00e0o t\u1ef7 su\u1ea5t l\u1ee3i nhu\u1eadn, nh\u01b0ng c\u00e1c chuy\u00ean gia th\u1ef1c th\u1ee5 l\u1ea1i nh\u00ecn v\u00e0o <strong>Ch\u1ea5t l\u01b0\u1ee3ng n\u1eafm gi\u1eef (Holding Quality)<\/strong>.<br>\nCh\u1ea5t l\u01b0\u1ee3ng n\u1eafm gi\u1eef c\u00f3 ngh\u0129a l\u00e0 \u0111\u1ec3 t\u00e0i s\u1ea3n c\u1ee7a b\u1ea1n t\u0103ng tr\u01b0\u1edfng m\u00e0 kh\u00f4ng c\u1ea7n ph\u1ea3i \u0111\u00e1nh \u0111\u1ed5i b\u1eb1ng ch\u1ea5t l\u01b0\u1ee3ng cu\u1ed9c s\u1ed1ng v\u00e0 s\u1ef1 b\u00ecnh an c\u1ee7a t\u00e2m h\u1ed3n.<br><br>\n\nH\u00f4m nay, ch\u00fang t\u00f4i gi\u1edbi thi\u1ec7u m\u1ed9t ch\u1ec9 s\u1ed1 then ch\u1ed1t quy\u1ebft \u0111\u1ecbnh th\u00e0nh b\u1ea1i trong \u0111\u1ea7u t\u01b0 \u2014 <strong>Ch\u1ec9 s\u1ed1 Calmar (Calmar Ratio)<\/strong>.\n<\/span><br><br>\n\n<span>\n<h2><strong>\ud83d\udccc Ch\u1ec9 s\u1ed1 Calmar l\u00e0 g\u00ec? T\u1ea1i sao n\u00f3 quan tr\u1ecdng h\u01a1n l\u1ee3i nhu\u1eadn h\u00e0ng n\u0103m?<\/strong><\/h2>\nC\u00f4ng th\u1ee9c t\u00ednh ch\u1ec9 s\u1ed1 Calmar r\u1ea5t \u0111\u01a1n gi\u1ea3n:\n<blockquote style=\"background-color: #f8fafc;border: 1px solid #2D4273;padding: 25px;margin: 30px 0;color: #1e293b;border-radius: 6px\">\n    <strong>Ch\u1ec9 s\u1ed1 Calmar = T\u1ef7 su\u1ea5t l\u1ee3i nhu\u1eadn h\u00e0ng n\u0103m (CAGR) \/ M\u1ee9c s\u1ee5t gi\u1ea3m t\u1ed1i \u0111a (MDD)<\/strong>\n<\/blockquote>\nN\u1ebfu m\u1ed9t kho\u1ea3n \u0111\u1ea7u t\u01b0 c\u00f3 l\u1ee3i nhu\u1eadn 50%\/n\u0103m, nh\u01b0ng trong qu\u00e1 tr\u00ecnh \u0111\u00f3 l\u1ea1i s\u1ee5t gi\u1ea3m 50%, gi\u00e1 tr\u1ecb Calmar ch\u1ec9 l\u00e0 1.0.<br>\nNh\u01b0ng n\u1ebfu l\u1ee3i nhu\u1eadn l\u00e0 25% v\u1edbi m\u1ee9c s\u1ee5t gi\u1ea3m ch\u1ec9 10%, gi\u00e1 tr\u1ecb Calmar s\u1ebd l\u00ean t\u1edbi 2.5.<br>\nV\u1ebf sau m\u1edbi th\u1ef1c s\u1ef1 l\u00e0 <strong>t\u00e0i s\u1ea3n \u0111\u1eb3ng c\u1ea5p chuy\u00ean nghi\u1ec7p<\/strong>.<br>\nM\u1ee5c ti\u00eau c\u1ee7a c\u00e1c chuy\u00ean gia kh\u00f4ng ph\u1ea3i l\u00e0 \u0111u\u1ed5i theo \"con s\u1ed1 cao nh\u1ea5t\", m\u00e0 l\u00e0 \u0111u\u1ed5i theo <strong>\"l\u1ee3i nhu\u1eadn cao nh\u1ea5t tr\u00ean m\u1ed7i \u0111\u01a1n v\u1ecb r\u1ee7i ro\"<\/strong>.\n<\/span><br><br>\n\n<span>\n<h2><strong>\ud83d\udccc So s\u00e1nh t\u00e0i s\u1ea3n to\u00e0n c\u1ea7u: Ai m\u1edbi l\u00e0 \u00f4ng vua hi\u1ec7u su\u1ea5t th\u1ef1c th\u1ee5?<\/strong><\/h2>\nCh\u00fang t\u00f4i \u0111\u00e3 ti\u1ebfn h\u00e0nh \u0111\u1ed1i chi\u1ebfu d\u1eef li\u1ec7u chuy\u00ean s\u00e2u gi\u1eefa c\u00e1c lo\u1ea1i t\u00e0i s\u1ea3n ph\u1ed5 bi\u1ebfn v\u00e0 c\u00e1c h\u1ec7 th\u1ed1ng \u0111\u1ecbnh l\u01b0\u1ee3ng chuy\u00ean nghi\u1ec7p:<br><br>\n\n<div style=\"margin-bottom: 25px\">\n    <table style=\"width: 100%;min-width: 650px;border-collapse: separate;border-spacing: 0;border: 1px solid #2D4273;border-radius: 6px;text-align: center;font-family: 'Inter', sans-serif;overflow: hidden\">\n        <thead>\n            <tr style=\"background-color: #2D4273;color: #ffffff\">\n                <th style=\"padding: 15px;border-right: 1px solid #ffffff;border-bottom: 1px solid #2D4273\"><strong>Lo\u1ea1i t\u00e0i s\u1ea3n<\/strong><\/th>\n                <th style=\"padding: 15px;border-right: 1px solid #ffffff;border-bottom: 1px solid #2D4273\"><strong>H\u00e0ng n\u0103m (CAGR)<\/strong><\/th>\n                <th style=\"padding: 15px;border-right: 1px solid #ffffff;border-bottom: 1px solid #2D4273\"><strong>S\u1ee5t gi\u1ea3m (MDD)<\/strong><\/th>\n                <th style=\"padding: 15px;border-right: 1px solid #ffffff;border-bottom: 1px solid #2D4273\"><strong>Ch\u1ec9 s\u1ed1 Calmar<\/strong><\/th>\n                <th style=\"padding: 15px;border-bottom: 1px solid #2D4273\"><strong>\u0110\u1ed9 kh\u00f3 n\u1eafm gi\u1eef<\/strong><\/th>\n            <\/tr>\n        <\/thead>\n        <tbody>\n            <tr>\n                <td style=\"padding: 15px;border-right: 1px solid #2D4273;border-bottom: 1px solid #2D4273\"><strong>Quant Matrix<\/strong><\/td>\n                <td style=\"padding: 15px;border-right: 1px solid #2D4273;border-bottom: 1px solid #2D4273\">30%<\/td>\n                <td style=\"padding: 15px;border-right: 1px solid #2D4273;border-bottom: 1px solid #2D4273\"><strong style=\"color: #00AA54\">20%<\/strong><\/td>\n                <td style=\"padding: 15px;border-right: 1px solid #2D4273;border-bottom: 1px solid #2D4273\"><strong style=\"color: #00AA54\">1.50<\/strong><\/td>\n                <td style=\"padding: 15px;border-bottom: 1px solid #2D4273\"><strong>C\u1ef1c k\u1ef3 \u1ed5n \u0111\u1ecbnh<\/strong><\/td>\n            <\/tr>\n            <tr>\n                <td style=\"padding: 15px;border-right: 1px solid #2D4273;border-bottom: 1px solid #2D4273\"><strong>Alpha Gold<\/strong><\/td>\n                <td style=\"padding: 15px;border-right: 1px solid #2D4273;border-bottom: 1px solid #2D4273\">35%<\/td>\n                <td style=\"padding: 15px;border-right: 1px solid #2D4273;border-bottom: 1px solid #2D4273\"><strong style=\"color: #00AA54\">25%<\/strong><\/td>\n                <td style=\"padding: 15px;border-right: 1px solid #2D4273;border-bottom: 1px solid #2D4273\"><strong style=\"color: #00AA54\">1.40<\/strong><\/td>\n                <td style=\"padding: 15px;border-bottom: 1px solid #2D4273\"><strong>T\u0103ng tr\u01b0\u1edfng b\u1ec1n b\u1ec9<\/strong><\/td>\n            <\/tr>\n            <tr>\n                <td style=\"padding: 15px;border-right: 1px solid #2D4273;border-bottom: 1px solid #2D4273\">C\u1ed5 phi\u1ebfu c\u00f4ng ngh\u1ec7<\/td>\n                <td style=\"padding: 15px;border-right: 1px solid #2D4273;border-bottom: 1px solid #2D4273\">30%~70%<\/td>\n                <td style=\"padding: 15px;border-right: 1px solid #2D4273;border-bottom: 1px solid #2D4273\">40%~60%<\/td>\n                <td style=\"padding: 15px;border-right: 1px solid #2D4273;border-bottom: 1px solid #2D4273\">1.00<\/td>\n                <td style=\"padding: 15px;border-bottom: 1px solid #2D4273\">\u0110\u1ed9 kh\u00f3 cao<\/td>\n            <\/tr>\n            <tr>\n                <td style=\"padding: 15px;border-right: 1px solid #2D4273;border-bottom: 1px solid #2D4273\">Ti\u1ec1n m\u00e3 h\u00f3a (BTC)<\/td>\n                <td style=\"padding: 15px;border-right: 1px solid #2D4273;border-bottom: 1px solid #2D4273\">60%<\/td>\n                <td style=\"padding: 15px;border-right: 1px solid #2D4273;border-bottom: 1px solid #2D4273\">75%<\/td>\n                <td style=\"padding: 15px;border-right: 1px solid #2D4273;border-bottom: 1px solid #2D4273\">0.80<\/td>\n                <td style=\"padding: 15px;border-bottom: 1px solid #2D4273\">C\u1ef1c k\u1ef3 kh\u00f3<\/td>\n            <\/tr>\n            <tr>\n                <td style=\"padding: 15px;border-right: 1px solid #2D4273;border-bottom: 1px solid #2D4273\">Ch\u1ec9 s\u1ed1 S&amp;P 500<\/td>\n                <td style=\"padding: 15px;border-right: 1px solid #2D4273;border-bottom: 1px solid #2D4273\">12%<\/td>\n                <td style=\"padding: 15px;border-right: 1px solid #2D4273;border-bottom: 1px solid #2D4273\">50%<\/td>\n                <td style=\"padding: 15px;border-right: 1px solid #2D4273;border-bottom: 1px solid #2D4273\">0.24<\/td>\n                <td style=\"padding: 15px;border-bottom: 1px solid #2D4273\">Trung b\u00ecnh<\/td>\n            <\/tr>\n            <tr>\n                <td style=\"padding: 15px;border-right: 1px solid #2D4273\">V\u00e0ng (T\u00e0i s\u1ea3n tr\u00fa \u1ea9n)<\/td>\n                <td style=\"padding: 15px;border-right: 1px solid #2D4273\">8%<\/td>\n                <td style=\"padding: 15px;border-right: 1px solid #2D4273\">25%<\/td>\n                <td style=\"padding: 15px;border-right: 1px solid #2D4273\">0.32<\/td>\n                <td style=\"padding: 15px\">C\u00e2n b\u1eb1ng ph\u00f2ng th\u1ee7<\/td>\n            <\/tr>\n        <\/tbody>\n    <\/table>\n<\/div>\n<\/span>\n\n<span>\n<h2><strong>\ud83d\udccc Ph\u00e2n t\u00edch d\u1eef li\u1ec7u: T\u1ea1i sao ch\u1ec9 s\u1ed1 chuy\u00ean nghi\u1ec7p l\u1ea1i kh\u00e1c v\u1edbi nh\u1eadn th\u1ee9c th\u00f4ng th\u01b0\u1eddng?<\/strong><\/h2>\nQuan s\u00e1t b\u1ea3ng tr\u00ean c\u00f3 th\u1ec3 th\u1ea5y, h\u1ea7u h\u1ebft c\u00e1c t\u00e0i s\u1ea3n ch\u1ea5t l\u01b0\u1ee3ng (nh\u01b0 c\u00e1c t\u1eadp \u0111o\u00e0n c\u00f4ng ngh\u1ec7 l\u1edbn hay ch\u1ec9 s\u1ed1 th\u1ecb tr\u01b0\u1eddng) c\u00f3 ch\u1ec9 s\u1ed1 Calmar dao \u0111\u1ed9ng t\u1eeb 0.4 \u0111\u1ebfn 1.1.<br><br>\nTrong khi \u0111\u00f3, c\u00e1c h\u1ec7 th\u1ed1ng \u0111\u1ecbnh l\u01b0\u1ee3ng chuy\u00ean nghi\u1ec7p c\u00f3 th\u1ec3 \u1ed5n \u0111\u1ecbnh v\u01b0\u1ee3t m\u1ee9c 1.2 kh\u00f4ng ch\u1ec9 nh\u1edd l\u1ee3i nhu\u1eadn m\u00e0 c\u00f2n nh\u1edd c\u00e1c m\u00f4 h\u00ecnh to\u00e1n h\u1ecdc th\u1ef1c hi\u1ec7n <strong>\"kh\u00f4i ph\u1ee5c c\u1ef1c h\u1ea1n\"<\/strong> cho m\u1ed7i l\u1ea7n s\u1ee5t gi\u1ea3m.\n<\/span><\/div>\n\t\t\t\t<div class=\"elementor-element elementor-element-49e8d19 elementor-widget elementor-widget-html\" data-id=\"49e8d19\" data-element_type=\"widget\" data-widget_type=\"html.default\">\n\t\t\t\t\t<h3><strong>X\u1ebfp h\u1ea1ng Calmar Ratio<\/strong><\/h3>\t\t\t\t<\/div>\n\t\t<div class=\"elementor-element elementor-element-9ceb46b e-grid e-con-full e-con e-child\" data-id=\"9ceb46b\" data-element_type=\"container\">\n\t\t<div class=\"elementor-element elementor-element-3eed16a e-con-full e-flex e-con e-child\" data-id=\"3eed16a\" data-element_type=\"container\" data-settings=\"{&quot;background_background&quot;:&quot;classic&quot;}\">\n\t\t\t\t<div class=\"elementor-element elementor-element-38dfcd9 elementor-widget elementor-widget-text-editor\" data-id=\"38dfcd9\" data-element_type=\"widget\" data-widget_type=\"text-editor.default\">\n\t\t\t\t\t\t\t\t\t<p>C\u1ea5p Institutional<\/p>\t\t\t\t\t\t\t\t<\/div>\n\t\t\t\t<div class=\"elementor-element elementor-element-970a36d elementor-widget elementor-widget-text-editor\" data-id=\"970a36d\" data-element_type=\"widget\" data-widget_type=\"text-editor.default\">\n\t\t\t\t\t\t\t\t\t<p>&gt; 1.2<\/p>\t\t\t\t\t\t\t\t<\/div>\n\t\t\t\t<div class=\"elementor-element elementor-element-4f674d5 elementor-widget elementor-widget-text-editor\" data-id=\"4f674d5\" data-element_type=\"widget\" data-widget_type=\"text-editor.default\">\n\t\t\t\t\t\t\t\t\t<p>C\u00e2n b\u1eb1ng r\u1ee7i ro t\u1ed1i \u01b0u<\/p>\t\t\t\t\t\t\t\t<\/div>\n\t\t\t\t<\/div>\n\t\t<div class=\"elementor-element elementor-element-511b8b7 e-con-full e-flex e-con e-child\" data-id=\"511b8b7\" data-element_type=\"container\" data-settings=\"{&quot;background_background&quot;:&quot;classic&quot;}\">\n\t\t\t\t<div class=\"elementor-element elementor-element-efdc16c elementor-widget elementor-widget-text-editor\" data-id=\"efdc16c\" data-element_type=\"widget\" data-widget_type=\"text-editor.default\">\n\t\t\t\t\t\t\t\t\t<p>C\u1ea5p Strong<\/p>\t\t\t\t\t\t\t\t<\/div>\n\t\t\t\t<div class=\"elementor-element elementor-element-5d72ff3 elementor-widget elementor-widget-text-editor\" data-id=\"5d72ff3\" data-element_type=\"widget\" data-widget_type=\"text-editor.default\">\n\t\t\t\t\t\t\t\t\t<p>0.7 ~ 1.2<\/p>\t\t\t\t\t\t\t\t<\/div>\n\t\t\t\t<div class=\"elementor-element elementor-element-cb94c67 elementor-widget elementor-widget-text-editor\" data-id=\"cb94c67\" data-element_type=\"widget\" data-widget_type=\"text-editor.default\">\n\t\t\t\t\t\t\t\t\t<p>M\u1ee9c c\u1ed5 phi\u1ebfu c\u00f4ng ngh\u1ec7<\/p>\t\t\t\t\t\t\t\t<\/div>\n\t\t\t\t<\/div>\n\t\t<div class=\"elementor-element elementor-element-051252a e-con-full e-flex e-con e-child\" data-id=\"051252a\" data-element_type=\"container\" data-settings=\"{&quot;background_background&quot;:&quot;classic&quot;}\">\n\t\t\t\t<div class=\"elementor-element elementor-element-05d30c3 elementor-widget elementor-widget-text-editor\" data-id=\"05d30c3\" data-element_type=\"widget\" data-widget_type=\"text-editor.default\">\n\t\t\t\t\t\t\t\t\t<p>C\u1ea5p Standard<\/p>\t\t\t\t\t\t\t\t<\/div>\n\t\t\t\t<div class=\"elementor-element elementor-element-b01b678 elementor-widget elementor-widget-text-editor\" data-id=\"b01b678\" data-element_type=\"widget\" data-widget_type=\"text-editor.default\">\n\t\t\t\t\t\t\t\t\t<p>&lt; 0.7<\/p>\t\t\t\t\t\t\t\t<\/div>\n\t\t\t\t<div class=\"elementor-element elementor-element-8bfc1cf elementor-widget elementor-widget-text-editor\" data-id=\"8bfc1cf\" data-element_type=\"widget\" data-widget_type=\"text-editor.default\">\n\t\t\t\t\t\t\t\t\t<p>Ch\u1ec9 s\u1ed1 &amp; t\u00e0i s\u1ea3n an to\u00e0n<\/p>\t\t\t\t\t\t\t\t<\/div>\n\t\t\t\t<\/div>\n\t\t\t\t<\/div>\n\t\t\t\t<div class=\"elementor-element elementor-element-9663660 elementor-widget elementor-widget-html translation-block\" data-id=\"9663660\" data-element_type=\"widget\" data-widget_type=\"html.default\"><span>\n<h2><strong>\ud83d\udccc T\u1ea1i sao chi\u1ebfn l\u01b0\u1ee3c \u0111\u1ecbnh l\u01b0\u1ee3ng chuy\u00ean nghi\u1ec7p l\u00e0 \"m\u1ea3nh gh\u00e9p cu\u1ed1i c\u00f9ng\" c\u1ee7a ph\u00e2n b\u1ed5 t\u00e0i s\u1ea3n?<\/strong><\/h2>\nTr\u00ean con \u0111\u01b0\u1eddng \u0111\u1ea7u t\u01b0, k\u1ebb th\u00f9 th\u1ef1c s\u1ef1 th\u01b0\u1eddng kh\u00f4ng ph\u1ea3i l\u00e0 th\u1ecb tr\u01b0\u1eddng m\u00e0 l\u00e0 c\u1ea3m x\u00fac c\u1ee7a ch\u00ednh nh\u00e0 \u0111\u1ea7u t\u01b0.<br><br>\n\u00dd ngh\u0129a c\u1ee7a c\u00e1c chi\u1ebfn l\u01b0\u1ee3c \u0111\u1ecbnh l\u01b0\u1ee3ng (nh\u01b0 <strong>Alpha Gold<\/strong> ho\u1eb7c <strong>Quant Matrix<\/strong>) l\u00e0 th\u00f4ng qua logic to\u00e1n h\u1ecdc \u0111\u1ec3 <strong>\"kh\u00f4i ph\u1ee5c \u0111\u01b0\u1eddng cong t\u00e0i s\u1ea3n c\u1ee7a b\u1ea1n\"<\/strong>.<br><br>\n<ul>\n    <li><strong>T\u1ed1i \u01b0u h\u00f3a tr\u1ea3i nghi\u1ec7m n\u1eafm gi\u1eef:<\/strong><br>\n    Khi b\u1ea1n ph\u00e2n b\u1ed5 m\u1ed9t ph\u1ea7n v\u1ed1n v\u00e0o c\u00e1c chi\u1ebfn l\u01b0\u1ee3c \"Calmar cao\", m\u1ee9c s\u1ee5t gi\u1ea3m t\u1ed5ng th\u1ec3 c\u1ee7a t\u00e0i kho\u1ea3n s\u1ebd gi\u1ea3m \u0111\u00e1ng k\u1ec3, gi\u00fap b\u1ea1n kh\u00f4ng c\u00f2n b\u1ecb bu\u1ed9c ph\u1ea3i b\u00e1n th\u00e1o do s\u1ef1 s\u1ee5p \u0111\u1ed5 c\u1ee7a m\u1ed9t th\u1ecb tr\u01b0\u1eddng \u0111\u01a1n l\u1ebb.<\/li><br>\n    <li><strong>Ki\u1ec3m so\u00e1t t\u1ea7n su\u1ea5t m\u1ed9t c\u00e1ch khoa h\u1ecdc:<\/strong><br>\n    H\u1ec7 th\u1ed1ng t\u1ef1 \u0111\u1ed9ng th\u1ef1c hi\u1ec7n d\u1ef1a tr\u00ean thu\u1eadt to\u00e1n, \u0111\u1ea3m b\u1ea3o n\u1eafm b\u1eaft li\u00ean t\u1ee5c c\u00e1c c\u01a1 h\u1ed9i th\u1ecb tr\u01b0\u1eddng trong khi v\u1eabn duy tr\u00ec hi\u1ec7u qu\u1ea3, lo\u1ea1i b\u1ecf ho\u00e0n to\u00e0n n\u1ed7i s\u1ee3 h\u00e3i v\u00e0 l\u00f2ng tham c\u1ee7a con ng\u01b0\u1eddi.<\/li><br>\n    <li><strong>Qu\u1ea3n tr\u1ecb r\u1ee7i ro c\u1ea5u tr\u00fac:<\/strong><br>\n    Chi\u1ebfn l\u01b0\u1ee3c \u0111\u1ecbnh l\u01b0\u1ee3ng th\u1ef1c th\u1ee5 kh\u00f4ng d\u1ef1a v\u00e0o vi\u1ec7c \"g\u1ed3ng l\u1ed7\" \u0111\u1ec3 l\u00e0m \u0111\u1eb9p b\u00e1o c\u00e1o, m\u00e0 th\u00f4ng qua ki\u1ec3m so\u00e1t t\u1ef7 l\u1ec7 c\u01b0\u1ee3c ch\u00ednh x\u00e1c \u0111\u1ec3 t\u1ed1i \u01b0u h\u00f3a t\u1ef7 l\u1ec7 th\u1eafng trong \u0111i\u1ec1u ki\u1ec7n s\u1ee5t gi\u1ea3m c\u00f3 ki\u1ec3m so\u00e1t.<\/li>\n<\/ul>\n<\/span><br>\n\n<span>\n<h2><strong>\ud83d\udccc K\u1ebft lu\u1eadn: \u0110\u00edch \u0111\u1ebfn c\u1ee7a \u0111\u1ea7u t\u01b0 l\u00e0 s\u1ef1 an t\u00e2m<\/strong><\/h2>\nTh\u1ecb tr\u01b0\u1eddng kh\u00f4ng thi\u1ebfu c\u01a1 h\u1ed9i, th\u1ee9 thi\u1ebfu ch\u00ednh l\u00e0 <strong>\"b\u1ea3n l\u0129nh \u0111\u1ec3 n\u1eafm gi\u1eef c\u01a1 h\u1ed9i\"<\/strong>.<br>\nV\u00e0 b\u1ea3n l\u0129nh \u0111\u00f3 \u0111\u1ebfn t\u1eeb vi\u1ec7c ki\u1ec3m so\u00e1t r\u1ee7i ro ch\u00ednh x\u00e1c v\u00e0 s\u1ef1 ki\u00ean tr\u00ec v\u1edbi \"ch\u1ea5t l\u01b0\u1ee3ng n\u1eafm gi\u1eef\" c\u1ee7a b\u1ea1n.\n<\/span><\/div>\n\t\t\t\t<div class=\"elementor-element elementor-element-872e24a elementor-icon-list--layout-inline elementor-list-item-link-inline elementor-widget elementor-widget-icon-list\" data-id=\"872e24a\" data-element_type=\"widget\" data-widget_type=\"icon-list.default\">\n\t\t\t\t\t\t\t<ul class=\"elementor-icon-list-items elementor-inline-items\">\n\t\t\t\t\t\t\t<li class=\"elementor-icon-list-item elementor-inline-item\">\n\t\t\t\t\t\t\t\t\t\t\t<a href=\"https:\/\/mister.forex\/vi\/alpha-gold\/\">\n\n\t\t\t\t\t\t\t\t\t\t\t\t<span class=\"elementor-icon-list-icon\">\n\t\t\t\t\t\t\t<svg aria-hidden=\"true\" class=\"e-font-icon-svg e-far-check-circle\" viewbox=\"0 0 512 512\" xmlns=\"http:\/\/www.w3.org\/2000\/svg\"><path d=\"M256 8C119.033 8 8 119.033 8 256s111.033 248 248 248 248-111.033 248-248S392.967 8 256 8zm0 48c110.532 0 200 89.451 200 200 0 110.532-89.451 200-200 200-110.532 0-200-89.451-200-200 0-110.532 89.451-200 200-200m140.204 130.267l-22.536-22.718c-4.667-4.705-12.265-4.736-16.97-.068L215.346 303.697l-59.792-60.277c-4.667-4.705-12.265-4.736-16.97-.069l-22.719 22.536c-4.705 4.667-4.736 12.265-.068 16.971l90.781 91.516c4.667 4.705 12.265 4.736 16.97.068l172.589-171.204c4.704-4.668 4.734-12.266.067-16.971z\"><\/path><\/svg>\t\t\t\t\t\t<\/span>\n\t\t\t\t\t\t\t\t\t\t<span class=\"elementor-icon-list-text\">Xem k\u1ebft qu\u1ea3 giao d\u1ecbch th\u1ef1c t\u1ebf Alpha Gold<\/span>\n\t\t\t\t\t\t\t\t\t\t\t<\/a>\n\t\t\t\t\t\t\t\t\t<\/li>\n\t\t\t\t\t\t<\/ul>\n\t\t\t\t\t\t<\/div>\n\t\t\t\t<div class=\"elementor-element elementor-element-002b377 elementor-widget elementor-widget-heading\" data-id=\"002b377\" data-element_type=\"widget\" data-widget_type=\"heading.default\">\n\t\t\t\t\t<span class=\"elementor-heading-title elementor-size-default\">(Ph\u00f9 h\u1ee3p v\u1edbi nh\u00e0 \u0111\u1ea7u t\u01b0 t\u00ecm ki\u1ebfm s\u1ef1 t\u0103ng tr\u01b0\u1edfng b\u00f9ng n\u1ed5 v\u00e0 \u01b0a th\u00edch giao d\u1ecbch v\u00e0ng)<\/span>\t\t\t\t<\/div>\n\t\t\t\t<div class=\"elementor-element elementor-element-53e1d6a elementor-icon-list--layout-inline elementor-list-item-link-inline elementor-widget elementor-widget-icon-list\" data-id=\"53e1d6a\" data-element_type=\"widget\" data-widget_type=\"icon-list.default\">\n\t\t\t\t\t\t\t<ul class=\"elementor-icon-list-items elementor-inline-items\">\n\t\t\t\t\t\t\t<li class=\"elementor-icon-list-item elementor-inline-item\">\n\t\t\t\t\t\t\t\t\t\t\t<a href=\"https:\/\/mister.forex\/vi\/quant-matrix\/\">\n\n\t\t\t\t\t\t\t\t\t\t\t\t<span class=\"elementor-icon-list-icon\">\n\t\t\t\t\t\t\t<svg aria-hidden=\"true\" class=\"e-font-icon-svg e-far-check-circle\" viewbox=\"0 0 512 512\" xmlns=\"http:\/\/www.w3.org\/2000\/svg\"><path d=\"M256 8C119.033 8 8 119.033 8 256s111.033 248 248 248 248-111.033 248-248S392.967 8 256 8zm0 48c110.532 0 200 89.451 200 200 0 110.532-89.451 200-200 200-110.532 0-200-89.451-200-200 0-110.532 89.451-200 200-200m140.204 130.267l-22.536-22.718c-4.667-4.705-12.265-4.736-16.97-.068L215.346 303.697l-59.792-60.277c-4.667-4.705-12.265-4.736-16.97-.069l-22.719 22.536c-4.705 4.667-4.736 12.265-.068 16.971l90.781 91.516c4.667 4.705 12.265 4.736 16.97.068l172.589-171.204c4.704-4.668 4.734-12.266.067-16.971z\"><\/path><\/svg>\t\t\t\t\t\t<\/span>\n\t\t\t\t\t\t\t\t\t\t<span class=\"elementor-icon-list-text\">Xem k\u1ebft qu\u1ea3 giao d\u1ecbch th\u1ef1c t\u1ebf Quant Matrix<\/span>\n\t\t\t\t\t\t\t\t\t\t\t<\/a>\n\t\t\t\t\t\t\t\t\t<\/li>\n\t\t\t\t\t\t<\/ul>\n\t\t\t\t\t\t<\/div>\n\t\t\t\t<div class=\"elementor-element elementor-element-3951116 elementor-widget elementor-widget-heading\" data-id=\"3951116\" data-element_type=\"widget\" data-widget_type=\"heading.default\">\n\t\t\t\t\t<span class=\"elementor-heading-title elementor-size-default\">(Ph\u00f9 h\u1ee3p v\u1edbi nh\u00e0 \u0111\u1ea7u t\u01b0 t\u00ecm ki\u1ebfm s\u1ef1 b\u00ecnh \u1ed5n v\u00e0 mong mu\u1ed1n t\u00e0i kho\u1ea3n t\u0103ng tr\u01b0\u1edfng b\u1ec1n v\u1eefng)<\/span>\t\t\t\t<\/div>\n\t\t\t\t<div class=\"elementor-element elementor-element-88b3398 elementor-icon-list--layout-inline elementor-list-item-link-inline elementor-widget elementor-widget-icon-list\" data-id=\"88b3398\" data-element_type=\"widget\" data-widget_type=\"icon-list.default\">\n\t\t\t\t\t\t\t<ul class=\"elementor-icon-list-items elementor-inline-items\">\n\t\t\t\t\t\t\t<li class=\"elementor-icon-list-item elementor-inline-item\">\n\t\t\t\t\t\t\t\t\t\t\t<a href=\"https:\/\/mister.forex\/vi\/maximum-drawdown-mdd-investment-risk-guide\/\">\n\n\t\t\t\t\t\t\t\t\t\t\t\t<span class=\"elementor-icon-list-icon\">\n\t\t\t\t\t\t\t<svg aria-hidden=\"true\" class=\"e-font-icon-svg e-far-check-circle\" viewbox=\"0 0 512 512\" xmlns=\"http:\/\/www.w3.org\/2000\/svg\"><path d=\"M256 8C119.033 8 8 119.033 8 256s111.033 248 248 248 248-111.033 248-248S392.967 8 256 8zm0 48c110.532 0 200 89.451 200 200 0 110.532-89.451 200-200 200-110.532 0-200-89.451-200-200 0-110.532 89.451-200 200-200m140.204 130.267l-22.536-22.718c-4.667-4.705-12.265-4.736-16.97-.068L215.346 303.697l-59.792-60.277c-4.667-4.705-12.265-4.736-16.97-.069l-22.719 22.536c-4.705 4.667-4.736 12.265-.068 16.971l90.781 91.516c4.667 4.705 12.265 4.736 16.97.068l172.589-171.204c4.704-4.668 4.734-12.266.067-16.971z\"><\/path><\/svg>\t\t\t\t\t\t<\/span>\n\t\t\t\t\t\t\t\t\t\t<span class=\"elementor-icon-list-text\">\"B\u1eaby t\u1eed th\u1ea7n\" khi\u1ebfn t\u00e0i s\u1ea3n b\u1ed1c h\u01a1i: T\u1ea1i sao trader chuy\u00ean nghi\u1ec7p quan t\u00e2m MDD h\u01a1n t\u1ec9 su\u1ea5t l\u1ee3i nhu\u1eadn?<\/span>\n\t\t\t\t\t\t\t\t\t\t\t<\/a>\n\t\t\t\t\t\t\t\t\t<\/li>\n\t\t\t\t\t\t<\/ul>\n\t\t\t\t\t\t<\/div>\n\t\t\t\t\t<\/div>\n\t\t\t\t<\/div>\n\t\t\t\t<\/div>","protected":false},"excerpt":{"rendered":"<p>Trong th\u1ecb tr\u01b0\u1eddng \u0111\u1ea7y bi\u1ebfn \u0111\u1ed9ng, \"ch\u1ea5t l\u01b0\u1ee3ng n\u1eafm gi\u1eef\" l\u00e0 ch\u00eca kh\u00f3a l\u1ee3i nhu\u1eadn d\u00e0i h\u1ea1n. B\u00e0i vi\u1ebft n\u00e0y ph\u00e2n t\u00edch s\u00e2u v\u1ec1 Calmar Ratio - ch\u1ec9 s\u1ed1 v\u00e0ng c\u1ee7a gi\u1edbi chuy\u00ean gia, so s\u00e1nh th\u1ef1c t\u1ebf gi\u1eefa Crypto, c\u1ed5 phi\u1ebfu c\u00f4ng ngh\u1ec7 v\u00e0 h\u1ec7 th\u1ed1ng Quant. Kh\u00e1m ph\u00e1 l\u00fd do t\u1ea1i sao c\u00e1c cao th\u1ee7 \u01b0u ti\u00ean s\u1ef1 \u1ed5n \u0111\u1ecbnh c\u1ee7a \u0111\u01b0\u1eddng cong t\u00e0i s\u1ea3n h\u01a1n l\u00e0 l\u1ee3i nhu\u1eadn \u1ea3o. C\u00f3 s\u1eb5n c\u00f4ng c\u1ee5 ch\u1ea9n \u0111o\u00e1n gi\u00fap b\u1ea1n \u0111\u1ea7u t\u01b0 an t\u00e2m h\u01a1n.<\/p>","protected":false},"author":1,"featured_media":46711,"parent":0,"menu_order":0,"comment_status":"closed","ping_status":"closed","template":"","meta":{"footnotes":""},"tags":[128],"class_list":["post-67137","page","type-page","status-publish","has-post-thumbnail","hentry","tag-no-google"],"_links":{"self":[{"href":"https:\/\/mister.forex\/vi\/wp-json\/wp\/v2\/pages\/67137","targetHints":{"allow":["GET"]}}],"collection":[{"href":"https:\/\/mister.forex\/vi\/wp-json\/wp\/v2\/pages"}],"about":[{"href":"https:\/\/mister.forex\/vi\/wp-json\/wp\/v2\/types\/page"}],"author":[{"embeddable":true,"href":"https:\/\/mister.forex\/vi\/wp-json\/wp\/v2\/users\/1"}],"replies":[{"embeddable":true,"href":"https:\/\/mister.forex\/vi\/wp-json\/wp\/v2\/comments?post=67137"}],"version-history":[{"count":9,"href":"https:\/\/mister.forex\/vi\/wp-json\/wp\/v2\/pages\/67137\/revisions"}],"predecessor-version":[{"id":70593,"href":"https:\/\/mister.forex\/vi\/wp-json\/wp\/v2\/pages\/67137\/revisions\/70593"}],"wp:featuredmedia":[{"embeddable":true,"href":"https:\/\/mister.forex\/vi\/wp-json\/wp\/v2\/media\/46711"}],"wp:attachment":[{"href":"https:\/\/mister.forex\/vi\/wp-json\/wp\/v2\/media?parent=67137"}],"wp:term":[{"taxonomy":"post_tag","embeddable":true,"href":"https:\/\/mister.forex\/vi\/wp-json\/wp\/v2\/tags?post=67137"}],"curies":[{"name":"wp","href":"https:\/\/api.w.org\/{rel}","templated":true}]}}