{"id":67265,"date":"2026-03-08T21:50:21","date_gmt":"2026-03-08T13:50:21","guid":{"rendered":"https:\/\/mister.forex\/?page_id=67265"},"modified":"2026-04-22T08:37:32","modified_gmt":"2026-04-22T00:37:32","slug":"maximum-drawdown-mdd-investment-risk-guide","status":"publish","type":"page","link":"https:\/\/mister.forex\/vi\/maximum-drawdown-mdd-investment-risk-guide\/","title":{"rendered":"L\u1ed7 50% c\u1ea7n l\u1eddi 100% m\u1edbi h\u00f2a v\u1ed1n? Gi\u1ea3i m\u00e3 b\u1eaby MDD v\u00e0 chi\u1ebfn l\u01b0\u1ee3c qu\u1ea3n tr\u1ecb r\u1ee7i ro"},"content":{"rendered":"<div data-elementor-type=\"wp-page\" data-elementor-id=\"67265\" class=\"elementor elementor-67265\" data-elementor-post-type=\"page\">\n\t\t\t\t<div class=\"elementor-element elementor-element-7776ca1 e-flex e-con-boxed e-con e-parent\" data-id=\"7776ca1\" data-element_type=\"container\">\n\t\t\t\t\t<div class=\"e-con-inner\">\n\t\t\t\t<div class=\"elementor-element elementor-element-3384b88 elementor-widget elementor-widget-heading\" data-id=\"3384b88\" data-element_type=\"widget\" data-widget_type=\"heading.default\">\n\t\t\t\t\t<h1 class=\"elementor-heading-title elementor-size-default\">\"B\u1eaby t\u1eed th\u1ea7n\" khi\u1ebfn t\u00e0i s\u1ea3n b\u1ed1c h\u01a1i: T\u1ea1i sao trader chuy\u00ean nghi\u1ec7p quan t\u00e2m MDD h\u01a1n t\u1ec9 su\u1ea5t l\u1ee3i nhu\u1eadn?<\/h1>\t\t\t\t<\/div>\n\t\t\t\t<div class=\"elementor-element elementor-element-cc0096f elementor-widget elementor-widget-html translation-block\" data-id=\"cc0096f\" data-element_type=\"widget\" data-widget_type=\"html.default\"><span>\n<h2><strong>\ud83d\udccc M\u1edf \u0111\u1ea7u: Kho\u1ea3ng c\u00e1ch xa nh\u1ea5t trong \u0111\u1ea7u t\u01b0 l\u00e0 kho\u1ea3ng c\u00e1ch \u0111\u1ec3 \"h\u00f2a v\u1ed1n\"<\/strong><\/h2>\nH\u00e3y t\u01b0\u1edfng t\u01b0\u1ee3ng s\u1ed1 ti\u1ec1n 1 t\u1ef7 \u0111\u1ed3ng b\u1ea1n \u0111\u00e3 v\u1ea5t v\u1ea3 l\u00e0m l\u1ee5ng t\u00edch c\u00f3p su\u1ed1t nhi\u1ec1u n\u0103m. B\u1ea1n \u0111em \u0111i \u0111\u1ea7u t\u01b0, nh\u01b0ng th\u1ecb tr\u01b0\u1eddng bi\u1ebfn \u0111\u1ed9ng d\u1eef d\u1ed9i v\u00e0 ch\u1ec9 trong v\u00f2ng hai tu\u1ea7n, n\u00f3 b\u1ed1c h\u01a1i ch\u1ec9 c\u00f2n 700 tri\u1ec7u.<br><br>\n300 tri\u1ec7u m\u1ea5t \u0111i \u0111\u00f3 kh\u00f4ng ch\u1ec9 l\u00e0 nh\u1eefng con s\u1ed1; n\u00f3 c\u00f3 th\u1ec3 l\u00e0 ti\u1ec1n \u0111\u1eb7t c\u1ecdc mua nh\u00e0, h\u1ecdc ph\u00ed cho con c\u00e1i, ho\u1eb7c c\u00e1i gi\u00e1 \u0111\u1eaft \u0111\u1ecf khi ph\u1ea3i ho\u00e3n k\u1ebf ho\u1ea1ch ngh\u1ec9 h\u01b0u th\u00eam 5 n\u0103m. \u00c1p l\u1ef1c t\u00e2m l\u00fd kh\u1ed5ng l\u1ed3 n\u00e0y th\u01b0\u1eddng khi\u1ebfn m\u1ecdi ng\u01b0\u1eddi r\u01a1i v\u00e0o t\u00ecnh tr\u1ea1ng \"b\u00e1n th\u00e1o trong ho\u1ea3ng lo\u1ea1n\" ngay t\u1ea1i \u0111\u00e1y th\u1ecb tr\u01b0\u1eddng, ngay tr\u01b0\u1edbc khi b\u00ecnh minh l\u00f3 r\u1ea1ng.<br><br>\nN\u1ebfu b\u1ea1n h\u1ecfi m\u1ed9t ng\u01b0\u1eddi m\u1edbi: \"M\u1ee5c ti\u00eau \u0111\u1ea7u t\u01b0 c\u1ee7a b\u1ea1n l\u00e0 g\u00ec?\", h\u1ecd c\u00f3 th\u1ec3 n\u00f3i: \"L\u00e3i 50% m\u1ed7i n\u0103m\".<br>\nNh\u01b0ng n\u1ebfu b\u1ea1n h\u1ecfi m\u1ed9t trader chuy\u00ean nghi\u1ec7p: \"B\u1ea1n coi tr\u1ecdng \u0111i\u1ec1u g\u00ec nh\u1ea5t?\", h\u1ecd ch\u1eafc ch\u1eafn s\u1ebd tr\u1ea3 l\u1eddi: <strong>\"M\u1ee9c s\u1ee5t gi\u1ea3m t\u1ed1i \u0111a (Maximum Drawdown - MDD).\"<\/strong><br><br>\nB\u1edfi v\u00ec tr\u00ean th\u1ecb tr\u01b0\u1eddng t\u00e0i ch\u00ednh, <strong>sinh t\u1ed3n l\u00e0 \u01b0u ti\u00ean s\u1ed1 m\u1ed9t tr\u01b0\u1edbc khi ngh\u0129 \u0111\u1ebfn vi\u1ec7c l\u00e0m gi\u00e0u.<\/strong>\n<\/span><br><br>\n\n<span>\n<h2><strong>\ud83d\udccc M\u1ee9c s\u1ee5t gi\u1ea3m t\u1ed1i \u0111a (MDD) l\u00e0 g\u00ec?<\/strong><\/h2>\nN\u00f3i m\u1ed9t c\u00e1ch \u0111\u01a1n gi\u1ea3n, MDD l\u00e0 m\u1ee9c s\u1ee5t gi\u1ea3m gi\u00e1 tr\u1ecb t\u00e0i s\u1ea3n l\u1edbn nh\u1ea5t t\u1eeb \u0111i\u1ec3m <strong>\"\u0110\u1ec9nh (Peak)\"<\/strong> xu\u1ed1ng \u0111i\u1ec3m <strong>\"\u0110\u00e1y (Trough)\"<\/strong> trong m\u1ed9t kho\u1ea3ng th\u1eddi gian x\u00e1c \u0111\u1ecbnh, tr\u01b0\u1edbc khi \u0111\u1ea1t \u0111\u01b0\u1ee3c \u0111\u1ec9nh cao m\u1edbi.<br>\n<blockquote style=\"background-color: #f8fafc;border: 1px solid #2D4273;padding: 16px;margin: 20px 6px;color: #1e293b;border-radius: 6px;text-align: center\">\n    <strong>MDD = (Gi\u00e1 tr\u1ecb t\u1ea1i \u0111\u1ec9nh - Gi\u00e1 tr\u1ecb t\u1ea1i \u0111\u00e1y) \/ Gi\u00e1 tr\u1ecb t\u1ea1i \u0111\u1ec9nh<\/strong>\n<\/blockquote>\nL\u01b0u \u00fd! \u0110\u00e2y kh\u00f4ng ph\u1ea3i l\u00e0 \"h\u00f4m nay gi\u1ea3m bao nhi\u00eau so v\u1edbi h\u00f4m qua\", m\u00e0 l\u00e0 kho\u1ea3ng c\u00e1ch t\u1eeb \"th\u1eddi kh\u1eafc ho\u00e0ng kim\" c\u1ee7a t\u00e0i kho\u1ea3n cho \u0111\u1ebfn \"th\u1eddi \u0111i\u1ec3m t\u1ed3i t\u1ec7 nh\u1ea5t\" sau \u0111\u00f3. Ch\u1eebng n\u00e0o t\u00e0i s\u1ea3n ch\u01b0a l\u1eadp k\u1ef7 l\u1ee5c m\u1edbi, c\u00e1i b\u00f3ng t\u00e2m l\u00fd c\u1ee7a l\u1ea7n s\u1ee5t gi\u1ea3m n\u00e0y v\u1eabn s\u1ebd c\u00f2n t\u1ed3n t\u1ea1i.<br><br>\nNgo\u00e0i ra, c\u00e1c nh\u00e0 \u0111\u1ea7u t\u01b0 chuy\u00ean nghi\u1ec7p c\u00f2n quan t\u00e2m nhi\u1ec1u h\u01a1n \u0111\u1ebfn <strong>\"Th\u1eddi gian ph\u1ee5c h\u1ed3i (Recovery Time)\"<\/strong> \u2014 m\u1ea5t bao l\u00e2u \u0111\u1ec3 t\u00e0i s\u1ea3n quay tr\u1edf l\u1ea1i \u0111i\u1ec3m xu\u1ea5t ph\u00e1t? Chi\u1ebfn l\u01b0\u1ee3c m\u1ea1nh m\u1ebd nh\u1ea5t kh\u00f4ng ch\u1ec9 l\u00e0 gi\u1ea3m \u00edt, m\u00e0 c\u00f2n ph\u1ea3i \"h\u1ed3i m\u00e1u nhanh\".\n<\/span><br><br>\n\n<span>\n<h2><strong>\ud83d\udccc S\u1ef1 th\u1eadt nghi\u1ec7t ng\u00e3 c\u1ee7a to\u00e1n h\u1ecdc: T\u1ea1i sao con s\u1ed1 c\u00e0ng l\u1edbn, c\u00e0ng kh\u00f3 g\u1ee1 l\u1ea1i?<\/strong><\/h2>\nNhi\u1ec1u ng\u01b0\u1eddi ngh\u0129 r\u1eb1ng: \"L\u1ed7 50% kh\u00f4ng sao, t\u00f4i ch\u1ec9 c\u1ea7n ki\u1ebfm l\u1ea1i 50% l\u00e0 h\u00f2a v\u1ed1n.\"<br>\n\u0110\u00e2y l\u00e0 sai l\u1ea7m to\u00e1n h\u1ecdc ch\u1ebft ng\u01b0\u1eddi nh\u1ea5t trong \u0111\u1ea7u t\u01b0!<br><br>\nKhi v\u1ed1n c\u1ee7a b\u1ea1n b\u1ecb s\u1ee5t gi\u1ea3m, b\u1ea1n ph\u1ea3i d\u00f9ng m\u1ed9t \"s\u1ed1 d\u01b0 nh\u1ecf h\u01a1n\" \u0111\u1ec3 t\u1ea1o ra m\u1ed9t \"t\u1ef7 l\u1ec7 t\u0103ng tr\u01b0\u1edfng l\u1edbn h\u01a1n\" ch\u1ec9 \u0111\u1ec3 quay v\u1ec1 con s\u1ed1 kh\u00f4ng. \u0110\u00e2y ch\u00ednh l\u00e0 <strong>s\u1ef1 b\u1ea5t \u0111\u1ed1i x\u1ee9ng gi\u1eefa l\u1ed7 v\u00e0 l\u00e3i<\/strong>:<br><br>\n\n<div style=\"margin-bottom: 25px\">\n    <table style=\"width: 100%;min-width: 500px;border-collapse: separate;border-spacing: 0;border: 1px solid #2D4273;border-radius: 6px;text-align: center;font-family: 'Inter', sans-serif;overflow: hidden\">\n        <thead>\n            <tr style=\"background-color: #2D4273;color: #ffffff\">\n                <th style=\"padding: 15px;border-right: 1px solid #ffffff;border-bottom: 1px solid #2D4273\"><strong>M\u1ee9c l\u1ed7 t\u00e0i kho\u1ea3n (MDD)<\/strong><\/th>\n                <th style=\"padding: 15px;border-right: 1px solid #ffffff;border-bottom: 1px solid #2D4273\"><strong>M\u1ee9c t\u0103ng \u0111\u1ec3 h\u00f2a v\u1ed1n<\/strong><\/th>\n                <th style=\"padding: 15px;border-bottom: 1px solid #2D4273\"><strong>\u0110\u00e1nh gi\u00e1 m\u1ee9c \u0111\u1ed9 kh\u00f3<\/strong><\/th>\n            <\/tr>\n        <\/thead>\n        <tbody>\n            <tr>\n                <td style=\"padding: 15px;border-right: 1px solid #2D4273;border-bottom: 1px solid #2D4273\">-10%<\/td>\n                <td style=\"padding: 15px;border-right: 1px solid #2D4273;border-bottom: 1px solid #2D4273\">+11%<\/td>\n                <td style=\"padding: 15px;border-bottom: 1px solid #2D4273\">Kh\u00f4i ph\u1ee5c d\u1ec5 d\u00e0ng<\/td>\n            <\/tr>\n            <tr>\n                <td style=\"padding: 15px;border-right: 1px solid #2D4273;border-bottom: 1px solid #2D4273\">-20%<\/td>\n                <td style=\"padding: 15px;border-right: 1px solid #2D4273;border-bottom: 1px solid #2D4273\">+25%<\/td>\n                <td style=\"padding: 15px;border-bottom: 1px solid #2D4273\">C\u00f3 th\u1ec3 ch\u1ea5p nh\u1eadn<\/td>\n            <\/tr>\n            <tr>\n                <td style=\"padding: 15px;border-right: 1px solid #2D4273;border-bottom: 1px solid #2D4273\">-30%<\/td>\n                <td style=\"padding: 15px;border-right: 1px solid #2D4273;border-bottom: 1px solid #2D4273\">+43%<\/td>\n                <td style=\"padding: 15px;border-bottom: 1px solid #2D4273\">B\u1eaft \u0111\u1ea7u th\u1ea5y kh\u00f3<\/td>\n            <\/tr>\n            <tr style=\"background-color: #fffafa\">\n                <td style=\"padding: 15px;border-right: 1px solid #2D4273;border-bottom: 1px solid #2D4273\"><strong style=\"color: #db473e\">-50%<\/strong><\/td>\n                <td style=\"padding: 15px;border-right: 1px solid #2D4273;border-bottom: 1px solid #2D4273\"><strong style=\"color: #db473e\">+100%<\/strong><\/td>\n                <td style=\"padding: 15px;border-bottom: 1px solid #2D4273\"><strong style=\"color: #db473e\">\u0110\u1ed9 kh\u00f3 g\u1ea5p \u0111\u00f4i (C\u1ef1c kh\u00f3)<\/strong><\/td>\n            <\/tr>\n            <tr>\n                <td style=\"padding: 15px;border-right: 1px solid #2D4273;border-bottom: 1px solid #2D4273\">-70%<\/td>\n                <td style=\"padding: 15px;border-right: 1px solid #2D4273;border-bottom: 1px solid #2D4273\">+233%<\/td>\n                <td style=\"padding: 15px;border-bottom: 1px solid #2D4273\">G\u1ea7n nh\u01b0 kh\u00f4ng th\u1ec3<\/td>\n            <\/tr>\n            <tr>\n                <td style=\"padding: 15px;border-right: 1px solid #2D4273\">-90%<\/td>\n                <td style=\"padding: 15px;border-right: 1px solid #2D4273\">+900%<\/td>\n                <td style=\"padding: 15px\">Khuy\u1ebfn ngh\u1ecb t\u00e1i c\u01a1 c\u1ea5u t\u00e0i s\u1ea3n<\/td>\n            <\/tr>\n        <\/tbody>\n    <\/table>\n<\/div>\n\n<strong>K\u1ebft lu\u1eadn:<\/strong> Trong th\u1ebf gi\u1edbi \u0111\u1ea7u t\u01b0, m\u1ee9c gi\u1ea3m t\u0103ng theo \u0111\u01b0\u1eddng th\u1eb3ng, nh\u01b0ng \u0111\u1ed9 kh\u00f3 \u0111\u1ec3 h\u00f2a v\u1ed1n l\u1ea1i t\u0103ng theo <strong>c\u1ea5p s\u1ed1 nh\u00e2n<\/strong>. Khi MDD ch\u1ea1m m\u1ee9c 50%, th\u1ee9 b\u1ea1n c\u1ea7n kh\u00f4ng c\u00f2n l\u00e0 chi\u1ebfn l\u01b0\u1ee3c n\u1eefa, m\u00e0 l\u00e0 m\u1ed9t ph\u00e9p m\u00e0u (t\u0103ng tr\u01b0\u1edfng 100%) ch\u1ec9 \u0111\u1ec3 quay l\u1ea1i v\u1ea1ch xu\u1ea5t ph\u00e1t.\n<\/span><br><br>\n\n<span>\n<h2><strong>\ud83d\udccc T\u1ea1i sao MDD quy\u1ebft \u0111\u1ecbnh \"tr\u1ea7n\" gi\u00e0u sang c\u1ee7a b\u1ea1n?<\/strong><\/h2>\n<ul>\n    <li><strong>N\u00f3 quy\u1ebft \u0111\u1ecbnh vi\u1ec7c b\u1ea1n c\u00f3 b\u1ecb \"lo\u1ea1i kh\u1ecfi cu\u1ed9c ch\u01a1i\" hay kh\u00f4ng:<\/strong> MDD \u0111o l\u01b0\u1eddng gi\u1edbi h\u1ea1n ch\u1ecbu \u0111\u1ef1ng t\u00e2m l\u00fd. Khi t\u00e0i kho\u1ea3n s\u1ee5t gi\u1ea3m m\u1ea1nh, c\u01a1 ch\u1ebf ph\u00f2ng v\u1ec7 c\u1ee7a n\u00e3o b\u1ed9 \u0111\u01b0\u1ee3c k\u00edch ho\u1ea1t, d\u1ec5 d\u1eabn \u0111\u1ebfn nh\u1eefng quy\u1ebft \u0111\u1ecbnh phi l\u00fd tr\u00ed. N\u1ebfu b\u1ea1n kh\u00f4ng th\u1ec3 ch\u1ecbu \u0111\u1ef1ng \u0111\u01b0\u1ee3c m\u1ee9c s\u1ee5t gi\u1ea3m 30%, b\u1ea1n s\u1ebd kh\u00f4ng th\u1ec3 n\u1eafm gi\u1eef t\u00e0i s\u1ea3n \u0111\u00f3 cho \u0111\u1ebfn khi n\u00f3 t\u0103ng g\u1ea5p 10 l\u1ea7n.<\/li><br>\n\n    <li><strong>N\u00f3 ph\u00e1 h\u1ee7y ph\u00e9p m\u00e0u c\u1ee7a l\u00e3i k\u00e9p:<\/strong> L\u00e3i k\u00e9p c\u1ea7n th\u1eddi gian \u0111\u1ec3 ph\u00e1t huy t\u00e1c d\u1ee5ng, v\u00e0 nh\u1eefng \u0111\u1ee3t s\u1ee5t gi\u1ea3m nghi\u00eam tr\u1ecdng ch\u00ednh l\u00e0 nh\u1eefng \"v\u1ef1c th\u1eb3m\" tr\u00ean con \u0111\u01b0\u1eddng \u0111\u00f3. T\u0103ng tr\u01b0\u1edfng \u1ed5n \u0111\u1ecbnh 10% m\u1ed7i n\u0103m l\u00e0 r\u1ea5t tuy\u1ec7t v\u1eddi, nh\u01b0ng ch\u1ec9 c\u1ea7n m\u1ed9t n\u0103m MDD 50%, b\u1ea1n s\u1ebd m\u1ea5t nhi\u1ec1u n\u0103m ch\u1ec9 \u0111\u1ec3 \"v\u1ec1 l\u1ea1i s\u1ed1 kh\u00f4ng\" \u2014 m\u1ed9t s\u1ef1 l\u00e3ng ph\u00ed chi ph\u00ed th\u1eddi gian qu\u00fd b\u00e1u nh\u1ea5t.<\/li><br>\n\n    <li><strong>N\u00f3 l\u00e0 linh h\u1ed3n c\u1ee7a \"Ch\u1ec9 s\u1ed1 Calmar\":<\/strong> Ch\u1ec9 s\u1ed1 Calmar = L\u1ee3i nhu\u1eadn h\u00e0ng n\u0103m \/ MDD. N\u1ebfu b\u1ecf qua MDD, t\u1ef7 su\u1ea5t l\u1ee3i nhu\u1eadn (CAGR) ch\u1ec9 l\u00e0 con s\u1ed1 h\u00e0o nho\u00e1ng b\u00ean ngo\u00e0i. M\u1ed9t t\u00e0i s\u1ea3n c\u00f3 l\u1ee3i nhu\u1eadn 100% nh\u01b0ng MDD l\u00ean t\u1edbi 80% v\u1ec1 b\u1ea3n ch\u1ea5t l\u00e0 m\u1ed9t cu\u1ed9c \u0111\u00e1nh b\u1ea1c r\u1ee7i ro, kh\u00f4ng ph\u1ea3i \u0111\u1ea7u t\u01b0.<\/li>\n<\/ul>\n<\/span><br>\n\n<span>\n<h2><strong>\ud83d\udccc \u0110\u1ed1i ph\u00f3 v\u1edbi MDD nh\u01b0 th\u1ebf n\u00e0o? T\u1eeb \"g\u1ed3ng l\u1ed7\" sang \"qu\u1ea3n tr\u1ecb r\u1ee7i ro khoa h\u1ecdc\"<\/strong><\/h2>\nV\u00ec MDD \u0111\u00e1ng s\u1ee3 nh\u01b0 v\u1eady, ch\u00fang ta n\u00ean \u1ee9ng ph\u00f3 th\u1ebf n\u00e0o? Chi\u1ebfn thu\u1eadt \"mua v\u00e0 n\u1eafm gi\u1eef\" truy\u1ec1n th\u1ed1ng th\u01b0\u1eddng th\u1ea5t b\u1ea1i tr\u01b0\u1edbc th\u1eed th\u00e1ch \u00fd ch\u00ed khi \u0111\u1ed1i m\u1eb7t v\u1edbi m\u1ee9c gi\u1ea3m 50%. \u0110\u00f3 l\u00e0 l\u00fd do t\u1ea1i sao c\u00e1c t\u1ed5 ch\u1ee9c chuy\u00ean nghi\u1ec7p chuy\u1ec3n sang chi\u1ebfn l\u01b0\u1ee3c \u0111\u1ecbnh l\u01b0\u1ee3ng:<br><br>\n<ul>\n  <li><strong>C\u01a1 ch\u1ebf c\u1eaft l\u1ed7 t\u1ef1 \u0111\u1ed9ng:<\/strong> S\u1eed d\u1ee5ng thu\u1eadt to\u00e1n \u0111\u1ec3 t\u1ef1 \u0111\u1ed9ng gi\u1ea3m t\u1ef7 tr\u1ecdng tr\u01b0\u1edbc khi r\u1ee7i ro lan r\u1ed9ng, lo\u1ea1i b\u1ecf \u0111i\u1ec3m y\u1ebfu tham lam v\u00e0 luy\u1ebfn ti\u1ebfc c\u1ee7a con ng\u01b0\u1eddi.<\/li><br>\n  <li><strong>\u0110\u01b0\u1eddng cong ph\u1ee5c h\u1ed3i \u0111\u1ed9ng:<\/strong> Gi\u00e1 tr\u1ecb c\u1ed1t l\u00f5i c\u1ee7a c\u00e1c h\u1ec7 th\u1ed1ng \u0111\u1ecbnh l\u01b0\u1ee3ng (nh\u01b0 Alpha Gold ho\u1eb7c Quant Matrix) n\u1eb1m \u1edf vi\u1ec7c ki\u1ec3m so\u00e1t MDD trong ph\u1ea1m vi cho ph\u00e9p thay v\u00ec theo \u0111u\u1ed5i l\u1ee3i nhu\u1eadn \u0111\u1ed9t bi\u1ebfn nh\u1ea5t th\u1eddi.<\/li><br>\n  <li><strong>R\u00fat ng\u1eafn th\u1eddi gian ph\u1ee5c h\u1ed3i:<\/strong> S\u1eed d\u1ee5ng c\u00e1c bi\u1ec7n ph\u00e1p ph\u00f2ng v\u1ec7 (hedging) ho\u1eb7c t\u00e1i c\u00e2n b\u1eb1ng danh m\u1ee5c \u0111\u1ed9ng \u0111\u1ec3 t\u00e0i s\u1ea3n c\u00f3 th\u1ec3 \u0111\u1ea1t \u0111\u1ec9nh cao m\u1edbi hi\u1ec7u qu\u1ea3 h\u01a1n khi th\u1ecb tr\u01b0\u1eddng ph\u1ee5c h\u1ed3i.<\/li>\n<\/ul>\n<\/span><br>\n\n<span>\n<h2><strong>\ud83d\udccc L\u1eddi k\u1ebft: Ki\u1ec3m so\u00e1t r\u1ee7i ro, l\u1ee3i nhu\u1eadn s\u1ebd t\u1ef1 t\u00ecm \u0111\u1ebfn<\/strong><\/h2>\nHuy\u1ec1n tho\u1ea1i \u0111\u1ea7u t\u01b0 George Soros t\u1eebng n\u00f3i: \"<strong>H\u00e3y s\u1ed1ng s\u00f3t tr\u01b0\u1edbc \u0111\u00e3, r\u1ed3i h\u00e3y ngh\u0129 \u0111\u1ebfn vi\u1ec7c ki\u1ebfm ti\u1ec1n.<\/strong>\"<br><br>\nL\u1ea7n t\u1edbi khi \u0111\u00e1nh gi\u00e1 m\u1ed9t danh m\u1ee5c \u0111\u1ea7u t\u01b0, \u0111\u1eebng ch\u1ec9 nh\u00ecn v\u00e0o l\u1ee3i nhu\u1eadn trong qu\u00e1 kh\u1ee9. H\u00e3y ki\u1ec3m tra \"M\u1ee9c s\u1ee5t gi\u1ea3m t\u1ed1i \u0111a\" tr\u01b0\u1edbc. N\u1ebfu con s\u1ed1 \u0111\u00f3 khi\u1ebfn b\u1ea1n m\u1ea5t ng\u1ee7, th\u00ec l\u1ee3i nhu\u1eadn cao \u0111\u1ebfn \u0111\u00e2u c\u0169ng kh\u00f4ng d\u00e0nh cho b\u1ea1n.<br><br>\n<strong>H\u00e3y nh\u1edb: Kho\u1ea3n l\u1ee3i nhu\u1eadn m\u00e0 b\u1ea1n c\u00f3 th\u1ec3 gi\u1eef v\u1eefng v\u00e0 gi\u00fap b\u1ea1n k\u00ea cao g\u1ed1i ng\u1ee7 ngon m\u1edbi ch\u00ednh l\u00e0 s\u1ef1 gi\u00e0u c\u00f3 th\u1ef1c s\u1ef1.<\/strong>\n<\/span><\/div>\n\t\t\t\t<div class=\"elementor-element elementor-element-6655aec elementor-icon-list--layout-inline elementor-list-item-link-inline elementor-widget elementor-widget-icon-list\" data-id=\"6655aec\" data-element_type=\"widget\" data-widget_type=\"icon-list.default\">\n\t\t\t\t\t\t\t<ul class=\"elementor-icon-list-items elementor-inline-items\">\n\t\t\t\t\t\t\t<li class=\"elementor-icon-list-item elementor-inline-item\">\n\t\t\t\t\t\t\t\t\t\t\t<a href=\"https:\/\/mister.forex\/vi\/alpha-gold\/\">\n\n\t\t\t\t\t\t\t\t\t\t\t\t<span class=\"elementor-icon-list-icon\">\n\t\t\t\t\t\t\t<svg aria-hidden=\"true\" class=\"e-font-icon-svg e-far-check-circle\" viewbox=\"0 0 512 512\" xmlns=\"http:\/\/www.w3.org\/2000\/svg\"><path d=\"M256 8C119.033 8 8 119.033 8 256s111.033 248 248 248 248-111.033 248-248S392.967 8 256 8zm0 48c110.532 0 200 89.451 200 200 0 110.532-89.451 200-200 200-110.532 0-200-89.451-200-200 0-110.532 89.451-200 200-200m140.204 130.267l-22.536-22.718c-4.667-4.705-12.265-4.736-16.97-.068L215.346 303.697l-59.792-60.277c-4.667-4.705-12.265-4.736-16.97-.069l-22.719 22.536c-4.705 4.667-4.736 12.265-.068 16.971l90.781 91.516c4.667 4.705 12.265 4.736 16.97.068l172.589-171.204c4.704-4.668 4.734-12.266.067-16.971z\"><\/path><\/svg>\t\t\t\t\t\t<\/span>\n\t\t\t\t\t\t\t\t\t\t<span class=\"elementor-icon-list-text\">Xem k\u1ebft qu\u1ea3 giao d\u1ecbch th\u1ef1c t\u1ebf Alpha Gold<\/span>\n\t\t\t\t\t\t\t\t\t\t\t<\/a>\n\t\t\t\t\t\t\t\t\t<\/li>\n\t\t\t\t\t\t<\/ul>\n\t\t\t\t\t\t<\/div>\n\t\t\t\t<div class=\"elementor-element elementor-element-dfa00c2 elementor-widget elementor-widget-heading\" data-id=\"dfa00c2\" data-element_type=\"widget\" data-widget_type=\"heading.default\">\n\t\t\t\t\t<span class=\"elementor-heading-title elementor-size-default\">(Ph\u00f9 h\u1ee3p v\u1edbi nh\u00e0 \u0111\u1ea7u t\u01b0 t\u00ecm ki\u1ebfm s\u1ef1 t\u0103ng tr\u01b0\u1edfng b\u00f9ng n\u1ed5 v\u00e0 \u01b0a th\u00edch giao d\u1ecbch v\u00e0ng)<\/span>\t\t\t\t<\/div>\n\t\t\t\t<div class=\"elementor-element elementor-element-db8dcde elementor-icon-list--layout-inline elementor-list-item-link-inline elementor-widget elementor-widget-icon-list\" data-id=\"db8dcde\" data-element_type=\"widget\" data-widget_type=\"icon-list.default\">\n\t\t\t\t\t\t\t<ul class=\"elementor-icon-list-items elementor-inline-items\">\n\t\t\t\t\t\t\t<li class=\"elementor-icon-list-item elementor-inline-item\">\n\t\t\t\t\t\t\t\t\t\t\t<a href=\"https:\/\/mister.forex\/vi\/quant-matrix\/\">\n\n\t\t\t\t\t\t\t\t\t\t\t\t<span class=\"elementor-icon-list-icon\">\n\t\t\t\t\t\t\t<svg aria-hidden=\"true\" class=\"e-font-icon-svg e-far-check-circle\" viewbox=\"0 0 512 512\" xmlns=\"http:\/\/www.w3.org\/2000\/svg\"><path d=\"M256 8C119.033 8 8 119.033 8 256s111.033 248 248 248 248-111.033 248-248S392.967 8 256 8zm0 48c110.532 0 200 89.451 200 200 0 110.532-89.451 200-200 200-110.532 0-200-89.451-200-200 0-110.532 89.451-200 200-200m140.204 130.267l-22.536-22.718c-4.667-4.705-12.265-4.736-16.97-.068L215.346 303.697l-59.792-60.277c-4.667-4.705-12.265-4.736-16.97-.069l-22.719 22.536c-4.705 4.667-4.736 12.265-.068 16.971l90.781 91.516c4.667 4.705 12.265 4.736 16.97.068l172.589-171.204c4.704-4.668 4.734-12.266.067-16.971z\"><\/path><\/svg>\t\t\t\t\t\t<\/span>\n\t\t\t\t\t\t\t\t\t\t<span class=\"elementor-icon-list-text\">Xem k\u1ebft qu\u1ea3 giao d\u1ecbch th\u1ef1c t\u1ebf Quant Matrix<\/span>\n\t\t\t\t\t\t\t\t\t\t\t<\/a>\n\t\t\t\t\t\t\t\t\t<\/li>\n\t\t\t\t\t\t<\/ul>\n\t\t\t\t\t\t<\/div>\n\t\t\t\t<div class=\"elementor-element elementor-element-31472a2 elementor-widget elementor-widget-heading\" data-id=\"31472a2\" data-element_type=\"widget\" data-widget_type=\"heading.default\">\n\t\t\t\t\t<span class=\"elementor-heading-title elementor-size-default\">(Ph\u00f9 h\u1ee3p v\u1edbi nh\u00e0 \u0111\u1ea7u t\u01b0 t\u00ecm ki\u1ebfm s\u1ef1 b\u00ecnh \u1ed5n v\u00e0 mong mu\u1ed1n t\u00e0i kho\u1ea3n t\u0103ng tr\u01b0\u1edfng b\u1ec1n v\u1eefng)<\/span>\t\t\t\t<\/div>\n\t\t\t\t\t<\/div>\n\t\t\t\t<\/div>\n\t\t\t\t<\/div>","protected":false},"excerpt":{"rendered":"<p>Gi\u1ea3i m\u00e3 \"b\u1eaby t\u1eed th\u1ea7n\" khi\u1ebfn t\u00e0i s\u1ea3n b\u1ed1c h\u01a1i: Maximum Drawdown (MDD). T\u1ea1i sao khi gi\u1ea3m 50%, b\u1ea1n c\u1ea7n t\u0103ng l\u1ea1i 100% m\u1edbi h\u00f2a v\u1ed1n? B\u00e0i vi\u1ebft ph\u00e2n t\u00edch s\u00e2u v\u1ec1 MDD, s\u1ef1 b\u1ea5t \u0111\u1ed1i x\u1ee9ng l\u1ed7-l\u00e3i v\u00e0 s\u1ef1 h\u1ee7y ho\u1ea1i l\u00e3i k\u00e9p. Kh\u00e1m ph\u00e1 c\u00e1ch c\u00e1c t\u1ed5 ch\u1ee9c chuy\u00ean nghi\u1ec7p d\u00f9ng chi\u1ebfn l\u01b0\u1ee3c \u0111\u1ecbnh l\u01b0\u1ee3ng \u0111\u1ec3 qu\u1ea3n tr\u1ecb r\u1ee7i ro v\u00e0 b\u1ea3o v\u1ec7 t\u00e0i s\u1ea3n c\u1ee7a b\u1ea1n.<\/p>","protected":false},"author":1,"featured_media":67304,"parent":0,"menu_order":0,"comment_status":"closed","ping_status":"closed","template":"","meta":{"footnotes":""},"tags":[128],"class_list":["post-67265","page","type-page","status-publish","has-post-thumbnail","hentry","tag-no-google"],"_links":{"self":[{"href":"https:\/\/mister.forex\/vi\/wp-json\/wp\/v2\/pages\/67265","targetHints":{"allow":["GET"]}}],"collection":[{"href":"https:\/\/mister.forex\/vi\/wp-json\/wp\/v2\/pages"}],"about":[{"href":"https:\/\/mister.forex\/vi\/wp-json\/wp\/v2\/types\/page"}],"author":[{"embeddable":true,"href":"https:\/\/mister.forex\/vi\/wp-json\/wp\/v2\/users\/1"}],"replies":[{"embeddable":true,"href":"https:\/\/mister.forex\/vi\/wp-json\/wp\/v2\/comments?post=67265"}],"version-history":[{"count":3,"href":"https:\/\/mister.forex\/vi\/wp-json\/wp\/v2\/pages\/67265\/revisions"}],"predecessor-version":[{"id":70590,"href":"https:\/\/mister.forex\/vi\/wp-json\/wp\/v2\/pages\/67265\/revisions\/70590"}],"wp:featuredmedia":[{"embeddable":true,"href":"https:\/\/mister.forex\/vi\/wp-json\/wp\/v2\/media\/67304"}],"wp:attachment":[{"href":"https:\/\/mister.forex\/vi\/wp-json\/wp\/v2\/media?parent=67265"}],"wp:term":[{"taxonomy":"post_tag","embeddable":true,"href":"https:\/\/mister.forex\/vi\/wp-json\/wp\/v2\/tags?post=67265"}],"curies":[{"name":"wp","href":"https:\/\/api.w.org\/{rel}","templated":true}]}}