{"id":71696,"date":"2026-05-11T22:06:37","date_gmt":"2026-05-11T14:06:37","guid":{"rendered":"https:\/\/mister.forex\/?page_id=71696"},"modified":"2026-05-12T18:38:30","modified_gmt":"2026-05-12T10:38:30","slug":"dollar-cost-averaging-calculator","status":"publish","type":"page","link":"https:\/\/mister.forex\/vi\/dollar-cost-averaging-calculator\/","title":{"rendered":"Ti\u1ebft ki\u1ec7m m\u1ed9t ly c\u00e0 ph\u00ea m\u1ed7i ng\u00e0y? M\u00e1y t\u00ednh \u0111\u1ea7u t\u01b0 h\u00e0ng th\u00e1ng: S\u1ee9c m\u1ea1nh c\u1ee7a th\u1eddi gian"},"content":{"rendered":"<div data-elementor-type=\"wp-page\" data-elementor-id=\"71696\" class=\"elementor elementor-71696\" data-elementor-post-type=\"page\">\n\t\t\t\t<div class=\"elementor-element elementor-element-f2bbbc7 e-flex e-con-boxed e-con e-parent\" data-id=\"f2bbbc7\" data-element_type=\"container\" data-settings=\"{&quot;background_background&quot;:&quot;classic&quot;}\">\n\t\t\t\t\t<div class=\"e-con-inner\">\n\t\t\t\t<div class=\"elementor-element elementor-element-3a2226b elementor-widget elementor-widget-heading\" data-id=\"3a2226b\" data-element_type=\"widget\" data-widget_type=\"heading.default\">\n\t\t\t\t\t<h1 class=\"elementor-heading-title elementor-size-default\">T\u0103ng tr\u01b0\u1edfng \u1ed5n \u0111\u1ecbnh: M\u00e1y t\u00ednh \u0111\u1ea7u t\u01b0 h\u00e0ng th\u00e1ng<\/h1>\t\t\t\t<\/div>\n\t\t\t\t<div class=\"elementor-element elementor-element-6559834 elementor-widget elementor-widget-html translation-block\" data-id=\"6559834\" data-element_type=\"widget\" data-widget_type=\"html.default\"><span>\n\"Ng\u00e2n s\u00e1ch h\u1ea1n h\u1eb9p?\" C\u00f3, b\u1ea1n ho\u00e0n to\u00e0n c\u00f3 th\u1ec3 \u0111\u1ea7u t\u01b0. B\u00ed m\u1eadt c\u1ee7a \u0111\u1ea7u t\u01b0 h\u00e0ng th\u00e1ng n\u1eb1m \u1edf s\u1ef1 ki\u00ean tr\u00ec thay v\u00ec s\u1ed1 ti\u1ec1n l\u1edbn. N\u00f3 gi\u00fap c\u00e2n b\u1eb1ng c\u00e1c bi\u1ebfn \u0111\u1ed9ng th\u1ecb tr\u01b0\u1eddng v\u00e0 x\u00e2y d\u1ef1ng t\u00e0i s\u1ea3n ngay c\u1ea3 khi th\u1ecb tr\u01b0\u1eddng \u0111i xu\u1ed1ng.<br><br>\n\n\u0110\u1ec3 qu\u1ea3n l\u00fd r\u1ee7i ro, <strong>Mr.Forex<\/strong> \u01b0u ti\u00ean c\u00e1c k\u1ef3 v\u1ecdng \u1ed5n \u0111\u1ecbnh v\u00e0 b\u1ea3o v\u1ec7 v\u1ed1n c\u1ee7a b\u1ea1n. H\u00e3y xem nh\u1eefng b\u01b0\u1edbc nh\u1ecf, \u0111\u1ec1u \u0111\u1eb7n k\u1ebft h\u1ee3p v\u1edbi th\u1eddi gian c\u00f3 th\u1ec3 thay \u0111\u1ed5i t\u01b0\u01a1ng lai t\u00e0i ch\u00ednh c\u1ee7a b\u1ea1n nh\u01b0 th\u1ebf n\u00e0o.\n<\/span><\/div>\n\t\t\t\t<div class=\"elementor-element elementor-element-07656fb elementor-widget elementor-widget-template\" data-id=\"07656fb\" data-element_type=\"widget\" data-widget_type=\"template.default\">\n\t\t\t\t<div class=\"elementor-widget-container\">\n\t\t\t\t\t\t\t<div class=\"elementor-template\">\n\t\t\t\t\t<div data-elementor-type=\"container\" data-elementor-id=\"71597\" class=\"elementor elementor-71597\" data-elementor-post-type=\"elementor_library\">\n\t\t\t\t<div class=\"elementor-element elementor-element-90d7cbe e-con-full e-grid e-con e-child\" data-id=\"90d7cbe\" data-element_type=\"container\" data-settings=\"{&quot;background_background&quot;:&quot;classic&quot;}\">\n\t\t<div class=\"elementor-element elementor-element-1d03f7b3 e-con-full e-flex e-con e-child\" data-id=\"1d03f7b3\" data-element_type=\"container\">\n\t\t\t\t<div class=\"elementor-element elementor-element-4d291e57 elementor-widget elementor-widget-heading\" data-id=\"4d291e57\" data-element_type=\"widget\" data-widget_type=\"heading.default\">\n\t\t\t\t\t<span class=\"elementor-heading-title elementor-size-default\">Ti\u1ec1n g\u1eedi c\u00f3 k\u1ef3 h\u1ea1n<\/span>\t\t\t\t<\/div>\n\t\t\t\t<div class=\"elementor-element elementor-element-446eb41c elementor-widget elementor-widget-heading\" data-id=\"446eb41c\" data-element_type=\"widget\" data-widget_type=\"heading.default\">\n\t\t\t\t\t<span class=\"elementor-heading-title elementor-size-default\">1.5% - 1.8%<\/span>\t\t\t\t<\/div>\n\t\t\t\t<\/div>\n\t\t<div class=\"elementor-element elementor-element-755e67fa e-con-full e-flex e-con e-child\" data-id=\"755e67fa\" data-element_type=\"container\">\n\t\t\t\t<div class=\"elementor-element elementor-element-87015db elementor-widget elementor-widget-heading\" data-id=\"87015db\" data-element_type=\"widget\" data-widget_type=\"heading.default\">\n\t\t\t\t\t<span class=\"elementor-heading-title elementor-size-default\">Ch\u1ec9 s\u1ed1 to\u00e0n c\u1ea7u<\/span>\t\t\t\t<\/div>\n\t\t\t\t<div class=\"elementor-element elementor-element-4227a4d9 elementor-widget elementor-widget-heading\" data-id=\"4227a4d9\" data-element_type=\"widget\" data-widget_type=\"heading.default\">\n\t\t\t\t\t<span class=\"elementor-heading-title elementor-size-default\">8% - 10%<\/span>\t\t\t\t<\/div>\n\t\t\t\t<\/div>\n\t\t<div class=\"elementor-element elementor-element-364a9bd3 e-con-full e-flex e-con e-child\" data-id=\"364a9bd3\" data-element_type=\"container\">\n\t\t\t\t<div class=\"elementor-element elementor-element-4036bb7e elementor-widget elementor-widget-heading\" data-id=\"4036bb7e\" data-element_type=\"widget\" data-widget_type=\"heading.default\">\n\t\t\t\t\t<span class=\"elementor-heading-title elementor-size-default\">Chi\u1ebfn l\u01b0\u1ee3c Mr.Forex<\/span>\t\t\t\t<\/div>\n\t\t\t\t<div class=\"elementor-element elementor-element-18e9964a elementor-widget elementor-widget-heading\" data-id=\"18e9964a\" data-element_type=\"widget\" data-widget_type=\"heading.default\">\n\t\t\t\t\t<span class=\"elementor-heading-title elementor-size-default\">12% +<\/span>\t\t\t\t<\/div>\n\t\t\t\t<\/div>\n\t\t\t\t<\/div>\n\t\t\t\t<\/div>\n\t\t\t\t<\/div>\n\t\t\t\t\t\t<\/div>\n\t\t\t\t<\/div>\n\t\t\t\t<div class=\"elementor-element elementor-element-0f584f8 elementor-widget elementor-widget-html\" data-id=\"0f584f8\" data-element_type=\"widget\" data-widget_type=\"html.default\">\n\t\t\t\t\t<div class=\"mr-forex-calc\" style=\"max-width:800px; margin:20px auto; padding:35px; background:#FFFFFF; border: 1px solid #E5E9F0; border-radius:20px; font-family: 'Inter', 'PingFang TC', sans-serif; box-shadow: 0 10px 30px rgba(21, 38, 77, 0.08);\">\n    \n    <div style=\"width:50px; height:4px; background:#FAB42C; margin-bottom:20px; border-radius:2px;\"><\/div>\n    \n    <h3 style=\"color:#15264D; margin:0 0 25px 0; font-size:1.2em; font-weight:700; letter-spacing:-0.5px;\">M\u00e1y t\u00ednh \u0111\u1ea7u t\u01b0 h\u00e0ng th\u00e1ng<\/h3>\n\n    <div style=\"margin-bottom:20px;\">\n        <label style=\"display:block; margin-bottom:8px; font-size:0.9em; color:#666666; font-weight:500;\">\u0110\u1ea7u t\u01b0 h\u00e0ng th\u00e1ng<\/label>\n        <input type=\"number\" id=\"simpleP\" value=\"1000\" min=\"0\" step=\"100\" lang=\"en\" translate=\"no\" class=\"notranslate\" style=\"width:100%; padding:12px 15px; border:2px solid #F0F2F5; border-radius:8px; color:#15264D; font-size:1.1em; outline:none; transition:all 0.3s;\" onfocus=\"this.style.borderColor='#FAB42C'\" onblur=\"this.style.borderColor='#F0F2F5'\">\n    <\/div>\n\n    <div style=\"margin-bottom:20px;\">\n        <label style=\"display:block; margin-bottom:8px; font-size:0.9em; color:#666666; font-weight:500;\">L\u1ee3i nhu\u1eadn k\u1ef3 v\u1ecdng (%)<\/label>\n        <input type=\"number\" id=\"simpleR\" value=\"12\" min=\"0\" step=\"0.5\" lang=\"en\" translate=\"no\" class=\"notranslate\" style=\"width:100%; padding:12px 15px; border:2px solid #F0F2F5; border-radius:8px; color:#15264D; font-size:1.1em; outline:none;\" onfocus=\"this.style.borderColor='#FAB42C'\" onblur=\"this.style.borderColor='#F0F2F5'\">\n    <\/div>\n\n    <div style=\"margin-bottom:25px;\">\n        <label style=\"display:block; margin-bottom:8px; font-size:0.9em; color:#666666; font-weight:500;\">Th\u1eddi h\u1ea1n (N\u0103m)<\/label>\n        <input type=\"number\" id=\"simpleY\" value=\"10\" min=\"0\" step=\"1\" lang=\"en\" translate=\"no\" class=\"notranslate\" style=\"width:100%; padding:12px 15px; border:2px solid #F0F2F5; border-radius:8px; color:#15264D; font-size:1.1em; outline:none;\" onfocus=\"this.style.borderColor='#FAB42C'\" onblur=\"this.style.borderColor='#F0F2F5'\">\n    <\/div>\n\n    <button onclick=\"calcSimpleDCA()\" style=\"background:#15264D; color:#FFFFFF; border:none; padding:15px; width:100%; border-radius:8px; cursor:pointer; font-weight:700; font-size:1.1em; transition: 0.3s; box-shadow: 0 4px 12px rgba(21, 38, 77, 0.2);\" onmouseover=\"this.style.background='#FAB42C'; this.style.color='#15264D'\" onmouseout=\"this.style.background='#15264D'; this.style.color='#FFFFFF'\">\n        T\u00ednh to\u00e1n\n    <\/button>\n    \n    <div id=\"simpleResultBox\" style=\"margin-top:25px; display:none; background:#F8FAFC; border-radius:12px; padding:20px; text-align:center;\">\n        <p style=\"color:#666666; font-size:0.9em; margin:0 0 5px 0;\">Gi\u00e1 tr\u1ecb t\u1ed5ng c\u1ed9ng \u01b0\u1edbc t\u00ednh<\/p>\n        <div id=\"simpleResult\" translate=\"no\" class=\"notranslate\" style=\"font-size:1.8em; color:#15264D; font-weight:700;\"><\/div>\n    <\/div>\n\n    <div id=\"simpleTableContainer\" style=\"margin-top:25px; max-height:400px; overflow-y:auto; display:none; border: 1px solid #F0F2F5; border-radius:10px;\">\n        <table style=\"width:100%; border-collapse: collapse; font-size: 0.85em; text-align: center;\">\n            <thead style=\"position: sticky; top: 0; z-index: 1;\">\n                <tr style=\"background-color: #15264D; color: #FFFFFF;\">\n                    <th style=\"padding: 12px; font-weight: 600;\">N\u0103m<\/th>\n                    <th style=\"padding: 12px; font-weight: 600;\">T\u1ed5ng v\u1ed1n \u0111\u1ea7u t\u01b0<\/th>\n                    <th style=\"padding: 12px; font-weight: 600;\">Gi\u00e1 tr\u1ecb cu\u1ed1i k\u1ef3<\/th>\n                <\/tr>\n            <\/thead>\n            <tbody id=\"simpleTableBody\" translate=\"no\" class=\"notranslate\" style=\"color:#4A5568;\">\n            <\/tbody>\n        <\/table>\n    <\/div>\n<\/div>\n\n<script>\nfunction calcSimpleDCA(){\n    \/\/ \u7372\u53d6\u8f38\u5165\u4e26\u78ba\u4fdd\u4e0d\u5c0f\u65bc 0\n    const M = Math.max(0, parseFloat(document.getElementById('simpleP').value));\n    const r_input = Math.max(0, parseFloat(document.getElementById('simpleR').value));\n    const years = Math.max(0, parseInt(document.getElementById('simpleY').value));\n    \n    if(isNaN(M) || isNaN(r_input) || isNaN(years)) return;\n\n    const r_annual = r_input \/ 100;\n    const r_monthly = r_annual \/ 12;\n\n    let currentBalance = 0;\n    let totalInvested = 0;\n    let tableHtml = \"\";\n\n    for(let y = 1; y <= years; y++) {\n        for(let m = 1; m <= 12; m++) {\n            \/\/ \u6bcf\u6708\u6708\u521d\u6295\u5165\u4e26\u8a08\u606f\n            currentBalance = (currentBalance + M) * (1 + r_monthly);\n            totalInvested += M;\n        }\n        \/\/ \u8868\u683c\u5167\u7684\u6578\u5b57\u540c\u6a23\u900f\u904e toLocaleString('en-US') \u683c\u5f0f\u5316\n        tableHtml += `<tr style=\"border-bottom: 1px solid #F0F2F5;\">\n            <td style=\"padding: 12px; font-weight:500; color:#666666;\">${y}<\/td>\n            <td style=\"padding: 12px;\">${Math.round(totalInvested).toLocaleString('en-US')}<\/td>\n            <td style=\"padding: 12px; color:#15264D; font-weight:700;\">${Math.round(currentBalance).toLocaleString('en-US')}<\/td>\n        <\/tr>`;\n    }\n\n    \/\/ \u986f\u793a\u7d50\u679c\u5340\u57df\u4e26\u6307\u5b9a 'en-US' \u683c\u5f0f\n    document.getElementById('simpleResultBox').style.display = \"block\";\n    document.getElementById('simpleResult').innerText = Math.round(currentBalance).toLocaleString('en-US');\n    \n    \/\/ \u986f\u793a\u8868\u683c\u5340\u57df\n    document.getElementById('simpleTableBody').innerHTML = tableHtml;\n    document.getElementById('simpleTableContainer').style.display = \"block\";\n}\n<\/script>\t\t\t\t<\/div>\n\t\t\t\t<div class=\"elementor-element elementor-element-05530e1 elementor-hidden-desktop elementor-hidden-tablet elementor-hidden-mobile elementor-widget elementor-widget-html\" data-id=\"05530e1\" data-element_type=\"widget\" data-widget_type=\"html.default\">\n\t\t\t\t\t<div class=\"mr-forex-calc\" style=\"max-width:800px; margin:20px auto; padding:35px; background:#FFFFFF; border: 1px solid #E5E9F0; border-radius:20px; font-family: 'Inter', 'PingFang TC', sans-serif; box-shadow: 0 10px 30px rgba(21, 38, 77, 0.08);\">\n    \n    <div style=\"width:50px; height:4px; background:#FAB42C; margin-bottom:20px; border-radius:2px;\"><\/div>\n    \n    <h3 style=\"color:#15264D; margin:0 0 25px 0; font-size:1.2em; font-weight:700; letter-spacing:-0.5px;\">M\u00e1y t\u00ednh \u0111\u1ea7u t\u01b0 h\u00e0ng th\u00e1ng<\/h3>\n\n    <div style=\"margin-bottom:20px;\">\n        <label style=\"display:block; margin-bottom:8px; font-size:0.9em; color:#666666; font-weight:500;\">\u0110\u1ea7u t\u01b0 h\u00e0ng th\u00e1ng<\/label>\n        <input type=\"number\" id=\"simpleP\" value=\"1000\" min=\"0\" step=\"100\" style=\"width:100%; padding:12px 15px; border:2px solid #F0F2F5; border-radius:8px; color:#15264D; font-size:1.1em; outline:none; transition:all 0.3s;\" onfocus=\"this.style.borderColor='#FAB42C'\" onblur=\"this.style.borderColor='#F0F2F5'\">\n    <\/div>\n\n    <div style=\"margin-bottom:20px;\">\n        <label style=\"display:block; margin-bottom:8px; font-size:0.9em; color:#666666; font-weight:500;\">L\u1ee3i nhu\u1eadn k\u1ef3 v\u1ecdng (%)<\/label>\n        <input type=\"number\" id=\"simpleR\" value=\"12\" min=\"0\" step=\"0.5\" style=\"width:100%; padding:12px 15px; border:2px solid #F0F2F5; border-radius:8px; color:#15264D; font-size:1.1em; outline:none;\" onfocus=\"this.style.borderColor='#FAB42C'\" onblur=\"this.style.borderColor='#F0F2F5'\">\n    <\/div>\n\n    <div style=\"margin-bottom:25px;\">\n        <label style=\"display:block; margin-bottom:8px; font-size:0.9em; color:#666666; font-weight:500;\">Th\u1eddi h\u1ea1n (N\u0103m)<\/label>\n        <input type=\"number\" id=\"simpleY\" value=\"10\" min=\"0\" step=\"1\" style=\"width:100%; padding:12px 15px; border:2px solid #F0F2F5; border-radius:8px; color:#15264D; font-size:1.1em; outline:none;\" onfocus=\"this.style.borderColor='#FAB42C'\" onblur=\"this.style.borderColor='#F0F2F5'\">\n    <\/div>\n\n    <button onclick=\"calcSimpleDCA()\" style=\"background:#15264D; color:#FFFFFF; border:none; padding:15px; width:100%; border-radius:8px; cursor:pointer; font-weight:700; font-size:1.1em; transition: 0.3s; box-shadow: 0 4px 12px rgba(21, 38, 77, 0.2);\" onmouseover=\"this.style.background='#FAB42C'; this.style.color='#15264D'\" onmouseout=\"this.style.background='#15264D'; this.style.color='#FFFFFF'\">\n        T\u00ednh to\u00e1n\n    <\/button>\n    \n    <div id=\"simpleResultBox\" style=\"margin-top:25px; display:none; background:#F8FAFC; border-radius:12px; padding:20px; text-align:center;\">\n        <p style=\"color:#666666; font-size:0.9em; margin:0 0 5px 0;\">Gi\u00e1 tr\u1ecb t\u1ed5ng c\u1ed9ng \u01b0\u1edbc t\u00ednh<\/p>\n        <div id=\"simpleResult\" style=\"font-size:1.8em; color:#15264D; font-weight:700;\"><\/div>\n    <\/div>\n\n    <div id=\"simpleTableContainer\" style=\"margin-top:25px; max-height:400px; overflow-y:auto; display:none; border: 1px solid #F0F2F5; border-radius:10px;\">\n        <table style=\"width:100%; border-collapse: collapse; font-size: 0.85em; text-align: center;\">\n            <thead style=\"position: sticky; top: 0; z-index: 1;\">\n                <tr style=\"background-color: #15264D; color: #FFFFFF;\">\n                    <th style=\"padding: 12px; font-weight: 600;\">N\u0103m<\/th>\n                    <th style=\"padding: 12px; font-weight: 600;\">T\u1ed5ng v\u1ed1n \u0111\u1ea7u t\u01b0<\/th>\n                    <th style=\"padding: 12px; font-weight: 600;\">Gi\u00e1 tr\u1ecb cu\u1ed1i k\u1ef3<\/th>\n                <\/tr>\n            <\/thead>\n            <tbody id=\"simpleTableBody\" style=\"color:#4A5568;\">\n            <\/tbody>\n        <\/table>\n    <\/div>\n<\/div>\n\n<script>\nfunction calcSimpleDCA(){\n    \/\/ \u7372\u53d6\u8f38\u5165\u4e26\u78ba\u4fdd\u4e0d\u5c0f\u65bc 0\n    const M = Math.max(0, parseFloat(document.getElementById('simpleP').value));\n    const r_input = Math.max(0, parseFloat(document.getElementById('simpleR').value));\n    const years = Math.max(0, parseInt(document.getElementById('simpleY').value));\n    \n    if(isNaN(M) || isNaN(r_input) || isNaN(years)) return;\n\n    const r_annual = r_input \/ 100;\n    const r_monthly = r_annual \/ 12;\n\n    let currentBalance = 0;\n    let totalInvested = 0;\n    let tableHtml = \"\";\n\n    for(let y = 1; y <= years; y++) {\n        for(let m = 1; m <= 12; m++) {\n            \/\/ \u6bcf\u6708\u6708\u521d\u6295\u5165\u4e26\u8a08\u606f\n            currentBalance = (currentBalance + M) * (1 + r_monthly);\n            totalInvested += M;\n        }\n        tableHtml += `<tr style=\"border-bottom: 1px solid #F0F2F5;\">\n            <td style=\"padding: 12px; font-weight:500; color:#666666;\">${y}<\/td>\n            <td style=\"padding: 12px;\">${Math.round(totalInvested).toLocaleString()}<\/td>\n            <td style=\"padding: 12px; color:#15264D; font-weight:700;\">${Math.round(currentBalance).toLocaleString()}<\/td>\n        <\/tr>`;\n    }\n\n    \/\/ \u986f\u793a\u7d50\u679c\u5340\u57df\n    document.getElementById('simpleResultBox').style.display = \"block\";\n    document.getElementById('simpleResult').innerText = Math.round(currentBalance).toLocaleString();\n    \n    \/\/ \u986f\u793a\u8868\u683c\u5340\u57df\n    document.getElementById('simpleTableBody').innerHTML = tableHtml;\n    document.getElementById('simpleTableContainer').style.display = \"block\";\n}\n<\/script>\t\t\t\t<\/div>\n\t\t\t\t<div class=\"elementor-element elementor-element-a3a12a9 elementor-widget elementor-widget-html translation-block\" data-id=\"a3a12a9\" data-element_type=\"widget\" data-widget_type=\"html.default\"><span>\n<h2><strong>\ud83d\udca1 \u0110\u1ea7u t\u01b0 h\u00e0ng th\u00e1ng: S\u1ee9c m\u1ea1nh s\u1ef1 ki\u00ean tr\u00ec<\/strong><\/h2>\nB\u1eaft \u0111\u1ea7u nh\u1ecf, t\u00e1i \u0111\u1ea7u t\u01b0 l\u00e3i v\u00e0 \u0111\u1ec3 l\u00e3i k\u00e9p gi\u00fap t\u00e0i s\u1ea3n t\u0103ng tr\u01b0\u1edfng v\u01b0\u1ee3t tr\u1ed9i theo th\u1eddi gian.<br><br>\n    \n<strong>\u25cf C\u00e1ch t\u00ednh:<\/strong><br>\n\n<code style=\"background:#EDF2F7;padding:2px 6px;border-radius:4px\">Gi\u00e1 tr\u1ecb = Ti\u1ec1n g\u1eedi * [((1 + L\u00e3i su\u1ea5t) ^ S\u1ed1 th\u00e1ng - 1) \/ L\u00e3i su\u1ea5t] * (1 + L\u00e3i su\u1ea5t)<\/code><br><br>\n\n<span style=\"font-size:0.9em\">*L\u01b0u \u00fd: Ch\u00eanh l\u1ec7ch gi\u1eefa Gi\u00e1 tr\u1ecb v\u00e0 T\u1ed5ng v\u1ed1n g\u1eedi l\u00e0 l\u1ee3i nhu\u1eadn t\u1eeb l\u00e3i k\u00e9p.<\/span>\n<\/span><\/div>\n\t\t\t\t<div class=\"elementor-element elementor-element-1b67111 elementor-widget-divider--view-line elementor-widget elementor-widget-divider\" data-id=\"1b67111\" data-element_type=\"widget\" data-widget_type=\"divider.default\">\n\t\t\t\t\t\t\t<div class=\"elementor-divider\">\n\t\t\t<span class=\"elementor-divider-separator\">\n\t\t\t\t\t\t<\/span>\n\t\t<\/div>\n\t\t\t\t\t\t<\/div>\n\t\t\t\t<div class=\"elementor-element elementor-element-5ce66a5 elementor-widget elementor-widget-html translation-block\" data-id=\"5ce66a5\" data-element_type=\"widget\" data-widget_type=\"html.default\"><span>\n<h2><strong>X\u00e1c \u0111\u1ecbnh Qu\u1ef9 T\u1ef1 do c\u1ee7a b\u1ea1n<\/strong><\/h2>\n\u0110\u1ea7u t\u01b0 h\u00e0ng th\u00e1ng l\u00e0 n\u1ec1n t\u1ea3ng c\u1ee7a b\u1ea1n. Qu\u1ef9 n\u00e0y s\u1ebd h\u1ed7 tr\u1ee3 ng\u00e2n s\u00e1ch h\u00e0ng th\u00e1ng c\u1ee7a b\u1ea1n nh\u01b0 th\u1ebf n\u00e0o sau khi ngh\u1ec9 h\u01b0u?\n<\/span><\/div>\n\t\t\t\t<div class=\"elementor-element elementor-element-acb929c elementor-icon-list--layout-inline elementor-list-item-link-inline elementor-widget elementor-widget-icon-list\" data-id=\"acb929c\" data-element_type=\"widget\" data-widget_type=\"icon-list.default\">\n\t\t\t\t\t\t\t<ul class=\"elementor-icon-list-items elementor-inline-items\">\n\t\t\t\t\t\t\t<li class=\"elementor-icon-list-item elementor-inline-item\">\n\t\t\t\t\t\t\t\t\t\t\t<a href=\"https:\/\/mister.forex\/vi\/retire-early-plan\/\">\n\n\t\t\t\t\t\t\t\t\t\t\t\t<span class=\"elementor-icon-list-icon\">\n\t\t\t\t\t\t\t<svg aria-hidden=\"true\" class=\"e-font-icon-svg e-far-check-circle\" viewbox=\"0 0 512 512\" xmlns=\"http:\/\/www.w3.org\/2000\/svg\"><path d=\"M256 8C119.033 8 8 119.033 8 256s111.033 248 248 248 248-111.033 248-248S392.967 8 256 8zm0 48c110.532 0 200 89.451 200 200 0 110.532-89.451 200-200 200-110.532 0-200-89.451-200-200 0-110.532 89.451-200 200-200m140.204 130.267l-22.536-22.718c-4.667-4.705-12.265-4.736-16.97-.068L215.346 303.697l-59.792-60.277c-4.667-4.705-12.265-4.736-16.97-.069l-22.719 22.536c-4.705 4.667-4.736 12.265-.068 16.971l90.781 91.516c4.667 4.705 12.265 4.736 16.97.068l172.589-171.204c4.704-4.668 4.734-12.266.067-16.971z\"><\/path><\/svg>\t\t\t\t\t\t<\/span>\n\t\t\t\t\t\t\t\t\t\t<span class=\"elementor-icon-list-text\">L\u00ean k\u1ebf ho\u1ea1ch l\u1ed1i s\u1ed1ng h\u01b0u tr\u00ed<\/span>\n\t\t\t\t\t\t\t\t\t\t\t<\/a>\n\t\t\t\t\t\t\t\t\t<\/li>\n\t\t\t\t\t\t<\/ul>\n\t\t\t\t\t\t<\/div>\n\t\t\t\t<div class=\"elementor-element elementor-element-3a26b86 elementor-widget elementor-widget-html translation-block\" data-id=\"3a26b86\" data-element_type=\"widget\" data-widget_type=\"html.default\"><span>\n<h2><strong>\u0110\u1ea1t \u0111\u01b0\u1ee3c m\u1ee5c ti\u00eau nhanh h\u01a1n? H\u00e3y th\u1eed \"\u0110\u1ea7u t\u01b0 m\u1ed9t c\u1ee5c + H\u00e0ng th\u00e1ng\"<\/strong><\/h2>\nK\u1ebft h\u1ee3p s\u1ed1 ti\u1ec1n ban \u0111\u1ea7u v\u1edbi c\u00e1c kho\u1ea3n \u0111\u1ea7u t\u01b0 h\u00e0ng th\u00e1ng \u0111\u1ecbnh k\u1ef3 \u0111\u1ec3 t\u1ed1i \u0111a h\u00f3a vi\u1ec7c t\u00edch l\u0169y t\u00e0i s\u1ea3n.\n<\/span><\/div>\n\t\t\t\t<div class=\"elementor-element elementor-element-2e4624c elementor-icon-list--layout-inline elementor-list-item-link-inline elementor-widget elementor-widget-icon-list\" data-id=\"2e4624c\" data-element_type=\"widget\" data-widget_type=\"icon-list.default\">\n\t\t\t\t\t\t\t<ul class=\"elementor-icon-list-items elementor-inline-items\">\n\t\t\t\t\t\t\t<li class=\"elementor-icon-list-item elementor-inline-item\">\n\t\t\t\t\t\t\t\t\t\t\t<a href=\"https:\/\/mister.forex\/vi\/compound-interest-accelerator\/\">\n\n\t\t\t\t\t\t\t\t\t\t\t\t<span class=\"elementor-icon-list-icon\">\n\t\t\t\t\t\t\t<svg aria-hidden=\"true\" class=\"e-font-icon-svg e-far-check-circle\" viewbox=\"0 0 512 512\" xmlns=\"http:\/\/www.w3.org\/2000\/svg\"><path d=\"M256 8C119.033 8 8 119.033 8 256s111.033 248 248 248 248-111.033 248-248S392.967 8 256 8zm0 48c110.532 0 200 89.451 200 200 0 110.532-89.451 200-200 200-110.532 0-200-89.451-200-200 0-110.532 89.451-200 200-200m140.204 130.267l-22.536-22.718c-4.667-4.705-12.265-4.736-16.97-.068L215.346 303.697l-59.792-60.277c-4.667-4.705-12.265-4.736-16.97-.069l-22.719 22.536c-4.705 4.667-4.736 12.265-.068 16.971l90.781 91.516c4.667 4.705 12.265 4.736 16.97.068l172.589-171.204c4.704-4.668 4.734-12.266.067-16.971z\"><\/path><\/svg>\t\t\t\t\t\t<\/span>\n\t\t\t\t\t\t\t\t\t\t<span class=\"elementor-icon-list-text\">Chuy\u1ec3n sang ch\u1ebf \u0111\u1ed9 T\u0103ng t\u1ed1c L\u00e3i k\u00e9p<\/span>\n\t\t\t\t\t\t\t\t\t\t\t<\/a>\n\t\t\t\t\t\t\t\t\t<\/li>\n\t\t\t\t\t\t<\/ul>\n\t\t\t\t\t\t<\/div>\n\t\t\t\t\t<\/div>\n\t\t\t\t<\/div>\n\t\t\t\t<\/div>","protected":false},"excerpt":{"rendered":"<p>S\u1ed1 ti\u1ec1n nh\u1ecf, k\u1ebft qu\u1ea3 l\u1edbn. X\u00e2y d\u1ef1ng s\u1ef1 gi\u00e0u c\u00f3 th\u00f4ng qua \u0111\u1ea7u t\u01b0 h\u00e0ng th\u00e1ng v\u00e0 l\u00e3i su\u1ea5t k\u00e9p. T\u00ednh to\u00e1n ti\u1ec1m n\u0103ng t\u00e0i s\u1ea3n c\u1ee7a b\u1ea1n ngay b\u00e2y gi\u1edd.<\/p>","protected":false},"author":1,"featured_media":33201,"parent":0,"menu_order":0,"comment_status":"closed","ping_status":"closed","template":"","meta":{"footnotes":""},"tags":[128],"class_list":["post-71696","page","type-page","status-publish","has-post-thumbnail","hentry","tag-no-google"],"_links":{"self":[{"href":"https:\/\/mister.forex\/vi\/wp-json\/wp\/v2\/pages\/71696","targetHints":{"allow":["GET"]}}],"collection":[{"href":"https:\/\/mister.forex\/vi\/wp-json\/wp\/v2\/pages"}],"about":[{"href":"https:\/\/mister.forex\/vi\/wp-json\/wp\/v2\/types\/page"}],"author":[{"embeddable":true,"href":"https:\/\/mister.forex\/vi\/wp-json\/wp\/v2\/users\/1"}],"replies":[{"embeddable":true,"href":"https:\/\/mister.forex\/vi\/wp-json\/wp\/v2\/comments?post=71696"}],"version-history":[{"count":46,"href":"https:\/\/mister.forex\/vi\/wp-json\/wp\/v2\/pages\/71696\/revisions"}],"predecessor-version":[{"id":72319,"href":"https:\/\/mister.forex\/vi\/wp-json\/wp\/v2\/pages\/71696\/revisions\/72319"}],"wp:featuredmedia":[{"embeddable":true,"href":"https:\/\/mister.forex\/vi\/wp-json\/wp\/v2\/media\/33201"}],"wp:attachment":[{"href":"https:\/\/mister.forex\/vi\/wp-json\/wp\/v2\/media?parent=71696"}],"wp:term":[{"taxonomy":"post_tag","embeddable":true,"href":"https:\/\/mister.forex\/vi\/wp-json\/wp\/v2\/tags?post=71696"}],"curies":[{"name":"wp","href":"https:\/\/api.w.org\/{rel}","templated":true}]}}