{"id":71730,"date":"2026-05-12T23:36:58","date_gmt":"2026-05-12T15:36:58","guid":{"rendered":"https:\/\/mister.forex\/?page_id=71730"},"modified":"2026-05-12T23:37:27","modified_gmt":"2026-05-12T15:37:27","slug":"latte-factor","status":"publish","type":"page","link":"https:\/\/mister.forex\/vi\/latte-factor\/","title":{"rendered":"Nh\u00e2n t\u1ed1 Latte: Li\u1ec7u ti\u1ebft ki\u1ec7m nh\u1ecf c\u00f3 th\u1ec3 t\u1ea1o n\u00ean h\u00e0ng tri\u1ec7u \u0111\u00f4?"},"content":{"rendered":"<div data-elementor-type=\"wp-page\" data-elementor-id=\"71730\" class=\"elementor elementor-71730\" data-elementor-post-type=\"page\">\n\t\t\t\t<div class=\"elementor-element elementor-element-a126d0d e-flex e-con-boxed e-con e-parent\" data-id=\"a126d0d\" data-element_type=\"container\">\n\t\t\t\t\t<div class=\"e-con-inner\">\n\t\t\t\t<div class=\"elementor-element elementor-element-dbb9311 elementor-widget elementor-widget-heading\" data-id=\"dbb9311\" data-element_type=\"widget\" data-widget_type=\"heading.default\">\n\t\t\t\t\t<h1 class=\"elementor-heading-title elementor-size-default\">S\u1ee9c m\u1ea1nh c\u1ee7a th\u00f3i quen: Nh\u00e2n t\u1ed1 Latte &amp; T\u0103ng tr\u01b0\u1edfng k\u00e9p<\/h1>\t\t\t\t<\/div>\n\t\t\t\t<div class=\"elementor-element elementor-element-0c6e98b elementor-widget elementor-widget-html translation-block\" data-id=\"0c6e98b\" data-element_type=\"widget\" data-widget_type=\"html.default\"><span>\n<strong>\u0110\u1ea7u t\u01b0 kh\u00f4ng ph\u1ea3i l\u00e0 c\u00e2u chuy\u1ec7n v\u1ec1 \"v\u1ed1n\" \u2014 m\u00e0 l\u00e0 v\u1ec1 \"th\u00f3i quen\".<\/strong><br><br>\n\nVi\u1ec7c chuy\u1ec3n h\u01b0\u1edbng c\u00e1c kho\u1ea3n chi ti\u00eau nh\u1ecf h\u00e0ng ng\u00e0y v\u00e0o \u0111\u00fang t\u00e0i s\u1ea3n c\u00f3 th\u1ec3 vi\u1ebft l\u1ea1i t\u01b0\u01a1ng lai t\u00e0i ch\u00ednh c\u1ee7a b\u1ea1n th\u00f4ng qua th\u1eddi gian v\u00e0 l\u00e3i su\u1ea5t k\u00e9p.\n<\/span><\/div>\n\t\t\t\t<div class=\"elementor-element elementor-element-82eefb0 elementor-widget elementor-widget-template\" data-id=\"82eefb0\" data-element_type=\"widget\" data-widget_type=\"template.default\">\n\t\t\t\t<div class=\"elementor-widget-container\">\n\t\t\t\t\t\t\t<div class=\"elementor-template\">\n\t\t\t\t\t<div data-elementor-type=\"container\" data-elementor-id=\"71597\" class=\"elementor elementor-71597\" data-elementor-post-type=\"elementor_library\">\n\t\t\t\t<div class=\"elementor-element elementor-element-90d7cbe e-con-full e-grid e-con e-child\" data-id=\"90d7cbe\" data-element_type=\"container\" data-settings=\"{&quot;background_background&quot;:&quot;classic&quot;}\">\n\t\t<div class=\"elementor-element elementor-element-1d03f7b3 e-con-full e-flex e-con e-child\" data-id=\"1d03f7b3\" data-element_type=\"container\">\n\t\t\t\t<div class=\"elementor-element elementor-element-4d291e57 elementor-widget elementor-widget-heading\" data-id=\"4d291e57\" data-element_type=\"widget\" data-widget_type=\"heading.default\">\n\t\t\t\t\t<span class=\"elementor-heading-title elementor-size-default\">Ti\u1ec1n g\u1eedi c\u00f3 k\u1ef3 h\u1ea1n<\/span>\t\t\t\t<\/div>\n\t\t\t\t<div class=\"elementor-element elementor-element-446eb41c elementor-widget elementor-widget-heading\" data-id=\"446eb41c\" data-element_type=\"widget\" data-widget_type=\"heading.default\">\n\t\t\t\t\t<span class=\"elementor-heading-title elementor-size-default\">1.5% - 1.8%<\/span>\t\t\t\t<\/div>\n\t\t\t\t<\/div>\n\t\t<div class=\"elementor-element elementor-element-755e67fa e-con-full e-flex e-con e-child\" data-id=\"755e67fa\" data-element_type=\"container\">\n\t\t\t\t<div class=\"elementor-element elementor-element-87015db elementor-widget elementor-widget-heading\" data-id=\"87015db\" data-element_type=\"widget\" data-widget_type=\"heading.default\">\n\t\t\t\t\t<span class=\"elementor-heading-title elementor-size-default\">Ch\u1ec9 s\u1ed1 to\u00e0n c\u1ea7u<\/span>\t\t\t\t<\/div>\n\t\t\t\t<div class=\"elementor-element elementor-element-4227a4d9 elementor-widget elementor-widget-heading\" data-id=\"4227a4d9\" data-element_type=\"widget\" data-widget_type=\"heading.default\">\n\t\t\t\t\t<span class=\"elementor-heading-title elementor-size-default\">8% - 10%<\/span>\t\t\t\t<\/div>\n\t\t\t\t<\/div>\n\t\t<div class=\"elementor-element elementor-element-364a9bd3 e-con-full e-flex e-con e-child\" data-id=\"364a9bd3\" data-element_type=\"container\">\n\t\t\t\t<div class=\"elementor-element elementor-element-4036bb7e elementor-widget elementor-widget-heading\" data-id=\"4036bb7e\" data-element_type=\"widget\" data-widget_type=\"heading.default\">\n\t\t\t\t\t<span class=\"elementor-heading-title elementor-size-default\">Chi\u1ebfn l\u01b0\u1ee3c Mr.Forex<\/span>\t\t\t\t<\/div>\n\t\t\t\t<div class=\"elementor-element elementor-element-18e9964a elementor-widget elementor-widget-heading\" data-id=\"18e9964a\" data-element_type=\"widget\" data-widget_type=\"heading.default\">\n\t\t\t\t\t<span class=\"elementor-heading-title elementor-size-default\">12% +<\/span>\t\t\t\t<\/div>\n\t\t\t\t<\/div>\n\t\t\t\t<\/div>\n\t\t\t\t<\/div>\n\t\t\t\t<\/div>\n\t\t\t\t\t\t<\/div>\n\t\t\t\t<\/div>\n\t\t\t\t<div class=\"elementor-element elementor-element-318d9f5 elementor-widget elementor-widget-html\" data-id=\"318d9f5\" data-element_type=\"widget\" data-widget_type=\"html.default\">\n\t\t\t\t\t<div class=\"mr-forex-calc\" style=\"max-width:500px; margin:20px auto; padding:35px; background:#FFFFFF; border: 1px solid #E5E9F0; border-radius:20px; font-family: 'Inter', 'PingFang TC', sans-serif; box-shadow: 0 10px 30px rgba(21, 38, 77, 0.08);\">\n    \n    <div style=\"width:50px; height:4px; background:#FAB42C; margin-bottom:20px; border-radius:2px;\"><\/div>\n    \n    <h3 style=\"color:#15264D; margin:0 0 25px 0; font-size:1.2em; font-weight:700; letter-spacing:-0.5px;\">Hi\u1ec7u \u1ee9ng Latte<\/h3>\n\n    <div style=\"margin-bottom:20px;\">\n        <label style=\"display:block; margin-bottom:8px; font-size:0.9em; color:#666666; font-weight:500;\">Chi ti\u00eau v\u1eb7t h\u00e0ng ng\u00e0y<\/label>\n        <input type=\"number\" id=\"latteD\" value=\"20\" min=\"0\" step=\"10\" lang=\"en\" translate=\"no\" class=\"notranslate\" style=\"width:100%; padding:12px 15px; border:2px solid #F0F2F5; border-radius:8px; color:#15264D; font-size:1.1em; outline:none; transition:all 0.3s;\" onfocus=\"this.style.borderColor='#FAB42C'\" onblur=\"this.style.borderColor='#F0F2F5'\">\n    <\/div>\n\n    <div style=\"margin-bottom:25px;\">\n        <label style=\"display:block; margin-bottom:8px; font-size:0.9em; color:#666666; font-weight:500;\">L\u1ee3i nhu\u1eadn k\u1ef3 v\u1ecdng (%)<\/label>\n        <input type=\"number\" id=\"latteR\" value=\"12\" min=\"0\" step=\"0.5\" lang=\"en\" translate=\"no\" class=\"notranslate\" style=\"width:100%; padding:12px 15px; border:2px solid #F0F2F5; border-radius:8px; color:#15264D; font-size:1.1em; outline:none;\" onfocus=\"this.style.borderColor='#FAB42C'\" onblur=\"this.style.borderColor='#F0F2F5'\">\n    <\/div>\n\n    <button onclick=\"calcLatte()\" style=\"background:#15264D; color:#FFFFFF; border:none; padding:15px; width:100%; border-radius:8px; cursor:pointer; font-weight:700; font-size:1.1em; transition: 0.3s; box-shadow: 0 4px 12px rgba(21, 38, 77, 0.2);\" onmouseover=\"this.style.background='#FAB42C'; this.style.color='#15264D'\" onmouseout=\"this.style.background='#15264D'; this.style.color='#FFFFFF'\">\n        T\u00ednh to\u00e1n m\u1ee9c t\u0103ng tr\u01b0\u1edfng\n    <\/button>\n    \n    <div id=\"latteResultBox\" style=\"margin-top:25px; display:none; background:#F8FAFC; border-radius:12px; padding:20px; text-align:center;\">\n        <p style=\"color:#666666; font-size:0.9em; margin:0 0 5px 0;\">T\u1ed5ng c\u1ed9ng sau 20 n\u0103m<\/p>\n        <div id=\"latteResult\" translate=\"no\" class=\"notranslate\" style=\"font-size:1.8em; color:#15264D; font-weight:700;\"><\/div>\n    <\/div>\n<\/div>\n\n<script>\nfunction calcLatte(){\n    \/\/ \u5f37\u5236\u78ba\u4fdd\u6578\u503c\u4e0d\u5c0f\u65bc 0\n    const D = Math.max(0, parseFloat(document.getElementById('latteD').value));\n    const r_input = Math.max(0, parseFloat(document.getElementById('latteR').value));\n    \n    if(isNaN(D) || isNaN(r_input)) return;\n\n    const M = D * 30; \/\/ \u6bcf\u6708\u7701\u4e0b\u7684\u9322\n    const r_monthly = (r_input \/ 100) \/ 12;\n    const n = 20 * 12; \/\/ \u56fa\u5b9a\u8a66\u7b97 20 \u5e74\n\n    let FV = 0;\n    if (r_monthly > 0) {\n        \/\/ \u5e74\u91d1\u7d42\u503c\u516c\u5f0f\n        FV = M * ((Math.pow(1 + r_monthly, n) - 1) \/ r_monthly) * (1 + r_monthly);\n    } else {\n        \/\/ \u5831\u916c\u7387\u70ba 0 \u6642\u7684\u7d14\u672c\u91d1\u7d2f\u8a08\n        FV = M * n;\n    }\n\n    \/\/ \u66f4\u65b0\u986f\u793a\uff0c\u9396\u5b9a\u70ba 'en-US' \u683c\u5f0f\n    document.getElementById('latteResultBox').style.display = \"block\";\n    document.getElementById('latteResult').innerText = Math.round(FV).toLocaleString('en-US');\n}\n<\/script>\t\t\t\t<\/div>\n\t\t\t\t<div class=\"elementor-element elementor-element-11006b8 elementor-hidden-desktop elementor-hidden-tablet elementor-hidden-mobile elementor-widget elementor-widget-html\" data-id=\"11006b8\" data-element_type=\"widget\" data-widget_type=\"html.default\">\n\t\t\t\t\t<div class=\"mr-forex-calc\" style=\"max-width:500px; margin:20px auto; padding:35px; background:#FFFFFF; border: 1px solid #E5E9F0; border-radius:20px; font-family: 'Inter', 'PingFang TC', sans-serif; box-shadow: 0 10px 30px rgba(21, 38, 77, 0.08);\">\n    \n    <div style=\"width:50px; height:4px; background:#FAB42C; margin-bottom:20px; border-radius:2px;\"><\/div>\n    \n    <h3 style=\"color:#15264D; margin:0 0 25px 0; font-size:1.2em; font-weight:700; letter-spacing:-0.5px;\">Hi\u1ec7u \u1ee9ng Latte<\/h3>\n\n    <div style=\"margin-bottom:20px;\">\n        <label style=\"display:block; margin-bottom:8px; font-size:0.9em; color:#666666; font-weight:500;\">Chi ti\u00eau v\u1eb7t h\u00e0ng ng\u00e0y<\/label>\n        <input type=\"number\" id=\"latteD\" value=\"20\" min=\"0\" step=\"10\" style=\"width:100%; padding:12px 15px; border:2px solid #F0F2F5; border-radius:8px; color:#15264D; font-size:1.1em; outline:none; transition:all 0.3s;\" onfocus=\"this.style.borderColor='#FAB42C'\" onblur=\"this.style.borderColor='#F0F2F5'\">\n    <\/div>\n\n    <div style=\"margin-bottom:25px;\">\n        <label style=\"display:block; margin-bottom:8px; font-size:0.9em; color:#666666; font-weight:500;\">L\u1ee3i nhu\u1eadn k\u1ef3 v\u1ecdng (%)<\/label>\n        <input type=\"number\" id=\"latteR\" value=\"12\" min=\"0\" step=\"0.5\" style=\"width:100%; padding:12px 15px; border:2px solid #F0F2F5; border-radius:8px; color:#15264D; font-size:1.1em; outline:none;\" onfocus=\"this.style.borderColor='#FAB42C'\" onblur=\"this.style.borderColor='#F0F2F5'\">\n    <\/div>\n\n    <button onclick=\"calcLatte()\" style=\"background:#15264D; color:#FFFFFF; border:none; padding:15px; width:100%; border-radius:8px; cursor:pointer; font-weight:700; font-size:1.1em; transition: 0.3s; box-shadow: 0 4px 12px rgba(21, 38, 77, 0.2);\" onmouseover=\"this.style.background='#FAB42C'; this.style.color='#15264D'\" onmouseout=\"this.style.background='#15264D'; this.style.color='#FFFFFF'\">\n        T\u00ednh to\u00e1n m\u1ee9c t\u0103ng tr\u01b0\u1edfng\n    <\/button>\n    \n    <div id=\"latteResultBox\" style=\"margin-top:25px; display:none; background:#F8FAFC; border-radius:12px; padding:20px; text-align:center;\">\n        <p style=\"color:#666666; font-size:0.9em; margin:0 0 5px 0;\">T\u1ed5ng c\u1ed9ng sau 20 n\u0103m<\/p>\n        <div id=\"latteResult\" style=\"font-size:1.8em; color:#15264D; font-weight:700;\"><\/div>\n    <\/div>\n<\/div>\n\n<script>\nfunction calcLatte(){\n    \/\/ \u5f37\u5236\u78ba\u4fdd\u6578\u503c\u4e0d\u5c0f\u65bc 0\n    const D = Math.max(0, parseFloat(document.getElementById('latteD').value));\n    const r_input = Math.max(0, parseFloat(document.getElementById('latteR').value));\n    \n    if(isNaN(D) || isNaN(r_input)) return;\n\n    const M = D * 30; \/\/ \u6bcf\u6708\u7701\u4e0b\u7684\u9322\n    const r_monthly = (r_input \/ 100) \/ 12;\n    const n = 20 * 12; \/\/ \u56fa\u5b9a\u8a66\u7b97 20 \u5e74\n\n    let FV = 0;\n    if (r_monthly > 0) {\n        \/\/ \u5e74\u91d1\u7d42\u503c\u516c\u5f0f\n        FV = M * ((Math.pow(1 + r_monthly, n) - 1) \/ r_monthly) * (1 + r_monthly);\n    } else {\n        \/\/ \u5831\u916c\u7387\u70ba 0 \u6642\u7684\u7d14\u672c\u91d1\u7d2f\u8a08\n        FV = M * n;\n    }\n\n    \/\/ \u66f4\u65b0\u986f\u793a\n    document.getElementById('latteResultBox').style.display = \"block\";\n    document.getElementById('latteResult').innerText = Math.round(FV).toLocaleString();\n}\n<\/script>\t\t\t\t<\/div>\n\t\t\t\t<div class=\"elementor-element elementor-element-7a1caba elementor-widget elementor-widget-html translation-block\" data-id=\"7a1caba\" data-element_type=\"widget\" data-widget_type=\"html.default\"><span>\n<h2><strong>\ud83d\udca1 Nh\u00e2n t\u1ed1 Latte: Li\u1ec7u ti\u1ec1n l\u1ebb c\u00f3 th\u1ec3 x\u00e2y d\u1ef1ng s\u1ef1 gi\u00e0u c\u00f3?<\/strong><\/h2>\nC\u00e1c chi ph\u00ed nh\u1ecf nh\u01b0 c\u00e0 ph\u00ea h\u00e0ng ng\u00e0y, khi \u0111\u01b0\u1ee3c \u0111em \u0111i \u0111\u1ea7u t\u01b0, s\u1ebd tr\u1edf th\u00e0nh qu\u1ef9 cho \u01b0\u1edbc m\u01a1 c\u1ee7a b\u1ea1n theo th\u1eddi gian.<br><br>\n\n<strong>\u25cf C\u00e1ch t\u00ednh:<\/strong><br>\n<code style=\"background:#EDF2F7;padding:2px 6px;border-radius:4px\">K\u1ebft qu\u1ea3 = (Chi ph\u00ed h\u00e0ng ng\u00e0y * 30) * H\u1ec7 s\u1ed1 t\u0103ng tr\u01b0\u1edfng k\u00e9p<\/code><br><br>\n\n<span style=\"font-size:0.9em;color:#718096\">* L\u01b0u \u00fd: S\u1ef1 ki\u00ean tr\u00ec chi\u1ebfn th\u1eafng s\u1ed1 v\u1ed1n ban \u0111\u1ea7u. Khi ti\u1ec1n l\u1ebb b\u01b0\u1edbc v\u00e0o l\u1ed9 tr\u00ecnh c\u1ee7a l\u00e3i su\u1ea5t k\u00e9p, s\u1ef1 t\u0103ng tr\u01b0\u1edfng s\u1ebd c\u1ef1c k\u1ef3 b\u00f9ng n\u1ed5.<\/span>\n<\/span><\/div>\n\t\t\t\t<div class=\"elementor-element elementor-element-408d3c3 elementor-widget-divider--view-line elementor-widget elementor-widget-divider\" data-id=\"408d3c3\" data-element_type=\"widget\" data-widget_type=\"divider.default\">\n\t\t\t\t\t\t\t<div class=\"elementor-divider\">\n\t\t\t<span class=\"elementor-divider-separator\">\n\t\t\t\t\t\t<\/span>\n\t\t<\/div>\n\t\t\t\t\t\t<\/div>\n\t\t\t\t<div class=\"elementor-element elementor-element-d54b2f4 elementor-widget elementor-widget-html translation-block\" data-id=\"d54b2f4\" data-element_type=\"widget\" data-widget_type=\"html.default\"><span>\n<h2><strong>H\u00e3y \u0111\u1ec3 m\u1ed7i \u0111\u1ed3ng ti\u1ec1n l\u00e0m vi\u1ec7c cho b\u1ea1n.<\/strong><\/h2>\nTi\u1ebft ki\u1ec7m vi m\u00f4 c\u1ea7n s\u1ef1 ki\u00ean tr\u00ec; chi\u1ebfn l\u01b0\u1ee3c \u0111\u1ecbnh l\u01b0\u1ee3ng c\u1ee7a <strong>Mr.Forex<\/strong> t\u1eadp trung v\u00e0o hi\u1ec7u qu\u1ea3.<br><br>\n\nH\u00e3y b\u1eaft \u0111\u1ea7u t\u1eeb vi\u1ec7c nh\u1ecf, \u0111\u1ec3 h\u1ec7 th\u1ed1ng v\u1eadn h\u00e0nh v\u00e0 bi\u1ebfn ti\u1ec1n l\u1ebb c\u1ee7a b\u1ea1n th\u00e0nh qu\u1ef9 \u01b0\u1edbc m\u01a1.\n<\/span><\/div>\n\t\t\t\t<div class=\"elementor-element elementor-element-8263a56 elementor-icon-list--layout-inline elementor-list-item-link-inline elementor-widget elementor-widget-icon-list\" data-id=\"8263a56\" data-element_type=\"widget\" data-widget_type=\"icon-list.default\">\n\t\t\t\t\t\t\t<ul class=\"elementor-icon-list-items elementor-inline-items\">\n\t\t\t\t\t\t\t<li class=\"elementor-icon-list-item elementor-inline-item\">\n\t\t\t\t\t\t\t\t\t\t\t<a href=\"https:\/\/mister.forex\/vi\/algorithmic-trading-systems\/\">\n\n\t\t\t\t\t\t\t\t\t\t\t\t<span class=\"elementor-icon-list-icon\">\n\t\t\t\t\t\t\t<svg aria-hidden=\"true\" class=\"e-font-icon-svg e-far-check-circle\" viewbox=\"0 0 512 512\" xmlns=\"http:\/\/www.w3.org\/2000\/svg\"><path d=\"M256 8C119.033 8 8 119.033 8 256s111.033 248 248 248 248-111.033 248-248S392.967 8 256 8zm0 48c110.532 0 200 89.451 200 200 0 110.532-89.451 200-200 200-110.532 0-200-89.451-200-200 0-110.532 89.451-200 200-200m140.204 130.267l-22.536-22.718c-4.667-4.705-12.265-4.736-16.97-.068L215.346 303.697l-59.792-60.277c-4.667-4.705-12.265-4.736-16.97-.069l-22.719 22.536c-4.705 4.667-4.736 12.265-.068 16.971l90.781 91.516c4.667 4.705 12.265 4.736 16.97.068l172.589-171.204c4.704-4.668 4.734-12.266.067-16.971z\"><\/path><\/svg>\t\t\t\t\t\t<\/span>\n\t\t\t\t\t\t\t\t\t\t<span class=\"elementor-icon-list-text\">K\u1ebf ho\u1ea1ch ph\u00e2n b\u1ed5 \u0111\u1ecbnh l\u01b0\u1ee3ng (Li\u00ean h\u1ec7 h\u1ed7 tr\u1ee3 cho c\u00e1c g\u00f3i v\u1ed1n nh\u1ecf)<\/span>\n\t\t\t\t\t\t\t\t\t\t\t<\/a>\n\t\t\t\t\t\t\t\t\t<\/li>\n\t\t\t\t\t\t<\/ul>\n\t\t\t\t\t\t<\/div>\n\t\t\t\t\t<\/div>\n\t\t\t\t<\/div>\n\t\t\t\t<\/div>","protected":false},"excerpt":{"rendered":"<p>M\u1ed9t ly c\u00e0 ph\u00ea m\u1ed7i ng\u00e0y s\u1ebd t\u0103ng tr\u01b0\u1edfng th\u1ebf n\u00e0o nh\u1edd l\u00e3i su\u1ea5t k\u00e9p? Xem c\u00e1ch nh\u1eefng th\u00f3i quen nh\u1ecf t\u1ea1o n\u00ean kh\u1ed1i t\u00e0i s\u1ea3n kh\u1ed5ng l\u1ed3.<\/p>","protected":false},"author":1,"featured_media":33201,"parent":0,"menu_order":0,"comment_status":"closed","ping_status":"closed","template":"","meta":{"footnotes":""},"tags":[128],"class_list":["post-71730","page","type-page","status-publish","has-post-thumbnail","hentry","tag-no-google"],"_links":{"self":[{"href":"https:\/\/mister.forex\/vi\/wp-json\/wp\/v2\/pages\/71730","targetHints":{"allow":["GET"]}}],"collection":[{"href":"https:\/\/mister.forex\/vi\/wp-json\/wp\/v2\/pages"}],"about":[{"href":"https:\/\/mister.forex\/vi\/wp-json\/wp\/v2\/types\/page"}],"author":[{"embeddable":true,"href":"https:\/\/mister.forex\/vi\/wp-json\/wp\/v2\/users\/1"}],"replies":[{"embeddable":true,"href":"https:\/\/mister.forex\/vi\/wp-json\/wp\/v2\/comments?post=71730"}],"version-history":[{"count":61,"href":"https:\/\/mister.forex\/vi\/wp-json\/wp\/v2\/pages\/71730\/revisions"}],"predecessor-version":[{"id":72328,"href":"https:\/\/mister.forex\/vi\/wp-json\/wp\/v2\/pages\/71730\/revisions\/72328"}],"wp:featuredmedia":[{"embeddable":true,"href":"https:\/\/mister.forex\/vi\/wp-json\/wp\/v2\/media\/33201"}],"wp:attachment":[{"href":"https:\/\/mister.forex\/vi\/wp-json\/wp\/v2\/media?parent=71730"}],"wp:term":[{"taxonomy":"post_tag","embeddable":true,"href":"https:\/\/mister.forex\/vi\/wp-json\/wp\/v2\/tags?post=71730"}],"curies":[{"name":"wp","href":"https:\/\/api.w.org\/{rel}","templated":true}]}}